{"id":4633,"date":"2022-02-03T19:13:38","date_gmt":"2022-02-03T19:13:38","guid":{"rendered":"https:\/\/www.danby.com\/fr\/product\/dar044a4w-cor1\/"},"modified":"2026-04-16T10:06:36","modified_gmt":"2026-04-16T10:06:36","slug":"dar044a4w-cor1","status":"publish","type":"product","link":"https:\/\/www.danby.com\/fr\/products\/refrigeration-compact\/dar044a4w-cor1\/","title":{"rendered":"R\u00e9frig\u00e9rateur compact de 4,4 pi3 de Danby"},"content":{"rendered":"","protected":false},"excerpt":{"rendered":"<ul>\n<li>Capacit\u00e9 de 4,4 pi3. (124 L) capacit\u00e9 tout r\u00e9frig\u00e9rateur compact<\/li>\n<li>Fabriqu\u00e9 \u00e0 l&#8217;aide du processus de peinture exclusif de Danby<\/li>\n<li>Conforme \u00e0 la norme Energy Star\u00ae<\/li>\n<li>R\u00e9frig\u00e9rant R600a \u00e9cologique<\/li>\n<li>D\u00e9givrage automatique<\/li>\n<li>2 tablettes m\u00e9talliques r\u00e9glables sur toute la largeur et 1 &#8211; 1\/2 largeur<\/li>\n<li>Tablettes de porte int\u00e9gr\u00e9es avec rangement pour bouteilles hautes<\/li>\n<li>CanStor\u00ae 1\/2 largeur r\u00e9glables<\/li>\n<li>Tablettes de porte int\u00e9gr\u00e9es avec rangement pour grandes bouteilles<\/li>\n<li>Syst\u00e8me de distribution de boissons CanStor\u00ae<\/li>\n<li>Thermostat m\u00e9canique<\/li>\n<li>Lumi\u00e8re int\u00e9rieure<\/li>\n<li>Poign\u00e9e de porte int\u00e9gr\u00e9e<\/li>\n<li>Charni\u00e8re de porte r\u00e9versible<\/li>\n<li>Dossier lisse<\/li>\n<\/ul>\n","protected":false},"featured_media":8658,"comment_status":"closed","ping_status":"open","template":"","meta":{"_acf_changed":false},"product_brand":[],"product_cat":[22],"product_tag":[],"class_list":{"0":"post-4633","1":"product","2":"type-product","3":"status-publish","4":"has-post-thumbnail","6":"product_cat-refrigeration-compact","8":"first","9":"outofstock","10":"taxable","11":"shipping-taxable","12":"product-type-simple"},"acf":[],"yoast_head":"<!-- This site is optimized with the Yoast SEO plugin v26.7 - https:\/\/yoast.com\/wordpress\/plugins\/seo\/ -->\n<title>R\u00e9frig\u00e9rateur compact de 4,4 pi3 de Danby - DAR044A4W-COR1 | Danby Canada<\/title>\n<meta name=\"description\" content=\"Impressionner vos amis est facile avec ce r\u00e9frig\u00e9rateur compact \u00e9dition limit\u00e9e Coors Light de Danby Appliances. Fabriqu\u00e9 \u00e0 l&#039;aide de la technologie de peinture exclusive de Danby qui promet de ne jamais s&#039;\u00e9cailler, peler ou se d\u00e9colorer, assurant un fini frais et durable, comme le jour o\u00f9 vous l&#039;avez achet\u00e9. Ce r\u00e9frig\u00e9rateur compact est la solution id\u00e9ale pour les petits logements, les bars, les chalets et les dortoirs d&#039;\u00e9tudiants. Il est parfait pour garder vos aliments et boissons pr\u00e9f\u00e9r\u00e9s au frais et rafra\u00eechissants. Cet appareil tout r\u00e9frig\u00e9rateur peut offrir une capacit\u00e9 de refroidissement de 4,4 pi3 (124 L) et est dot\u00e9 d&#039;une cote Energy-Star qui vous aidera \u00e0 r\u00e9duire vos factures d&#039;\u00e9lectricit\u00e9 au minimum. Il offre une poign\u00e9e de porte int\u00e9gr\u00e9e chic ainsi qu&#039;un syst\u00e8me de d\u00e9givrage automatique. Ce r\u00e9frig\u00e9rateur offre une garantie de 18 mois sur les pi\u00e8ces et la main-d&#039;\u0153uvre et un service \u00e0 domicile.\" \/>\n<meta name=\"robots\" content=\"index, follow, max-snippet:-1, max-image-preview:large, max-video-preview:-1\" \/>\n<link rel=\"canonical\" href=\"https:\/\/www.danby.com\/fr\/products\/refrigeration-compact\/dar044a4w-cor1\/\" \/>\n<meta property=\"og:locale\" content=\"fr_CA\" \/>\n<meta property=\"og:type\" content=\"article\" \/>\n<meta property=\"og:title\" content=\"R\u00e9frig\u00e9rateur compact de 4,4 pi3 de Danby - DAR044A4W-COR1 | Danby Canada\" \/>\n<meta property=\"og:description\" content=\"Impressionner vos amis est facile avec ce r\u00e9frig\u00e9rateur compact \u00e9dition limit\u00e9e Coors Light de Danby Appliances. Fabriqu\u00e9 \u00e0 l&#039;aide de la technologie de peinture exclusive de Danby qui promet de ne jamais s&#039;\u00e9cailler, peler ou se d\u00e9colorer, assurant un fini frais et durable, comme le jour o\u00f9 vous l&#039;avez achet\u00e9. Ce r\u00e9frig\u00e9rateur compact est la solution id\u00e9ale pour les petits logements, les bars, les chalets et les dortoirs d&#039;\u00e9tudiants. Il est parfait pour garder vos aliments et boissons pr\u00e9f\u00e9r\u00e9s au frais et rafra\u00eechissants. Cet appareil tout r\u00e9frig\u00e9rateur peut offrir une capacit\u00e9 de refroidissement de 4,4 pi3 (124 L) et est dot\u00e9 d&#039;une cote Energy-Star qui vous aidera \u00e0 r\u00e9duire vos factures d&#039;\u00e9lectricit\u00e9 au minimum. Il offre une poign\u00e9e de porte int\u00e9gr\u00e9e chic ainsi qu&#039;un syst\u00e8me de d\u00e9givrage automatique. Ce r\u00e9frig\u00e9rateur offre une garantie de 18 mois sur les pi\u00e8ces et la main-d&#039;\u0153uvre et un service \u00e0 domicile.\" \/>\n<meta property=\"og:url\" content=\"https:\/\/www.danby.com\/fr\/products\/refrigeration-compact\/dar044a4w-cor1\/\" \/>\n<meta property=\"og:site_name\" content=\"Danby - Canada - French\" \/>\n<meta property=\"article:publisher\" content=\"https:\/\/www.facebook.com\/DanbyAppliances\" \/>\n<meta property=\"article:modified_time\" content=\"2026-04-16T10:06:36+00:00\" \/>\n<meta property=\"og:image\" content=\"https:\/\/cdnweb.danby.com\/wp-content\/uploads\/sites\/2\/2022\/02\/08210113\/DAR044A4W-COR1_right_1.jpg\" \/>\n\t<meta property=\"og:image:width\" content=\"1433\" \/>\n\t<meta property=\"og:image:height\" content=\"2048\" \/>\n\t<meta property=\"og:image:type\" content=\"image\/jpeg\" \/>\n<meta name=\"twitter:card\" content=\"summary_large_image\" \/>\n<meta name=\"twitter:site\" content=\"@DanbyAppliance\" \/>\n<script type=\"application\/ld+json\" class=\"yoast-schema-graph\">{\"@context\":\"https:\/\/schema.org\",\"@graph\":[{\"@type\":[\"WebPage\",\"ItemPage\"],\"url\":\"https:\/\/www.danby.com\/fr\/products\/refrigeration-compact\/dar044a4w-cor1\/\",\"name\":\"R\u00e9frig\u00e9rateur compact de 4,4 pi3 de Danby - DAR044A4W-COR1 | Danby Canada\",\"isPartOf\":[],\"primaryImageOfPage\":[],\"image\":[],\"thumbnailUrl\":\"https:\/\/cdnweb.danby.com\/wp-content\/uploads\/sites\/2\/2022\/02\/08210113\/DAR044A4W-COR1_right_1.jpg\",\"datePublished\":\"2022-02-03T19:13:38+00:00\",\"dateModified\":\"2026-04-16T10:06:36+00:00\",\"description\":\"Impressionner vos amis est facile avec ce r\u00e9frig\u00e9rateur compact \u00e9dition limit\u00e9e Coors Light de Danby Appliances. Fabriqu\u00e9 \u00e0 l'aide de la technologie de peinture exclusive de Danby qui promet de ne jamais s'\u00e9cailler, peler ou se d\u00e9colorer, assurant un fini frais et durable, comme le jour o\u00f9 vous l'avez achet\u00e9. Ce r\u00e9frig\u00e9rateur compact est la solution id\u00e9ale pour les petits logements, les bars, les chalets et les dortoirs d'\u00e9tudiants. Il est parfait pour garder vos aliments et boissons pr\u00e9f\u00e9r\u00e9s au frais et rafra\u00eechissants. Cet appareil tout r\u00e9frig\u00e9rateur peut offrir une capacit\u00e9 de refroidissement de 4,4 pi3 (124 L) et est dot\u00e9 d'une cote Energy-Star qui vous aidera \u00e0 r\u00e9duire vos factures d'\u00e9lectricit\u00e9 au minimum. Il offre une poign\u00e9e de porte int\u00e9gr\u00e9e chic ainsi qu'un syst\u00e8me de d\u00e9givrage automatique. Ce r\u00e9frig\u00e9rateur offre une garantie de 18 mois sur les pi\u00e8ces et la main-d'\u0153uvre et un service \u00e0 domicile.\",\"breadcrumb\":[],\"inLanguage\":\"fr-CA\",\"potentialAction\":[{\"@type\":\"ReadAction\",\"target\":[\"https:\/\/www.danby.com\/fr\/products\/refrigeration-compact\/dar044a4w-cor1\/\"]}]},{\"@type\":\"ImageObject\",\"inLanguage\":\"fr-CA\",\"url\":\"https:\/\/cdnweb.danby.com\/wp-content\/uploads\/sites\/2\/2022\/02\/08210113\/DAR044A4W-COR1_right_1.jpg\",\"contentUrl\":\"https:\/\/cdnweb.danby.com\/wp-content\/uploads\/sites\/2\/2022\/02\/08210113\/DAR044A4W-COR1_right_1.jpg\",\"width\":1433,\"height\":2048},{\"@type\":\"BreadcrumbList\",\"itemListElement\":[{\"@type\":\"ListItem\",\"position\":1,\"name\":\"Home\",\"item\":\"https:\/\/www.danby.com\/fr\/\"},{\"@type\":\"ListItem\",\"position\":2,\"name\":\"Boutique\",\"item\":\"https:\/\/www.danby.com\/fr\/boutique\/\"},{\"@type\":\"ListItem\",\"position\":3,\"name\":\"R\u00e9frig\u00e9rateur compact de 4,4 pi3 de Danby\"}]},{\"@type\":\"WebSite\",\"url\":\"https:\/\/www.danby.com\/fr\/\",\"name\":\"Danby - Canada - French\",\"description\":\"Leader dans le domaine de la r\u00e9frig\u00e9ration et des appareils sp\u00e9cialis\u00e9s\",\"publisher\":[],\"potentialAction\":[{\"@type\":\"SearchAction\",\"target\":{\"@type\":\"EntryPoint\",\"urlTemplate\":\"https:\/\/www.danby.com\/fr\/?s={search_term_string}\"},\"query-input\":{\"@type\":\"PropertyValueSpecification\",\"valueRequired\":true,\"valueName\":\"search_term_string\"}}],\"inLanguage\":\"fr-CA\"},{\"@type\":\"Organization\",\"name\":\"Danby Appliances\",\"url\":\"https:\/\/www.danby.com\/fr\/\",\"logo\":{\"@type\":\"ImageObject\",\"inLanguage\":\"fr-CA\",\"url\":\"https:\/\/cdnweb.danby.com\/wp-content\/uploads\/sites\/2\/2022\/02\/10141906\/Danby75Ans_Blue.png\",\"contentUrl\":\"https:\/\/cdnweb.danby.com\/wp-content\/uploads\/sites\/2\/2022\/02\/10141906\/Danby75Ans_Blue.png\",\"width\":470,\"height\":110,\"caption\":\"Danby Appliances\"},\"image\":[],\"sameAs\":[\"https:\/\/www.facebook.com\/DanbyAppliances\",\"https:\/\/x.com\/DanbyAppliance\",\"https:\/\/instagram.com\/danbyappliances\/\",\"https:\/\/www.linkedin.com\/company\/danbyappliances\",\"https:\/\/www.pinterest.ca\/danbyappliances\/\",\"https:\/\/www.youtube.com\/user\/DanbyProducts\",\"https:\/\/en.wikipedia.org\/wiki\/Danby_(appliances)\"]}]}<\/script>\n<!-- \/ Yoast SEO plugin. -->","yoast_head_json":{"title":"R\u00e9frig\u00e9rateur compact de 4,4 pi3 de Danby - DAR044A4W-COR1 | Danby Canada","description":"Impressionner vos amis est facile avec ce r\u00e9frig\u00e9rateur compact \u00e9dition limit\u00e9e Coors Light de Danby Appliances. Fabriqu\u00e9 \u00e0 l'aide de la technologie de peinture exclusive de Danby qui promet de ne jamais s'\u00e9cailler, peler ou se d\u00e9colorer, assurant un fini frais et durable, comme le jour o\u00f9 vous l'avez achet\u00e9. Ce r\u00e9frig\u00e9rateur compact est la solution id\u00e9ale pour les petits logements, les bars, les chalets et les dortoirs d'\u00e9tudiants. Il est parfait pour garder vos aliments et boissons pr\u00e9f\u00e9r\u00e9s au frais et rafra\u00eechissants. Cet appareil tout r\u00e9frig\u00e9rateur peut offrir une capacit\u00e9 de refroidissement de 4,4 pi3 (124 L) et est dot\u00e9 d'une cote Energy-Star qui vous aidera \u00e0 r\u00e9duire vos factures d'\u00e9lectricit\u00e9 au minimum. Il offre une poign\u00e9e de porte int\u00e9gr\u00e9e chic ainsi qu'un syst\u00e8me de d\u00e9givrage automatique. Ce r\u00e9frig\u00e9rateur offre une garantie de 18 mois sur les pi\u00e8ces et la main-d'\u0153uvre et un service \u00e0 domicile.","robots":{"index":"index","follow":"follow","max-snippet":"max-snippet:-1","max-image-preview":"max-image-preview:large","max-video-preview":"max-video-preview:-1"},"canonical":"https:\/\/www.danby.com\/fr\/products\/refrigeration-compact\/dar044a4w-cor1\/","og_locale":"fr_CA","og_type":"article","og_title":"R\u00e9frig\u00e9rateur compact de 4,4 pi3 de Danby - DAR044A4W-COR1 | Danby Canada","og_description":"Impressionner vos amis est facile avec ce r\u00e9frig\u00e9rateur compact \u00e9dition limit\u00e9e Coors Light de Danby Appliances. Fabriqu\u00e9 \u00e0 l'aide de la technologie de peinture exclusive de Danby qui promet de ne jamais s'\u00e9cailler, peler ou se d\u00e9colorer, assurant un fini frais et durable, comme le jour o\u00f9 vous l'avez achet\u00e9. Ce r\u00e9frig\u00e9rateur compact est la solution id\u00e9ale pour les petits logements, les bars, les chalets et les dortoirs d'\u00e9tudiants. Il est parfait pour garder vos aliments et boissons pr\u00e9f\u00e9r\u00e9s au frais et rafra\u00eechissants. Cet appareil tout r\u00e9frig\u00e9rateur peut offrir une capacit\u00e9 de refroidissement de 4,4 pi3 (124 L) et est dot\u00e9 d'une cote Energy-Star qui vous aidera \u00e0 r\u00e9duire vos factures d'\u00e9lectricit\u00e9 au minimum. Il offre une poign\u00e9e de porte int\u00e9gr\u00e9e chic ainsi qu'un syst\u00e8me de d\u00e9givrage automatique. Ce r\u00e9frig\u00e9rateur offre une garantie de 18 mois sur les pi\u00e8ces et la main-d'\u0153uvre et un service \u00e0 domicile.","og_url":"https:\/\/www.danby.com\/fr\/products\/refrigeration-compact\/dar044a4w-cor1\/","og_site_name":"Danby - Canada - French","article_publisher":"https:\/\/www.facebook.com\/DanbyAppliances","article_modified_time":"2026-04-16T10:06:36+00:00","og_image":[{"width":1433,"height":2048,"url":"https:\/\/cdnweb.danby.com\/wp-content\/uploads\/sites\/2\/2022\/02\/08210113\/DAR044A4W-COR1_right_1.jpg","type":"image\/jpeg"}],"twitter_card":"summary_large_image","twitter_site":"@DanbyAppliance","schema":{"@context":"https:\/\/schema.org","@graph":[{"@type":["WebPage","ItemPage"],"url":"https:\/\/www.danby.com\/fr\/products\/refrigeration-compact\/dar044a4w-cor1\/","name":"R\u00e9frig\u00e9rateur compact de 4,4 pi3 de Danby - DAR044A4W-COR1 | Danby Canada","isPartOf":[],"primaryImageOfPage":[],"image":[],"thumbnailUrl":"https:\/\/cdnweb.danby.com\/wp-content\/uploads\/sites\/2\/2022\/02\/08210113\/DAR044A4W-COR1_right_1.jpg","datePublished":"2022-02-03T19:13:38+00:00","dateModified":"2026-04-16T10:06:36+00:00","description":"Impressionner vos amis est facile avec ce r\u00e9frig\u00e9rateur compact \u00e9dition limit\u00e9e Coors Light de Danby Appliances. Fabriqu\u00e9 \u00e0 l'aide de la technologie de peinture exclusive de Danby qui promet de ne jamais s'\u00e9cailler, peler ou se d\u00e9colorer, assurant un fini frais et durable, comme le jour o\u00f9 vous l'avez achet\u00e9. Ce r\u00e9frig\u00e9rateur compact est la solution id\u00e9ale pour les petits logements, les bars, les chalets et les dortoirs d'\u00e9tudiants. Il est parfait pour garder vos aliments et boissons pr\u00e9f\u00e9r\u00e9s au frais et rafra\u00eechissants. Cet appareil tout r\u00e9frig\u00e9rateur peut offrir une capacit\u00e9 de refroidissement de 4,4 pi3 (124 L) et est dot\u00e9 d'une cote Energy-Star qui vous aidera \u00e0 r\u00e9duire vos factures d'\u00e9lectricit\u00e9 au minimum. Il offre une poign\u00e9e de porte int\u00e9gr\u00e9e chic ainsi qu'un syst\u00e8me de d\u00e9givrage automatique. Ce r\u00e9frig\u00e9rateur offre une garantie de 18 mois sur les pi\u00e8ces et la main-d'\u0153uvre et un service \u00e0 domicile.","breadcrumb":[],"inLanguage":"fr-CA","potentialAction":[{"@type":"ReadAction","target":["https:\/\/www.danby.com\/fr\/products\/refrigeration-compact\/dar044a4w-cor1\/"]}]},{"@type":"ImageObject","inLanguage":"fr-CA","url":"https:\/\/cdnweb.danby.com\/wp-content\/uploads\/sites\/2\/2022\/02\/08210113\/DAR044A4W-COR1_right_1.jpg","contentUrl":"https:\/\/cdnweb.danby.com\/wp-content\/uploads\/sites\/2\/2022\/02\/08210113\/DAR044A4W-COR1_right_1.jpg","width":1433,"height":2048},{"@type":"BreadcrumbList","itemListElement":[{"@type":"ListItem","position":1,"name":"Home","item":"https:\/\/www.danby.com\/fr\/"},{"@type":"ListItem","position":2,"name":"Boutique","item":"https:\/\/www.danby.com\/fr\/boutique\/"},{"@type":"ListItem","position":3,"name":"R\u00e9frig\u00e9rateur compact de 4,4 pi3 de Danby"}]},{"@type":"WebSite","url":"https:\/\/www.danby.com\/fr\/","name":"Danby - Canada - French","description":"Leader dans le domaine de la r\u00e9frig\u00e9ration et des appareils sp\u00e9cialis\u00e9s","publisher":[],"potentialAction":[{"@type":"SearchAction","target":{"@type":"EntryPoint","urlTemplate":"https:\/\/www.danby.com\/fr\/?s={search_term_string}"},"query-input":{"@type":"PropertyValueSpecification","valueRequired":true,"valueName":"search_term_string"}}],"inLanguage":"fr-CA"},{"@type":"Organization","name":"Danby Appliances","url":"https:\/\/www.danby.com\/fr\/","logo":{"@type":"ImageObject","inLanguage":"fr-CA","url":"https:\/\/cdnweb.danby.com\/wp-content\/uploads\/sites\/2\/2022\/02\/10141906\/Danby75Ans_Blue.png","contentUrl":"https:\/\/cdnweb.danby.com\/wp-content\/uploads\/sites\/2\/2022\/02\/10141906\/Danby75Ans_Blue.png","width":470,"height":110,"caption":"Danby Appliances"},"image":[],"sameAs":["https:\/\/www.facebook.com\/DanbyAppliances","https:\/\/x.com\/DanbyAppliance","https:\/\/instagram.com\/danbyappliances\/","https:\/\/www.linkedin.com\/company\/danbyappliances","https:\/\/www.pinterest.ca\/danbyappliances\/","https:\/\/www.youtube.com\/user\/DanbyProducts","https:\/\/en.wikipedia.org\/wiki\/Danby_(appliances)"]}]}},"post_mailing_queue_ids":[],"_links":{"self":[{"href":"https:\/\/www.danby.com\/fr\/wp-json\/wp\/v2\/product\/4633","targetHints":{"allow":["GET"]}}],"collection":[{"href":"https:\/\/www.danby.com\/fr\/wp-json\/wp\/v2\/product"}],"about":[{"href":"https:\/\/www.danby.com\/fr\/wp-json\/wp\/v2\/types\/product"}],"replies":[{"embeddable":true,"href":"https:\/\/www.danby.com\/fr\/wp-json\/wp\/v2\/comments?post=4633"}],"wp:featuredmedia":[{"embeddable":true,"href":"https:\/\/www.danby.com\/fr\/wp-json\/wp\/v2\/media\/8658"}],"wp:attachment":[{"href":"https:\/\/www.danby.com\/fr\/wp-json\/wp\/v2\/media?parent=4633"}],"wp:term":[{"taxonomy":"product_brand","embeddable":true,"href":"https:\/\/www.danby.com\/fr\/wp-json\/wp\/v2\/product_brand?post=4633"},{"taxonomy":"product_cat","embeddable":true,"href":"https:\/\/www.danby.com\/fr\/wp-json\/wp\/v2\/product_cat?post=4633"},{"taxonomy":"product_tag","embeddable":true,"href":"https:\/\/www.danby.com\/fr\/wp-json\/wp\/v2\/product_tag?post=4633"}],"curies":[{"name":"wp","href":"https:\/\/api.w.org\/{rel}","templated":true}]}}