{"id":4631,"date":"2022-02-03T19:13:23","date_gmt":"2022-02-03T19:13:23","guid":{"rendered":"https:\/\/www.danby.com\/fr\/product\/dar044a4bsldd-6\/"},"modified":"2026-04-05T10:04:46","modified_gmt":"2026-04-05T10:04:46","slug":"dar044a4bsldd-6","status":"publish","type":"product","link":"https:\/\/www.danby.com\/fr\/products\/refrigeration-compact\/dar044a4bsldd-6\/","title":{"rendered":"Danby 4,4 cu. R\u00e9frig\u00e9rateur compact de 5,5 pi3 en acier inoxydable"},"content":{"rendered":"","protected":false},"excerpt":{"rendered":"<ul>\n<li>R\u00e9frig\u00e9rateur compact avec capacit\u00e9 de 4<\/li>\n<li>4 pi3 (124 L)<\/li>\n<li>Conforme aux normes Energy Star\u00ae<\/li>\n<li>R\u00e9frig\u00e9rant \u00e9cologique R600a<\/li>\n<li>Finition de porte en acier anti-taches &#8211; identique \u00e0 l&#8217;acier inoxydable r\u00e9el mais sans traces de doigts<\/li>\n<li>Syst\u00e8me de d\u00e9givrage automatique<\/li>\n<li>2 \u00e9tag\u00e8res en verre tremp\u00e9 plein largeur et 1 &#8211; 1\/2 \u00e9tag\u00e8re en verre tremp\u00e9 demi-largeur pour un maximum de polyvalence de rangement<\/li>\n<li>Rayonnages de porte int\u00e9gr\u00e9s avec rangement pour de grandes bouteilles<\/li>\n<li>Syst\u00e8me de distribution de boissons CanStor\u00ae\n<\/li>\n<li>Bac \u00e0 l\u00e9gumes avec couvercle<\/li>\n<li>Thermostat m\u00e9canique<\/li>\n<li>Surface de travail r\u00e9sistante aux rayures\n<\/li>\n<\/ul>\n","protected":false},"featured_media":22758,"comment_status":"closed","ping_status":"open","template":"","meta":{"_acf_changed":false},"product_brand":[],"product_cat":[22],"product_tag":[],"class_list":{"0":"post-4631","1":"product","2":"type-product","3":"status-publish","4":"has-post-thumbnail","6":"product_cat-refrigeration-compact","7":"pa_capacite-pi3-4-4","8":"pa_couleur-stainless-steel","9":"pa_duree-de-la-garantie-en-mois-1170","11":"first","12":"outofstock","13":"taxable","14":"shipping-taxable","15":"product-type-simple"},"acf":[],"yoast_head":"<!-- This site is optimized with the Yoast SEO plugin v26.7 - https:\/\/yoast.com\/wordpress\/plugins\/seo\/ -->\n<title>Danby 4,4 cu. R\u00e9frig\u00e9rateur compact de 5,5 pi3 en acier inoxydable - DAR044A4BSLDD-6 | Danby Canada<\/title>\n<meta name=\"description\" content=\"Plus besoin de courir jusqu&#039;\u00e0 la cuisine ! Profitez des boissons r\u00e9frig\u00e9r\u00e9es lorsque vous en avez le plus besoin gr\u00e2ce \u00e0 notre r\u00e9frig\u00e9rateur compact Danby Designer\u00ae conforme aux normes Energy Star\u00ae. B\u00e9n\u00e9ficiant d&#039;une impressionnante capacit\u00e9 de 4,4 pi3 (124 L), ce mod\u00e8le de la hauteur d\u2019un comptoir est un compl\u00e9ment efficace pour votre r\u00e9frig\u00e9rateur familial. Cet appareil comprend aussi le distributeur de boissons Canstor\u00ae, des charni\u00e8res de porte r\u00e9versibles et de l\u2019\u00e9clairage int\u00e9rieur.\" \/>\n<meta name=\"robots\" content=\"index, follow, max-snippet:-1, max-image-preview:large, max-video-preview:-1\" \/>\n<link rel=\"canonical\" href=\"https:\/\/www.danby.com\/fr\/products\/refrigeration-compact\/dar044a4bsldd-6\/\" \/>\n<meta property=\"og:locale\" content=\"fr_CA\" \/>\n<meta property=\"og:type\" content=\"article\" \/>\n<meta property=\"og:title\" content=\"Danby 4,4 cu. R\u00e9frig\u00e9rateur compact de 5,5 pi3 en acier inoxydable - DAR044A4BSLDD-6 | Danby Canada\" \/>\n<meta property=\"og:description\" content=\"Plus besoin de courir jusqu&#039;\u00e0 la cuisine ! Profitez des boissons r\u00e9frig\u00e9r\u00e9es lorsque vous en avez le plus besoin gr\u00e2ce \u00e0 notre r\u00e9frig\u00e9rateur compact Danby Designer\u00ae conforme aux normes Energy Star\u00ae. B\u00e9n\u00e9ficiant d&#039;une impressionnante capacit\u00e9 de 4,4 pi3 (124 L), ce mod\u00e8le de la hauteur d\u2019un comptoir est un compl\u00e9ment efficace pour votre r\u00e9frig\u00e9rateur familial. Cet appareil comprend aussi le distributeur de boissons Canstor\u00ae, des charni\u00e8res de porte r\u00e9versibles et de l\u2019\u00e9clairage int\u00e9rieur.\" \/>\n<meta property=\"og:url\" content=\"https:\/\/www.danby.com\/fr\/products\/refrigeration-compact\/dar044a4bsldd-6\/\" \/>\n<meta property=\"og:site_name\" content=\"Danby - Canada - French\" \/>\n<meta property=\"article:publisher\" content=\"https:\/\/www.facebook.com\/DanbyAppliances\" \/>\n<meta property=\"article:modified_time\" content=\"2026-04-05T10:04:46+00:00\" \/>\n<meta property=\"og:image\" content=\"https:\/\/cdnweb.danby.com\/wp-content\/uploads\/sites\/2\/2023\/05\/30132740\/DAR044A4BSLDD-6_FrontWeb.jpg\" \/>\n\t<meta property=\"og:image:width\" content=\"1500\" \/>\n\t<meta property=\"og:image:height\" content=\"2000\" \/>\n\t<meta property=\"og:image:type\" content=\"image\/jpeg\" \/>\n<meta name=\"twitter:card\" content=\"summary_large_image\" \/>\n<meta name=\"twitter:site\" content=\"@DanbyAppliance\" \/>\n<script type=\"application\/ld+json\" class=\"yoast-schema-graph\">{\"@context\":\"https:\/\/schema.org\",\"@graph\":[{\"@type\":[\"WebPage\",\"ItemPage\"],\"url\":\"https:\/\/www.danby.com\/fr\/products\/refrigeration-compact\/dar044a4bsldd-6\/\",\"name\":\"Danby 4,4 cu. R\u00e9frig\u00e9rateur compact de 5,5 pi3 en acier inoxydable - DAR044A4BSLDD-6 | Danby Canada\",\"isPartOf\":[],\"primaryImageOfPage\":[],\"image\":[],\"thumbnailUrl\":\"https:\/\/cdnweb.danby.com\/wp-content\/uploads\/sites\/2\/2023\/05\/30132740\/DAR044A4BSLDD-6_FrontWeb.jpg\",\"datePublished\":\"2022-02-03T19:13:23+00:00\",\"dateModified\":\"2026-04-05T10:04:46+00:00\",\"description\":\"Plus besoin de courir jusqu'\u00e0 la cuisine ! Profitez des boissons r\u00e9frig\u00e9r\u00e9es lorsque vous en avez le plus besoin gr\u00e2ce \u00e0 notre r\u00e9frig\u00e9rateur compact Danby Designer\u00ae conforme aux normes Energy Star\u00ae. B\u00e9n\u00e9ficiant d'une impressionnante capacit\u00e9 de 4,4 pi3 (124 L), ce mod\u00e8le de la hauteur d\u2019un comptoir est un compl\u00e9ment efficace pour votre r\u00e9frig\u00e9rateur familial. Cet appareil comprend aussi le distributeur de boissons Canstor\u00ae, des charni\u00e8res de porte r\u00e9versibles et de l\u2019\u00e9clairage int\u00e9rieur.\",\"breadcrumb\":[],\"inLanguage\":\"fr-CA\",\"potentialAction\":[{\"@type\":\"ReadAction\",\"target\":[\"https:\/\/www.danby.com\/fr\/products\/refrigeration-compact\/dar044a4bsldd-6\/\"]}]},{\"@type\":\"ImageObject\",\"inLanguage\":\"fr-CA\",\"url\":\"https:\/\/cdnweb.danby.com\/wp-content\/uploads\/sites\/2\/2023\/05\/30132740\/DAR044A4BSLDD-6_FrontWeb.jpg\",\"contentUrl\":\"https:\/\/cdnweb.danby.com\/wp-content\/uploads\/sites\/2\/2023\/05\/30132740\/DAR044A4BSLDD-6_FrontWeb.jpg\",\"width\":1500,\"height\":2000},{\"@type\":\"BreadcrumbList\",\"itemListElement\":[{\"@type\":\"ListItem\",\"position\":1,\"name\":\"Home\",\"item\":\"https:\/\/www.danby.com\/fr\/\"},{\"@type\":\"ListItem\",\"position\":2,\"name\":\"Boutique\",\"item\":\"https:\/\/www.danby.com\/fr\/boutique\/\"},{\"@type\":\"ListItem\",\"position\":3,\"name\":\"Danby 4,4 cu. R\u00e9frig\u00e9rateur compact de 5,5 pi3 en acier inoxydable\"}]},{\"@type\":\"WebSite\",\"url\":\"https:\/\/www.danby.com\/fr\/\",\"name\":\"Danby - Canada - French\",\"description\":\"Leader dans le domaine de la r\u00e9frig\u00e9ration et des appareils sp\u00e9cialis\u00e9s\",\"publisher\":[],\"potentialAction\":[{\"@type\":\"SearchAction\",\"target\":{\"@type\":\"EntryPoint\",\"urlTemplate\":\"https:\/\/www.danby.com\/fr\/?s={search_term_string}\"},\"query-input\":{\"@type\":\"PropertyValueSpecification\",\"valueRequired\":true,\"valueName\":\"search_term_string\"}}],\"inLanguage\":\"fr-CA\"},{\"@type\":\"Organization\",\"name\":\"Danby Appliances\",\"url\":\"https:\/\/www.danby.com\/fr\/\",\"logo\":{\"@type\":\"ImageObject\",\"inLanguage\":\"fr-CA\",\"url\":\"https:\/\/cdnweb.danby.com\/wp-content\/uploads\/sites\/2\/2022\/02\/10141906\/Danby75Ans_Blue.png\",\"contentUrl\":\"https:\/\/cdnweb.danby.com\/wp-content\/uploads\/sites\/2\/2022\/02\/10141906\/Danby75Ans_Blue.png\",\"width\":470,\"height\":110,\"caption\":\"Danby Appliances\"},\"image\":[],\"sameAs\":[\"https:\/\/www.facebook.com\/DanbyAppliances\",\"https:\/\/x.com\/DanbyAppliance\",\"https:\/\/instagram.com\/danbyappliances\/\",\"https:\/\/www.linkedin.com\/company\/danbyappliances\",\"https:\/\/www.pinterest.ca\/danbyappliances\/\",\"https:\/\/www.youtube.com\/user\/DanbyProducts\",\"https:\/\/en.wikipedia.org\/wiki\/Danby_(appliances)\"]}]}<\/script>\n<!-- \/ Yoast SEO plugin. -->","yoast_head_json":{"title":"Danby 4,4 cu. R\u00e9frig\u00e9rateur compact de 5,5 pi3 en acier inoxydable - DAR044A4BSLDD-6 | Danby Canada","description":"Plus besoin de courir jusqu'\u00e0 la cuisine ! Profitez des boissons r\u00e9frig\u00e9r\u00e9es lorsque vous en avez le plus besoin gr\u00e2ce \u00e0 notre r\u00e9frig\u00e9rateur compact Danby Designer\u00ae conforme aux normes Energy Star\u00ae. B\u00e9n\u00e9ficiant d'une impressionnante capacit\u00e9 de 4,4 pi3 (124 L), ce mod\u00e8le de la hauteur d\u2019un comptoir est un compl\u00e9ment efficace pour votre r\u00e9frig\u00e9rateur familial. Cet appareil comprend aussi le distributeur de boissons Canstor\u00ae, des charni\u00e8res de porte r\u00e9versibles et de l\u2019\u00e9clairage int\u00e9rieur.","robots":{"index":"index","follow":"follow","max-snippet":"max-snippet:-1","max-image-preview":"max-image-preview:large","max-video-preview":"max-video-preview:-1"},"canonical":"https:\/\/www.danby.com\/fr\/products\/refrigeration-compact\/dar044a4bsldd-6\/","og_locale":"fr_CA","og_type":"article","og_title":"Danby 4,4 cu. R\u00e9frig\u00e9rateur compact de 5,5 pi3 en acier inoxydable - DAR044A4BSLDD-6 | Danby Canada","og_description":"Plus besoin de courir jusqu'\u00e0 la cuisine ! Profitez des boissons r\u00e9frig\u00e9r\u00e9es lorsque vous en avez le plus besoin gr\u00e2ce \u00e0 notre r\u00e9frig\u00e9rateur compact Danby Designer\u00ae conforme aux normes Energy Star\u00ae. B\u00e9n\u00e9ficiant d'une impressionnante capacit\u00e9 de 4,4 pi3 (124 L), ce mod\u00e8le de la hauteur d\u2019un comptoir est un compl\u00e9ment efficace pour votre r\u00e9frig\u00e9rateur familial. Cet appareil comprend aussi le distributeur de boissons Canstor\u00ae, des charni\u00e8res de porte r\u00e9versibles et de l\u2019\u00e9clairage int\u00e9rieur.","og_url":"https:\/\/www.danby.com\/fr\/products\/refrigeration-compact\/dar044a4bsldd-6\/","og_site_name":"Danby - Canada - French","article_publisher":"https:\/\/www.facebook.com\/DanbyAppliances","article_modified_time":"2026-04-05T10:04:46+00:00","og_image":[{"width":1500,"height":2000,"url":"https:\/\/cdnweb.danby.com\/wp-content\/uploads\/sites\/2\/2023\/05\/30132740\/DAR044A4BSLDD-6_FrontWeb.jpg","type":"image\/jpeg"}],"twitter_card":"summary_large_image","twitter_site":"@DanbyAppliance","schema":{"@context":"https:\/\/schema.org","@graph":[{"@type":["WebPage","ItemPage"],"url":"https:\/\/www.danby.com\/fr\/products\/refrigeration-compact\/dar044a4bsldd-6\/","name":"Danby 4,4 cu. R\u00e9frig\u00e9rateur compact de 5,5 pi3 en acier inoxydable - DAR044A4BSLDD-6 | Danby Canada","isPartOf":[],"primaryImageOfPage":[],"image":[],"thumbnailUrl":"https:\/\/cdnweb.danby.com\/wp-content\/uploads\/sites\/2\/2023\/05\/30132740\/DAR044A4BSLDD-6_FrontWeb.jpg","datePublished":"2022-02-03T19:13:23+00:00","dateModified":"2026-04-05T10:04:46+00:00","description":"Plus besoin de courir jusqu'\u00e0 la cuisine ! Profitez des boissons r\u00e9frig\u00e9r\u00e9es lorsque vous en avez le plus besoin gr\u00e2ce \u00e0 notre r\u00e9frig\u00e9rateur compact Danby Designer\u00ae conforme aux normes Energy Star\u00ae. B\u00e9n\u00e9ficiant d'une impressionnante capacit\u00e9 de 4,4 pi3 (124 L), ce mod\u00e8le de la hauteur d\u2019un comptoir est un compl\u00e9ment efficace pour votre r\u00e9frig\u00e9rateur familial. Cet appareil comprend aussi le distributeur de boissons Canstor\u00ae, des charni\u00e8res de porte r\u00e9versibles et de l\u2019\u00e9clairage int\u00e9rieur.","breadcrumb":[],"inLanguage":"fr-CA","potentialAction":[{"@type":"ReadAction","target":["https:\/\/www.danby.com\/fr\/products\/refrigeration-compact\/dar044a4bsldd-6\/"]}]},{"@type":"ImageObject","inLanguage":"fr-CA","url":"https:\/\/cdnweb.danby.com\/wp-content\/uploads\/sites\/2\/2023\/05\/30132740\/DAR044A4BSLDD-6_FrontWeb.jpg","contentUrl":"https:\/\/cdnweb.danby.com\/wp-content\/uploads\/sites\/2\/2023\/05\/30132740\/DAR044A4BSLDD-6_FrontWeb.jpg","width":1500,"height":2000},{"@type":"BreadcrumbList","itemListElement":[{"@type":"ListItem","position":1,"name":"Home","item":"https:\/\/www.danby.com\/fr\/"},{"@type":"ListItem","position":2,"name":"Boutique","item":"https:\/\/www.danby.com\/fr\/boutique\/"},{"@type":"ListItem","position":3,"name":"Danby 4,4 cu. R\u00e9frig\u00e9rateur compact de 5,5 pi3 en acier inoxydable"}]},{"@type":"WebSite","url":"https:\/\/www.danby.com\/fr\/","name":"Danby - Canada - French","description":"Leader dans le domaine de la r\u00e9frig\u00e9ration et des appareils sp\u00e9cialis\u00e9s","publisher":[],"potentialAction":[{"@type":"SearchAction","target":{"@type":"EntryPoint","urlTemplate":"https:\/\/www.danby.com\/fr\/?s={search_term_string}"},"query-input":{"@type":"PropertyValueSpecification","valueRequired":true,"valueName":"search_term_string"}}],"inLanguage":"fr-CA"},{"@type":"Organization","name":"Danby Appliances","url":"https:\/\/www.danby.com\/fr\/","logo":{"@type":"ImageObject","inLanguage":"fr-CA","url":"https:\/\/cdnweb.danby.com\/wp-content\/uploads\/sites\/2\/2022\/02\/10141906\/Danby75Ans_Blue.png","contentUrl":"https:\/\/cdnweb.danby.com\/wp-content\/uploads\/sites\/2\/2022\/02\/10141906\/Danby75Ans_Blue.png","width":470,"height":110,"caption":"Danby Appliances"},"image":[],"sameAs":["https:\/\/www.facebook.com\/DanbyAppliances","https:\/\/x.com\/DanbyAppliance","https:\/\/instagram.com\/danbyappliances\/","https:\/\/www.linkedin.com\/company\/danbyappliances","https:\/\/www.pinterest.ca\/danbyappliances\/","https:\/\/www.youtube.com\/user\/DanbyProducts","https:\/\/en.wikipedia.org\/wiki\/Danby_(appliances)"]}]}},"post_mailing_queue_ids":[],"_links":{"self":[{"href":"https:\/\/www.danby.com\/fr\/wp-json\/wp\/v2\/product\/4631","targetHints":{"allow":["GET"]}}],"collection":[{"href":"https:\/\/www.danby.com\/fr\/wp-json\/wp\/v2\/product"}],"about":[{"href":"https:\/\/www.danby.com\/fr\/wp-json\/wp\/v2\/types\/product"}],"replies":[{"embeddable":true,"href":"https:\/\/www.danby.com\/fr\/wp-json\/wp\/v2\/comments?post=4631"}],"wp:featuredmedia":[{"embeddable":true,"href":"https:\/\/www.danby.com\/fr\/wp-json\/wp\/v2\/media\/22758"}],"wp:attachment":[{"href":"https:\/\/www.danby.com\/fr\/wp-json\/wp\/v2\/media?parent=4631"}],"wp:term":[{"taxonomy":"product_brand","embeddable":true,"href":"https:\/\/www.danby.com\/fr\/wp-json\/wp\/v2\/product_brand?post=4631"},{"taxonomy":"product_cat","embeddable":true,"href":"https:\/\/www.danby.com\/fr\/wp-json\/wp\/v2\/product_cat?post=4631"},{"taxonomy":"product_tag","embeddable":true,"href":"https:\/\/www.danby.com\/fr\/wp-json\/wp\/v2\/product_tag?post=4631"}],"curies":[{"name":"wp","href":"https:\/\/api.w.org\/{rel}","templated":true}]}}