{"id":4628,"date":"2022-02-03T19:13:23","date_gmt":"2022-02-03T19:13:23","guid":{"rendered":"https:\/\/www.danby.com\/fr\/product\/dar044a4bdd-3\/"},"modified":"2026-04-23T09:06:55","modified_gmt":"2026-04-23T09:06:55","slug":"dar044a4bdd-3","status":"publish","type":"product","link":"https:\/\/www.danby.com\/fr\/products\/refrigeration-compact\/dar044a4bdd-3\/","title":{"rendered":"R\u00e9frig\u00e9rateur compact Danby Designer de 4,4 pi3"},"content":{"rendered":"","protected":false},"excerpt":{"rendered":"<ul><\/ul>\n","protected":false},"featured_media":34789,"comment_status":"closed","ping_status":"open","template":"","meta":{"_acf_changed":false},"product_brand":[],"product_cat":[22],"product_tag":[],"class_list":{"0":"post-4628","1":"product","2":"type-product","3":"status-publish","4":"has-post-thumbnail","6":"product_cat-refrigeration-compact","8":"first","9":"outofstock","10":"taxable","11":"shipping-taxable","12":"product-type-simple"},"acf":[],"yoast_head":"<!-- This site is optimized with the Yoast SEO plugin v27.4 - https:\/\/yoast.com\/product\/yoast-seo-wordpress\/ -->\n<title>R\u00e9frig\u00e9rateur compact Danby Designer de 4,4 pi3 - DAR044A4BDD-3 | Danby Canada<\/title>\n<meta name=\"description\" content=\"Oubliez de courir jusqu&#039;\u00e0 la cuisine, profitez de la commodit\u00e9 de boissons fra\u00eeches l\u00e0 o\u00f9 vous en avez le plus besoin gr\u00e2ce \u00e0 notre r\u00e9frig\u00e9rateur compact Danby Designer\u00ae homologu\u00e9 ENERGY STAR\u00ae. Dot\u00e9 d&#039;une capacit\u00e9 g\u00e9n\u00e9reuse de 4,4 pieds cubes (125 L), ce mod\u00e8le de comptoir est un moyen efficace de compl\u00e9ter votre r\u00e9frig\u00e9rateur. Il comprend notre distributeur de boissons Canstor\u00ae, une lumi\u00e8re int\u00e9rieure brillante et une charni\u00e8re de porte r\u00e9versible pour une ouverture \u00e0 gauche ou \u00e0 droite.\" \/>\n<meta name=\"robots\" content=\"index, follow, max-snippet:-1, max-image-preview:large, max-video-preview:-1\" \/>\n<link rel=\"canonical\" href=\"https:\/\/www.danby.com\/fr\/products\/refrigeration-compact\/dar044a4bdd-3\/\" \/>\n<meta property=\"og:locale\" content=\"fr_CA\" \/>\n<meta property=\"og:type\" content=\"article\" \/>\n<meta property=\"og:title\" content=\"R\u00e9frig\u00e9rateur compact Danby Designer de 4,4 pi3 - DAR044A4BDD-3 | Danby Canada\" \/>\n<meta property=\"og:description\" content=\"Oubliez de courir jusqu&#039;\u00e0 la cuisine, profitez de la commodit\u00e9 de boissons fra\u00eeches l\u00e0 o\u00f9 vous en avez le plus besoin gr\u00e2ce \u00e0 notre r\u00e9frig\u00e9rateur compact Danby Designer\u00ae homologu\u00e9 ENERGY STAR\u00ae. Dot\u00e9 d&#039;une capacit\u00e9 g\u00e9n\u00e9reuse de 4,4 pieds cubes (125 L), ce mod\u00e8le de comptoir est un moyen efficace de compl\u00e9ter votre r\u00e9frig\u00e9rateur. Il comprend notre distributeur de boissons Canstor\u00ae, une lumi\u00e8re int\u00e9rieure brillante et une charni\u00e8re de porte r\u00e9versible pour une ouverture \u00e0 gauche ou \u00e0 droite.\" \/>\n<meta property=\"og:url\" content=\"https:\/\/www.danby.com\/fr\/products\/refrigeration-compact\/dar044a4bdd-3\/\" \/>\n<meta property=\"og:site_name\" content=\"Danby - Canada - French\" \/>\n<meta property=\"article:publisher\" content=\"https:\/\/www.facebook.com\/DanbyAppliances\" \/>\n<meta property=\"article:modified_time\" content=\"2026-04-23T09:06:55+00:00\" \/>\n<meta property=\"og:image\" content=\"https:\/\/cdnweb.danby.com\/wp-content\/uploads\/sites\/2\/2022\/02\/08225702\/DAR044A4BDD-3-Featured.jpg\" \/>\n\t<meta property=\"og:image:width\" content=\"606\" \/>\n\t<meta property=\"og:image:height\" content=\"891\" \/>\n\t<meta property=\"og:image:type\" content=\"image\/jpeg\" \/>\n<meta name=\"twitter:card\" content=\"summary_large_image\" \/>\n<meta name=\"twitter:site\" content=\"@DanbyAppliance\" \/>\n<script type=\"application\/ld+json\" class=\"yoast-schema-graph\">{\"@context\":\"https:\\\/\\\/schema.org\",\"@graph\":[{\"@type\":[\"WebPage\",\"ItemPage\"],\"url\":\"https:\\\/\\\/www.danby.com\\\/fr\\\/products\\\/refrigeration-compact\\\/dar044a4bdd-3\\\/\",\"name\":\"R\u00e9frig\u00e9rateur compact Danby Designer de 4,4 pi3 - DAR044A4BDD-3 | Danby Canada\",\"isPartOf\":[],\"primaryImageOfPage\":[],\"image\":[],\"thumbnailUrl\":\"https:\\\/\\\/www.danby.com\\\/fr\\\/wp-content\\\/uploads\\\/sites\\\/2\\\/2025\\\/09\\\/dar044a4bdd-3-thumbnail.jpg\",\"datePublished\":\"2022-02-03T19:13:23+00:00\",\"dateModified\":\"2026-04-23T09:06:55+00:00\",\"description\":\"Oubliez de courir jusqu'\u00e0 la cuisine, profitez de la commodit\u00e9 de boissons fra\u00eeches l\u00e0 o\u00f9 vous en avez le plus besoin gr\u00e2ce \u00e0 notre r\u00e9frig\u00e9rateur compact Danby Designer\u00ae homologu\u00e9 ENERGY STAR\u00ae. Dot\u00e9 d'une capacit\u00e9 g\u00e9n\u00e9reuse de 4,4 pieds cubes (125 L), ce mod\u00e8le de comptoir est un moyen efficace de compl\u00e9ter votre r\u00e9frig\u00e9rateur. Il comprend notre distributeur de boissons Canstor\u00ae, une lumi\u00e8re int\u00e9rieure brillante et une charni\u00e8re de porte r\u00e9versible pour une ouverture \u00e0 gauche ou \u00e0 droite.\",\"breadcrumb\":[],\"inLanguage\":\"fr-CA\",\"potentialAction\":[{\"@type\":\"ReadAction\",\"target\":[\"https:\\\/\\\/www.danby.com\\\/fr\\\/products\\\/refrigeration-compact\\\/dar044a4bdd-3\\\/\"]}]},{\"@type\":\"ImageObject\",\"inLanguage\":\"fr-CA\",\"url\":\"https:\\\/\\\/www.danby.com\\\/fr\\\/wp-content\\\/uploads\\\/sites\\\/2\\\/2025\\\/09\\\/dar044a4bdd-3-thumbnail.jpg\",\"contentUrl\":\"https:\\\/\\\/www.danby.com\\\/fr\\\/wp-content\\\/uploads\\\/sites\\\/2\\\/2025\\\/09\\\/dar044a4bdd-3-thumbnail.jpg\",\"width\":768,\"height\":1024},{\"@type\":\"BreadcrumbList\",\"itemListElement\":[{\"@type\":\"ListItem\",\"position\":1,\"name\":\"Home\",\"item\":\"https:\\\/\\\/www.danby.com\\\/fr\\\/\"},{\"@type\":\"ListItem\",\"position\":2,\"name\":\"Boutique\",\"item\":\"https:\\\/\\\/www.danby.com\\\/fr\\\/boutique\\\/\"},{\"@type\":\"ListItem\",\"position\":3,\"name\":\"R\u00e9frig\u00e9rateur compact Danby Designer de 4,4 pi3\"}]},{\"@type\":\"WebSite\",\"url\":\"https:\\\/\\\/www.danby.com\\\/fr\\\/\",\"name\":\"Danby - Canada - French\",\"description\":\"Leader dans le domaine de la r\u00e9frig\u00e9ration et des appareils sp\u00e9cialis\u00e9s\",\"publisher\":[],\"potentialAction\":[{\"@type\":\"SearchAction\",\"target\":{\"@type\":\"EntryPoint\",\"urlTemplate\":\"https:\\\/\\\/www.danby.com\\\/fr\\\/?s={search_term_string}\"},\"query-input\":{\"@type\":\"PropertyValueSpecification\",\"valueRequired\":true,\"valueName\":\"search_term_string\"}}],\"inLanguage\":\"fr-CA\"},{\"@type\":\"Organization\",\"name\":\"Danby Appliances\",\"url\":\"https:\\\/\\\/www.danby.com\\\/fr\\\/\",\"logo\":{\"@type\":\"ImageObject\",\"inLanguage\":\"fr-CA\",\"url\":\"https:\\\/\\\/cdnweb.danby.com\\\/wp-content\\\/uploads\\\/sites\\\/2\\\/2022\\\/02\\\/10141906\\\/Danby75Ans_Blue.png\",\"contentUrl\":\"https:\\\/\\\/cdnweb.danby.com\\\/wp-content\\\/uploads\\\/sites\\\/2\\\/2022\\\/02\\\/10141906\\\/Danby75Ans_Blue.png\",\"width\":470,\"height\":110,\"caption\":\"Danby Appliances\"},\"image\":[],\"sameAs\":[\"https:\\\/\\\/www.facebook.com\\\/DanbyAppliances\",\"https:\\\/\\\/x.com\\\/DanbyAppliance\",\"https:\\\/\\\/instagram.com\\\/danbyappliances\\\/\",\"https:\\\/\\\/www.linkedin.com\\\/company\\\/danbyappliances\",\"https:\\\/\\\/www.pinterest.ca\\\/danbyappliances\\\/\",\"https:\\\/\\\/www.youtube.com\\\/user\\\/DanbyProducts\",\"https:\\\/\\\/en.wikipedia.org\\\/wiki\\\/Danby_(appliances)\"]}]}<\/script>\n<!-- \/ Yoast SEO plugin. -->","yoast_head_json":{"title":"R\u00e9frig\u00e9rateur compact Danby Designer de 4,4 pi3 - DAR044A4BDD-3 | Danby Canada","description":"Oubliez de courir jusqu'\u00e0 la cuisine, profitez de la commodit\u00e9 de boissons fra\u00eeches l\u00e0 o\u00f9 vous en avez le plus besoin gr\u00e2ce \u00e0 notre r\u00e9frig\u00e9rateur compact Danby Designer\u00ae homologu\u00e9 ENERGY STAR\u00ae. Dot\u00e9 d'une capacit\u00e9 g\u00e9n\u00e9reuse de 4,4 pieds cubes (125 L), ce mod\u00e8le de comptoir est un moyen efficace de compl\u00e9ter votre r\u00e9frig\u00e9rateur. Il comprend notre distributeur de boissons Canstor\u00ae, une lumi\u00e8re int\u00e9rieure brillante et une charni\u00e8re de porte r\u00e9versible pour une ouverture \u00e0 gauche ou \u00e0 droite.","robots":{"index":"index","follow":"follow","max-snippet":"max-snippet:-1","max-image-preview":"max-image-preview:large","max-video-preview":"max-video-preview:-1"},"canonical":"https:\/\/www.danby.com\/fr\/products\/refrigeration-compact\/dar044a4bdd-3\/","og_locale":"fr_CA","og_type":"article","og_title":"R\u00e9frig\u00e9rateur compact Danby Designer de 4,4 pi3 - DAR044A4BDD-3 | Danby Canada","og_description":"Oubliez de courir jusqu'\u00e0 la cuisine, profitez de la commodit\u00e9 de boissons fra\u00eeches l\u00e0 o\u00f9 vous en avez le plus besoin gr\u00e2ce \u00e0 notre r\u00e9frig\u00e9rateur compact Danby Designer\u00ae homologu\u00e9 ENERGY STAR\u00ae. Dot\u00e9 d'une capacit\u00e9 g\u00e9n\u00e9reuse de 4,4 pieds cubes (125 L), ce mod\u00e8le de comptoir est un moyen efficace de compl\u00e9ter votre r\u00e9frig\u00e9rateur. Il comprend notre distributeur de boissons Canstor\u00ae, une lumi\u00e8re int\u00e9rieure brillante et une charni\u00e8re de porte r\u00e9versible pour une ouverture \u00e0 gauche ou \u00e0 droite.","og_url":"https:\/\/www.danby.com\/fr\/products\/refrigeration-compact\/dar044a4bdd-3\/","og_site_name":"Danby - Canada - French","article_publisher":"https:\/\/www.facebook.com\/DanbyAppliances","article_modified_time":"2026-04-23T09:06:55+00:00","og_image":[{"width":606,"height":891,"url":"https:\/\/cdnweb.danby.com\/wp-content\/uploads\/sites\/2\/2022\/02\/08225702\/DAR044A4BDD-3-Featured.jpg","type":"image\/jpeg"}],"twitter_card":"summary_large_image","twitter_site":"@DanbyAppliance","schema":{"@context":"https:\/\/schema.org","@graph":[{"@type":["WebPage","ItemPage"],"url":"https:\/\/www.danby.com\/fr\/products\/refrigeration-compact\/dar044a4bdd-3\/","name":"R\u00e9frig\u00e9rateur compact Danby Designer de 4,4 pi3 - DAR044A4BDD-3 | Danby Canada","isPartOf":[],"primaryImageOfPage":[],"image":[],"thumbnailUrl":"https:\/\/www.danby.com\/fr\/wp-content\/uploads\/sites\/2\/2025\/09\/dar044a4bdd-3-thumbnail.jpg","datePublished":"2022-02-03T19:13:23+00:00","dateModified":"2026-04-23T09:06:55+00:00","description":"Oubliez de courir jusqu'\u00e0 la cuisine, profitez de la commodit\u00e9 de boissons fra\u00eeches l\u00e0 o\u00f9 vous en avez le plus besoin gr\u00e2ce \u00e0 notre r\u00e9frig\u00e9rateur compact Danby Designer\u00ae homologu\u00e9 ENERGY STAR\u00ae. Dot\u00e9 d'une capacit\u00e9 g\u00e9n\u00e9reuse de 4,4 pieds cubes (125 L), ce mod\u00e8le de comptoir est un moyen efficace de compl\u00e9ter votre r\u00e9frig\u00e9rateur. Il comprend notre distributeur de boissons Canstor\u00ae, une lumi\u00e8re int\u00e9rieure brillante et une charni\u00e8re de porte r\u00e9versible pour une ouverture \u00e0 gauche ou \u00e0 droite.","breadcrumb":[],"inLanguage":"fr-CA","potentialAction":[{"@type":"ReadAction","target":["https:\/\/www.danby.com\/fr\/products\/refrigeration-compact\/dar044a4bdd-3\/"]}]},{"@type":"ImageObject","inLanguage":"fr-CA","url":"https:\/\/www.danby.com\/fr\/wp-content\/uploads\/sites\/2\/2025\/09\/dar044a4bdd-3-thumbnail.jpg","contentUrl":"https:\/\/www.danby.com\/fr\/wp-content\/uploads\/sites\/2\/2025\/09\/dar044a4bdd-3-thumbnail.jpg","width":768,"height":1024},{"@type":"BreadcrumbList","itemListElement":[{"@type":"ListItem","position":1,"name":"Home","item":"https:\/\/www.danby.com\/fr\/"},{"@type":"ListItem","position":2,"name":"Boutique","item":"https:\/\/www.danby.com\/fr\/boutique\/"},{"@type":"ListItem","position":3,"name":"R\u00e9frig\u00e9rateur compact Danby Designer de 4,4 pi3"}]},{"@type":"WebSite","url":"https:\/\/www.danby.com\/fr\/","name":"Danby - Canada - French","description":"Leader dans le domaine de la r\u00e9frig\u00e9ration et des appareils sp\u00e9cialis\u00e9s","publisher":[],"potentialAction":[{"@type":"SearchAction","target":{"@type":"EntryPoint","urlTemplate":"https:\/\/www.danby.com\/fr\/?s={search_term_string}"},"query-input":{"@type":"PropertyValueSpecification","valueRequired":true,"valueName":"search_term_string"}}],"inLanguage":"fr-CA"},{"@type":"Organization","name":"Danby Appliances","url":"https:\/\/www.danby.com\/fr\/","logo":{"@type":"ImageObject","inLanguage":"fr-CA","url":"https:\/\/cdnweb.danby.com\/wp-content\/uploads\/sites\/2\/2022\/02\/10141906\/Danby75Ans_Blue.png","contentUrl":"https:\/\/cdnweb.danby.com\/wp-content\/uploads\/sites\/2\/2022\/02\/10141906\/Danby75Ans_Blue.png","width":470,"height":110,"caption":"Danby Appliances"},"image":[],"sameAs":["https:\/\/www.facebook.com\/DanbyAppliances","https:\/\/x.com\/DanbyAppliance","https:\/\/instagram.com\/danbyappliances\/","https:\/\/www.linkedin.com\/company\/danbyappliances","https:\/\/www.pinterest.ca\/danbyappliances\/","https:\/\/www.youtube.com\/user\/DanbyProducts","https:\/\/en.wikipedia.org\/wiki\/Danby_(appliances)"]}]}},"post_mailing_queue_ids":[],"_links":{"self":[{"href":"https:\/\/www.danby.com\/fr\/wp-json\/wp\/v2\/product\/4628","targetHints":{"allow":["GET"]}}],"collection":[{"href":"https:\/\/www.danby.com\/fr\/wp-json\/wp\/v2\/product"}],"about":[{"href":"https:\/\/www.danby.com\/fr\/wp-json\/wp\/v2\/types\/product"}],"replies":[{"embeddable":true,"href":"https:\/\/www.danby.com\/fr\/wp-json\/wp\/v2\/comments?post=4628"}],"wp:featuredmedia":[{"embeddable":true,"href":"https:\/\/www.danby.com\/fr\/wp-json\/wp\/v2\/media\/34789"}],"wp:attachment":[{"href":"https:\/\/www.danby.com\/fr\/wp-json\/wp\/v2\/media?parent=4628"}],"wp:term":[{"taxonomy":"product_brand","embeddable":true,"href":"https:\/\/www.danby.com\/fr\/wp-json\/wp\/v2\/product_brand?post=4628"},{"taxonomy":"product_cat","embeddable":true,"href":"https:\/\/www.danby.com\/fr\/wp-json\/wp\/v2\/product_cat?post=4628"},{"taxonomy":"product_tag","embeddable":true,"href":"https:\/\/www.danby.com\/fr\/wp-json\/wp\/v2\/product_tag?post=4628"}],"curies":[{"name":"wp","href":"https:\/\/api.w.org\/{rel}","templated":true}]}}