{"id":4618,"date":"2022-02-03T19:13:23","date_gmt":"2022-02-03T19:13:23","guid":{"rendered":"https:\/\/www.danby.com\/fr\/product\/dar033a6ddb\/"},"modified":"2026-04-18T10:05:43","modified_gmt":"2026-04-18T10:05:43","slug":"dar033a6ddb","status":"publish","type":"product","link":"https:\/\/www.danby.com\/fr\/products\/refrigeration-compact\/dar033a6ddb\/","title":{"rendered":"R\u00e9frig\u00e9rateur compact classique contemporain de 3,3 pi3 de Danby"},"content":{"rendered":"","protected":false},"excerpt":{"rendered":"<ul>\n<li>3,3 pi3. (96 L) capacit\u00e9 compact tous r\u00e9frig\u00e9rateurs<\/li>\n<li>Mettant en vedette la conception brevet\u00e9e de Danby<\/li>\n<li>Compatible avec Energy Star\u00ae <\/li>\n<li>R\u00e9frig\u00e9rant R600a \u00e9cologique <\/li>\n<li>Finition de porte m\u00e9tallique avec une poign\u00e9e de porte ergonomique chrom\u00e9e \u00e0 prise en caoutchouc-poign\u00e9e ergonomique chrom\u00e9e \u00e0 prise en caoutchouc<\/li>\n<li>Etag\u00e8res de porte int\u00e9gr\u00e9es avec rangement pour grandes bouteilles<\/li>\n<li>Int\u00e9rieur noir<\/li>\n<li>Etag\u00e8res en verre<\/li>\n<li>Lumi\u00e8re int\u00e9rieure blanche \u00e0 LED<\/li>\n<li>Tableau de travail r\u00e9sistant aux r\u00e9sistant aux rayures <\/li>\n<li>Syst\u00e8me de distribution de boissons CanStor\u00ae <\/li>\n<li>Charni\u00e8re de porte r\u00e9versible <\/li>\n<li>D\u00e9givrage automatique <\/li>\n<li>Verrouillage de la porte <\/li>\n<li>Dessus lisse <\/li>\n<\/ul>\n","protected":false},"featured_media":7678,"comment_status":"closed","ping_status":"open","template":"","meta":{"_acf_changed":false},"product_brand":[],"product_cat":[22],"product_tag":[],"class_list":{"0":"post-4618","1":"product","2":"type-product","3":"status-publish","4":"has-post-thumbnail","6":"product_cat-refrigeration-compact","7":"pa_capacite-pi3-3-3","8":"pa_duree-de-la-garantie-en-mois-1173","10":"first","11":"outofstock","12":"taxable","13":"shipping-taxable","14":"product-type-simple"},"acf":[],"yoast_head":"<!-- This site is optimized with the Yoast SEO plugin v26.7 - https:\/\/yoast.com\/wordpress\/plugins\/seo\/ -->\n<title>R\u00e9frig\u00e9rateur compact classique contemporain de 3,3 pi3 de Danby - DAR033A6DDB | Danby Canada<\/title>\n<meta name=\"description\" content=\"S&#039;inspirant du style et de la simplicit\u00e9 du milieu du si\u00e8cle dernier, la collection de r\u00e9frig\u00e9rateurs compacts brevet\u00e9s Contemporary Classic de Danby r\u00e9imagine le r\u00e9tro pour le consommateur moderne. Dot\u00e9s du design de porte incurv\u00e9e d&#039;inspiration r\u00e9tro exclusif \u00e0 Danby, d&#039;un fini de porte m\u00e9tallique, d&#039;une serrure de porte, d&#039;une poign\u00e9e ergonomique chrom\u00e9e \u00e0 prise en caoutchouc et d&#039;un plan de travail chrom\u00e9 stylis\u00e9, ses caract\u00e9ristiques ext\u00e9rieures ne sont surpass\u00e9es que par son int\u00e9rieur noir caract\u00e9ristique. Dot\u00e9 d&#039;un espace de rangement et de refroidissement de 96 litres (3,3 pieds cubes), il comprend deux tablettes et demie en verre tremp\u00e9 pour une polyvalence de rangement maximale. Il y a plus qu&#039;assez d&#039;espace pour les grandes bouteilles et l&#039;unit\u00e9 spacieuse aide \u00e0 contr\u00f4ler les factures d&#039;\u00e9lectricit\u00e9 gr\u00e2ce \u00e0 son classement Energy Star et son thermostat m\u00e9canique de pointe. L&#039;entretien et le nettoyage sont aussi simples que possible gr\u00e2ce au syst\u00e8me de d\u00e9givrage automatique. Il comprend \u00e9galement un distributeur de boissons CanStor efficace et un \u00e9clairage int\u00e9rieur fiable \u00e0 LED blanches. Ce mod\u00e8le est con\u00e7u pour \u00eatre pratique car la charni\u00e8re de porte r\u00e9versible vous permet de l&#039;ajuster pour une ouverture \u00e0 gauche ou \u00e0 droite.\" \/>\n<meta name=\"robots\" content=\"index, follow, max-snippet:-1, max-image-preview:large, max-video-preview:-1\" \/>\n<link rel=\"canonical\" href=\"https:\/\/www.danby.com\/fr\/products\/refrigeration-compact\/dar033a6ddb\/\" \/>\n<meta property=\"og:locale\" content=\"fr_CA\" \/>\n<meta property=\"og:type\" content=\"article\" \/>\n<meta property=\"og:title\" content=\"R\u00e9frig\u00e9rateur compact classique contemporain de 3,3 pi3 de Danby - DAR033A6DDB | Danby Canada\" \/>\n<meta property=\"og:description\" content=\"S&#039;inspirant du style et de la simplicit\u00e9 du milieu du si\u00e8cle dernier, la collection de r\u00e9frig\u00e9rateurs compacts brevet\u00e9s Contemporary Classic de Danby r\u00e9imagine le r\u00e9tro pour le consommateur moderne. Dot\u00e9s du design de porte incurv\u00e9e d&#039;inspiration r\u00e9tro exclusif \u00e0 Danby, d&#039;un fini de porte m\u00e9tallique, d&#039;une serrure de porte, d&#039;une poign\u00e9e ergonomique chrom\u00e9e \u00e0 prise en caoutchouc et d&#039;un plan de travail chrom\u00e9 stylis\u00e9, ses caract\u00e9ristiques ext\u00e9rieures ne sont surpass\u00e9es que par son int\u00e9rieur noir caract\u00e9ristique. Dot\u00e9 d&#039;un espace de rangement et de refroidissement de 96 litres (3,3 pieds cubes), il comprend deux tablettes et demie en verre tremp\u00e9 pour une polyvalence de rangement maximale. Il y a plus qu&#039;assez d&#039;espace pour les grandes bouteilles et l&#039;unit\u00e9 spacieuse aide \u00e0 contr\u00f4ler les factures d&#039;\u00e9lectricit\u00e9 gr\u00e2ce \u00e0 son classement Energy Star et son thermostat m\u00e9canique de pointe. L&#039;entretien et le nettoyage sont aussi simples que possible gr\u00e2ce au syst\u00e8me de d\u00e9givrage automatique. Il comprend \u00e9galement un distributeur de boissons CanStor efficace et un \u00e9clairage int\u00e9rieur fiable \u00e0 LED blanches. Ce mod\u00e8le est con\u00e7u pour \u00eatre pratique car la charni\u00e8re de porte r\u00e9versible vous permet de l&#039;ajuster pour une ouverture \u00e0 gauche ou \u00e0 droite.\" \/>\n<meta property=\"og:url\" content=\"https:\/\/www.danby.com\/fr\/products\/refrigeration-compact\/dar033a6ddb\/\" \/>\n<meta property=\"og:site_name\" content=\"Danby - Canada - French\" \/>\n<meta property=\"article:publisher\" content=\"https:\/\/www.facebook.com\/DanbyAppliances\" \/>\n<meta property=\"article:modified_time\" content=\"2026-04-18T10:05:43+00:00\" \/>\n<meta property=\"og:image\" content=\"https:\/\/cdnweb.danby.com\/wp-content\/uploads\/sites\/2\/2022\/02\/08194827\/DAR033A6DDB_Right1.jpg\" \/>\n\t<meta property=\"og:image:width\" content=\"1500\" \/>\n\t<meta property=\"og:image:height\" content=\"2229\" \/>\n\t<meta property=\"og:image:type\" content=\"image\/jpeg\" \/>\n<meta name=\"twitter:card\" content=\"summary_large_image\" \/>\n<meta name=\"twitter:site\" content=\"@DanbyAppliance\" \/>\n<script type=\"application\/ld+json\" class=\"yoast-schema-graph\">{\"@context\":\"https:\/\/schema.org\",\"@graph\":[{\"@type\":[\"WebPage\",\"ItemPage\"],\"url\":\"https:\/\/www.danby.com\/fr\/products\/refrigeration-compact\/dar033a6ddb\/\",\"name\":\"R\u00e9frig\u00e9rateur compact classique contemporain de 3,3 pi3 de Danby - DAR033A6DDB | Danby Canada\",\"isPartOf\":[],\"primaryImageOfPage\":[],\"image\":[],\"thumbnailUrl\":\"https:\/\/cdnweb.danby.com\/wp-content\/uploads\/sites\/2\/2022\/02\/08194827\/DAR033A6DDB_Right1.jpg\",\"datePublished\":\"2022-02-03T19:13:23+00:00\",\"dateModified\":\"2026-04-18T10:05:43+00:00\",\"description\":\"S'inspirant du style et de la simplicit\u00e9 du milieu du si\u00e8cle dernier, la collection de r\u00e9frig\u00e9rateurs compacts brevet\u00e9s Contemporary Classic de Danby r\u00e9imagine le r\u00e9tro pour le consommateur moderne. Dot\u00e9s du design de porte incurv\u00e9e d'inspiration r\u00e9tro exclusif \u00e0 Danby, d'un fini de porte m\u00e9tallique, d'une serrure de porte, d'une poign\u00e9e ergonomique chrom\u00e9e \u00e0 prise en caoutchouc et d'un plan de travail chrom\u00e9 stylis\u00e9, ses caract\u00e9ristiques ext\u00e9rieures ne sont surpass\u00e9es que par son int\u00e9rieur noir caract\u00e9ristique. Dot\u00e9 d'un espace de rangement et de refroidissement de 96 litres (3,3 pieds cubes), il comprend deux tablettes et demie en verre tremp\u00e9 pour une polyvalence de rangement maximale. Il y a plus qu'assez d'espace pour les grandes bouteilles et l'unit\u00e9 spacieuse aide \u00e0 contr\u00f4ler les factures d'\u00e9lectricit\u00e9 gr\u00e2ce \u00e0 son classement Energy Star et son thermostat m\u00e9canique de pointe. L'entretien et le nettoyage sont aussi simples que possible gr\u00e2ce au syst\u00e8me de d\u00e9givrage automatique. Il comprend \u00e9galement un distributeur de boissons CanStor efficace et un \u00e9clairage int\u00e9rieur fiable \u00e0 LED blanches. Ce mod\u00e8le est con\u00e7u pour \u00eatre pratique car la charni\u00e8re de porte r\u00e9versible vous permet de l'ajuster pour une ouverture \u00e0 gauche ou \u00e0 droite.\",\"breadcrumb\":[],\"inLanguage\":\"fr-CA\",\"potentialAction\":[{\"@type\":\"ReadAction\",\"target\":[\"https:\/\/www.danby.com\/fr\/products\/refrigeration-compact\/dar033a6ddb\/\"]}]},{\"@type\":\"ImageObject\",\"inLanguage\":\"fr-CA\",\"url\":\"https:\/\/cdnweb.danby.com\/wp-content\/uploads\/sites\/2\/2022\/02\/08194827\/DAR033A6DDB_Right1.jpg\",\"contentUrl\":\"https:\/\/cdnweb.danby.com\/wp-content\/uploads\/sites\/2\/2022\/02\/08194827\/DAR033A6DDB_Right1.jpg\",\"width\":1500,\"height\":2229},{\"@type\":\"BreadcrumbList\",\"itemListElement\":[{\"@type\":\"ListItem\",\"position\":1,\"name\":\"Home\",\"item\":\"https:\/\/www.danby.com\/fr\/\"},{\"@type\":\"ListItem\",\"position\":2,\"name\":\"Boutique\",\"item\":\"https:\/\/www.danby.com\/fr\/boutique\/\"},{\"@type\":\"ListItem\",\"position\":3,\"name\":\"R\u00e9frig\u00e9rateur compact classique contemporain de 3,3 pi3 de Danby\"}]},{\"@type\":\"WebSite\",\"url\":\"https:\/\/www.danby.com\/fr\/\",\"name\":\"Danby - Canada - French\",\"description\":\"Leader dans le domaine de la r\u00e9frig\u00e9ration et des appareils sp\u00e9cialis\u00e9s\",\"publisher\":[],\"potentialAction\":[{\"@type\":\"SearchAction\",\"target\":{\"@type\":\"EntryPoint\",\"urlTemplate\":\"https:\/\/www.danby.com\/fr\/?s={search_term_string}\"},\"query-input\":{\"@type\":\"PropertyValueSpecification\",\"valueRequired\":true,\"valueName\":\"search_term_string\"}}],\"inLanguage\":\"fr-CA\"},{\"@type\":\"Organization\",\"name\":\"Danby Appliances\",\"url\":\"https:\/\/www.danby.com\/fr\/\",\"logo\":{\"@type\":\"ImageObject\",\"inLanguage\":\"fr-CA\",\"url\":\"https:\/\/cdnweb.danby.com\/wp-content\/uploads\/sites\/2\/2022\/02\/10141906\/Danby75Ans_Blue.png\",\"contentUrl\":\"https:\/\/cdnweb.danby.com\/wp-content\/uploads\/sites\/2\/2022\/02\/10141906\/Danby75Ans_Blue.png\",\"width\":470,\"height\":110,\"caption\":\"Danby Appliances\"},\"image\":[],\"sameAs\":[\"https:\/\/www.facebook.com\/DanbyAppliances\",\"https:\/\/x.com\/DanbyAppliance\",\"https:\/\/instagram.com\/danbyappliances\/\",\"https:\/\/www.linkedin.com\/company\/danbyappliances\",\"https:\/\/www.pinterest.ca\/danbyappliances\/\",\"https:\/\/www.youtube.com\/user\/DanbyProducts\",\"https:\/\/en.wikipedia.org\/wiki\/Danby_(appliances)\"]}]}<\/script>\n<!-- \/ Yoast SEO plugin. -->","yoast_head_json":{"title":"R\u00e9frig\u00e9rateur compact classique contemporain de 3,3 pi3 de Danby - DAR033A6DDB | Danby Canada","description":"S'inspirant du style et de la simplicit\u00e9 du milieu du si\u00e8cle dernier, la collection de r\u00e9frig\u00e9rateurs compacts brevet\u00e9s Contemporary Classic de Danby r\u00e9imagine le r\u00e9tro pour le consommateur moderne. Dot\u00e9s du design de porte incurv\u00e9e d'inspiration r\u00e9tro exclusif \u00e0 Danby, d'un fini de porte m\u00e9tallique, d'une serrure de porte, d'une poign\u00e9e ergonomique chrom\u00e9e \u00e0 prise en caoutchouc et d'un plan de travail chrom\u00e9 stylis\u00e9, ses caract\u00e9ristiques ext\u00e9rieures ne sont surpass\u00e9es que par son int\u00e9rieur noir caract\u00e9ristique. Dot\u00e9 d'un espace de rangement et de refroidissement de 96 litres (3,3 pieds cubes), il comprend deux tablettes et demie en verre tremp\u00e9 pour une polyvalence de rangement maximale. Il y a plus qu'assez d'espace pour les grandes bouteilles et l'unit\u00e9 spacieuse aide \u00e0 contr\u00f4ler les factures d'\u00e9lectricit\u00e9 gr\u00e2ce \u00e0 son classement Energy Star et son thermostat m\u00e9canique de pointe. L'entretien et le nettoyage sont aussi simples que possible gr\u00e2ce au syst\u00e8me de d\u00e9givrage automatique. Il comprend \u00e9galement un distributeur de boissons CanStor efficace et un \u00e9clairage int\u00e9rieur fiable \u00e0 LED blanches. Ce mod\u00e8le est con\u00e7u pour \u00eatre pratique car la charni\u00e8re de porte r\u00e9versible vous permet de l'ajuster pour une ouverture \u00e0 gauche ou \u00e0 droite.","robots":{"index":"index","follow":"follow","max-snippet":"max-snippet:-1","max-image-preview":"max-image-preview:large","max-video-preview":"max-video-preview:-1"},"canonical":"https:\/\/www.danby.com\/fr\/products\/refrigeration-compact\/dar033a6ddb\/","og_locale":"fr_CA","og_type":"article","og_title":"R\u00e9frig\u00e9rateur compact classique contemporain de 3,3 pi3 de Danby - DAR033A6DDB | Danby Canada","og_description":"S'inspirant du style et de la simplicit\u00e9 du milieu du si\u00e8cle dernier, la collection de r\u00e9frig\u00e9rateurs compacts brevet\u00e9s Contemporary Classic de Danby r\u00e9imagine le r\u00e9tro pour le consommateur moderne. Dot\u00e9s du design de porte incurv\u00e9e d'inspiration r\u00e9tro exclusif \u00e0 Danby, d'un fini de porte m\u00e9tallique, d'une serrure de porte, d'une poign\u00e9e ergonomique chrom\u00e9e \u00e0 prise en caoutchouc et d'un plan de travail chrom\u00e9 stylis\u00e9, ses caract\u00e9ristiques ext\u00e9rieures ne sont surpass\u00e9es que par son int\u00e9rieur noir caract\u00e9ristique. Dot\u00e9 d'un espace de rangement et de refroidissement de 96 litres (3,3 pieds cubes), il comprend deux tablettes et demie en verre tremp\u00e9 pour une polyvalence de rangement maximale. Il y a plus qu'assez d'espace pour les grandes bouteilles et l'unit\u00e9 spacieuse aide \u00e0 contr\u00f4ler les factures d'\u00e9lectricit\u00e9 gr\u00e2ce \u00e0 son classement Energy Star et son thermostat m\u00e9canique de pointe. L'entretien et le nettoyage sont aussi simples que possible gr\u00e2ce au syst\u00e8me de d\u00e9givrage automatique. Il comprend \u00e9galement un distributeur de boissons CanStor efficace et un \u00e9clairage int\u00e9rieur fiable \u00e0 LED blanches. Ce mod\u00e8le est con\u00e7u pour \u00eatre pratique car la charni\u00e8re de porte r\u00e9versible vous permet de l'ajuster pour une ouverture \u00e0 gauche ou \u00e0 droite.","og_url":"https:\/\/www.danby.com\/fr\/products\/refrigeration-compact\/dar033a6ddb\/","og_site_name":"Danby - Canada - French","article_publisher":"https:\/\/www.facebook.com\/DanbyAppliances","article_modified_time":"2026-04-18T10:05:43+00:00","og_image":[{"width":1500,"height":2229,"url":"https:\/\/cdnweb.danby.com\/wp-content\/uploads\/sites\/2\/2022\/02\/08194827\/DAR033A6DDB_Right1.jpg","type":"image\/jpeg"}],"twitter_card":"summary_large_image","twitter_site":"@DanbyAppliance","schema":{"@context":"https:\/\/schema.org","@graph":[{"@type":["WebPage","ItemPage"],"url":"https:\/\/www.danby.com\/fr\/products\/refrigeration-compact\/dar033a6ddb\/","name":"R\u00e9frig\u00e9rateur compact classique contemporain de 3,3 pi3 de Danby - DAR033A6DDB | Danby Canada","isPartOf":[],"primaryImageOfPage":[],"image":[],"thumbnailUrl":"https:\/\/cdnweb.danby.com\/wp-content\/uploads\/sites\/2\/2022\/02\/08194827\/DAR033A6DDB_Right1.jpg","datePublished":"2022-02-03T19:13:23+00:00","dateModified":"2026-04-18T10:05:43+00:00","description":"S'inspirant du style et de la simplicit\u00e9 du milieu du si\u00e8cle dernier, la collection de r\u00e9frig\u00e9rateurs compacts brevet\u00e9s Contemporary Classic de Danby r\u00e9imagine le r\u00e9tro pour le consommateur moderne. Dot\u00e9s du design de porte incurv\u00e9e d'inspiration r\u00e9tro exclusif \u00e0 Danby, d'un fini de porte m\u00e9tallique, d'une serrure de porte, d'une poign\u00e9e ergonomique chrom\u00e9e \u00e0 prise en caoutchouc et d'un plan de travail chrom\u00e9 stylis\u00e9, ses caract\u00e9ristiques ext\u00e9rieures ne sont surpass\u00e9es que par son int\u00e9rieur noir caract\u00e9ristique. Dot\u00e9 d'un espace de rangement et de refroidissement de 96 litres (3,3 pieds cubes), il comprend deux tablettes et demie en verre tremp\u00e9 pour une polyvalence de rangement maximale. Il y a plus qu'assez d'espace pour les grandes bouteilles et l'unit\u00e9 spacieuse aide \u00e0 contr\u00f4ler les factures d'\u00e9lectricit\u00e9 gr\u00e2ce \u00e0 son classement Energy Star et son thermostat m\u00e9canique de pointe. L'entretien et le nettoyage sont aussi simples que possible gr\u00e2ce au syst\u00e8me de d\u00e9givrage automatique. Il comprend \u00e9galement un distributeur de boissons CanStor efficace et un \u00e9clairage int\u00e9rieur fiable \u00e0 LED blanches. Ce mod\u00e8le est con\u00e7u pour \u00eatre pratique car la charni\u00e8re de porte r\u00e9versible vous permet de l'ajuster pour une ouverture \u00e0 gauche ou \u00e0 droite.","breadcrumb":[],"inLanguage":"fr-CA","potentialAction":[{"@type":"ReadAction","target":["https:\/\/www.danby.com\/fr\/products\/refrigeration-compact\/dar033a6ddb\/"]}]},{"@type":"ImageObject","inLanguage":"fr-CA","url":"https:\/\/cdnweb.danby.com\/wp-content\/uploads\/sites\/2\/2022\/02\/08194827\/DAR033A6DDB_Right1.jpg","contentUrl":"https:\/\/cdnweb.danby.com\/wp-content\/uploads\/sites\/2\/2022\/02\/08194827\/DAR033A6DDB_Right1.jpg","width":1500,"height":2229},{"@type":"BreadcrumbList","itemListElement":[{"@type":"ListItem","position":1,"name":"Home","item":"https:\/\/www.danby.com\/fr\/"},{"@type":"ListItem","position":2,"name":"Boutique","item":"https:\/\/www.danby.com\/fr\/boutique\/"},{"@type":"ListItem","position":3,"name":"R\u00e9frig\u00e9rateur compact classique contemporain de 3,3 pi3 de Danby"}]},{"@type":"WebSite","url":"https:\/\/www.danby.com\/fr\/","name":"Danby - Canada - French","description":"Leader dans le domaine de la r\u00e9frig\u00e9ration et des appareils sp\u00e9cialis\u00e9s","publisher":[],"potentialAction":[{"@type":"SearchAction","target":{"@type":"EntryPoint","urlTemplate":"https:\/\/www.danby.com\/fr\/?s={search_term_string}"},"query-input":{"@type":"PropertyValueSpecification","valueRequired":true,"valueName":"search_term_string"}}],"inLanguage":"fr-CA"},{"@type":"Organization","name":"Danby Appliances","url":"https:\/\/www.danby.com\/fr\/","logo":{"@type":"ImageObject","inLanguage":"fr-CA","url":"https:\/\/cdnweb.danby.com\/wp-content\/uploads\/sites\/2\/2022\/02\/10141906\/Danby75Ans_Blue.png","contentUrl":"https:\/\/cdnweb.danby.com\/wp-content\/uploads\/sites\/2\/2022\/02\/10141906\/Danby75Ans_Blue.png","width":470,"height":110,"caption":"Danby Appliances"},"image":[],"sameAs":["https:\/\/www.facebook.com\/DanbyAppliances","https:\/\/x.com\/DanbyAppliance","https:\/\/instagram.com\/danbyappliances\/","https:\/\/www.linkedin.com\/company\/danbyappliances","https:\/\/www.pinterest.ca\/danbyappliances\/","https:\/\/www.youtube.com\/user\/DanbyProducts","https:\/\/en.wikipedia.org\/wiki\/Danby_(appliances)"]}]}},"post_mailing_queue_ids":[],"_links":{"self":[{"href":"https:\/\/www.danby.com\/fr\/wp-json\/wp\/v2\/product\/4618","targetHints":{"allow":["GET"]}}],"collection":[{"href":"https:\/\/www.danby.com\/fr\/wp-json\/wp\/v2\/product"}],"about":[{"href":"https:\/\/www.danby.com\/fr\/wp-json\/wp\/v2\/types\/product"}],"replies":[{"embeddable":true,"href":"https:\/\/www.danby.com\/fr\/wp-json\/wp\/v2\/comments?post=4618"}],"wp:featuredmedia":[{"embeddable":true,"href":"https:\/\/www.danby.com\/fr\/wp-json\/wp\/v2\/media\/7678"}],"wp:attachment":[{"href":"https:\/\/www.danby.com\/fr\/wp-json\/wp\/v2\/media?parent=4618"}],"wp:term":[{"taxonomy":"product_brand","embeddable":true,"href":"https:\/\/www.danby.com\/fr\/wp-json\/wp\/v2\/product_brand?post=4618"},{"taxonomy":"product_cat","embeddable":true,"href":"https:\/\/www.danby.com\/fr\/wp-json\/wp\/v2\/product_cat?post=4618"},{"taxonomy":"product_tag","embeddable":true,"href":"https:\/\/www.danby.com\/fr\/wp-json\/wp\/v2\/product_tag?post=4618"}],"curies":[{"name":"wp","href":"https:\/\/api.w.org\/{rel}","templated":true}]}}