{"id":4615,"date":"2022-02-03T19:13:23","date_gmt":"2022-02-03T19:13:23","guid":{"rendered":"https:\/\/www.danby.com\/fr\/product\/dar033a6bdb-6\/"},"modified":"2026-05-01T10:06:45","modified_gmt":"2026-05-01T10:06:45","slug":"dar033a6bdb-6","status":"publish","type":"product","link":"https:\/\/www.danby.com\/fr\/products\/refrigeration-compact\/dar033a6bdb-6\/","title":{"rendered":"Danby 3,3 cu. R\u00e9frig\u00e9rateur compact de 3,5 pi3 en noir"},"content":{"rendered":"","protected":false},"excerpt":{"rendered":"<ul>\n<li>R\u00e9frig\u00e9rateur int\u00e9gral compact d&#8217;une capacit\u00e9 de 96 litres (3,3 pieds cubes)<\/li>\n<li>Homologu\u00e9 Energy Star\u00ae<\/li>\n<li>R\u00e9frig\u00e9rant \u00e9cologique R600a<\/li>\n<li>Tablettes de verre<\/li>\n<li>Syst\u00e8me d&#8217;\u00e9clairage int\u00e9rieur \u00e0 DEL blanche<\/li>\n<li>Plan de travail r\u00e9sistant aux \u00e9gratignures<\/li>\n<li>Distributeur de boissons CanStor\u00ae<\/li>\n<li>Charni\u00e8res de porte r\u00e9versibles<\/li>\n<li>Balconnets int\u00e9gr\u00e9s avec rangement pour bouteilles grand format<\/li>\n<li>D\u00e9givrage automatique<\/li>\n<li>Fini int\u00e9rieur blanc<\/li>\n<li>Poign\u00e9e ergonomique caoutchout\u00e9e<\/li>\n<\/ul>\n","protected":false},"featured_media":22153,"comment_status":"closed","ping_status":"open","template":"","meta":{"_acf_changed":false},"product_brand":[],"product_cat":[22],"product_tag":[],"class_list":{"0":"post-4615","1":"product","2":"type-product","3":"status-publish","4":"has-post-thumbnail","6":"product_cat-refrigeration-compact","7":"pa_capacite-pi3-3-3","8":"pa_couleur-black","9":"pa_duree-de-la-garantie-en-mois-1173","11":"first","12":"outofstock","13":"taxable","14":"shipping-taxable","15":"purchasable","16":"product-type-simple"},"acf":[],"yoast_head":"<!-- This site is optimized with the Yoast SEO plugin v27.5 - https:\/\/yoast.com\/product\/yoast-seo-wordpress\/ -->\n<title>Danby 3,3 cu. R\u00e9frig\u00e9rateur compact de 3,5 pi3 en noir - DAR033A6BDB-6 | Danby Canada<\/title>\n<meta name=\"description\" content=\"La conception de la collection Classique Contemporaine de r\u00e9frig\u00e9rateurs compacts Danby, s&#039;inspire de la simplicit\u00e9 du style du milieu du si\u00e8cle dernier et repense le style r\u00e9tro, en l&#039;adaptant au consommateur actuel et dans ce contexte, la ligne Essentielle est tout, sauf banale. Les caract\u00e9ristiques ext\u00e9rieures, comme la porte incurv\u00e9e noir mat d&#039;inspiration r\u00e9tro, un concept exclusif \u00e0 Danby, la poign\u00e9e de porte caoutchout\u00e9e ergonomique ainsi que le plan de travail stylis\u00e9, ne sont surclass\u00e9es que par sa conception int\u00e9rieure. Mettant en vedette un espace d&#039;entreposage et de r\u00e9frig\u00e9ration de 96 litres (3,3 pieds cubes), cet appareil est aussi \u00e9quip\u00e9 de deux tablettes et demi de verre tremp\u00e9, offrant une grande polyvalence d&#039;entreposage et d&#039;un \u00e9conomique distributeur de boissons CanStor. Les bouteilles de grand format sont les bienvenues \u00e0 bord et ce mod\u00e8le, bien que spacieux, contribue \u00e0 maintenir les factures d&#039;\u00e9lectricit\u00e9 sous contr\u00f4le, gr\u00e2ce \u00e0 son homologation EnergyStar et \u00e0 son \u00e9clairage int\u00e9rieur \u00e0 DEL. \u00c9tant donn\u00e9 l&#039;aspect pratique de sa conception, il est \u00e9quip\u00e9 de charni\u00e8res de porte r\u00e9versibles pouvant \u00eatre ajust\u00e9es pour une ouverture de porte \u00e0 gauche ou \u00e0 droite. Ce populaire r\u00e9frig\u00e9rateur int\u00e9gral est aussi pourvu d&#039;une garantie sans tracas de 12 mois sur les pi\u00e8ces et la main-d&#039;oeuvre, incluant le pratique service \u00e0 domicile.\" \/>\n<meta name=\"robots\" content=\"index, follow, max-snippet:-1, max-image-preview:large, max-video-preview:-1\" \/>\n<link rel=\"canonical\" href=\"https:\/\/www.danby.com\/fr\/products\/refrigeration-compact\/dar033a6bdb-6\/\" \/>\n<meta property=\"og:locale\" content=\"fr_CA\" \/>\n<meta property=\"og:type\" content=\"article\" \/>\n<meta property=\"og:title\" content=\"Danby 3,3 cu. R\u00e9frig\u00e9rateur compact de 3,5 pi3 en noir - DAR033A6BDB-6 | Danby Canada\" \/>\n<meta property=\"og:description\" content=\"La conception de la collection Classique Contemporaine de r\u00e9frig\u00e9rateurs compacts Danby, s&#039;inspire de la simplicit\u00e9 du style du milieu du si\u00e8cle dernier et repense le style r\u00e9tro, en l&#039;adaptant au consommateur actuel et dans ce contexte, la ligne Essentielle est tout, sauf banale. Les caract\u00e9ristiques ext\u00e9rieures, comme la porte incurv\u00e9e noir mat d&#039;inspiration r\u00e9tro, un concept exclusif \u00e0 Danby, la poign\u00e9e de porte caoutchout\u00e9e ergonomique ainsi que le plan de travail stylis\u00e9, ne sont surclass\u00e9es que par sa conception int\u00e9rieure. Mettant en vedette un espace d&#039;entreposage et de r\u00e9frig\u00e9ration de 96 litres (3,3 pieds cubes), cet appareil est aussi \u00e9quip\u00e9 de deux tablettes et demi de verre tremp\u00e9, offrant une grande polyvalence d&#039;entreposage et d&#039;un \u00e9conomique distributeur de boissons CanStor. Les bouteilles de grand format sont les bienvenues \u00e0 bord et ce mod\u00e8le, bien que spacieux, contribue \u00e0 maintenir les factures d&#039;\u00e9lectricit\u00e9 sous contr\u00f4le, gr\u00e2ce \u00e0 son homologation EnergyStar et \u00e0 son \u00e9clairage int\u00e9rieur \u00e0 DEL. \u00c9tant donn\u00e9 l&#039;aspect pratique de sa conception, il est \u00e9quip\u00e9 de charni\u00e8res de porte r\u00e9versibles pouvant \u00eatre ajust\u00e9es pour une ouverture de porte \u00e0 gauche ou \u00e0 droite. Ce populaire r\u00e9frig\u00e9rateur int\u00e9gral est aussi pourvu d&#039;une garantie sans tracas de 12 mois sur les pi\u00e8ces et la main-d&#039;oeuvre, incluant le pratique service \u00e0 domicile.\" \/>\n<meta property=\"og:url\" content=\"https:\/\/www.danby.com\/fr\/products\/refrigeration-compact\/dar033a6bdb-6\/\" \/>\n<meta property=\"og:site_name\" content=\"Danby - Canada - French\" \/>\n<meta property=\"article:publisher\" content=\"https:\/\/www.facebook.com\/DanbyAppliances\" \/>\n<meta property=\"article:modified_time\" content=\"2026-05-01T10:06:45+00:00\" \/>\n<meta property=\"og:image\" content=\"https:\/\/cdnweb.danby.com\/wp-content\/uploads\/sites\/2\/2023\/05\/02130109\/DAR033A6BDB-6_Front.jpg\" \/>\n\t<meta property=\"og:image:width\" content=\"1500\" \/>\n\t<meta property=\"og:image:height\" content=\"2547\" \/>\n\t<meta property=\"og:image:type\" content=\"image\/jpeg\" \/>\n<meta name=\"twitter:card\" content=\"summary_large_image\" \/>\n<meta name=\"twitter:site\" content=\"@DanbyAppliance\" \/>\n<script type=\"application\/ld+json\" class=\"yoast-schema-graph\">{\"@context\":\"https:\\\/\\\/schema.org\",\"@graph\":[{\"@type\":[\"WebPage\",\"ItemPage\"],\"url\":\"https:\\\/\\\/www.danby.com\\\/fr\\\/products\\\/refrigeration-compact\\\/dar033a6bdb-6\\\/\",\"name\":\"Danby 3,3 cu. R\u00e9frig\u00e9rateur compact de 3,5 pi3 en noir - DAR033A6BDB-6 | Danby Canada\",\"isPartOf\":[],\"primaryImageOfPage\":[],\"image\":[],\"thumbnailUrl\":\"https:\\\/\\\/cdnweb.danby.com\\\/wp-content\\\/uploads\\\/sites\\\/2\\\/2023\\\/05\\\/02130109\\\/DAR033A6BDB-6_Front.jpg\",\"datePublished\":\"2022-02-03T19:13:23+00:00\",\"dateModified\":\"2026-05-01T10:06:45+00:00\",\"description\":\"La conception de la collection Classique Contemporaine de r\u00e9frig\u00e9rateurs compacts Danby, s'inspire de la simplicit\u00e9 du style du milieu du si\u00e8cle dernier et repense le style r\u00e9tro, en l'adaptant au consommateur actuel et dans ce contexte, la ligne Essentielle est tout, sauf banale. Les caract\u00e9ristiques ext\u00e9rieures, comme la porte incurv\u00e9e noir mat d'inspiration r\u00e9tro, un concept exclusif \u00e0 Danby, la poign\u00e9e de porte caoutchout\u00e9e ergonomique ainsi que le plan de travail stylis\u00e9, ne sont surclass\u00e9es que par sa conception int\u00e9rieure. Mettant en vedette un espace d'entreposage et de r\u00e9frig\u00e9ration de 96 litres (3,3 pieds cubes), cet appareil est aussi \u00e9quip\u00e9 de deux tablettes et demi de verre tremp\u00e9, offrant une grande polyvalence d'entreposage et d'un \u00e9conomique distributeur de boissons CanStor. Les bouteilles de grand format sont les bienvenues \u00e0 bord et ce mod\u00e8le, bien que spacieux, contribue \u00e0 maintenir les factures d'\u00e9lectricit\u00e9 sous contr\u00f4le, gr\u00e2ce \u00e0 son homologation EnergyStar et \u00e0 son \u00e9clairage int\u00e9rieur \u00e0 DEL. \u00c9tant donn\u00e9 l'aspect pratique de sa conception, il est \u00e9quip\u00e9 de charni\u00e8res de porte r\u00e9versibles pouvant \u00eatre ajust\u00e9es pour une ouverture de porte \u00e0 gauche ou \u00e0 droite. Ce populaire r\u00e9frig\u00e9rateur int\u00e9gral est aussi pourvu d'une garantie sans tracas de 12 mois sur les pi\u00e8ces et la main-d'oeuvre, incluant le pratique service \u00e0 domicile.\",\"breadcrumb\":[],\"inLanguage\":\"fr-CA\",\"potentialAction\":[{\"@type\":\"ReadAction\",\"target\":[\"https:\\\/\\\/www.danby.com\\\/fr\\\/products\\\/refrigeration-compact\\\/dar033a6bdb-6\\\/\"]}]},{\"@type\":\"ImageObject\",\"inLanguage\":\"fr-CA\",\"url\":\"https:\\\/\\\/cdnweb.danby.com\\\/wp-content\\\/uploads\\\/sites\\\/2\\\/2023\\\/05\\\/02130109\\\/DAR033A6BDB-6_Front.jpg\",\"contentUrl\":\"https:\\\/\\\/cdnweb.danby.com\\\/wp-content\\\/uploads\\\/sites\\\/2\\\/2023\\\/05\\\/02130109\\\/DAR033A6BDB-6_Front.jpg\",\"width\":1500,\"height\":2547},{\"@type\":\"BreadcrumbList\",\"itemListElement\":[{\"@type\":\"ListItem\",\"position\":1,\"name\":\"Home\",\"item\":\"https:\\\/\\\/www.danby.com\\\/fr\\\/\"},{\"@type\":\"ListItem\",\"position\":2,\"name\":\"Boutique\",\"item\":\"https:\\\/\\\/www.danby.com\\\/fr\\\/boutique\\\/\"},{\"@type\":\"ListItem\",\"position\":3,\"name\":\"Danby 3,3 cu. R\u00e9frig\u00e9rateur compact de 3,5 pi3 en noir\"}]},{\"@type\":\"WebSite\",\"url\":\"https:\\\/\\\/www.danby.com\\\/fr\\\/\",\"name\":\"Danby - Canada - French\",\"description\":\"Leader dans le domaine de la r\u00e9frig\u00e9ration et des appareils sp\u00e9cialis\u00e9s\",\"publisher\":[],\"potentialAction\":[{\"@type\":\"SearchAction\",\"target\":{\"@type\":\"EntryPoint\",\"urlTemplate\":\"https:\\\/\\\/www.danby.com\\\/fr\\\/?s={search_term_string}\"},\"query-input\":{\"@type\":\"PropertyValueSpecification\",\"valueRequired\":true,\"valueName\":\"search_term_string\"}}],\"inLanguage\":\"fr-CA\"},{\"@type\":\"Organization\",\"name\":\"Danby Appliances\",\"url\":\"https:\\\/\\\/www.danby.com\\\/fr\\\/\",\"logo\":{\"@type\":\"ImageObject\",\"inLanguage\":\"fr-CA\",\"url\":\"https:\\\/\\\/cdnweb.danby.com\\\/wp-content\\\/uploads\\\/sites\\\/2\\\/2022\\\/02\\\/10141906\\\/Danby75Ans_Blue.png\",\"contentUrl\":\"https:\\\/\\\/cdnweb.danby.com\\\/wp-content\\\/uploads\\\/sites\\\/2\\\/2022\\\/02\\\/10141906\\\/Danby75Ans_Blue.png\",\"width\":470,\"height\":110,\"caption\":\"Danby Appliances\"},\"image\":[],\"sameAs\":[\"https:\\\/\\\/www.facebook.com\\\/DanbyAppliances\",\"https:\\\/\\\/x.com\\\/DanbyAppliance\",\"https:\\\/\\\/instagram.com\\\/danbyappliances\\\/\",\"https:\\\/\\\/www.linkedin.com\\\/company\\\/danbyappliances\",\"https:\\\/\\\/www.pinterest.ca\\\/danbyappliances\\\/\",\"https:\\\/\\\/www.youtube.com\\\/user\\\/DanbyProducts\",\"https:\\\/\\\/en.wikipedia.org\\\/wiki\\\/Danby_(appliances)\"]}]}<\/script>\n<!-- \/ Yoast SEO plugin. -->","yoast_head_json":{"title":"Danby 3,3 cu. R\u00e9frig\u00e9rateur compact de 3,5 pi3 en noir - DAR033A6BDB-6 | Danby Canada","description":"La conception de la collection Classique Contemporaine de r\u00e9frig\u00e9rateurs compacts Danby, s'inspire de la simplicit\u00e9 du style du milieu du si\u00e8cle dernier et repense le style r\u00e9tro, en l'adaptant au consommateur actuel et dans ce contexte, la ligne Essentielle est tout, sauf banale. Les caract\u00e9ristiques ext\u00e9rieures, comme la porte incurv\u00e9e noir mat d'inspiration r\u00e9tro, un concept exclusif \u00e0 Danby, la poign\u00e9e de porte caoutchout\u00e9e ergonomique ainsi que le plan de travail stylis\u00e9, ne sont surclass\u00e9es que par sa conception int\u00e9rieure. Mettant en vedette un espace d'entreposage et de r\u00e9frig\u00e9ration de 96 litres (3,3 pieds cubes), cet appareil est aussi \u00e9quip\u00e9 de deux tablettes et demi de verre tremp\u00e9, offrant une grande polyvalence d'entreposage et d'un \u00e9conomique distributeur de boissons CanStor. Les bouteilles de grand format sont les bienvenues \u00e0 bord et ce mod\u00e8le, bien que spacieux, contribue \u00e0 maintenir les factures d'\u00e9lectricit\u00e9 sous contr\u00f4le, gr\u00e2ce \u00e0 son homologation EnergyStar et \u00e0 son \u00e9clairage int\u00e9rieur \u00e0 DEL. \u00c9tant donn\u00e9 l'aspect pratique de sa conception, il est \u00e9quip\u00e9 de charni\u00e8res de porte r\u00e9versibles pouvant \u00eatre ajust\u00e9es pour une ouverture de porte \u00e0 gauche ou \u00e0 droite. Ce populaire r\u00e9frig\u00e9rateur int\u00e9gral est aussi pourvu d'une garantie sans tracas de 12 mois sur les pi\u00e8ces et la main-d'oeuvre, incluant le pratique service \u00e0 domicile.","robots":{"index":"index","follow":"follow","max-snippet":"max-snippet:-1","max-image-preview":"max-image-preview:large","max-video-preview":"max-video-preview:-1"},"canonical":"https:\/\/www.danby.com\/fr\/products\/refrigeration-compact\/dar033a6bdb-6\/","og_locale":"fr_CA","og_type":"article","og_title":"Danby 3,3 cu. R\u00e9frig\u00e9rateur compact de 3,5 pi3 en noir - DAR033A6BDB-6 | Danby Canada","og_description":"La conception de la collection Classique Contemporaine de r\u00e9frig\u00e9rateurs compacts Danby, s'inspire de la simplicit\u00e9 du style du milieu du si\u00e8cle dernier et repense le style r\u00e9tro, en l'adaptant au consommateur actuel et dans ce contexte, la ligne Essentielle est tout, sauf banale. Les caract\u00e9ristiques ext\u00e9rieures, comme la porte incurv\u00e9e noir mat d'inspiration r\u00e9tro, un concept exclusif \u00e0 Danby, la poign\u00e9e de porte caoutchout\u00e9e ergonomique ainsi que le plan de travail stylis\u00e9, ne sont surclass\u00e9es que par sa conception int\u00e9rieure. Mettant en vedette un espace d'entreposage et de r\u00e9frig\u00e9ration de 96 litres (3,3 pieds cubes), cet appareil est aussi \u00e9quip\u00e9 de deux tablettes et demi de verre tremp\u00e9, offrant une grande polyvalence d'entreposage et d'un \u00e9conomique distributeur de boissons CanStor. Les bouteilles de grand format sont les bienvenues \u00e0 bord et ce mod\u00e8le, bien que spacieux, contribue \u00e0 maintenir les factures d'\u00e9lectricit\u00e9 sous contr\u00f4le, gr\u00e2ce \u00e0 son homologation EnergyStar et \u00e0 son \u00e9clairage int\u00e9rieur \u00e0 DEL. \u00c9tant donn\u00e9 l'aspect pratique de sa conception, il est \u00e9quip\u00e9 de charni\u00e8res de porte r\u00e9versibles pouvant \u00eatre ajust\u00e9es pour une ouverture de porte \u00e0 gauche ou \u00e0 droite. Ce populaire r\u00e9frig\u00e9rateur int\u00e9gral est aussi pourvu d'une garantie sans tracas de 12 mois sur les pi\u00e8ces et la main-d'oeuvre, incluant le pratique service \u00e0 domicile.","og_url":"https:\/\/www.danby.com\/fr\/products\/refrigeration-compact\/dar033a6bdb-6\/","og_site_name":"Danby - Canada - French","article_publisher":"https:\/\/www.facebook.com\/DanbyAppliances","article_modified_time":"2026-05-01T10:06:45+00:00","og_image":[{"width":1500,"height":2547,"url":"https:\/\/cdnweb.danby.com\/wp-content\/uploads\/sites\/2\/2023\/05\/02130109\/DAR033A6BDB-6_Front.jpg","type":"image\/jpeg"}],"twitter_card":"summary_large_image","twitter_site":"@DanbyAppliance","schema":{"@context":"https:\/\/schema.org","@graph":[{"@type":["WebPage","ItemPage"],"url":"https:\/\/www.danby.com\/fr\/products\/refrigeration-compact\/dar033a6bdb-6\/","name":"Danby 3,3 cu. R\u00e9frig\u00e9rateur compact de 3,5 pi3 en noir - DAR033A6BDB-6 | Danby Canada","isPartOf":[],"primaryImageOfPage":[],"image":[],"thumbnailUrl":"https:\/\/cdnweb.danby.com\/wp-content\/uploads\/sites\/2\/2023\/05\/02130109\/DAR033A6BDB-6_Front.jpg","datePublished":"2022-02-03T19:13:23+00:00","dateModified":"2026-05-01T10:06:45+00:00","description":"La conception de la collection Classique Contemporaine de r\u00e9frig\u00e9rateurs compacts Danby, s'inspire de la simplicit\u00e9 du style du milieu du si\u00e8cle dernier et repense le style r\u00e9tro, en l'adaptant au consommateur actuel et dans ce contexte, la ligne Essentielle est tout, sauf banale. Les caract\u00e9ristiques ext\u00e9rieures, comme la porte incurv\u00e9e noir mat d'inspiration r\u00e9tro, un concept exclusif \u00e0 Danby, la poign\u00e9e de porte caoutchout\u00e9e ergonomique ainsi que le plan de travail stylis\u00e9, ne sont surclass\u00e9es que par sa conception int\u00e9rieure. Mettant en vedette un espace d'entreposage et de r\u00e9frig\u00e9ration de 96 litres (3,3 pieds cubes), cet appareil est aussi \u00e9quip\u00e9 de deux tablettes et demi de verre tremp\u00e9, offrant une grande polyvalence d'entreposage et d'un \u00e9conomique distributeur de boissons CanStor. Les bouteilles de grand format sont les bienvenues \u00e0 bord et ce mod\u00e8le, bien que spacieux, contribue \u00e0 maintenir les factures d'\u00e9lectricit\u00e9 sous contr\u00f4le, gr\u00e2ce \u00e0 son homologation EnergyStar et \u00e0 son \u00e9clairage int\u00e9rieur \u00e0 DEL. \u00c9tant donn\u00e9 l'aspect pratique de sa conception, il est \u00e9quip\u00e9 de charni\u00e8res de porte r\u00e9versibles pouvant \u00eatre ajust\u00e9es pour une ouverture de porte \u00e0 gauche ou \u00e0 droite. Ce populaire r\u00e9frig\u00e9rateur int\u00e9gral est aussi pourvu d'une garantie sans tracas de 12 mois sur les pi\u00e8ces et la main-d'oeuvre, incluant le pratique service \u00e0 domicile.","breadcrumb":[],"inLanguage":"fr-CA","potentialAction":[{"@type":"ReadAction","target":["https:\/\/www.danby.com\/fr\/products\/refrigeration-compact\/dar033a6bdb-6\/"]}]},{"@type":"ImageObject","inLanguage":"fr-CA","url":"https:\/\/cdnweb.danby.com\/wp-content\/uploads\/sites\/2\/2023\/05\/02130109\/DAR033A6BDB-6_Front.jpg","contentUrl":"https:\/\/cdnweb.danby.com\/wp-content\/uploads\/sites\/2\/2023\/05\/02130109\/DAR033A6BDB-6_Front.jpg","width":1500,"height":2547},{"@type":"BreadcrumbList","itemListElement":[{"@type":"ListItem","position":1,"name":"Home","item":"https:\/\/www.danby.com\/fr\/"},{"@type":"ListItem","position":2,"name":"Boutique","item":"https:\/\/www.danby.com\/fr\/boutique\/"},{"@type":"ListItem","position":3,"name":"Danby 3,3 cu. R\u00e9frig\u00e9rateur compact de 3,5 pi3 en noir"}]},{"@type":"WebSite","url":"https:\/\/www.danby.com\/fr\/","name":"Danby - Canada - French","description":"Leader dans le domaine de la r\u00e9frig\u00e9ration et des appareils sp\u00e9cialis\u00e9s","publisher":[],"potentialAction":[{"@type":"SearchAction","target":{"@type":"EntryPoint","urlTemplate":"https:\/\/www.danby.com\/fr\/?s={search_term_string}"},"query-input":{"@type":"PropertyValueSpecification","valueRequired":true,"valueName":"search_term_string"}}],"inLanguage":"fr-CA"},{"@type":"Organization","name":"Danby Appliances","url":"https:\/\/www.danby.com\/fr\/","logo":{"@type":"ImageObject","inLanguage":"fr-CA","url":"https:\/\/cdnweb.danby.com\/wp-content\/uploads\/sites\/2\/2022\/02\/10141906\/Danby75Ans_Blue.png","contentUrl":"https:\/\/cdnweb.danby.com\/wp-content\/uploads\/sites\/2\/2022\/02\/10141906\/Danby75Ans_Blue.png","width":470,"height":110,"caption":"Danby Appliances"},"image":[],"sameAs":["https:\/\/www.facebook.com\/DanbyAppliances","https:\/\/x.com\/DanbyAppliance","https:\/\/instagram.com\/danbyappliances\/","https:\/\/www.linkedin.com\/company\/danbyappliances","https:\/\/www.pinterest.ca\/danbyappliances\/","https:\/\/www.youtube.com\/user\/DanbyProducts","https:\/\/en.wikipedia.org\/wiki\/Danby_(appliances)"]}]}},"post_mailing_queue_ids":[],"_links":{"self":[{"href":"https:\/\/www.danby.com\/fr\/wp-json\/wp\/v2\/product\/4615","targetHints":{"allow":["GET"]}}],"collection":[{"href":"https:\/\/www.danby.com\/fr\/wp-json\/wp\/v2\/product"}],"about":[{"href":"https:\/\/www.danby.com\/fr\/wp-json\/wp\/v2\/types\/product"}],"replies":[{"embeddable":true,"href":"https:\/\/www.danby.com\/fr\/wp-json\/wp\/v2\/comments?post=4615"}],"wp:featuredmedia":[{"embeddable":true,"href":"https:\/\/www.danby.com\/fr\/wp-json\/wp\/v2\/media\/22153"}],"wp:attachment":[{"href":"https:\/\/www.danby.com\/fr\/wp-json\/wp\/v2\/media?parent=4615"}],"wp:term":[{"taxonomy":"product_brand","embeddable":true,"href":"https:\/\/www.danby.com\/fr\/wp-json\/wp\/v2\/product_brand?post=4615"},{"taxonomy":"product_cat","embeddable":true,"href":"https:\/\/www.danby.com\/fr\/wp-json\/wp\/v2\/product_cat?post=4615"},{"taxonomy":"product_tag","embeddable":true,"href":"https:\/\/www.danby.com\/fr\/wp-json\/wp\/v2\/product_tag?post=4615"}],"curies":[{"name":"wp","href":"https:\/\/api.w.org\/{rel}","templated":true}]}}