{"id":4612,"date":"2022-02-03T19:13:23","date_gmt":"2022-02-03T19:13:23","guid":{"rendered":"https:\/\/www.danby.com\/fr\/product\/dar033a1bsldbo\/"},"modified":"2026-04-29T10:21:52","modified_gmt":"2026-04-29T10:21:52","slug":"dar033a1bsldbo","status":"publish","type":"product","link":"https:\/\/www.danby.com\/fr\/products\/refrigeration-exterieure\/dar033a1bsldbo\/","title":{"rendered":"Danby 3,3 cu. R\u00e9frig\u00e9rateur d&#8217;ext\u00e9rieur de 5,5 pi3 en acier inoxydable"},"content":{"rendered":"","protected":false},"excerpt":{"rendered":"<ul>\n<li>R\u00e9frig\u00e9rateur compact avec capacit\u00e9 de 3,3 pi3 (93 L)<\/li>\n<li>Certifi\u00e9 ENERGY STAR\u00ae<\/li>\n<li>4 roulettes avec roulements \u00e0 billes en acier inoxydable pour la r\u00e9sistance \u00e0 la rouille<\/li>\n<li>Test\u00e9 pour la capacit\u00e9 de refroidissement dans un environnement tropical (109 \u00b0F \/ 43 \u00b0C)<\/li>\n<li>Conforme aux normes de protection relatives \u00e0 l\u2019\u00e9tanch\u00e9it\u00e9 IPX4<\/li>\n<li>Bo\u00eetier \u00e9lectrique \u00e9tanche<\/li>\n<li>Plastiques prot\u00e9g\u00e9s contre les UV<\/li>\n<li>Syst\u00e8me de d\u00e9givrage automatique<\/li>\n<li>2 \u00e9tag\u00e8re en verre r\u00e9glable pleine largeur et 1 &#8211; 1\/2 \u00e9tag\u00e8re en verre r\u00e9glable demi-largeur<\/li>\n<li>Rayonnages de porte int\u00e9gr\u00e9s avec rangement pour de grandes bouteilles<\/li>\n<li>Syst\u00e8me de distribution de boissons CanStor\u00ae<\/li>\n<li>Finition de porte en acier anti-taches &#8211; identique \u00e0 l&#8217;acier inoxydable r\u00e9el mais sans traces de doigts<\/li>\n<\/ul>\n","protected":false},"featured_media":35349,"comment_status":"closed","ping_status":"closed","template":"","meta":{"_acf_changed":false},"product_brand":[],"product_cat":[194],"product_tag":[],"class_list":{"0":"post-4612","1":"product","2":"type-product","3":"status-publish","4":"has-post-thumbnail","6":"product_cat-refrigeration-exterieure","8":"first","9":"instock","10":"taxable","11":"shipping-taxable","12":"purchasable","13":"product-type-simple"},"acf":[],"yoast_head":"<!-- This site is optimized with the Yoast SEO plugin v27.5 - https:\/\/yoast.com\/product\/yoast-seo-wordpress\/ -->\n<title>Danby 3,3 cu. R\u00e9frig\u00e9rateur d&#039;ext\u00e9rieur de 5,5 pi3 en acier inoxydable - DAR033A1BSLDBO | Danby Canada<\/title>\n<meta name=\"description\" content=\"Comment pouvez-vous rendre le plein air plus rafra\u00eechissant qu\u2019il ne l\u2019est d\u00e9j\u00e0\u2009? En s\u2019\u00e9quipant de ce chic r\u00e9frig\u00e9rateur d\u2019ext\u00e9rieur Danby, bien s\u00fbr\u2009! Test\u00e9 pour fonctionner dans un environnement tropical, cet appareil est con\u00e7u pour \u00eatre durable et efficace dans des atmosph\u00e8res de divertissement. Ce r\u00e9frig\u00e9rateur compact peut facilement r\u00e9pondre aux besoins de votre famille avec ses 3,3 pi3. (93 litres) d\u2019espace de rangement et de refroidissement. Dot\u00e9 de 4 roulettes r\u00e9sistantes \u00e0 la rouille pour un transport facile et d\u2019un bo\u00eetier \u00e9lectrique \u00e9tanche, ce r\u00e9frig\u00e9rateur est pr\u00eat pour vos r\u00e9ceptions, peu importe la temp\u00e9rature. Il y a plus qu\u2019assez de place pour les grandes bouteilles et l\u2019appareil spacieux permet de garder le contr\u00f4le sur les factures d\u2019\u00e9lectricit\u00e9 gr\u00e2ce \u00e0 sa conformit\u00e9 Energy Star\u00ae et \u00e0 son thermostat m\u00e9canique de fine pointe. La porte en acier antitaches, le cadre noir et la poign\u00e9e int\u00e9gr\u00e9e donnent un joli style contemporain et la surface intelligente anti-rayures est l\u2019endroit id\u00e9al pour ranger des accessoires. Nous offrons \u00e9galement une plus grande tranquillit\u00e9 d\u2019esprit avec une garantie sans souci de 12 mois sur les pi\u00e8ces et la main-d\u2019\u0153uvre.\" \/>\n<meta name=\"robots\" content=\"index, follow, max-snippet:-1, max-image-preview:large, max-video-preview:-1\" \/>\n<link rel=\"canonical\" href=\"https:\/\/www.danby.com\/fr\/products\/refrigeration-exterieure\/dar033a1bsldbo\/\" \/>\n<meta property=\"og:locale\" content=\"fr_CA\" \/>\n<meta property=\"og:type\" content=\"article\" \/>\n<meta property=\"og:title\" content=\"Danby 3,3 cu. R\u00e9frig\u00e9rateur d&#039;ext\u00e9rieur de 5,5 pi3 en acier inoxydable - DAR033A1BSLDBO | Danby Canada\" \/>\n<meta property=\"og:description\" content=\"Comment pouvez-vous rendre le plein air plus rafra\u00eechissant qu\u2019il ne l\u2019est d\u00e9j\u00e0\u2009? En s\u2019\u00e9quipant de ce chic r\u00e9frig\u00e9rateur d\u2019ext\u00e9rieur Danby, bien s\u00fbr\u2009! Test\u00e9 pour fonctionner dans un environnement tropical, cet appareil est con\u00e7u pour \u00eatre durable et efficace dans des atmosph\u00e8res de divertissement. Ce r\u00e9frig\u00e9rateur compact peut facilement r\u00e9pondre aux besoins de votre famille avec ses 3,3 pi3. (93 litres) d\u2019espace de rangement et de refroidissement. Dot\u00e9 de 4 roulettes r\u00e9sistantes \u00e0 la rouille pour un transport facile et d\u2019un bo\u00eetier \u00e9lectrique \u00e9tanche, ce r\u00e9frig\u00e9rateur est pr\u00eat pour vos r\u00e9ceptions, peu importe la temp\u00e9rature. Il y a plus qu\u2019assez de place pour les grandes bouteilles et l\u2019appareil spacieux permet de garder le contr\u00f4le sur les factures d\u2019\u00e9lectricit\u00e9 gr\u00e2ce \u00e0 sa conformit\u00e9 Energy Star\u00ae et \u00e0 son thermostat m\u00e9canique de fine pointe. La porte en acier antitaches, le cadre noir et la poign\u00e9e int\u00e9gr\u00e9e donnent un joli style contemporain et la surface intelligente anti-rayures est l\u2019endroit id\u00e9al pour ranger des accessoires. Nous offrons \u00e9galement une plus grande tranquillit\u00e9 d\u2019esprit avec une garantie sans souci de 12 mois sur les pi\u00e8ces et la main-d\u2019\u0153uvre.\" \/>\n<meta property=\"og:url\" content=\"https:\/\/www.danby.com\/fr\/products\/refrigeration-exterieure\/dar033a1bsldbo\/\" \/>\n<meta property=\"og:site_name\" content=\"Danby - Canada - French\" \/>\n<meta property=\"article:publisher\" content=\"https:\/\/www.facebook.com\/DanbyAppliances\" \/>\n<meta property=\"article:modified_time\" content=\"2026-04-29T10:21:52+00:00\" \/>\n<meta property=\"og:image\" content=\"https:\/\/cdnweb.danby.com\/wp-content\/uploads\/sites\/2\/2023\/06\/02151306\/DAR033A1BSLDBO_Front-2000-scaled.jpg\" \/>\n\t<meta property=\"og:image:width\" content=\"1920\" \/>\n\t<meta property=\"og:image:height\" content=\"2560\" \/>\n\t<meta property=\"og:image:type\" content=\"image\/jpeg\" \/>\n<meta name=\"twitter:card\" content=\"summary_large_image\" \/>\n<meta name=\"twitter:site\" content=\"@DanbyAppliance\" \/>\n<script type=\"application\/ld+json\" class=\"yoast-schema-graph\">{\"@context\":\"https:\\\/\\\/schema.org\",\"@graph\":[{\"@type\":[\"WebPage\",\"ItemPage\"],\"url\":\"https:\\\/\\\/www.danby.com\\\/fr\\\/products\\\/refrigeration-exterieure\\\/dar033a1bsldbo\\\/\",\"name\":\"Danby 3,3 cu. R\u00e9frig\u00e9rateur d'ext\u00e9rieur de 5,5 pi3 en acier inoxydable - DAR033A1BSLDBO | Danby Canada\",\"isPartOf\":[],\"primaryImageOfPage\":[],\"image\":[],\"thumbnailUrl\":\"https:\\\/\\\/www.danby.com\\\/fr\\\/wp-content\\\/uploads\\\/sites\\\/2\\\/2025\\\/10\\\/dar033a1bsldbo-thumbnail.jpg\",\"datePublished\":\"2022-02-03T19:13:23+00:00\",\"dateModified\":\"2026-04-29T10:21:52+00:00\",\"description\":\"Comment pouvez-vous rendre le plein air plus rafra\u00eechissant qu\u2019il ne l\u2019est d\u00e9j\u00e0\u2009? En s\u2019\u00e9quipant de ce chic r\u00e9frig\u00e9rateur d\u2019ext\u00e9rieur Danby, bien s\u00fbr\u2009! Test\u00e9 pour fonctionner dans un environnement tropical, cet appareil est con\u00e7u pour \u00eatre durable et efficace dans des atmosph\u00e8res de divertissement. Ce r\u00e9frig\u00e9rateur compact peut facilement r\u00e9pondre aux besoins de votre famille avec ses 3,3 pi3. (93 litres) d\u2019espace de rangement et de refroidissement. Dot\u00e9 de 4 roulettes r\u00e9sistantes \u00e0 la rouille pour un transport facile et d\u2019un bo\u00eetier \u00e9lectrique \u00e9tanche, ce r\u00e9frig\u00e9rateur est pr\u00eat pour vos r\u00e9ceptions, peu importe la temp\u00e9rature. Il y a plus qu\u2019assez de place pour les grandes bouteilles et l\u2019appareil spacieux permet de garder le contr\u00f4le sur les factures d\u2019\u00e9lectricit\u00e9 gr\u00e2ce \u00e0 sa conformit\u00e9 Energy Star\u00ae et \u00e0 son thermostat m\u00e9canique de fine pointe. La porte en acier antitaches, le cadre noir et la poign\u00e9e int\u00e9gr\u00e9e donnent un joli style contemporain et la surface intelligente anti-rayures est l\u2019endroit id\u00e9al pour ranger des accessoires. Nous offrons \u00e9galement une plus grande tranquillit\u00e9 d\u2019esprit avec une garantie sans souci de 12 mois sur les pi\u00e8ces et la main-d\u2019\u0153uvre.\",\"breadcrumb\":[],\"inLanguage\":\"fr-CA\",\"potentialAction\":[{\"@type\":\"ReadAction\",\"target\":[\"https:\\\/\\\/www.danby.com\\\/fr\\\/products\\\/refrigeration-exterieure\\\/dar033a1bsldbo\\\/\"]}]},{\"@type\":\"ImageObject\",\"inLanguage\":\"fr-CA\",\"url\":\"https:\\\/\\\/www.danby.com\\\/fr\\\/wp-content\\\/uploads\\\/sites\\\/2\\\/2025\\\/10\\\/dar033a1bsldbo-thumbnail.jpg\",\"contentUrl\":\"https:\\\/\\\/www.danby.com\\\/fr\\\/wp-content\\\/uploads\\\/sites\\\/2\\\/2025\\\/10\\\/dar033a1bsldbo-thumbnail.jpg\",\"width\":768,\"height\":1024},{\"@type\":\"BreadcrumbList\",\"itemListElement\":[{\"@type\":\"ListItem\",\"position\":1,\"name\":\"Home\",\"item\":\"https:\\\/\\\/www.danby.com\\\/fr\\\/\"},{\"@type\":\"ListItem\",\"position\":2,\"name\":\"Boutique\",\"item\":\"https:\\\/\\\/www.danby.com\\\/fr\\\/boutique\\\/\"},{\"@type\":\"ListItem\",\"position\":3,\"name\":\"Danby 3,3 cu. R\u00e9frig\u00e9rateur d&#8217;ext\u00e9rieur de 5,5 pi3 en acier inoxydable\"}]},{\"@type\":\"WebSite\",\"url\":\"https:\\\/\\\/www.danby.com\\\/fr\\\/\",\"name\":\"Danby - Canada - French\",\"description\":\"Leader dans le domaine de la r\u00e9frig\u00e9ration et des appareils sp\u00e9cialis\u00e9s\",\"publisher\":[],\"potentialAction\":[{\"@type\":\"SearchAction\",\"target\":{\"@type\":\"EntryPoint\",\"urlTemplate\":\"https:\\\/\\\/www.danby.com\\\/fr\\\/?s={search_term_string}\"},\"query-input\":{\"@type\":\"PropertyValueSpecification\",\"valueRequired\":true,\"valueName\":\"search_term_string\"}}],\"inLanguage\":\"fr-CA\"},{\"@type\":\"Organization\",\"name\":\"Danby Appliances\",\"url\":\"https:\\\/\\\/www.danby.com\\\/fr\\\/\",\"logo\":{\"@type\":\"ImageObject\",\"inLanguage\":\"fr-CA\",\"url\":\"https:\\\/\\\/cdnweb.danby.com\\\/wp-content\\\/uploads\\\/sites\\\/2\\\/2022\\\/02\\\/10141906\\\/Danby75Ans_Blue.png\",\"contentUrl\":\"https:\\\/\\\/cdnweb.danby.com\\\/wp-content\\\/uploads\\\/sites\\\/2\\\/2022\\\/02\\\/10141906\\\/Danby75Ans_Blue.png\",\"width\":470,\"height\":110,\"caption\":\"Danby Appliances\"},\"image\":[],\"sameAs\":[\"https:\\\/\\\/www.facebook.com\\\/DanbyAppliances\",\"https:\\\/\\\/x.com\\\/DanbyAppliance\",\"https:\\\/\\\/instagram.com\\\/danbyappliances\\\/\",\"https:\\\/\\\/www.linkedin.com\\\/company\\\/danbyappliances\",\"https:\\\/\\\/www.pinterest.ca\\\/danbyappliances\\\/\",\"https:\\\/\\\/www.youtube.com\\\/user\\\/DanbyProducts\",\"https:\\\/\\\/en.wikipedia.org\\\/wiki\\\/Danby_(appliances)\"]}]}<\/script>\n<!-- \/ Yoast SEO plugin. -->","yoast_head_json":{"title":"Danby 3,3 cu. R\u00e9frig\u00e9rateur d'ext\u00e9rieur de 5,5 pi3 en acier inoxydable - DAR033A1BSLDBO | Danby Canada","description":"Comment pouvez-vous rendre le plein air plus rafra\u00eechissant qu\u2019il ne l\u2019est d\u00e9j\u00e0\u2009? En s\u2019\u00e9quipant de ce chic r\u00e9frig\u00e9rateur d\u2019ext\u00e9rieur Danby, bien s\u00fbr\u2009! Test\u00e9 pour fonctionner dans un environnement tropical, cet appareil est con\u00e7u pour \u00eatre durable et efficace dans des atmosph\u00e8res de divertissement. Ce r\u00e9frig\u00e9rateur compact peut facilement r\u00e9pondre aux besoins de votre famille avec ses 3,3 pi3. (93 litres) d\u2019espace de rangement et de refroidissement. Dot\u00e9 de 4 roulettes r\u00e9sistantes \u00e0 la rouille pour un transport facile et d\u2019un bo\u00eetier \u00e9lectrique \u00e9tanche, ce r\u00e9frig\u00e9rateur est pr\u00eat pour vos r\u00e9ceptions, peu importe la temp\u00e9rature. Il y a plus qu\u2019assez de place pour les grandes bouteilles et l\u2019appareil spacieux permet de garder le contr\u00f4le sur les factures d\u2019\u00e9lectricit\u00e9 gr\u00e2ce \u00e0 sa conformit\u00e9 Energy Star\u00ae et \u00e0 son thermostat m\u00e9canique de fine pointe. La porte en acier antitaches, le cadre noir et la poign\u00e9e int\u00e9gr\u00e9e donnent un joli style contemporain et la surface intelligente anti-rayures est l\u2019endroit id\u00e9al pour ranger des accessoires. Nous offrons \u00e9galement une plus grande tranquillit\u00e9 d\u2019esprit avec une garantie sans souci de 12 mois sur les pi\u00e8ces et la main-d\u2019\u0153uvre.","robots":{"index":"index","follow":"follow","max-snippet":"max-snippet:-1","max-image-preview":"max-image-preview:large","max-video-preview":"max-video-preview:-1"},"canonical":"https:\/\/www.danby.com\/fr\/products\/refrigeration-exterieure\/dar033a1bsldbo\/","og_locale":"fr_CA","og_type":"article","og_title":"Danby 3,3 cu. R\u00e9frig\u00e9rateur d'ext\u00e9rieur de 5,5 pi3 en acier inoxydable - DAR033A1BSLDBO | Danby Canada","og_description":"Comment pouvez-vous rendre le plein air plus rafra\u00eechissant qu\u2019il ne l\u2019est d\u00e9j\u00e0\u2009? En s\u2019\u00e9quipant de ce chic r\u00e9frig\u00e9rateur d\u2019ext\u00e9rieur Danby, bien s\u00fbr\u2009! Test\u00e9 pour fonctionner dans un environnement tropical, cet appareil est con\u00e7u pour \u00eatre durable et efficace dans des atmosph\u00e8res de divertissement. Ce r\u00e9frig\u00e9rateur compact peut facilement r\u00e9pondre aux besoins de votre famille avec ses 3,3 pi3. (93 litres) d\u2019espace de rangement et de refroidissement. Dot\u00e9 de 4 roulettes r\u00e9sistantes \u00e0 la rouille pour un transport facile et d\u2019un bo\u00eetier \u00e9lectrique \u00e9tanche, ce r\u00e9frig\u00e9rateur est pr\u00eat pour vos r\u00e9ceptions, peu importe la temp\u00e9rature. Il y a plus qu\u2019assez de place pour les grandes bouteilles et l\u2019appareil spacieux permet de garder le contr\u00f4le sur les factures d\u2019\u00e9lectricit\u00e9 gr\u00e2ce \u00e0 sa conformit\u00e9 Energy Star\u00ae et \u00e0 son thermostat m\u00e9canique de fine pointe. La porte en acier antitaches, le cadre noir et la poign\u00e9e int\u00e9gr\u00e9e donnent un joli style contemporain et la surface intelligente anti-rayures est l\u2019endroit id\u00e9al pour ranger des accessoires. Nous offrons \u00e9galement une plus grande tranquillit\u00e9 d\u2019esprit avec une garantie sans souci de 12 mois sur les pi\u00e8ces et la main-d\u2019\u0153uvre.","og_url":"https:\/\/www.danby.com\/fr\/products\/refrigeration-exterieure\/dar033a1bsldbo\/","og_site_name":"Danby - Canada - French","article_publisher":"https:\/\/www.facebook.com\/DanbyAppliances","article_modified_time":"2026-04-29T10:21:52+00:00","og_image":[{"width":1920,"height":2560,"url":"https:\/\/cdnweb.danby.com\/wp-content\/uploads\/sites\/2\/2023\/06\/02151306\/DAR033A1BSLDBO_Front-2000-scaled.jpg","type":"image\/jpeg"}],"twitter_card":"summary_large_image","twitter_site":"@DanbyAppliance","schema":{"@context":"https:\/\/schema.org","@graph":[{"@type":["WebPage","ItemPage"],"url":"https:\/\/www.danby.com\/fr\/products\/refrigeration-exterieure\/dar033a1bsldbo\/","name":"Danby 3,3 cu. R\u00e9frig\u00e9rateur d'ext\u00e9rieur de 5,5 pi3 en acier inoxydable - DAR033A1BSLDBO | Danby Canada","isPartOf":[],"primaryImageOfPage":[],"image":[],"thumbnailUrl":"https:\/\/www.danby.com\/fr\/wp-content\/uploads\/sites\/2\/2025\/10\/dar033a1bsldbo-thumbnail.jpg","datePublished":"2022-02-03T19:13:23+00:00","dateModified":"2026-04-29T10:21:52+00:00","description":"Comment pouvez-vous rendre le plein air plus rafra\u00eechissant qu\u2019il ne l\u2019est d\u00e9j\u00e0\u2009? En s\u2019\u00e9quipant de ce chic r\u00e9frig\u00e9rateur d\u2019ext\u00e9rieur Danby, bien s\u00fbr\u2009! Test\u00e9 pour fonctionner dans un environnement tropical, cet appareil est con\u00e7u pour \u00eatre durable et efficace dans des atmosph\u00e8res de divertissement. Ce r\u00e9frig\u00e9rateur compact peut facilement r\u00e9pondre aux besoins de votre famille avec ses 3,3 pi3. (93 litres) d\u2019espace de rangement et de refroidissement. Dot\u00e9 de 4 roulettes r\u00e9sistantes \u00e0 la rouille pour un transport facile et d\u2019un bo\u00eetier \u00e9lectrique \u00e9tanche, ce r\u00e9frig\u00e9rateur est pr\u00eat pour vos r\u00e9ceptions, peu importe la temp\u00e9rature. Il y a plus qu\u2019assez de place pour les grandes bouteilles et l\u2019appareil spacieux permet de garder le contr\u00f4le sur les factures d\u2019\u00e9lectricit\u00e9 gr\u00e2ce \u00e0 sa conformit\u00e9 Energy Star\u00ae et \u00e0 son thermostat m\u00e9canique de fine pointe. La porte en acier antitaches, le cadre noir et la poign\u00e9e int\u00e9gr\u00e9e donnent un joli style contemporain et la surface intelligente anti-rayures est l\u2019endroit id\u00e9al pour ranger des accessoires. Nous offrons \u00e9galement une plus grande tranquillit\u00e9 d\u2019esprit avec une garantie sans souci de 12 mois sur les pi\u00e8ces et la main-d\u2019\u0153uvre.","breadcrumb":[],"inLanguage":"fr-CA","potentialAction":[{"@type":"ReadAction","target":["https:\/\/www.danby.com\/fr\/products\/refrigeration-exterieure\/dar033a1bsldbo\/"]}]},{"@type":"ImageObject","inLanguage":"fr-CA","url":"https:\/\/www.danby.com\/fr\/wp-content\/uploads\/sites\/2\/2025\/10\/dar033a1bsldbo-thumbnail.jpg","contentUrl":"https:\/\/www.danby.com\/fr\/wp-content\/uploads\/sites\/2\/2025\/10\/dar033a1bsldbo-thumbnail.jpg","width":768,"height":1024},{"@type":"BreadcrumbList","itemListElement":[{"@type":"ListItem","position":1,"name":"Home","item":"https:\/\/www.danby.com\/fr\/"},{"@type":"ListItem","position":2,"name":"Boutique","item":"https:\/\/www.danby.com\/fr\/boutique\/"},{"@type":"ListItem","position":3,"name":"Danby 3,3 cu. R\u00e9frig\u00e9rateur d&#8217;ext\u00e9rieur de 5,5 pi3 en acier inoxydable"}]},{"@type":"WebSite","url":"https:\/\/www.danby.com\/fr\/","name":"Danby - Canada - French","description":"Leader dans le domaine de la r\u00e9frig\u00e9ration et des appareils sp\u00e9cialis\u00e9s","publisher":[],"potentialAction":[{"@type":"SearchAction","target":{"@type":"EntryPoint","urlTemplate":"https:\/\/www.danby.com\/fr\/?s={search_term_string}"},"query-input":{"@type":"PropertyValueSpecification","valueRequired":true,"valueName":"search_term_string"}}],"inLanguage":"fr-CA"},{"@type":"Organization","name":"Danby Appliances","url":"https:\/\/www.danby.com\/fr\/","logo":{"@type":"ImageObject","inLanguage":"fr-CA","url":"https:\/\/cdnweb.danby.com\/wp-content\/uploads\/sites\/2\/2022\/02\/10141906\/Danby75Ans_Blue.png","contentUrl":"https:\/\/cdnweb.danby.com\/wp-content\/uploads\/sites\/2\/2022\/02\/10141906\/Danby75Ans_Blue.png","width":470,"height":110,"caption":"Danby Appliances"},"image":[],"sameAs":["https:\/\/www.facebook.com\/DanbyAppliances","https:\/\/x.com\/DanbyAppliance","https:\/\/instagram.com\/danbyappliances\/","https:\/\/www.linkedin.com\/company\/danbyappliances","https:\/\/www.pinterest.ca\/danbyappliances\/","https:\/\/www.youtube.com\/user\/DanbyProducts","https:\/\/en.wikipedia.org\/wiki\/Danby_(appliances)"]}]}},"post_mailing_queue_ids":[],"_links":{"self":[{"href":"https:\/\/www.danby.com\/fr\/wp-json\/wp\/v2\/product\/4612","targetHints":{"allow":["GET"]}}],"collection":[{"href":"https:\/\/www.danby.com\/fr\/wp-json\/wp\/v2\/product"}],"about":[{"href":"https:\/\/www.danby.com\/fr\/wp-json\/wp\/v2\/types\/product"}],"replies":[{"embeddable":true,"href":"https:\/\/www.danby.com\/fr\/wp-json\/wp\/v2\/comments?post=4612"}],"wp:featuredmedia":[{"embeddable":true,"href":"https:\/\/www.danby.com\/fr\/wp-json\/wp\/v2\/media\/35349"}],"wp:attachment":[{"href":"https:\/\/www.danby.com\/fr\/wp-json\/wp\/v2\/media?parent=4612"}],"wp:term":[{"taxonomy":"product_brand","embeddable":true,"href":"https:\/\/www.danby.com\/fr\/wp-json\/wp\/v2\/product_brand?post=4612"},{"taxonomy":"product_cat","embeddable":true,"href":"https:\/\/www.danby.com\/fr\/wp-json\/wp\/v2\/product_cat?post=4612"},{"taxonomy":"product_tag","embeddable":true,"href":"https:\/\/www.danby.com\/fr\/wp-json\/wp\/v2\/product_tag?post=4612"}],"curies":[{"name":"wp","href":"https:\/\/api.w.org\/{rel}","templated":true}]}}