{"id":4606,"date":"2022-02-03T19:13:08","date_gmt":"2022-02-03T19:13:08","guid":{"rendered":"https:\/\/www.danby.com\/fr\/product\/dar026a2wdb\/"},"modified":"2026-04-30T10:05:03","modified_gmt":"2026-04-30T10:05:03","slug":"dar026a2wdb","status":"publish","type":"product","link":"https:\/\/www.danby.com\/fr\/products\/refrigeration-compact\/dar026a2wdb\/","title":{"rendered":"Danby R\u00e9frig\u00e9rateur compact classique contemporain de 2,6 pi3 en blanc"},"content":{"rendered":"","protected":false},"excerpt":{"rendered":"<ul>\n<li>R\u00e9frig\u00e9rateur compact d&#8217;une capacit\u00e9 de 73 litres (2,6 pi3)<\/li>\n<li>Dot\u00e9 de la conception brevet\u00e9e de Danby<\/li>\n<li>Certifi\u00e9 ENERGY STAR\u00ae<\/li>\n<li>R\u00e9frig\u00e9rant R600a<\/li>\n<li>Finition des portes en blanc plat<\/li>\n<li>\u00c9tag\u00e8res de porte int\u00e9gr\u00e9es avec rangement pour les grandes bouteilles<\/li>\n<li>Int\u00e9rieur blanc<\/li>\n<li>\u00c9tag\u00e8res en verre<\/li>\n<li>Lumi\u00e8re int\u00e9rieure blanche \u00e0 LED<\/li>\n<li>Plan de travail r\u00e9sistant aux rayures<\/li>\n<li>Syst\u00e8me de distribution de boissons CanStor\u00ae.<\/li>\n<li>Charni\u00e8re de porte r\u00e9versible<\/li>\n<\/ul>\n","protected":false},"featured_media":34766,"comment_status":"closed","ping_status":"open","template":"","meta":{"_acf_changed":false},"product_brand":[],"product_cat":[22],"product_tag":[],"class_list":{"0":"post-4606","1":"product","2":"type-product","3":"status-publish","4":"has-post-thumbnail","6":"product_cat-refrigeration-compact","8":"first","9":"outofstock","10":"taxable","11":"shipping-taxable","12":"product-type-simple"},"acf":[],"yoast_head":"<!-- This site is optimized with the Yoast SEO plugin v27.5 - https:\/\/yoast.com\/product\/yoast-seo-wordpress\/ -->\n<title>Danby R\u00e9frig\u00e9rateur compact classique contemporain de 2,6 pi3 en blanc - DAR026A2WDB | Danby Canada<\/title>\n<meta name=\"description\" content=\"Drawing inspiration from mid-century styling and simplicity, Danby\u2019s patented contemporary refrigerators reimagine retro for the modern consumer. The contemporary classic compact features Danby\u2019s exclusive retro-inspired curved door design, flat white door finish, rubber-grip ergonomic chrome handle, and stylized chrome worktop. Its signature interior only outmatches the exterior features. Boasting 2.6 cubic feet (73 L) of storage and cooling space, it features two and a half-tempered glass shelves for maximum storage versatility. There\u2019s more than enough room for larger bottles, and the spacious unit helps keep electrical bills in check with its ENERGY STAR\u00ae rating and state-of-the-art mechanical thermostat. Maintenance and cleaning are simple with the automatic defrost system. It also includes an efficient CanStor\u00ae beverage dispenser and bright white interior LED light. This small refrigerator also features a clever, reversible door hinge that enables you to adjust it for a left or right-handed opening.\" \/>\n<meta name=\"robots\" content=\"index, follow, max-snippet:-1, max-image-preview:large, max-video-preview:-1\" \/>\n<link rel=\"canonical\" href=\"https:\/\/www.danby.com\/fr\/products\/refrigeration-compact\/dar026a2wdb\/\" \/>\n<meta property=\"og:locale\" content=\"fr_CA\" \/>\n<meta property=\"og:type\" content=\"article\" \/>\n<meta property=\"og:title\" content=\"Danby R\u00e9frig\u00e9rateur compact classique contemporain de 2,6 pi3 en blanc - DAR026A2WDB | Danby Canada\" \/>\n<meta property=\"og:description\" content=\"Drawing inspiration from mid-century styling and simplicity, Danby\u2019s patented contemporary refrigerators reimagine retro for the modern consumer. The contemporary classic compact features Danby\u2019s exclusive retro-inspired curved door design, flat white door finish, rubber-grip ergonomic chrome handle, and stylized chrome worktop. Its signature interior only outmatches the exterior features. Boasting 2.6 cubic feet (73 L) of storage and cooling space, it features two and a half-tempered glass shelves for maximum storage versatility. There\u2019s more than enough room for larger bottles, and the spacious unit helps keep electrical bills in check with its ENERGY STAR\u00ae rating and state-of-the-art mechanical thermostat. Maintenance and cleaning are simple with the automatic defrost system. It also includes an efficient CanStor\u00ae beverage dispenser and bright white interior LED light. This small refrigerator also features a clever, reversible door hinge that enables you to adjust it for a left or right-handed opening.\" \/>\n<meta property=\"og:url\" content=\"https:\/\/www.danby.com\/fr\/products\/refrigeration-compact\/dar026a2wdb\/\" \/>\n<meta property=\"og:site_name\" content=\"Danby - Canada - French\" \/>\n<meta property=\"article:publisher\" content=\"https:\/\/www.facebook.com\/DanbyAppliances\" \/>\n<meta property=\"article:modified_time\" content=\"2026-04-30T10:05:03+00:00\" \/>\n<meta property=\"og:image\" content=\"https:\/\/cdnweb.danby.com\/wp-content\/uploads\/sites\/2\/2024\/04\/24202355\/Thumbnail__0039_DAR026A2WDB.jpg\" \/>\n\t<meta property=\"og:image:width\" content=\"1125\" \/>\n\t<meta property=\"og:image:height\" content=\"1500\" \/>\n\t<meta property=\"og:image:type\" content=\"image\/jpeg\" \/>\n<meta name=\"twitter:card\" content=\"summary_large_image\" \/>\n<meta name=\"twitter:site\" content=\"@DanbyAppliance\" \/>\n<script type=\"application\/ld+json\" class=\"yoast-schema-graph\">{\"@context\":\"https:\\\/\\\/schema.org\",\"@graph\":[{\"@type\":[\"WebPage\",\"ItemPage\"],\"url\":\"https:\\\/\\\/www.danby.com\\\/fr\\\/products\\\/refrigeration-compact\\\/dar026a2wdb\\\/\",\"name\":\"Danby R\u00e9frig\u00e9rateur compact classique contemporain de 2,6 pi3 en blanc - DAR026A2WDB | Danby Canada\",\"isPartOf\":[],\"primaryImageOfPage\":[],\"image\":[],\"thumbnailUrl\":\"https:\\\/\\\/www.danby.com\\\/fr\\\/wp-content\\\/uploads\\\/sites\\\/2\\\/2025\\\/09\\\/dar026a2wdb-thumbnail.jpg\",\"datePublished\":\"2022-02-03T19:13:08+00:00\",\"dateModified\":\"2026-04-30T10:05:03+00:00\",\"description\":\"Drawing inspiration from mid-century styling and simplicity, Danby\u2019s patented contemporary refrigerators reimagine retro for the modern consumer. The contemporary classic compact features Danby\u2019s exclusive retro-inspired curved door design, flat white door finish, rubber-grip ergonomic chrome handle, and stylized chrome worktop. Its signature interior only outmatches the exterior features. Boasting 2.6 cubic feet (73 L) of storage and cooling space, it features two and a half-tempered glass shelves for maximum storage versatility. There\u2019s more than enough room for larger bottles, and the spacious unit helps keep electrical bills in check with its ENERGY STAR\u00ae rating and state-of-the-art mechanical thermostat. Maintenance and cleaning are simple with the automatic defrost system. It also includes an efficient CanStor\u00ae beverage dispenser and bright white interior LED light. This small refrigerator also features a clever, reversible door hinge that enables you to adjust it for a left or right-handed opening.\",\"breadcrumb\":[],\"inLanguage\":\"fr-CA\",\"potentialAction\":[{\"@type\":\"ReadAction\",\"target\":[\"https:\\\/\\\/www.danby.com\\\/fr\\\/products\\\/refrigeration-compact\\\/dar026a2wdb\\\/\"]}]},{\"@type\":\"ImageObject\",\"inLanguage\":\"fr-CA\",\"url\":\"https:\\\/\\\/www.danby.com\\\/fr\\\/wp-content\\\/uploads\\\/sites\\\/2\\\/2025\\\/09\\\/dar026a2wdb-thumbnail.jpg\",\"contentUrl\":\"https:\\\/\\\/www.danby.com\\\/fr\\\/wp-content\\\/uploads\\\/sites\\\/2\\\/2025\\\/09\\\/dar026a2wdb-thumbnail.jpg\",\"width\":768,\"height\":1024},{\"@type\":\"BreadcrumbList\",\"itemListElement\":[{\"@type\":\"ListItem\",\"position\":1,\"name\":\"Home\",\"item\":\"https:\\\/\\\/www.danby.com\\\/fr\\\/\"},{\"@type\":\"ListItem\",\"position\":2,\"name\":\"Boutique\",\"item\":\"https:\\\/\\\/www.danby.com\\\/fr\\\/boutique\\\/\"},{\"@type\":\"ListItem\",\"position\":3,\"name\":\"Danby R\u00e9frig\u00e9rateur compact classique contemporain de 2,6 pi3 en blanc\"}]},{\"@type\":\"WebSite\",\"url\":\"https:\\\/\\\/www.danby.com\\\/fr\\\/\",\"name\":\"Danby - Canada - French\",\"description\":\"Leader dans le domaine de la r\u00e9frig\u00e9ration et des appareils sp\u00e9cialis\u00e9s\",\"publisher\":[],\"potentialAction\":[{\"@type\":\"SearchAction\",\"target\":{\"@type\":\"EntryPoint\",\"urlTemplate\":\"https:\\\/\\\/www.danby.com\\\/fr\\\/?s={search_term_string}\"},\"query-input\":{\"@type\":\"PropertyValueSpecification\",\"valueRequired\":true,\"valueName\":\"search_term_string\"}}],\"inLanguage\":\"fr-CA\"},{\"@type\":\"Organization\",\"name\":\"Danby Appliances\",\"url\":\"https:\\\/\\\/www.danby.com\\\/fr\\\/\",\"logo\":{\"@type\":\"ImageObject\",\"inLanguage\":\"fr-CA\",\"url\":\"https:\\\/\\\/cdnweb.danby.com\\\/wp-content\\\/uploads\\\/sites\\\/2\\\/2022\\\/02\\\/10141906\\\/Danby75Ans_Blue.png\",\"contentUrl\":\"https:\\\/\\\/cdnweb.danby.com\\\/wp-content\\\/uploads\\\/sites\\\/2\\\/2022\\\/02\\\/10141906\\\/Danby75Ans_Blue.png\",\"width\":470,\"height\":110,\"caption\":\"Danby Appliances\"},\"image\":[],\"sameAs\":[\"https:\\\/\\\/www.facebook.com\\\/DanbyAppliances\",\"https:\\\/\\\/x.com\\\/DanbyAppliance\",\"https:\\\/\\\/instagram.com\\\/danbyappliances\\\/\",\"https:\\\/\\\/www.linkedin.com\\\/company\\\/danbyappliances\",\"https:\\\/\\\/www.pinterest.ca\\\/danbyappliances\\\/\",\"https:\\\/\\\/www.youtube.com\\\/user\\\/DanbyProducts\",\"https:\\\/\\\/en.wikipedia.org\\\/wiki\\\/Danby_(appliances)\"]}]}<\/script>\n<!-- \/ Yoast SEO plugin. -->","yoast_head_json":{"title":"Danby R\u00e9frig\u00e9rateur compact classique contemporain de 2,6 pi3 en blanc - DAR026A2WDB | Danby Canada","description":"Drawing inspiration from mid-century styling and simplicity, Danby\u2019s patented contemporary refrigerators reimagine retro for the modern consumer. The contemporary classic compact features Danby\u2019s exclusive retro-inspired curved door design, flat white door finish, rubber-grip ergonomic chrome handle, and stylized chrome worktop. Its signature interior only outmatches the exterior features. Boasting 2.6 cubic feet (73 L) of storage and cooling space, it features two and a half-tempered glass shelves for maximum storage versatility. There\u2019s more than enough room for larger bottles, and the spacious unit helps keep electrical bills in check with its ENERGY STAR\u00ae rating and state-of-the-art mechanical thermostat. Maintenance and cleaning are simple with the automatic defrost system. It also includes an efficient CanStor\u00ae beverage dispenser and bright white interior LED light. This small refrigerator also features a clever, reversible door hinge that enables you to adjust it for a left or right-handed opening.","robots":{"index":"index","follow":"follow","max-snippet":"max-snippet:-1","max-image-preview":"max-image-preview:large","max-video-preview":"max-video-preview:-1"},"canonical":"https:\/\/www.danby.com\/fr\/products\/refrigeration-compact\/dar026a2wdb\/","og_locale":"fr_CA","og_type":"article","og_title":"Danby R\u00e9frig\u00e9rateur compact classique contemporain de 2,6 pi3 en blanc - DAR026A2WDB | Danby Canada","og_description":"Drawing inspiration from mid-century styling and simplicity, Danby\u2019s patented contemporary refrigerators reimagine retro for the modern consumer. The contemporary classic compact features Danby\u2019s exclusive retro-inspired curved door design, flat white door finish, rubber-grip ergonomic chrome handle, and stylized chrome worktop. Its signature interior only outmatches the exterior features. Boasting 2.6 cubic feet (73 L) of storage and cooling space, it features two and a half-tempered glass shelves for maximum storage versatility. There\u2019s more than enough room for larger bottles, and the spacious unit helps keep electrical bills in check with its ENERGY STAR\u00ae rating and state-of-the-art mechanical thermostat. Maintenance and cleaning are simple with the automatic defrost system. It also includes an efficient CanStor\u00ae beverage dispenser and bright white interior LED light. This small refrigerator also features a clever, reversible door hinge that enables you to adjust it for a left or right-handed opening.","og_url":"https:\/\/www.danby.com\/fr\/products\/refrigeration-compact\/dar026a2wdb\/","og_site_name":"Danby - Canada - French","article_publisher":"https:\/\/www.facebook.com\/DanbyAppliances","article_modified_time":"2026-04-30T10:05:03+00:00","og_image":[{"width":1125,"height":1500,"url":"https:\/\/cdnweb.danby.com\/wp-content\/uploads\/sites\/2\/2024\/04\/24202355\/Thumbnail__0039_DAR026A2WDB.jpg","type":"image\/jpeg"}],"twitter_card":"summary_large_image","twitter_site":"@DanbyAppliance","schema":{"@context":"https:\/\/schema.org","@graph":[{"@type":["WebPage","ItemPage"],"url":"https:\/\/www.danby.com\/fr\/products\/refrigeration-compact\/dar026a2wdb\/","name":"Danby R\u00e9frig\u00e9rateur compact classique contemporain de 2,6 pi3 en blanc - DAR026A2WDB | Danby Canada","isPartOf":[],"primaryImageOfPage":[],"image":[],"thumbnailUrl":"https:\/\/www.danby.com\/fr\/wp-content\/uploads\/sites\/2\/2025\/09\/dar026a2wdb-thumbnail.jpg","datePublished":"2022-02-03T19:13:08+00:00","dateModified":"2026-04-30T10:05:03+00:00","description":"Drawing inspiration from mid-century styling and simplicity, Danby\u2019s patented contemporary refrigerators reimagine retro for the modern consumer. The contemporary classic compact features Danby\u2019s exclusive retro-inspired curved door design, flat white door finish, rubber-grip ergonomic chrome handle, and stylized chrome worktop. Its signature interior only outmatches the exterior features. Boasting 2.6 cubic feet (73 L) of storage and cooling space, it features two and a half-tempered glass shelves for maximum storage versatility. There\u2019s more than enough room for larger bottles, and the spacious unit helps keep electrical bills in check with its ENERGY STAR\u00ae rating and state-of-the-art mechanical thermostat. Maintenance and cleaning are simple with the automatic defrost system. It also includes an efficient CanStor\u00ae beverage dispenser and bright white interior LED light. This small refrigerator also features a clever, reversible door hinge that enables you to adjust it for a left or right-handed opening.","breadcrumb":[],"inLanguage":"fr-CA","potentialAction":[{"@type":"ReadAction","target":["https:\/\/www.danby.com\/fr\/products\/refrigeration-compact\/dar026a2wdb\/"]}]},{"@type":"ImageObject","inLanguage":"fr-CA","url":"https:\/\/www.danby.com\/fr\/wp-content\/uploads\/sites\/2\/2025\/09\/dar026a2wdb-thumbnail.jpg","contentUrl":"https:\/\/www.danby.com\/fr\/wp-content\/uploads\/sites\/2\/2025\/09\/dar026a2wdb-thumbnail.jpg","width":768,"height":1024},{"@type":"BreadcrumbList","itemListElement":[{"@type":"ListItem","position":1,"name":"Home","item":"https:\/\/www.danby.com\/fr\/"},{"@type":"ListItem","position":2,"name":"Boutique","item":"https:\/\/www.danby.com\/fr\/boutique\/"},{"@type":"ListItem","position":3,"name":"Danby R\u00e9frig\u00e9rateur compact classique contemporain de 2,6 pi3 en blanc"}]},{"@type":"WebSite","url":"https:\/\/www.danby.com\/fr\/","name":"Danby - Canada - French","description":"Leader dans le domaine de la r\u00e9frig\u00e9ration et des appareils sp\u00e9cialis\u00e9s","publisher":[],"potentialAction":[{"@type":"SearchAction","target":{"@type":"EntryPoint","urlTemplate":"https:\/\/www.danby.com\/fr\/?s={search_term_string}"},"query-input":{"@type":"PropertyValueSpecification","valueRequired":true,"valueName":"search_term_string"}}],"inLanguage":"fr-CA"},{"@type":"Organization","name":"Danby Appliances","url":"https:\/\/www.danby.com\/fr\/","logo":{"@type":"ImageObject","inLanguage":"fr-CA","url":"https:\/\/cdnweb.danby.com\/wp-content\/uploads\/sites\/2\/2022\/02\/10141906\/Danby75Ans_Blue.png","contentUrl":"https:\/\/cdnweb.danby.com\/wp-content\/uploads\/sites\/2\/2022\/02\/10141906\/Danby75Ans_Blue.png","width":470,"height":110,"caption":"Danby Appliances"},"image":[],"sameAs":["https:\/\/www.facebook.com\/DanbyAppliances","https:\/\/x.com\/DanbyAppliance","https:\/\/instagram.com\/danbyappliances\/","https:\/\/www.linkedin.com\/company\/danbyappliances","https:\/\/www.pinterest.ca\/danbyappliances\/","https:\/\/www.youtube.com\/user\/DanbyProducts","https:\/\/en.wikipedia.org\/wiki\/Danby_(appliances)"]}]}},"post_mailing_queue_ids":[],"_links":{"self":[{"href":"https:\/\/www.danby.com\/fr\/wp-json\/wp\/v2\/product\/4606","targetHints":{"allow":["GET"]}}],"collection":[{"href":"https:\/\/www.danby.com\/fr\/wp-json\/wp\/v2\/product"}],"about":[{"href":"https:\/\/www.danby.com\/fr\/wp-json\/wp\/v2\/types\/product"}],"replies":[{"embeddable":true,"href":"https:\/\/www.danby.com\/fr\/wp-json\/wp\/v2\/comments?post=4606"}],"wp:featuredmedia":[{"embeddable":true,"href":"https:\/\/www.danby.com\/fr\/wp-json\/wp\/v2\/media\/34766"}],"wp:attachment":[{"href":"https:\/\/www.danby.com\/fr\/wp-json\/wp\/v2\/media?parent=4606"}],"wp:term":[{"taxonomy":"product_brand","embeddable":true,"href":"https:\/\/www.danby.com\/fr\/wp-json\/wp\/v2\/product_brand?post=4606"},{"taxonomy":"product_cat","embeddable":true,"href":"https:\/\/www.danby.com\/fr\/wp-json\/wp\/v2\/product_cat?post=4606"},{"taxonomy":"product_tag","embeddable":true,"href":"https:\/\/www.danby.com\/fr\/wp-json\/wp\/v2\/product_tag?post=4606"}],"curies":[{"name":"wp","href":"https:\/\/api.w.org\/{rel}","templated":true}]}}