{"id":4600,"date":"2022-02-03T19:13:08","date_gmt":"2022-02-03T19:13:08","guid":{"rendered":"https:\/\/www.danby.com\/fr\/product\/dar026a1wdd-3\/"},"modified":"2026-04-14T10:05:53","modified_gmt":"2026-04-14T10:05:53","slug":"dar026a1wdd-3","status":"publish","type":"product","link":"https:\/\/www.danby.com\/fr\/products\/refrigeration-compact\/dar026a1wdd-3\/","title":{"rendered":"R\u00e9frig\u00e9rateur compact Danby Designer de 2,6 pi3"},"content":{"rendered":"","protected":false},"excerpt":{"rendered":"<ul>\n<li>Capacit\u00e9 de 2,6 pi3. (73 L) capacit\u00e9 compact tout r\u00e9frig\u00e9rateur<\/li>\n<li>Compatible avec Energy Star\u00ae<\/li>\n<li>R\u00e9frig\u00e9rant \u00e9cologique R600a<\/li>\n<li>Syst\u00e8me de d\u00e9givrage automatique<\/li>\n<li>2 tablettes en fil m\u00e9tallique r\u00e9glables sur toute la largeur et 1 &#8211; 1\/2 largeur<\/li>\n<li>Rangement des grandes bouteilles &#8211; id\u00e9al pour les grandes bouteilles de soda<\/li>\n<li>Syst\u00e8me de distribution de boissons CanStor\u00ae<\/li>\n<li>Thermostat m\u00e9canique<\/li>\n<li>Tableau de travail r\u00e9sistant aux rayures<\/li>\n<li>Poign\u00e9e de porte int\u00e9gr\u00e9e<\/li>\n<li>Charni\u00e8re de porte r\u00e9versible<\/li>\n<li>Conception de dos lisse<\/li>\n<\/ul>\n","protected":false},"featured_media":5716,"comment_status":"closed","ping_status":"open","template":"","meta":{"_acf_changed":false},"product_brand":[],"product_cat":[22],"product_tag":[],"class_list":{"0":"post-4600","1":"product","2":"type-product","3":"status-publish","4":"has-post-thumbnail","6":"product_cat-refrigeration-compact","8":"first","9":"outofstock","10":"taxable","11":"shipping-taxable","12":"product-type-simple"},"acf":[],"yoast_head":"<!-- This site is optimized with the Yoast SEO plugin v26.7 - https:\/\/yoast.com\/wordpress\/plugins\/seo\/ -->\n<title>R\u00e9frig\u00e9rateur compact Danby Designer de 2,6 pi3 - DAR026A1WDD-3 | Danby Canada<\/title>\n<meta name=\"description\" content=\"Vous pouvez ajouter une touche de classe \u00e0 n&#039;importe quelle pi\u00e8ce de votre maison ou de votre bureau avec ce remarquable r\u00e9frig\u00e9rateur compact de Danby. D&#039;une hauteur d&#039;un peu plus de deux pieds, il offre une capacit\u00e9 de refroidissement de 73 litres (2,6 pi3). C&#039;est l&#039;appareil id\u00e9al pour les planchers et les comptoirs, ce qui en fait le r\u00e9frig\u00e9rateur parfait pour les espaces tels que les dortoirs et les bars humides. Trouver de l&#039;espace de rangement pour les grandes bouteilles n&#039;est pas un probl\u00e8me du tout et le distributeur de boissons CanStor de troisi\u00e8me g\u00e9n\u00e9ration n&#039;a pas son pareil. Les accessoires peuvent \u00eatre facilement rang\u00e9s sur le plan de travail r\u00e9sistant aux rayures et il n&#039;est pas n\u00e9cessaire de d\u00e9givrer l&#039;appareil car cela se fait automatiquement. Ce splendide appareil est \u00e9galement dot\u00e9 d&#039;un thermostat m\u00e9canique et offre 2,5 solides \u00e9tag\u00e8res en fil m\u00e9tallique pour une polyvalence de rangement maximale. Les gauchers et les droitiers appr\u00e9cieront la porte r\u00e9versible pratique et la poign\u00e9e de porte int\u00e9gr\u00e9e. Cet appareil compact est \u00e9galement assorti d&#039;une garantie pi\u00e8ces et main d&#039;\u0153uvre de 18 mois.\" \/>\n<meta name=\"robots\" content=\"index, follow, max-snippet:-1, max-image-preview:large, max-video-preview:-1\" \/>\n<link rel=\"canonical\" href=\"https:\/\/www.danby.com\/fr\/products\/refrigeration-compact\/dar026a1wdd-3\/\" \/>\n<meta property=\"og:locale\" content=\"fr_CA\" \/>\n<meta property=\"og:type\" content=\"article\" \/>\n<meta property=\"og:title\" content=\"R\u00e9frig\u00e9rateur compact Danby Designer de 2,6 pi3 - DAR026A1WDD-3 | Danby Canada\" \/>\n<meta property=\"og:description\" content=\"Vous pouvez ajouter une touche de classe \u00e0 n&#039;importe quelle pi\u00e8ce de votre maison ou de votre bureau avec ce remarquable r\u00e9frig\u00e9rateur compact de Danby. D&#039;une hauteur d&#039;un peu plus de deux pieds, il offre une capacit\u00e9 de refroidissement de 73 litres (2,6 pi3). C&#039;est l&#039;appareil id\u00e9al pour les planchers et les comptoirs, ce qui en fait le r\u00e9frig\u00e9rateur parfait pour les espaces tels que les dortoirs et les bars humides. Trouver de l&#039;espace de rangement pour les grandes bouteilles n&#039;est pas un probl\u00e8me du tout et le distributeur de boissons CanStor de troisi\u00e8me g\u00e9n\u00e9ration n&#039;a pas son pareil. Les accessoires peuvent \u00eatre facilement rang\u00e9s sur le plan de travail r\u00e9sistant aux rayures et il n&#039;est pas n\u00e9cessaire de d\u00e9givrer l&#039;appareil car cela se fait automatiquement. Ce splendide appareil est \u00e9galement dot\u00e9 d&#039;un thermostat m\u00e9canique et offre 2,5 solides \u00e9tag\u00e8res en fil m\u00e9tallique pour une polyvalence de rangement maximale. Les gauchers et les droitiers appr\u00e9cieront la porte r\u00e9versible pratique et la poign\u00e9e de porte int\u00e9gr\u00e9e. Cet appareil compact est \u00e9galement assorti d&#039;une garantie pi\u00e8ces et main d&#039;\u0153uvre de 18 mois.\" \/>\n<meta property=\"og:url\" content=\"https:\/\/www.danby.com\/fr\/products\/refrigeration-compact\/dar026a1wdd-3\/\" \/>\n<meta property=\"og:site_name\" content=\"Danby - Canada - French\" \/>\n<meta property=\"article:publisher\" content=\"https:\/\/www.facebook.com\/DanbyAppliances\" \/>\n<meta property=\"article:modified_time\" content=\"2026-04-14T10:05:53+00:00\" \/>\n<meta property=\"og:image\" content=\"https:\/\/cdnweb.danby.com\/wp-content\/uploads\/sites\/2\/2022\/02\/08181820\/proMed-dar259w2.jpg\" \/>\n\t<meta property=\"og:image:width\" content=\"303\" \/>\n\t<meta property=\"og:image:height\" content=\"275\" \/>\n\t<meta property=\"og:image:type\" content=\"image\/jpeg\" \/>\n<meta name=\"twitter:card\" content=\"summary_large_image\" \/>\n<meta name=\"twitter:site\" content=\"@DanbyAppliance\" \/>\n<script type=\"application\/ld+json\" class=\"yoast-schema-graph\">{\"@context\":\"https:\/\/schema.org\",\"@graph\":[{\"@type\":[\"WebPage\",\"ItemPage\"],\"url\":\"https:\/\/www.danby.com\/fr\/products\/refrigeration-compact\/dar026a1wdd-3\/\",\"name\":\"R\u00e9frig\u00e9rateur compact Danby Designer de 2,6 pi3 - DAR026A1WDD-3 | Danby Canada\",\"isPartOf\":[],\"primaryImageOfPage\":[],\"image\":[],\"thumbnailUrl\":\"https:\/\/cdnweb.danby.com\/wp-content\/uploads\/sites\/2\/2022\/02\/08181820\/proMed-dar259w2.jpg\",\"datePublished\":\"2022-02-03T19:13:08+00:00\",\"dateModified\":\"2026-04-14T10:05:53+00:00\",\"description\":\"Vous pouvez ajouter une touche de classe \u00e0 n'importe quelle pi\u00e8ce de votre maison ou de votre bureau avec ce remarquable r\u00e9frig\u00e9rateur compact de Danby. D'une hauteur d'un peu plus de deux pieds, il offre une capacit\u00e9 de refroidissement de 73 litres (2,6 pi3). C'est l'appareil id\u00e9al pour les planchers et les comptoirs, ce qui en fait le r\u00e9frig\u00e9rateur parfait pour les espaces tels que les dortoirs et les bars humides. Trouver de l'espace de rangement pour les grandes bouteilles n'est pas un probl\u00e8me du tout et le distributeur de boissons CanStor de troisi\u00e8me g\u00e9n\u00e9ration n'a pas son pareil. Les accessoires peuvent \u00eatre facilement rang\u00e9s sur le plan de travail r\u00e9sistant aux rayures et il n'est pas n\u00e9cessaire de d\u00e9givrer l'appareil car cela se fait automatiquement. Ce splendide appareil est \u00e9galement dot\u00e9 d'un thermostat m\u00e9canique et offre 2,5 solides \u00e9tag\u00e8res en fil m\u00e9tallique pour une polyvalence de rangement maximale. Les gauchers et les droitiers appr\u00e9cieront la porte r\u00e9versible pratique et la poign\u00e9e de porte int\u00e9gr\u00e9e. Cet appareil compact est \u00e9galement assorti d'une garantie pi\u00e8ces et main d'\u0153uvre de 18 mois.\",\"breadcrumb\":[],\"inLanguage\":\"fr-CA\",\"potentialAction\":[{\"@type\":\"ReadAction\",\"target\":[\"https:\/\/www.danby.com\/fr\/products\/refrigeration-compact\/dar026a1wdd-3\/\"]}]},{\"@type\":\"ImageObject\",\"inLanguage\":\"fr-CA\",\"url\":\"https:\/\/cdnweb.danby.com\/wp-content\/uploads\/sites\/2\/2022\/02\/08181820\/proMed-dar259w2.jpg\",\"contentUrl\":\"https:\/\/cdnweb.danby.com\/wp-content\/uploads\/sites\/2\/2022\/02\/08181820\/proMed-dar259w2.jpg\",\"width\":303,\"height\":275},{\"@type\":\"BreadcrumbList\",\"itemListElement\":[{\"@type\":\"ListItem\",\"position\":1,\"name\":\"Home\",\"item\":\"https:\/\/www.danby.com\/fr\/\"},{\"@type\":\"ListItem\",\"position\":2,\"name\":\"Boutique\",\"item\":\"https:\/\/www.danby.com\/fr\/boutique\/\"},{\"@type\":\"ListItem\",\"position\":3,\"name\":\"R\u00e9frig\u00e9rateur compact Danby Designer de 2,6 pi3\"}]},{\"@type\":\"WebSite\",\"url\":\"https:\/\/www.danby.com\/fr\/\",\"name\":\"Danby - Canada - French\",\"description\":\"Leader dans le domaine de la r\u00e9frig\u00e9ration et des appareils sp\u00e9cialis\u00e9s\",\"publisher\":[],\"potentialAction\":[{\"@type\":\"SearchAction\",\"target\":{\"@type\":\"EntryPoint\",\"urlTemplate\":\"https:\/\/www.danby.com\/fr\/?s={search_term_string}\"},\"query-input\":{\"@type\":\"PropertyValueSpecification\",\"valueRequired\":true,\"valueName\":\"search_term_string\"}}],\"inLanguage\":\"fr-CA\"},{\"@type\":\"Organization\",\"name\":\"Danby Appliances\",\"url\":\"https:\/\/www.danby.com\/fr\/\",\"logo\":{\"@type\":\"ImageObject\",\"inLanguage\":\"fr-CA\",\"url\":\"https:\/\/cdnweb.danby.com\/wp-content\/uploads\/sites\/2\/2022\/02\/10141906\/Danby75Ans_Blue.png\",\"contentUrl\":\"https:\/\/cdnweb.danby.com\/wp-content\/uploads\/sites\/2\/2022\/02\/10141906\/Danby75Ans_Blue.png\",\"width\":470,\"height\":110,\"caption\":\"Danby Appliances\"},\"image\":[],\"sameAs\":[\"https:\/\/www.facebook.com\/DanbyAppliances\",\"https:\/\/x.com\/DanbyAppliance\",\"https:\/\/instagram.com\/danbyappliances\/\",\"https:\/\/www.linkedin.com\/company\/danbyappliances\",\"https:\/\/www.pinterest.ca\/danbyappliances\/\",\"https:\/\/www.youtube.com\/user\/DanbyProducts\",\"https:\/\/en.wikipedia.org\/wiki\/Danby_(appliances)\"]}]}<\/script>\n<!-- \/ Yoast SEO plugin. -->","yoast_head_json":{"title":"R\u00e9frig\u00e9rateur compact Danby Designer de 2,6 pi3 - DAR026A1WDD-3 | Danby Canada","description":"Vous pouvez ajouter une touche de classe \u00e0 n'importe quelle pi\u00e8ce de votre maison ou de votre bureau avec ce remarquable r\u00e9frig\u00e9rateur compact de Danby. D'une hauteur d'un peu plus de deux pieds, il offre une capacit\u00e9 de refroidissement de 73 litres (2,6 pi3). C'est l'appareil id\u00e9al pour les planchers et les comptoirs, ce qui en fait le r\u00e9frig\u00e9rateur parfait pour les espaces tels que les dortoirs et les bars humides. Trouver de l'espace de rangement pour les grandes bouteilles n'est pas un probl\u00e8me du tout et le distributeur de boissons CanStor de troisi\u00e8me g\u00e9n\u00e9ration n'a pas son pareil. Les accessoires peuvent \u00eatre facilement rang\u00e9s sur le plan de travail r\u00e9sistant aux rayures et il n'est pas n\u00e9cessaire de d\u00e9givrer l'appareil car cela se fait automatiquement. Ce splendide appareil est \u00e9galement dot\u00e9 d'un thermostat m\u00e9canique et offre 2,5 solides \u00e9tag\u00e8res en fil m\u00e9tallique pour une polyvalence de rangement maximale. Les gauchers et les droitiers appr\u00e9cieront la porte r\u00e9versible pratique et la poign\u00e9e de porte int\u00e9gr\u00e9e. Cet appareil compact est \u00e9galement assorti d'une garantie pi\u00e8ces et main d'\u0153uvre de 18 mois.","robots":{"index":"index","follow":"follow","max-snippet":"max-snippet:-1","max-image-preview":"max-image-preview:large","max-video-preview":"max-video-preview:-1"},"canonical":"https:\/\/www.danby.com\/fr\/products\/refrigeration-compact\/dar026a1wdd-3\/","og_locale":"fr_CA","og_type":"article","og_title":"R\u00e9frig\u00e9rateur compact Danby Designer de 2,6 pi3 - DAR026A1WDD-3 | Danby Canada","og_description":"Vous pouvez ajouter une touche de classe \u00e0 n'importe quelle pi\u00e8ce de votre maison ou de votre bureau avec ce remarquable r\u00e9frig\u00e9rateur compact de Danby. D'une hauteur d'un peu plus de deux pieds, il offre une capacit\u00e9 de refroidissement de 73 litres (2,6 pi3). C'est l'appareil id\u00e9al pour les planchers et les comptoirs, ce qui en fait le r\u00e9frig\u00e9rateur parfait pour les espaces tels que les dortoirs et les bars humides. Trouver de l'espace de rangement pour les grandes bouteilles n'est pas un probl\u00e8me du tout et le distributeur de boissons CanStor de troisi\u00e8me g\u00e9n\u00e9ration n'a pas son pareil. Les accessoires peuvent \u00eatre facilement rang\u00e9s sur le plan de travail r\u00e9sistant aux rayures et il n'est pas n\u00e9cessaire de d\u00e9givrer l'appareil car cela se fait automatiquement. Ce splendide appareil est \u00e9galement dot\u00e9 d'un thermostat m\u00e9canique et offre 2,5 solides \u00e9tag\u00e8res en fil m\u00e9tallique pour une polyvalence de rangement maximale. Les gauchers et les droitiers appr\u00e9cieront la porte r\u00e9versible pratique et la poign\u00e9e de porte int\u00e9gr\u00e9e. Cet appareil compact est \u00e9galement assorti d'une garantie pi\u00e8ces et main d'\u0153uvre de 18 mois.","og_url":"https:\/\/www.danby.com\/fr\/products\/refrigeration-compact\/dar026a1wdd-3\/","og_site_name":"Danby - Canada - French","article_publisher":"https:\/\/www.facebook.com\/DanbyAppliances","article_modified_time":"2026-04-14T10:05:53+00:00","og_image":[{"width":303,"height":275,"url":"https:\/\/cdnweb.danby.com\/wp-content\/uploads\/sites\/2\/2022\/02\/08181820\/proMed-dar259w2.jpg","type":"image\/jpeg"}],"twitter_card":"summary_large_image","twitter_site":"@DanbyAppliance","schema":{"@context":"https:\/\/schema.org","@graph":[{"@type":["WebPage","ItemPage"],"url":"https:\/\/www.danby.com\/fr\/products\/refrigeration-compact\/dar026a1wdd-3\/","name":"R\u00e9frig\u00e9rateur compact Danby Designer de 2,6 pi3 - DAR026A1WDD-3 | Danby Canada","isPartOf":[],"primaryImageOfPage":[],"image":[],"thumbnailUrl":"https:\/\/cdnweb.danby.com\/wp-content\/uploads\/sites\/2\/2022\/02\/08181820\/proMed-dar259w2.jpg","datePublished":"2022-02-03T19:13:08+00:00","dateModified":"2026-04-14T10:05:53+00:00","description":"Vous pouvez ajouter une touche de classe \u00e0 n'importe quelle pi\u00e8ce de votre maison ou de votre bureau avec ce remarquable r\u00e9frig\u00e9rateur compact de Danby. D'une hauteur d'un peu plus de deux pieds, il offre une capacit\u00e9 de refroidissement de 73 litres (2,6 pi3). C'est l'appareil id\u00e9al pour les planchers et les comptoirs, ce qui en fait le r\u00e9frig\u00e9rateur parfait pour les espaces tels que les dortoirs et les bars humides. Trouver de l'espace de rangement pour les grandes bouteilles n'est pas un probl\u00e8me du tout et le distributeur de boissons CanStor de troisi\u00e8me g\u00e9n\u00e9ration n'a pas son pareil. Les accessoires peuvent \u00eatre facilement rang\u00e9s sur le plan de travail r\u00e9sistant aux rayures et il n'est pas n\u00e9cessaire de d\u00e9givrer l'appareil car cela se fait automatiquement. Ce splendide appareil est \u00e9galement dot\u00e9 d'un thermostat m\u00e9canique et offre 2,5 solides \u00e9tag\u00e8res en fil m\u00e9tallique pour une polyvalence de rangement maximale. Les gauchers et les droitiers appr\u00e9cieront la porte r\u00e9versible pratique et la poign\u00e9e de porte int\u00e9gr\u00e9e. Cet appareil compact est \u00e9galement assorti d'une garantie pi\u00e8ces et main d'\u0153uvre de 18 mois.","breadcrumb":[],"inLanguage":"fr-CA","potentialAction":[{"@type":"ReadAction","target":["https:\/\/www.danby.com\/fr\/products\/refrigeration-compact\/dar026a1wdd-3\/"]}]},{"@type":"ImageObject","inLanguage":"fr-CA","url":"https:\/\/cdnweb.danby.com\/wp-content\/uploads\/sites\/2\/2022\/02\/08181820\/proMed-dar259w2.jpg","contentUrl":"https:\/\/cdnweb.danby.com\/wp-content\/uploads\/sites\/2\/2022\/02\/08181820\/proMed-dar259w2.jpg","width":303,"height":275},{"@type":"BreadcrumbList","itemListElement":[{"@type":"ListItem","position":1,"name":"Home","item":"https:\/\/www.danby.com\/fr\/"},{"@type":"ListItem","position":2,"name":"Boutique","item":"https:\/\/www.danby.com\/fr\/boutique\/"},{"@type":"ListItem","position":3,"name":"R\u00e9frig\u00e9rateur compact Danby Designer de 2,6 pi3"}]},{"@type":"WebSite","url":"https:\/\/www.danby.com\/fr\/","name":"Danby - Canada - French","description":"Leader dans le domaine de la r\u00e9frig\u00e9ration et des appareils sp\u00e9cialis\u00e9s","publisher":[],"potentialAction":[{"@type":"SearchAction","target":{"@type":"EntryPoint","urlTemplate":"https:\/\/www.danby.com\/fr\/?s={search_term_string}"},"query-input":{"@type":"PropertyValueSpecification","valueRequired":true,"valueName":"search_term_string"}}],"inLanguage":"fr-CA"},{"@type":"Organization","name":"Danby Appliances","url":"https:\/\/www.danby.com\/fr\/","logo":{"@type":"ImageObject","inLanguage":"fr-CA","url":"https:\/\/cdnweb.danby.com\/wp-content\/uploads\/sites\/2\/2022\/02\/10141906\/Danby75Ans_Blue.png","contentUrl":"https:\/\/cdnweb.danby.com\/wp-content\/uploads\/sites\/2\/2022\/02\/10141906\/Danby75Ans_Blue.png","width":470,"height":110,"caption":"Danby Appliances"},"image":[],"sameAs":["https:\/\/www.facebook.com\/DanbyAppliances","https:\/\/x.com\/DanbyAppliance","https:\/\/instagram.com\/danbyappliances\/","https:\/\/www.linkedin.com\/company\/danbyappliances","https:\/\/www.pinterest.ca\/danbyappliances\/","https:\/\/www.youtube.com\/user\/DanbyProducts","https:\/\/en.wikipedia.org\/wiki\/Danby_(appliances)"]}]}},"post_mailing_queue_ids":[],"_links":{"self":[{"href":"https:\/\/www.danby.com\/fr\/wp-json\/wp\/v2\/product\/4600","targetHints":{"allow":["GET"]}}],"collection":[{"href":"https:\/\/www.danby.com\/fr\/wp-json\/wp\/v2\/product"}],"about":[{"href":"https:\/\/www.danby.com\/fr\/wp-json\/wp\/v2\/types\/product"}],"replies":[{"embeddable":true,"href":"https:\/\/www.danby.com\/fr\/wp-json\/wp\/v2\/comments?post=4600"}],"wp:featuredmedia":[{"embeddable":true,"href":"https:\/\/www.danby.com\/fr\/wp-json\/wp\/v2\/media\/5716"}],"wp:attachment":[{"href":"https:\/\/www.danby.com\/fr\/wp-json\/wp\/v2\/media?parent=4600"}],"wp:term":[{"taxonomy":"product_brand","embeddable":true,"href":"https:\/\/www.danby.com\/fr\/wp-json\/wp\/v2\/product_brand?post=4600"},{"taxonomy":"product_cat","embeddable":true,"href":"https:\/\/www.danby.com\/fr\/wp-json\/wp\/v2\/product_cat?post=4600"},{"taxonomy":"product_tag","embeddable":true,"href":"https:\/\/www.danby.com\/fr\/wp-json\/wp\/v2\/product_tag?post=4600"}],"curies":[{"name":"wp","href":"https:\/\/api.w.org\/{rel}","templated":true}]}}