{"id":4597,"date":"2022-02-03T19:13:08","date_gmt":"2022-02-03T19:13:08","guid":{"rendered":"https:\/\/www.danby.com\/fr\/product\/dar026a1bdd-3\/"},"modified":"2026-04-19T10:06:42","modified_gmt":"2026-04-19T10:06:42","slug":"dar026a1bdd-3","status":"publish","type":"product","link":"https:\/\/www.danby.com\/fr\/products\/refrigeration-compact\/dar026a1bdd-3\/","title":{"rendered":"R\u00e9frig\u00e9rateur compact Danby Designer de 2,6 pi3"},"content":{"rendered":"","protected":false},"excerpt":{"rendered":"<ul>\n<li>Capacit\u00e9 de 2,6 pi3. (73 L) capacit\u00e9 compact tout r\u00e9frig\u00e9rateur<\/li>\n<li>Compatible avec Energy Star\u00ae<\/li>\n<li>R\u00e9frig\u00e9rant \u00e9cologique R600a<\/li>\n<li>D\u00e9givrage automatique<\/li>\n<li>2 tablettes en fil m\u00e9tallique r\u00e9glables sur toute la largeur et 1 &#8211; 1\/2 largeur<\/li>\n<li>Rangement des grandes bouteilles &#8211; id\u00e9al pour les grandes bouteilles de soda<\/li>\n<li>Syst\u00e8me de distribution de boissons CanStor\u00ae<\/li>\n<li>Thermostat m\u00e9canique<\/li>\n<li>Tableau de travail r\u00e9sistant aux rayures<\/li>\n<li>Poign\u00e9e de porte int\u00e9gr\u00e9e<\/li>\n<li>Charni\u00e8re de porte r\u00e9versible<\/li>\n<li>Dessus lisse<\/li>\n<\/ul>\n","protected":false},"featured_media":6457,"comment_status":"closed","ping_status":"open","template":"","meta":{"_acf_changed":false},"product_brand":[],"product_cat":[22],"product_tag":[],"class_list":{"0":"post-4597","1":"product","2":"type-product","3":"status-publish","4":"has-post-thumbnail","6":"product_cat-refrigeration-compact","8":"first","9":"outofstock","10":"taxable","11":"shipping-taxable","12":"product-type-simple"},"acf":[],"yoast_head":"<!-- This site is optimized with the Yoast SEO plugin v26.7 - https:\/\/yoast.com\/wordpress\/plugins\/seo\/ -->\n<title>R\u00e9frig\u00e9rateur compact Danby Designer de 2,6 pi3 - DAR026A1BDD-3 | Danby Canada<\/title>\n<meta name=\"description\" content=\"Le r\u00e9frig\u00e9rateur compact Danby Designer\u00ae \u00e0 haut rendement \u00e9nerg\u00e9tique a une capacit\u00e9 de 2,6 pi3 et offre un espace suffisant pour une personne. Avec une hauteur d&#039;un peu plus d&#039;un m\u00e8tre, ce mod\u00e8le peut \u00eatre plac\u00e9 sur un comptoir ou sur le sol et constitue un ajout int\u00e9ressant pour les dortoirs. Il comprend notre distributeur de boissons Canstor\u00ae de deuxi\u00e8me g\u00e9n\u00e9ration, un rangement pour les grandes bouteilles et notre plan de travail r\u00e9sistant aux rayures pour ranger les accessoires.\" \/>\n<meta name=\"robots\" content=\"index, follow, max-snippet:-1, max-image-preview:large, max-video-preview:-1\" \/>\n<link rel=\"canonical\" href=\"https:\/\/www.danby.com\/fr\/products\/refrigeration-compact\/dar026a1bdd-3\/\" \/>\n<meta property=\"og:locale\" content=\"fr_CA\" \/>\n<meta property=\"og:type\" content=\"article\" \/>\n<meta property=\"og:title\" content=\"R\u00e9frig\u00e9rateur compact Danby Designer de 2,6 pi3 - DAR026A1BDD-3 | Danby Canada\" \/>\n<meta property=\"og:description\" content=\"Le r\u00e9frig\u00e9rateur compact Danby Designer\u00ae \u00e0 haut rendement \u00e9nerg\u00e9tique a une capacit\u00e9 de 2,6 pi3 et offre un espace suffisant pour une personne. Avec une hauteur d&#039;un peu plus d&#039;un m\u00e8tre, ce mod\u00e8le peut \u00eatre plac\u00e9 sur un comptoir ou sur le sol et constitue un ajout int\u00e9ressant pour les dortoirs. Il comprend notre distributeur de boissons Canstor\u00ae de deuxi\u00e8me g\u00e9n\u00e9ration, un rangement pour les grandes bouteilles et notre plan de travail r\u00e9sistant aux rayures pour ranger les accessoires.\" \/>\n<meta property=\"og:url\" content=\"https:\/\/www.danby.com\/fr\/products\/refrigeration-compact\/dar026a1bdd-3\/\" \/>\n<meta property=\"og:site_name\" content=\"Danby - Canada - French\" \/>\n<meta property=\"article:publisher\" content=\"https:\/\/www.facebook.com\/DanbyAppliances\" \/>\n<meta property=\"article:modified_time\" content=\"2026-04-19T10:06:42+00:00\" \/>\n<meta property=\"og:image\" content=\"https:\/\/cdnweb.danby.com\/wp-content\/uploads\/sites\/2\/2022\/02\/08184049\/DAR026A1BDD_Right.jpg\" \/>\n\t<meta property=\"og:image:width\" content=\"1500\" \/>\n\t<meta property=\"og:image:height\" content=\"1867\" \/>\n\t<meta property=\"og:image:type\" content=\"image\/jpeg\" \/>\n<meta name=\"twitter:card\" content=\"summary_large_image\" \/>\n<meta name=\"twitter:site\" content=\"@DanbyAppliance\" \/>\n<script type=\"application\/ld+json\" class=\"yoast-schema-graph\">{\"@context\":\"https:\/\/schema.org\",\"@graph\":[{\"@type\":[\"WebPage\",\"ItemPage\"],\"url\":\"https:\/\/www.danby.com\/fr\/products\/refrigeration-compact\/dar026a1bdd-3\/\",\"name\":\"R\u00e9frig\u00e9rateur compact Danby Designer de 2,6 pi3 - DAR026A1BDD-3 | Danby Canada\",\"isPartOf\":[],\"primaryImageOfPage\":[],\"image\":[],\"thumbnailUrl\":\"https:\/\/cdnweb.danby.com\/wp-content\/uploads\/sites\/2\/2022\/02\/08184049\/DAR026A1BDD_Right.jpg\",\"datePublished\":\"2022-02-03T19:13:08+00:00\",\"dateModified\":\"2026-04-19T10:06:42+00:00\",\"description\":\"Le r\u00e9frig\u00e9rateur compact Danby Designer\u00ae \u00e0 haut rendement \u00e9nerg\u00e9tique a une capacit\u00e9 de 2,6 pi3 et offre un espace suffisant pour une personne. Avec une hauteur d'un peu plus d'un m\u00e8tre, ce mod\u00e8le peut \u00eatre plac\u00e9 sur un comptoir ou sur le sol et constitue un ajout int\u00e9ressant pour les dortoirs. Il comprend notre distributeur de boissons Canstor\u00ae de deuxi\u00e8me g\u00e9n\u00e9ration, un rangement pour les grandes bouteilles et notre plan de travail r\u00e9sistant aux rayures pour ranger les accessoires.\",\"breadcrumb\":[],\"inLanguage\":\"fr-CA\",\"potentialAction\":[{\"@type\":\"ReadAction\",\"target\":[\"https:\/\/www.danby.com\/fr\/products\/refrigeration-compact\/dar026a1bdd-3\/\"]}]},{\"@type\":\"ImageObject\",\"inLanguage\":\"fr-CA\",\"url\":\"https:\/\/cdnweb.danby.com\/wp-content\/uploads\/sites\/2\/2022\/02\/08184049\/DAR026A1BDD_Right.jpg\",\"contentUrl\":\"https:\/\/cdnweb.danby.com\/wp-content\/uploads\/sites\/2\/2022\/02\/08184049\/DAR026A1BDD_Right.jpg\",\"width\":1500,\"height\":1867},{\"@type\":\"BreadcrumbList\",\"itemListElement\":[{\"@type\":\"ListItem\",\"position\":1,\"name\":\"Home\",\"item\":\"https:\/\/www.danby.com\/fr\/\"},{\"@type\":\"ListItem\",\"position\":2,\"name\":\"Boutique\",\"item\":\"https:\/\/www.danby.com\/fr\/boutique\/\"},{\"@type\":\"ListItem\",\"position\":3,\"name\":\"R\u00e9frig\u00e9rateur compact Danby Designer de 2,6 pi3\"}]},{\"@type\":\"WebSite\",\"url\":\"https:\/\/www.danby.com\/fr\/\",\"name\":\"Danby - Canada - French\",\"description\":\"Leader dans le domaine de la r\u00e9frig\u00e9ration et des appareils sp\u00e9cialis\u00e9s\",\"publisher\":[],\"potentialAction\":[{\"@type\":\"SearchAction\",\"target\":{\"@type\":\"EntryPoint\",\"urlTemplate\":\"https:\/\/www.danby.com\/fr\/?s={search_term_string}\"},\"query-input\":{\"@type\":\"PropertyValueSpecification\",\"valueRequired\":true,\"valueName\":\"search_term_string\"}}],\"inLanguage\":\"fr-CA\"},{\"@type\":\"Organization\",\"name\":\"Danby Appliances\",\"url\":\"https:\/\/www.danby.com\/fr\/\",\"logo\":{\"@type\":\"ImageObject\",\"inLanguage\":\"fr-CA\",\"url\":\"https:\/\/cdnweb.danby.com\/wp-content\/uploads\/sites\/2\/2022\/02\/10141906\/Danby75Ans_Blue.png\",\"contentUrl\":\"https:\/\/cdnweb.danby.com\/wp-content\/uploads\/sites\/2\/2022\/02\/10141906\/Danby75Ans_Blue.png\",\"width\":470,\"height\":110,\"caption\":\"Danby Appliances\"},\"image\":[],\"sameAs\":[\"https:\/\/www.facebook.com\/DanbyAppliances\",\"https:\/\/x.com\/DanbyAppliance\",\"https:\/\/instagram.com\/danbyappliances\/\",\"https:\/\/www.linkedin.com\/company\/danbyappliances\",\"https:\/\/www.pinterest.ca\/danbyappliances\/\",\"https:\/\/www.youtube.com\/user\/DanbyProducts\",\"https:\/\/en.wikipedia.org\/wiki\/Danby_(appliances)\"]}]}<\/script>\n<!-- \/ Yoast SEO plugin. -->","yoast_head_json":{"title":"R\u00e9frig\u00e9rateur compact Danby Designer de 2,6 pi3 - DAR026A1BDD-3 | Danby Canada","description":"Le r\u00e9frig\u00e9rateur compact Danby Designer\u00ae \u00e0 haut rendement \u00e9nerg\u00e9tique a une capacit\u00e9 de 2,6 pi3 et offre un espace suffisant pour une personne. Avec une hauteur d'un peu plus d'un m\u00e8tre, ce mod\u00e8le peut \u00eatre plac\u00e9 sur un comptoir ou sur le sol et constitue un ajout int\u00e9ressant pour les dortoirs. Il comprend notre distributeur de boissons Canstor\u00ae de deuxi\u00e8me g\u00e9n\u00e9ration, un rangement pour les grandes bouteilles et notre plan de travail r\u00e9sistant aux rayures pour ranger les accessoires.","robots":{"index":"index","follow":"follow","max-snippet":"max-snippet:-1","max-image-preview":"max-image-preview:large","max-video-preview":"max-video-preview:-1"},"canonical":"https:\/\/www.danby.com\/fr\/products\/refrigeration-compact\/dar026a1bdd-3\/","og_locale":"fr_CA","og_type":"article","og_title":"R\u00e9frig\u00e9rateur compact Danby Designer de 2,6 pi3 - DAR026A1BDD-3 | Danby Canada","og_description":"Le r\u00e9frig\u00e9rateur compact Danby Designer\u00ae \u00e0 haut rendement \u00e9nerg\u00e9tique a une capacit\u00e9 de 2,6 pi3 et offre un espace suffisant pour une personne. Avec une hauteur d'un peu plus d'un m\u00e8tre, ce mod\u00e8le peut \u00eatre plac\u00e9 sur un comptoir ou sur le sol et constitue un ajout int\u00e9ressant pour les dortoirs. Il comprend notre distributeur de boissons Canstor\u00ae de deuxi\u00e8me g\u00e9n\u00e9ration, un rangement pour les grandes bouteilles et notre plan de travail r\u00e9sistant aux rayures pour ranger les accessoires.","og_url":"https:\/\/www.danby.com\/fr\/products\/refrigeration-compact\/dar026a1bdd-3\/","og_site_name":"Danby - Canada - French","article_publisher":"https:\/\/www.facebook.com\/DanbyAppliances","article_modified_time":"2026-04-19T10:06:42+00:00","og_image":[{"width":1500,"height":1867,"url":"https:\/\/cdnweb.danby.com\/wp-content\/uploads\/sites\/2\/2022\/02\/08184049\/DAR026A1BDD_Right.jpg","type":"image\/jpeg"}],"twitter_card":"summary_large_image","twitter_site":"@DanbyAppliance","schema":{"@context":"https:\/\/schema.org","@graph":[{"@type":["WebPage","ItemPage"],"url":"https:\/\/www.danby.com\/fr\/products\/refrigeration-compact\/dar026a1bdd-3\/","name":"R\u00e9frig\u00e9rateur compact Danby Designer de 2,6 pi3 - DAR026A1BDD-3 | Danby Canada","isPartOf":[],"primaryImageOfPage":[],"image":[],"thumbnailUrl":"https:\/\/cdnweb.danby.com\/wp-content\/uploads\/sites\/2\/2022\/02\/08184049\/DAR026A1BDD_Right.jpg","datePublished":"2022-02-03T19:13:08+00:00","dateModified":"2026-04-19T10:06:42+00:00","description":"Le r\u00e9frig\u00e9rateur compact Danby Designer\u00ae \u00e0 haut rendement \u00e9nerg\u00e9tique a une capacit\u00e9 de 2,6 pi3 et offre un espace suffisant pour une personne. Avec une hauteur d'un peu plus d'un m\u00e8tre, ce mod\u00e8le peut \u00eatre plac\u00e9 sur un comptoir ou sur le sol et constitue un ajout int\u00e9ressant pour les dortoirs. Il comprend notre distributeur de boissons Canstor\u00ae de deuxi\u00e8me g\u00e9n\u00e9ration, un rangement pour les grandes bouteilles et notre plan de travail r\u00e9sistant aux rayures pour ranger les accessoires.","breadcrumb":[],"inLanguage":"fr-CA","potentialAction":[{"@type":"ReadAction","target":["https:\/\/www.danby.com\/fr\/products\/refrigeration-compact\/dar026a1bdd-3\/"]}]},{"@type":"ImageObject","inLanguage":"fr-CA","url":"https:\/\/cdnweb.danby.com\/wp-content\/uploads\/sites\/2\/2022\/02\/08184049\/DAR026A1BDD_Right.jpg","contentUrl":"https:\/\/cdnweb.danby.com\/wp-content\/uploads\/sites\/2\/2022\/02\/08184049\/DAR026A1BDD_Right.jpg","width":1500,"height":1867},{"@type":"BreadcrumbList","itemListElement":[{"@type":"ListItem","position":1,"name":"Home","item":"https:\/\/www.danby.com\/fr\/"},{"@type":"ListItem","position":2,"name":"Boutique","item":"https:\/\/www.danby.com\/fr\/boutique\/"},{"@type":"ListItem","position":3,"name":"R\u00e9frig\u00e9rateur compact Danby Designer de 2,6 pi3"}]},{"@type":"WebSite","url":"https:\/\/www.danby.com\/fr\/","name":"Danby - Canada - French","description":"Leader dans le domaine de la r\u00e9frig\u00e9ration et des appareils sp\u00e9cialis\u00e9s","publisher":[],"potentialAction":[{"@type":"SearchAction","target":{"@type":"EntryPoint","urlTemplate":"https:\/\/www.danby.com\/fr\/?s={search_term_string}"},"query-input":{"@type":"PropertyValueSpecification","valueRequired":true,"valueName":"search_term_string"}}],"inLanguage":"fr-CA"},{"@type":"Organization","name":"Danby Appliances","url":"https:\/\/www.danby.com\/fr\/","logo":{"@type":"ImageObject","inLanguage":"fr-CA","url":"https:\/\/cdnweb.danby.com\/wp-content\/uploads\/sites\/2\/2022\/02\/10141906\/Danby75Ans_Blue.png","contentUrl":"https:\/\/cdnweb.danby.com\/wp-content\/uploads\/sites\/2\/2022\/02\/10141906\/Danby75Ans_Blue.png","width":470,"height":110,"caption":"Danby Appliances"},"image":[],"sameAs":["https:\/\/www.facebook.com\/DanbyAppliances","https:\/\/x.com\/DanbyAppliance","https:\/\/instagram.com\/danbyappliances\/","https:\/\/www.linkedin.com\/company\/danbyappliances","https:\/\/www.pinterest.ca\/danbyappliances\/","https:\/\/www.youtube.com\/user\/DanbyProducts","https:\/\/en.wikipedia.org\/wiki\/Danby_(appliances)"]}]}},"post_mailing_queue_ids":[],"_links":{"self":[{"href":"https:\/\/www.danby.com\/fr\/wp-json\/wp\/v2\/product\/4597","targetHints":{"allow":["GET"]}}],"collection":[{"href":"https:\/\/www.danby.com\/fr\/wp-json\/wp\/v2\/product"}],"about":[{"href":"https:\/\/www.danby.com\/fr\/wp-json\/wp\/v2\/types\/product"}],"replies":[{"embeddable":true,"href":"https:\/\/www.danby.com\/fr\/wp-json\/wp\/v2\/comments?post=4597"}],"wp:featuredmedia":[{"embeddable":true,"href":"https:\/\/www.danby.com\/fr\/wp-json\/wp\/v2\/media\/6457"}],"wp:attachment":[{"href":"https:\/\/www.danby.com\/fr\/wp-json\/wp\/v2\/media?parent=4597"}],"wp:term":[{"taxonomy":"product_brand","embeddable":true,"href":"https:\/\/www.danby.com\/fr\/wp-json\/wp\/v2\/product_brand?post=4597"},{"taxonomy":"product_cat","embeddable":true,"href":"https:\/\/www.danby.com\/fr\/wp-json\/wp\/v2\/product_cat?post=4597"},{"taxonomy":"product_tag","embeddable":true,"href":"https:\/\/www.danby.com\/fr\/wp-json\/wp\/v2\/product_tag?post=4597"}],"curies":[{"name":"wp","href":"https:\/\/api.w.org\/{rel}","templated":true}]}}