{"id":4596,"date":"2022-02-03T19:13:08","date_gmt":"2022-02-03T19:13:08","guid":{"rendered":"https:\/\/www.danby.com\/fr\/product\/dar026a1bdd\/"},"modified":"2026-04-14T10:05:52","modified_gmt":"2026-04-14T10:05:52","slug":"dar026a1bdd","status":"publish","type":"product","link":"https:\/\/www.danby.com\/fr\/products\/refrigeration-compact\/dar026a1bdd\/","title":{"rendered":"Danby 2,6 cu. R\u00e9frig\u00e9rateur compact de 3,5 pi3 en Noir"},"content":{"rendered":"","protected":false},"excerpt":{"rendered":"<ul>\n<li>R\u00e9frig\u00e9rateur int\u00e9gral d\u2019une capacit\u00e9 de 73 L (2,6 pi3)<\/li>\n<li>Certifi\u00e9 ENERGY STAR\u00ae<\/li>\n<li>R\u00e9frig\u00e9rant R600a<\/li>\n<li>D\u00e9givrage automatique<\/li>\n<li>Deux tablettes en verre r\u00e9glables pleine largeur et une d\u2019une demi-largeur<\/li>\n<li>Balconnets int\u00e9gr\u00e9s comprenant un entreposage pour bouteilles grand format<\/li>\n<li>Distributeur de boissons CanStor\u00ae<\/li>\n<li>Thermostat m\u00e9canique<\/li>\n<li>Poign\u00e9e de porte int\u00e9gr\u00e9e<\/li>\n<li>Charni\u00e8res de porte r\u00e9versibles<\/li>\n<li>Surface arri\u00e8re lisse<\/li>\n<li>*Conforme \u00e0 l\u2019ADA : r\u00e9pond aux exigences applicables des normes ADA de 2010 lorsqu\u2019il est install\u00e9 conform\u00e9ment aux lignes directrices de l\u2019ADA.<\/li>\n<\/ul>\n","protected":false},"featured_media":39522,"comment_status":"closed","ping_status":"closed","template":"","meta":{"_acf_changed":false},"product_brand":[],"product_cat":[22],"product_tag":[],"class_list":{"0":"post-4596","1":"product","2":"type-product","3":"status-publish","4":"has-post-thumbnail","6":"product_cat-refrigeration-compact","8":"first","9":"instock","10":"taxable","11":"shipping-taxable","12":"purchasable","13":"product-type-simple"},"acf":[],"yoast_head":"<!-- This site is optimized with the Yoast SEO plugin v26.7 - https:\/\/yoast.com\/wordpress\/plugins\/seo\/ -->\n<title>Danby 2,6 cu. R\u00e9frig\u00e9rateur compact de 3,5 pi3 en Noir - DAR026A1BDD | Danby Canada<\/title>\n<meta name=\"description\" content=\"Ce r\u00e9frig\u00e9rateur Danby DesignerMD compact, \u00e0 bon rendement \u00e9nerg\u00e9tique, offre une capacit\u00e9 de 2,6 pi3. donnant amplement d\u2019espace pour une personne. Ce mod\u00e8le de seulement 2 pieds de haut peut \u00eatre positionn\u00e9 sur un comptoir ou sur le plancher et est un bel ajout pour une chambre de dortoir. Il comprend notre distributeur de boissons brevet\u00e9 CanstorMD de deuxi\u00e8me g\u00e9n\u00e9ration, de l\u2019espace pour l\u2019entreposage de bouteilles longues et un dessus r\u00e9sistant aux \u00e9gratignures o\u00f9 l\u2019on peut ranger diff\u00e9rents accessoires.\" \/>\n<meta name=\"robots\" content=\"index, follow, max-snippet:-1, max-image-preview:large, max-video-preview:-1\" \/>\n<link rel=\"canonical\" href=\"https:\/\/www.danby.com\/fr\/products\/refrigeration-compact\/dar026a1bdd\/\" \/>\n<meta property=\"og:locale\" content=\"fr_CA\" \/>\n<meta property=\"og:type\" content=\"article\" \/>\n<meta property=\"og:title\" content=\"Danby 2,6 cu. R\u00e9frig\u00e9rateur compact de 3,5 pi3 en Noir - DAR026A1BDD | Danby Canada\" \/>\n<meta property=\"og:description\" content=\"Ce r\u00e9frig\u00e9rateur Danby DesignerMD compact, \u00e0 bon rendement \u00e9nerg\u00e9tique, offre une capacit\u00e9 de 2,6 pi3. donnant amplement d\u2019espace pour une personne. Ce mod\u00e8le de seulement 2 pieds de haut peut \u00eatre positionn\u00e9 sur un comptoir ou sur le plancher et est un bel ajout pour une chambre de dortoir. Il comprend notre distributeur de boissons brevet\u00e9 CanstorMD de deuxi\u00e8me g\u00e9n\u00e9ration, de l\u2019espace pour l\u2019entreposage de bouteilles longues et un dessus r\u00e9sistant aux \u00e9gratignures o\u00f9 l\u2019on peut ranger diff\u00e9rents accessoires.\" \/>\n<meta property=\"og:url\" content=\"https:\/\/www.danby.com\/fr\/products\/refrigeration-compact\/dar026a1bdd\/\" \/>\n<meta property=\"og:site_name\" content=\"Danby - Canada - French\" \/>\n<meta property=\"article:publisher\" content=\"https:\/\/www.facebook.com\/DanbyAppliances\" \/>\n<meta property=\"article:modified_time\" content=\"2026-04-14T10:05:52+00:00\" \/>\n<meta property=\"og:image\" content=\"https:\/\/cdnweb.danby.com\/wp-content\/uploads\/sites\/2\/2024\/04\/24202135\/Thumbnail__0044_DAR026A1BDD.jpg\" \/>\n\t<meta property=\"og:image:width\" content=\"1125\" \/>\n\t<meta property=\"og:image:height\" content=\"1500\" \/>\n\t<meta property=\"og:image:type\" content=\"image\/jpeg\" \/>\n<meta name=\"twitter:card\" content=\"summary_large_image\" \/>\n<meta name=\"twitter:site\" content=\"@DanbyAppliance\" \/>\n<script type=\"application\/ld+json\" class=\"yoast-schema-graph\">{\"@context\":\"https:\/\/schema.org\",\"@graph\":[{\"@type\":[\"WebPage\",\"ItemPage\"],\"url\":\"https:\/\/www.danby.com\/fr\/products\/refrigeration-compact\/dar026a1bdd\/\",\"name\":\"Danby 2,6 cu. R\u00e9frig\u00e9rateur compact de 3,5 pi3 en Noir - DAR026A1BDD | Danby Canada\",\"isPartOf\":[],\"primaryImageOfPage\":[],\"image\":[],\"thumbnailUrl\":\"https:\/\/www.danby.com\/fr\/wp-content\/uploads\/sites\/2\/2026\/03\/dar026a1bdd-thumbnail-ada.jpg\",\"datePublished\":\"2022-02-03T19:13:08+00:00\",\"dateModified\":\"2026-04-14T10:05:52+00:00\",\"description\":\"Ce r\u00e9frig\u00e9rateur Danby DesignerMD compact, \u00e0 bon rendement \u00e9nerg\u00e9tique, offre une capacit\u00e9 de 2,6 pi3. donnant amplement d\u2019espace pour une personne. Ce mod\u00e8le de seulement 2 pieds de haut peut \u00eatre positionn\u00e9 sur un comptoir ou sur le plancher et est un bel ajout pour une chambre de dortoir. Il comprend notre distributeur de boissons brevet\u00e9 CanstorMD de deuxi\u00e8me g\u00e9n\u00e9ration, de l\u2019espace pour l\u2019entreposage de bouteilles longues et un dessus r\u00e9sistant aux \u00e9gratignures o\u00f9 l\u2019on peut ranger diff\u00e9rents accessoires.\",\"breadcrumb\":[],\"inLanguage\":\"fr-CA\",\"potentialAction\":[{\"@type\":\"ReadAction\",\"target\":[\"https:\/\/www.danby.com\/fr\/products\/refrigeration-compact\/dar026a1bdd\/\"]}]},{\"@type\":\"ImageObject\",\"inLanguage\":\"fr-CA\",\"url\":\"https:\/\/www.danby.com\/fr\/wp-content\/uploads\/sites\/2\/2026\/03\/dar026a1bdd-thumbnail-ada.jpg\",\"contentUrl\":\"https:\/\/www.danby.com\/fr\/wp-content\/uploads\/sites\/2\/2026\/03\/dar026a1bdd-thumbnail-ada.jpg\",\"width\":768,\"height\":1024},{\"@type\":\"BreadcrumbList\",\"itemListElement\":[{\"@type\":\"ListItem\",\"position\":1,\"name\":\"Home\",\"item\":\"https:\/\/www.danby.com\/fr\/\"},{\"@type\":\"ListItem\",\"position\":2,\"name\":\"Boutique\",\"item\":\"https:\/\/www.danby.com\/fr\/boutique\/\"},{\"@type\":\"ListItem\",\"position\":3,\"name\":\"Danby 2,6 cu. R\u00e9frig\u00e9rateur compact de 3,5 pi3 en noir\"}]},{\"@type\":\"WebSite\",\"url\":\"https:\/\/www.danby.com\/fr\/\",\"name\":\"Danby - Canada - French\",\"description\":\"Leader dans le domaine de la r\u00e9frig\u00e9ration et des appareils sp\u00e9cialis\u00e9s\",\"publisher\":[],\"potentialAction\":[{\"@type\":\"SearchAction\",\"target\":{\"@type\":\"EntryPoint\",\"urlTemplate\":\"https:\/\/www.danby.com\/fr\/?s={search_term_string}\"},\"query-input\":{\"@type\":\"PropertyValueSpecification\",\"valueRequired\":true,\"valueName\":\"search_term_string\"}}],\"inLanguage\":\"fr-CA\"},{\"@type\":\"Organization\",\"name\":\"Danby Appliances\",\"url\":\"https:\/\/www.danby.com\/fr\/\",\"logo\":{\"@type\":\"ImageObject\",\"inLanguage\":\"fr-CA\",\"url\":\"https:\/\/cdnweb.danby.com\/wp-content\/uploads\/sites\/2\/2022\/02\/10141906\/Danby75Ans_Blue.png\",\"contentUrl\":\"https:\/\/cdnweb.danby.com\/wp-content\/uploads\/sites\/2\/2022\/02\/10141906\/Danby75Ans_Blue.png\",\"width\":470,\"height\":110,\"caption\":\"Danby Appliances\"},\"image\":[],\"sameAs\":[\"https:\/\/www.facebook.com\/DanbyAppliances\",\"https:\/\/x.com\/DanbyAppliance\",\"https:\/\/instagram.com\/danbyappliances\/\",\"https:\/\/www.linkedin.com\/company\/danbyappliances\",\"https:\/\/www.pinterest.ca\/danbyappliances\/\",\"https:\/\/www.youtube.com\/user\/DanbyProducts\",\"https:\/\/en.wikipedia.org\/wiki\/Danby_(appliances)\"]}]}<\/script>\n<!-- \/ Yoast SEO plugin. -->","yoast_head_json":{"title":"Danby 2,6 cu. R\u00e9frig\u00e9rateur compact de 3,5 pi3 en Noir - DAR026A1BDD | Danby Canada","description":"Ce r\u00e9frig\u00e9rateur Danby DesignerMD compact, \u00e0 bon rendement \u00e9nerg\u00e9tique, offre une capacit\u00e9 de 2,6 pi3. donnant amplement d\u2019espace pour une personne. Ce mod\u00e8le de seulement 2 pieds de haut peut \u00eatre positionn\u00e9 sur un comptoir ou sur le plancher et est un bel ajout pour une chambre de dortoir. Il comprend notre distributeur de boissons brevet\u00e9 CanstorMD de deuxi\u00e8me g\u00e9n\u00e9ration, de l\u2019espace pour l\u2019entreposage de bouteilles longues et un dessus r\u00e9sistant aux \u00e9gratignures o\u00f9 l\u2019on peut ranger diff\u00e9rents accessoires.","robots":{"index":"index","follow":"follow","max-snippet":"max-snippet:-1","max-image-preview":"max-image-preview:large","max-video-preview":"max-video-preview:-1"},"canonical":"https:\/\/www.danby.com\/fr\/products\/refrigeration-compact\/dar026a1bdd\/","og_locale":"fr_CA","og_type":"article","og_title":"Danby 2,6 cu. R\u00e9frig\u00e9rateur compact de 3,5 pi3 en Noir - DAR026A1BDD | Danby Canada","og_description":"Ce r\u00e9frig\u00e9rateur Danby DesignerMD compact, \u00e0 bon rendement \u00e9nerg\u00e9tique, offre une capacit\u00e9 de 2,6 pi3. donnant amplement d\u2019espace pour une personne. Ce mod\u00e8le de seulement 2 pieds de haut peut \u00eatre positionn\u00e9 sur un comptoir ou sur le plancher et est un bel ajout pour une chambre de dortoir. Il comprend notre distributeur de boissons brevet\u00e9 CanstorMD de deuxi\u00e8me g\u00e9n\u00e9ration, de l\u2019espace pour l\u2019entreposage de bouteilles longues et un dessus r\u00e9sistant aux \u00e9gratignures o\u00f9 l\u2019on peut ranger diff\u00e9rents accessoires.","og_url":"https:\/\/www.danby.com\/fr\/products\/refrigeration-compact\/dar026a1bdd\/","og_site_name":"Danby - Canada - French","article_publisher":"https:\/\/www.facebook.com\/DanbyAppliances","article_modified_time":"2026-04-14T10:05:52+00:00","og_image":[{"width":1125,"height":1500,"url":"https:\/\/cdnweb.danby.com\/wp-content\/uploads\/sites\/2\/2024\/04\/24202135\/Thumbnail__0044_DAR026A1BDD.jpg","type":"image\/jpeg"}],"twitter_card":"summary_large_image","twitter_site":"@DanbyAppliance","schema":{"@context":"https:\/\/schema.org","@graph":[{"@type":["WebPage","ItemPage"],"url":"https:\/\/www.danby.com\/fr\/products\/refrigeration-compact\/dar026a1bdd\/","name":"Danby 2,6 cu. R\u00e9frig\u00e9rateur compact de 3,5 pi3 en Noir - DAR026A1BDD | Danby Canada","isPartOf":[],"primaryImageOfPage":[],"image":[],"thumbnailUrl":"https:\/\/www.danby.com\/fr\/wp-content\/uploads\/sites\/2\/2026\/03\/dar026a1bdd-thumbnail-ada.jpg","datePublished":"2022-02-03T19:13:08+00:00","dateModified":"2026-04-14T10:05:52+00:00","description":"Ce r\u00e9frig\u00e9rateur Danby DesignerMD compact, \u00e0 bon rendement \u00e9nerg\u00e9tique, offre une capacit\u00e9 de 2,6 pi3. donnant amplement d\u2019espace pour une personne. Ce mod\u00e8le de seulement 2 pieds de haut peut \u00eatre positionn\u00e9 sur un comptoir ou sur le plancher et est un bel ajout pour une chambre de dortoir. Il comprend notre distributeur de boissons brevet\u00e9 CanstorMD de deuxi\u00e8me g\u00e9n\u00e9ration, de l\u2019espace pour l\u2019entreposage de bouteilles longues et un dessus r\u00e9sistant aux \u00e9gratignures o\u00f9 l\u2019on peut ranger diff\u00e9rents accessoires.","breadcrumb":[],"inLanguage":"fr-CA","potentialAction":[{"@type":"ReadAction","target":["https:\/\/www.danby.com\/fr\/products\/refrigeration-compact\/dar026a1bdd\/"]}]},{"@type":"ImageObject","inLanguage":"fr-CA","url":"https:\/\/www.danby.com\/fr\/wp-content\/uploads\/sites\/2\/2026\/03\/dar026a1bdd-thumbnail-ada.jpg","contentUrl":"https:\/\/www.danby.com\/fr\/wp-content\/uploads\/sites\/2\/2026\/03\/dar026a1bdd-thumbnail-ada.jpg","width":768,"height":1024},{"@type":"BreadcrumbList","itemListElement":[{"@type":"ListItem","position":1,"name":"Home","item":"https:\/\/www.danby.com\/fr\/"},{"@type":"ListItem","position":2,"name":"Boutique","item":"https:\/\/www.danby.com\/fr\/boutique\/"},{"@type":"ListItem","position":3,"name":"Danby 2,6 cu. R\u00e9frig\u00e9rateur compact de 3,5 pi3 en noir"}]},{"@type":"WebSite","url":"https:\/\/www.danby.com\/fr\/","name":"Danby - Canada - French","description":"Leader dans le domaine de la r\u00e9frig\u00e9ration et des appareils sp\u00e9cialis\u00e9s","publisher":[],"potentialAction":[{"@type":"SearchAction","target":{"@type":"EntryPoint","urlTemplate":"https:\/\/www.danby.com\/fr\/?s={search_term_string}"},"query-input":{"@type":"PropertyValueSpecification","valueRequired":true,"valueName":"search_term_string"}}],"inLanguage":"fr-CA"},{"@type":"Organization","name":"Danby Appliances","url":"https:\/\/www.danby.com\/fr\/","logo":{"@type":"ImageObject","inLanguage":"fr-CA","url":"https:\/\/cdnweb.danby.com\/wp-content\/uploads\/sites\/2\/2022\/02\/10141906\/Danby75Ans_Blue.png","contentUrl":"https:\/\/cdnweb.danby.com\/wp-content\/uploads\/sites\/2\/2022\/02\/10141906\/Danby75Ans_Blue.png","width":470,"height":110,"caption":"Danby Appliances"},"image":[],"sameAs":["https:\/\/www.facebook.com\/DanbyAppliances","https:\/\/x.com\/DanbyAppliance","https:\/\/instagram.com\/danbyappliances\/","https:\/\/www.linkedin.com\/company\/danbyappliances","https:\/\/www.pinterest.ca\/danbyappliances\/","https:\/\/www.youtube.com\/user\/DanbyProducts","https:\/\/en.wikipedia.org\/wiki\/Danby_(appliances)"]}]}},"post_mailing_queue_ids":[],"_links":{"self":[{"href":"https:\/\/www.danby.com\/fr\/wp-json\/wp\/v2\/product\/4596","targetHints":{"allow":["GET"]}}],"collection":[{"href":"https:\/\/www.danby.com\/fr\/wp-json\/wp\/v2\/product"}],"about":[{"href":"https:\/\/www.danby.com\/fr\/wp-json\/wp\/v2\/types\/product"}],"replies":[{"embeddable":true,"href":"https:\/\/www.danby.com\/fr\/wp-json\/wp\/v2\/comments?post=4596"}],"wp:featuredmedia":[{"embeddable":true,"href":"https:\/\/www.danby.com\/fr\/wp-json\/wp\/v2\/media\/39522"}],"wp:attachment":[{"href":"https:\/\/www.danby.com\/fr\/wp-json\/wp\/v2\/media?parent=4596"}],"wp:term":[{"taxonomy":"product_brand","embeddable":true,"href":"https:\/\/www.danby.com\/fr\/wp-json\/wp\/v2\/product_brand?post=4596"},{"taxonomy":"product_cat","embeddable":true,"href":"https:\/\/www.danby.com\/fr\/wp-json\/wp\/v2\/product_cat?post=4596"},{"taxonomy":"product_tag","embeddable":true,"href":"https:\/\/www.danby.com\/fr\/wp-json\/wp\/v2\/product_tag?post=4596"}],"curies":[{"name":"wp","href":"https:\/\/api.w.org\/{rel}","templated":true}]}}