{"id":4593,"date":"2022-02-03T19:13:08","date_gmt":"2022-02-03T19:13:08","guid":{"rendered":"https:\/\/www.danby.com\/fr\/product\/dar022a1sldb\/"},"modified":"2026-04-26T10:02:32","modified_gmt":"2026-04-26T10:02:32","slug":"dar022a1sldb","status":"publish","type":"product","link":"https:\/\/www.danby.com\/fr\/products\/refrigeration-compact\/dar022a1sldb\/","title":{"rendered":"R\u00e9frig\u00e9rateur compact de 2,2 pi3 en aspect acier inoxydable Danby"},"content":{"rendered":"","protected":false},"excerpt":{"rendered":"<ul>\n<li>R\u00e9frig\u00e9rateur compact de 62 litres (2,2 pi3)<\/li>\n<li>Certifi\u00e9 ENERGY STAR\u00ae<\/li>\n<li>D\u00e9givrage automatique<\/li>\n<li>Thermostat m\u00e9canique<\/li>\n<li>Distributeur de boissons CanStor<\/li>\n<li>1 1\/2 \u00e9tag\u00e8res en verre pour un maximum de rangement<\/li>\n<li>2 demi-\u00e9tag\u00e8res de porte de r\u00e9frig\u00e9rateur<\/li>\n<li>Rangement pour les grandes bouteilles<\/li>\n<li>Charni\u00e8re de porte r\u00e9versible<\/li>\n<li>Poign\u00e9e int\u00e9gr\u00e9e<\/li>\n<li>Niveau sonore de 40 dB<\/li>\n<li>Pieds r\u00e9glables de mise \u00e0 niveau<\/li>\n<\/ul>\n","protected":false},"featured_media":34779,"comment_status":"closed","ping_status":"open","template":"","meta":{"_acf_changed":false},"product_brand":[],"product_cat":[22],"product_tag":[],"class_list":{"0":"post-4593","1":"product","2":"type-product","3":"status-publish","4":"has-post-thumbnail","6":"product_cat-refrigeration-compact","8":"first","9":"instock","10":"taxable","11":"shipping-taxable","12":"product-type-simple"},"acf":[],"yoast_head":"<!-- This site is optimized with the Yoast SEO plugin v27.4 - https:\/\/yoast.com\/product\/yoast-seo-wordpress\/ -->\n<title>R\u00e9frig\u00e9rateur compact de 2,2 pi3 en aspect acier inoxydable Danby - DAR022A1SLDB | Danby Canada<\/title>\n<meta name=\"description\" content=\"Voici le compact de taille parfaite ! D&#039;une hauteur d&#039;un peu plus de 2 pieds, ce r\u00e9frig\u00e9rateur tout usage de Danby\u00ae a une capacit\u00e9 de refroidissement de 2,2 pieds cubes (62 L). Ce mod\u00e8le est id\u00e9al pour les armoires et les comptoirs, ce qui en fait le r\u00e9frig\u00e9rateur parfait pour les espaces tels que les dortoirs ou les bars humides. R\u00e9duisez votre facture d&#039;\u00e9lectricit\u00e9 et faites des \u00e9conomies d&#039;\u00e9nergie avec ce mod\u00e8le class\u00e9 ENERGY STAR\u00ae. L&#039;int\u00e9rieur comprend un rangement pour les grandes bouteilles, notre distributeur de boissons CanStor\u00ae, une tablette et demie pour les verres et deux demi-plateaux de porte de r\u00e9frig\u00e9rateur pour une polyvalence de rangement maximale. Rangez vos accessoires sur le plan de travail r\u00e9sistant aux rayures et profitez de la fonction de d\u00e9givrage automatique. Cet appareil \u00e9l\u00e9gant est \u00e9galement \u00e9quip\u00e9 d&#039;un thermostat m\u00e9canique. La porte est dot\u00e9e d&#039;une poign\u00e9e int\u00e9gr\u00e9e et d&#039;une charni\u00e8re intelligente et r\u00e9versible qui vous permet de la r\u00e9gler pour une ouverture \u00e0 droite ou \u00e0 gauche, selon vos pr\u00e9f\u00e9rences.\" \/>\n<meta name=\"robots\" content=\"index, follow, max-snippet:-1, max-image-preview:large, max-video-preview:-1\" \/>\n<link rel=\"canonical\" href=\"https:\/\/www.danby.com\/fr\/products\/refrigeration-compact\/dar022a1sldb\/\" \/>\n<meta property=\"og:locale\" content=\"fr_CA\" \/>\n<meta property=\"og:type\" content=\"article\" \/>\n<meta property=\"og:title\" content=\"R\u00e9frig\u00e9rateur compact de 2,2 pi3 en aspect acier inoxydable Danby - DAR022A1SLDB | Danby Canada\" \/>\n<meta property=\"og:description\" content=\"Voici le compact de taille parfaite ! D&#039;une hauteur d&#039;un peu plus de 2 pieds, ce r\u00e9frig\u00e9rateur tout usage de Danby\u00ae a une capacit\u00e9 de refroidissement de 2,2 pieds cubes (62 L). Ce mod\u00e8le est id\u00e9al pour les armoires et les comptoirs, ce qui en fait le r\u00e9frig\u00e9rateur parfait pour les espaces tels que les dortoirs ou les bars humides. R\u00e9duisez votre facture d&#039;\u00e9lectricit\u00e9 et faites des \u00e9conomies d&#039;\u00e9nergie avec ce mod\u00e8le class\u00e9 ENERGY STAR\u00ae. L&#039;int\u00e9rieur comprend un rangement pour les grandes bouteilles, notre distributeur de boissons CanStor\u00ae, une tablette et demie pour les verres et deux demi-plateaux de porte de r\u00e9frig\u00e9rateur pour une polyvalence de rangement maximale. Rangez vos accessoires sur le plan de travail r\u00e9sistant aux rayures et profitez de la fonction de d\u00e9givrage automatique. Cet appareil \u00e9l\u00e9gant est \u00e9galement \u00e9quip\u00e9 d&#039;un thermostat m\u00e9canique. La porte est dot\u00e9e d&#039;une poign\u00e9e int\u00e9gr\u00e9e et d&#039;une charni\u00e8re intelligente et r\u00e9versible qui vous permet de la r\u00e9gler pour une ouverture \u00e0 droite ou \u00e0 gauche, selon vos pr\u00e9f\u00e9rences.\" \/>\n<meta property=\"og:url\" content=\"https:\/\/www.danby.com\/fr\/products\/refrigeration-compact\/dar022a1sldb\/\" \/>\n<meta property=\"og:site_name\" content=\"Danby - Canada - French\" \/>\n<meta property=\"article:publisher\" content=\"https:\/\/www.facebook.com\/DanbyAppliances\" \/>\n<meta property=\"article:modified_time\" content=\"2026-04-26T10:02:32+00:00\" \/>\n<meta property=\"og:image\" content=\"https:\/\/cdnweb.danby.com\/wp-content\/uploads\/sites\/2\/2023\/06\/29142225\/DAR022A1SLDB_FrontClosed-scaled.jpg\" \/>\n\t<meta property=\"og:image:width\" content=\"1920\" \/>\n\t<meta property=\"og:image:height\" content=\"2560\" \/>\n\t<meta property=\"og:image:type\" content=\"image\/jpeg\" \/>\n<meta name=\"twitter:card\" content=\"summary_large_image\" \/>\n<meta name=\"twitter:site\" content=\"@DanbyAppliance\" \/>\n<script type=\"application\/ld+json\" class=\"yoast-schema-graph\">{\"@context\":\"https:\\\/\\\/schema.org\",\"@graph\":[{\"@type\":[\"WebPage\",\"ItemPage\"],\"url\":\"https:\\\/\\\/www.danby.com\\\/fr\\\/products\\\/refrigeration-compact\\\/dar022a1sldb\\\/\",\"name\":\"R\u00e9frig\u00e9rateur compact de 2,2 pi3 en aspect acier inoxydable Danby - DAR022A1SLDB | Danby Canada\",\"isPartOf\":[],\"primaryImageOfPage\":[],\"image\":[],\"thumbnailUrl\":\"https:\\\/\\\/www.danby.com\\\/fr\\\/wp-content\\\/uploads\\\/sites\\\/2\\\/2025\\\/09\\\/dar022a1sldb-thumbnail.jpg\",\"datePublished\":\"2022-02-03T19:13:08+00:00\",\"dateModified\":\"2026-04-26T10:02:32+00:00\",\"description\":\"Voici le compact de taille parfaite ! D'une hauteur d'un peu plus de 2 pieds, ce r\u00e9frig\u00e9rateur tout usage de Danby\u00ae a une capacit\u00e9 de refroidissement de 2,2 pieds cubes (62 L). Ce mod\u00e8le est id\u00e9al pour les armoires et les comptoirs, ce qui en fait le r\u00e9frig\u00e9rateur parfait pour les espaces tels que les dortoirs ou les bars humides. R\u00e9duisez votre facture d'\u00e9lectricit\u00e9 et faites des \u00e9conomies d'\u00e9nergie avec ce mod\u00e8le class\u00e9 ENERGY STAR\u00ae. L'int\u00e9rieur comprend un rangement pour les grandes bouteilles, notre distributeur de boissons CanStor\u00ae, une tablette et demie pour les verres et deux demi-plateaux de porte de r\u00e9frig\u00e9rateur pour une polyvalence de rangement maximale. Rangez vos accessoires sur le plan de travail r\u00e9sistant aux rayures et profitez de la fonction de d\u00e9givrage automatique. Cet appareil \u00e9l\u00e9gant est \u00e9galement \u00e9quip\u00e9 d'un thermostat m\u00e9canique. La porte est dot\u00e9e d'une poign\u00e9e int\u00e9gr\u00e9e et d'une charni\u00e8re intelligente et r\u00e9versible qui vous permet de la r\u00e9gler pour une ouverture \u00e0 droite ou \u00e0 gauche, selon vos pr\u00e9f\u00e9rences.\",\"breadcrumb\":[],\"inLanguage\":\"fr-CA\",\"potentialAction\":[{\"@type\":\"ReadAction\",\"target\":[\"https:\\\/\\\/www.danby.com\\\/fr\\\/products\\\/refrigeration-compact\\\/dar022a1sldb\\\/\"]}]},{\"@type\":\"ImageObject\",\"inLanguage\":\"fr-CA\",\"url\":\"https:\\\/\\\/www.danby.com\\\/fr\\\/wp-content\\\/uploads\\\/sites\\\/2\\\/2025\\\/09\\\/dar022a1sldb-thumbnail.jpg\",\"contentUrl\":\"https:\\\/\\\/www.danby.com\\\/fr\\\/wp-content\\\/uploads\\\/sites\\\/2\\\/2025\\\/09\\\/dar022a1sldb-thumbnail.jpg\",\"width\":768,\"height\":1024},{\"@type\":\"BreadcrumbList\",\"itemListElement\":[{\"@type\":\"ListItem\",\"position\":1,\"name\":\"Home\",\"item\":\"https:\\\/\\\/www.danby.com\\\/fr\\\/\"},{\"@type\":\"ListItem\",\"position\":2,\"name\":\"Boutique\",\"item\":\"https:\\\/\\\/www.danby.com\\\/fr\\\/boutique\\\/\"},{\"@type\":\"ListItem\",\"position\":3,\"name\":\"R\u00e9frig\u00e9rateur compact de 2,2 pi3 en acier inoxydable Danby\"}]},{\"@type\":\"WebSite\",\"url\":\"https:\\\/\\\/www.danby.com\\\/fr\\\/\",\"name\":\"Danby - Canada - French\",\"description\":\"Leader dans le domaine de la r\u00e9frig\u00e9ration et des appareils sp\u00e9cialis\u00e9s\",\"publisher\":[],\"potentialAction\":[{\"@type\":\"SearchAction\",\"target\":{\"@type\":\"EntryPoint\",\"urlTemplate\":\"https:\\\/\\\/www.danby.com\\\/fr\\\/?s={search_term_string}\"},\"query-input\":{\"@type\":\"PropertyValueSpecification\",\"valueRequired\":true,\"valueName\":\"search_term_string\"}}],\"inLanguage\":\"fr-CA\"},{\"@type\":\"Organization\",\"name\":\"Danby Appliances\",\"url\":\"https:\\\/\\\/www.danby.com\\\/fr\\\/\",\"logo\":{\"@type\":\"ImageObject\",\"inLanguage\":\"fr-CA\",\"url\":\"https:\\\/\\\/cdnweb.danby.com\\\/wp-content\\\/uploads\\\/sites\\\/2\\\/2022\\\/02\\\/10141906\\\/Danby75Ans_Blue.png\",\"contentUrl\":\"https:\\\/\\\/cdnweb.danby.com\\\/wp-content\\\/uploads\\\/sites\\\/2\\\/2022\\\/02\\\/10141906\\\/Danby75Ans_Blue.png\",\"width\":470,\"height\":110,\"caption\":\"Danby Appliances\"},\"image\":[],\"sameAs\":[\"https:\\\/\\\/www.facebook.com\\\/DanbyAppliances\",\"https:\\\/\\\/x.com\\\/DanbyAppliance\",\"https:\\\/\\\/instagram.com\\\/danbyappliances\\\/\",\"https:\\\/\\\/www.linkedin.com\\\/company\\\/danbyappliances\",\"https:\\\/\\\/www.pinterest.ca\\\/danbyappliances\\\/\",\"https:\\\/\\\/www.youtube.com\\\/user\\\/DanbyProducts\",\"https:\\\/\\\/en.wikipedia.org\\\/wiki\\\/Danby_(appliances)\"]}]}<\/script>\n<!-- \/ Yoast SEO plugin. -->","yoast_head_json":{"title":"R\u00e9frig\u00e9rateur compact de 2,2 pi3 en aspect acier inoxydable Danby - DAR022A1SLDB | Danby Canada","description":"Voici le compact de taille parfaite ! D'une hauteur d'un peu plus de 2 pieds, ce r\u00e9frig\u00e9rateur tout usage de Danby\u00ae a une capacit\u00e9 de refroidissement de 2,2 pieds cubes (62 L). Ce mod\u00e8le est id\u00e9al pour les armoires et les comptoirs, ce qui en fait le r\u00e9frig\u00e9rateur parfait pour les espaces tels que les dortoirs ou les bars humides. R\u00e9duisez votre facture d'\u00e9lectricit\u00e9 et faites des \u00e9conomies d'\u00e9nergie avec ce mod\u00e8le class\u00e9 ENERGY STAR\u00ae. L'int\u00e9rieur comprend un rangement pour les grandes bouteilles, notre distributeur de boissons CanStor\u00ae, une tablette et demie pour les verres et deux demi-plateaux de porte de r\u00e9frig\u00e9rateur pour une polyvalence de rangement maximale. Rangez vos accessoires sur le plan de travail r\u00e9sistant aux rayures et profitez de la fonction de d\u00e9givrage automatique. Cet appareil \u00e9l\u00e9gant est \u00e9galement \u00e9quip\u00e9 d'un thermostat m\u00e9canique. La porte est dot\u00e9e d'une poign\u00e9e int\u00e9gr\u00e9e et d'une charni\u00e8re intelligente et r\u00e9versible qui vous permet de la r\u00e9gler pour une ouverture \u00e0 droite ou \u00e0 gauche, selon vos pr\u00e9f\u00e9rences.","robots":{"index":"index","follow":"follow","max-snippet":"max-snippet:-1","max-image-preview":"max-image-preview:large","max-video-preview":"max-video-preview:-1"},"canonical":"https:\/\/www.danby.com\/fr\/products\/refrigeration-compact\/dar022a1sldb\/","og_locale":"fr_CA","og_type":"article","og_title":"R\u00e9frig\u00e9rateur compact de 2,2 pi3 en aspect acier inoxydable Danby - DAR022A1SLDB | Danby Canada","og_description":"Voici le compact de taille parfaite ! D'une hauteur d'un peu plus de 2 pieds, ce r\u00e9frig\u00e9rateur tout usage de Danby\u00ae a une capacit\u00e9 de refroidissement de 2,2 pieds cubes (62 L). Ce mod\u00e8le est id\u00e9al pour les armoires et les comptoirs, ce qui en fait le r\u00e9frig\u00e9rateur parfait pour les espaces tels que les dortoirs ou les bars humides. R\u00e9duisez votre facture d'\u00e9lectricit\u00e9 et faites des \u00e9conomies d'\u00e9nergie avec ce mod\u00e8le class\u00e9 ENERGY STAR\u00ae. L'int\u00e9rieur comprend un rangement pour les grandes bouteilles, notre distributeur de boissons CanStor\u00ae, une tablette et demie pour les verres et deux demi-plateaux de porte de r\u00e9frig\u00e9rateur pour une polyvalence de rangement maximale. Rangez vos accessoires sur le plan de travail r\u00e9sistant aux rayures et profitez de la fonction de d\u00e9givrage automatique. Cet appareil \u00e9l\u00e9gant est \u00e9galement \u00e9quip\u00e9 d'un thermostat m\u00e9canique. La porte est dot\u00e9e d'une poign\u00e9e int\u00e9gr\u00e9e et d'une charni\u00e8re intelligente et r\u00e9versible qui vous permet de la r\u00e9gler pour une ouverture \u00e0 droite ou \u00e0 gauche, selon vos pr\u00e9f\u00e9rences.","og_url":"https:\/\/www.danby.com\/fr\/products\/refrigeration-compact\/dar022a1sldb\/","og_site_name":"Danby - Canada - French","article_publisher":"https:\/\/www.facebook.com\/DanbyAppliances","article_modified_time":"2026-04-26T10:02:32+00:00","og_image":[{"width":1920,"height":2560,"url":"https:\/\/cdnweb.danby.com\/wp-content\/uploads\/sites\/2\/2023\/06\/29142225\/DAR022A1SLDB_FrontClosed-scaled.jpg","type":"image\/jpeg"}],"twitter_card":"summary_large_image","twitter_site":"@DanbyAppliance","schema":{"@context":"https:\/\/schema.org","@graph":[{"@type":["WebPage","ItemPage"],"url":"https:\/\/www.danby.com\/fr\/products\/refrigeration-compact\/dar022a1sldb\/","name":"R\u00e9frig\u00e9rateur compact de 2,2 pi3 en aspect acier inoxydable Danby - DAR022A1SLDB | Danby Canada","isPartOf":[],"primaryImageOfPage":[],"image":[],"thumbnailUrl":"https:\/\/www.danby.com\/fr\/wp-content\/uploads\/sites\/2\/2025\/09\/dar022a1sldb-thumbnail.jpg","datePublished":"2022-02-03T19:13:08+00:00","dateModified":"2026-04-26T10:02:32+00:00","description":"Voici le compact de taille parfaite ! D'une hauteur d'un peu plus de 2 pieds, ce r\u00e9frig\u00e9rateur tout usage de Danby\u00ae a une capacit\u00e9 de refroidissement de 2,2 pieds cubes (62 L). Ce mod\u00e8le est id\u00e9al pour les armoires et les comptoirs, ce qui en fait le r\u00e9frig\u00e9rateur parfait pour les espaces tels que les dortoirs ou les bars humides. R\u00e9duisez votre facture d'\u00e9lectricit\u00e9 et faites des \u00e9conomies d'\u00e9nergie avec ce mod\u00e8le class\u00e9 ENERGY STAR\u00ae. L'int\u00e9rieur comprend un rangement pour les grandes bouteilles, notre distributeur de boissons CanStor\u00ae, une tablette et demie pour les verres et deux demi-plateaux de porte de r\u00e9frig\u00e9rateur pour une polyvalence de rangement maximale. Rangez vos accessoires sur le plan de travail r\u00e9sistant aux rayures et profitez de la fonction de d\u00e9givrage automatique. Cet appareil \u00e9l\u00e9gant est \u00e9galement \u00e9quip\u00e9 d'un thermostat m\u00e9canique. La porte est dot\u00e9e d'une poign\u00e9e int\u00e9gr\u00e9e et d'une charni\u00e8re intelligente et r\u00e9versible qui vous permet de la r\u00e9gler pour une ouverture \u00e0 droite ou \u00e0 gauche, selon vos pr\u00e9f\u00e9rences.","breadcrumb":[],"inLanguage":"fr-CA","potentialAction":[{"@type":"ReadAction","target":["https:\/\/www.danby.com\/fr\/products\/refrigeration-compact\/dar022a1sldb\/"]}]},{"@type":"ImageObject","inLanguage":"fr-CA","url":"https:\/\/www.danby.com\/fr\/wp-content\/uploads\/sites\/2\/2025\/09\/dar022a1sldb-thumbnail.jpg","contentUrl":"https:\/\/www.danby.com\/fr\/wp-content\/uploads\/sites\/2\/2025\/09\/dar022a1sldb-thumbnail.jpg","width":768,"height":1024},{"@type":"BreadcrumbList","itemListElement":[{"@type":"ListItem","position":1,"name":"Home","item":"https:\/\/www.danby.com\/fr\/"},{"@type":"ListItem","position":2,"name":"Boutique","item":"https:\/\/www.danby.com\/fr\/boutique\/"},{"@type":"ListItem","position":3,"name":"R\u00e9frig\u00e9rateur compact de 2,2 pi3 en acier inoxydable Danby"}]},{"@type":"WebSite","url":"https:\/\/www.danby.com\/fr\/","name":"Danby - Canada - French","description":"Leader dans le domaine de la r\u00e9frig\u00e9ration et des appareils sp\u00e9cialis\u00e9s","publisher":[],"potentialAction":[{"@type":"SearchAction","target":{"@type":"EntryPoint","urlTemplate":"https:\/\/www.danby.com\/fr\/?s={search_term_string}"},"query-input":{"@type":"PropertyValueSpecification","valueRequired":true,"valueName":"search_term_string"}}],"inLanguage":"fr-CA"},{"@type":"Organization","name":"Danby Appliances","url":"https:\/\/www.danby.com\/fr\/","logo":{"@type":"ImageObject","inLanguage":"fr-CA","url":"https:\/\/cdnweb.danby.com\/wp-content\/uploads\/sites\/2\/2022\/02\/10141906\/Danby75Ans_Blue.png","contentUrl":"https:\/\/cdnweb.danby.com\/wp-content\/uploads\/sites\/2\/2022\/02\/10141906\/Danby75Ans_Blue.png","width":470,"height":110,"caption":"Danby Appliances"},"image":[],"sameAs":["https:\/\/www.facebook.com\/DanbyAppliances","https:\/\/x.com\/DanbyAppliance","https:\/\/instagram.com\/danbyappliances\/","https:\/\/www.linkedin.com\/company\/danbyappliances","https:\/\/www.pinterest.ca\/danbyappliances\/","https:\/\/www.youtube.com\/user\/DanbyProducts","https:\/\/en.wikipedia.org\/wiki\/Danby_(appliances)"]}]}},"post_mailing_queue_ids":[],"_links":{"self":[{"href":"https:\/\/www.danby.com\/fr\/wp-json\/wp\/v2\/product\/4593","targetHints":{"allow":["GET"]}}],"collection":[{"href":"https:\/\/www.danby.com\/fr\/wp-json\/wp\/v2\/product"}],"about":[{"href":"https:\/\/www.danby.com\/fr\/wp-json\/wp\/v2\/types\/product"}],"replies":[{"embeddable":true,"href":"https:\/\/www.danby.com\/fr\/wp-json\/wp\/v2\/comments?post=4593"}],"wp:featuredmedia":[{"embeddable":true,"href":"https:\/\/www.danby.com\/fr\/wp-json\/wp\/v2\/media\/34779"}],"wp:attachment":[{"href":"https:\/\/www.danby.com\/fr\/wp-json\/wp\/v2\/media?parent=4593"}],"wp:term":[{"taxonomy":"product_brand","embeddable":true,"href":"https:\/\/www.danby.com\/fr\/wp-json\/wp\/v2\/product_brand?post=4593"},{"taxonomy":"product_cat","embeddable":true,"href":"https:\/\/www.danby.com\/fr\/wp-json\/wp\/v2\/product_cat?post=4593"},{"taxonomy":"product_tag","embeddable":true,"href":"https:\/\/www.danby.com\/fr\/wp-json\/wp\/v2\/product_tag?post=4593"}],"curies":[{"name":"wp","href":"https:\/\/api.w.org\/{rel}","templated":true}]}}