{"id":4581,"date":"2022-02-03T19:12:51","date_gmt":"2022-02-03T19:12:51","guid":{"rendered":"https:\/\/www.danby.com\/fr\/product\/dar010a1bdb\/"},"modified":"2026-04-11T10:01:34","modified_gmt":"2026-04-11T10:01:34","slug":"dar010a1bdb","status":"publish","type":"product","link":"https:\/\/www.danby.com\/fr\/products\/refrigeration-compact\/dar010a1bdb\/","title":{"rendered":"Danby 1.0 cu. pi. R\u00e9frig\u00e9rateur compact en Noir"},"content":{"rendered":"","protected":false},"excerpt":{"rendered":"<ul>\n<li>R\u00e9frig\u00e9rateur compact d&#8217;une capacit\u00e9 de 29 L (1 pi3) pour tous les r\u00e9frig\u00e9rateurs<\/li>\n<li>Technologie de silencieux pour un fonctionnement silencieux<\/li>\n<li>Certifi\u00e9 ENERGY STAR\u00ae<\/li>\n<li>R\u00e9frig\u00e9rant R600a<\/li>\n<li>D\u00e9givrage automatique<\/li>\n<li>1 &#8211; 1\/2 largeur d&#8217;\u00e9tag\u00e8re en fil m\u00e9tallique<\/li>\n<li>\u00c9tag\u00e8res de porte int\u00e9gr\u00e9es avec rangement pour les grandes bouteilles<\/li>\n<li>Distributeur de boissons CanStor<\/li>\n<li>Thermostat m\u00e9canique<\/li>\n<li>Poign\u00e9e de porte int\u00e9gr\u00e9e<\/li>\n<li>Charni\u00e8re de porte r\u00e9versible<\/li>\n<li>Conception du dos lisse<\/li>\n<\/ul>\n","protected":false},"featured_media":34770,"comment_status":"closed","ping_status":"open","template":"","meta":{"_acf_changed":false},"product_brand":[],"product_cat":[22],"product_tag":[],"class_list":{"0":"post-4581","1":"product","2":"type-product","3":"status-publish","4":"has-post-thumbnail","6":"product_cat-refrigeration-compact","8":"first","9":"instock","10":"taxable","11":"shipping-taxable","12":"product-type-simple"},"acf":[],"yoast_head":"<!-- This site is optimized with the Yoast SEO plugin v26.7 - https:\/\/yoast.com\/wordpress\/plugins\/seo\/ -->\n<title>Danby 1.0 cu. pi. R\u00e9frig\u00e9rateur compact en Noir - DAR010A1BDB | Danby Canada<\/title>\n<meta name=\"description\" content=\"Ce mod\u00e8le populaire de mini-r\u00e9frig\u00e9rateur de 1 pi3 (29 L) est parfait pour les salles \u00e0 manger, les petites cuisines, les bars et les dortoirs. L&#039;appareil est contr\u00f4l\u00e9 par un thermostat m\u00e9canique intelligent et un syst\u00e8me de d\u00e9givrage automatique pratique. Vos boissons pr\u00e9f\u00e9r\u00e9es sont facilement accessibles gr\u00e2ce au syst\u00e8me de distribution de boissons CanStor\u00ae brevet\u00e9 de Danby et il y a beaucoup d&#039;espace pour les grandes bouteilles de soda. De plus, vous n&#039;aurez pas \u00e0 vous soucier de factures d&#039;\u00e9lectricit\u00e9 \u00e9lev\u00e9es puisque ce r\u00e9frig\u00e9rateur compact est conforme \u00e0 la norme Energy-Star\u00ae. Pour rendre les choses encore plus faciles, la charni\u00e8re de porte r\u00e9versible permet d&#039;ouvrir la poign\u00e9e de porte int\u00e9gr\u00e9e du c\u00f4t\u00e9 gauche ou du c\u00f4t\u00e9 droit. Nous offrons \u00e9galement une tranquillit\u00e9 d&#039;esprit suppl\u00e9mentaire avec une garantie de 12 mois sur les pi\u00e8ces et la main-d&#039;\u0153uvre.\" \/>\n<meta name=\"robots\" content=\"index, follow, max-snippet:-1, max-image-preview:large, max-video-preview:-1\" \/>\n<link rel=\"canonical\" href=\"https:\/\/www.danby.com\/fr\/products\/refrigeration-compact\/dar010a1bdb\/\" \/>\n<meta property=\"og:locale\" content=\"fr_CA\" \/>\n<meta property=\"og:type\" content=\"article\" \/>\n<meta property=\"og:title\" content=\"Danby 1.0 cu. pi. R\u00e9frig\u00e9rateur compact en Noir - DAR010A1BDB | Danby Canada\" \/>\n<meta property=\"og:description\" content=\"Ce mod\u00e8le populaire de mini-r\u00e9frig\u00e9rateur de 1 pi3 (29 L) est parfait pour les salles \u00e0 manger, les petites cuisines, les bars et les dortoirs. L&#039;appareil est contr\u00f4l\u00e9 par un thermostat m\u00e9canique intelligent et un syst\u00e8me de d\u00e9givrage automatique pratique. Vos boissons pr\u00e9f\u00e9r\u00e9es sont facilement accessibles gr\u00e2ce au syst\u00e8me de distribution de boissons CanStor\u00ae brevet\u00e9 de Danby et il y a beaucoup d&#039;espace pour les grandes bouteilles de soda. De plus, vous n&#039;aurez pas \u00e0 vous soucier de factures d&#039;\u00e9lectricit\u00e9 \u00e9lev\u00e9es puisque ce r\u00e9frig\u00e9rateur compact est conforme \u00e0 la norme Energy-Star\u00ae. Pour rendre les choses encore plus faciles, la charni\u00e8re de porte r\u00e9versible permet d&#039;ouvrir la poign\u00e9e de porte int\u00e9gr\u00e9e du c\u00f4t\u00e9 gauche ou du c\u00f4t\u00e9 droit. Nous offrons \u00e9galement une tranquillit\u00e9 d&#039;esprit suppl\u00e9mentaire avec une garantie de 12 mois sur les pi\u00e8ces et la main-d&#039;\u0153uvre.\" \/>\n<meta property=\"og:url\" content=\"https:\/\/www.danby.com\/fr\/products\/refrigeration-compact\/dar010a1bdb\/\" \/>\n<meta property=\"og:site_name\" content=\"Danby - Canada - French\" \/>\n<meta property=\"article:publisher\" content=\"https:\/\/www.facebook.com\/DanbyAppliances\" \/>\n<meta property=\"article:modified_time\" content=\"2026-04-11T10:01:34+00:00\" \/>\n<meta property=\"og:image\" content=\"https:\/\/cdnweb.danby.com\/wp-content\/uploads\/sites\/2\/2023\/05\/01183406\/DAR010A1BDB_Front-scaled.jpg\" \/>\n\t<meta property=\"og:image:width\" content=\"2193\" \/>\n\t<meta property=\"og:image:height\" content=\"2560\" \/>\n\t<meta property=\"og:image:type\" content=\"image\/jpeg\" \/>\n<meta name=\"twitter:card\" content=\"summary_large_image\" \/>\n<meta name=\"twitter:site\" content=\"@DanbyAppliance\" \/>\n<script type=\"application\/ld+json\" class=\"yoast-schema-graph\">{\"@context\":\"https:\/\/schema.org\",\"@graph\":[{\"@type\":[\"WebPage\",\"ItemPage\"],\"url\":\"https:\/\/www.danby.com\/fr\/products\/refrigeration-compact\/dar010a1bdb\/\",\"name\":\"Danby 1.0 cu. pi. R\u00e9frig\u00e9rateur compact en Noir - DAR010A1BDB | Danby Canada\",\"isPartOf\":[],\"primaryImageOfPage\":[],\"image\":[],\"thumbnailUrl\":\"https:\/\/www.danby.com\/fr\/wp-content\/uploads\/sites\/2\/2025\/09\/dar010a1bdb-thumbnail.jpg\",\"datePublished\":\"2022-02-03T19:12:51+00:00\",\"dateModified\":\"2026-04-11T10:01:34+00:00\",\"description\":\"Ce mod\u00e8le populaire de mini-r\u00e9frig\u00e9rateur de 1 pi3 (29 L) est parfait pour les salles \u00e0 manger, les petites cuisines, les bars et les dortoirs. L'appareil est contr\u00f4l\u00e9 par un thermostat m\u00e9canique intelligent et un syst\u00e8me de d\u00e9givrage automatique pratique. Vos boissons pr\u00e9f\u00e9r\u00e9es sont facilement accessibles gr\u00e2ce au syst\u00e8me de distribution de boissons CanStor\u00ae brevet\u00e9 de Danby et il y a beaucoup d'espace pour les grandes bouteilles de soda. De plus, vous n'aurez pas \u00e0 vous soucier de factures d'\u00e9lectricit\u00e9 \u00e9lev\u00e9es puisque ce r\u00e9frig\u00e9rateur compact est conforme \u00e0 la norme Energy-Star\u00ae. Pour rendre les choses encore plus faciles, la charni\u00e8re de porte r\u00e9versible permet d'ouvrir la poign\u00e9e de porte int\u00e9gr\u00e9e du c\u00f4t\u00e9 gauche ou du c\u00f4t\u00e9 droit. Nous offrons \u00e9galement une tranquillit\u00e9 d'esprit suppl\u00e9mentaire avec une garantie de 12 mois sur les pi\u00e8ces et la main-d'\u0153uvre.\",\"breadcrumb\":[],\"inLanguage\":\"fr-CA\",\"potentialAction\":[{\"@type\":\"ReadAction\",\"target\":[\"https:\/\/www.danby.com\/fr\/products\/refrigeration-compact\/dar010a1bdb\/\"]}]},{\"@type\":\"ImageObject\",\"inLanguage\":\"fr-CA\",\"url\":\"https:\/\/www.danby.com\/fr\/wp-content\/uploads\/sites\/2\/2025\/09\/dar010a1bdb-thumbnail.jpg\",\"contentUrl\":\"https:\/\/www.danby.com\/fr\/wp-content\/uploads\/sites\/2\/2025\/09\/dar010a1bdb-thumbnail.jpg\",\"width\":768,\"height\":1024},{\"@type\":\"BreadcrumbList\",\"itemListElement\":[{\"@type\":\"ListItem\",\"position\":1,\"name\":\"Home\",\"item\":\"https:\/\/www.danby.com\/fr\/\"},{\"@type\":\"ListItem\",\"position\":2,\"name\":\"Boutique\",\"item\":\"https:\/\/www.danby.com\/fr\/boutique\/\"},{\"@type\":\"ListItem\",\"position\":3,\"name\":\"Danby 1.0 cu. pi. R\u00e9frig\u00e9rateur compact en noir\"}]},{\"@type\":\"WebSite\",\"url\":\"https:\/\/www.danby.com\/fr\/\",\"name\":\"Danby - Canada - French\",\"description\":\"Leader dans le domaine de la r\u00e9frig\u00e9ration et des appareils sp\u00e9cialis\u00e9s\",\"publisher\":[],\"potentialAction\":[{\"@type\":\"SearchAction\",\"target\":{\"@type\":\"EntryPoint\",\"urlTemplate\":\"https:\/\/www.danby.com\/fr\/?s={search_term_string}\"},\"query-input\":{\"@type\":\"PropertyValueSpecification\",\"valueRequired\":true,\"valueName\":\"search_term_string\"}}],\"inLanguage\":\"fr-CA\"},{\"@type\":\"Organization\",\"name\":\"Danby Appliances\",\"url\":\"https:\/\/www.danby.com\/fr\/\",\"logo\":{\"@type\":\"ImageObject\",\"inLanguage\":\"fr-CA\",\"url\":\"https:\/\/cdnweb.danby.com\/wp-content\/uploads\/sites\/2\/2022\/02\/10141906\/Danby75Ans_Blue.png\",\"contentUrl\":\"https:\/\/cdnweb.danby.com\/wp-content\/uploads\/sites\/2\/2022\/02\/10141906\/Danby75Ans_Blue.png\",\"width\":470,\"height\":110,\"caption\":\"Danby Appliances\"},\"image\":[],\"sameAs\":[\"https:\/\/www.facebook.com\/DanbyAppliances\",\"https:\/\/x.com\/DanbyAppliance\",\"https:\/\/instagram.com\/danbyappliances\/\",\"https:\/\/www.linkedin.com\/company\/danbyappliances\",\"https:\/\/www.pinterest.ca\/danbyappliances\/\",\"https:\/\/www.youtube.com\/user\/DanbyProducts\",\"https:\/\/en.wikipedia.org\/wiki\/Danby_(appliances)\"]}]}<\/script>\n<!-- \/ Yoast SEO plugin. -->","yoast_head_json":{"title":"Danby 1.0 cu. pi. R\u00e9frig\u00e9rateur compact en Noir - DAR010A1BDB | Danby Canada","description":"Ce mod\u00e8le populaire de mini-r\u00e9frig\u00e9rateur de 1 pi3 (29 L) est parfait pour les salles \u00e0 manger, les petites cuisines, les bars et les dortoirs. L'appareil est contr\u00f4l\u00e9 par un thermostat m\u00e9canique intelligent et un syst\u00e8me de d\u00e9givrage automatique pratique. Vos boissons pr\u00e9f\u00e9r\u00e9es sont facilement accessibles gr\u00e2ce au syst\u00e8me de distribution de boissons CanStor\u00ae brevet\u00e9 de Danby et il y a beaucoup d'espace pour les grandes bouteilles de soda. De plus, vous n'aurez pas \u00e0 vous soucier de factures d'\u00e9lectricit\u00e9 \u00e9lev\u00e9es puisque ce r\u00e9frig\u00e9rateur compact est conforme \u00e0 la norme Energy-Star\u00ae. Pour rendre les choses encore plus faciles, la charni\u00e8re de porte r\u00e9versible permet d'ouvrir la poign\u00e9e de porte int\u00e9gr\u00e9e du c\u00f4t\u00e9 gauche ou du c\u00f4t\u00e9 droit. Nous offrons \u00e9galement une tranquillit\u00e9 d'esprit suppl\u00e9mentaire avec une garantie de 12 mois sur les pi\u00e8ces et la main-d'\u0153uvre.","robots":{"index":"index","follow":"follow","max-snippet":"max-snippet:-1","max-image-preview":"max-image-preview:large","max-video-preview":"max-video-preview:-1"},"canonical":"https:\/\/www.danby.com\/fr\/products\/refrigeration-compact\/dar010a1bdb\/","og_locale":"fr_CA","og_type":"article","og_title":"Danby 1.0 cu. pi. R\u00e9frig\u00e9rateur compact en Noir - DAR010A1BDB | Danby Canada","og_description":"Ce mod\u00e8le populaire de mini-r\u00e9frig\u00e9rateur de 1 pi3 (29 L) est parfait pour les salles \u00e0 manger, les petites cuisines, les bars et les dortoirs. L'appareil est contr\u00f4l\u00e9 par un thermostat m\u00e9canique intelligent et un syst\u00e8me de d\u00e9givrage automatique pratique. Vos boissons pr\u00e9f\u00e9r\u00e9es sont facilement accessibles gr\u00e2ce au syst\u00e8me de distribution de boissons CanStor\u00ae brevet\u00e9 de Danby et il y a beaucoup d'espace pour les grandes bouteilles de soda. De plus, vous n'aurez pas \u00e0 vous soucier de factures d'\u00e9lectricit\u00e9 \u00e9lev\u00e9es puisque ce r\u00e9frig\u00e9rateur compact est conforme \u00e0 la norme Energy-Star\u00ae. Pour rendre les choses encore plus faciles, la charni\u00e8re de porte r\u00e9versible permet d'ouvrir la poign\u00e9e de porte int\u00e9gr\u00e9e du c\u00f4t\u00e9 gauche ou du c\u00f4t\u00e9 droit. Nous offrons \u00e9galement une tranquillit\u00e9 d'esprit suppl\u00e9mentaire avec une garantie de 12 mois sur les pi\u00e8ces et la main-d'\u0153uvre.","og_url":"https:\/\/www.danby.com\/fr\/products\/refrigeration-compact\/dar010a1bdb\/","og_site_name":"Danby - Canada - French","article_publisher":"https:\/\/www.facebook.com\/DanbyAppliances","article_modified_time":"2026-04-11T10:01:34+00:00","og_image":[{"width":2193,"height":2560,"url":"https:\/\/cdnweb.danby.com\/wp-content\/uploads\/sites\/2\/2023\/05\/01183406\/DAR010A1BDB_Front-scaled.jpg","type":"image\/jpeg"}],"twitter_card":"summary_large_image","twitter_site":"@DanbyAppliance","schema":{"@context":"https:\/\/schema.org","@graph":[{"@type":["WebPage","ItemPage"],"url":"https:\/\/www.danby.com\/fr\/products\/refrigeration-compact\/dar010a1bdb\/","name":"Danby 1.0 cu. pi. R\u00e9frig\u00e9rateur compact en Noir - DAR010A1BDB | Danby Canada","isPartOf":[],"primaryImageOfPage":[],"image":[],"thumbnailUrl":"https:\/\/www.danby.com\/fr\/wp-content\/uploads\/sites\/2\/2025\/09\/dar010a1bdb-thumbnail.jpg","datePublished":"2022-02-03T19:12:51+00:00","dateModified":"2026-04-11T10:01:34+00:00","description":"Ce mod\u00e8le populaire de mini-r\u00e9frig\u00e9rateur de 1 pi3 (29 L) est parfait pour les salles \u00e0 manger, les petites cuisines, les bars et les dortoirs. L'appareil est contr\u00f4l\u00e9 par un thermostat m\u00e9canique intelligent et un syst\u00e8me de d\u00e9givrage automatique pratique. Vos boissons pr\u00e9f\u00e9r\u00e9es sont facilement accessibles gr\u00e2ce au syst\u00e8me de distribution de boissons CanStor\u00ae brevet\u00e9 de Danby et il y a beaucoup d'espace pour les grandes bouteilles de soda. De plus, vous n'aurez pas \u00e0 vous soucier de factures d'\u00e9lectricit\u00e9 \u00e9lev\u00e9es puisque ce r\u00e9frig\u00e9rateur compact est conforme \u00e0 la norme Energy-Star\u00ae. Pour rendre les choses encore plus faciles, la charni\u00e8re de porte r\u00e9versible permet d'ouvrir la poign\u00e9e de porte int\u00e9gr\u00e9e du c\u00f4t\u00e9 gauche ou du c\u00f4t\u00e9 droit. Nous offrons \u00e9galement une tranquillit\u00e9 d'esprit suppl\u00e9mentaire avec une garantie de 12 mois sur les pi\u00e8ces et la main-d'\u0153uvre.","breadcrumb":[],"inLanguage":"fr-CA","potentialAction":[{"@type":"ReadAction","target":["https:\/\/www.danby.com\/fr\/products\/refrigeration-compact\/dar010a1bdb\/"]}]},{"@type":"ImageObject","inLanguage":"fr-CA","url":"https:\/\/www.danby.com\/fr\/wp-content\/uploads\/sites\/2\/2025\/09\/dar010a1bdb-thumbnail.jpg","contentUrl":"https:\/\/www.danby.com\/fr\/wp-content\/uploads\/sites\/2\/2025\/09\/dar010a1bdb-thumbnail.jpg","width":768,"height":1024},{"@type":"BreadcrumbList","itemListElement":[{"@type":"ListItem","position":1,"name":"Home","item":"https:\/\/www.danby.com\/fr\/"},{"@type":"ListItem","position":2,"name":"Boutique","item":"https:\/\/www.danby.com\/fr\/boutique\/"},{"@type":"ListItem","position":3,"name":"Danby 1.0 cu. pi. R\u00e9frig\u00e9rateur compact en noir"}]},{"@type":"WebSite","url":"https:\/\/www.danby.com\/fr\/","name":"Danby - Canada - French","description":"Leader dans le domaine de la r\u00e9frig\u00e9ration et des appareils sp\u00e9cialis\u00e9s","publisher":[],"potentialAction":[{"@type":"SearchAction","target":{"@type":"EntryPoint","urlTemplate":"https:\/\/www.danby.com\/fr\/?s={search_term_string}"},"query-input":{"@type":"PropertyValueSpecification","valueRequired":true,"valueName":"search_term_string"}}],"inLanguage":"fr-CA"},{"@type":"Organization","name":"Danby Appliances","url":"https:\/\/www.danby.com\/fr\/","logo":{"@type":"ImageObject","inLanguage":"fr-CA","url":"https:\/\/cdnweb.danby.com\/wp-content\/uploads\/sites\/2\/2022\/02\/10141906\/Danby75Ans_Blue.png","contentUrl":"https:\/\/cdnweb.danby.com\/wp-content\/uploads\/sites\/2\/2022\/02\/10141906\/Danby75Ans_Blue.png","width":470,"height":110,"caption":"Danby Appliances"},"image":[],"sameAs":["https:\/\/www.facebook.com\/DanbyAppliances","https:\/\/x.com\/DanbyAppliance","https:\/\/instagram.com\/danbyappliances\/","https:\/\/www.linkedin.com\/company\/danbyappliances","https:\/\/www.pinterest.ca\/danbyappliances\/","https:\/\/www.youtube.com\/user\/DanbyProducts","https:\/\/en.wikipedia.org\/wiki\/Danby_(appliances)"]}]}},"post_mailing_queue_ids":[],"_links":{"self":[{"href":"https:\/\/www.danby.com\/fr\/wp-json\/wp\/v2\/product\/4581","targetHints":{"allow":["GET"]}}],"collection":[{"href":"https:\/\/www.danby.com\/fr\/wp-json\/wp\/v2\/product"}],"about":[{"href":"https:\/\/www.danby.com\/fr\/wp-json\/wp\/v2\/types\/product"}],"replies":[{"embeddable":true,"href":"https:\/\/www.danby.com\/fr\/wp-json\/wp\/v2\/comments?post=4581"}],"wp:featuredmedia":[{"embeddable":true,"href":"https:\/\/www.danby.com\/fr\/wp-json\/wp\/v2\/media\/34770"}],"wp:attachment":[{"href":"https:\/\/www.danby.com\/fr\/wp-json\/wp\/v2\/media?parent=4581"}],"wp:term":[{"taxonomy":"product_brand","embeddable":true,"href":"https:\/\/www.danby.com\/fr\/wp-json\/wp\/v2\/product_brand?post=4581"},{"taxonomy":"product_cat","embeddable":true,"href":"https:\/\/www.danby.com\/fr\/wp-json\/wp\/v2\/product_cat?post=4581"},{"taxonomy":"product_tag","embeddable":true,"href":"https:\/\/www.danby.com\/fr\/wp-json\/wp\/v2\/product_tag?post=4581"}],"curies":[{"name":"wp","href":"https:\/\/api.w.org\/{rel}","templated":true}]}}