{"id":4580,"date":"2022-02-03T19:12:51","date_gmt":"2022-02-03T19:12:51","guid":{"rendered":"https:\/\/www.danby.com\/fr\/product\/dap290baw\/"},"modified":"2026-04-23T09:06:47","modified_gmt":"2026-04-23T09:06:47","slug":"dap290baw","status":"publish","type":"product","link":"https:\/\/www.danby.com\/fr\/products\/purificateurs-dair\/dap290baw\/","title":{"rendered":"Purificateur d&#8217;air Danby jusqu&#8217;\u00e0 450 pieds carr\u00e9s en blanc"},"content":{"rendered":"","protected":false},"excerpt":{"rendered":"<ul>\n<li>Syst\u00e8me de filtration multi-\u00e9tapes \u2013 Comprend un filtre TRUE HEPA et un pr\u00e9-filtre au charbon actif.<\/li>\n<li>Con\u00e7u pour des espaces jusqu&#8217;\u00e0 450 pi\u00b2 \u2013 Avec des indices CADR : Fum\u00e9e (290), Poussi\u00e8re (265), Pollen (280).<\/li>\n<li>Surveillance de la qualit\u00e9 de l&#8217;air \u2013 Comprend un capteur de COV et une d\u00e9tection PM2.5 pour suivre les conditions de l&#8217;air.<\/li>\n<li>Vitesses et modes de ventilation r\u00e9glables \u2013 4 niveaux de vitesse avec modes Auto, Nuit et Turbo.<\/li>\n<li>Mode Nuit Intelligent \u2013 Ajuste la luminosit\u00e9 et la vitesse du ventilateur en fonction des conditions ambiantes.<\/li>\n<li>Fonctionnement silencieux \u2013 Fonctionne \u00e0 des niveaux sonores r\u00e9duits, incluant un mode Nuit \u00e0 27 dB.<\/li>\n<li>Affichage et commandes LED \u2013 Affiche les mises \u00e0 jour de la qualit\u00e9 de l&#8217;air et les notifications d\u2019\u00e9tat du filtre.<\/li>\n<li>Indicateur de remplacement du filtre \u2013 Avertit lorsqu\u2019un changement de filtre est n\u00e9cessaire; remplacement du filtre HEPA recommand\u00e9 environ toutes les 720 heures.<\/li>\n<li>Fonction Verrouillage enfant \u2013 Emp\u00eache les r\u00e9glages accidentels.<\/li>\n<li>Certifi\u00e9 pour l\u2019efficacit\u00e9 et la s\u00e9curit\u00e9 \u2013 V\u00e9rifi\u00e9 AHAM, Certifi\u00e9 ETL.<\/li>\n<li>Filtre \u00e0 air compatible (mod\u00e8le DAP290-F) disponible \u00e0 l&#8217;achat directement sur la page de la cat\u00e9gorie Purificateur d&#8217;air.<\/li>\n<\/ul>\n","protected":false},"featured_media":34906,"comment_status":"closed","ping_status":"closed","template":"","meta":{"_acf_changed":false},"product_brand":[],"product_cat":[19],"product_tag":[],"class_list":{"0":"post-4580","1":"product","2":"type-product","3":"status-publish","4":"has-post-thumbnail","6":"product_cat-purificateurs-dair","8":"first","9":"outofstock","10":"taxable","11":"shipping-taxable","12":"purchasable","13":"product-type-simple"},"acf":[],"yoast_head":"<!-- This site is optimized with the Yoast SEO plugin v27.4 - https:\/\/yoast.com\/product\/yoast-seo-wordpress\/ -->\n<title>Purificateur d&#039;air Danby jusqu&#039;\u00e0 450 pieds carr\u00e9s en blanc - DAP290BAW | Danby Canada<\/title>\n<meta name=\"description\" content=\"Vous cherchez un moyen d&#039;assainir l&#039;air dans votre maison ? Jetez un coup d&#039;\u0153il \u00e0 ce tout nouveau purificateur d&#039;air pour grandes pi\u00e8ces de Danby ! Ce mod\u00e8le est dot\u00e9 d&#039;un v\u00e9ritable filtre HEPA (capable de capturer jusqu&#039;\u00e0 99,97 % de la poussi\u00e8re, des allerg\u00e8nes, de la fum\u00e9e et du pollen en suspension dans l&#039;air), d&#039;un indicateur de qualit\u00e9 de l&#039;air et de commandes tactiles faciles \u00e0 utiliser ! C&#039;est le moyen id\u00e9al d&#039;am\u00e9liorer la qualit\u00e9 de l&#039;air dans tout espace jusqu&#039;\u00e0 450 pieds carr\u00e9s, comme votre bureau \u00e0 domicile, votre salon, vos chambres \u00e0 coucher et m\u00eame votre chalet. Ses roues amovibles permettent de le d\u00e9placer facilement d&#039;une pi\u00e8ce \u00e0 l&#039;autre, et l&#039;indicateur de remplacement du filtre vous permet de savoir quand il est temps d&#039;en acheter un nouveau. Enfin, ce mod\u00e8le est AHAM Verifide et ETL Certified, ce qui signifie qu&#039;il n&#039;aura pas d&#039;incidence sur vos factures d&#039;\u00e9lectricit\u00e9.\" \/>\n<meta name=\"robots\" content=\"index, follow, max-snippet:-1, max-image-preview:large, max-video-preview:-1\" \/>\n<link rel=\"canonical\" href=\"https:\/\/www.danby.com\/fr\/products\/purificateurs-dair\/dap290baw\/\" \/>\n<meta property=\"og:locale\" content=\"fr_CA\" \/>\n<meta property=\"og:type\" content=\"article\" \/>\n<meta property=\"og:title\" content=\"Purificateur d&#039;air Danby jusqu&#039;\u00e0 450 pieds carr\u00e9s en blanc - DAP290BAW | Danby Canada\" \/>\n<meta property=\"og:description\" content=\"Vous cherchez un moyen d&#039;assainir l&#039;air dans votre maison ? Jetez un coup d&#039;\u0153il \u00e0 ce tout nouveau purificateur d&#039;air pour grandes pi\u00e8ces de Danby ! Ce mod\u00e8le est dot\u00e9 d&#039;un v\u00e9ritable filtre HEPA (capable de capturer jusqu&#039;\u00e0 99,97 % de la poussi\u00e8re, des allerg\u00e8nes, de la fum\u00e9e et du pollen en suspension dans l&#039;air), d&#039;un indicateur de qualit\u00e9 de l&#039;air et de commandes tactiles faciles \u00e0 utiliser ! C&#039;est le moyen id\u00e9al d&#039;am\u00e9liorer la qualit\u00e9 de l&#039;air dans tout espace jusqu&#039;\u00e0 450 pieds carr\u00e9s, comme votre bureau \u00e0 domicile, votre salon, vos chambres \u00e0 coucher et m\u00eame votre chalet. Ses roues amovibles permettent de le d\u00e9placer facilement d&#039;une pi\u00e8ce \u00e0 l&#039;autre, et l&#039;indicateur de remplacement du filtre vous permet de savoir quand il est temps d&#039;en acheter un nouveau. Enfin, ce mod\u00e8le est AHAM Verifide et ETL Certified, ce qui signifie qu&#039;il n&#039;aura pas d&#039;incidence sur vos factures d&#039;\u00e9lectricit\u00e9.\" \/>\n<meta property=\"og:url\" content=\"https:\/\/www.danby.com\/fr\/products\/purificateurs-dair\/dap290baw\/\" \/>\n<meta property=\"og:site_name\" content=\"Danby - Canada - French\" \/>\n<meta property=\"article:publisher\" content=\"https:\/\/www.facebook.com\/DanbyAppliances\" \/>\n<meta property=\"article:modified_time\" content=\"2026-04-23T09:06:47+00:00\" \/>\n<meta property=\"og:image\" content=\"https:\/\/cdnweb.danby.com\/wp-content\/uploads\/sites\/2\/2025\/03\/14190559\/DAP290BAW_Front%20On.jpg\" \/>\n\t<meta property=\"og:image:width\" content=\"1500\" \/>\n\t<meta property=\"og:image:height\" content=\"2000\" \/>\n\t<meta property=\"og:image:type\" content=\"image\/jpeg\" \/>\n<meta name=\"twitter:card\" content=\"summary_large_image\" \/>\n<meta name=\"twitter:site\" content=\"@DanbyAppliance\" \/>\n<meta name=\"twitter:label1\" content=\"Estimation du temps de lecture\" \/>\n\t<meta name=\"twitter:data1\" content=\"1 minute\" \/>\n<script type=\"application\/ld+json\" class=\"yoast-schema-graph\">{\"@context\":\"https:\\\/\\\/schema.org\",\"@graph\":[{\"@type\":[\"WebPage\",\"ItemPage\"],\"url\":\"https:\\\/\\\/www.danby.com\\\/fr\\\/products\\\/purificateurs-dair\\\/dap290baw\\\/\",\"name\":\"Purificateur d'air Danby jusqu'\u00e0 450 pieds carr\u00e9s en blanc - DAP290BAW | Danby Canada\",\"isPartOf\":[],\"primaryImageOfPage\":[],\"image\":[],\"thumbnailUrl\":\"https:\\\/\\\/www.danby.com\\\/fr\\\/wp-content\\\/uploads\\\/sites\\\/2\\\/2025\\\/09\\\/dap290baw-thumbnail.jpg\",\"datePublished\":\"2022-02-03T19:12:51+00:00\",\"dateModified\":\"2026-04-23T09:06:47+00:00\",\"description\":\"Vous cherchez un moyen d'assainir l'air dans votre maison ? Jetez un coup d'\u0153il \u00e0 ce tout nouveau purificateur d'air pour grandes pi\u00e8ces de Danby ! Ce mod\u00e8le est dot\u00e9 d'un v\u00e9ritable filtre HEPA (capable de capturer jusqu'\u00e0 99,97 % de la poussi\u00e8re, des allerg\u00e8nes, de la fum\u00e9e et du pollen en suspension dans l'air), d'un indicateur de qualit\u00e9 de l'air et de commandes tactiles faciles \u00e0 utiliser ! C'est le moyen id\u00e9al d'am\u00e9liorer la qualit\u00e9 de l'air dans tout espace jusqu'\u00e0 450 pieds carr\u00e9s, comme votre bureau \u00e0 domicile, votre salon, vos chambres \u00e0 coucher et m\u00eame votre chalet. Ses roues amovibles permettent de le d\u00e9placer facilement d'une pi\u00e8ce \u00e0 l'autre, et l'indicateur de remplacement du filtre vous permet de savoir quand il est temps d'en acheter un nouveau. Enfin, ce mod\u00e8le est AHAM Verifide et ETL Certified, ce qui signifie qu'il n'aura pas d'incidence sur vos factures d'\u00e9lectricit\u00e9.\",\"breadcrumb\":[],\"inLanguage\":\"fr-CA\",\"potentialAction\":[{\"@type\":\"ReadAction\",\"target\":[\"https:\\\/\\\/www.danby.com\\\/fr\\\/products\\\/purificateurs-dair\\\/dap290baw\\\/\"]}]},{\"@type\":\"ImageObject\",\"inLanguage\":\"fr-CA\",\"url\":\"https:\\\/\\\/www.danby.com\\\/fr\\\/wp-content\\\/uploads\\\/sites\\\/2\\\/2025\\\/09\\\/dap290baw-thumbnail.jpg\",\"contentUrl\":\"https:\\\/\\\/www.danby.com\\\/fr\\\/wp-content\\\/uploads\\\/sites\\\/2\\\/2025\\\/09\\\/dap290baw-thumbnail.jpg\",\"width\":768,\"height\":1024},{\"@type\":\"BreadcrumbList\",\"itemListElement\":[{\"@type\":\"ListItem\",\"position\":1,\"name\":\"Home\",\"item\":\"https:\\\/\\\/www.danby.com\\\/fr\\\/\"},{\"@type\":\"ListItem\",\"position\":2,\"name\":\"Boutique\",\"item\":\"https:\\\/\\\/www.danby.com\\\/fr\\\/boutique\\\/\"},{\"@type\":\"ListItem\",\"position\":3,\"name\":\"Purificateur d&#8217;air Danby jusqu&#8217;\u00e0 450 pieds carr\u00e9s en blanc\"}]},{\"@type\":\"WebSite\",\"url\":\"https:\\\/\\\/www.danby.com\\\/fr\\\/\",\"name\":\"Danby - Canada - French\",\"description\":\"Leader dans le domaine de la r\u00e9frig\u00e9ration et des appareils sp\u00e9cialis\u00e9s\",\"publisher\":[],\"potentialAction\":[{\"@type\":\"SearchAction\",\"target\":{\"@type\":\"EntryPoint\",\"urlTemplate\":\"https:\\\/\\\/www.danby.com\\\/fr\\\/?s={search_term_string}\"},\"query-input\":{\"@type\":\"PropertyValueSpecification\",\"valueRequired\":true,\"valueName\":\"search_term_string\"}}],\"inLanguage\":\"fr-CA\"},{\"@type\":\"Organization\",\"name\":\"Danby Appliances\",\"url\":\"https:\\\/\\\/www.danby.com\\\/fr\\\/\",\"logo\":{\"@type\":\"ImageObject\",\"inLanguage\":\"fr-CA\",\"url\":\"https:\\\/\\\/cdnweb.danby.com\\\/wp-content\\\/uploads\\\/sites\\\/2\\\/2022\\\/02\\\/10141906\\\/Danby75Ans_Blue.png\",\"contentUrl\":\"https:\\\/\\\/cdnweb.danby.com\\\/wp-content\\\/uploads\\\/sites\\\/2\\\/2022\\\/02\\\/10141906\\\/Danby75Ans_Blue.png\",\"width\":470,\"height\":110,\"caption\":\"Danby Appliances\"},\"image\":[],\"sameAs\":[\"https:\\\/\\\/www.facebook.com\\\/DanbyAppliances\",\"https:\\\/\\\/x.com\\\/DanbyAppliance\",\"https:\\\/\\\/instagram.com\\\/danbyappliances\\\/\",\"https:\\\/\\\/www.linkedin.com\\\/company\\\/danbyappliances\",\"https:\\\/\\\/www.pinterest.ca\\\/danbyappliances\\\/\",\"https:\\\/\\\/www.youtube.com\\\/user\\\/DanbyProducts\",\"https:\\\/\\\/en.wikipedia.org\\\/wiki\\\/Danby_(appliances)\"]}]}<\/script>\n<!-- \/ Yoast SEO plugin. -->","yoast_head_json":{"title":"Purificateur d'air Danby jusqu'\u00e0 450 pieds carr\u00e9s en blanc - DAP290BAW | Danby Canada","description":"Vous cherchez un moyen d'assainir l'air dans votre maison ? Jetez un coup d'\u0153il \u00e0 ce tout nouveau purificateur d'air pour grandes pi\u00e8ces de Danby ! Ce mod\u00e8le est dot\u00e9 d'un v\u00e9ritable filtre HEPA (capable de capturer jusqu'\u00e0 99,97 % de la poussi\u00e8re, des allerg\u00e8nes, de la fum\u00e9e et du pollen en suspension dans l'air), d'un indicateur de qualit\u00e9 de l'air et de commandes tactiles faciles \u00e0 utiliser ! C'est le moyen id\u00e9al d'am\u00e9liorer la qualit\u00e9 de l'air dans tout espace jusqu'\u00e0 450 pieds carr\u00e9s, comme votre bureau \u00e0 domicile, votre salon, vos chambres \u00e0 coucher et m\u00eame votre chalet. Ses roues amovibles permettent de le d\u00e9placer facilement d'une pi\u00e8ce \u00e0 l'autre, et l'indicateur de remplacement du filtre vous permet de savoir quand il est temps d'en acheter un nouveau. Enfin, ce mod\u00e8le est AHAM Verifide et ETL Certified, ce qui signifie qu'il n'aura pas d'incidence sur vos factures d'\u00e9lectricit\u00e9.","robots":{"index":"index","follow":"follow","max-snippet":"max-snippet:-1","max-image-preview":"max-image-preview:large","max-video-preview":"max-video-preview:-1"},"canonical":"https:\/\/www.danby.com\/fr\/products\/purificateurs-dair\/dap290baw\/","og_locale":"fr_CA","og_type":"article","og_title":"Purificateur d'air Danby jusqu'\u00e0 450 pieds carr\u00e9s en blanc - DAP290BAW | Danby Canada","og_description":"Vous cherchez un moyen d'assainir l'air dans votre maison ? Jetez un coup d'\u0153il \u00e0 ce tout nouveau purificateur d'air pour grandes pi\u00e8ces de Danby ! Ce mod\u00e8le est dot\u00e9 d'un v\u00e9ritable filtre HEPA (capable de capturer jusqu'\u00e0 99,97 % de la poussi\u00e8re, des allerg\u00e8nes, de la fum\u00e9e et du pollen en suspension dans l'air), d'un indicateur de qualit\u00e9 de l'air et de commandes tactiles faciles \u00e0 utiliser ! C'est le moyen id\u00e9al d'am\u00e9liorer la qualit\u00e9 de l'air dans tout espace jusqu'\u00e0 450 pieds carr\u00e9s, comme votre bureau \u00e0 domicile, votre salon, vos chambres \u00e0 coucher et m\u00eame votre chalet. Ses roues amovibles permettent de le d\u00e9placer facilement d'une pi\u00e8ce \u00e0 l'autre, et l'indicateur de remplacement du filtre vous permet de savoir quand il est temps d'en acheter un nouveau. Enfin, ce mod\u00e8le est AHAM Verifide et ETL Certified, ce qui signifie qu'il n'aura pas d'incidence sur vos factures d'\u00e9lectricit\u00e9.","og_url":"https:\/\/www.danby.com\/fr\/products\/purificateurs-dair\/dap290baw\/","og_site_name":"Danby - Canada - French","article_publisher":"https:\/\/www.facebook.com\/DanbyAppliances","article_modified_time":"2026-04-23T09:06:47+00:00","og_image":[{"width":1500,"height":2000,"url":"https:\/\/cdnweb.danby.com\/wp-content\/uploads\/sites\/2\/2025\/03\/14190559\/DAP290BAW_Front%20On.jpg","type":"image\/jpeg"}],"twitter_card":"summary_large_image","twitter_site":"@DanbyAppliance","twitter_misc":{"Estimation du temps de lecture":"1 minute"},"schema":{"@context":"https:\/\/schema.org","@graph":[{"@type":["WebPage","ItemPage"],"url":"https:\/\/www.danby.com\/fr\/products\/purificateurs-dair\/dap290baw\/","name":"Purificateur d'air Danby jusqu'\u00e0 450 pieds carr\u00e9s en blanc - DAP290BAW | Danby Canada","isPartOf":[],"primaryImageOfPage":[],"image":[],"thumbnailUrl":"https:\/\/www.danby.com\/fr\/wp-content\/uploads\/sites\/2\/2025\/09\/dap290baw-thumbnail.jpg","datePublished":"2022-02-03T19:12:51+00:00","dateModified":"2026-04-23T09:06:47+00:00","description":"Vous cherchez un moyen d'assainir l'air dans votre maison ? Jetez un coup d'\u0153il \u00e0 ce tout nouveau purificateur d'air pour grandes pi\u00e8ces de Danby ! Ce mod\u00e8le est dot\u00e9 d'un v\u00e9ritable filtre HEPA (capable de capturer jusqu'\u00e0 99,97 % de la poussi\u00e8re, des allerg\u00e8nes, de la fum\u00e9e et du pollen en suspension dans l'air), d'un indicateur de qualit\u00e9 de l'air et de commandes tactiles faciles \u00e0 utiliser ! C'est le moyen id\u00e9al d'am\u00e9liorer la qualit\u00e9 de l'air dans tout espace jusqu'\u00e0 450 pieds carr\u00e9s, comme votre bureau \u00e0 domicile, votre salon, vos chambres \u00e0 coucher et m\u00eame votre chalet. Ses roues amovibles permettent de le d\u00e9placer facilement d'une pi\u00e8ce \u00e0 l'autre, et l'indicateur de remplacement du filtre vous permet de savoir quand il est temps d'en acheter un nouveau. Enfin, ce mod\u00e8le est AHAM Verifide et ETL Certified, ce qui signifie qu'il n'aura pas d'incidence sur vos factures d'\u00e9lectricit\u00e9.","breadcrumb":[],"inLanguage":"fr-CA","potentialAction":[{"@type":"ReadAction","target":["https:\/\/www.danby.com\/fr\/products\/purificateurs-dair\/dap290baw\/"]}]},{"@type":"ImageObject","inLanguage":"fr-CA","url":"https:\/\/www.danby.com\/fr\/wp-content\/uploads\/sites\/2\/2025\/09\/dap290baw-thumbnail.jpg","contentUrl":"https:\/\/www.danby.com\/fr\/wp-content\/uploads\/sites\/2\/2025\/09\/dap290baw-thumbnail.jpg","width":768,"height":1024},{"@type":"BreadcrumbList","itemListElement":[{"@type":"ListItem","position":1,"name":"Home","item":"https:\/\/www.danby.com\/fr\/"},{"@type":"ListItem","position":2,"name":"Boutique","item":"https:\/\/www.danby.com\/fr\/boutique\/"},{"@type":"ListItem","position":3,"name":"Purificateur d&#8217;air Danby jusqu&#8217;\u00e0 450 pieds carr\u00e9s en blanc"}]},{"@type":"WebSite","url":"https:\/\/www.danby.com\/fr\/","name":"Danby - Canada - French","description":"Leader dans le domaine de la r\u00e9frig\u00e9ration et des appareils sp\u00e9cialis\u00e9s","publisher":[],"potentialAction":[{"@type":"SearchAction","target":{"@type":"EntryPoint","urlTemplate":"https:\/\/www.danby.com\/fr\/?s={search_term_string}"},"query-input":{"@type":"PropertyValueSpecification","valueRequired":true,"valueName":"search_term_string"}}],"inLanguage":"fr-CA"},{"@type":"Organization","name":"Danby Appliances","url":"https:\/\/www.danby.com\/fr\/","logo":{"@type":"ImageObject","inLanguage":"fr-CA","url":"https:\/\/cdnweb.danby.com\/wp-content\/uploads\/sites\/2\/2022\/02\/10141906\/Danby75Ans_Blue.png","contentUrl":"https:\/\/cdnweb.danby.com\/wp-content\/uploads\/sites\/2\/2022\/02\/10141906\/Danby75Ans_Blue.png","width":470,"height":110,"caption":"Danby Appliances"},"image":[],"sameAs":["https:\/\/www.facebook.com\/DanbyAppliances","https:\/\/x.com\/DanbyAppliance","https:\/\/instagram.com\/danbyappliances\/","https:\/\/www.linkedin.com\/company\/danbyappliances","https:\/\/www.pinterest.ca\/danbyappliances\/","https:\/\/www.youtube.com\/user\/DanbyProducts","https:\/\/en.wikipedia.org\/wiki\/Danby_(appliances)"]}]}},"post_mailing_queue_ids":[],"_links":{"self":[{"href":"https:\/\/www.danby.com\/fr\/wp-json\/wp\/v2\/product\/4580","targetHints":{"allow":["GET"]}}],"collection":[{"href":"https:\/\/www.danby.com\/fr\/wp-json\/wp\/v2\/product"}],"about":[{"href":"https:\/\/www.danby.com\/fr\/wp-json\/wp\/v2\/types\/product"}],"replies":[{"embeddable":true,"href":"https:\/\/www.danby.com\/fr\/wp-json\/wp\/v2\/comments?post=4580"}],"wp:featuredmedia":[{"embeddable":true,"href":"https:\/\/www.danby.com\/fr\/wp-json\/wp\/v2\/media\/34906"}],"wp:attachment":[{"href":"https:\/\/www.danby.com\/fr\/wp-json\/wp\/v2\/media?parent=4580"}],"wp:term":[{"taxonomy":"product_brand","embeddable":true,"href":"https:\/\/www.danby.com\/fr\/wp-json\/wp\/v2\/product_brand?post=4580"},{"taxonomy":"product_cat","embeddable":true,"href":"https:\/\/www.danby.com\/fr\/wp-json\/wp\/v2\/product_cat?post=4580"},{"taxonomy":"product_tag","embeddable":true,"href":"https:\/\/www.danby.com\/fr\/wp-json\/wp\/v2\/product_tag?post=4580"}],"curies":[{"name":"wp","href":"https:\/\/api.w.org\/{rel}","templated":true}]}}