{"id":4577,"date":"2022-02-03T19:12:51","date_gmt":"2022-02-03T19:12:51","guid":{"rendered":"https:\/\/www.danby.com\/fr\/product\/dap143bab-uv\/"},"modified":"2026-04-25T10:08:20","modified_gmt":"2026-04-25T10:08:20","slug":"dap143bab-uv","status":"publish","type":"product","link":"https:\/\/www.danby.com\/fr\/products\/purificateurs-dair\/dap143bab-uv\/","title":{"rendered":"Danby Purificateur d&#8217;air jusqu&#8217;\u00e0 210 pieds carr\u00e9s en noir"},"content":{"rendered":"","protected":false},"excerpt":{"rendered":"<ul>\n<li>Purificateur d&#8217;air Danby jusqu&#8217;\u00e0 210 pieds carr\u00e9<\/li>\n<li>Le pr\u00e9-filtre \u00e0 charbon actif aide \u00e0 r\u00e9duire les odeurs des animaux domestiques, de la fum\u00e9e et de la cuisson.<\/li>\n<li>VRAI filtre HEPA <\/li>\n<li>Id\u00e9al pour une surface de 210 pieds carr\u00e9s avec un CADR \u00e9lev\u00e9 (Fum\u00e9e 143, Poussi\u00e8re 145, Pollen 228)<\/li>\n<li>3 vitesses de ventilation avec contr\u00f4le \u00e9lectronique<\/li>\n<li>Technologie silencieuse : fonctionnement \u00e0 partir de 32dB (vitesse de ventilation basse).<\/li>\n<li>Indicateur de remplacement du filtre<\/li>\n<li>Garantie de 24 mois sur les pi\u00e8ces et la main d&#8217;\u0153uvre avec un service d&#8217;entretien \u00e0 domicile<\/li>\n<\/ul>\n","protected":false},"featured_media":34900,"comment_status":"closed","ping_status":"closed","template":"","meta":{"_acf_changed":false},"product_brand":[],"product_cat":[19],"product_tag":[],"class_list":{"0":"post-4577","1":"product","2":"type-product","3":"status-publish","4":"has-post-thumbnail","6":"product_cat-purificateurs-dair","8":"first","9":"outofstock","10":"taxable","11":"shipping-taxable","12":"purchasable","13":"product-type-simple"},"acf":[],"yoast_head":"<!-- This site is optimized with the Yoast SEO plugin v27.4 - https:\/\/yoast.com\/product\/yoast-seo-wordpress\/ -->\n<title>Danby Purificateur d&#039;air jusqu&#039;\u00e0 210 pieds carr\u00e9s en noir - DAP143BAB-UV | Danby Canada<\/title>\n<meta name=\"description\" content=\"Vous cherchez un moyen d&#039;assainir l&#039;air dans votre maison ? Jetez un coup d&#039;\u0153il \u00e0 ce tout nouveau purificateur d&#039;air de Danby ! Le v\u00e9ritable filtre HEPA. C&#039;est la fa\u00e7on id\u00e9ale d&#039;am\u00e9liorer la qualit\u00e9 de l&#039;air dans tout espace jusqu&#039;\u00e0 210 pieds carr\u00e9s, comme votre bureau \u00e0 domicile, votre salon, vos chambres \u00e0 coucher et m\u00eame votre chalet. Il est \u00e9galement \u00e9quip\u00e9 de 3 vitesses de ventilation, d&#039;un t\u00e9moin de remplacement du filtre et de la technologie Silencer, qui permet de r\u00e9duire le bruit \u00e0 32dB !\" \/>\n<meta name=\"robots\" content=\"index, follow, max-snippet:-1, max-image-preview:large, max-video-preview:-1\" \/>\n<link rel=\"canonical\" href=\"https:\/\/www.danby.com\/fr\/products\/purificateurs-dair\/dap143bab-uv\/\" \/>\n<meta property=\"og:locale\" content=\"fr_CA\" \/>\n<meta property=\"og:type\" content=\"article\" \/>\n<meta property=\"og:title\" content=\"Danby Purificateur d&#039;air jusqu&#039;\u00e0 210 pieds carr\u00e9s en noir - DAP143BAB-UV | Danby Canada\" \/>\n<meta property=\"og:description\" content=\"Vous cherchez un moyen d&#039;assainir l&#039;air dans votre maison ? Jetez un coup d&#039;\u0153il \u00e0 ce tout nouveau purificateur d&#039;air de Danby ! Le v\u00e9ritable filtre HEPA. C&#039;est la fa\u00e7on id\u00e9ale d&#039;am\u00e9liorer la qualit\u00e9 de l&#039;air dans tout espace jusqu&#039;\u00e0 210 pieds carr\u00e9s, comme votre bureau \u00e0 domicile, votre salon, vos chambres \u00e0 coucher et m\u00eame votre chalet. Il est \u00e9galement \u00e9quip\u00e9 de 3 vitesses de ventilation, d&#039;un t\u00e9moin de remplacement du filtre et de la technologie Silencer, qui permet de r\u00e9duire le bruit \u00e0 32dB !\" \/>\n<meta property=\"og:url\" content=\"https:\/\/www.danby.com\/fr\/products\/purificateurs-dair\/dap143bab-uv\/\" \/>\n<meta property=\"og:site_name\" content=\"Danby - Canada - French\" \/>\n<meta property=\"article:publisher\" content=\"https:\/\/www.facebook.com\/DanbyAppliances\" \/>\n<meta property=\"article:modified_time\" content=\"2026-04-25T10:08:20+00:00\" \/>\n<meta property=\"og:image\" content=\"https:\/\/cdnweb.danby.com\/wp-content\/uploads\/sites\/2\/2023\/11\/29195807\/Thumbnail__0003_DAP143BAB-UV_WP.jpg\" \/>\n\t<meta property=\"og:image:width\" content=\"1125\" \/>\n\t<meta property=\"og:image:height\" content=\"1500\" \/>\n\t<meta property=\"og:image:type\" content=\"image\/jpeg\" \/>\n<meta name=\"twitter:card\" content=\"summary_large_image\" \/>\n<meta name=\"twitter:site\" content=\"@DanbyAppliance\" \/>\n<meta name=\"twitter:label1\" content=\"Estimation du temps de lecture\" \/>\n\t<meta name=\"twitter:data1\" content=\"1 minute\" \/>\n<script type=\"application\/ld+json\" class=\"yoast-schema-graph\">{\"@context\":\"https:\\\/\\\/schema.org\",\"@graph\":[{\"@type\":[\"WebPage\",\"ItemPage\"],\"url\":\"https:\\\/\\\/www.danby.com\\\/fr\\\/products\\\/purificateurs-dair\\\/dap143bab-uv\\\/\",\"name\":\"Danby Purificateur d'air jusqu'\u00e0 210 pieds carr\u00e9s en noir - DAP143BAB-UV | Danby Canada\",\"isPartOf\":[],\"primaryImageOfPage\":[],\"image\":[],\"thumbnailUrl\":\"https:\\\/\\\/www.danby.com\\\/fr\\\/wp-content\\\/uploads\\\/sites\\\/2\\\/2025\\\/09\\\/dap143bab-uv-thumbnail.jpg\",\"datePublished\":\"2022-02-03T19:12:51+00:00\",\"dateModified\":\"2026-04-25T10:08:20+00:00\",\"description\":\"Vous cherchez un moyen d'assainir l'air dans votre maison ? Jetez un coup d'\u0153il \u00e0 ce tout nouveau purificateur d'air de Danby ! Le v\u00e9ritable filtre HEPA. C'est la fa\u00e7on id\u00e9ale d'am\u00e9liorer la qualit\u00e9 de l'air dans tout espace jusqu'\u00e0 210 pieds carr\u00e9s, comme votre bureau \u00e0 domicile, votre salon, vos chambres \u00e0 coucher et m\u00eame votre chalet. Il est \u00e9galement \u00e9quip\u00e9 de 3 vitesses de ventilation, d'un t\u00e9moin de remplacement du filtre et de la technologie Silencer, qui permet de r\u00e9duire le bruit \u00e0 32dB !\",\"breadcrumb\":[],\"inLanguage\":\"fr-CA\",\"potentialAction\":[{\"@type\":\"ReadAction\",\"target\":[\"https:\\\/\\\/www.danby.com\\\/fr\\\/products\\\/purificateurs-dair\\\/dap143bab-uv\\\/\"]}]},{\"@type\":\"ImageObject\",\"inLanguage\":\"fr-CA\",\"url\":\"https:\\\/\\\/www.danby.com\\\/fr\\\/wp-content\\\/uploads\\\/sites\\\/2\\\/2025\\\/09\\\/dap143bab-uv-thumbnail.jpg\",\"contentUrl\":\"https:\\\/\\\/www.danby.com\\\/fr\\\/wp-content\\\/uploads\\\/sites\\\/2\\\/2025\\\/09\\\/dap143bab-uv-thumbnail.jpg\",\"width\":768,\"height\":1024},{\"@type\":\"BreadcrumbList\",\"itemListElement\":[{\"@type\":\"ListItem\",\"position\":1,\"name\":\"Home\",\"item\":\"https:\\\/\\\/www.danby.com\\\/fr\\\/\"},{\"@type\":\"ListItem\",\"position\":2,\"name\":\"Boutique\",\"item\":\"https:\\\/\\\/www.danby.com\\\/fr\\\/boutique\\\/\"},{\"@type\":\"ListItem\",\"position\":3,\"name\":\"Danby Purificateur d&#8217;air jusqu&#8217;\u00e0 210 pieds carr\u00e9s en noir\"}]},{\"@type\":\"WebSite\",\"url\":\"https:\\\/\\\/www.danby.com\\\/fr\\\/\",\"name\":\"Danby - Canada - French\",\"description\":\"Leader dans le domaine de la r\u00e9frig\u00e9ration et des appareils sp\u00e9cialis\u00e9s\",\"publisher\":[],\"potentialAction\":[{\"@type\":\"SearchAction\",\"target\":{\"@type\":\"EntryPoint\",\"urlTemplate\":\"https:\\\/\\\/www.danby.com\\\/fr\\\/?s={search_term_string}\"},\"query-input\":{\"@type\":\"PropertyValueSpecification\",\"valueRequired\":true,\"valueName\":\"search_term_string\"}}],\"inLanguage\":\"fr-CA\"},{\"@type\":\"Organization\",\"name\":\"Danby Appliances\",\"url\":\"https:\\\/\\\/www.danby.com\\\/fr\\\/\",\"logo\":{\"@type\":\"ImageObject\",\"inLanguage\":\"fr-CA\",\"url\":\"https:\\\/\\\/cdnweb.danby.com\\\/wp-content\\\/uploads\\\/sites\\\/2\\\/2022\\\/02\\\/10141906\\\/Danby75Ans_Blue.png\",\"contentUrl\":\"https:\\\/\\\/cdnweb.danby.com\\\/wp-content\\\/uploads\\\/sites\\\/2\\\/2022\\\/02\\\/10141906\\\/Danby75Ans_Blue.png\",\"width\":470,\"height\":110,\"caption\":\"Danby Appliances\"},\"image\":[],\"sameAs\":[\"https:\\\/\\\/www.facebook.com\\\/DanbyAppliances\",\"https:\\\/\\\/x.com\\\/DanbyAppliance\",\"https:\\\/\\\/instagram.com\\\/danbyappliances\\\/\",\"https:\\\/\\\/www.linkedin.com\\\/company\\\/danbyappliances\",\"https:\\\/\\\/www.pinterest.ca\\\/danbyappliances\\\/\",\"https:\\\/\\\/www.youtube.com\\\/user\\\/DanbyProducts\",\"https:\\\/\\\/en.wikipedia.org\\\/wiki\\\/Danby_(appliances)\"]}]}<\/script>\n<!-- \/ Yoast SEO plugin. -->","yoast_head_json":{"title":"Danby Purificateur d'air jusqu'\u00e0 210 pieds carr\u00e9s en noir - DAP143BAB-UV | Danby Canada","description":"Vous cherchez un moyen d'assainir l'air dans votre maison ? Jetez un coup d'\u0153il \u00e0 ce tout nouveau purificateur d'air de Danby ! Le v\u00e9ritable filtre HEPA. C'est la fa\u00e7on id\u00e9ale d'am\u00e9liorer la qualit\u00e9 de l'air dans tout espace jusqu'\u00e0 210 pieds carr\u00e9s, comme votre bureau \u00e0 domicile, votre salon, vos chambres \u00e0 coucher et m\u00eame votre chalet. Il est \u00e9galement \u00e9quip\u00e9 de 3 vitesses de ventilation, d'un t\u00e9moin de remplacement du filtre et de la technologie Silencer, qui permet de r\u00e9duire le bruit \u00e0 32dB !","robots":{"index":"index","follow":"follow","max-snippet":"max-snippet:-1","max-image-preview":"max-image-preview:large","max-video-preview":"max-video-preview:-1"},"canonical":"https:\/\/www.danby.com\/fr\/products\/purificateurs-dair\/dap143bab-uv\/","og_locale":"fr_CA","og_type":"article","og_title":"Danby Purificateur d'air jusqu'\u00e0 210 pieds carr\u00e9s en noir - DAP143BAB-UV | Danby Canada","og_description":"Vous cherchez un moyen d'assainir l'air dans votre maison ? Jetez un coup d'\u0153il \u00e0 ce tout nouveau purificateur d'air de Danby ! Le v\u00e9ritable filtre HEPA. C'est la fa\u00e7on id\u00e9ale d'am\u00e9liorer la qualit\u00e9 de l'air dans tout espace jusqu'\u00e0 210 pieds carr\u00e9s, comme votre bureau \u00e0 domicile, votre salon, vos chambres \u00e0 coucher et m\u00eame votre chalet. Il est \u00e9galement \u00e9quip\u00e9 de 3 vitesses de ventilation, d'un t\u00e9moin de remplacement du filtre et de la technologie Silencer, qui permet de r\u00e9duire le bruit \u00e0 32dB !","og_url":"https:\/\/www.danby.com\/fr\/products\/purificateurs-dair\/dap143bab-uv\/","og_site_name":"Danby - Canada - French","article_publisher":"https:\/\/www.facebook.com\/DanbyAppliances","article_modified_time":"2026-04-25T10:08:20+00:00","og_image":[{"width":1125,"height":1500,"url":"https:\/\/cdnweb.danby.com\/wp-content\/uploads\/sites\/2\/2023\/11\/29195807\/Thumbnail__0003_DAP143BAB-UV_WP.jpg","type":"image\/jpeg"}],"twitter_card":"summary_large_image","twitter_site":"@DanbyAppliance","twitter_misc":{"Estimation du temps de lecture":"1 minute"},"schema":{"@context":"https:\/\/schema.org","@graph":[{"@type":["WebPage","ItemPage"],"url":"https:\/\/www.danby.com\/fr\/products\/purificateurs-dair\/dap143bab-uv\/","name":"Danby Purificateur d'air jusqu'\u00e0 210 pieds carr\u00e9s en noir - DAP143BAB-UV | Danby Canada","isPartOf":[],"primaryImageOfPage":[],"image":[],"thumbnailUrl":"https:\/\/www.danby.com\/fr\/wp-content\/uploads\/sites\/2\/2025\/09\/dap143bab-uv-thumbnail.jpg","datePublished":"2022-02-03T19:12:51+00:00","dateModified":"2026-04-25T10:08:20+00:00","description":"Vous cherchez un moyen d'assainir l'air dans votre maison ? Jetez un coup d'\u0153il \u00e0 ce tout nouveau purificateur d'air de Danby ! Le v\u00e9ritable filtre HEPA. C'est la fa\u00e7on id\u00e9ale d'am\u00e9liorer la qualit\u00e9 de l'air dans tout espace jusqu'\u00e0 210 pieds carr\u00e9s, comme votre bureau \u00e0 domicile, votre salon, vos chambres \u00e0 coucher et m\u00eame votre chalet. Il est \u00e9galement \u00e9quip\u00e9 de 3 vitesses de ventilation, d'un t\u00e9moin de remplacement du filtre et de la technologie Silencer, qui permet de r\u00e9duire le bruit \u00e0 32dB !","breadcrumb":[],"inLanguage":"fr-CA","potentialAction":[{"@type":"ReadAction","target":["https:\/\/www.danby.com\/fr\/products\/purificateurs-dair\/dap143bab-uv\/"]}]},{"@type":"ImageObject","inLanguage":"fr-CA","url":"https:\/\/www.danby.com\/fr\/wp-content\/uploads\/sites\/2\/2025\/09\/dap143bab-uv-thumbnail.jpg","contentUrl":"https:\/\/www.danby.com\/fr\/wp-content\/uploads\/sites\/2\/2025\/09\/dap143bab-uv-thumbnail.jpg","width":768,"height":1024},{"@type":"BreadcrumbList","itemListElement":[{"@type":"ListItem","position":1,"name":"Home","item":"https:\/\/www.danby.com\/fr\/"},{"@type":"ListItem","position":2,"name":"Boutique","item":"https:\/\/www.danby.com\/fr\/boutique\/"},{"@type":"ListItem","position":3,"name":"Danby Purificateur d&#8217;air jusqu&#8217;\u00e0 210 pieds carr\u00e9s en noir"}]},{"@type":"WebSite","url":"https:\/\/www.danby.com\/fr\/","name":"Danby - Canada - French","description":"Leader dans le domaine de la r\u00e9frig\u00e9ration et des appareils sp\u00e9cialis\u00e9s","publisher":[],"potentialAction":[{"@type":"SearchAction","target":{"@type":"EntryPoint","urlTemplate":"https:\/\/www.danby.com\/fr\/?s={search_term_string}"},"query-input":{"@type":"PropertyValueSpecification","valueRequired":true,"valueName":"search_term_string"}}],"inLanguage":"fr-CA"},{"@type":"Organization","name":"Danby Appliances","url":"https:\/\/www.danby.com\/fr\/","logo":{"@type":"ImageObject","inLanguage":"fr-CA","url":"https:\/\/cdnweb.danby.com\/wp-content\/uploads\/sites\/2\/2022\/02\/10141906\/Danby75Ans_Blue.png","contentUrl":"https:\/\/cdnweb.danby.com\/wp-content\/uploads\/sites\/2\/2022\/02\/10141906\/Danby75Ans_Blue.png","width":470,"height":110,"caption":"Danby Appliances"},"image":[],"sameAs":["https:\/\/www.facebook.com\/DanbyAppliances","https:\/\/x.com\/DanbyAppliance","https:\/\/instagram.com\/danbyappliances\/","https:\/\/www.linkedin.com\/company\/danbyappliances","https:\/\/www.pinterest.ca\/danbyappliances\/","https:\/\/www.youtube.com\/user\/DanbyProducts","https:\/\/en.wikipedia.org\/wiki\/Danby_(appliances)"]}]}},"post_mailing_queue_ids":[],"_links":{"self":[{"href":"https:\/\/www.danby.com\/fr\/wp-json\/wp\/v2\/product\/4577","targetHints":{"allow":["GET"]}}],"collection":[{"href":"https:\/\/www.danby.com\/fr\/wp-json\/wp\/v2\/product"}],"about":[{"href":"https:\/\/www.danby.com\/fr\/wp-json\/wp\/v2\/types\/product"}],"replies":[{"embeddable":true,"href":"https:\/\/www.danby.com\/fr\/wp-json\/wp\/v2\/comments?post=4577"}],"wp:featuredmedia":[{"embeddable":true,"href":"https:\/\/www.danby.com\/fr\/wp-json\/wp\/v2\/media\/34900"}],"wp:attachment":[{"href":"https:\/\/www.danby.com\/fr\/wp-json\/wp\/v2\/media?parent=4577"}],"wp:term":[{"taxonomy":"product_brand","embeddable":true,"href":"https:\/\/www.danby.com\/fr\/wp-json\/wp\/v2\/product_brand?post=4577"},{"taxonomy":"product_cat","embeddable":true,"href":"https:\/\/www.danby.com\/fr\/wp-json\/wp\/v2\/product_cat?post=4577"},{"taxonomy":"product_tag","embeddable":true,"href":"https:\/\/www.danby.com\/fr\/wp-json\/wp\/v2\/product_tag?post=4577"}],"curies":[{"name":"wp","href":"https:\/\/api.w.org\/{rel}","templated":true}]}}