{"id":4575,"date":"2022-02-03T19:12:51","date_gmt":"2022-02-03T19:12:51","guid":{"rendered":"https:\/\/www.danby.com\/fr\/product\/dap110bawdb\/"},"modified":"2026-04-30T10:04:54","modified_gmt":"2026-04-30T10:04:54","slug":"dap110bawdb","status":"publish","type":"product","link":"https:\/\/www.danby.com\/fr\/products\/purificateurs-dair\/dap110bawdb\/","title":{"rendered":"Danby Purificateur d&#8217;air jusqu&#8217;\u00e0 170 pieds carr\u00e9s en blanc"},"content":{"rendered":"","protected":false},"excerpt":{"rendered":"<ul>\n<li>02 Fonction d&#8217;ionisation propre : Elimine les odeurs et la poussi\u00e8re<\/li>\n<li>Filtre 3-en-1 : Capture 99,97 % des poussi\u00e8res domestiques et des allerg\u00e8nes gr\u00e2ce au syst\u00e8me de filtrage 3-en-1, compos\u00e9 d&#8217;un pr\u00e9-filtre, d&#8217;un filtre \u00e0 charbon actif et d&#8217;un v\u00e9ritable filtre HEPA.<\/li>\n<li>Technologie du silencieux : L&#8217;efficacit\u00e9 n&#8217;a pas besoin d&#8217;\u00eatre bruyante, c&#8217;est pourquoi cet appareil est \u00e9galement \u00e9quip\u00e9 de notre technologie de silencieux. Avec 18 d\u00e9cibels, il n&#8217;est pas plus bruyant qu&#8217;une conversation \u00e0 voix basse.<\/li>\n<li>Mode veille : Le mode veille r\u00e9duit progressivement la vitesse du ventilateur pour un fonctionnement continu et sans souci.<\/li>\n<li>Minuterie programmable de 8 heures : Programme de fonctionnement diurne adapt\u00e9 \u00e0 votre emploi du temps.<\/li>\n<li>V\u00e9rifi\u00e9 par l&#8217;AHAM : Cet appareil a \u00e9t\u00e9 certifi\u00e9 par un laboratoire ind\u00e9pendant, ce qui garantit qu&#8217;il r\u00e9pond aux normes que vous attendez de Danby.<\/li>\n<\/ul>\n","protected":false},"featured_media":25845,"comment_status":"closed","ping_status":"open","template":"","meta":{"_acf_changed":false},"product_brand":[],"product_cat":[19],"product_tag":[],"class_list":{"0":"post-4575","1":"product","2":"type-product","3":"status-publish","4":"has-post-thumbnail","6":"product_cat-purificateurs-dair","8":"first","9":"outofstock","10":"taxable","11":"shipping-taxable","12":"product-type-simple"},"acf":[],"yoast_head":"<!-- This site is optimized with the Yoast SEO plugin v27.5 - https:\/\/yoast.com\/product\/yoast-seo-wordpress\/ -->\n<title>Danby Purificateur d&#039;air jusqu&#039;\u00e0 170 pieds carr\u00e9s en blanc - DAP110BAWDB | Danby Canada<\/title>\n<meta name=\"description\" content=\"Le purificateur d&#039;air portable Danby DAP110BAWDB est dot\u00e9 de puissantes fonctionnalit\u00e9s, raffin\u00e9es dans un look contemporain et classique, adapt\u00e9 \u00e0 tout style de vie. Certifi\u00e9 AHAM, cet appareil permet de r\u00e9duire les particules domestiques, notamment le pollen, la poussi\u00e8re et la fum\u00e9e de tabac, dans la taille de pi\u00e8ce recommand\u00e9e. Con\u00e7u pour les pi\u00e8ces de taille petite \u00e0 moyenne, ce purificateur d&#039;air utilise la technologie 02 Clean Ionizer pour attirer les odeurs ind\u00e9sirables et les pi\u00e9ger dans son filtre \u00e0 air multicouche. Le filtre 3 en 1 se compose d&#039;un pr\u00e9-filtre, d&#039;un filtre \u00e0 charbon actif et d&#039;un v\u00e9ritable filtre HEPA, capable de capturer 99,97 % de la poussi\u00e8re et des allerg\u00e8nes domestiques, pour une meilleure qualit\u00e9 de l&#039;air int\u00e9rieur. L&#039;efficacit\u00e9 ne doit pas n\u00e9cessairement \u00eatre bruyante, c&#039;est pourquoi cet appareil est \u00e9galement \u00e9quip\u00e9 de notre technologie silencieuse. \u00c0 18 d\u00e9cibels, il n&#039;est pas plus bruyant qu&#039;une conversation tranquille. Profitez d&#039;une bonne nuit de repos gr\u00e2ce \u00e0 notre fonction de mode veille, pour un fonctionnement continu sans souci pendant votre sommeil. Ou d\u00e9finissez un programme de fonctionnement de jour sur notre minuterie de 8 heures et vivez votre journ\u00e9e.\" \/>\n<meta name=\"robots\" content=\"index, follow, max-snippet:-1, max-image-preview:large, max-video-preview:-1\" \/>\n<link rel=\"canonical\" href=\"https:\/\/www.danby.com\/fr\/products\/purificateurs-dair\/dap110bawdb\/\" \/>\n<meta property=\"og:locale\" content=\"fr_CA\" \/>\n<meta property=\"og:type\" content=\"article\" \/>\n<meta property=\"og:title\" content=\"Danby Purificateur d&#039;air jusqu&#039;\u00e0 170 pieds carr\u00e9s en blanc - DAP110BAWDB | Danby Canada\" \/>\n<meta property=\"og:description\" content=\"Le purificateur d&#039;air portable Danby DAP110BAWDB est dot\u00e9 de puissantes fonctionnalit\u00e9s, raffin\u00e9es dans un look contemporain et classique, adapt\u00e9 \u00e0 tout style de vie. Certifi\u00e9 AHAM, cet appareil permet de r\u00e9duire les particules domestiques, notamment le pollen, la poussi\u00e8re et la fum\u00e9e de tabac, dans la taille de pi\u00e8ce recommand\u00e9e. Con\u00e7u pour les pi\u00e8ces de taille petite \u00e0 moyenne, ce purificateur d&#039;air utilise la technologie 02 Clean Ionizer pour attirer les odeurs ind\u00e9sirables et les pi\u00e9ger dans son filtre \u00e0 air multicouche. Le filtre 3 en 1 se compose d&#039;un pr\u00e9-filtre, d&#039;un filtre \u00e0 charbon actif et d&#039;un v\u00e9ritable filtre HEPA, capable de capturer 99,97 % de la poussi\u00e8re et des allerg\u00e8nes domestiques, pour une meilleure qualit\u00e9 de l&#039;air int\u00e9rieur. L&#039;efficacit\u00e9 ne doit pas n\u00e9cessairement \u00eatre bruyante, c&#039;est pourquoi cet appareil est \u00e9galement \u00e9quip\u00e9 de notre technologie silencieuse. \u00c0 18 d\u00e9cibels, il n&#039;est pas plus bruyant qu&#039;une conversation tranquille. Profitez d&#039;une bonne nuit de repos gr\u00e2ce \u00e0 notre fonction de mode veille, pour un fonctionnement continu sans souci pendant votre sommeil. Ou d\u00e9finissez un programme de fonctionnement de jour sur notre minuterie de 8 heures et vivez votre journ\u00e9e.\" \/>\n<meta property=\"og:url\" content=\"https:\/\/www.danby.com\/fr\/products\/purificateurs-dair\/dap110bawdb\/\" \/>\n<meta property=\"og:site_name\" content=\"Danby - Canada - French\" \/>\n<meta property=\"article:publisher\" content=\"https:\/\/www.facebook.com\/DanbyAppliances\" \/>\n<meta property=\"article:modified_time\" content=\"2026-04-30T10:04:54+00:00\" \/>\n<meta property=\"og:image\" content=\"https:\/\/cdnweb.danby.com\/wp-content\/uploads\/sites\/2\/2023\/08\/10122610\/DAP110BAWDB_Front.jpg\" \/>\n\t<meta property=\"og:image:width\" content=\"1681\" \/>\n\t<meta property=\"og:image:height\" content=\"2242\" \/>\n\t<meta property=\"og:image:type\" content=\"image\/jpeg\" \/>\n<meta name=\"twitter:card\" content=\"summary_large_image\" \/>\n<meta name=\"twitter:site\" content=\"@DanbyAppliance\" \/>\n<script type=\"application\/ld+json\" class=\"yoast-schema-graph\">{\"@context\":\"https:\\\/\\\/schema.org\",\"@graph\":[{\"@type\":[\"WebPage\",\"ItemPage\"],\"url\":\"https:\\\/\\\/www.danby.com\\\/fr\\\/products\\\/purificateurs-dair\\\/dap110bawdb\\\/\",\"name\":\"Danby Purificateur d'air jusqu'\u00e0 170 pieds carr\u00e9s en blanc - DAP110BAWDB | Danby Canada\",\"isPartOf\":[],\"primaryImageOfPage\":[],\"image\":[],\"thumbnailUrl\":\"https:\\\/\\\/cdnweb.danby.com\\\/wp-content\\\/uploads\\\/sites\\\/2\\\/2023\\\/11\\\/29195729\\\/Thumbnail__0004_DAP110BAWDB_WP.jpg\",\"datePublished\":\"2022-02-03T19:12:51+00:00\",\"dateModified\":\"2026-04-30T10:04:54+00:00\",\"description\":\"Le purificateur d'air portable Danby DAP110BAWDB est dot\u00e9 de puissantes fonctionnalit\u00e9s, raffin\u00e9es dans un look contemporain et classique, adapt\u00e9 \u00e0 tout style de vie. Certifi\u00e9 AHAM, cet appareil permet de r\u00e9duire les particules domestiques, notamment le pollen, la poussi\u00e8re et la fum\u00e9e de tabac, dans la taille de pi\u00e8ce recommand\u00e9e. Con\u00e7u pour les pi\u00e8ces de taille petite \u00e0 moyenne, ce purificateur d'air utilise la technologie 02 Clean Ionizer pour attirer les odeurs ind\u00e9sirables et les pi\u00e9ger dans son filtre \u00e0 air multicouche. Le filtre 3 en 1 se compose d'un pr\u00e9-filtre, d'un filtre \u00e0 charbon actif et d'un v\u00e9ritable filtre HEPA, capable de capturer 99,97 % de la poussi\u00e8re et des allerg\u00e8nes domestiques, pour une meilleure qualit\u00e9 de l'air int\u00e9rieur. L'efficacit\u00e9 ne doit pas n\u00e9cessairement \u00eatre bruyante, c'est pourquoi cet appareil est \u00e9galement \u00e9quip\u00e9 de notre technologie silencieuse. \u00c0 18 d\u00e9cibels, il n'est pas plus bruyant qu'une conversation tranquille. Profitez d'une bonne nuit de repos gr\u00e2ce \u00e0 notre fonction de mode veille, pour un fonctionnement continu sans souci pendant votre sommeil. Ou d\u00e9finissez un programme de fonctionnement de jour sur notre minuterie de 8 heures et vivez votre journ\u00e9e.\",\"breadcrumb\":[],\"inLanguage\":\"fr-CA\",\"potentialAction\":[{\"@type\":\"ReadAction\",\"target\":[\"https:\\\/\\\/www.danby.com\\\/fr\\\/products\\\/purificateurs-dair\\\/dap110bawdb\\\/\"]}]},{\"@type\":\"ImageObject\",\"inLanguage\":\"fr-CA\",\"url\":\"https:\\\/\\\/cdnweb.danby.com\\\/wp-content\\\/uploads\\\/sites\\\/2\\\/2023\\\/11\\\/29195729\\\/Thumbnail__0004_DAP110BAWDB_WP.jpg\",\"contentUrl\":\"https:\\\/\\\/cdnweb.danby.com\\\/wp-content\\\/uploads\\\/sites\\\/2\\\/2023\\\/11\\\/29195729\\\/Thumbnail__0004_DAP110BAWDB_WP.jpg\",\"width\":1125,\"height\":1500},{\"@type\":\"BreadcrumbList\",\"itemListElement\":[{\"@type\":\"ListItem\",\"position\":1,\"name\":\"Home\",\"item\":\"https:\\\/\\\/www.danby.com\\\/fr\\\/\"},{\"@type\":\"ListItem\",\"position\":2,\"name\":\"Boutique\",\"item\":\"https:\\\/\\\/www.danby.com\\\/fr\\\/boutique\\\/\"},{\"@type\":\"ListItem\",\"position\":3,\"name\":\"Danby Purificateur d&#8217;air jusqu&#8217;\u00e0 170 pieds carr\u00e9s en blanc\"}]},{\"@type\":\"WebSite\",\"url\":\"https:\\\/\\\/www.danby.com\\\/fr\\\/\",\"name\":\"Danby - Canada - French\",\"description\":\"Leader dans le domaine de la r\u00e9frig\u00e9ration et des appareils sp\u00e9cialis\u00e9s\",\"publisher\":[],\"potentialAction\":[{\"@type\":\"SearchAction\",\"target\":{\"@type\":\"EntryPoint\",\"urlTemplate\":\"https:\\\/\\\/www.danby.com\\\/fr\\\/?s={search_term_string}\"},\"query-input\":{\"@type\":\"PropertyValueSpecification\",\"valueRequired\":true,\"valueName\":\"search_term_string\"}}],\"inLanguage\":\"fr-CA\"},{\"@type\":\"Organization\",\"name\":\"Danby Appliances\",\"url\":\"https:\\\/\\\/www.danby.com\\\/fr\\\/\",\"logo\":{\"@type\":\"ImageObject\",\"inLanguage\":\"fr-CA\",\"url\":\"https:\\\/\\\/cdnweb.danby.com\\\/wp-content\\\/uploads\\\/sites\\\/2\\\/2022\\\/02\\\/10141906\\\/Danby75Ans_Blue.png\",\"contentUrl\":\"https:\\\/\\\/cdnweb.danby.com\\\/wp-content\\\/uploads\\\/sites\\\/2\\\/2022\\\/02\\\/10141906\\\/Danby75Ans_Blue.png\",\"width\":470,\"height\":110,\"caption\":\"Danby Appliances\"},\"image\":[],\"sameAs\":[\"https:\\\/\\\/www.facebook.com\\\/DanbyAppliances\",\"https:\\\/\\\/x.com\\\/DanbyAppliance\",\"https:\\\/\\\/instagram.com\\\/danbyappliances\\\/\",\"https:\\\/\\\/www.linkedin.com\\\/company\\\/danbyappliances\",\"https:\\\/\\\/www.pinterest.ca\\\/danbyappliances\\\/\",\"https:\\\/\\\/www.youtube.com\\\/user\\\/DanbyProducts\",\"https:\\\/\\\/en.wikipedia.org\\\/wiki\\\/Danby_(appliances)\"]}]}<\/script>\n<!-- \/ Yoast SEO plugin. -->","yoast_head_json":{"title":"Danby Purificateur d'air jusqu'\u00e0 170 pieds carr\u00e9s en blanc - DAP110BAWDB | Danby Canada","description":"Le purificateur d'air portable Danby DAP110BAWDB est dot\u00e9 de puissantes fonctionnalit\u00e9s, raffin\u00e9es dans un look contemporain et classique, adapt\u00e9 \u00e0 tout style de vie. Certifi\u00e9 AHAM, cet appareil permet de r\u00e9duire les particules domestiques, notamment le pollen, la poussi\u00e8re et la fum\u00e9e de tabac, dans la taille de pi\u00e8ce recommand\u00e9e. Con\u00e7u pour les pi\u00e8ces de taille petite \u00e0 moyenne, ce purificateur d'air utilise la technologie 02 Clean Ionizer pour attirer les odeurs ind\u00e9sirables et les pi\u00e9ger dans son filtre \u00e0 air multicouche. Le filtre 3 en 1 se compose d'un pr\u00e9-filtre, d'un filtre \u00e0 charbon actif et d'un v\u00e9ritable filtre HEPA, capable de capturer 99,97 % de la poussi\u00e8re et des allerg\u00e8nes domestiques, pour une meilleure qualit\u00e9 de l'air int\u00e9rieur. L'efficacit\u00e9 ne doit pas n\u00e9cessairement \u00eatre bruyante, c'est pourquoi cet appareil est \u00e9galement \u00e9quip\u00e9 de notre technologie silencieuse. \u00c0 18 d\u00e9cibels, il n'est pas plus bruyant qu'une conversation tranquille. Profitez d'une bonne nuit de repos gr\u00e2ce \u00e0 notre fonction de mode veille, pour un fonctionnement continu sans souci pendant votre sommeil. Ou d\u00e9finissez un programme de fonctionnement de jour sur notre minuterie de 8 heures et vivez votre journ\u00e9e.","robots":{"index":"index","follow":"follow","max-snippet":"max-snippet:-1","max-image-preview":"max-image-preview:large","max-video-preview":"max-video-preview:-1"},"canonical":"https:\/\/www.danby.com\/fr\/products\/purificateurs-dair\/dap110bawdb\/","og_locale":"fr_CA","og_type":"article","og_title":"Danby Purificateur d'air jusqu'\u00e0 170 pieds carr\u00e9s en blanc - DAP110BAWDB | Danby Canada","og_description":"Le purificateur d'air portable Danby DAP110BAWDB est dot\u00e9 de puissantes fonctionnalit\u00e9s, raffin\u00e9es dans un look contemporain et classique, adapt\u00e9 \u00e0 tout style de vie. Certifi\u00e9 AHAM, cet appareil permet de r\u00e9duire les particules domestiques, notamment le pollen, la poussi\u00e8re et la fum\u00e9e de tabac, dans la taille de pi\u00e8ce recommand\u00e9e. Con\u00e7u pour les pi\u00e8ces de taille petite \u00e0 moyenne, ce purificateur d'air utilise la technologie 02 Clean Ionizer pour attirer les odeurs ind\u00e9sirables et les pi\u00e9ger dans son filtre \u00e0 air multicouche. Le filtre 3 en 1 se compose d'un pr\u00e9-filtre, d'un filtre \u00e0 charbon actif et d'un v\u00e9ritable filtre HEPA, capable de capturer 99,97 % de la poussi\u00e8re et des allerg\u00e8nes domestiques, pour une meilleure qualit\u00e9 de l'air int\u00e9rieur. L'efficacit\u00e9 ne doit pas n\u00e9cessairement \u00eatre bruyante, c'est pourquoi cet appareil est \u00e9galement \u00e9quip\u00e9 de notre technologie silencieuse. \u00c0 18 d\u00e9cibels, il n'est pas plus bruyant qu'une conversation tranquille. Profitez d'une bonne nuit de repos gr\u00e2ce \u00e0 notre fonction de mode veille, pour un fonctionnement continu sans souci pendant votre sommeil. Ou d\u00e9finissez un programme de fonctionnement de jour sur notre minuterie de 8 heures et vivez votre journ\u00e9e.","og_url":"https:\/\/www.danby.com\/fr\/products\/purificateurs-dair\/dap110bawdb\/","og_site_name":"Danby - Canada - French","article_publisher":"https:\/\/www.facebook.com\/DanbyAppliances","article_modified_time":"2026-04-30T10:04:54+00:00","og_image":[{"width":1681,"height":2242,"url":"https:\/\/cdnweb.danby.com\/wp-content\/uploads\/sites\/2\/2023\/08\/10122610\/DAP110BAWDB_Front.jpg","type":"image\/jpeg"}],"twitter_card":"summary_large_image","twitter_site":"@DanbyAppliance","schema":{"@context":"https:\/\/schema.org","@graph":[{"@type":["WebPage","ItemPage"],"url":"https:\/\/www.danby.com\/fr\/products\/purificateurs-dair\/dap110bawdb\/","name":"Danby Purificateur d'air jusqu'\u00e0 170 pieds carr\u00e9s en blanc - DAP110BAWDB | Danby Canada","isPartOf":[],"primaryImageOfPage":[],"image":[],"thumbnailUrl":"https:\/\/cdnweb.danby.com\/wp-content\/uploads\/sites\/2\/2023\/11\/29195729\/Thumbnail__0004_DAP110BAWDB_WP.jpg","datePublished":"2022-02-03T19:12:51+00:00","dateModified":"2026-04-30T10:04:54+00:00","description":"Le purificateur d'air portable Danby DAP110BAWDB est dot\u00e9 de puissantes fonctionnalit\u00e9s, raffin\u00e9es dans un look contemporain et classique, adapt\u00e9 \u00e0 tout style de vie. Certifi\u00e9 AHAM, cet appareil permet de r\u00e9duire les particules domestiques, notamment le pollen, la poussi\u00e8re et la fum\u00e9e de tabac, dans la taille de pi\u00e8ce recommand\u00e9e. Con\u00e7u pour les pi\u00e8ces de taille petite \u00e0 moyenne, ce purificateur d'air utilise la technologie 02 Clean Ionizer pour attirer les odeurs ind\u00e9sirables et les pi\u00e9ger dans son filtre \u00e0 air multicouche. Le filtre 3 en 1 se compose d'un pr\u00e9-filtre, d'un filtre \u00e0 charbon actif et d'un v\u00e9ritable filtre HEPA, capable de capturer 99,97 % de la poussi\u00e8re et des allerg\u00e8nes domestiques, pour une meilleure qualit\u00e9 de l'air int\u00e9rieur. L'efficacit\u00e9 ne doit pas n\u00e9cessairement \u00eatre bruyante, c'est pourquoi cet appareil est \u00e9galement \u00e9quip\u00e9 de notre technologie silencieuse. \u00c0 18 d\u00e9cibels, il n'est pas plus bruyant qu'une conversation tranquille. Profitez d'une bonne nuit de repos gr\u00e2ce \u00e0 notre fonction de mode veille, pour un fonctionnement continu sans souci pendant votre sommeil. Ou d\u00e9finissez un programme de fonctionnement de jour sur notre minuterie de 8 heures et vivez votre journ\u00e9e.","breadcrumb":[],"inLanguage":"fr-CA","potentialAction":[{"@type":"ReadAction","target":["https:\/\/www.danby.com\/fr\/products\/purificateurs-dair\/dap110bawdb\/"]}]},{"@type":"ImageObject","inLanguage":"fr-CA","url":"https:\/\/cdnweb.danby.com\/wp-content\/uploads\/sites\/2\/2023\/11\/29195729\/Thumbnail__0004_DAP110BAWDB_WP.jpg","contentUrl":"https:\/\/cdnweb.danby.com\/wp-content\/uploads\/sites\/2\/2023\/11\/29195729\/Thumbnail__0004_DAP110BAWDB_WP.jpg","width":1125,"height":1500},{"@type":"BreadcrumbList","itemListElement":[{"@type":"ListItem","position":1,"name":"Home","item":"https:\/\/www.danby.com\/fr\/"},{"@type":"ListItem","position":2,"name":"Boutique","item":"https:\/\/www.danby.com\/fr\/boutique\/"},{"@type":"ListItem","position":3,"name":"Danby Purificateur d&#8217;air jusqu&#8217;\u00e0 170 pieds carr\u00e9s en blanc"}]},{"@type":"WebSite","url":"https:\/\/www.danby.com\/fr\/","name":"Danby - Canada - French","description":"Leader dans le domaine de la r\u00e9frig\u00e9ration et des appareils sp\u00e9cialis\u00e9s","publisher":[],"potentialAction":[{"@type":"SearchAction","target":{"@type":"EntryPoint","urlTemplate":"https:\/\/www.danby.com\/fr\/?s={search_term_string}"},"query-input":{"@type":"PropertyValueSpecification","valueRequired":true,"valueName":"search_term_string"}}],"inLanguage":"fr-CA"},{"@type":"Organization","name":"Danby Appliances","url":"https:\/\/www.danby.com\/fr\/","logo":{"@type":"ImageObject","inLanguage":"fr-CA","url":"https:\/\/cdnweb.danby.com\/wp-content\/uploads\/sites\/2\/2022\/02\/10141906\/Danby75Ans_Blue.png","contentUrl":"https:\/\/cdnweb.danby.com\/wp-content\/uploads\/sites\/2\/2022\/02\/10141906\/Danby75Ans_Blue.png","width":470,"height":110,"caption":"Danby Appliances"},"image":[],"sameAs":["https:\/\/www.facebook.com\/DanbyAppliances","https:\/\/x.com\/DanbyAppliance","https:\/\/instagram.com\/danbyappliances\/","https:\/\/www.linkedin.com\/company\/danbyappliances","https:\/\/www.pinterest.ca\/danbyappliances\/","https:\/\/www.youtube.com\/user\/DanbyProducts","https:\/\/en.wikipedia.org\/wiki\/Danby_(appliances)"]}]}},"post_mailing_queue_ids":[],"_links":{"self":[{"href":"https:\/\/www.danby.com\/fr\/wp-json\/wp\/v2\/product\/4575","targetHints":{"allow":["GET"]}}],"collection":[{"href":"https:\/\/www.danby.com\/fr\/wp-json\/wp\/v2\/product"}],"about":[{"href":"https:\/\/www.danby.com\/fr\/wp-json\/wp\/v2\/types\/product"}],"replies":[{"embeddable":true,"href":"https:\/\/www.danby.com\/fr\/wp-json\/wp\/v2\/comments?post=4575"}],"wp:featuredmedia":[{"embeddable":true,"href":"https:\/\/www.danby.com\/fr\/wp-json\/wp\/v2\/media\/25845"}],"wp:attachment":[{"href":"https:\/\/www.danby.com\/fr\/wp-json\/wp\/v2\/media?parent=4575"}],"wp:term":[{"taxonomy":"product_brand","embeddable":true,"href":"https:\/\/www.danby.com\/fr\/wp-json\/wp\/v2\/product_brand?post=4575"},{"taxonomy":"product_cat","embeddable":true,"href":"https:\/\/www.danby.com\/fr\/wp-json\/wp\/v2\/product_cat?post=4575"},{"taxonomy":"product_tag","embeddable":true,"href":"https:\/\/www.danby.com\/fr\/wp-json\/wp\/v2\/product_tag?post=4575"}],"curies":[{"name":"wp","href":"https:\/\/api.w.org\/{rel}","templated":true}]}}