{"id":4574,"date":"2022-02-03T19:12:51","date_gmt":"2022-02-03T19:12:51","guid":{"rendered":"https:\/\/www.danby.com\/fr\/product\/dag026a1bdb\/"},"modified":"2026-04-23T09:06:45","modified_gmt":"2026-04-23T09:06:45","slug":"dag026a1bdb","status":"publish","type":"product","link":"https:\/\/www.danby.com\/fr\/products\/refrigeration-compact\/dag026a1bdb\/","title":{"rendered":"Danby 2.6 cu. R\u00e9frig\u00e9rateur compact \u00e0 porte vitr\u00e9e en platine"},"content":{"rendered":"","protected":false},"excerpt":{"rendered":"<ul>\n<li>Drain de d\u00e9givrage<\/li>\n<li>Thermostat m\u00e9canique<\/li>\n<li>Temp\u00e9ratures r\u00e9elles de r\u00e9frig\u00e9rateur (32\u00b0F -50\u00b0F)<\/li>\n<li>Fa\u00e7ade en verre transparent avec garniture en acier inoxydable.<\/li>\n<li>Bo\u00eetier noir au design \u00e9pur\u00e9<\/li>\n<li>Lumi\u00e8re LED avec interrupteur ON\/OFF au dos<\/li>\n<li>Stockage de boissons et d&#8217;aliments de qualit\u00e9 commerciale<\/li>\n<li>3 \u00e9tag\u00e8res en fil m\u00e9tallique sur toute la largeur<\/li>\n<li>Charni\u00e8re de porte r\u00e9versible<\/li>\n<li>Longueur du cordon de 5 \u00bc ft.<\/li>\n<\/ul>\n","protected":false},"featured_media":34768,"comment_status":"closed","ping_status":"open","template":"","meta":{"_acf_changed":false},"product_brand":[],"product_cat":[22],"product_tag":[],"class_list":{"0":"post-4574","1":"product","2":"type-product","3":"status-publish","4":"has-post-thumbnail","6":"product_cat-refrigeration-compact","7":"pa_capacite-pi3-2-6","8":"pa_couleur-stainless-steel-look","9":"pa_duree-de-la-garantie-en-mois-1169","11":"first","12":"outofstock","13":"taxable","14":"shipping-taxable","15":"product-type-simple"},"acf":[],"yoast_head":"<!-- This site is optimized with the Yoast SEO plugin v27.4 - https:\/\/yoast.com\/product\/yoast-seo-wordpress\/ -->\n<title>Danby 2.6 cu. R\u00e9frig\u00e9rateur compact \u00e0 porte vitr\u00e9e en platine - DAG026A1BDB | Danby Canada<\/title>\n<meta name=\"description\" content=\"Ce r\u00e9frig\u00e9rateur compact Danby de qualit\u00e9 commerciale pr\u00e9sente une \u00e9l\u00e9gante porte en verre transparent avec une garniture semblable \u00e0 celle de l&#039;acier inoxydable. Son grand espace de rangement, son \u00e9clairage int\u00e9rieur \u00e0 DEL et sa cote \u00e9nerg\u00e9tique de qualit\u00e9 commerciale en font le compl\u00e9ment id\u00e9al pour vos invit\u00e9s.\" \/>\n<meta name=\"robots\" content=\"index, follow, max-snippet:-1, max-image-preview:large, max-video-preview:-1\" \/>\n<link rel=\"canonical\" href=\"https:\/\/www.danby.com\/fr\/products\/refrigeration-compact\/dag026a1bdb\/\" \/>\n<meta property=\"og:locale\" content=\"fr_CA\" \/>\n<meta property=\"og:type\" content=\"article\" \/>\n<meta property=\"og:title\" content=\"Danby 2.6 cu. R\u00e9frig\u00e9rateur compact \u00e0 porte vitr\u00e9e en platine - DAG026A1BDB | Danby Canada\" \/>\n<meta property=\"og:description\" content=\"Ce r\u00e9frig\u00e9rateur compact Danby de qualit\u00e9 commerciale pr\u00e9sente une \u00e9l\u00e9gante porte en verre transparent avec une garniture semblable \u00e0 celle de l&#039;acier inoxydable. Son grand espace de rangement, son \u00e9clairage int\u00e9rieur \u00e0 DEL et sa cote \u00e9nerg\u00e9tique de qualit\u00e9 commerciale en font le compl\u00e9ment id\u00e9al pour vos invit\u00e9s.\" \/>\n<meta property=\"og:url\" content=\"https:\/\/www.danby.com\/fr\/products\/refrigeration-compact\/dag026a1bdb\/\" \/>\n<meta property=\"og:site_name\" content=\"Danby - Canada - French\" \/>\n<meta property=\"article:publisher\" content=\"https:\/\/www.facebook.com\/DanbyAppliances\" \/>\n<meta property=\"article:modified_time\" content=\"2026-04-23T09:06:45+00:00\" \/>\n<meta property=\"og:image\" content=\"https:\/\/cdnweb.danby.com\/wp-content\/uploads\/sites\/2\/2023\/05\/02123257\/DAG026A1BDB_Front_Closed_Empty.jpg\" \/>\n\t<meta property=\"og:image:width\" content=\"1500\" \/>\n\t<meta property=\"og:image:height\" content=\"2137\" \/>\n\t<meta property=\"og:image:type\" content=\"image\/jpeg\" \/>\n<meta name=\"twitter:card\" content=\"summary_large_image\" \/>\n<meta name=\"twitter:site\" content=\"@DanbyAppliance\" \/>\n<script type=\"application\/ld+json\" class=\"yoast-schema-graph\">{\"@context\":\"https:\\\/\\\/schema.org\",\"@graph\":[{\"@type\":[\"WebPage\",\"ItemPage\"],\"url\":\"https:\\\/\\\/www.danby.com\\\/fr\\\/products\\\/refrigeration-compact\\\/dag026a1bdb\\\/\",\"name\":\"Danby 2.6 cu. R\u00e9frig\u00e9rateur compact \u00e0 porte vitr\u00e9e en platine - DAG026A1BDB | Danby Canada\",\"isPartOf\":[],\"primaryImageOfPage\":[],\"image\":[],\"thumbnailUrl\":\"https:\\\/\\\/www.danby.com\\\/fr\\\/wp-content\\\/uploads\\\/sites\\\/2\\\/2025\\\/09\\\/dag026a1bdb-thumbnail.jpg\",\"datePublished\":\"2022-02-03T19:12:51+00:00\",\"dateModified\":\"2026-04-23T09:06:45+00:00\",\"description\":\"Ce r\u00e9frig\u00e9rateur compact Danby de qualit\u00e9 commerciale pr\u00e9sente une \u00e9l\u00e9gante porte en verre transparent avec une garniture semblable \u00e0 celle de l'acier inoxydable. Son grand espace de rangement, son \u00e9clairage int\u00e9rieur \u00e0 DEL et sa cote \u00e9nerg\u00e9tique de qualit\u00e9 commerciale en font le compl\u00e9ment id\u00e9al pour vos invit\u00e9s.\",\"breadcrumb\":[],\"inLanguage\":\"fr-CA\",\"potentialAction\":[{\"@type\":\"ReadAction\",\"target\":[\"https:\\\/\\\/www.danby.com\\\/fr\\\/products\\\/refrigeration-compact\\\/dag026a1bdb\\\/\"]}]},{\"@type\":\"ImageObject\",\"inLanguage\":\"fr-CA\",\"url\":\"https:\\\/\\\/www.danby.com\\\/fr\\\/wp-content\\\/uploads\\\/sites\\\/2\\\/2025\\\/09\\\/dag026a1bdb-thumbnail.jpg\",\"contentUrl\":\"https:\\\/\\\/www.danby.com\\\/fr\\\/wp-content\\\/uploads\\\/sites\\\/2\\\/2025\\\/09\\\/dag026a1bdb-thumbnail.jpg\",\"width\":768,\"height\":1024},{\"@type\":\"BreadcrumbList\",\"itemListElement\":[{\"@type\":\"ListItem\",\"position\":1,\"name\":\"Home\",\"item\":\"https:\\\/\\\/www.danby.com\\\/fr\\\/\"},{\"@type\":\"ListItem\",\"position\":2,\"name\":\"Boutique\",\"item\":\"https:\\\/\\\/www.danby.com\\\/fr\\\/boutique\\\/\"},{\"@type\":\"ListItem\",\"position\":3,\"name\":\"Danby 2.6 cu. R\u00e9frig\u00e9rateur compact \u00e0 porte vitr\u00e9e en platine\"}]},{\"@type\":\"WebSite\",\"url\":\"https:\\\/\\\/www.danby.com\\\/fr\\\/\",\"name\":\"Danby - Canada - French\",\"description\":\"Leader dans le domaine de la r\u00e9frig\u00e9ration et des appareils sp\u00e9cialis\u00e9s\",\"publisher\":[],\"potentialAction\":[{\"@type\":\"SearchAction\",\"target\":{\"@type\":\"EntryPoint\",\"urlTemplate\":\"https:\\\/\\\/www.danby.com\\\/fr\\\/?s={search_term_string}\"},\"query-input\":{\"@type\":\"PropertyValueSpecification\",\"valueRequired\":true,\"valueName\":\"search_term_string\"}}],\"inLanguage\":\"fr-CA\"},{\"@type\":\"Organization\",\"name\":\"Danby Appliances\",\"url\":\"https:\\\/\\\/www.danby.com\\\/fr\\\/\",\"logo\":{\"@type\":\"ImageObject\",\"inLanguage\":\"fr-CA\",\"url\":\"https:\\\/\\\/cdnweb.danby.com\\\/wp-content\\\/uploads\\\/sites\\\/2\\\/2022\\\/02\\\/10141906\\\/Danby75Ans_Blue.png\",\"contentUrl\":\"https:\\\/\\\/cdnweb.danby.com\\\/wp-content\\\/uploads\\\/sites\\\/2\\\/2022\\\/02\\\/10141906\\\/Danby75Ans_Blue.png\",\"width\":470,\"height\":110,\"caption\":\"Danby Appliances\"},\"image\":[],\"sameAs\":[\"https:\\\/\\\/www.facebook.com\\\/DanbyAppliances\",\"https:\\\/\\\/x.com\\\/DanbyAppliance\",\"https:\\\/\\\/instagram.com\\\/danbyappliances\\\/\",\"https:\\\/\\\/www.linkedin.com\\\/company\\\/danbyappliances\",\"https:\\\/\\\/www.pinterest.ca\\\/danbyappliances\\\/\",\"https:\\\/\\\/www.youtube.com\\\/user\\\/DanbyProducts\",\"https:\\\/\\\/en.wikipedia.org\\\/wiki\\\/Danby_(appliances)\"]}]}<\/script>\n<!-- \/ Yoast SEO plugin. -->","yoast_head_json":{"title":"Danby 2.6 cu. R\u00e9frig\u00e9rateur compact \u00e0 porte vitr\u00e9e en platine - DAG026A1BDB | Danby Canada","description":"Ce r\u00e9frig\u00e9rateur compact Danby de qualit\u00e9 commerciale pr\u00e9sente une \u00e9l\u00e9gante porte en verre transparent avec une garniture semblable \u00e0 celle de l'acier inoxydable. Son grand espace de rangement, son \u00e9clairage int\u00e9rieur \u00e0 DEL et sa cote \u00e9nerg\u00e9tique de qualit\u00e9 commerciale en font le compl\u00e9ment id\u00e9al pour vos invit\u00e9s.","robots":{"index":"index","follow":"follow","max-snippet":"max-snippet:-1","max-image-preview":"max-image-preview:large","max-video-preview":"max-video-preview:-1"},"canonical":"https:\/\/www.danby.com\/fr\/products\/refrigeration-compact\/dag026a1bdb\/","og_locale":"fr_CA","og_type":"article","og_title":"Danby 2.6 cu. R\u00e9frig\u00e9rateur compact \u00e0 porte vitr\u00e9e en platine - DAG026A1BDB | Danby Canada","og_description":"Ce r\u00e9frig\u00e9rateur compact Danby de qualit\u00e9 commerciale pr\u00e9sente une \u00e9l\u00e9gante porte en verre transparent avec une garniture semblable \u00e0 celle de l'acier inoxydable. Son grand espace de rangement, son \u00e9clairage int\u00e9rieur \u00e0 DEL et sa cote \u00e9nerg\u00e9tique de qualit\u00e9 commerciale en font le compl\u00e9ment id\u00e9al pour vos invit\u00e9s.","og_url":"https:\/\/www.danby.com\/fr\/products\/refrigeration-compact\/dag026a1bdb\/","og_site_name":"Danby - Canada - French","article_publisher":"https:\/\/www.facebook.com\/DanbyAppliances","article_modified_time":"2026-04-23T09:06:45+00:00","og_image":[{"width":1500,"height":2137,"url":"https:\/\/cdnweb.danby.com\/wp-content\/uploads\/sites\/2\/2023\/05\/02123257\/DAG026A1BDB_Front_Closed_Empty.jpg","type":"image\/jpeg"}],"twitter_card":"summary_large_image","twitter_site":"@DanbyAppliance","schema":{"@context":"https:\/\/schema.org","@graph":[{"@type":["WebPage","ItemPage"],"url":"https:\/\/www.danby.com\/fr\/products\/refrigeration-compact\/dag026a1bdb\/","name":"Danby 2.6 cu. R\u00e9frig\u00e9rateur compact \u00e0 porte vitr\u00e9e en platine - DAG026A1BDB | Danby Canada","isPartOf":[],"primaryImageOfPage":[],"image":[],"thumbnailUrl":"https:\/\/www.danby.com\/fr\/wp-content\/uploads\/sites\/2\/2025\/09\/dag026a1bdb-thumbnail.jpg","datePublished":"2022-02-03T19:12:51+00:00","dateModified":"2026-04-23T09:06:45+00:00","description":"Ce r\u00e9frig\u00e9rateur compact Danby de qualit\u00e9 commerciale pr\u00e9sente une \u00e9l\u00e9gante porte en verre transparent avec une garniture semblable \u00e0 celle de l'acier inoxydable. Son grand espace de rangement, son \u00e9clairage int\u00e9rieur \u00e0 DEL et sa cote \u00e9nerg\u00e9tique de qualit\u00e9 commerciale en font le compl\u00e9ment id\u00e9al pour vos invit\u00e9s.","breadcrumb":[],"inLanguage":"fr-CA","potentialAction":[{"@type":"ReadAction","target":["https:\/\/www.danby.com\/fr\/products\/refrigeration-compact\/dag026a1bdb\/"]}]},{"@type":"ImageObject","inLanguage":"fr-CA","url":"https:\/\/www.danby.com\/fr\/wp-content\/uploads\/sites\/2\/2025\/09\/dag026a1bdb-thumbnail.jpg","contentUrl":"https:\/\/www.danby.com\/fr\/wp-content\/uploads\/sites\/2\/2025\/09\/dag026a1bdb-thumbnail.jpg","width":768,"height":1024},{"@type":"BreadcrumbList","itemListElement":[{"@type":"ListItem","position":1,"name":"Home","item":"https:\/\/www.danby.com\/fr\/"},{"@type":"ListItem","position":2,"name":"Boutique","item":"https:\/\/www.danby.com\/fr\/boutique\/"},{"@type":"ListItem","position":3,"name":"Danby 2.6 cu. R\u00e9frig\u00e9rateur compact \u00e0 porte vitr\u00e9e en platine"}]},{"@type":"WebSite","url":"https:\/\/www.danby.com\/fr\/","name":"Danby - Canada - French","description":"Leader dans le domaine de la r\u00e9frig\u00e9ration et des appareils sp\u00e9cialis\u00e9s","publisher":[],"potentialAction":[{"@type":"SearchAction","target":{"@type":"EntryPoint","urlTemplate":"https:\/\/www.danby.com\/fr\/?s={search_term_string}"},"query-input":{"@type":"PropertyValueSpecification","valueRequired":true,"valueName":"search_term_string"}}],"inLanguage":"fr-CA"},{"@type":"Organization","name":"Danby Appliances","url":"https:\/\/www.danby.com\/fr\/","logo":{"@type":"ImageObject","inLanguage":"fr-CA","url":"https:\/\/cdnweb.danby.com\/wp-content\/uploads\/sites\/2\/2022\/02\/10141906\/Danby75Ans_Blue.png","contentUrl":"https:\/\/cdnweb.danby.com\/wp-content\/uploads\/sites\/2\/2022\/02\/10141906\/Danby75Ans_Blue.png","width":470,"height":110,"caption":"Danby Appliances"},"image":[],"sameAs":["https:\/\/www.facebook.com\/DanbyAppliances","https:\/\/x.com\/DanbyAppliance","https:\/\/instagram.com\/danbyappliances\/","https:\/\/www.linkedin.com\/company\/danbyappliances","https:\/\/www.pinterest.ca\/danbyappliances\/","https:\/\/www.youtube.com\/user\/DanbyProducts","https:\/\/en.wikipedia.org\/wiki\/Danby_(appliances)"]}]}},"post_mailing_queue_ids":[],"_links":{"self":[{"href":"https:\/\/www.danby.com\/fr\/wp-json\/wp\/v2\/product\/4574","targetHints":{"allow":["GET"]}}],"collection":[{"href":"https:\/\/www.danby.com\/fr\/wp-json\/wp\/v2\/product"}],"about":[{"href":"https:\/\/www.danby.com\/fr\/wp-json\/wp\/v2\/types\/product"}],"replies":[{"embeddable":true,"href":"https:\/\/www.danby.com\/fr\/wp-json\/wp\/v2\/comments?post=4574"}],"wp:featuredmedia":[{"embeddable":true,"href":"https:\/\/www.danby.com\/fr\/wp-json\/wp\/v2\/media\/34768"}],"wp:attachment":[{"href":"https:\/\/www.danby.com\/fr\/wp-json\/wp\/v2\/media?parent=4574"}],"wp:term":[{"taxonomy":"product_brand","embeddable":true,"href":"https:\/\/www.danby.com\/fr\/wp-json\/wp\/v2\/product_brand?post=4574"},{"taxonomy":"product_cat","embeddable":true,"href":"https:\/\/www.danby.com\/fr\/wp-json\/wp\/v2\/product_cat?post=4574"},{"taxonomy":"product_tag","embeddable":true,"href":"https:\/\/www.danby.com\/fr\/wp-json\/wp\/v2\/product_tag?post=4574"}],"curies":[{"name":"wp","href":"https:\/\/api.w.org\/{rel}","templated":true}]}}