{"id":4558,"date":"2022-02-03T19:12:35","date_gmt":"2022-02-03T19:12:35","guid":{"rendered":"https:\/\/www.danby.com\/fr\/product\/dac5111m\/"},"modified":"2026-04-19T10:06:36","modified_gmt":"2026-04-19T10:06:36","slug":"dac5111m","status":"publish","type":"product","link":"https:\/\/www.danby.com\/fr\/products\/climatiseurs-de-fenetre\/dac5111m\/","title":{"rendered":"Climatiseur de fen\u00eatre Danby 5 000 BTU"},"content":{"rendered":"","protected":false},"excerpt":{"rendered":"<ul>\n<li>Le climatiseur de 5 000 BTU refroidit environ 150 pi2<\/li>\n<li>Cote d&#8217;efficacit\u00e9 \u00e9nerg\u00e9tique (EER) de 9,7<\/li>\n<li>R\u00e9frig\u00e9rant R410A \u00e9cologique<\/li>\n<li>Commandes m\u00e9caniques<\/li>\n<li>Le filtre \u00e0 air amovible est facile \u00e0 nettoyer<\/li>\n<li>Commande de temp\u00e9rature variable 17\u00b0C &#8211; 30\u00b0C (62.6\u00b0F &#8211; 86\u00b0F)<\/li>\n<li>Direction de l&#8217;air dans les deux sens<\/li>\n<li>Le kit d&#8217;installation de fen\u00eatre extensible s&#8217;adapte aux fen\u00eatres de 23 4\/16&#8243;- 36 4\/16&#8243; de large<\/li>\n<li>Hauteur minimale de fen\u00eatre requise : 13 in. (33,0 cm)<\/li>\n<\/ul>\n","protected":false},"featured_media":5552,"comment_status":"closed","ping_status":"open","template":"","meta":{"_acf_changed":false},"product_brand":[],"product_cat":[40],"product_tag":[],"class_list":{"0":"post-4558","1":"product","2":"type-product","3":"status-publish","4":"has-post-thumbnail","6":"product_cat-climatiseurs-de-fenetre","8":"first","9":"outofstock","10":"taxable","11":"shipping-taxable","12":"product-type-simple"},"acf":[],"yoast_head":"<!-- This site is optimized with the Yoast SEO plugin v26.7 - https:\/\/yoast.com\/wordpress\/plugins\/seo\/ -->\n<title>Climatiseur de fen\u00eatre Danby 5 000 BTU - DAC5111M | Danby Canada<\/title>\n<meta name=\"description\" content=\"Ce climatiseur de fen\u00eatre attrayant et efficace peut fournir \u00e0 votre pi\u00e8ce une puissance de 5 000 BTU, ce qui en fait une unit\u00e9 de refroidissement id\u00e9ale pour les pi\u00e8ces d&#039;une superficie allant jusqu&#039;\u00e0 150 pieds carr\u00e9s pendant les chaudes journ\u00e9es et nuits d&#039;\u00e9t\u00e9. C&#039;est un climatiseur parfait pour les petites maisons comme les appartements et les condos et c&#039;est aussi un excellent mod\u00e8le pour votre bureau ou votre chambre \u00e0 coucher. Cette unit\u00e9 \u00e9l\u00e9gante utilise le r\u00e9frig\u00e9rant R410A, qui est respectueux de l&#039;environnement, et est assez \u00e9conome en \u00e9nergie avec un EER de 9,7. Le r\u00e9glage et le contr\u00f4le de la direction bidirectionnelle de l&#039;air sont faciles comme bonjour gr\u00e2ce aux commandes m\u00e9caniques r\u00e9glables. Celles-ci vous permettent de r\u00e9gler la temp\u00e9rature entre 17\u00b0C et 30\u00b0C (63\u00b0F - 86\u00b0F). Cet appareil \u00e9conomique est tout aussi facile \u00e0 nettoyer, car le filtre \u00e0 air amovible peut \u00eatre retir\u00e9 et lav\u00e9 rapidement. Pour couronner le tout, cet \u00e9l\u00e9gant climatiseur est assorti d&#039;une garantie de 12 mois sur les pi\u00e8ces et la main-d&#039;\u0153uvre.\" \/>\n<meta name=\"robots\" content=\"index, follow, max-snippet:-1, max-image-preview:large, max-video-preview:-1\" \/>\n<link rel=\"canonical\" href=\"https:\/\/www.danby.com\/fr\/products\/climatiseurs-de-fenetre\/dac5111m\/\" \/>\n<meta property=\"og:locale\" content=\"fr_CA\" \/>\n<meta property=\"og:type\" content=\"article\" \/>\n<meta property=\"og:title\" content=\"Climatiseur de fen\u00eatre Danby 5 000 BTU - DAC5111M | Danby Canada\" \/>\n<meta property=\"og:description\" content=\"Ce climatiseur de fen\u00eatre attrayant et efficace peut fournir \u00e0 votre pi\u00e8ce une puissance de 5 000 BTU, ce qui en fait une unit\u00e9 de refroidissement id\u00e9ale pour les pi\u00e8ces d&#039;une superficie allant jusqu&#039;\u00e0 150 pieds carr\u00e9s pendant les chaudes journ\u00e9es et nuits d&#039;\u00e9t\u00e9. C&#039;est un climatiseur parfait pour les petites maisons comme les appartements et les condos et c&#039;est aussi un excellent mod\u00e8le pour votre bureau ou votre chambre \u00e0 coucher. Cette unit\u00e9 \u00e9l\u00e9gante utilise le r\u00e9frig\u00e9rant R410A, qui est respectueux de l&#039;environnement, et est assez \u00e9conome en \u00e9nergie avec un EER de 9,7. Le r\u00e9glage et le contr\u00f4le de la direction bidirectionnelle de l&#039;air sont faciles comme bonjour gr\u00e2ce aux commandes m\u00e9caniques r\u00e9glables. Celles-ci vous permettent de r\u00e9gler la temp\u00e9rature entre 17\u00b0C et 30\u00b0C (63\u00b0F - 86\u00b0F). Cet appareil \u00e9conomique est tout aussi facile \u00e0 nettoyer, car le filtre \u00e0 air amovible peut \u00eatre retir\u00e9 et lav\u00e9 rapidement. Pour couronner le tout, cet \u00e9l\u00e9gant climatiseur est assorti d&#039;une garantie de 12 mois sur les pi\u00e8ces et la main-d&#039;\u0153uvre.\" \/>\n<meta property=\"og:url\" content=\"https:\/\/www.danby.com\/fr\/products\/climatiseurs-de-fenetre\/dac5111m\/\" \/>\n<meta property=\"og:site_name\" content=\"Danby - Canada - French\" \/>\n<meta property=\"article:publisher\" content=\"https:\/\/www.facebook.com\/DanbyAppliances\" \/>\n<meta property=\"article:modified_time\" content=\"2026-04-19T10:06:36+00:00\" \/>\n<meta property=\"og:image\" content=\"https:\/\/cdnweb.danby.com\/wp-content\/uploads\/sites\/2\/2022\/02\/08181301\/proMed-DAC5211M.jpg\" \/>\n\t<meta property=\"og:image:width\" content=\"300\" \/>\n\t<meta property=\"og:image:height\" content=\"272\" \/>\n\t<meta property=\"og:image:type\" content=\"image\/jpeg\" \/>\n<meta name=\"twitter:card\" content=\"summary_large_image\" \/>\n<meta name=\"twitter:site\" content=\"@DanbyAppliance\" \/>\n<script type=\"application\/ld+json\" class=\"yoast-schema-graph\">{\"@context\":\"https:\/\/schema.org\",\"@graph\":[{\"@type\":[\"WebPage\",\"ItemPage\"],\"url\":\"https:\/\/www.danby.com\/fr\/products\/climatiseurs-de-fenetre\/dac5111m\/\",\"name\":\"Climatiseur de fen\u00eatre Danby 5 000 BTU - DAC5111M | Danby Canada\",\"isPartOf\":[],\"primaryImageOfPage\":[],\"image\":[],\"thumbnailUrl\":\"https:\/\/cdnweb.danby.com\/wp-content\/uploads\/sites\/2\/2022\/02\/08181301\/proMed-DAC5211M.jpg\",\"datePublished\":\"2022-02-03T19:12:35+00:00\",\"dateModified\":\"2026-04-19T10:06:36+00:00\",\"description\":\"Ce climatiseur de fen\u00eatre attrayant et efficace peut fournir \u00e0 votre pi\u00e8ce une puissance de 5 000 BTU, ce qui en fait une unit\u00e9 de refroidissement id\u00e9ale pour les pi\u00e8ces d'une superficie allant jusqu'\u00e0 150 pieds carr\u00e9s pendant les chaudes journ\u00e9es et nuits d'\u00e9t\u00e9. C'est un climatiseur parfait pour les petites maisons comme les appartements et les condos et c'est aussi un excellent mod\u00e8le pour votre bureau ou votre chambre \u00e0 coucher. Cette unit\u00e9 \u00e9l\u00e9gante utilise le r\u00e9frig\u00e9rant R410A, qui est respectueux de l'environnement, et est assez \u00e9conome en \u00e9nergie avec un EER de 9,7. Le r\u00e9glage et le contr\u00f4le de la direction bidirectionnelle de l'air sont faciles comme bonjour gr\u00e2ce aux commandes m\u00e9caniques r\u00e9glables. Celles-ci vous permettent de r\u00e9gler la temp\u00e9rature entre 17\u00b0C et 30\u00b0C (63\u00b0F - 86\u00b0F). Cet appareil \u00e9conomique est tout aussi facile \u00e0 nettoyer, car le filtre \u00e0 air amovible peut \u00eatre retir\u00e9 et lav\u00e9 rapidement. Pour couronner le tout, cet \u00e9l\u00e9gant climatiseur est assorti d'une garantie de 12 mois sur les pi\u00e8ces et la main-d'\u0153uvre.\",\"breadcrumb\":[],\"inLanguage\":\"fr-CA\",\"potentialAction\":[{\"@type\":\"ReadAction\",\"target\":[\"https:\/\/www.danby.com\/fr\/products\/climatiseurs-de-fenetre\/dac5111m\/\"]}]},{\"@type\":\"ImageObject\",\"inLanguage\":\"fr-CA\",\"url\":\"https:\/\/cdnweb.danby.com\/wp-content\/uploads\/sites\/2\/2022\/02\/08181301\/proMed-DAC5211M.jpg\",\"contentUrl\":\"https:\/\/cdnweb.danby.com\/wp-content\/uploads\/sites\/2\/2022\/02\/08181301\/proMed-DAC5211M.jpg\",\"width\":300,\"height\":272},{\"@type\":\"BreadcrumbList\",\"itemListElement\":[{\"@type\":\"ListItem\",\"position\":1,\"name\":\"Home\",\"item\":\"https:\/\/www.danby.com\/fr\/\"},{\"@type\":\"ListItem\",\"position\":2,\"name\":\"Boutique\",\"item\":\"https:\/\/www.danby.com\/fr\/boutique\/\"},{\"@type\":\"ListItem\",\"position\":3,\"name\":\"Climatiseur de fen\u00eatre Danby 5 000 BTU\"}]},{\"@type\":\"WebSite\",\"url\":\"https:\/\/www.danby.com\/fr\/\",\"name\":\"Danby - Canada - French\",\"description\":\"Leader dans le domaine de la r\u00e9frig\u00e9ration et des appareils sp\u00e9cialis\u00e9s\",\"publisher\":[],\"potentialAction\":[{\"@type\":\"SearchAction\",\"target\":{\"@type\":\"EntryPoint\",\"urlTemplate\":\"https:\/\/www.danby.com\/fr\/?s={search_term_string}\"},\"query-input\":{\"@type\":\"PropertyValueSpecification\",\"valueRequired\":true,\"valueName\":\"search_term_string\"}}],\"inLanguage\":\"fr-CA\"},{\"@type\":\"Organization\",\"name\":\"Danby Appliances\",\"url\":\"https:\/\/www.danby.com\/fr\/\",\"logo\":{\"@type\":\"ImageObject\",\"inLanguage\":\"fr-CA\",\"url\":\"https:\/\/cdnweb.danby.com\/wp-content\/uploads\/sites\/2\/2022\/02\/10141906\/Danby75Ans_Blue.png\",\"contentUrl\":\"https:\/\/cdnweb.danby.com\/wp-content\/uploads\/sites\/2\/2022\/02\/10141906\/Danby75Ans_Blue.png\",\"width\":470,\"height\":110,\"caption\":\"Danby Appliances\"},\"image\":[],\"sameAs\":[\"https:\/\/www.facebook.com\/DanbyAppliances\",\"https:\/\/x.com\/DanbyAppliance\",\"https:\/\/instagram.com\/danbyappliances\/\",\"https:\/\/www.linkedin.com\/company\/danbyappliances\",\"https:\/\/www.pinterest.ca\/danbyappliances\/\",\"https:\/\/www.youtube.com\/user\/DanbyProducts\",\"https:\/\/en.wikipedia.org\/wiki\/Danby_(appliances)\"]}]}<\/script>\n<!-- \/ Yoast SEO plugin. -->","yoast_head_json":{"title":"Climatiseur de fen\u00eatre Danby 5 000 BTU - DAC5111M | Danby Canada","description":"Ce climatiseur de fen\u00eatre attrayant et efficace peut fournir \u00e0 votre pi\u00e8ce une puissance de 5 000 BTU, ce qui en fait une unit\u00e9 de refroidissement id\u00e9ale pour les pi\u00e8ces d'une superficie allant jusqu'\u00e0 150 pieds carr\u00e9s pendant les chaudes journ\u00e9es et nuits d'\u00e9t\u00e9. C'est un climatiseur parfait pour les petites maisons comme les appartements et les condos et c'est aussi un excellent mod\u00e8le pour votre bureau ou votre chambre \u00e0 coucher. Cette unit\u00e9 \u00e9l\u00e9gante utilise le r\u00e9frig\u00e9rant R410A, qui est respectueux de l'environnement, et est assez \u00e9conome en \u00e9nergie avec un EER de 9,7. Le r\u00e9glage et le contr\u00f4le de la direction bidirectionnelle de l'air sont faciles comme bonjour gr\u00e2ce aux commandes m\u00e9caniques r\u00e9glables. Celles-ci vous permettent de r\u00e9gler la temp\u00e9rature entre 17\u00b0C et 30\u00b0C (63\u00b0F - 86\u00b0F). Cet appareil \u00e9conomique est tout aussi facile \u00e0 nettoyer, car le filtre \u00e0 air amovible peut \u00eatre retir\u00e9 et lav\u00e9 rapidement. Pour couronner le tout, cet \u00e9l\u00e9gant climatiseur est assorti d'une garantie de 12 mois sur les pi\u00e8ces et la main-d'\u0153uvre.","robots":{"index":"index","follow":"follow","max-snippet":"max-snippet:-1","max-image-preview":"max-image-preview:large","max-video-preview":"max-video-preview:-1"},"canonical":"https:\/\/www.danby.com\/fr\/products\/climatiseurs-de-fenetre\/dac5111m\/","og_locale":"fr_CA","og_type":"article","og_title":"Climatiseur de fen\u00eatre Danby 5 000 BTU - DAC5111M | Danby Canada","og_description":"Ce climatiseur de fen\u00eatre attrayant et efficace peut fournir \u00e0 votre pi\u00e8ce une puissance de 5 000 BTU, ce qui en fait une unit\u00e9 de refroidissement id\u00e9ale pour les pi\u00e8ces d'une superficie allant jusqu'\u00e0 150 pieds carr\u00e9s pendant les chaudes journ\u00e9es et nuits d'\u00e9t\u00e9. C'est un climatiseur parfait pour les petites maisons comme les appartements et les condos et c'est aussi un excellent mod\u00e8le pour votre bureau ou votre chambre \u00e0 coucher. Cette unit\u00e9 \u00e9l\u00e9gante utilise le r\u00e9frig\u00e9rant R410A, qui est respectueux de l'environnement, et est assez \u00e9conome en \u00e9nergie avec un EER de 9,7. Le r\u00e9glage et le contr\u00f4le de la direction bidirectionnelle de l'air sont faciles comme bonjour gr\u00e2ce aux commandes m\u00e9caniques r\u00e9glables. Celles-ci vous permettent de r\u00e9gler la temp\u00e9rature entre 17\u00b0C et 30\u00b0C (63\u00b0F - 86\u00b0F). Cet appareil \u00e9conomique est tout aussi facile \u00e0 nettoyer, car le filtre \u00e0 air amovible peut \u00eatre retir\u00e9 et lav\u00e9 rapidement. Pour couronner le tout, cet \u00e9l\u00e9gant climatiseur est assorti d'une garantie de 12 mois sur les pi\u00e8ces et la main-d'\u0153uvre.","og_url":"https:\/\/www.danby.com\/fr\/products\/climatiseurs-de-fenetre\/dac5111m\/","og_site_name":"Danby - Canada - French","article_publisher":"https:\/\/www.facebook.com\/DanbyAppliances","article_modified_time":"2026-04-19T10:06:36+00:00","og_image":[{"width":300,"height":272,"url":"https:\/\/cdnweb.danby.com\/wp-content\/uploads\/sites\/2\/2022\/02\/08181301\/proMed-DAC5211M.jpg","type":"image\/jpeg"}],"twitter_card":"summary_large_image","twitter_site":"@DanbyAppliance","schema":{"@context":"https:\/\/schema.org","@graph":[{"@type":["WebPage","ItemPage"],"url":"https:\/\/www.danby.com\/fr\/products\/climatiseurs-de-fenetre\/dac5111m\/","name":"Climatiseur de fen\u00eatre Danby 5 000 BTU - DAC5111M | Danby Canada","isPartOf":[],"primaryImageOfPage":[],"image":[],"thumbnailUrl":"https:\/\/cdnweb.danby.com\/wp-content\/uploads\/sites\/2\/2022\/02\/08181301\/proMed-DAC5211M.jpg","datePublished":"2022-02-03T19:12:35+00:00","dateModified":"2026-04-19T10:06:36+00:00","description":"Ce climatiseur de fen\u00eatre attrayant et efficace peut fournir \u00e0 votre pi\u00e8ce une puissance de 5 000 BTU, ce qui en fait une unit\u00e9 de refroidissement id\u00e9ale pour les pi\u00e8ces d'une superficie allant jusqu'\u00e0 150 pieds carr\u00e9s pendant les chaudes journ\u00e9es et nuits d'\u00e9t\u00e9. C'est un climatiseur parfait pour les petites maisons comme les appartements et les condos et c'est aussi un excellent mod\u00e8le pour votre bureau ou votre chambre \u00e0 coucher. Cette unit\u00e9 \u00e9l\u00e9gante utilise le r\u00e9frig\u00e9rant R410A, qui est respectueux de l'environnement, et est assez \u00e9conome en \u00e9nergie avec un EER de 9,7. Le r\u00e9glage et le contr\u00f4le de la direction bidirectionnelle de l'air sont faciles comme bonjour gr\u00e2ce aux commandes m\u00e9caniques r\u00e9glables. Celles-ci vous permettent de r\u00e9gler la temp\u00e9rature entre 17\u00b0C et 30\u00b0C (63\u00b0F - 86\u00b0F). Cet appareil \u00e9conomique est tout aussi facile \u00e0 nettoyer, car le filtre \u00e0 air amovible peut \u00eatre retir\u00e9 et lav\u00e9 rapidement. Pour couronner le tout, cet \u00e9l\u00e9gant climatiseur est assorti d'une garantie de 12 mois sur les pi\u00e8ces et la main-d'\u0153uvre.","breadcrumb":[],"inLanguage":"fr-CA","potentialAction":[{"@type":"ReadAction","target":["https:\/\/www.danby.com\/fr\/products\/climatiseurs-de-fenetre\/dac5111m\/"]}]},{"@type":"ImageObject","inLanguage":"fr-CA","url":"https:\/\/cdnweb.danby.com\/wp-content\/uploads\/sites\/2\/2022\/02\/08181301\/proMed-DAC5211M.jpg","contentUrl":"https:\/\/cdnweb.danby.com\/wp-content\/uploads\/sites\/2\/2022\/02\/08181301\/proMed-DAC5211M.jpg","width":300,"height":272},{"@type":"BreadcrumbList","itemListElement":[{"@type":"ListItem","position":1,"name":"Home","item":"https:\/\/www.danby.com\/fr\/"},{"@type":"ListItem","position":2,"name":"Boutique","item":"https:\/\/www.danby.com\/fr\/boutique\/"},{"@type":"ListItem","position":3,"name":"Climatiseur de fen\u00eatre Danby 5 000 BTU"}]},{"@type":"WebSite","url":"https:\/\/www.danby.com\/fr\/","name":"Danby - Canada - French","description":"Leader dans le domaine de la r\u00e9frig\u00e9ration et des appareils sp\u00e9cialis\u00e9s","publisher":[],"potentialAction":[{"@type":"SearchAction","target":{"@type":"EntryPoint","urlTemplate":"https:\/\/www.danby.com\/fr\/?s={search_term_string}"},"query-input":{"@type":"PropertyValueSpecification","valueRequired":true,"valueName":"search_term_string"}}],"inLanguage":"fr-CA"},{"@type":"Organization","name":"Danby Appliances","url":"https:\/\/www.danby.com\/fr\/","logo":{"@type":"ImageObject","inLanguage":"fr-CA","url":"https:\/\/cdnweb.danby.com\/wp-content\/uploads\/sites\/2\/2022\/02\/10141906\/Danby75Ans_Blue.png","contentUrl":"https:\/\/cdnweb.danby.com\/wp-content\/uploads\/sites\/2\/2022\/02\/10141906\/Danby75Ans_Blue.png","width":470,"height":110,"caption":"Danby Appliances"},"image":[],"sameAs":["https:\/\/www.facebook.com\/DanbyAppliances","https:\/\/x.com\/DanbyAppliance","https:\/\/instagram.com\/danbyappliances\/","https:\/\/www.linkedin.com\/company\/danbyappliances","https:\/\/www.pinterest.ca\/danbyappliances\/","https:\/\/www.youtube.com\/user\/DanbyProducts","https:\/\/en.wikipedia.org\/wiki\/Danby_(appliances)"]}]}},"post_mailing_queue_ids":[],"_links":{"self":[{"href":"https:\/\/www.danby.com\/fr\/wp-json\/wp\/v2\/product\/4558","targetHints":{"allow":["GET"]}}],"collection":[{"href":"https:\/\/www.danby.com\/fr\/wp-json\/wp\/v2\/product"}],"about":[{"href":"https:\/\/www.danby.com\/fr\/wp-json\/wp\/v2\/types\/product"}],"replies":[{"embeddable":true,"href":"https:\/\/www.danby.com\/fr\/wp-json\/wp\/v2\/comments?post=4558"}],"wp:featuredmedia":[{"embeddable":true,"href":"https:\/\/www.danby.com\/fr\/wp-json\/wp\/v2\/media\/5552"}],"wp:attachment":[{"href":"https:\/\/www.danby.com\/fr\/wp-json\/wp\/v2\/media?parent=4558"}],"wp:term":[{"taxonomy":"product_brand","embeddable":true,"href":"https:\/\/www.danby.com\/fr\/wp-json\/wp\/v2\/product_brand?post=4558"},{"taxonomy":"product_cat","embeddable":true,"href":"https:\/\/www.danby.com\/fr\/wp-json\/wp\/v2\/product_cat?post=4558"},{"taxonomy":"product_tag","embeddable":true,"href":"https:\/\/www.danby.com\/fr\/wp-json\/wp\/v2\/product_tag?post=4558"}],"curies":[{"name":"wp","href":"https:\/\/api.w.org\/{rel}","templated":true}]}}