{"id":4549,"date":"2022-02-03T19:12:19","date_gmt":"2022-02-03T19:12:19","guid":{"rendered":"https:\/\/www.danby.com\/fr\/product\/dac150eub2gdb\/"},"modified":"2026-04-19T10:06:34","modified_gmt":"2026-04-19T10:06:34","slug":"dac150eub2gdb","status":"publish","type":"product","link":"https:\/\/www.danby.com\/fr\/products\/climatiseurs-de-fenetre\/dac150eub2gdb\/","title":{"rendered":"Climatiseur de fen\u00eatre Danby 15 000 BTU"},"content":{"rendered":"","protected":false},"excerpt":{"rendered":"<ul>\n<li>Le climatiseur de 15 000 BTU refroidit jusqu&#8217;\u00e0 700 pieds carr\u00e9s<\/li>\n<li>Compatible avec Energy Star\u00ae<\/li>\n<li>R\u00e9frig\u00e9rant R410A \u00e9cologique<\/li>\n<li>Commandes \u00e9lectroniques avec t\u00e9l\u00e9commande et affichage LED<\/li>\n<li>Direction de l&#8217;air \u00e0 4 voies<\/li>\n<li>Mode sommeil : Emp\u00eache la pi\u00e8ce de devenir trop froide la nuit<\/li>\n<li>Mise en marche\/arr\u00eat automatique : Faites en sorte que l&#8217;unit\u00e9 d\u00e9marre ou s&#8217;arr\u00eate en fonction de votre emploi du temps<\/li>\n<li>Commutateur d&#8217;\u00e9conomie d&#8217;\u00e9nergie : Active et d\u00e9sactive le ventilateur apr\u00e8s l&#8217;arr\u00eat du compresseur<\/li>\n<li>Filtre \u00e0 air amovible<\/li>\n<li>3 vitesses de ventilateur<\/li>\n<li>Commande de temp\u00e9rature variable de 17\u00baC \u00e0 30\u00baC (62\u00baF &#8211; 86\u00baF)<\/li>\n<li>Le kit d&#8217;installation de fen\u00eatre extensible s&#8217;adapte aux fen\u00eatres de 26,5 \u00e0 40,5 po de large<\/li>\n<li>Hauteur minimale de fen\u00eatre requise : 18.5 po. (47,0 cm)<\/li>\n<\/ul>\n","protected":false},"featured_media":8552,"comment_status":"closed","ping_status":"open","template":"","meta":{"_acf_changed":false},"product_brand":[],"product_cat":[40],"product_tag":[],"class_list":{"0":"post-4549","1":"product","2":"type-product","3":"status-publish","4":"has-post-thumbnail","6":"product_cat-climatiseurs-de-fenetre","8":"first","9":"outofstock","10":"taxable","11":"shipping-taxable","12":"product-type-simple"},"acf":[],"yoast_head":"<!-- This site is optimized with the Yoast SEO plugin v26.7 - https:\/\/yoast.com\/wordpress\/plugins\/seo\/ -->\n<title>Climatiseur de fen\u00eatre Danby 15 000 BTU - DAC150EUB2GDB | Danby Canada<\/title>\n<meta name=\"description\" content=\"Il est parfois difficile de rester au frais et confortable lorsque le mercure grimpe, mais c&#039;est beaucoup plus facile avec ce puissant climatiseur de fen\u00eatre de 15 000 BTU. Ce mod\u00e8le est con\u00e7u pour refroidir efficacement une zone allant jusqu&#039;\u00e0 environ 700 pieds carr\u00e9s gr\u00e2ce \u00e0 son syst\u00e8me silencieux de direction de l&#039;air \u00e0 quatre voies. Vos factures d&#039;\u00e9nergie baisseront en m\u00eame temps que la temp\u00e9rature, car cet appareil attrayant a un taux d&#039;efficacit\u00e9 \u00e9nerg\u00e9tique (EER) de 11,8 et est \u00e9galement conforme \u00e0 la norme Energy Star. La couche d&#039;ozone a \u00e9t\u00e9 prise en consid\u00e9ration et c&#039;est pourquoi cet appareil fonctionne avec du r\u00e9frig\u00e9rant R410A respectueux de l&#039;environnement. Des co\u00fbts \u00e9nerg\u00e9tiques suppl\u00e9mentaires peuvent \u00eatre \u00e9conomis\u00e9s en utilisant l&#039;interrupteur d&#039;\u00e9conomie d&#039;\u00e9nergie contemporain qui peut mettre en marche et arr\u00eater le ventilateur lorsque le compresseur s&#039;est arr\u00eat\u00e9. La t\u00e9l\u00e9commande int\u00e9gr\u00e9e et les commandes \u00e9lectroniques avec affichage LED vous permettent de r\u00e9gler la temp\u00e9rature rapidement et facilement entre 17\u00b0C et 30\u00b0C (62,6\u00b0F - 86\u00b0F). Vous pourrez \u00e9galement dormir confortablement car la fonction avanc\u00e9e de mode sommeil veille \u00e0 ce que la pi\u00e8ce ne devienne pas trop fra\u00eeche pendant la nuit. Pour allumer et \u00e9teindre le climatiseur \u00e0 l&#039;heure de votre choix, il vous suffit de programmer la fonction marche\/arr\u00eat automatique. Le climatiseur offre \u00e9galement une garantie de 12 mois sur les pi\u00e8ces et la main-d&#039;\u0153uvre avec un service \u00e0 domicile.\" \/>\n<meta name=\"robots\" content=\"index, follow, max-snippet:-1, max-image-preview:large, max-video-preview:-1\" \/>\n<link rel=\"canonical\" href=\"https:\/\/www.danby.com\/fr\/products\/climatiseurs-de-fenetre\/dac150eub2gdb\/\" \/>\n<meta property=\"og:locale\" content=\"fr_CA\" \/>\n<meta property=\"og:type\" content=\"article\" \/>\n<meta property=\"og:title\" content=\"Climatiseur de fen\u00eatre Danby 15 000 BTU - DAC150EUB2GDB | Danby Canada\" \/>\n<meta property=\"og:description\" content=\"Il est parfois difficile de rester au frais et confortable lorsque le mercure grimpe, mais c&#039;est beaucoup plus facile avec ce puissant climatiseur de fen\u00eatre de 15 000 BTU. Ce mod\u00e8le est con\u00e7u pour refroidir efficacement une zone allant jusqu&#039;\u00e0 environ 700 pieds carr\u00e9s gr\u00e2ce \u00e0 son syst\u00e8me silencieux de direction de l&#039;air \u00e0 quatre voies. Vos factures d&#039;\u00e9nergie baisseront en m\u00eame temps que la temp\u00e9rature, car cet appareil attrayant a un taux d&#039;efficacit\u00e9 \u00e9nerg\u00e9tique (EER) de 11,8 et est \u00e9galement conforme \u00e0 la norme Energy Star. La couche d&#039;ozone a \u00e9t\u00e9 prise en consid\u00e9ration et c&#039;est pourquoi cet appareil fonctionne avec du r\u00e9frig\u00e9rant R410A respectueux de l&#039;environnement. Des co\u00fbts \u00e9nerg\u00e9tiques suppl\u00e9mentaires peuvent \u00eatre \u00e9conomis\u00e9s en utilisant l&#039;interrupteur d&#039;\u00e9conomie d&#039;\u00e9nergie contemporain qui peut mettre en marche et arr\u00eater le ventilateur lorsque le compresseur s&#039;est arr\u00eat\u00e9. La t\u00e9l\u00e9commande int\u00e9gr\u00e9e et les commandes \u00e9lectroniques avec affichage LED vous permettent de r\u00e9gler la temp\u00e9rature rapidement et facilement entre 17\u00b0C et 30\u00b0C (62,6\u00b0F - 86\u00b0F). Vous pourrez \u00e9galement dormir confortablement car la fonction avanc\u00e9e de mode sommeil veille \u00e0 ce que la pi\u00e8ce ne devienne pas trop fra\u00eeche pendant la nuit. Pour allumer et \u00e9teindre le climatiseur \u00e0 l&#039;heure de votre choix, il vous suffit de programmer la fonction marche\/arr\u00eat automatique. Le climatiseur offre \u00e9galement une garantie de 12 mois sur les pi\u00e8ces et la main-d&#039;\u0153uvre avec un service \u00e0 domicile.\" \/>\n<meta property=\"og:url\" content=\"https:\/\/www.danby.com\/fr\/products\/climatiseurs-de-fenetre\/dac150eub2gdb\/\" \/>\n<meta property=\"og:site_name\" content=\"Danby - Canada - French\" \/>\n<meta property=\"article:publisher\" content=\"https:\/\/www.facebook.com\/DanbyAppliances\" \/>\n<meta property=\"article:modified_time\" content=\"2026-04-19T10:06:34+00:00\" \/>\n<meta property=\"og:image\" content=\"https:\/\/cdnweb.danby.com\/wp-content\/uploads\/sites\/2\/2022\/02\/08205456\/DAC150_180_250EB1GDB_right.jpg\" \/>\n\t<meta property=\"og:image:width\" content=\"1500\" \/>\n\t<meta property=\"og:image:height\" content=\"1000\" \/>\n\t<meta property=\"og:image:type\" content=\"image\/jpeg\" \/>\n<meta name=\"twitter:card\" content=\"summary_large_image\" \/>\n<meta name=\"twitter:site\" content=\"@DanbyAppliance\" \/>\n<script type=\"application\/ld+json\" class=\"yoast-schema-graph\">{\"@context\":\"https:\/\/schema.org\",\"@graph\":[{\"@type\":[\"WebPage\",\"ItemPage\"],\"url\":\"https:\/\/www.danby.com\/fr\/products\/climatiseurs-de-fenetre\/dac150eub2gdb\/\",\"name\":\"Climatiseur de fen\u00eatre Danby 15 000 BTU - DAC150EUB2GDB | Danby Canada\",\"isPartOf\":[],\"primaryImageOfPage\":[],\"image\":[],\"thumbnailUrl\":\"https:\/\/cdnweb.danby.com\/wp-content\/uploads\/sites\/2\/2022\/02\/08205456\/DAC150_180_250EB1GDB_right.jpg\",\"datePublished\":\"2022-02-03T19:12:19+00:00\",\"dateModified\":\"2026-04-19T10:06:34+00:00\",\"description\":\"Il est parfois difficile de rester au frais et confortable lorsque le mercure grimpe, mais c'est beaucoup plus facile avec ce puissant climatiseur de fen\u00eatre de 15 000 BTU. Ce mod\u00e8le est con\u00e7u pour refroidir efficacement une zone allant jusqu'\u00e0 environ 700 pieds carr\u00e9s gr\u00e2ce \u00e0 son syst\u00e8me silencieux de direction de l'air \u00e0 quatre voies. Vos factures d'\u00e9nergie baisseront en m\u00eame temps que la temp\u00e9rature, car cet appareil attrayant a un taux d'efficacit\u00e9 \u00e9nerg\u00e9tique (EER) de 11,8 et est \u00e9galement conforme \u00e0 la norme Energy Star. La couche d'ozone a \u00e9t\u00e9 prise en consid\u00e9ration et c'est pourquoi cet appareil fonctionne avec du r\u00e9frig\u00e9rant R410A respectueux de l'environnement. Des co\u00fbts \u00e9nerg\u00e9tiques suppl\u00e9mentaires peuvent \u00eatre \u00e9conomis\u00e9s en utilisant l'interrupteur d'\u00e9conomie d'\u00e9nergie contemporain qui peut mettre en marche et arr\u00eater le ventilateur lorsque le compresseur s'est arr\u00eat\u00e9. La t\u00e9l\u00e9commande int\u00e9gr\u00e9e et les commandes \u00e9lectroniques avec affichage LED vous permettent de r\u00e9gler la temp\u00e9rature rapidement et facilement entre 17\u00b0C et 30\u00b0C (62,6\u00b0F - 86\u00b0F). Vous pourrez \u00e9galement dormir confortablement car la fonction avanc\u00e9e de mode sommeil veille \u00e0 ce que la pi\u00e8ce ne devienne pas trop fra\u00eeche pendant la nuit. Pour allumer et \u00e9teindre le climatiseur \u00e0 l'heure de votre choix, il vous suffit de programmer la fonction marche\/arr\u00eat automatique. Le climatiseur offre \u00e9galement une garantie de 12 mois sur les pi\u00e8ces et la main-d'\u0153uvre avec un service \u00e0 domicile.\",\"breadcrumb\":[],\"inLanguage\":\"fr-CA\",\"potentialAction\":[{\"@type\":\"ReadAction\",\"target\":[\"https:\/\/www.danby.com\/fr\/products\/climatiseurs-de-fenetre\/dac150eub2gdb\/\"]}]},{\"@type\":\"ImageObject\",\"inLanguage\":\"fr-CA\",\"url\":\"https:\/\/cdnweb.danby.com\/wp-content\/uploads\/sites\/2\/2022\/02\/08205456\/DAC150_180_250EB1GDB_right.jpg\",\"contentUrl\":\"https:\/\/cdnweb.danby.com\/wp-content\/uploads\/sites\/2\/2022\/02\/08205456\/DAC150_180_250EB1GDB_right.jpg\",\"width\":1500,\"height\":1000},{\"@type\":\"BreadcrumbList\",\"itemListElement\":[{\"@type\":\"ListItem\",\"position\":1,\"name\":\"Home\",\"item\":\"https:\/\/www.danby.com\/fr\/\"},{\"@type\":\"ListItem\",\"position\":2,\"name\":\"Boutique\",\"item\":\"https:\/\/www.danby.com\/fr\/boutique\/\"},{\"@type\":\"ListItem\",\"position\":3,\"name\":\"Climatiseur de fen\u00eatre Danby 15 000 BTU\"}]},{\"@type\":\"WebSite\",\"url\":\"https:\/\/www.danby.com\/fr\/\",\"name\":\"Danby - Canada - French\",\"description\":\"Leader dans le domaine de la r\u00e9frig\u00e9ration et des appareils sp\u00e9cialis\u00e9s\",\"publisher\":[],\"potentialAction\":[{\"@type\":\"SearchAction\",\"target\":{\"@type\":\"EntryPoint\",\"urlTemplate\":\"https:\/\/www.danby.com\/fr\/?s={search_term_string}\"},\"query-input\":{\"@type\":\"PropertyValueSpecification\",\"valueRequired\":true,\"valueName\":\"search_term_string\"}}],\"inLanguage\":\"fr-CA\"},{\"@type\":\"Organization\",\"name\":\"Danby Appliances\",\"url\":\"https:\/\/www.danby.com\/fr\/\",\"logo\":{\"@type\":\"ImageObject\",\"inLanguage\":\"fr-CA\",\"url\":\"https:\/\/cdnweb.danby.com\/wp-content\/uploads\/sites\/2\/2022\/02\/10141906\/Danby75Ans_Blue.png\",\"contentUrl\":\"https:\/\/cdnweb.danby.com\/wp-content\/uploads\/sites\/2\/2022\/02\/10141906\/Danby75Ans_Blue.png\",\"width\":470,\"height\":110,\"caption\":\"Danby Appliances\"},\"image\":[],\"sameAs\":[\"https:\/\/www.facebook.com\/DanbyAppliances\",\"https:\/\/x.com\/DanbyAppliance\",\"https:\/\/instagram.com\/danbyappliances\/\",\"https:\/\/www.linkedin.com\/company\/danbyappliances\",\"https:\/\/www.pinterest.ca\/danbyappliances\/\",\"https:\/\/www.youtube.com\/user\/DanbyProducts\",\"https:\/\/en.wikipedia.org\/wiki\/Danby_(appliances)\"]}]}<\/script>\n<!-- \/ Yoast SEO plugin. -->","yoast_head_json":{"title":"Climatiseur de fen\u00eatre Danby 15 000 BTU - DAC150EUB2GDB | Danby Canada","description":"Il est parfois difficile de rester au frais et confortable lorsque le mercure grimpe, mais c'est beaucoup plus facile avec ce puissant climatiseur de fen\u00eatre de 15 000 BTU. Ce mod\u00e8le est con\u00e7u pour refroidir efficacement une zone allant jusqu'\u00e0 environ 700 pieds carr\u00e9s gr\u00e2ce \u00e0 son syst\u00e8me silencieux de direction de l'air \u00e0 quatre voies. Vos factures d'\u00e9nergie baisseront en m\u00eame temps que la temp\u00e9rature, car cet appareil attrayant a un taux d'efficacit\u00e9 \u00e9nerg\u00e9tique (EER) de 11,8 et est \u00e9galement conforme \u00e0 la norme Energy Star. La couche d'ozone a \u00e9t\u00e9 prise en consid\u00e9ration et c'est pourquoi cet appareil fonctionne avec du r\u00e9frig\u00e9rant R410A respectueux de l'environnement. Des co\u00fbts \u00e9nerg\u00e9tiques suppl\u00e9mentaires peuvent \u00eatre \u00e9conomis\u00e9s en utilisant l'interrupteur d'\u00e9conomie d'\u00e9nergie contemporain qui peut mettre en marche et arr\u00eater le ventilateur lorsque le compresseur s'est arr\u00eat\u00e9. La t\u00e9l\u00e9commande int\u00e9gr\u00e9e et les commandes \u00e9lectroniques avec affichage LED vous permettent de r\u00e9gler la temp\u00e9rature rapidement et facilement entre 17\u00b0C et 30\u00b0C (62,6\u00b0F - 86\u00b0F). Vous pourrez \u00e9galement dormir confortablement car la fonction avanc\u00e9e de mode sommeil veille \u00e0 ce que la pi\u00e8ce ne devienne pas trop fra\u00eeche pendant la nuit. Pour allumer et \u00e9teindre le climatiseur \u00e0 l'heure de votre choix, il vous suffit de programmer la fonction marche\/arr\u00eat automatique. Le climatiseur offre \u00e9galement une garantie de 12 mois sur les pi\u00e8ces et la main-d'\u0153uvre avec un service \u00e0 domicile.","robots":{"index":"index","follow":"follow","max-snippet":"max-snippet:-1","max-image-preview":"max-image-preview:large","max-video-preview":"max-video-preview:-1"},"canonical":"https:\/\/www.danby.com\/fr\/products\/climatiseurs-de-fenetre\/dac150eub2gdb\/","og_locale":"fr_CA","og_type":"article","og_title":"Climatiseur de fen\u00eatre Danby 15 000 BTU - DAC150EUB2GDB | Danby Canada","og_description":"Il est parfois difficile de rester au frais et confortable lorsque le mercure grimpe, mais c'est beaucoup plus facile avec ce puissant climatiseur de fen\u00eatre de 15 000 BTU. Ce mod\u00e8le est con\u00e7u pour refroidir efficacement une zone allant jusqu'\u00e0 environ 700 pieds carr\u00e9s gr\u00e2ce \u00e0 son syst\u00e8me silencieux de direction de l'air \u00e0 quatre voies. Vos factures d'\u00e9nergie baisseront en m\u00eame temps que la temp\u00e9rature, car cet appareil attrayant a un taux d'efficacit\u00e9 \u00e9nerg\u00e9tique (EER) de 11,8 et est \u00e9galement conforme \u00e0 la norme Energy Star. La couche d'ozone a \u00e9t\u00e9 prise en consid\u00e9ration et c'est pourquoi cet appareil fonctionne avec du r\u00e9frig\u00e9rant R410A respectueux de l'environnement. Des co\u00fbts \u00e9nerg\u00e9tiques suppl\u00e9mentaires peuvent \u00eatre \u00e9conomis\u00e9s en utilisant l'interrupteur d'\u00e9conomie d'\u00e9nergie contemporain qui peut mettre en marche et arr\u00eater le ventilateur lorsque le compresseur s'est arr\u00eat\u00e9. La t\u00e9l\u00e9commande int\u00e9gr\u00e9e et les commandes \u00e9lectroniques avec affichage LED vous permettent de r\u00e9gler la temp\u00e9rature rapidement et facilement entre 17\u00b0C et 30\u00b0C (62,6\u00b0F - 86\u00b0F). Vous pourrez \u00e9galement dormir confortablement car la fonction avanc\u00e9e de mode sommeil veille \u00e0 ce que la pi\u00e8ce ne devienne pas trop fra\u00eeche pendant la nuit. Pour allumer et \u00e9teindre le climatiseur \u00e0 l'heure de votre choix, il vous suffit de programmer la fonction marche\/arr\u00eat automatique. Le climatiseur offre \u00e9galement une garantie de 12 mois sur les pi\u00e8ces et la main-d'\u0153uvre avec un service \u00e0 domicile.","og_url":"https:\/\/www.danby.com\/fr\/products\/climatiseurs-de-fenetre\/dac150eub2gdb\/","og_site_name":"Danby - Canada - French","article_publisher":"https:\/\/www.facebook.com\/DanbyAppliances","article_modified_time":"2026-04-19T10:06:34+00:00","og_image":[{"width":1500,"height":1000,"url":"https:\/\/cdnweb.danby.com\/wp-content\/uploads\/sites\/2\/2022\/02\/08205456\/DAC150_180_250EB1GDB_right.jpg","type":"image\/jpeg"}],"twitter_card":"summary_large_image","twitter_site":"@DanbyAppliance","schema":{"@context":"https:\/\/schema.org","@graph":[{"@type":["WebPage","ItemPage"],"url":"https:\/\/www.danby.com\/fr\/products\/climatiseurs-de-fenetre\/dac150eub2gdb\/","name":"Climatiseur de fen\u00eatre Danby 15 000 BTU - DAC150EUB2GDB | Danby Canada","isPartOf":[],"primaryImageOfPage":[],"image":[],"thumbnailUrl":"https:\/\/cdnweb.danby.com\/wp-content\/uploads\/sites\/2\/2022\/02\/08205456\/DAC150_180_250EB1GDB_right.jpg","datePublished":"2022-02-03T19:12:19+00:00","dateModified":"2026-04-19T10:06:34+00:00","description":"Il est parfois difficile de rester au frais et confortable lorsque le mercure grimpe, mais c'est beaucoup plus facile avec ce puissant climatiseur de fen\u00eatre de 15 000 BTU. Ce mod\u00e8le est con\u00e7u pour refroidir efficacement une zone allant jusqu'\u00e0 environ 700 pieds carr\u00e9s gr\u00e2ce \u00e0 son syst\u00e8me silencieux de direction de l'air \u00e0 quatre voies. Vos factures d'\u00e9nergie baisseront en m\u00eame temps que la temp\u00e9rature, car cet appareil attrayant a un taux d'efficacit\u00e9 \u00e9nerg\u00e9tique (EER) de 11,8 et est \u00e9galement conforme \u00e0 la norme Energy Star. La couche d'ozone a \u00e9t\u00e9 prise en consid\u00e9ration et c'est pourquoi cet appareil fonctionne avec du r\u00e9frig\u00e9rant R410A respectueux de l'environnement. Des co\u00fbts \u00e9nerg\u00e9tiques suppl\u00e9mentaires peuvent \u00eatre \u00e9conomis\u00e9s en utilisant l'interrupteur d'\u00e9conomie d'\u00e9nergie contemporain qui peut mettre en marche et arr\u00eater le ventilateur lorsque le compresseur s'est arr\u00eat\u00e9. La t\u00e9l\u00e9commande int\u00e9gr\u00e9e et les commandes \u00e9lectroniques avec affichage LED vous permettent de r\u00e9gler la temp\u00e9rature rapidement et facilement entre 17\u00b0C et 30\u00b0C (62,6\u00b0F - 86\u00b0F). Vous pourrez \u00e9galement dormir confortablement car la fonction avanc\u00e9e de mode sommeil veille \u00e0 ce que la pi\u00e8ce ne devienne pas trop fra\u00eeche pendant la nuit. Pour allumer et \u00e9teindre le climatiseur \u00e0 l'heure de votre choix, il vous suffit de programmer la fonction marche\/arr\u00eat automatique. Le climatiseur offre \u00e9galement une garantie de 12 mois sur les pi\u00e8ces et la main-d'\u0153uvre avec un service \u00e0 domicile.","breadcrumb":[],"inLanguage":"fr-CA","potentialAction":[{"@type":"ReadAction","target":["https:\/\/www.danby.com\/fr\/products\/climatiseurs-de-fenetre\/dac150eub2gdb\/"]}]},{"@type":"ImageObject","inLanguage":"fr-CA","url":"https:\/\/cdnweb.danby.com\/wp-content\/uploads\/sites\/2\/2022\/02\/08205456\/DAC150_180_250EB1GDB_right.jpg","contentUrl":"https:\/\/cdnweb.danby.com\/wp-content\/uploads\/sites\/2\/2022\/02\/08205456\/DAC150_180_250EB1GDB_right.jpg","width":1500,"height":1000},{"@type":"BreadcrumbList","itemListElement":[{"@type":"ListItem","position":1,"name":"Home","item":"https:\/\/www.danby.com\/fr\/"},{"@type":"ListItem","position":2,"name":"Boutique","item":"https:\/\/www.danby.com\/fr\/boutique\/"},{"@type":"ListItem","position":3,"name":"Climatiseur de fen\u00eatre Danby 15 000 BTU"}]},{"@type":"WebSite","url":"https:\/\/www.danby.com\/fr\/","name":"Danby - Canada - French","description":"Leader dans le domaine de la r\u00e9frig\u00e9ration et des appareils sp\u00e9cialis\u00e9s","publisher":[],"potentialAction":[{"@type":"SearchAction","target":{"@type":"EntryPoint","urlTemplate":"https:\/\/www.danby.com\/fr\/?s={search_term_string}"},"query-input":{"@type":"PropertyValueSpecification","valueRequired":true,"valueName":"search_term_string"}}],"inLanguage":"fr-CA"},{"@type":"Organization","name":"Danby Appliances","url":"https:\/\/www.danby.com\/fr\/","logo":{"@type":"ImageObject","inLanguage":"fr-CA","url":"https:\/\/cdnweb.danby.com\/wp-content\/uploads\/sites\/2\/2022\/02\/10141906\/Danby75Ans_Blue.png","contentUrl":"https:\/\/cdnweb.danby.com\/wp-content\/uploads\/sites\/2\/2022\/02\/10141906\/Danby75Ans_Blue.png","width":470,"height":110,"caption":"Danby Appliances"},"image":[],"sameAs":["https:\/\/www.facebook.com\/DanbyAppliances","https:\/\/x.com\/DanbyAppliance","https:\/\/instagram.com\/danbyappliances\/","https:\/\/www.linkedin.com\/company\/danbyappliances","https:\/\/www.pinterest.ca\/danbyappliances\/","https:\/\/www.youtube.com\/user\/DanbyProducts","https:\/\/en.wikipedia.org\/wiki\/Danby_(appliances)"]}]}},"post_mailing_queue_ids":[],"_links":{"self":[{"href":"https:\/\/www.danby.com\/fr\/wp-json\/wp\/v2\/product\/4549","targetHints":{"allow":["GET"]}}],"collection":[{"href":"https:\/\/www.danby.com\/fr\/wp-json\/wp\/v2\/product"}],"about":[{"href":"https:\/\/www.danby.com\/fr\/wp-json\/wp\/v2\/types\/product"}],"replies":[{"embeddable":true,"href":"https:\/\/www.danby.com\/fr\/wp-json\/wp\/v2\/comments?post=4549"}],"wp:featuredmedia":[{"embeddable":true,"href":"https:\/\/www.danby.com\/fr\/wp-json\/wp\/v2\/media\/8552"}],"wp:attachment":[{"href":"https:\/\/www.danby.com\/fr\/wp-json\/wp\/v2\/media?parent=4549"}],"wp:term":[{"taxonomy":"product_brand","embeddable":true,"href":"https:\/\/www.danby.com\/fr\/wp-json\/wp\/v2\/product_brand?post=4549"},{"taxonomy":"product_cat","embeddable":true,"href":"https:\/\/www.danby.com\/fr\/wp-json\/wp\/v2\/product_cat?post=4549"},{"taxonomy":"product_tag","embeddable":true,"href":"https:\/\/www.danby.com\/fr\/wp-json\/wp\/v2\/product_tag?post=4549"}],"curies":[{"name":"wp","href":"https:\/\/api.w.org\/{rel}","templated":true}]}}