{"id":4545,"date":"2022-02-03T19:12:19","date_gmt":"2022-02-03T19:12:19","guid":{"rendered":"https:\/\/www.danby.com\/fr\/product\/dac150eb1gdb\/"},"modified":"2026-04-19T10:06:33","modified_gmt":"2026-04-19T10:06:33","slug":"dac150eb1gdb","status":"publish","type":"product","link":"https:\/\/www.danby.com\/fr\/products\/climatiseurs-de-fenetre\/dac150eb1gdb\/","title":{"rendered":"Climatiseur de fen\u00eatre Danby 15 000 BTU"},"content":{"rendered":"","protected":false},"excerpt":{"rendered":"<ul>\n<li>Le climatiseur de 15 000 BTU refroidit environ 700 pi2<\/li>\n<li>Compatible avec Energy Star\u00ae<\/li>\n<li>Cote d&#8217;efficacit\u00e9 \u00e9nerg\u00e9tique (EER) de 11.2<\/li>\n<li>R\u00e9frig\u00e9rant R410A respectueux de l&#8217;environnement<\/li>\n<li>Contr\u00f4le \u00e9lectronique variable de la temp\u00e9rature 17\u00b0C &#8211; 30\u00b0C (62,6\u00b0F &#8211; 86\u00b0F)<\/li>\n<li>Direction de l&#8217;air dans 4 directions<\/li>\n<li>Un ventilateur \u00e0 3 vitesses fait circuler l&#8217;air<\/li>\n<li>Interrupteur d&#8217;\u00e9conomie d&#8217;\u00e9nergie : Active et d\u00e9sactive le ventilateur apr\u00e8s l&#8217;arr\u00eat du compresseur<\/li>\n<li>Mode sommeil : Emp\u00eache la pi\u00e8ce de devenir trop froide la nuit<\/li>\n<li>Mise en marche\/arr\u00eat automatique : Faites en sorte que l&#8217;unit\u00e9 d\u00e9marre ou s&#8217;arr\u00eate en fonction de votre emploi du temps<\/li>\n<li>Fonctionnement silencieux (60 d\u00e9cibels)<\/li>\n<li>Le kit d&#8217;installation de fen\u00eatre extensible s&#8217;adapte aux fen\u00eatres de 26 6\/16&#8243; \u00e0 40 8\/16&#8243; de large<\/li>\n<li>Hauteur minimale de fen\u00eatre requise 18 8\/16&#8243;<\/li>\n<\/ul>\n","protected":false},"featured_media":7184,"comment_status":"closed","ping_status":"open","template":"","meta":{"_acf_changed":false},"product_brand":[],"product_cat":[40],"product_tag":[],"class_list":{"0":"post-4545","1":"product","2":"type-product","3":"status-publish","4":"has-post-thumbnail","6":"product_cat-climatiseurs-de-fenetre","8":"first","9":"outofstock","10":"taxable","11":"shipping-taxable","12":"product-type-simple"},"acf":[],"yoast_head":"<!-- This site is optimized with the Yoast SEO plugin v26.7 - https:\/\/yoast.com\/wordpress\/plugins\/seo\/ -->\n<title>Climatiseur de fen\u00eatre Danby 15 000 BTU - DAC150EB1GDB | Danby Canada<\/title>\n<meta name=\"description\" content=\"Un d\u00e9m\u00e9nagement vers des climats plus froids pour \u00e9chapper \u00e0 la chaleur et \u00e0 l&#039;humidit\u00e9 brutales n&#039;est pas n\u00e9cessaire si vous avez cette unit\u00e9 de climatisation de fen\u00eatre ing\u00e9nieuse qui pompe 15 000 BTU de puissance de refroidissement dans votre maison ou votre bureau. Ce mod\u00e8le inspir\u00e9 est con\u00e7u pour refroidir et rafra\u00eechir toute pi\u00e8ce d&#039;une superficie maximale d&#039;environ 700 pieds carr\u00e9s. Il peut maintenir votre espace \u00e0 une temp\u00e9rature confortable et constante entre 17\u00b0C et 30\u00b0C (62,6\u00b0F - 86\u00b0F) 24 heures sur 24. L&#039;unit\u00e9 est conforme \u00e0 la norme Energy Star et pr\u00e9sente un taux d&#039;efficacit\u00e9 \u00e9nerg\u00e9tique (EER) enviable de 11,2, ce qui signifie que vos factures d&#039;\u00e9lectricit\u00e9 sont r\u00e9duites au minimum. Il fonctionne avec le r\u00e9frig\u00e9rant \u00e9cologique R410A pour prot\u00e9ger la couche d&#039;ozone et ne perturbera pas vos habitudes de sommeil car il fonctionne silencieusement avec seulement 60 d\u00e9cibels. Le ventilateur \u00e0 trois vitesses fait circuler efficacement l&#039;air dans quatre directions diff\u00e9rentes et il est facile \u00e0 programmer gr\u00e2ce au syst\u00e8me de contr\u00f4le \u00e9lectronique variable. Le mode sommeil imaginatif signifie que le climatiseur ne sera pas trop froid pendant les heures de coucher et l&#039;interrupteur d&#039;\u00e9conomie d&#039;\u00e9nergie peut activer et d\u00e9sactiver le ventilateur apr\u00e8s l&#039;arr\u00eat du compresseur. La programmation de ce mod\u00e8le ultramoderne en fonction de votre emploi du temps est on ne peut plus simple gr\u00e2ce \u00e0 la fonction de marche\/arr\u00eat automatique. Ce mod\u00e8le offre \u00e9galement une couverture de 12 mois sur les pi\u00e8ces et la main-d&#039;\u0153uvre.\" \/>\n<meta name=\"robots\" content=\"index, follow, max-snippet:-1, max-image-preview:large, max-video-preview:-1\" \/>\n<link rel=\"canonical\" href=\"https:\/\/www.danby.com\/fr\/products\/climatiseurs-de-fenetre\/dac150eb1gdb\/\" \/>\n<meta property=\"og:locale\" content=\"fr_CA\" \/>\n<meta property=\"og:type\" content=\"article\" \/>\n<meta property=\"og:title\" content=\"Climatiseur de fen\u00eatre Danby 15 000 BTU - DAC150EB1GDB | Danby Canada\" \/>\n<meta property=\"og:description\" content=\"Un d\u00e9m\u00e9nagement vers des climats plus froids pour \u00e9chapper \u00e0 la chaleur et \u00e0 l&#039;humidit\u00e9 brutales n&#039;est pas n\u00e9cessaire si vous avez cette unit\u00e9 de climatisation de fen\u00eatre ing\u00e9nieuse qui pompe 15 000 BTU de puissance de refroidissement dans votre maison ou votre bureau. Ce mod\u00e8le inspir\u00e9 est con\u00e7u pour refroidir et rafra\u00eechir toute pi\u00e8ce d&#039;une superficie maximale d&#039;environ 700 pieds carr\u00e9s. Il peut maintenir votre espace \u00e0 une temp\u00e9rature confortable et constante entre 17\u00b0C et 30\u00b0C (62,6\u00b0F - 86\u00b0F) 24 heures sur 24. L&#039;unit\u00e9 est conforme \u00e0 la norme Energy Star et pr\u00e9sente un taux d&#039;efficacit\u00e9 \u00e9nerg\u00e9tique (EER) enviable de 11,2, ce qui signifie que vos factures d&#039;\u00e9lectricit\u00e9 sont r\u00e9duites au minimum. Il fonctionne avec le r\u00e9frig\u00e9rant \u00e9cologique R410A pour prot\u00e9ger la couche d&#039;ozone et ne perturbera pas vos habitudes de sommeil car il fonctionne silencieusement avec seulement 60 d\u00e9cibels. Le ventilateur \u00e0 trois vitesses fait circuler efficacement l&#039;air dans quatre directions diff\u00e9rentes et il est facile \u00e0 programmer gr\u00e2ce au syst\u00e8me de contr\u00f4le \u00e9lectronique variable. Le mode sommeil imaginatif signifie que le climatiseur ne sera pas trop froid pendant les heures de coucher et l&#039;interrupteur d&#039;\u00e9conomie d&#039;\u00e9nergie peut activer et d\u00e9sactiver le ventilateur apr\u00e8s l&#039;arr\u00eat du compresseur. La programmation de ce mod\u00e8le ultramoderne en fonction de votre emploi du temps est on ne peut plus simple gr\u00e2ce \u00e0 la fonction de marche\/arr\u00eat automatique. Ce mod\u00e8le offre \u00e9galement une couverture de 12 mois sur les pi\u00e8ces et la main-d&#039;\u0153uvre.\" \/>\n<meta property=\"og:url\" content=\"https:\/\/www.danby.com\/fr\/products\/climatiseurs-de-fenetre\/dac150eb1gdb\/\" \/>\n<meta property=\"og:site_name\" content=\"Danby - Canada - French\" \/>\n<meta property=\"article:publisher\" content=\"https:\/\/www.facebook.com\/DanbyAppliances\" \/>\n<meta property=\"article:modified_time\" content=\"2026-04-19T10:06:33+00:00\" \/>\n<meta property=\"og:image\" content=\"https:\/\/cdnweb.danby.com\/wp-content\/uploads\/sites\/2\/2022\/02\/08192057\/Medium-DAC150EB1GDB.jpg\" \/>\n\t<meta property=\"og:image:width\" content=\"300\" \/>\n\t<meta property=\"og:image:height\" content=\"272\" \/>\n\t<meta property=\"og:image:type\" content=\"image\/jpeg\" \/>\n<meta name=\"twitter:card\" content=\"summary_large_image\" \/>\n<meta name=\"twitter:site\" content=\"@DanbyAppliance\" \/>\n<script type=\"application\/ld+json\" class=\"yoast-schema-graph\">{\"@context\":\"https:\/\/schema.org\",\"@graph\":[{\"@type\":[\"WebPage\",\"ItemPage\"],\"url\":\"https:\/\/www.danby.com\/fr\/products\/climatiseurs-de-fenetre\/dac150eb1gdb\/\",\"name\":\"Climatiseur de fen\u00eatre Danby 15 000 BTU - DAC150EB1GDB | Danby Canada\",\"isPartOf\":[],\"primaryImageOfPage\":[],\"image\":[],\"thumbnailUrl\":\"https:\/\/cdnweb.danby.com\/wp-content\/uploads\/sites\/2\/2022\/02\/08192057\/Medium-DAC150EB1GDB.jpg\",\"datePublished\":\"2022-02-03T19:12:19+00:00\",\"dateModified\":\"2026-04-19T10:06:33+00:00\",\"description\":\"Un d\u00e9m\u00e9nagement vers des climats plus froids pour \u00e9chapper \u00e0 la chaleur et \u00e0 l'humidit\u00e9 brutales n'est pas n\u00e9cessaire si vous avez cette unit\u00e9 de climatisation de fen\u00eatre ing\u00e9nieuse qui pompe 15 000 BTU de puissance de refroidissement dans votre maison ou votre bureau. Ce mod\u00e8le inspir\u00e9 est con\u00e7u pour refroidir et rafra\u00eechir toute pi\u00e8ce d'une superficie maximale d'environ 700 pieds carr\u00e9s. Il peut maintenir votre espace \u00e0 une temp\u00e9rature confortable et constante entre 17\u00b0C et 30\u00b0C (62,6\u00b0F - 86\u00b0F) 24 heures sur 24. L'unit\u00e9 est conforme \u00e0 la norme Energy Star et pr\u00e9sente un taux d'efficacit\u00e9 \u00e9nerg\u00e9tique (EER) enviable de 11,2, ce qui signifie que vos factures d'\u00e9lectricit\u00e9 sont r\u00e9duites au minimum. Il fonctionne avec le r\u00e9frig\u00e9rant \u00e9cologique R410A pour prot\u00e9ger la couche d'ozone et ne perturbera pas vos habitudes de sommeil car il fonctionne silencieusement avec seulement 60 d\u00e9cibels. Le ventilateur \u00e0 trois vitesses fait circuler efficacement l'air dans quatre directions diff\u00e9rentes et il est facile \u00e0 programmer gr\u00e2ce au syst\u00e8me de contr\u00f4le \u00e9lectronique variable. Le mode sommeil imaginatif signifie que le climatiseur ne sera pas trop froid pendant les heures de coucher et l'interrupteur d'\u00e9conomie d'\u00e9nergie peut activer et d\u00e9sactiver le ventilateur apr\u00e8s l'arr\u00eat du compresseur. La programmation de ce mod\u00e8le ultramoderne en fonction de votre emploi du temps est on ne peut plus simple gr\u00e2ce \u00e0 la fonction de marche\/arr\u00eat automatique. Ce mod\u00e8le offre \u00e9galement une couverture de 12 mois sur les pi\u00e8ces et la main-d'\u0153uvre.\",\"breadcrumb\":[],\"inLanguage\":\"fr-CA\",\"potentialAction\":[{\"@type\":\"ReadAction\",\"target\":[\"https:\/\/www.danby.com\/fr\/products\/climatiseurs-de-fenetre\/dac150eb1gdb\/\"]}]},{\"@type\":\"ImageObject\",\"inLanguage\":\"fr-CA\",\"url\":\"https:\/\/cdnweb.danby.com\/wp-content\/uploads\/sites\/2\/2022\/02\/08192057\/Medium-DAC150EB1GDB.jpg\",\"contentUrl\":\"https:\/\/cdnweb.danby.com\/wp-content\/uploads\/sites\/2\/2022\/02\/08192057\/Medium-DAC150EB1GDB.jpg\",\"width\":300,\"height\":272},{\"@type\":\"BreadcrumbList\",\"itemListElement\":[{\"@type\":\"ListItem\",\"position\":1,\"name\":\"Home\",\"item\":\"https:\/\/www.danby.com\/fr\/\"},{\"@type\":\"ListItem\",\"position\":2,\"name\":\"Boutique\",\"item\":\"https:\/\/www.danby.com\/fr\/boutique\/\"},{\"@type\":\"ListItem\",\"position\":3,\"name\":\"Climatiseur de fen\u00eatre Danby 15 000 BTU\"}]},{\"@type\":\"WebSite\",\"url\":\"https:\/\/www.danby.com\/fr\/\",\"name\":\"Danby - Canada - French\",\"description\":\"Leader dans le domaine de la r\u00e9frig\u00e9ration et des appareils sp\u00e9cialis\u00e9s\",\"publisher\":[],\"potentialAction\":[{\"@type\":\"SearchAction\",\"target\":{\"@type\":\"EntryPoint\",\"urlTemplate\":\"https:\/\/www.danby.com\/fr\/?s={search_term_string}\"},\"query-input\":{\"@type\":\"PropertyValueSpecification\",\"valueRequired\":true,\"valueName\":\"search_term_string\"}}],\"inLanguage\":\"fr-CA\"},{\"@type\":\"Organization\",\"name\":\"Danby Appliances\",\"url\":\"https:\/\/www.danby.com\/fr\/\",\"logo\":{\"@type\":\"ImageObject\",\"inLanguage\":\"fr-CA\",\"url\":\"https:\/\/cdnweb.danby.com\/wp-content\/uploads\/sites\/2\/2022\/02\/10141906\/Danby75Ans_Blue.png\",\"contentUrl\":\"https:\/\/cdnweb.danby.com\/wp-content\/uploads\/sites\/2\/2022\/02\/10141906\/Danby75Ans_Blue.png\",\"width\":470,\"height\":110,\"caption\":\"Danby Appliances\"},\"image\":[],\"sameAs\":[\"https:\/\/www.facebook.com\/DanbyAppliances\",\"https:\/\/x.com\/DanbyAppliance\",\"https:\/\/instagram.com\/danbyappliances\/\",\"https:\/\/www.linkedin.com\/company\/danbyappliances\",\"https:\/\/www.pinterest.ca\/danbyappliances\/\",\"https:\/\/www.youtube.com\/user\/DanbyProducts\",\"https:\/\/en.wikipedia.org\/wiki\/Danby_(appliances)\"]}]}<\/script>\n<!-- \/ Yoast SEO plugin. -->","yoast_head_json":{"title":"Climatiseur de fen\u00eatre Danby 15 000 BTU - DAC150EB1GDB | Danby Canada","description":"Un d\u00e9m\u00e9nagement vers des climats plus froids pour \u00e9chapper \u00e0 la chaleur et \u00e0 l'humidit\u00e9 brutales n'est pas n\u00e9cessaire si vous avez cette unit\u00e9 de climatisation de fen\u00eatre ing\u00e9nieuse qui pompe 15 000 BTU de puissance de refroidissement dans votre maison ou votre bureau. Ce mod\u00e8le inspir\u00e9 est con\u00e7u pour refroidir et rafra\u00eechir toute pi\u00e8ce d'une superficie maximale d'environ 700 pieds carr\u00e9s. Il peut maintenir votre espace \u00e0 une temp\u00e9rature confortable et constante entre 17\u00b0C et 30\u00b0C (62,6\u00b0F - 86\u00b0F) 24 heures sur 24. L'unit\u00e9 est conforme \u00e0 la norme Energy Star et pr\u00e9sente un taux d'efficacit\u00e9 \u00e9nerg\u00e9tique (EER) enviable de 11,2, ce qui signifie que vos factures d'\u00e9lectricit\u00e9 sont r\u00e9duites au minimum. Il fonctionne avec le r\u00e9frig\u00e9rant \u00e9cologique R410A pour prot\u00e9ger la couche d'ozone et ne perturbera pas vos habitudes de sommeil car il fonctionne silencieusement avec seulement 60 d\u00e9cibels. Le ventilateur \u00e0 trois vitesses fait circuler efficacement l'air dans quatre directions diff\u00e9rentes et il est facile \u00e0 programmer gr\u00e2ce au syst\u00e8me de contr\u00f4le \u00e9lectronique variable. Le mode sommeil imaginatif signifie que le climatiseur ne sera pas trop froid pendant les heures de coucher et l'interrupteur d'\u00e9conomie d'\u00e9nergie peut activer et d\u00e9sactiver le ventilateur apr\u00e8s l'arr\u00eat du compresseur. La programmation de ce mod\u00e8le ultramoderne en fonction de votre emploi du temps est on ne peut plus simple gr\u00e2ce \u00e0 la fonction de marche\/arr\u00eat automatique. Ce mod\u00e8le offre \u00e9galement une couverture de 12 mois sur les pi\u00e8ces et la main-d'\u0153uvre.","robots":{"index":"index","follow":"follow","max-snippet":"max-snippet:-1","max-image-preview":"max-image-preview:large","max-video-preview":"max-video-preview:-1"},"canonical":"https:\/\/www.danby.com\/fr\/products\/climatiseurs-de-fenetre\/dac150eb1gdb\/","og_locale":"fr_CA","og_type":"article","og_title":"Climatiseur de fen\u00eatre Danby 15 000 BTU - DAC150EB1GDB | Danby Canada","og_description":"Un d\u00e9m\u00e9nagement vers des climats plus froids pour \u00e9chapper \u00e0 la chaleur et \u00e0 l'humidit\u00e9 brutales n'est pas n\u00e9cessaire si vous avez cette unit\u00e9 de climatisation de fen\u00eatre ing\u00e9nieuse qui pompe 15 000 BTU de puissance de refroidissement dans votre maison ou votre bureau. Ce mod\u00e8le inspir\u00e9 est con\u00e7u pour refroidir et rafra\u00eechir toute pi\u00e8ce d'une superficie maximale d'environ 700 pieds carr\u00e9s. Il peut maintenir votre espace \u00e0 une temp\u00e9rature confortable et constante entre 17\u00b0C et 30\u00b0C (62,6\u00b0F - 86\u00b0F) 24 heures sur 24. L'unit\u00e9 est conforme \u00e0 la norme Energy Star et pr\u00e9sente un taux d'efficacit\u00e9 \u00e9nerg\u00e9tique (EER) enviable de 11,2, ce qui signifie que vos factures d'\u00e9lectricit\u00e9 sont r\u00e9duites au minimum. Il fonctionne avec le r\u00e9frig\u00e9rant \u00e9cologique R410A pour prot\u00e9ger la couche d'ozone et ne perturbera pas vos habitudes de sommeil car il fonctionne silencieusement avec seulement 60 d\u00e9cibels. Le ventilateur \u00e0 trois vitesses fait circuler efficacement l'air dans quatre directions diff\u00e9rentes et il est facile \u00e0 programmer gr\u00e2ce au syst\u00e8me de contr\u00f4le \u00e9lectronique variable. Le mode sommeil imaginatif signifie que le climatiseur ne sera pas trop froid pendant les heures de coucher et l'interrupteur d'\u00e9conomie d'\u00e9nergie peut activer et d\u00e9sactiver le ventilateur apr\u00e8s l'arr\u00eat du compresseur. La programmation de ce mod\u00e8le ultramoderne en fonction de votre emploi du temps est on ne peut plus simple gr\u00e2ce \u00e0 la fonction de marche\/arr\u00eat automatique. Ce mod\u00e8le offre \u00e9galement une couverture de 12 mois sur les pi\u00e8ces et la main-d'\u0153uvre.","og_url":"https:\/\/www.danby.com\/fr\/products\/climatiseurs-de-fenetre\/dac150eb1gdb\/","og_site_name":"Danby - Canada - French","article_publisher":"https:\/\/www.facebook.com\/DanbyAppliances","article_modified_time":"2026-04-19T10:06:33+00:00","og_image":[{"width":300,"height":272,"url":"https:\/\/cdnweb.danby.com\/wp-content\/uploads\/sites\/2\/2022\/02\/08192057\/Medium-DAC150EB1GDB.jpg","type":"image\/jpeg"}],"twitter_card":"summary_large_image","twitter_site":"@DanbyAppliance","schema":{"@context":"https:\/\/schema.org","@graph":[{"@type":["WebPage","ItemPage"],"url":"https:\/\/www.danby.com\/fr\/products\/climatiseurs-de-fenetre\/dac150eb1gdb\/","name":"Climatiseur de fen\u00eatre Danby 15 000 BTU - DAC150EB1GDB | Danby Canada","isPartOf":[],"primaryImageOfPage":[],"image":[],"thumbnailUrl":"https:\/\/cdnweb.danby.com\/wp-content\/uploads\/sites\/2\/2022\/02\/08192057\/Medium-DAC150EB1GDB.jpg","datePublished":"2022-02-03T19:12:19+00:00","dateModified":"2026-04-19T10:06:33+00:00","description":"Un d\u00e9m\u00e9nagement vers des climats plus froids pour \u00e9chapper \u00e0 la chaleur et \u00e0 l'humidit\u00e9 brutales n'est pas n\u00e9cessaire si vous avez cette unit\u00e9 de climatisation de fen\u00eatre ing\u00e9nieuse qui pompe 15 000 BTU de puissance de refroidissement dans votre maison ou votre bureau. Ce mod\u00e8le inspir\u00e9 est con\u00e7u pour refroidir et rafra\u00eechir toute pi\u00e8ce d'une superficie maximale d'environ 700 pieds carr\u00e9s. Il peut maintenir votre espace \u00e0 une temp\u00e9rature confortable et constante entre 17\u00b0C et 30\u00b0C (62,6\u00b0F - 86\u00b0F) 24 heures sur 24. L'unit\u00e9 est conforme \u00e0 la norme Energy Star et pr\u00e9sente un taux d'efficacit\u00e9 \u00e9nerg\u00e9tique (EER) enviable de 11,2, ce qui signifie que vos factures d'\u00e9lectricit\u00e9 sont r\u00e9duites au minimum. Il fonctionne avec le r\u00e9frig\u00e9rant \u00e9cologique R410A pour prot\u00e9ger la couche d'ozone et ne perturbera pas vos habitudes de sommeil car il fonctionne silencieusement avec seulement 60 d\u00e9cibels. Le ventilateur \u00e0 trois vitesses fait circuler efficacement l'air dans quatre directions diff\u00e9rentes et il est facile \u00e0 programmer gr\u00e2ce au syst\u00e8me de contr\u00f4le \u00e9lectronique variable. Le mode sommeil imaginatif signifie que le climatiseur ne sera pas trop froid pendant les heures de coucher et l'interrupteur d'\u00e9conomie d'\u00e9nergie peut activer et d\u00e9sactiver le ventilateur apr\u00e8s l'arr\u00eat du compresseur. La programmation de ce mod\u00e8le ultramoderne en fonction de votre emploi du temps est on ne peut plus simple gr\u00e2ce \u00e0 la fonction de marche\/arr\u00eat automatique. Ce mod\u00e8le offre \u00e9galement une couverture de 12 mois sur les pi\u00e8ces et la main-d'\u0153uvre.","breadcrumb":[],"inLanguage":"fr-CA","potentialAction":[{"@type":"ReadAction","target":["https:\/\/www.danby.com\/fr\/products\/climatiseurs-de-fenetre\/dac150eb1gdb\/"]}]},{"@type":"ImageObject","inLanguage":"fr-CA","url":"https:\/\/cdnweb.danby.com\/wp-content\/uploads\/sites\/2\/2022\/02\/08192057\/Medium-DAC150EB1GDB.jpg","contentUrl":"https:\/\/cdnweb.danby.com\/wp-content\/uploads\/sites\/2\/2022\/02\/08192057\/Medium-DAC150EB1GDB.jpg","width":300,"height":272},{"@type":"BreadcrumbList","itemListElement":[{"@type":"ListItem","position":1,"name":"Home","item":"https:\/\/www.danby.com\/fr\/"},{"@type":"ListItem","position":2,"name":"Boutique","item":"https:\/\/www.danby.com\/fr\/boutique\/"},{"@type":"ListItem","position":3,"name":"Climatiseur de fen\u00eatre Danby 15 000 BTU"}]},{"@type":"WebSite","url":"https:\/\/www.danby.com\/fr\/","name":"Danby - Canada - French","description":"Leader dans le domaine de la r\u00e9frig\u00e9ration et des appareils sp\u00e9cialis\u00e9s","publisher":[],"potentialAction":[{"@type":"SearchAction","target":{"@type":"EntryPoint","urlTemplate":"https:\/\/www.danby.com\/fr\/?s={search_term_string}"},"query-input":{"@type":"PropertyValueSpecification","valueRequired":true,"valueName":"search_term_string"}}],"inLanguage":"fr-CA"},{"@type":"Organization","name":"Danby Appliances","url":"https:\/\/www.danby.com\/fr\/","logo":{"@type":"ImageObject","inLanguage":"fr-CA","url":"https:\/\/cdnweb.danby.com\/wp-content\/uploads\/sites\/2\/2022\/02\/10141906\/Danby75Ans_Blue.png","contentUrl":"https:\/\/cdnweb.danby.com\/wp-content\/uploads\/sites\/2\/2022\/02\/10141906\/Danby75Ans_Blue.png","width":470,"height":110,"caption":"Danby Appliances"},"image":[],"sameAs":["https:\/\/www.facebook.com\/DanbyAppliances","https:\/\/x.com\/DanbyAppliance","https:\/\/instagram.com\/danbyappliances\/","https:\/\/www.linkedin.com\/company\/danbyappliances","https:\/\/www.pinterest.ca\/danbyappliances\/","https:\/\/www.youtube.com\/user\/DanbyProducts","https:\/\/en.wikipedia.org\/wiki\/Danby_(appliances)"]}]}},"post_mailing_queue_ids":[],"_links":{"self":[{"href":"https:\/\/www.danby.com\/fr\/wp-json\/wp\/v2\/product\/4545","targetHints":{"allow":["GET"]}}],"collection":[{"href":"https:\/\/www.danby.com\/fr\/wp-json\/wp\/v2\/product"}],"about":[{"href":"https:\/\/www.danby.com\/fr\/wp-json\/wp\/v2\/types\/product"}],"replies":[{"embeddable":true,"href":"https:\/\/www.danby.com\/fr\/wp-json\/wp\/v2\/comments?post=4545"}],"wp:featuredmedia":[{"embeddable":true,"href":"https:\/\/www.danby.com\/fr\/wp-json\/wp\/v2\/media\/7184"}],"wp:attachment":[{"href":"https:\/\/www.danby.com\/fr\/wp-json\/wp\/v2\/media?parent=4545"}],"wp:term":[{"taxonomy":"product_brand","embeddable":true,"href":"https:\/\/www.danby.com\/fr\/wp-json\/wp\/v2\/product_brand?post=4545"},{"taxonomy":"product_cat","embeddable":true,"href":"https:\/\/www.danby.com\/fr\/wp-json\/wp\/v2\/product_cat?post=4545"},{"taxonomy":"product_tag","embeddable":true,"href":"https:\/\/www.danby.com\/fr\/wp-json\/wp\/v2\/product_tag?post=4545"}],"curies":[{"name":"wp","href":"https:\/\/api.w.org\/{rel}","templated":true}]}}