{"id":4543,"date":"2022-02-03T19:12:19","date_gmt":"2022-02-03T19:12:19","guid":{"rendered":"https:\/\/www.danby.com\/fr\/product\/dac150bbcwdb\/"},"modified":"2026-04-19T10:06:33","modified_gmt":"2026-04-19T10:06:33","slug":"dac150bbcwdb","status":"publish","type":"product","link":"https:\/\/www.danby.com\/fr\/products\/climatiseurs-de-fenetre\/dac150bbcwdb\/","title":{"rendered":"Climatiseur de fen\u00eatre Danby 15 000 BTU"},"content":{"rendered":"","protected":false},"excerpt":{"rendered":"<ul>\n<li>Le climatiseur de fen\u00eatre de 15 000 BTU refroidit les espaces jusqu&#8217;\u00e0 700 pieds carr\u00e9s<\/li>\n<li>Compatible avec Energy Star\u00ae<\/li>\n<li>R\u00e9frig\u00e9rant R410A respectueux de l&#8217;environnement<\/li>\n<li>Contr\u00f4les \u00e9lectroniques Affichage LED et t\u00e9l\u00e9commande<\/li>\n<li>Direction de l&#8217;air dans 4 directions<\/li>\n<li>Mode sommeil : Emp\u00eache la pi\u00e8ce de devenir trop froide pendant votre sommeil<\/li>\n<li>Interrupteur d&#8217;\u00e9conomie d&#8217;\u00e9nergie : Active et d\u00e9sactive le ventilateur pour r\u00e9duire la consommation d&#8217;\u00e9nergie<\/li>\n<li>Filtre \u00e0 air r\u00e9utilisable et lavable<\/li>\n<li>3 vitesses de ventilateur<\/li>\n<li>Ch\u00e2ssis coulissant pour une installation facile<\/li>\n<li>Commande de temp\u00e9rature variable de 17\u00baC \u00e0 30\u00baC (62\u00baF &#8211; 86\u00baF)<\/li>\n<li>Le kit d&#8217;installation de fen\u00eatre extensible s&#8217;adapte aux fen\u00eatres de 27,5 po \u00e0 40,5 po de largeur<\/li>\n<li>Hauteur minimale de fen\u00eatre requise : 18.5 po. (47,0 cm)<\/li>\n<\/ul>\n","protected":false},"featured_media":8523,"comment_status":"closed","ping_status":"open","template":"","meta":{"_acf_changed":false},"product_brand":[],"product_cat":[40],"product_tag":[],"class_list":{"0":"post-4543","1":"product","2":"type-product","3":"status-publish","4":"has-post-thumbnail","6":"product_cat-climatiseurs-de-fenetre","8":"first","9":"outofstock","10":"taxable","11":"shipping-taxable","12":"product-type-simple"},"acf":[],"yoast_head":"<!-- This site is optimized with the Yoast SEO plugin v26.7 - https:\/\/yoast.com\/wordpress\/plugins\/seo\/ -->\n<title>Climatiseur de fen\u00eatre Danby 15 000 BTU - DAC150BBCWDB | Danby Canada<\/title>\n<meta name=\"description\" content=\"Il est parfois difficile de rester au frais et confortable lorsque le mercure grimpe, mais c&#039;est beaucoup plus facile avec ce puissant climatiseur de fen\u00eatre de 15 000 BTU. Ce mod\u00e8le est con\u00e7u pour refroidir efficacement un espace allant jusqu&#039;\u00e0 environ 700 pieds carr\u00e9s gr\u00e2ce \u00e0 son syst\u00e8me silencieux de direction de l&#039;air \u00e0 quatre voies. Vos factures d&#039;\u00e9nergie diminueront en m\u00eame temps que la temp\u00e9rature, car cet appareil est conforme \u00e0 la norme Energy Star. La couche d&#039;ozone a \u00e9t\u00e9 prise en consid\u00e9ration et c&#039;est pourquoi cet appareil fonctionne avec du r\u00e9frig\u00e9rant R410A respectueux de l&#039;environnement. Des co\u00fbts \u00e9nerg\u00e9tiques suppl\u00e9mentaires peuvent \u00eatre \u00e9conomis\u00e9s en utilisant l&#039;interrupteur d&#039;\u00e9conomie d&#039;\u00e9nergie contemporain qui peut mettre en marche et arr\u00eater le ventilateur lorsque le compresseur s&#039;est arr\u00eat\u00e9. La t\u00e9l\u00e9commande int\u00e9gr\u00e9e et les commandes \u00e9lectroniques avec affichage LED vous permettent de r\u00e9gler la temp\u00e9rature rapidement et facilement entre 17\u00b0C et 30\u00b0C (62,6\u00b0F - 86\u00b0F). Vous pourrez \u00e9galement dormir confortablement car la fonction avanc\u00e9e du mode sommeil veille \u00e0 ce que la pi\u00e8ce ne devienne pas trop fra\u00eeche pendant la nuit. Pour allumer et \u00e9teindre le climatiseur \u00e0 l&#039;heure de votre choix, il vous suffit de programmer la fonction marche\/arr\u00eat automatique. Le climatiseur offre \u00e9galement une garantie de 12 mois sur les pi\u00e8ces et la main-d&#039;\u0153uvre avec un service \u00e0 domicile.\" \/>\n<meta name=\"robots\" content=\"index, follow, max-snippet:-1, max-image-preview:large, max-video-preview:-1\" \/>\n<link rel=\"canonical\" href=\"https:\/\/www.danby.com\/fr\/products\/climatiseurs-de-fenetre\/dac150bbcwdb\/\" \/>\n<meta property=\"og:locale\" content=\"fr_CA\" \/>\n<meta property=\"og:type\" content=\"article\" \/>\n<meta property=\"og:title\" content=\"Climatiseur de fen\u00eatre Danby 15 000 BTU - DAC150BBCWDB | Danby Canada\" \/>\n<meta property=\"og:description\" content=\"Il est parfois difficile de rester au frais et confortable lorsque le mercure grimpe, mais c&#039;est beaucoup plus facile avec ce puissant climatiseur de fen\u00eatre de 15 000 BTU. Ce mod\u00e8le est con\u00e7u pour refroidir efficacement un espace allant jusqu&#039;\u00e0 environ 700 pieds carr\u00e9s gr\u00e2ce \u00e0 son syst\u00e8me silencieux de direction de l&#039;air \u00e0 quatre voies. Vos factures d&#039;\u00e9nergie diminueront en m\u00eame temps que la temp\u00e9rature, car cet appareil est conforme \u00e0 la norme Energy Star. La couche d&#039;ozone a \u00e9t\u00e9 prise en consid\u00e9ration et c&#039;est pourquoi cet appareil fonctionne avec du r\u00e9frig\u00e9rant R410A respectueux de l&#039;environnement. Des co\u00fbts \u00e9nerg\u00e9tiques suppl\u00e9mentaires peuvent \u00eatre \u00e9conomis\u00e9s en utilisant l&#039;interrupteur d&#039;\u00e9conomie d&#039;\u00e9nergie contemporain qui peut mettre en marche et arr\u00eater le ventilateur lorsque le compresseur s&#039;est arr\u00eat\u00e9. La t\u00e9l\u00e9commande int\u00e9gr\u00e9e et les commandes \u00e9lectroniques avec affichage LED vous permettent de r\u00e9gler la temp\u00e9rature rapidement et facilement entre 17\u00b0C et 30\u00b0C (62,6\u00b0F - 86\u00b0F). Vous pourrez \u00e9galement dormir confortablement car la fonction avanc\u00e9e du mode sommeil veille \u00e0 ce que la pi\u00e8ce ne devienne pas trop fra\u00eeche pendant la nuit. Pour allumer et \u00e9teindre le climatiseur \u00e0 l&#039;heure de votre choix, il vous suffit de programmer la fonction marche\/arr\u00eat automatique. Le climatiseur offre \u00e9galement une garantie de 12 mois sur les pi\u00e8ces et la main-d&#039;\u0153uvre avec un service \u00e0 domicile.\" \/>\n<meta property=\"og:url\" content=\"https:\/\/www.danby.com\/fr\/products\/climatiseurs-de-fenetre\/dac150bbcwdb\/\" \/>\n<meta property=\"og:site_name\" content=\"Danby - Canada - French\" \/>\n<meta property=\"article:publisher\" content=\"https:\/\/www.facebook.com\/DanbyAppliances\" \/>\n<meta property=\"article:modified_time\" content=\"2026-04-19T10:06:33+00:00\" \/>\n<meta property=\"og:image\" content=\"https:\/\/cdnweb.danby.com\/wp-content\/uploads\/sites\/2\/2022\/02\/08205226\/DAC150BBCWDB_Right.jpg\" \/>\n\t<meta property=\"og:image:width\" content=\"2222\" \/>\n\t<meta property=\"og:image:height\" content=\"1500\" \/>\n\t<meta property=\"og:image:type\" content=\"image\/jpeg\" \/>\n<meta name=\"twitter:card\" content=\"summary_large_image\" \/>\n<meta name=\"twitter:site\" content=\"@DanbyAppliance\" \/>\n<script type=\"application\/ld+json\" class=\"yoast-schema-graph\">{\"@context\":\"https:\/\/schema.org\",\"@graph\":[{\"@type\":[\"WebPage\",\"ItemPage\"],\"url\":\"https:\/\/www.danby.com\/fr\/products\/climatiseurs-de-fenetre\/dac150bbcwdb\/\",\"name\":\"Climatiseur de fen\u00eatre Danby 15 000 BTU - DAC150BBCWDB | Danby Canada\",\"isPartOf\":[],\"primaryImageOfPage\":[],\"image\":[],\"thumbnailUrl\":\"https:\/\/cdnweb.danby.com\/wp-content\/uploads\/sites\/2\/2022\/02\/08205226\/DAC150BBCWDB_Right.jpg\",\"datePublished\":\"2022-02-03T19:12:19+00:00\",\"dateModified\":\"2026-04-19T10:06:33+00:00\",\"description\":\"Il est parfois difficile de rester au frais et confortable lorsque le mercure grimpe, mais c'est beaucoup plus facile avec ce puissant climatiseur de fen\u00eatre de 15 000 BTU. Ce mod\u00e8le est con\u00e7u pour refroidir efficacement un espace allant jusqu'\u00e0 environ 700 pieds carr\u00e9s gr\u00e2ce \u00e0 son syst\u00e8me silencieux de direction de l'air \u00e0 quatre voies. Vos factures d'\u00e9nergie diminueront en m\u00eame temps que la temp\u00e9rature, car cet appareil est conforme \u00e0 la norme Energy Star. La couche d'ozone a \u00e9t\u00e9 prise en consid\u00e9ration et c'est pourquoi cet appareil fonctionne avec du r\u00e9frig\u00e9rant R410A respectueux de l'environnement. Des co\u00fbts \u00e9nerg\u00e9tiques suppl\u00e9mentaires peuvent \u00eatre \u00e9conomis\u00e9s en utilisant l'interrupteur d'\u00e9conomie d'\u00e9nergie contemporain qui peut mettre en marche et arr\u00eater le ventilateur lorsque le compresseur s'est arr\u00eat\u00e9. La t\u00e9l\u00e9commande int\u00e9gr\u00e9e et les commandes \u00e9lectroniques avec affichage LED vous permettent de r\u00e9gler la temp\u00e9rature rapidement et facilement entre 17\u00b0C et 30\u00b0C (62,6\u00b0F - 86\u00b0F). Vous pourrez \u00e9galement dormir confortablement car la fonction avanc\u00e9e du mode sommeil veille \u00e0 ce que la pi\u00e8ce ne devienne pas trop fra\u00eeche pendant la nuit. Pour allumer et \u00e9teindre le climatiseur \u00e0 l'heure de votre choix, il vous suffit de programmer la fonction marche\/arr\u00eat automatique. Le climatiseur offre \u00e9galement une garantie de 12 mois sur les pi\u00e8ces et la main-d'\u0153uvre avec un service \u00e0 domicile.\",\"breadcrumb\":[],\"inLanguage\":\"fr-CA\",\"potentialAction\":[{\"@type\":\"ReadAction\",\"target\":[\"https:\/\/www.danby.com\/fr\/products\/climatiseurs-de-fenetre\/dac150bbcwdb\/\"]}]},{\"@type\":\"ImageObject\",\"inLanguage\":\"fr-CA\",\"url\":\"https:\/\/cdnweb.danby.com\/wp-content\/uploads\/sites\/2\/2022\/02\/08205226\/DAC150BBCWDB_Right.jpg\",\"contentUrl\":\"https:\/\/cdnweb.danby.com\/wp-content\/uploads\/sites\/2\/2022\/02\/08205226\/DAC150BBCWDB_Right.jpg\",\"width\":2222,\"height\":1500},{\"@type\":\"BreadcrumbList\",\"itemListElement\":[{\"@type\":\"ListItem\",\"position\":1,\"name\":\"Home\",\"item\":\"https:\/\/www.danby.com\/fr\/\"},{\"@type\":\"ListItem\",\"position\":2,\"name\":\"Boutique\",\"item\":\"https:\/\/www.danby.com\/fr\/boutique\/\"},{\"@type\":\"ListItem\",\"position\":3,\"name\":\"Climatiseur de fen\u00eatre Danby 15 000 BTU\"}]},{\"@type\":\"WebSite\",\"url\":\"https:\/\/www.danby.com\/fr\/\",\"name\":\"Danby - Canada - French\",\"description\":\"Leader dans le domaine de la r\u00e9frig\u00e9ration et des appareils sp\u00e9cialis\u00e9s\",\"publisher\":[],\"potentialAction\":[{\"@type\":\"SearchAction\",\"target\":{\"@type\":\"EntryPoint\",\"urlTemplate\":\"https:\/\/www.danby.com\/fr\/?s={search_term_string}\"},\"query-input\":{\"@type\":\"PropertyValueSpecification\",\"valueRequired\":true,\"valueName\":\"search_term_string\"}}],\"inLanguage\":\"fr-CA\"},{\"@type\":\"Organization\",\"name\":\"Danby Appliances\",\"url\":\"https:\/\/www.danby.com\/fr\/\",\"logo\":{\"@type\":\"ImageObject\",\"inLanguage\":\"fr-CA\",\"url\":\"https:\/\/cdnweb.danby.com\/wp-content\/uploads\/sites\/2\/2022\/02\/10141906\/Danby75Ans_Blue.png\",\"contentUrl\":\"https:\/\/cdnweb.danby.com\/wp-content\/uploads\/sites\/2\/2022\/02\/10141906\/Danby75Ans_Blue.png\",\"width\":470,\"height\":110,\"caption\":\"Danby Appliances\"},\"image\":[],\"sameAs\":[\"https:\/\/www.facebook.com\/DanbyAppliances\",\"https:\/\/x.com\/DanbyAppliance\",\"https:\/\/instagram.com\/danbyappliances\/\",\"https:\/\/www.linkedin.com\/company\/danbyappliances\",\"https:\/\/www.pinterest.ca\/danbyappliances\/\",\"https:\/\/www.youtube.com\/user\/DanbyProducts\",\"https:\/\/en.wikipedia.org\/wiki\/Danby_(appliances)\"]}]}<\/script>\n<!-- \/ Yoast SEO plugin. -->","yoast_head_json":{"title":"Climatiseur de fen\u00eatre Danby 15 000 BTU - DAC150BBCWDB | Danby Canada","description":"Il est parfois difficile de rester au frais et confortable lorsque le mercure grimpe, mais c'est beaucoup plus facile avec ce puissant climatiseur de fen\u00eatre de 15 000 BTU. Ce mod\u00e8le est con\u00e7u pour refroidir efficacement un espace allant jusqu'\u00e0 environ 700 pieds carr\u00e9s gr\u00e2ce \u00e0 son syst\u00e8me silencieux de direction de l'air \u00e0 quatre voies. Vos factures d'\u00e9nergie diminueront en m\u00eame temps que la temp\u00e9rature, car cet appareil est conforme \u00e0 la norme Energy Star. La couche d'ozone a \u00e9t\u00e9 prise en consid\u00e9ration et c'est pourquoi cet appareil fonctionne avec du r\u00e9frig\u00e9rant R410A respectueux de l'environnement. Des co\u00fbts \u00e9nerg\u00e9tiques suppl\u00e9mentaires peuvent \u00eatre \u00e9conomis\u00e9s en utilisant l'interrupteur d'\u00e9conomie d'\u00e9nergie contemporain qui peut mettre en marche et arr\u00eater le ventilateur lorsque le compresseur s'est arr\u00eat\u00e9. La t\u00e9l\u00e9commande int\u00e9gr\u00e9e et les commandes \u00e9lectroniques avec affichage LED vous permettent de r\u00e9gler la temp\u00e9rature rapidement et facilement entre 17\u00b0C et 30\u00b0C (62,6\u00b0F - 86\u00b0F). Vous pourrez \u00e9galement dormir confortablement car la fonction avanc\u00e9e du mode sommeil veille \u00e0 ce que la pi\u00e8ce ne devienne pas trop fra\u00eeche pendant la nuit. Pour allumer et \u00e9teindre le climatiseur \u00e0 l'heure de votre choix, il vous suffit de programmer la fonction marche\/arr\u00eat automatique. Le climatiseur offre \u00e9galement une garantie de 12 mois sur les pi\u00e8ces et la main-d'\u0153uvre avec un service \u00e0 domicile.","robots":{"index":"index","follow":"follow","max-snippet":"max-snippet:-1","max-image-preview":"max-image-preview:large","max-video-preview":"max-video-preview:-1"},"canonical":"https:\/\/www.danby.com\/fr\/products\/climatiseurs-de-fenetre\/dac150bbcwdb\/","og_locale":"fr_CA","og_type":"article","og_title":"Climatiseur de fen\u00eatre Danby 15 000 BTU - DAC150BBCWDB | Danby Canada","og_description":"Il est parfois difficile de rester au frais et confortable lorsque le mercure grimpe, mais c'est beaucoup plus facile avec ce puissant climatiseur de fen\u00eatre de 15 000 BTU. Ce mod\u00e8le est con\u00e7u pour refroidir efficacement un espace allant jusqu'\u00e0 environ 700 pieds carr\u00e9s gr\u00e2ce \u00e0 son syst\u00e8me silencieux de direction de l'air \u00e0 quatre voies. Vos factures d'\u00e9nergie diminueront en m\u00eame temps que la temp\u00e9rature, car cet appareil est conforme \u00e0 la norme Energy Star. La couche d'ozone a \u00e9t\u00e9 prise en consid\u00e9ration et c'est pourquoi cet appareil fonctionne avec du r\u00e9frig\u00e9rant R410A respectueux de l'environnement. Des co\u00fbts \u00e9nerg\u00e9tiques suppl\u00e9mentaires peuvent \u00eatre \u00e9conomis\u00e9s en utilisant l'interrupteur d'\u00e9conomie d'\u00e9nergie contemporain qui peut mettre en marche et arr\u00eater le ventilateur lorsque le compresseur s'est arr\u00eat\u00e9. La t\u00e9l\u00e9commande int\u00e9gr\u00e9e et les commandes \u00e9lectroniques avec affichage LED vous permettent de r\u00e9gler la temp\u00e9rature rapidement et facilement entre 17\u00b0C et 30\u00b0C (62,6\u00b0F - 86\u00b0F). Vous pourrez \u00e9galement dormir confortablement car la fonction avanc\u00e9e du mode sommeil veille \u00e0 ce que la pi\u00e8ce ne devienne pas trop fra\u00eeche pendant la nuit. Pour allumer et \u00e9teindre le climatiseur \u00e0 l'heure de votre choix, il vous suffit de programmer la fonction marche\/arr\u00eat automatique. Le climatiseur offre \u00e9galement une garantie de 12 mois sur les pi\u00e8ces et la main-d'\u0153uvre avec un service \u00e0 domicile.","og_url":"https:\/\/www.danby.com\/fr\/products\/climatiseurs-de-fenetre\/dac150bbcwdb\/","og_site_name":"Danby - Canada - French","article_publisher":"https:\/\/www.facebook.com\/DanbyAppliances","article_modified_time":"2026-04-19T10:06:33+00:00","og_image":[{"width":2222,"height":1500,"url":"https:\/\/cdnweb.danby.com\/wp-content\/uploads\/sites\/2\/2022\/02\/08205226\/DAC150BBCWDB_Right.jpg","type":"image\/jpeg"}],"twitter_card":"summary_large_image","twitter_site":"@DanbyAppliance","schema":{"@context":"https:\/\/schema.org","@graph":[{"@type":["WebPage","ItemPage"],"url":"https:\/\/www.danby.com\/fr\/products\/climatiseurs-de-fenetre\/dac150bbcwdb\/","name":"Climatiseur de fen\u00eatre Danby 15 000 BTU - DAC150BBCWDB | Danby Canada","isPartOf":[],"primaryImageOfPage":[],"image":[],"thumbnailUrl":"https:\/\/cdnweb.danby.com\/wp-content\/uploads\/sites\/2\/2022\/02\/08205226\/DAC150BBCWDB_Right.jpg","datePublished":"2022-02-03T19:12:19+00:00","dateModified":"2026-04-19T10:06:33+00:00","description":"Il est parfois difficile de rester au frais et confortable lorsque le mercure grimpe, mais c'est beaucoup plus facile avec ce puissant climatiseur de fen\u00eatre de 15 000 BTU. Ce mod\u00e8le est con\u00e7u pour refroidir efficacement un espace allant jusqu'\u00e0 environ 700 pieds carr\u00e9s gr\u00e2ce \u00e0 son syst\u00e8me silencieux de direction de l'air \u00e0 quatre voies. Vos factures d'\u00e9nergie diminueront en m\u00eame temps que la temp\u00e9rature, car cet appareil est conforme \u00e0 la norme Energy Star. La couche d'ozone a \u00e9t\u00e9 prise en consid\u00e9ration et c'est pourquoi cet appareil fonctionne avec du r\u00e9frig\u00e9rant R410A respectueux de l'environnement. Des co\u00fbts \u00e9nerg\u00e9tiques suppl\u00e9mentaires peuvent \u00eatre \u00e9conomis\u00e9s en utilisant l'interrupteur d'\u00e9conomie d'\u00e9nergie contemporain qui peut mettre en marche et arr\u00eater le ventilateur lorsque le compresseur s'est arr\u00eat\u00e9. La t\u00e9l\u00e9commande int\u00e9gr\u00e9e et les commandes \u00e9lectroniques avec affichage LED vous permettent de r\u00e9gler la temp\u00e9rature rapidement et facilement entre 17\u00b0C et 30\u00b0C (62,6\u00b0F - 86\u00b0F). Vous pourrez \u00e9galement dormir confortablement car la fonction avanc\u00e9e du mode sommeil veille \u00e0 ce que la pi\u00e8ce ne devienne pas trop fra\u00eeche pendant la nuit. Pour allumer et \u00e9teindre le climatiseur \u00e0 l'heure de votre choix, il vous suffit de programmer la fonction marche\/arr\u00eat automatique. Le climatiseur offre \u00e9galement une garantie de 12 mois sur les pi\u00e8ces et la main-d'\u0153uvre avec un service \u00e0 domicile.","breadcrumb":[],"inLanguage":"fr-CA","potentialAction":[{"@type":"ReadAction","target":["https:\/\/www.danby.com\/fr\/products\/climatiseurs-de-fenetre\/dac150bbcwdb\/"]}]},{"@type":"ImageObject","inLanguage":"fr-CA","url":"https:\/\/cdnweb.danby.com\/wp-content\/uploads\/sites\/2\/2022\/02\/08205226\/DAC150BBCWDB_Right.jpg","contentUrl":"https:\/\/cdnweb.danby.com\/wp-content\/uploads\/sites\/2\/2022\/02\/08205226\/DAC150BBCWDB_Right.jpg","width":2222,"height":1500},{"@type":"BreadcrumbList","itemListElement":[{"@type":"ListItem","position":1,"name":"Home","item":"https:\/\/www.danby.com\/fr\/"},{"@type":"ListItem","position":2,"name":"Boutique","item":"https:\/\/www.danby.com\/fr\/boutique\/"},{"@type":"ListItem","position":3,"name":"Climatiseur de fen\u00eatre Danby 15 000 BTU"}]},{"@type":"WebSite","url":"https:\/\/www.danby.com\/fr\/","name":"Danby - Canada - French","description":"Leader dans le domaine de la r\u00e9frig\u00e9ration et des appareils sp\u00e9cialis\u00e9s","publisher":[],"potentialAction":[{"@type":"SearchAction","target":{"@type":"EntryPoint","urlTemplate":"https:\/\/www.danby.com\/fr\/?s={search_term_string}"},"query-input":{"@type":"PropertyValueSpecification","valueRequired":true,"valueName":"search_term_string"}}],"inLanguage":"fr-CA"},{"@type":"Organization","name":"Danby Appliances","url":"https:\/\/www.danby.com\/fr\/","logo":{"@type":"ImageObject","inLanguage":"fr-CA","url":"https:\/\/cdnweb.danby.com\/wp-content\/uploads\/sites\/2\/2022\/02\/10141906\/Danby75Ans_Blue.png","contentUrl":"https:\/\/cdnweb.danby.com\/wp-content\/uploads\/sites\/2\/2022\/02\/10141906\/Danby75Ans_Blue.png","width":470,"height":110,"caption":"Danby Appliances"},"image":[],"sameAs":["https:\/\/www.facebook.com\/DanbyAppliances","https:\/\/x.com\/DanbyAppliance","https:\/\/instagram.com\/danbyappliances\/","https:\/\/www.linkedin.com\/company\/danbyappliances","https:\/\/www.pinterest.ca\/danbyappliances\/","https:\/\/www.youtube.com\/user\/DanbyProducts","https:\/\/en.wikipedia.org\/wiki\/Danby_(appliances)"]}]}},"post_mailing_queue_ids":[],"_links":{"self":[{"href":"https:\/\/www.danby.com\/fr\/wp-json\/wp\/v2\/product\/4543","targetHints":{"allow":["GET"]}}],"collection":[{"href":"https:\/\/www.danby.com\/fr\/wp-json\/wp\/v2\/product"}],"about":[{"href":"https:\/\/www.danby.com\/fr\/wp-json\/wp\/v2\/types\/product"}],"replies":[{"embeddable":true,"href":"https:\/\/www.danby.com\/fr\/wp-json\/wp\/v2\/comments?post=4543"}],"wp:featuredmedia":[{"embeddable":true,"href":"https:\/\/www.danby.com\/fr\/wp-json\/wp\/v2\/media\/8523"}],"wp:attachment":[{"href":"https:\/\/www.danby.com\/fr\/wp-json\/wp\/v2\/media?parent=4543"}],"wp:term":[{"taxonomy":"product_brand","embeddable":true,"href":"https:\/\/www.danby.com\/fr\/wp-json\/wp\/v2\/product_brand?post=4543"},{"taxonomy":"product_cat","embeddable":true,"href":"https:\/\/www.danby.com\/fr\/wp-json\/wp\/v2\/product_cat?post=4543"},{"taxonomy":"product_tag","embeddable":true,"href":"https:\/\/www.danby.com\/fr\/wp-json\/wp\/v2\/product_tag?post=4543"}],"curies":[{"name":"wp","href":"https:\/\/api.w.org\/{rel}","templated":true}]}}