{"id":4542,"date":"2022-02-03T19:12:19","date_gmt":"2022-02-03T19:12:19","guid":{"rendered":"https:\/\/www.danby.com\/fr\/product\/dac15009ee\/"},"modified":"2026-04-21T10:10:00","modified_gmt":"2026-04-21T10:10:00","slug":"dac15009ee","status":"publish","type":"product","link":"https:\/\/www.danby.com\/fr\/products\/climatiseurs-de-fenetre\/dac15009ee\/","title":{"rendered":"Climatiseur de fen\u00eatre Premiere 15 000 BTU"},"content":{"rendered":"","protected":false},"excerpt":{"rendered":"<ul>\n<li>Le climatiseur de 15 000 BTU refroidit environ 700 pi2<\/li>\n<li>Cote d&#8217;efficacit\u00e9 \u00e9nerg\u00e9tique (EER) de 10.7<\/li>\n<li>Compatible avec Energy Star\u00ae<\/li>\n<li>R410A-R\u00e9frig\u00e9rant n&#8217;appauvrissant pas la couche d&#8217;ozone<\/li>\n<li>Commande \u00e9lectronique variable de la temp\u00e9rature 17\u00b0C &#8211; 30\u00b0C (62,6\u00b0F &#8211; 86\u00b0F)<\/li>\n<li>Direction de l&#8217;air dans 4 directions<\/li>\n<li>Un ventilateur \u00e0 3 vitesses fait circuler l&#8217;air<\/li>\n<li>Interrupteur d&#8217;\u00e9conomie d&#8217;\u00e9nergie : Active et d\u00e9sactive le ventilateur apr\u00e8s l&#8217;arr\u00eat du compresseur<\/li>\n<li>Mode sommeil : Emp\u00eache la pi\u00e8ce de devenir trop froide la nuit<\/li>\n<li>Mise en marche\/arr\u00eat automatique : Faites en sorte que l&#8217;appareil d\u00e9marre ou s&#8217;arr\u00eate en fonction de votre emploi du temps<\/li>\n<li>Fonctionnement silencieux (60 d\u00e9cibels)<\/li>\n<li>Le kit d&#8217;installation de fen\u00eatre extensible s&#8217;adapte aux fen\u00eatres de 26 6\/16&#8243; \u00e0 40 8\/16&#8243; de large<\/li>\n<li>Hauteur minimale de fen\u00eatre requise 18 8\/16&#8243; (47 cm)<\/li>\n<\/ul>\n","protected":false},"featured_media":7180,"comment_status":"closed","ping_status":"open","template":"","meta":{"_acf_changed":false},"product_brand":[],"product_cat":[40],"product_tag":[],"class_list":{"0":"post-4542","1":"product","2":"type-product","3":"status-publish","4":"has-post-thumbnail","6":"product_cat-climatiseurs-de-fenetre","8":"first","9":"outofstock","10":"taxable","11":"shipping-taxable","12":"product-type-simple"},"acf":[],"yoast_head":"<!-- This site is optimized with the Yoast SEO plugin v26.7 - https:\/\/yoast.com\/wordpress\/plugins\/seo\/ -->\n<title>Climatiseur de fen\u00eatre Premiere 15 000 BTU - DAC15009EE | Danby Canada<\/title>\n<meta name=\"description\" content=\"Ce climatiseur de premier ordre peut produire 15 000 BTU de puissance de refroidissement puissante pour s&#039;assurer que la chaleur \u00e9touffante de l&#039;\u00e9t\u00e9 n&#039;envahira jamais votre espace. L&#039;unit\u00e9 a \u00e9t\u00e9 con\u00e7ue de mani\u00e8re experte pour refroidir n&#039;importe quelle pi\u00e8ce, appartement, condo ou bureau jusqu&#039;\u00e0 environ 700 pieds carr\u00e9s d&#039;espace. Il ne fera pas grimper vos factures d&#039;\u00e9nergie car il est conforme \u00e0 la norme Energy Star et pr\u00e9sente un taux d&#039;efficacit\u00e9 \u00e9nerg\u00e9tique (EER) de 10,7. Le r\u00e9frig\u00e9rant R410A n&#039;appauvrit pas la couche d&#039;ozone et le mod\u00e8le fonctionne silencieusement avec seulement 60 d\u00e9cibels. Ce climatiseur classique est dot\u00e9 d&#039;une direction d&#039;air \u00e0 quatre voies et d&#039;un ventilateur \u00e0 trois vitesses pour faire circuler l&#039;air frais. Il est dot\u00e9 de commandes \u00e9lectroniques simples et variables qui vous permettent de r\u00e9gler la temp\u00e9rature entre 17 \u00b0C et 30 \u00b0C (62,6 \u00b0F et 86 \u00b0F). Le ventilateur peut \u00e9galement s&#039;allumer et s&#039;\u00e9teindre lorsque le compresseur s&#039;arr\u00eate gr\u00e2ce \u00e0 l&#039;interrupteur intelligent d&#039;\u00e9conomie d&#039;\u00e9nergie. L&#039;astucieuse fonction de mise en veille garantit que la pi\u00e8ce ne sera pas trop fra\u00eeche la nuit et la fonction pratique de marche\/arr\u00eat automatique vous permet de programmer les heures de d\u00e9marrage et d&#039;arr\u00eat de l&#039;appareil en fonction de votre emploi du temps. Ce mod\u00e8le populaire b\u00e9n\u00e9ficie \u00e9galement d&#039;une garantie de 24 mois sur les pi\u00e8ces et la main-d&#039;\u0153uvre avec un service \u00e0 domicile.\" \/>\n<meta name=\"robots\" content=\"index, follow, max-snippet:-1, max-image-preview:large, max-video-preview:-1\" \/>\n<link rel=\"canonical\" href=\"https:\/\/www.danby.com\/fr\/products\/climatiseurs-de-fenetre\/dac15009ee\/\" \/>\n<meta property=\"og:locale\" content=\"fr_CA\" \/>\n<meta property=\"og:type\" content=\"article\" \/>\n<meta property=\"og:title\" content=\"Climatiseur de fen\u00eatre Premiere 15 000 BTU - DAC15009EE | Danby Canada\" \/>\n<meta property=\"og:description\" content=\"Ce climatiseur de premier ordre peut produire 15 000 BTU de puissance de refroidissement puissante pour s&#039;assurer que la chaleur \u00e9touffante de l&#039;\u00e9t\u00e9 n&#039;envahira jamais votre espace. L&#039;unit\u00e9 a \u00e9t\u00e9 con\u00e7ue de mani\u00e8re experte pour refroidir n&#039;importe quelle pi\u00e8ce, appartement, condo ou bureau jusqu&#039;\u00e0 environ 700 pieds carr\u00e9s d&#039;espace. Il ne fera pas grimper vos factures d&#039;\u00e9nergie car il est conforme \u00e0 la norme Energy Star et pr\u00e9sente un taux d&#039;efficacit\u00e9 \u00e9nerg\u00e9tique (EER) de 10,7. Le r\u00e9frig\u00e9rant R410A n&#039;appauvrit pas la couche d&#039;ozone et le mod\u00e8le fonctionne silencieusement avec seulement 60 d\u00e9cibels. Ce climatiseur classique est dot\u00e9 d&#039;une direction d&#039;air \u00e0 quatre voies et d&#039;un ventilateur \u00e0 trois vitesses pour faire circuler l&#039;air frais. Il est dot\u00e9 de commandes \u00e9lectroniques simples et variables qui vous permettent de r\u00e9gler la temp\u00e9rature entre 17 \u00b0C et 30 \u00b0C (62,6 \u00b0F et 86 \u00b0F). Le ventilateur peut \u00e9galement s&#039;allumer et s&#039;\u00e9teindre lorsque le compresseur s&#039;arr\u00eate gr\u00e2ce \u00e0 l&#039;interrupteur intelligent d&#039;\u00e9conomie d&#039;\u00e9nergie. L&#039;astucieuse fonction de mise en veille garantit que la pi\u00e8ce ne sera pas trop fra\u00eeche la nuit et la fonction pratique de marche\/arr\u00eat automatique vous permet de programmer les heures de d\u00e9marrage et d&#039;arr\u00eat de l&#039;appareil en fonction de votre emploi du temps. Ce mod\u00e8le populaire b\u00e9n\u00e9ficie \u00e9galement d&#039;une garantie de 24 mois sur les pi\u00e8ces et la main-d&#039;\u0153uvre avec un service \u00e0 domicile.\" \/>\n<meta property=\"og:url\" content=\"https:\/\/www.danby.com\/fr\/products\/climatiseurs-de-fenetre\/dac15009ee\/\" \/>\n<meta property=\"og:site_name\" content=\"Danby - Canada - French\" \/>\n<meta property=\"article:publisher\" content=\"https:\/\/www.facebook.com\/DanbyAppliances\" \/>\n<meta property=\"article:modified_time\" content=\"2026-04-21T10:10:00+00:00\" \/>\n<meta property=\"og:image\" content=\"https:\/\/cdnweb.danby.com\/wp-content\/uploads\/sites\/2\/2022\/02\/08192049\/proMed-dac15009ee.jpg\" \/>\n\t<meta property=\"og:image:width\" content=\"300\" \/>\n\t<meta property=\"og:image:height\" content=\"272\" \/>\n\t<meta property=\"og:image:type\" content=\"image\/jpeg\" \/>\n<meta name=\"twitter:card\" content=\"summary_large_image\" \/>\n<meta name=\"twitter:site\" content=\"@DanbyAppliance\" \/>\n<script type=\"application\/ld+json\" class=\"yoast-schema-graph\">{\"@context\":\"https:\/\/schema.org\",\"@graph\":[{\"@type\":[\"WebPage\",\"ItemPage\"],\"url\":\"https:\/\/www.danby.com\/fr\/products\/climatiseurs-de-fenetre\/dac15009ee\/\",\"name\":\"Climatiseur de fen\u00eatre Premiere 15 000 BTU - DAC15009EE | Danby Canada\",\"isPartOf\":[],\"primaryImageOfPage\":[],\"image\":[],\"thumbnailUrl\":\"https:\/\/cdnweb.danby.com\/wp-content\/uploads\/sites\/2\/2022\/02\/08192049\/proMed-dac15009ee.jpg\",\"datePublished\":\"2022-02-03T19:12:19+00:00\",\"dateModified\":\"2026-04-21T10:10:00+00:00\",\"description\":\"Ce climatiseur de premier ordre peut produire 15 000 BTU de puissance de refroidissement puissante pour s'assurer que la chaleur \u00e9touffante de l'\u00e9t\u00e9 n'envahira jamais votre espace. L'unit\u00e9 a \u00e9t\u00e9 con\u00e7ue de mani\u00e8re experte pour refroidir n'importe quelle pi\u00e8ce, appartement, condo ou bureau jusqu'\u00e0 environ 700 pieds carr\u00e9s d'espace. Il ne fera pas grimper vos factures d'\u00e9nergie car il est conforme \u00e0 la norme Energy Star et pr\u00e9sente un taux d'efficacit\u00e9 \u00e9nerg\u00e9tique (EER) de 10,7. Le r\u00e9frig\u00e9rant R410A n'appauvrit pas la couche d'ozone et le mod\u00e8le fonctionne silencieusement avec seulement 60 d\u00e9cibels. Ce climatiseur classique est dot\u00e9 d'une direction d'air \u00e0 quatre voies et d'un ventilateur \u00e0 trois vitesses pour faire circuler l'air frais. Il est dot\u00e9 de commandes \u00e9lectroniques simples et variables qui vous permettent de r\u00e9gler la temp\u00e9rature entre 17 \u00b0C et 30 \u00b0C (62,6 \u00b0F et 86 \u00b0F). Le ventilateur peut \u00e9galement s'allumer et s'\u00e9teindre lorsque le compresseur s'arr\u00eate gr\u00e2ce \u00e0 l'interrupteur intelligent d'\u00e9conomie d'\u00e9nergie. L'astucieuse fonction de mise en veille garantit que la pi\u00e8ce ne sera pas trop fra\u00eeche la nuit et la fonction pratique de marche\/arr\u00eat automatique vous permet de programmer les heures de d\u00e9marrage et d'arr\u00eat de l'appareil en fonction de votre emploi du temps. Ce mod\u00e8le populaire b\u00e9n\u00e9ficie \u00e9galement d'une garantie de 24 mois sur les pi\u00e8ces et la main-d'\u0153uvre avec un service \u00e0 domicile.\",\"breadcrumb\":[],\"inLanguage\":\"fr-CA\",\"potentialAction\":[{\"@type\":\"ReadAction\",\"target\":[\"https:\/\/www.danby.com\/fr\/products\/climatiseurs-de-fenetre\/dac15009ee\/\"]}]},{\"@type\":\"ImageObject\",\"inLanguage\":\"fr-CA\",\"url\":\"https:\/\/cdnweb.danby.com\/wp-content\/uploads\/sites\/2\/2022\/02\/08192049\/proMed-dac15009ee.jpg\",\"contentUrl\":\"https:\/\/cdnweb.danby.com\/wp-content\/uploads\/sites\/2\/2022\/02\/08192049\/proMed-dac15009ee.jpg\",\"width\":300,\"height\":272},{\"@type\":\"BreadcrumbList\",\"itemListElement\":[{\"@type\":\"ListItem\",\"position\":1,\"name\":\"Home\",\"item\":\"https:\/\/www.danby.com\/fr\/\"},{\"@type\":\"ListItem\",\"position\":2,\"name\":\"Boutique\",\"item\":\"https:\/\/www.danby.com\/fr\/boutique\/\"},{\"@type\":\"ListItem\",\"position\":3,\"name\":\"Climatiseur de fen\u00eatre Premiere 15 000 BTU\"}]},{\"@type\":\"WebSite\",\"url\":\"https:\/\/www.danby.com\/fr\/\",\"name\":\"Danby - Canada - French\",\"description\":\"Leader dans le domaine de la r\u00e9frig\u00e9ration et des appareils sp\u00e9cialis\u00e9s\",\"publisher\":[],\"potentialAction\":[{\"@type\":\"SearchAction\",\"target\":{\"@type\":\"EntryPoint\",\"urlTemplate\":\"https:\/\/www.danby.com\/fr\/?s={search_term_string}\"},\"query-input\":{\"@type\":\"PropertyValueSpecification\",\"valueRequired\":true,\"valueName\":\"search_term_string\"}}],\"inLanguage\":\"fr-CA\"},{\"@type\":\"Organization\",\"name\":\"Danby Appliances\",\"url\":\"https:\/\/www.danby.com\/fr\/\",\"logo\":{\"@type\":\"ImageObject\",\"inLanguage\":\"fr-CA\",\"url\":\"https:\/\/cdnweb.danby.com\/wp-content\/uploads\/sites\/2\/2022\/02\/10141906\/Danby75Ans_Blue.png\",\"contentUrl\":\"https:\/\/cdnweb.danby.com\/wp-content\/uploads\/sites\/2\/2022\/02\/10141906\/Danby75Ans_Blue.png\",\"width\":470,\"height\":110,\"caption\":\"Danby Appliances\"},\"image\":[],\"sameAs\":[\"https:\/\/www.facebook.com\/DanbyAppliances\",\"https:\/\/x.com\/DanbyAppliance\",\"https:\/\/instagram.com\/danbyappliances\/\",\"https:\/\/www.linkedin.com\/company\/danbyappliances\",\"https:\/\/www.pinterest.ca\/danbyappliances\/\",\"https:\/\/www.youtube.com\/user\/DanbyProducts\",\"https:\/\/en.wikipedia.org\/wiki\/Danby_(appliances)\"]}]}<\/script>\n<!-- \/ Yoast SEO plugin. -->","yoast_head_json":{"title":"Climatiseur de fen\u00eatre Premiere 15 000 BTU - DAC15009EE | Danby Canada","description":"Ce climatiseur de premier ordre peut produire 15 000 BTU de puissance de refroidissement puissante pour s'assurer que la chaleur \u00e9touffante de l'\u00e9t\u00e9 n'envahira jamais votre espace. L'unit\u00e9 a \u00e9t\u00e9 con\u00e7ue de mani\u00e8re experte pour refroidir n'importe quelle pi\u00e8ce, appartement, condo ou bureau jusqu'\u00e0 environ 700 pieds carr\u00e9s d'espace. Il ne fera pas grimper vos factures d'\u00e9nergie car il est conforme \u00e0 la norme Energy Star et pr\u00e9sente un taux d'efficacit\u00e9 \u00e9nerg\u00e9tique (EER) de 10,7. Le r\u00e9frig\u00e9rant R410A n'appauvrit pas la couche d'ozone et le mod\u00e8le fonctionne silencieusement avec seulement 60 d\u00e9cibels. Ce climatiseur classique est dot\u00e9 d'une direction d'air \u00e0 quatre voies et d'un ventilateur \u00e0 trois vitesses pour faire circuler l'air frais. Il est dot\u00e9 de commandes \u00e9lectroniques simples et variables qui vous permettent de r\u00e9gler la temp\u00e9rature entre 17 \u00b0C et 30 \u00b0C (62,6 \u00b0F et 86 \u00b0F). Le ventilateur peut \u00e9galement s'allumer et s'\u00e9teindre lorsque le compresseur s'arr\u00eate gr\u00e2ce \u00e0 l'interrupteur intelligent d'\u00e9conomie d'\u00e9nergie. L'astucieuse fonction de mise en veille garantit que la pi\u00e8ce ne sera pas trop fra\u00eeche la nuit et la fonction pratique de marche\/arr\u00eat automatique vous permet de programmer les heures de d\u00e9marrage et d'arr\u00eat de l'appareil en fonction de votre emploi du temps. Ce mod\u00e8le populaire b\u00e9n\u00e9ficie \u00e9galement d'une garantie de 24 mois sur les pi\u00e8ces et la main-d'\u0153uvre avec un service \u00e0 domicile.","robots":{"index":"index","follow":"follow","max-snippet":"max-snippet:-1","max-image-preview":"max-image-preview:large","max-video-preview":"max-video-preview:-1"},"canonical":"https:\/\/www.danby.com\/fr\/products\/climatiseurs-de-fenetre\/dac15009ee\/","og_locale":"fr_CA","og_type":"article","og_title":"Climatiseur de fen\u00eatre Premiere 15 000 BTU - DAC15009EE | Danby Canada","og_description":"Ce climatiseur de premier ordre peut produire 15 000 BTU de puissance de refroidissement puissante pour s'assurer que la chaleur \u00e9touffante de l'\u00e9t\u00e9 n'envahira jamais votre espace. L'unit\u00e9 a \u00e9t\u00e9 con\u00e7ue de mani\u00e8re experte pour refroidir n'importe quelle pi\u00e8ce, appartement, condo ou bureau jusqu'\u00e0 environ 700 pieds carr\u00e9s d'espace. Il ne fera pas grimper vos factures d'\u00e9nergie car il est conforme \u00e0 la norme Energy Star et pr\u00e9sente un taux d'efficacit\u00e9 \u00e9nerg\u00e9tique (EER) de 10,7. Le r\u00e9frig\u00e9rant R410A n'appauvrit pas la couche d'ozone et le mod\u00e8le fonctionne silencieusement avec seulement 60 d\u00e9cibels. Ce climatiseur classique est dot\u00e9 d'une direction d'air \u00e0 quatre voies et d'un ventilateur \u00e0 trois vitesses pour faire circuler l'air frais. Il est dot\u00e9 de commandes \u00e9lectroniques simples et variables qui vous permettent de r\u00e9gler la temp\u00e9rature entre 17 \u00b0C et 30 \u00b0C (62,6 \u00b0F et 86 \u00b0F). Le ventilateur peut \u00e9galement s'allumer et s'\u00e9teindre lorsque le compresseur s'arr\u00eate gr\u00e2ce \u00e0 l'interrupteur intelligent d'\u00e9conomie d'\u00e9nergie. L'astucieuse fonction de mise en veille garantit que la pi\u00e8ce ne sera pas trop fra\u00eeche la nuit et la fonction pratique de marche\/arr\u00eat automatique vous permet de programmer les heures de d\u00e9marrage et d'arr\u00eat de l'appareil en fonction de votre emploi du temps. Ce mod\u00e8le populaire b\u00e9n\u00e9ficie \u00e9galement d'une garantie de 24 mois sur les pi\u00e8ces et la main-d'\u0153uvre avec un service \u00e0 domicile.","og_url":"https:\/\/www.danby.com\/fr\/products\/climatiseurs-de-fenetre\/dac15009ee\/","og_site_name":"Danby - Canada - French","article_publisher":"https:\/\/www.facebook.com\/DanbyAppliances","article_modified_time":"2026-04-21T10:10:00+00:00","og_image":[{"width":300,"height":272,"url":"https:\/\/cdnweb.danby.com\/wp-content\/uploads\/sites\/2\/2022\/02\/08192049\/proMed-dac15009ee.jpg","type":"image\/jpeg"}],"twitter_card":"summary_large_image","twitter_site":"@DanbyAppliance","schema":{"@context":"https:\/\/schema.org","@graph":[{"@type":["WebPage","ItemPage"],"url":"https:\/\/www.danby.com\/fr\/products\/climatiseurs-de-fenetre\/dac15009ee\/","name":"Climatiseur de fen\u00eatre Premiere 15 000 BTU - DAC15009EE | Danby Canada","isPartOf":[],"primaryImageOfPage":[],"image":[],"thumbnailUrl":"https:\/\/cdnweb.danby.com\/wp-content\/uploads\/sites\/2\/2022\/02\/08192049\/proMed-dac15009ee.jpg","datePublished":"2022-02-03T19:12:19+00:00","dateModified":"2026-04-21T10:10:00+00:00","description":"Ce climatiseur de premier ordre peut produire 15 000 BTU de puissance de refroidissement puissante pour s'assurer que la chaleur \u00e9touffante de l'\u00e9t\u00e9 n'envahira jamais votre espace. L'unit\u00e9 a \u00e9t\u00e9 con\u00e7ue de mani\u00e8re experte pour refroidir n'importe quelle pi\u00e8ce, appartement, condo ou bureau jusqu'\u00e0 environ 700 pieds carr\u00e9s d'espace. Il ne fera pas grimper vos factures d'\u00e9nergie car il est conforme \u00e0 la norme Energy Star et pr\u00e9sente un taux d'efficacit\u00e9 \u00e9nerg\u00e9tique (EER) de 10,7. Le r\u00e9frig\u00e9rant R410A n'appauvrit pas la couche d'ozone et le mod\u00e8le fonctionne silencieusement avec seulement 60 d\u00e9cibels. Ce climatiseur classique est dot\u00e9 d'une direction d'air \u00e0 quatre voies et d'un ventilateur \u00e0 trois vitesses pour faire circuler l'air frais. Il est dot\u00e9 de commandes \u00e9lectroniques simples et variables qui vous permettent de r\u00e9gler la temp\u00e9rature entre 17 \u00b0C et 30 \u00b0C (62,6 \u00b0F et 86 \u00b0F). Le ventilateur peut \u00e9galement s'allumer et s'\u00e9teindre lorsque le compresseur s'arr\u00eate gr\u00e2ce \u00e0 l'interrupteur intelligent d'\u00e9conomie d'\u00e9nergie. L'astucieuse fonction de mise en veille garantit que la pi\u00e8ce ne sera pas trop fra\u00eeche la nuit et la fonction pratique de marche\/arr\u00eat automatique vous permet de programmer les heures de d\u00e9marrage et d'arr\u00eat de l'appareil en fonction de votre emploi du temps. Ce mod\u00e8le populaire b\u00e9n\u00e9ficie \u00e9galement d'une garantie de 24 mois sur les pi\u00e8ces et la main-d'\u0153uvre avec un service \u00e0 domicile.","breadcrumb":[],"inLanguage":"fr-CA","potentialAction":[{"@type":"ReadAction","target":["https:\/\/www.danby.com\/fr\/products\/climatiseurs-de-fenetre\/dac15009ee\/"]}]},{"@type":"ImageObject","inLanguage":"fr-CA","url":"https:\/\/cdnweb.danby.com\/wp-content\/uploads\/sites\/2\/2022\/02\/08192049\/proMed-dac15009ee.jpg","contentUrl":"https:\/\/cdnweb.danby.com\/wp-content\/uploads\/sites\/2\/2022\/02\/08192049\/proMed-dac15009ee.jpg","width":300,"height":272},{"@type":"BreadcrumbList","itemListElement":[{"@type":"ListItem","position":1,"name":"Home","item":"https:\/\/www.danby.com\/fr\/"},{"@type":"ListItem","position":2,"name":"Boutique","item":"https:\/\/www.danby.com\/fr\/boutique\/"},{"@type":"ListItem","position":3,"name":"Climatiseur de fen\u00eatre Premiere 15 000 BTU"}]},{"@type":"WebSite","url":"https:\/\/www.danby.com\/fr\/","name":"Danby - Canada - French","description":"Leader dans le domaine de la r\u00e9frig\u00e9ration et des appareils sp\u00e9cialis\u00e9s","publisher":[],"potentialAction":[{"@type":"SearchAction","target":{"@type":"EntryPoint","urlTemplate":"https:\/\/www.danby.com\/fr\/?s={search_term_string}"},"query-input":{"@type":"PropertyValueSpecification","valueRequired":true,"valueName":"search_term_string"}}],"inLanguage":"fr-CA"},{"@type":"Organization","name":"Danby Appliances","url":"https:\/\/www.danby.com\/fr\/","logo":{"@type":"ImageObject","inLanguage":"fr-CA","url":"https:\/\/cdnweb.danby.com\/wp-content\/uploads\/sites\/2\/2022\/02\/10141906\/Danby75Ans_Blue.png","contentUrl":"https:\/\/cdnweb.danby.com\/wp-content\/uploads\/sites\/2\/2022\/02\/10141906\/Danby75Ans_Blue.png","width":470,"height":110,"caption":"Danby Appliances"},"image":[],"sameAs":["https:\/\/www.facebook.com\/DanbyAppliances","https:\/\/x.com\/DanbyAppliance","https:\/\/instagram.com\/danbyappliances\/","https:\/\/www.linkedin.com\/company\/danbyappliances","https:\/\/www.pinterest.ca\/danbyappliances\/","https:\/\/www.youtube.com\/user\/DanbyProducts","https:\/\/en.wikipedia.org\/wiki\/Danby_(appliances)"]}]}},"post_mailing_queue_ids":[],"_links":{"self":[{"href":"https:\/\/www.danby.com\/fr\/wp-json\/wp\/v2\/product\/4542","targetHints":{"allow":["GET"]}}],"collection":[{"href":"https:\/\/www.danby.com\/fr\/wp-json\/wp\/v2\/product"}],"about":[{"href":"https:\/\/www.danby.com\/fr\/wp-json\/wp\/v2\/types\/product"}],"replies":[{"embeddable":true,"href":"https:\/\/www.danby.com\/fr\/wp-json\/wp\/v2\/comments?post=4542"}],"wp:featuredmedia":[{"embeddable":true,"href":"https:\/\/www.danby.com\/fr\/wp-json\/wp\/v2\/media\/7180"}],"wp:attachment":[{"href":"https:\/\/www.danby.com\/fr\/wp-json\/wp\/v2\/media?parent=4542"}],"wp:term":[{"taxonomy":"product_brand","embeddable":true,"href":"https:\/\/www.danby.com\/fr\/wp-json\/wp\/v2\/product_brand?post=4542"},{"taxonomy":"product_cat","embeddable":true,"href":"https:\/\/www.danby.com\/fr\/wp-json\/wp\/v2\/product_cat?post=4542"},{"taxonomy":"product_tag","embeddable":true,"href":"https:\/\/www.danby.com\/fr\/wp-json\/wp\/v2\/product_tag?post=4542"}],"curies":[{"name":"wp","href":"https:\/\/api.w.org\/{rel}","templated":true}]}}