{"id":4536,"date":"2022-02-03T19:12:19","date_gmt":"2022-02-03T19:12:19","guid":{"rendered":"https:\/\/www.danby.com\/fr\/product\/dac120eb6wdb-6\/"},"modified":"2026-04-16T10:06:20","modified_gmt":"2026-04-16T10:06:20","slug":"dac120eb6wdb-6","status":"publish","type":"product","link":"https:\/\/www.danby.com\/fr\/products\/climatiseurs-de-fenetre\/dac120eb6wdb-6\/","title":{"rendered":"Danby 12,000 BTU fen\u00eatre AC en blanc"},"content":{"rendered":"","protected":false},"excerpt":{"rendered":"<ul>\n<li>Le climatiseur 12 000 BTU refroidit une pi\u00e8ce de 550 pi2 ou moins<\/li>\n<li>Commandes \u00e9lectroniques avec affichage \u00e0 DEL et t\u00e9l\u00e9commande<\/li>\n<li>Puissant ventilateur \u00e0 3 vitesses faisant circuler l\u2019air<\/li>\n<li>Circulation d\u2019air dans 4 directions<\/li>\n<li>Red\u00e9marrage automatique : L\u2019appareil red\u00e9marre automatiquement apr\u00e8s une panne de courant<\/li>\n<li>Filtre \u00e0 air r\u00e9utilisable et lavable<\/li>\n<li>Mise en veille : Permet \u00e0 la pi\u00e8ce de ne pas trop refroidir pendant que vous dormez<\/li>\n<li>Interrupteur d\u2019\u00e9conomie d\u2019\u00e9nergie : met le ventilateur en marche et l\u2019\u00e9teint pour r\u00e9duire la consommation d\u2019\u00e9nergie<\/li>\n<\/ul>\n","protected":false},"featured_media":22291,"comment_status":"closed","ping_status":"open","template":"","meta":{"_acf_changed":false},"product_brand":[],"product_cat":[40],"product_tag":[],"class_list":{"0":"post-4536","1":"product","2":"type-product","3":"status-publish","4":"has-post-thumbnail","6":"product_cat-climatiseurs-de-fenetre","7":"pa_btu-76","8":"pa_couleur-white","9":"pa_duree-de-la-garantie-en-mois-1169","11":"first","12":"outofstock","13":"taxable","14":"shipping-taxable","15":"product-type-simple"},"acf":[],"yoast_head":"<!-- This site is optimized with the Yoast SEO plugin v26.7 - https:\/\/yoast.com\/wordpress\/plugins\/seo\/ -->\n<title>Danby 12,000 BTU fen\u00eatre AC en blanc - DAC120EB6WDB-6 | Danby Canada<\/title>\n<meta name=\"description\" content=\"Cet appareil de climatisation de fen\u00eatre de 12 000 BTU de Danby est parfait pour les espaces de vie jusqu&#039;\u00e0 550 pieds carr\u00e9s. Cet appareil est \u00e9quip\u00e9 d&#039;une minuterie programmable de 24 heures, d&#039;un mode sommeil et d&#039;un interrupteur \u00e9conomiseur d&#039;\u00e9nergie pour r\u00e9duire les co\u00fbts d&#039;exploitation globaux. Pour maximiser le refroidissement, cette unit\u00e9 est dot\u00e9e d&#039;une direction d&#039;air \u00e0 4 voies, d&#039;un ventilateur \u00e0 3 vitesses et d&#039;une fonction &#039;suivez-moi&#039;, o\u00f9 la t\u00e9l\u00e9commande poss\u00e8de un thermostat int\u00e9gr\u00e9 permettant un refroidissement plus pr\u00e9cis. L&#039;affichage LED comporte des commandes \u00e9lectroniques et une t\u00e9l\u00e9commande. *Antes, cumpl\u00eda con los est\u00e1ndares de Energy Star antes del cambio de normativa del 30 de octubre de 2023.\" \/>\n<meta name=\"robots\" content=\"index, follow, max-snippet:-1, max-image-preview:large, max-video-preview:-1\" \/>\n<link rel=\"canonical\" href=\"https:\/\/www.danby.com\/fr\/products\/climatiseurs-de-fenetre\/dac120eb6wdb-6\/\" \/>\n<meta property=\"og:locale\" content=\"fr_CA\" \/>\n<meta property=\"og:type\" content=\"article\" \/>\n<meta property=\"og:title\" content=\"Danby 12,000 BTU fen\u00eatre AC en blanc - DAC120EB6WDB-6 | Danby Canada\" \/>\n<meta property=\"og:description\" content=\"Cet appareil de climatisation de fen\u00eatre de 12 000 BTU de Danby est parfait pour les espaces de vie jusqu&#039;\u00e0 550 pieds carr\u00e9s. Cet appareil est \u00e9quip\u00e9 d&#039;une minuterie programmable de 24 heures, d&#039;un mode sommeil et d&#039;un interrupteur \u00e9conomiseur d&#039;\u00e9nergie pour r\u00e9duire les co\u00fbts d&#039;exploitation globaux. Pour maximiser le refroidissement, cette unit\u00e9 est dot\u00e9e d&#039;une direction d&#039;air \u00e0 4 voies, d&#039;un ventilateur \u00e0 3 vitesses et d&#039;une fonction &#039;suivez-moi&#039;, o\u00f9 la t\u00e9l\u00e9commande poss\u00e8de un thermostat int\u00e9gr\u00e9 permettant un refroidissement plus pr\u00e9cis. L&#039;affichage LED comporte des commandes \u00e9lectroniques et une t\u00e9l\u00e9commande. *Antes, cumpl\u00eda con los est\u00e1ndares de Energy Star antes del cambio de normativa del 30 de octubre de 2023.\" \/>\n<meta property=\"og:url\" content=\"https:\/\/www.danby.com\/fr\/products\/climatiseurs-de-fenetre\/dac120eb6wdb-6\/\" \/>\n<meta property=\"og:site_name\" content=\"Danby - Canada - French\" \/>\n<meta property=\"article:publisher\" content=\"https:\/\/www.facebook.com\/DanbyAppliances\" \/>\n<meta property=\"article:modified_time\" content=\"2026-04-16T10:06:20+00:00\" \/>\n<meta property=\"og:image\" content=\"https:\/\/cdnweb.danby.com\/wp-content\/uploads\/sites\/2\/2023\/05\/02192537\/DAC080EB6WDB_front.jpg\" \/>\n\t<meta property=\"og:image:width\" content=\"1375\" \/>\n\t<meta property=\"og:image:height\" content=\"1834\" \/>\n\t<meta property=\"og:image:type\" content=\"image\/jpeg\" \/>\n<meta name=\"twitter:card\" content=\"summary_large_image\" \/>\n<meta name=\"twitter:site\" content=\"@DanbyAppliance\" \/>\n<script type=\"application\/ld+json\" class=\"yoast-schema-graph\">{\"@context\":\"https:\/\/schema.org\",\"@graph\":[{\"@type\":[\"WebPage\",\"ItemPage\"],\"url\":\"https:\/\/www.danby.com\/fr\/products\/climatiseurs-de-fenetre\/dac120eb6wdb-6\/\",\"name\":\"Danby 12,000 BTU fen\u00eatre AC en blanc - DAC120EB6WDB-6 | Danby Canada\",\"isPartOf\":[],\"primaryImageOfPage\":[],\"image\":[],\"thumbnailUrl\":\"https:\/\/cdnweb.danby.com\/wp-content\/uploads\/sites\/2\/2023\/05\/02192537\/DAC080EB6WDB_front.jpg\",\"datePublished\":\"2022-02-03T19:12:19+00:00\",\"dateModified\":\"2026-04-16T10:06:20+00:00\",\"description\":\"Cet appareil de climatisation de fen\u00eatre de 12 000 BTU de Danby est parfait pour les espaces de vie jusqu'\u00e0 550 pieds carr\u00e9s. Cet appareil est \u00e9quip\u00e9 d'une minuterie programmable de 24 heures, d'un mode sommeil et d'un interrupteur \u00e9conomiseur d'\u00e9nergie pour r\u00e9duire les co\u00fbts d'exploitation globaux. Pour maximiser le refroidissement, cette unit\u00e9 est dot\u00e9e d'une direction d'air \u00e0 4 voies, d'un ventilateur \u00e0 3 vitesses et d'une fonction 'suivez-moi', o\u00f9 la t\u00e9l\u00e9commande poss\u00e8de un thermostat int\u00e9gr\u00e9 permettant un refroidissement plus pr\u00e9cis. L'affichage LED comporte des commandes \u00e9lectroniques et une t\u00e9l\u00e9commande. *Antes, cumpl\u00eda con los est\u00e1ndares de Energy Star antes del cambio de normativa del 30 de octubre de 2023.\",\"breadcrumb\":[],\"inLanguage\":\"fr-CA\",\"potentialAction\":[{\"@type\":\"ReadAction\",\"target\":[\"https:\/\/www.danby.com\/fr\/products\/climatiseurs-de-fenetre\/dac120eb6wdb-6\/\"]}]},{\"@type\":\"ImageObject\",\"inLanguage\":\"fr-CA\",\"url\":\"https:\/\/cdnweb.danby.com\/wp-content\/uploads\/sites\/2\/2023\/05\/02192537\/DAC080EB6WDB_front.jpg\",\"contentUrl\":\"https:\/\/cdnweb.danby.com\/wp-content\/uploads\/sites\/2\/2023\/05\/02192537\/DAC080EB6WDB_front.jpg\",\"width\":1375,\"height\":1834},{\"@type\":\"BreadcrumbList\",\"itemListElement\":[{\"@type\":\"ListItem\",\"position\":1,\"name\":\"Home\",\"item\":\"https:\/\/www.danby.com\/fr\/\"},{\"@type\":\"ListItem\",\"position\":2,\"name\":\"Boutique\",\"item\":\"https:\/\/www.danby.com\/fr\/boutique\/\"},{\"@type\":\"ListItem\",\"position\":3,\"name\":\"Danby 12,000 BTU fen\u00eatre AC en blanc\"}]},{\"@type\":\"WebSite\",\"url\":\"https:\/\/www.danby.com\/fr\/\",\"name\":\"Danby - Canada - French\",\"description\":\"Leader dans le domaine de la r\u00e9frig\u00e9ration et des appareils sp\u00e9cialis\u00e9s\",\"publisher\":[],\"potentialAction\":[{\"@type\":\"SearchAction\",\"target\":{\"@type\":\"EntryPoint\",\"urlTemplate\":\"https:\/\/www.danby.com\/fr\/?s={search_term_string}\"},\"query-input\":{\"@type\":\"PropertyValueSpecification\",\"valueRequired\":true,\"valueName\":\"search_term_string\"}}],\"inLanguage\":\"fr-CA\"},{\"@type\":\"Organization\",\"name\":\"Danby Appliances\",\"url\":\"https:\/\/www.danby.com\/fr\/\",\"logo\":{\"@type\":\"ImageObject\",\"inLanguage\":\"fr-CA\",\"url\":\"https:\/\/cdnweb.danby.com\/wp-content\/uploads\/sites\/2\/2022\/02\/10141906\/Danby75Ans_Blue.png\",\"contentUrl\":\"https:\/\/cdnweb.danby.com\/wp-content\/uploads\/sites\/2\/2022\/02\/10141906\/Danby75Ans_Blue.png\",\"width\":470,\"height\":110,\"caption\":\"Danby Appliances\"},\"image\":[],\"sameAs\":[\"https:\/\/www.facebook.com\/DanbyAppliances\",\"https:\/\/x.com\/DanbyAppliance\",\"https:\/\/instagram.com\/danbyappliances\/\",\"https:\/\/www.linkedin.com\/company\/danbyappliances\",\"https:\/\/www.pinterest.ca\/danbyappliances\/\",\"https:\/\/www.youtube.com\/user\/DanbyProducts\",\"https:\/\/en.wikipedia.org\/wiki\/Danby_(appliances)\"]}]}<\/script>\n<!-- \/ Yoast SEO plugin. -->","yoast_head_json":{"title":"Danby 12,000 BTU fen\u00eatre AC en blanc - DAC120EB6WDB-6 | Danby Canada","description":"Cet appareil de climatisation de fen\u00eatre de 12 000 BTU de Danby est parfait pour les espaces de vie jusqu'\u00e0 550 pieds carr\u00e9s. Cet appareil est \u00e9quip\u00e9 d'une minuterie programmable de 24 heures, d'un mode sommeil et d'un interrupteur \u00e9conomiseur d'\u00e9nergie pour r\u00e9duire les co\u00fbts d'exploitation globaux. Pour maximiser le refroidissement, cette unit\u00e9 est dot\u00e9e d'une direction d'air \u00e0 4 voies, d'un ventilateur \u00e0 3 vitesses et d'une fonction 'suivez-moi', o\u00f9 la t\u00e9l\u00e9commande poss\u00e8de un thermostat int\u00e9gr\u00e9 permettant un refroidissement plus pr\u00e9cis. L'affichage LED comporte des commandes \u00e9lectroniques et une t\u00e9l\u00e9commande. *Antes, cumpl\u00eda con los est\u00e1ndares de Energy Star antes del cambio de normativa del 30 de octubre de 2023.","robots":{"index":"index","follow":"follow","max-snippet":"max-snippet:-1","max-image-preview":"max-image-preview:large","max-video-preview":"max-video-preview:-1"},"canonical":"https:\/\/www.danby.com\/fr\/products\/climatiseurs-de-fenetre\/dac120eb6wdb-6\/","og_locale":"fr_CA","og_type":"article","og_title":"Danby 12,000 BTU fen\u00eatre AC en blanc - DAC120EB6WDB-6 | Danby Canada","og_description":"Cet appareil de climatisation de fen\u00eatre de 12 000 BTU de Danby est parfait pour les espaces de vie jusqu'\u00e0 550 pieds carr\u00e9s. Cet appareil est \u00e9quip\u00e9 d'une minuterie programmable de 24 heures, d'un mode sommeil et d'un interrupteur \u00e9conomiseur d'\u00e9nergie pour r\u00e9duire les co\u00fbts d'exploitation globaux. Pour maximiser le refroidissement, cette unit\u00e9 est dot\u00e9e d'une direction d'air \u00e0 4 voies, d'un ventilateur \u00e0 3 vitesses et d'une fonction 'suivez-moi', o\u00f9 la t\u00e9l\u00e9commande poss\u00e8de un thermostat int\u00e9gr\u00e9 permettant un refroidissement plus pr\u00e9cis. L'affichage LED comporte des commandes \u00e9lectroniques et une t\u00e9l\u00e9commande. *Antes, cumpl\u00eda con los est\u00e1ndares de Energy Star antes del cambio de normativa del 30 de octubre de 2023.","og_url":"https:\/\/www.danby.com\/fr\/products\/climatiseurs-de-fenetre\/dac120eb6wdb-6\/","og_site_name":"Danby - Canada - French","article_publisher":"https:\/\/www.facebook.com\/DanbyAppliances","article_modified_time":"2026-04-16T10:06:20+00:00","og_image":[{"width":1375,"height":1834,"url":"https:\/\/cdnweb.danby.com\/wp-content\/uploads\/sites\/2\/2023\/05\/02192537\/DAC080EB6WDB_front.jpg","type":"image\/jpeg"}],"twitter_card":"summary_large_image","twitter_site":"@DanbyAppliance","schema":{"@context":"https:\/\/schema.org","@graph":[{"@type":["WebPage","ItemPage"],"url":"https:\/\/www.danby.com\/fr\/products\/climatiseurs-de-fenetre\/dac120eb6wdb-6\/","name":"Danby 12,000 BTU fen\u00eatre AC en blanc - DAC120EB6WDB-6 | Danby Canada","isPartOf":[],"primaryImageOfPage":[],"image":[],"thumbnailUrl":"https:\/\/cdnweb.danby.com\/wp-content\/uploads\/sites\/2\/2023\/05\/02192537\/DAC080EB6WDB_front.jpg","datePublished":"2022-02-03T19:12:19+00:00","dateModified":"2026-04-16T10:06:20+00:00","description":"Cet appareil de climatisation de fen\u00eatre de 12 000 BTU de Danby est parfait pour les espaces de vie jusqu'\u00e0 550 pieds carr\u00e9s. Cet appareil est \u00e9quip\u00e9 d'une minuterie programmable de 24 heures, d'un mode sommeil et d'un interrupteur \u00e9conomiseur d'\u00e9nergie pour r\u00e9duire les co\u00fbts d'exploitation globaux. Pour maximiser le refroidissement, cette unit\u00e9 est dot\u00e9e d'une direction d'air \u00e0 4 voies, d'un ventilateur \u00e0 3 vitesses et d'une fonction 'suivez-moi', o\u00f9 la t\u00e9l\u00e9commande poss\u00e8de un thermostat int\u00e9gr\u00e9 permettant un refroidissement plus pr\u00e9cis. L'affichage LED comporte des commandes \u00e9lectroniques et une t\u00e9l\u00e9commande. *Antes, cumpl\u00eda con los est\u00e1ndares de Energy Star antes del cambio de normativa del 30 de octubre de 2023.","breadcrumb":[],"inLanguage":"fr-CA","potentialAction":[{"@type":"ReadAction","target":["https:\/\/www.danby.com\/fr\/products\/climatiseurs-de-fenetre\/dac120eb6wdb-6\/"]}]},{"@type":"ImageObject","inLanguage":"fr-CA","url":"https:\/\/cdnweb.danby.com\/wp-content\/uploads\/sites\/2\/2023\/05\/02192537\/DAC080EB6WDB_front.jpg","contentUrl":"https:\/\/cdnweb.danby.com\/wp-content\/uploads\/sites\/2\/2023\/05\/02192537\/DAC080EB6WDB_front.jpg","width":1375,"height":1834},{"@type":"BreadcrumbList","itemListElement":[{"@type":"ListItem","position":1,"name":"Home","item":"https:\/\/www.danby.com\/fr\/"},{"@type":"ListItem","position":2,"name":"Boutique","item":"https:\/\/www.danby.com\/fr\/boutique\/"},{"@type":"ListItem","position":3,"name":"Danby 12,000 BTU fen\u00eatre AC en blanc"}]},{"@type":"WebSite","url":"https:\/\/www.danby.com\/fr\/","name":"Danby - Canada - French","description":"Leader dans le domaine de la r\u00e9frig\u00e9ration et des appareils sp\u00e9cialis\u00e9s","publisher":[],"potentialAction":[{"@type":"SearchAction","target":{"@type":"EntryPoint","urlTemplate":"https:\/\/www.danby.com\/fr\/?s={search_term_string}"},"query-input":{"@type":"PropertyValueSpecification","valueRequired":true,"valueName":"search_term_string"}}],"inLanguage":"fr-CA"},{"@type":"Organization","name":"Danby Appliances","url":"https:\/\/www.danby.com\/fr\/","logo":{"@type":"ImageObject","inLanguage":"fr-CA","url":"https:\/\/cdnweb.danby.com\/wp-content\/uploads\/sites\/2\/2022\/02\/10141906\/Danby75Ans_Blue.png","contentUrl":"https:\/\/cdnweb.danby.com\/wp-content\/uploads\/sites\/2\/2022\/02\/10141906\/Danby75Ans_Blue.png","width":470,"height":110,"caption":"Danby Appliances"},"image":[],"sameAs":["https:\/\/www.facebook.com\/DanbyAppliances","https:\/\/x.com\/DanbyAppliance","https:\/\/instagram.com\/danbyappliances\/","https:\/\/www.linkedin.com\/company\/danbyappliances","https:\/\/www.pinterest.ca\/danbyappliances\/","https:\/\/www.youtube.com\/user\/DanbyProducts","https:\/\/en.wikipedia.org\/wiki\/Danby_(appliances)"]}]}},"post_mailing_queue_ids":[],"_links":{"self":[{"href":"https:\/\/www.danby.com\/fr\/wp-json\/wp\/v2\/product\/4536","targetHints":{"allow":["GET"]}}],"collection":[{"href":"https:\/\/www.danby.com\/fr\/wp-json\/wp\/v2\/product"}],"about":[{"href":"https:\/\/www.danby.com\/fr\/wp-json\/wp\/v2\/types\/product"}],"replies":[{"embeddable":true,"href":"https:\/\/www.danby.com\/fr\/wp-json\/wp\/v2\/comments?post=4536"}],"wp:featuredmedia":[{"embeddable":true,"href":"https:\/\/www.danby.com\/fr\/wp-json\/wp\/v2\/media\/22291"}],"wp:attachment":[{"href":"https:\/\/www.danby.com\/fr\/wp-json\/wp\/v2\/media?parent=4536"}],"wp:term":[{"taxonomy":"product_brand","embeddable":true,"href":"https:\/\/www.danby.com\/fr\/wp-json\/wp\/v2\/product_brand?post=4536"},{"taxonomy":"product_cat","embeddable":true,"href":"https:\/\/www.danby.com\/fr\/wp-json\/wp\/v2\/product_cat?post=4536"},{"taxonomy":"product_tag","embeddable":true,"href":"https:\/\/www.danby.com\/fr\/wp-json\/wp\/v2\/product_tag?post=4536"}],"curies":[{"name":"wp","href":"https:\/\/api.w.org\/{rel}","templated":true}]}}