{"id":4526,"date":"2022-02-03T19:12:03","date_gmt":"2022-02-03T19:12:03","guid":{"rendered":"https:\/\/www.danby.com\/fr\/product\/dac12011\/"},"modified":"2026-04-16T10:06:19","modified_gmt":"2026-04-16T10:06:19","slug":"dac12011","status":"publish","type":"product","link":"https:\/\/www.danby.com\/fr\/products\/climatiseurs-de-fenetre\/dac12011\/","title":{"rendered":"Climatiseur de fen\u00eatre Danby 12 000 BTU"},"content":{"rendered":"","protected":false},"excerpt":{"rendered":"<ul>\n<li>Climatiseur de 12 000 BTU refroidit environ 500 pieds carr\u00e9s<\/li>\n<li>Compatible avec Energy Star\u00ae<\/li>\n<li>Cote d&#8217;efficacit\u00e9 \u00e9nerg\u00e9tique (EER) de 10,8<\/li>\n<li>R\u00e9frig\u00e9rant R410A respectueux de l&#8217;environnement<\/li>\n<li>Commutateur d&#8217;\u00e9conomie d&#8217;\u00e9nergie : Allume et \u00e9teint le ventilateur apr\u00e8s l&#8217;arr\u00eat du compresseur<\/li>\n<li>Commandes \u00e9lectroniques avec t\u00e9l\u00e9commande et affichage LED<\/li>\n<li>Direction de l&#8217;air dans 4 directions<\/li>\n<li>Contr\u00f4le \u00e9lectronique variable de la temp\u00e9rature 18\u00b0C &#8211; 30\u00b0C<\/li>\n<li>Marche\/arr\u00eat automatique : Faites d\u00e9marrer ou arr\u00eater l&#8217;unit\u00e9 en fonction de votre emploi du temps<\/li>\n<li>Le kit d&#8217;installation de fen\u00eatre extensible s&#8217;adapte aux fen\u00eatres de 22 1\/16&#8243;- 36&#8243; de large<\/li>\n<li>Hauteur minimale de fen\u00eatre requise : 15-8\/16&#8243; (39,4 cm)<\/li>\n<\/ul>\n","protected":false},"featured_media":5614,"comment_status":"closed","ping_status":"open","template":"","meta":{"_acf_changed":false},"product_brand":[],"product_cat":[40],"product_tag":[],"class_list":{"0":"post-4526","1":"product","2":"type-product","3":"status-publish","4":"has-post-thumbnail","6":"product_cat-climatiseurs-de-fenetre","8":"first","9":"outofstock","10":"taxable","11":"shipping-taxable","12":"product-type-simple"},"acf":[],"yoast_head":"<!-- This site is optimized with the Yoast SEO plugin v26.7 - https:\/\/yoast.com\/wordpress\/plugins\/seo\/ -->\n<title>Climatiseur de fen\u00eatre Danby 12 000 BTU - DAC12011 | Danby Canada<\/title>\n<meta name=\"description\" content=\"Lorsque les temp\u00e9ratures ext\u00e9rieures atteignent des sommets pendant les \u00e9t\u00e9s, vous serez en mesure de rester calme, frais et dispos gr\u00e2ce \u00e0 cet \u00e9nergique climatiseur de fen\u00eatre de 12 000 BTU. Cet appareil peut refroidir une surface d&#039;environ 500 pieds carr\u00e9s sans aucun probl\u00e8me. Vous remarquerez qu&#039;il n&#039;alourdit pas beaucoup vos factures d&#039;\u00e9lectricit\u00e9 puisqu&#039;il est conforme \u00e0 la norme Energy Star et qu&#039;il pr\u00e9sente une solide cote d&#039;efficacit\u00e9 \u00e9nerg\u00e9tique (EER) de 10,8. Vous pouvez \u00e9galement \u00e9conomiser de l&#039;argent gr\u00e2ce \u00e0 l&#039;interrupteur d&#039;\u00e9conomie d&#039;\u00e9nergie, qui est con\u00e7u pour activer et d\u00e9sactiver le ventilateur m\u00eame apr\u00e8s l&#039;arr\u00eat du compresseur de l&#039;appareil. Il est \u00e9galement respectueux de la couche d&#039;ozone, car le fluide frigorig\u00e8ne R410A qu&#039;il utilise ne nuit pas \u00e0 l&#039;environnement. L&#039;appareil est dot\u00e9 d&#039;une direction de l&#039;air \u00e0 quatre voies et peut \u00eatre facilement programm\u00e9 et contr\u00f4l\u00e9 par les commandes \u00e9lectroniques variables ou la t\u00e9l\u00e9commande compacte. L&#039;affichage LED facile \u00e0 lire permet de r\u00e9gler facilement la temp\u00e9rature entre 18\u00b0C et 30\u00b0C (64,4\u00b0F et 86\u00b0F). Un interrupteur marche\/arr\u00eat automatique est \u00e9galement pr\u00e9vu pour votre confort et cet \u00e9l\u00e9gant climatiseur est garanti 12 mois pi\u00e8ces et main d&#039;\u0153uvre.\" \/>\n<meta name=\"robots\" content=\"index, follow, max-snippet:-1, max-image-preview:large, max-video-preview:-1\" \/>\n<link rel=\"canonical\" href=\"https:\/\/www.danby.com\/fr\/products\/climatiseurs-de-fenetre\/dac12011\/\" \/>\n<meta property=\"og:locale\" content=\"fr_CA\" \/>\n<meta property=\"og:type\" content=\"article\" \/>\n<meta property=\"og:title\" content=\"Climatiseur de fen\u00eatre Danby 12 000 BTU - DAC12011 | Danby Canada\" \/>\n<meta property=\"og:description\" content=\"Lorsque les temp\u00e9ratures ext\u00e9rieures atteignent des sommets pendant les \u00e9t\u00e9s, vous serez en mesure de rester calme, frais et dispos gr\u00e2ce \u00e0 cet \u00e9nergique climatiseur de fen\u00eatre de 12 000 BTU. Cet appareil peut refroidir une surface d&#039;environ 500 pieds carr\u00e9s sans aucun probl\u00e8me. Vous remarquerez qu&#039;il n&#039;alourdit pas beaucoup vos factures d&#039;\u00e9lectricit\u00e9 puisqu&#039;il est conforme \u00e0 la norme Energy Star et qu&#039;il pr\u00e9sente une solide cote d&#039;efficacit\u00e9 \u00e9nerg\u00e9tique (EER) de 10,8. Vous pouvez \u00e9galement \u00e9conomiser de l&#039;argent gr\u00e2ce \u00e0 l&#039;interrupteur d&#039;\u00e9conomie d&#039;\u00e9nergie, qui est con\u00e7u pour activer et d\u00e9sactiver le ventilateur m\u00eame apr\u00e8s l&#039;arr\u00eat du compresseur de l&#039;appareil. Il est \u00e9galement respectueux de la couche d&#039;ozone, car le fluide frigorig\u00e8ne R410A qu&#039;il utilise ne nuit pas \u00e0 l&#039;environnement. L&#039;appareil est dot\u00e9 d&#039;une direction de l&#039;air \u00e0 quatre voies et peut \u00eatre facilement programm\u00e9 et contr\u00f4l\u00e9 par les commandes \u00e9lectroniques variables ou la t\u00e9l\u00e9commande compacte. L&#039;affichage LED facile \u00e0 lire permet de r\u00e9gler facilement la temp\u00e9rature entre 18\u00b0C et 30\u00b0C (64,4\u00b0F et 86\u00b0F). Un interrupteur marche\/arr\u00eat automatique est \u00e9galement pr\u00e9vu pour votre confort et cet \u00e9l\u00e9gant climatiseur est garanti 12 mois pi\u00e8ces et main d&#039;\u0153uvre.\" \/>\n<meta property=\"og:url\" content=\"https:\/\/www.danby.com\/fr\/products\/climatiseurs-de-fenetre\/dac12011\/\" \/>\n<meta property=\"og:site_name\" content=\"Danby - Canada - French\" \/>\n<meta property=\"article:publisher\" content=\"https:\/\/www.facebook.com\/DanbyAppliances\" \/>\n<meta property=\"article:modified_time\" content=\"2026-04-16T10:06:19+00:00\" \/>\n<meta property=\"og:image\" content=\"https:\/\/cdnweb.danby.com\/wp-content\/uploads\/sites\/2\/2022\/02\/08181455\/proMed-DAC80001.jpg\" \/>\n\t<meta property=\"og:image:width\" content=\"300\" \/>\n\t<meta property=\"og:image:height\" content=\"272\" \/>\n\t<meta property=\"og:image:type\" content=\"image\/jpeg\" \/>\n<meta name=\"twitter:card\" content=\"summary_large_image\" \/>\n<meta name=\"twitter:site\" content=\"@DanbyAppliance\" \/>\n<script type=\"application\/ld+json\" class=\"yoast-schema-graph\">{\"@context\":\"https:\/\/schema.org\",\"@graph\":[{\"@type\":[\"WebPage\",\"ItemPage\"],\"url\":\"https:\/\/www.danby.com\/fr\/products\/climatiseurs-de-fenetre\/dac12011\/\",\"name\":\"Climatiseur de fen\u00eatre Danby 12 000 BTU - DAC12011 | Danby Canada\",\"isPartOf\":[],\"primaryImageOfPage\":[],\"image\":[],\"thumbnailUrl\":\"https:\/\/cdnweb.danby.com\/wp-content\/uploads\/sites\/2\/2022\/02\/08181455\/proMed-DAC80001.jpg\",\"datePublished\":\"2022-02-03T19:12:03+00:00\",\"dateModified\":\"2026-04-16T10:06:19+00:00\",\"description\":\"Lorsque les temp\u00e9ratures ext\u00e9rieures atteignent des sommets pendant les \u00e9t\u00e9s, vous serez en mesure de rester calme, frais et dispos gr\u00e2ce \u00e0 cet \u00e9nergique climatiseur de fen\u00eatre de 12 000 BTU. Cet appareil peut refroidir une surface d'environ 500 pieds carr\u00e9s sans aucun probl\u00e8me. Vous remarquerez qu'il n'alourdit pas beaucoup vos factures d'\u00e9lectricit\u00e9 puisqu'il est conforme \u00e0 la norme Energy Star et qu'il pr\u00e9sente une solide cote d'efficacit\u00e9 \u00e9nerg\u00e9tique (EER) de 10,8. Vous pouvez \u00e9galement \u00e9conomiser de l'argent gr\u00e2ce \u00e0 l'interrupteur d'\u00e9conomie d'\u00e9nergie, qui est con\u00e7u pour activer et d\u00e9sactiver le ventilateur m\u00eame apr\u00e8s l'arr\u00eat du compresseur de l'appareil. Il est \u00e9galement respectueux de la couche d'ozone, car le fluide frigorig\u00e8ne R410A qu'il utilise ne nuit pas \u00e0 l'environnement. L'appareil est dot\u00e9 d'une direction de l'air \u00e0 quatre voies et peut \u00eatre facilement programm\u00e9 et contr\u00f4l\u00e9 par les commandes \u00e9lectroniques variables ou la t\u00e9l\u00e9commande compacte. L'affichage LED facile \u00e0 lire permet de r\u00e9gler facilement la temp\u00e9rature entre 18\u00b0C et 30\u00b0C (64,4\u00b0F et 86\u00b0F). Un interrupteur marche\/arr\u00eat automatique est \u00e9galement pr\u00e9vu pour votre confort et cet \u00e9l\u00e9gant climatiseur est garanti 12 mois pi\u00e8ces et main d'\u0153uvre.\",\"breadcrumb\":[],\"inLanguage\":\"fr-CA\",\"potentialAction\":[{\"@type\":\"ReadAction\",\"target\":[\"https:\/\/www.danby.com\/fr\/products\/climatiseurs-de-fenetre\/dac12011\/\"]}]},{\"@type\":\"ImageObject\",\"inLanguage\":\"fr-CA\",\"url\":\"https:\/\/cdnweb.danby.com\/wp-content\/uploads\/sites\/2\/2022\/02\/08181455\/proMed-DAC80001.jpg\",\"contentUrl\":\"https:\/\/cdnweb.danby.com\/wp-content\/uploads\/sites\/2\/2022\/02\/08181455\/proMed-DAC80001.jpg\",\"width\":300,\"height\":272},{\"@type\":\"BreadcrumbList\",\"itemListElement\":[{\"@type\":\"ListItem\",\"position\":1,\"name\":\"Home\",\"item\":\"https:\/\/www.danby.com\/fr\/\"},{\"@type\":\"ListItem\",\"position\":2,\"name\":\"Boutique\",\"item\":\"https:\/\/www.danby.com\/fr\/boutique\/\"},{\"@type\":\"ListItem\",\"position\":3,\"name\":\"Climatiseur de fen\u00eatre Danby 12 000 BTU\"}]},{\"@type\":\"WebSite\",\"url\":\"https:\/\/www.danby.com\/fr\/\",\"name\":\"Danby - Canada - French\",\"description\":\"Leader dans le domaine de la r\u00e9frig\u00e9ration et des appareils sp\u00e9cialis\u00e9s\",\"publisher\":[],\"potentialAction\":[{\"@type\":\"SearchAction\",\"target\":{\"@type\":\"EntryPoint\",\"urlTemplate\":\"https:\/\/www.danby.com\/fr\/?s={search_term_string}\"},\"query-input\":{\"@type\":\"PropertyValueSpecification\",\"valueRequired\":true,\"valueName\":\"search_term_string\"}}],\"inLanguage\":\"fr-CA\"},{\"@type\":\"Organization\",\"name\":\"Danby Appliances\",\"url\":\"https:\/\/www.danby.com\/fr\/\",\"logo\":{\"@type\":\"ImageObject\",\"inLanguage\":\"fr-CA\",\"url\":\"https:\/\/cdnweb.danby.com\/wp-content\/uploads\/sites\/2\/2022\/02\/10141906\/Danby75Ans_Blue.png\",\"contentUrl\":\"https:\/\/cdnweb.danby.com\/wp-content\/uploads\/sites\/2\/2022\/02\/10141906\/Danby75Ans_Blue.png\",\"width\":470,\"height\":110,\"caption\":\"Danby Appliances\"},\"image\":[],\"sameAs\":[\"https:\/\/www.facebook.com\/DanbyAppliances\",\"https:\/\/x.com\/DanbyAppliance\",\"https:\/\/instagram.com\/danbyappliances\/\",\"https:\/\/www.linkedin.com\/company\/danbyappliances\",\"https:\/\/www.pinterest.ca\/danbyappliances\/\",\"https:\/\/www.youtube.com\/user\/DanbyProducts\",\"https:\/\/en.wikipedia.org\/wiki\/Danby_(appliances)\"]}]}<\/script>\n<!-- \/ Yoast SEO plugin. -->","yoast_head_json":{"title":"Climatiseur de fen\u00eatre Danby 12 000 BTU - DAC12011 | Danby Canada","description":"Lorsque les temp\u00e9ratures ext\u00e9rieures atteignent des sommets pendant les \u00e9t\u00e9s, vous serez en mesure de rester calme, frais et dispos gr\u00e2ce \u00e0 cet \u00e9nergique climatiseur de fen\u00eatre de 12 000 BTU. Cet appareil peut refroidir une surface d'environ 500 pieds carr\u00e9s sans aucun probl\u00e8me. Vous remarquerez qu'il n'alourdit pas beaucoup vos factures d'\u00e9lectricit\u00e9 puisqu'il est conforme \u00e0 la norme Energy Star et qu'il pr\u00e9sente une solide cote d'efficacit\u00e9 \u00e9nerg\u00e9tique (EER) de 10,8. Vous pouvez \u00e9galement \u00e9conomiser de l'argent gr\u00e2ce \u00e0 l'interrupteur d'\u00e9conomie d'\u00e9nergie, qui est con\u00e7u pour activer et d\u00e9sactiver le ventilateur m\u00eame apr\u00e8s l'arr\u00eat du compresseur de l'appareil. Il est \u00e9galement respectueux de la couche d'ozone, car le fluide frigorig\u00e8ne R410A qu'il utilise ne nuit pas \u00e0 l'environnement. L'appareil est dot\u00e9 d'une direction de l'air \u00e0 quatre voies et peut \u00eatre facilement programm\u00e9 et contr\u00f4l\u00e9 par les commandes \u00e9lectroniques variables ou la t\u00e9l\u00e9commande compacte. L'affichage LED facile \u00e0 lire permet de r\u00e9gler facilement la temp\u00e9rature entre 18\u00b0C et 30\u00b0C (64,4\u00b0F et 86\u00b0F). Un interrupteur marche\/arr\u00eat automatique est \u00e9galement pr\u00e9vu pour votre confort et cet \u00e9l\u00e9gant climatiseur est garanti 12 mois pi\u00e8ces et main d'\u0153uvre.","robots":{"index":"index","follow":"follow","max-snippet":"max-snippet:-1","max-image-preview":"max-image-preview:large","max-video-preview":"max-video-preview:-1"},"canonical":"https:\/\/www.danby.com\/fr\/products\/climatiseurs-de-fenetre\/dac12011\/","og_locale":"fr_CA","og_type":"article","og_title":"Climatiseur de fen\u00eatre Danby 12 000 BTU - DAC12011 | Danby Canada","og_description":"Lorsque les temp\u00e9ratures ext\u00e9rieures atteignent des sommets pendant les \u00e9t\u00e9s, vous serez en mesure de rester calme, frais et dispos gr\u00e2ce \u00e0 cet \u00e9nergique climatiseur de fen\u00eatre de 12 000 BTU. Cet appareil peut refroidir une surface d'environ 500 pieds carr\u00e9s sans aucun probl\u00e8me. Vous remarquerez qu'il n'alourdit pas beaucoup vos factures d'\u00e9lectricit\u00e9 puisqu'il est conforme \u00e0 la norme Energy Star et qu'il pr\u00e9sente une solide cote d'efficacit\u00e9 \u00e9nerg\u00e9tique (EER) de 10,8. Vous pouvez \u00e9galement \u00e9conomiser de l'argent gr\u00e2ce \u00e0 l'interrupteur d'\u00e9conomie d'\u00e9nergie, qui est con\u00e7u pour activer et d\u00e9sactiver le ventilateur m\u00eame apr\u00e8s l'arr\u00eat du compresseur de l'appareil. Il est \u00e9galement respectueux de la couche d'ozone, car le fluide frigorig\u00e8ne R410A qu'il utilise ne nuit pas \u00e0 l'environnement. L'appareil est dot\u00e9 d'une direction de l'air \u00e0 quatre voies et peut \u00eatre facilement programm\u00e9 et contr\u00f4l\u00e9 par les commandes \u00e9lectroniques variables ou la t\u00e9l\u00e9commande compacte. L'affichage LED facile \u00e0 lire permet de r\u00e9gler facilement la temp\u00e9rature entre 18\u00b0C et 30\u00b0C (64,4\u00b0F et 86\u00b0F). Un interrupteur marche\/arr\u00eat automatique est \u00e9galement pr\u00e9vu pour votre confort et cet \u00e9l\u00e9gant climatiseur est garanti 12 mois pi\u00e8ces et main d'\u0153uvre.","og_url":"https:\/\/www.danby.com\/fr\/products\/climatiseurs-de-fenetre\/dac12011\/","og_site_name":"Danby - Canada - French","article_publisher":"https:\/\/www.facebook.com\/DanbyAppliances","article_modified_time":"2026-04-16T10:06:19+00:00","og_image":[{"width":300,"height":272,"url":"https:\/\/cdnweb.danby.com\/wp-content\/uploads\/sites\/2\/2022\/02\/08181455\/proMed-DAC80001.jpg","type":"image\/jpeg"}],"twitter_card":"summary_large_image","twitter_site":"@DanbyAppliance","schema":{"@context":"https:\/\/schema.org","@graph":[{"@type":["WebPage","ItemPage"],"url":"https:\/\/www.danby.com\/fr\/products\/climatiseurs-de-fenetre\/dac12011\/","name":"Climatiseur de fen\u00eatre Danby 12 000 BTU - DAC12011 | Danby Canada","isPartOf":[],"primaryImageOfPage":[],"image":[],"thumbnailUrl":"https:\/\/cdnweb.danby.com\/wp-content\/uploads\/sites\/2\/2022\/02\/08181455\/proMed-DAC80001.jpg","datePublished":"2022-02-03T19:12:03+00:00","dateModified":"2026-04-16T10:06:19+00:00","description":"Lorsque les temp\u00e9ratures ext\u00e9rieures atteignent des sommets pendant les \u00e9t\u00e9s, vous serez en mesure de rester calme, frais et dispos gr\u00e2ce \u00e0 cet \u00e9nergique climatiseur de fen\u00eatre de 12 000 BTU. Cet appareil peut refroidir une surface d'environ 500 pieds carr\u00e9s sans aucun probl\u00e8me. Vous remarquerez qu'il n'alourdit pas beaucoup vos factures d'\u00e9lectricit\u00e9 puisqu'il est conforme \u00e0 la norme Energy Star et qu'il pr\u00e9sente une solide cote d'efficacit\u00e9 \u00e9nerg\u00e9tique (EER) de 10,8. Vous pouvez \u00e9galement \u00e9conomiser de l'argent gr\u00e2ce \u00e0 l'interrupteur d'\u00e9conomie d'\u00e9nergie, qui est con\u00e7u pour activer et d\u00e9sactiver le ventilateur m\u00eame apr\u00e8s l'arr\u00eat du compresseur de l'appareil. Il est \u00e9galement respectueux de la couche d'ozone, car le fluide frigorig\u00e8ne R410A qu'il utilise ne nuit pas \u00e0 l'environnement. L'appareil est dot\u00e9 d'une direction de l'air \u00e0 quatre voies et peut \u00eatre facilement programm\u00e9 et contr\u00f4l\u00e9 par les commandes \u00e9lectroniques variables ou la t\u00e9l\u00e9commande compacte. L'affichage LED facile \u00e0 lire permet de r\u00e9gler facilement la temp\u00e9rature entre 18\u00b0C et 30\u00b0C (64,4\u00b0F et 86\u00b0F). Un interrupteur marche\/arr\u00eat automatique est \u00e9galement pr\u00e9vu pour votre confort et cet \u00e9l\u00e9gant climatiseur est garanti 12 mois pi\u00e8ces et main d'\u0153uvre.","breadcrumb":[],"inLanguage":"fr-CA","potentialAction":[{"@type":"ReadAction","target":["https:\/\/www.danby.com\/fr\/products\/climatiseurs-de-fenetre\/dac12011\/"]}]},{"@type":"ImageObject","inLanguage":"fr-CA","url":"https:\/\/cdnweb.danby.com\/wp-content\/uploads\/sites\/2\/2022\/02\/08181455\/proMed-DAC80001.jpg","contentUrl":"https:\/\/cdnweb.danby.com\/wp-content\/uploads\/sites\/2\/2022\/02\/08181455\/proMed-DAC80001.jpg","width":300,"height":272},{"@type":"BreadcrumbList","itemListElement":[{"@type":"ListItem","position":1,"name":"Home","item":"https:\/\/www.danby.com\/fr\/"},{"@type":"ListItem","position":2,"name":"Boutique","item":"https:\/\/www.danby.com\/fr\/boutique\/"},{"@type":"ListItem","position":3,"name":"Climatiseur de fen\u00eatre Danby 12 000 BTU"}]},{"@type":"WebSite","url":"https:\/\/www.danby.com\/fr\/","name":"Danby - Canada - French","description":"Leader dans le domaine de la r\u00e9frig\u00e9ration et des appareils sp\u00e9cialis\u00e9s","publisher":[],"potentialAction":[{"@type":"SearchAction","target":{"@type":"EntryPoint","urlTemplate":"https:\/\/www.danby.com\/fr\/?s={search_term_string}"},"query-input":{"@type":"PropertyValueSpecification","valueRequired":true,"valueName":"search_term_string"}}],"inLanguage":"fr-CA"},{"@type":"Organization","name":"Danby Appliances","url":"https:\/\/www.danby.com\/fr\/","logo":{"@type":"ImageObject","inLanguage":"fr-CA","url":"https:\/\/cdnweb.danby.com\/wp-content\/uploads\/sites\/2\/2022\/02\/10141906\/Danby75Ans_Blue.png","contentUrl":"https:\/\/cdnweb.danby.com\/wp-content\/uploads\/sites\/2\/2022\/02\/10141906\/Danby75Ans_Blue.png","width":470,"height":110,"caption":"Danby Appliances"},"image":[],"sameAs":["https:\/\/www.facebook.com\/DanbyAppliances","https:\/\/x.com\/DanbyAppliance","https:\/\/instagram.com\/danbyappliances\/","https:\/\/www.linkedin.com\/company\/danbyappliances","https:\/\/www.pinterest.ca\/danbyappliances\/","https:\/\/www.youtube.com\/user\/DanbyProducts","https:\/\/en.wikipedia.org\/wiki\/Danby_(appliances)"]}]}},"post_mailing_queue_ids":[],"_links":{"self":[{"href":"https:\/\/www.danby.com\/fr\/wp-json\/wp\/v2\/product\/4526","targetHints":{"allow":["GET"]}}],"collection":[{"href":"https:\/\/www.danby.com\/fr\/wp-json\/wp\/v2\/product"}],"about":[{"href":"https:\/\/www.danby.com\/fr\/wp-json\/wp\/v2\/types\/product"}],"replies":[{"embeddable":true,"href":"https:\/\/www.danby.com\/fr\/wp-json\/wp\/v2\/comments?post=4526"}],"wp:featuredmedia":[{"embeddable":true,"href":"https:\/\/www.danby.com\/fr\/wp-json\/wp\/v2\/media\/5614"}],"wp:attachment":[{"href":"https:\/\/www.danby.com\/fr\/wp-json\/wp\/v2\/media?parent=4526"}],"wp:term":[{"taxonomy":"product_brand","embeddable":true,"href":"https:\/\/www.danby.com\/fr\/wp-json\/wp\/v2\/product_brand?post=4526"},{"taxonomy":"product_cat","embeddable":true,"href":"https:\/\/www.danby.com\/fr\/wp-json\/wp\/v2\/product_cat?post=4526"},{"taxonomy":"product_tag","embeddable":true,"href":"https:\/\/www.danby.com\/fr\/wp-json\/wp\/v2\/product_tag?post=4526"}],"curies":[{"name":"wp","href":"https:\/\/api.w.org\/{rel}","templated":true}]}}