{"id":4525,"date":"2022-02-03T19:12:03","date_gmt":"2022-02-03T19:12:03","guid":{"rendered":"https:\/\/www.danby.com\/fr\/product\/dac12010e\/"},"modified":"2026-04-15T10:05:22","modified_gmt":"2026-04-15T10:05:22","slug":"dac12010e","status":"publish","type":"product","link":"https:\/\/www.danby.com\/fr\/products\/climatiseurs-de-fenetre\/dac12010e\/","title":{"rendered":"Climatiseur de fen\u00eatre Danby 12 000 BTU"},"content":{"rendered":"","protected":false},"excerpt":{"rendered":"<ul>\n<li>Climatiseur de 12 000 BTU refroidit environ 500 pieds carr\u00e9s<\/li>\n<li>Compatible avec Energy Star\u00ae<\/li>\n<li>Cote d&#8217;efficacit\u00e9 \u00e9nerg\u00e9tique (EER) de 10,8<\/li>\n<li>R\u00e9frig\u00e9rant R410A respectueux de l&#8217;environnement<\/li>\n<li>Commutateur d&#8217;\u00e9conomie d&#8217;\u00e9nergie : Active et d\u00e9sactive le ventilateur apr\u00e8s l&#8217;arr\u00eat du compresseur<\/li>\n<li>Commandes \u00e9lectroniques avec t\u00e9l\u00e9commande et affichage LED<\/li>\n<li>Direction de l&#8217;air dans 4 directions<\/li>\n<li>Commande \u00e9lectronique variable de la temp\u00e9rature 17\u00b0C &#8211; 30\u00b0C (62,6\u00b0F &#8211; 86\u00b0F)<\/li>\n<li>Mode sommeil : Emp\u00eache la pi\u00e8ce de devenir trop froide la nuit<\/li>\n<li>Mise en marche\/arr\u00eat automatique : Faites en sorte que l&#8217;appareil d\u00e9marre ou s&#8217;arr\u00eate en fonction de votre emploi du temps<\/li>\n<li>Fonctionnement silencieux (60 d\u00e9cibels)<\/li>\n<li>Le kit d&#8217;installation de fen\u00eatre extensible s&#8217;adapte aux fen\u00eatres de 23 4\/16&#8243;- 36 4\/16&#8243; de large<\/li>\n<li>Hauteur minimale de fen\u00eatre requise : 15 8\/16&#8243; (39,4 cm)<\/li>\n<\/ul>\n","protected":false},"featured_media":5817,"comment_status":"closed","ping_status":"open","template":"","meta":{"_acf_changed":false},"product_brand":[],"product_cat":[40],"product_tag":[],"class_list":{"0":"post-4525","1":"product","2":"type-product","3":"status-publish","4":"has-post-thumbnail","6":"product_cat-climatiseurs-de-fenetre","8":"first","9":"outofstock","10":"taxable","11":"shipping-taxable","12":"product-type-simple"},"acf":[],"yoast_head":"<!-- This site is optimized with the Yoast SEO plugin v26.7 - https:\/\/yoast.com\/wordpress\/plugins\/seo\/ -->\n<title>Climatiseur de fen\u00eatre Danby 12 000 BTU - DAC12010E | Danby Canada<\/title>\n<meta name=\"description\" content=\"La temp\u00e9rature peut monter \u00e0 l&#039;ext\u00e9rieur, mais vous resterez frais comme un concombre avec ce climatiseur de fen\u00eatre de 12 000 BTU. Cet appareil respectueux de l&#039;environnement et conforme \u00e0 la norme Energy Star peut fournir de l&#039;air frais \u00e0 toute pi\u00e8ce d&#039;une superficie maximale de 500 pieds carr\u00e9s. Lorsque le compresseur de l&#039;appareil s&#039;arr\u00eate, l&#039;interrupteur d&#039;\u00e9conomie d&#039;\u00e9nergie permet de mettre en marche et d&#039;arr\u00eater le ventilateur. L&#039;affichage \u00e9lectronique \u00e0 DEL et la t\u00e9l\u00e9commande pratique permettent de r\u00e9gler et de contr\u00f4ler facilement la temp\u00e9rature entre 17 \u00b0C et 30 \u00b0C (62,6 \u00b0F - 86 \u00b0F). Une bonne nuit de sommeil ne sera pas un probl\u00e8me puisque le mode veille du mod\u00e8le permet de s&#039;assurer que la pi\u00e8ce ne devient pas trop fra\u00eeche pendant la nuit et que le fonctionnement silencieux ne vous r\u00e9veille pas. En outre, vous pouvez r\u00e9gler l&#039;appareil pour qu&#039;il s&#039;allume et s&#039;\u00e9teigne quand vous le souhaitez gr\u00e2ce \u00e0 la fonction de mise en marche et d&#039;arr\u00eat automatique. Vous serez en mesure de r\u00e9duire vos factures d&#039;\u00e9lectricit\u00e9 gr\u00e2ce \u00e0 ce climatiseur \u00e9conerg\u00e9tique populaire et la garantie de 12 mois sur les pi\u00e8ces et la main-d&#039;\u0153uvre vous assure la tranquillit\u00e9 d&#039;esprit.\" \/>\n<meta name=\"robots\" content=\"index, follow, max-snippet:-1, max-image-preview:large, max-video-preview:-1\" \/>\n<link rel=\"canonical\" href=\"https:\/\/www.danby.com\/fr\/products\/climatiseurs-de-fenetre\/dac12010e\/\" \/>\n<meta property=\"og:locale\" content=\"fr_CA\" \/>\n<meta property=\"og:type\" content=\"article\" \/>\n<meta property=\"og:title\" content=\"Climatiseur de fen\u00eatre Danby 12 000 BTU - DAC12010E | Danby Canada\" \/>\n<meta property=\"og:description\" content=\"La temp\u00e9rature peut monter \u00e0 l&#039;ext\u00e9rieur, mais vous resterez frais comme un concombre avec ce climatiseur de fen\u00eatre de 12 000 BTU. Cet appareil respectueux de l&#039;environnement et conforme \u00e0 la norme Energy Star peut fournir de l&#039;air frais \u00e0 toute pi\u00e8ce d&#039;une superficie maximale de 500 pieds carr\u00e9s. Lorsque le compresseur de l&#039;appareil s&#039;arr\u00eate, l&#039;interrupteur d&#039;\u00e9conomie d&#039;\u00e9nergie permet de mettre en marche et d&#039;arr\u00eater le ventilateur. L&#039;affichage \u00e9lectronique \u00e0 DEL et la t\u00e9l\u00e9commande pratique permettent de r\u00e9gler et de contr\u00f4ler facilement la temp\u00e9rature entre 17 \u00b0C et 30 \u00b0C (62,6 \u00b0F - 86 \u00b0F). Une bonne nuit de sommeil ne sera pas un probl\u00e8me puisque le mode veille du mod\u00e8le permet de s&#039;assurer que la pi\u00e8ce ne devient pas trop fra\u00eeche pendant la nuit et que le fonctionnement silencieux ne vous r\u00e9veille pas. En outre, vous pouvez r\u00e9gler l&#039;appareil pour qu&#039;il s&#039;allume et s&#039;\u00e9teigne quand vous le souhaitez gr\u00e2ce \u00e0 la fonction de mise en marche et d&#039;arr\u00eat automatique. Vous serez en mesure de r\u00e9duire vos factures d&#039;\u00e9lectricit\u00e9 gr\u00e2ce \u00e0 ce climatiseur \u00e9conerg\u00e9tique populaire et la garantie de 12 mois sur les pi\u00e8ces et la main-d&#039;\u0153uvre vous assure la tranquillit\u00e9 d&#039;esprit.\" \/>\n<meta property=\"og:url\" content=\"https:\/\/www.danby.com\/fr\/products\/climatiseurs-de-fenetre\/dac12010e\/\" \/>\n<meta property=\"og:site_name\" content=\"Danby - Canada - French\" \/>\n<meta property=\"article:publisher\" content=\"https:\/\/www.facebook.com\/DanbyAppliances\" \/>\n<meta property=\"article:modified_time\" content=\"2026-04-15T10:05:22+00:00\" \/>\n<meta property=\"og:image\" content=\"https:\/\/cdnweb.danby.com\/wp-content\/uploads\/sites\/2\/2022\/02\/08182118\/proMed-dac12077ee2.jpg\" \/>\n\t<meta property=\"og:image:width\" content=\"300\" \/>\n\t<meta property=\"og:image:height\" content=\"272\" \/>\n\t<meta property=\"og:image:type\" content=\"image\/jpeg\" \/>\n<meta name=\"twitter:card\" content=\"summary_large_image\" \/>\n<meta name=\"twitter:site\" content=\"@DanbyAppliance\" \/>\n<script type=\"application\/ld+json\" class=\"yoast-schema-graph\">{\"@context\":\"https:\/\/schema.org\",\"@graph\":[{\"@type\":[\"WebPage\",\"ItemPage\"],\"url\":\"https:\/\/www.danby.com\/fr\/products\/climatiseurs-de-fenetre\/dac12010e\/\",\"name\":\"Climatiseur de fen\u00eatre Danby 12 000 BTU - DAC12010E | Danby Canada\",\"isPartOf\":[],\"primaryImageOfPage\":[],\"image\":[],\"thumbnailUrl\":\"https:\/\/cdnweb.danby.com\/wp-content\/uploads\/sites\/2\/2022\/02\/08182118\/proMed-dac12077ee2.jpg\",\"datePublished\":\"2022-02-03T19:12:03+00:00\",\"dateModified\":\"2026-04-15T10:05:22+00:00\",\"description\":\"La temp\u00e9rature peut monter \u00e0 l'ext\u00e9rieur, mais vous resterez frais comme un concombre avec ce climatiseur de fen\u00eatre de 12 000 BTU. Cet appareil respectueux de l'environnement et conforme \u00e0 la norme Energy Star peut fournir de l'air frais \u00e0 toute pi\u00e8ce d'une superficie maximale de 500 pieds carr\u00e9s. Lorsque le compresseur de l'appareil s'arr\u00eate, l'interrupteur d'\u00e9conomie d'\u00e9nergie permet de mettre en marche et d'arr\u00eater le ventilateur. L'affichage \u00e9lectronique \u00e0 DEL et la t\u00e9l\u00e9commande pratique permettent de r\u00e9gler et de contr\u00f4ler facilement la temp\u00e9rature entre 17 \u00b0C et 30 \u00b0C (62,6 \u00b0F - 86 \u00b0F). Une bonne nuit de sommeil ne sera pas un probl\u00e8me puisque le mode veille du mod\u00e8le permet de s'assurer que la pi\u00e8ce ne devient pas trop fra\u00eeche pendant la nuit et que le fonctionnement silencieux ne vous r\u00e9veille pas. En outre, vous pouvez r\u00e9gler l'appareil pour qu'il s'allume et s'\u00e9teigne quand vous le souhaitez gr\u00e2ce \u00e0 la fonction de mise en marche et d'arr\u00eat automatique. Vous serez en mesure de r\u00e9duire vos factures d'\u00e9lectricit\u00e9 gr\u00e2ce \u00e0 ce climatiseur \u00e9conerg\u00e9tique populaire et la garantie de 12 mois sur les pi\u00e8ces et la main-d'\u0153uvre vous assure la tranquillit\u00e9 d'esprit.\",\"breadcrumb\":[],\"inLanguage\":\"fr-CA\",\"potentialAction\":[{\"@type\":\"ReadAction\",\"target\":[\"https:\/\/www.danby.com\/fr\/products\/climatiseurs-de-fenetre\/dac12010e\/\"]}]},{\"@type\":\"ImageObject\",\"inLanguage\":\"fr-CA\",\"url\":\"https:\/\/cdnweb.danby.com\/wp-content\/uploads\/sites\/2\/2022\/02\/08182118\/proMed-dac12077ee2.jpg\",\"contentUrl\":\"https:\/\/cdnweb.danby.com\/wp-content\/uploads\/sites\/2\/2022\/02\/08182118\/proMed-dac12077ee2.jpg\",\"width\":300,\"height\":272},{\"@type\":\"BreadcrumbList\",\"itemListElement\":[{\"@type\":\"ListItem\",\"position\":1,\"name\":\"Home\",\"item\":\"https:\/\/www.danby.com\/fr\/\"},{\"@type\":\"ListItem\",\"position\":2,\"name\":\"Boutique\",\"item\":\"https:\/\/www.danby.com\/fr\/boutique\/\"},{\"@type\":\"ListItem\",\"position\":3,\"name\":\"Climatiseur de fen\u00eatre Danby 12 000 BTU\"}]},{\"@type\":\"WebSite\",\"url\":\"https:\/\/www.danby.com\/fr\/\",\"name\":\"Danby - Canada - French\",\"description\":\"Leader dans le domaine de la r\u00e9frig\u00e9ration et des appareils sp\u00e9cialis\u00e9s\",\"publisher\":[],\"potentialAction\":[{\"@type\":\"SearchAction\",\"target\":{\"@type\":\"EntryPoint\",\"urlTemplate\":\"https:\/\/www.danby.com\/fr\/?s={search_term_string}\"},\"query-input\":{\"@type\":\"PropertyValueSpecification\",\"valueRequired\":true,\"valueName\":\"search_term_string\"}}],\"inLanguage\":\"fr-CA\"},{\"@type\":\"Organization\",\"name\":\"Danby Appliances\",\"url\":\"https:\/\/www.danby.com\/fr\/\",\"logo\":{\"@type\":\"ImageObject\",\"inLanguage\":\"fr-CA\",\"url\":\"https:\/\/cdnweb.danby.com\/wp-content\/uploads\/sites\/2\/2022\/02\/10141906\/Danby75Ans_Blue.png\",\"contentUrl\":\"https:\/\/cdnweb.danby.com\/wp-content\/uploads\/sites\/2\/2022\/02\/10141906\/Danby75Ans_Blue.png\",\"width\":470,\"height\":110,\"caption\":\"Danby Appliances\"},\"image\":[],\"sameAs\":[\"https:\/\/www.facebook.com\/DanbyAppliances\",\"https:\/\/x.com\/DanbyAppliance\",\"https:\/\/instagram.com\/danbyappliances\/\",\"https:\/\/www.linkedin.com\/company\/danbyappliances\",\"https:\/\/www.pinterest.ca\/danbyappliances\/\",\"https:\/\/www.youtube.com\/user\/DanbyProducts\",\"https:\/\/en.wikipedia.org\/wiki\/Danby_(appliances)\"]}]}<\/script>\n<!-- \/ Yoast SEO plugin. -->","yoast_head_json":{"title":"Climatiseur de fen\u00eatre Danby 12 000 BTU - DAC12010E | Danby Canada","description":"La temp\u00e9rature peut monter \u00e0 l'ext\u00e9rieur, mais vous resterez frais comme un concombre avec ce climatiseur de fen\u00eatre de 12 000 BTU. Cet appareil respectueux de l'environnement et conforme \u00e0 la norme Energy Star peut fournir de l'air frais \u00e0 toute pi\u00e8ce d'une superficie maximale de 500 pieds carr\u00e9s. Lorsque le compresseur de l'appareil s'arr\u00eate, l'interrupteur d'\u00e9conomie d'\u00e9nergie permet de mettre en marche et d'arr\u00eater le ventilateur. L'affichage \u00e9lectronique \u00e0 DEL et la t\u00e9l\u00e9commande pratique permettent de r\u00e9gler et de contr\u00f4ler facilement la temp\u00e9rature entre 17 \u00b0C et 30 \u00b0C (62,6 \u00b0F - 86 \u00b0F). Une bonne nuit de sommeil ne sera pas un probl\u00e8me puisque le mode veille du mod\u00e8le permet de s'assurer que la pi\u00e8ce ne devient pas trop fra\u00eeche pendant la nuit et que le fonctionnement silencieux ne vous r\u00e9veille pas. En outre, vous pouvez r\u00e9gler l'appareil pour qu'il s'allume et s'\u00e9teigne quand vous le souhaitez gr\u00e2ce \u00e0 la fonction de mise en marche et d'arr\u00eat automatique. Vous serez en mesure de r\u00e9duire vos factures d'\u00e9lectricit\u00e9 gr\u00e2ce \u00e0 ce climatiseur \u00e9conerg\u00e9tique populaire et la garantie de 12 mois sur les pi\u00e8ces et la main-d'\u0153uvre vous assure la tranquillit\u00e9 d'esprit.","robots":{"index":"index","follow":"follow","max-snippet":"max-snippet:-1","max-image-preview":"max-image-preview:large","max-video-preview":"max-video-preview:-1"},"canonical":"https:\/\/www.danby.com\/fr\/products\/climatiseurs-de-fenetre\/dac12010e\/","og_locale":"fr_CA","og_type":"article","og_title":"Climatiseur de fen\u00eatre Danby 12 000 BTU - DAC12010E | Danby Canada","og_description":"La temp\u00e9rature peut monter \u00e0 l'ext\u00e9rieur, mais vous resterez frais comme un concombre avec ce climatiseur de fen\u00eatre de 12 000 BTU. Cet appareil respectueux de l'environnement et conforme \u00e0 la norme Energy Star peut fournir de l'air frais \u00e0 toute pi\u00e8ce d'une superficie maximale de 500 pieds carr\u00e9s. Lorsque le compresseur de l'appareil s'arr\u00eate, l'interrupteur d'\u00e9conomie d'\u00e9nergie permet de mettre en marche et d'arr\u00eater le ventilateur. L'affichage \u00e9lectronique \u00e0 DEL et la t\u00e9l\u00e9commande pratique permettent de r\u00e9gler et de contr\u00f4ler facilement la temp\u00e9rature entre 17 \u00b0C et 30 \u00b0C (62,6 \u00b0F - 86 \u00b0F). Une bonne nuit de sommeil ne sera pas un probl\u00e8me puisque le mode veille du mod\u00e8le permet de s'assurer que la pi\u00e8ce ne devient pas trop fra\u00eeche pendant la nuit et que le fonctionnement silencieux ne vous r\u00e9veille pas. En outre, vous pouvez r\u00e9gler l'appareil pour qu'il s'allume et s'\u00e9teigne quand vous le souhaitez gr\u00e2ce \u00e0 la fonction de mise en marche et d'arr\u00eat automatique. Vous serez en mesure de r\u00e9duire vos factures d'\u00e9lectricit\u00e9 gr\u00e2ce \u00e0 ce climatiseur \u00e9conerg\u00e9tique populaire et la garantie de 12 mois sur les pi\u00e8ces et la main-d'\u0153uvre vous assure la tranquillit\u00e9 d'esprit.","og_url":"https:\/\/www.danby.com\/fr\/products\/climatiseurs-de-fenetre\/dac12010e\/","og_site_name":"Danby - Canada - French","article_publisher":"https:\/\/www.facebook.com\/DanbyAppliances","article_modified_time":"2026-04-15T10:05:22+00:00","og_image":[{"width":300,"height":272,"url":"https:\/\/cdnweb.danby.com\/wp-content\/uploads\/sites\/2\/2022\/02\/08182118\/proMed-dac12077ee2.jpg","type":"image\/jpeg"}],"twitter_card":"summary_large_image","twitter_site":"@DanbyAppliance","schema":{"@context":"https:\/\/schema.org","@graph":[{"@type":["WebPage","ItemPage"],"url":"https:\/\/www.danby.com\/fr\/products\/climatiseurs-de-fenetre\/dac12010e\/","name":"Climatiseur de fen\u00eatre Danby 12 000 BTU - DAC12010E | Danby Canada","isPartOf":[],"primaryImageOfPage":[],"image":[],"thumbnailUrl":"https:\/\/cdnweb.danby.com\/wp-content\/uploads\/sites\/2\/2022\/02\/08182118\/proMed-dac12077ee2.jpg","datePublished":"2022-02-03T19:12:03+00:00","dateModified":"2026-04-15T10:05:22+00:00","description":"La temp\u00e9rature peut monter \u00e0 l'ext\u00e9rieur, mais vous resterez frais comme un concombre avec ce climatiseur de fen\u00eatre de 12 000 BTU. Cet appareil respectueux de l'environnement et conforme \u00e0 la norme Energy Star peut fournir de l'air frais \u00e0 toute pi\u00e8ce d'une superficie maximale de 500 pieds carr\u00e9s. Lorsque le compresseur de l'appareil s'arr\u00eate, l'interrupteur d'\u00e9conomie d'\u00e9nergie permet de mettre en marche et d'arr\u00eater le ventilateur. L'affichage \u00e9lectronique \u00e0 DEL et la t\u00e9l\u00e9commande pratique permettent de r\u00e9gler et de contr\u00f4ler facilement la temp\u00e9rature entre 17 \u00b0C et 30 \u00b0C (62,6 \u00b0F - 86 \u00b0F). Une bonne nuit de sommeil ne sera pas un probl\u00e8me puisque le mode veille du mod\u00e8le permet de s'assurer que la pi\u00e8ce ne devient pas trop fra\u00eeche pendant la nuit et que le fonctionnement silencieux ne vous r\u00e9veille pas. En outre, vous pouvez r\u00e9gler l'appareil pour qu'il s'allume et s'\u00e9teigne quand vous le souhaitez gr\u00e2ce \u00e0 la fonction de mise en marche et d'arr\u00eat automatique. Vous serez en mesure de r\u00e9duire vos factures d'\u00e9lectricit\u00e9 gr\u00e2ce \u00e0 ce climatiseur \u00e9conerg\u00e9tique populaire et la garantie de 12 mois sur les pi\u00e8ces et la main-d'\u0153uvre vous assure la tranquillit\u00e9 d'esprit.","breadcrumb":[],"inLanguage":"fr-CA","potentialAction":[{"@type":"ReadAction","target":["https:\/\/www.danby.com\/fr\/products\/climatiseurs-de-fenetre\/dac12010e\/"]}]},{"@type":"ImageObject","inLanguage":"fr-CA","url":"https:\/\/cdnweb.danby.com\/wp-content\/uploads\/sites\/2\/2022\/02\/08182118\/proMed-dac12077ee2.jpg","contentUrl":"https:\/\/cdnweb.danby.com\/wp-content\/uploads\/sites\/2\/2022\/02\/08182118\/proMed-dac12077ee2.jpg","width":300,"height":272},{"@type":"BreadcrumbList","itemListElement":[{"@type":"ListItem","position":1,"name":"Home","item":"https:\/\/www.danby.com\/fr\/"},{"@type":"ListItem","position":2,"name":"Boutique","item":"https:\/\/www.danby.com\/fr\/boutique\/"},{"@type":"ListItem","position":3,"name":"Climatiseur de fen\u00eatre Danby 12 000 BTU"}]},{"@type":"WebSite","url":"https:\/\/www.danby.com\/fr\/","name":"Danby - Canada - French","description":"Leader dans le domaine de la r\u00e9frig\u00e9ration et des appareils sp\u00e9cialis\u00e9s","publisher":[],"potentialAction":[{"@type":"SearchAction","target":{"@type":"EntryPoint","urlTemplate":"https:\/\/www.danby.com\/fr\/?s={search_term_string}"},"query-input":{"@type":"PropertyValueSpecification","valueRequired":true,"valueName":"search_term_string"}}],"inLanguage":"fr-CA"},{"@type":"Organization","name":"Danby Appliances","url":"https:\/\/www.danby.com\/fr\/","logo":{"@type":"ImageObject","inLanguage":"fr-CA","url":"https:\/\/cdnweb.danby.com\/wp-content\/uploads\/sites\/2\/2022\/02\/10141906\/Danby75Ans_Blue.png","contentUrl":"https:\/\/cdnweb.danby.com\/wp-content\/uploads\/sites\/2\/2022\/02\/10141906\/Danby75Ans_Blue.png","width":470,"height":110,"caption":"Danby Appliances"},"image":[],"sameAs":["https:\/\/www.facebook.com\/DanbyAppliances","https:\/\/x.com\/DanbyAppliance","https:\/\/instagram.com\/danbyappliances\/","https:\/\/www.linkedin.com\/company\/danbyappliances","https:\/\/www.pinterest.ca\/danbyappliances\/","https:\/\/www.youtube.com\/user\/DanbyProducts","https:\/\/en.wikipedia.org\/wiki\/Danby_(appliances)"]}]}},"post_mailing_queue_ids":[],"_links":{"self":[{"href":"https:\/\/www.danby.com\/fr\/wp-json\/wp\/v2\/product\/4525","targetHints":{"allow":["GET"]}}],"collection":[{"href":"https:\/\/www.danby.com\/fr\/wp-json\/wp\/v2\/product"}],"about":[{"href":"https:\/\/www.danby.com\/fr\/wp-json\/wp\/v2\/types\/product"}],"replies":[{"embeddable":true,"href":"https:\/\/www.danby.com\/fr\/wp-json\/wp\/v2\/comments?post=4525"}],"wp:featuredmedia":[{"embeddable":true,"href":"https:\/\/www.danby.com\/fr\/wp-json\/wp\/v2\/media\/5817"}],"wp:attachment":[{"href":"https:\/\/www.danby.com\/fr\/wp-json\/wp\/v2\/media?parent=4525"}],"wp:term":[{"taxonomy":"product_brand","embeddable":true,"href":"https:\/\/www.danby.com\/fr\/wp-json\/wp\/v2\/product_brand?post=4525"},{"taxonomy":"product_cat","embeddable":true,"href":"https:\/\/www.danby.com\/fr\/wp-json\/wp\/v2\/product_cat?post=4525"},{"taxonomy":"product_tag","embeddable":true,"href":"https:\/\/www.danby.com\/fr\/wp-json\/wp\/v2\/product_tag?post=4525"}],"curies":[{"name":"wp","href":"https:\/\/api.w.org\/{rel}","templated":true}]}}