{"id":4524,"date":"2022-02-03T19:12:03","date_gmt":"2022-02-03T19:12:03","guid":{"rendered":"https:\/\/www.danby.com\/fr\/product\/dac100ecb4gdb\/"},"modified":"2026-04-29T10:21:35","modified_gmt":"2026-04-29T10:21:35","slug":"dac100ecb4gdb","status":"publish","type":"product","link":"https:\/\/www.danby.com\/fr\/products\/climatiseurs-de-fenetre\/dac100ecb4gdb\/","title":{"rendered":"Climatiseur de fen\u00eatre Danby 10 000 BTU"},"content":{"rendered":"","protected":false},"excerpt":{"rendered":"<ul>\n<li>Le climatiseur de 10 000 BTU refroidit jusqu&#8217;\u00e0 450 pieds carr\u00e9s<\/li>\n<li>Compatible Energy Star\u00ae<\/li>\n<li>R\u00e9frig\u00e9rant R410A respectueux de l&#8217;environnement<\/li>\n<li>Contr\u00f4les \u00e9lectroniques Affichage LED et t\u00e9l\u00e9commande<\/li>\n<li>Direction de l&#8217;air \u00e0 4 voies<\/li>\n<li>Mode sommeil : Emp\u00eache la pi\u00e8ce de devenir trop froide pendant votre sommeil<\/li>\n<li>Interrupteur d&#8217;\u00e9conomie d&#8217;\u00e9nergie : Active et d\u00e9sactive le ventilateur pour r\u00e9duire la consommation d&#8217;\u00e9nergie<\/li>\n<li>Filtre \u00e0 air r\u00e9utilisable et lavable<\/li>\n<li>3 vitesses de ventilateur<\/li>\n<li>Commande de temp\u00e9rature variable de 17\u00baC \u00e0 30\u00baC (62\u00baF &#8211; 86\u00baF)<\/li>\n<li>Le kit d&#8217;installation de fen\u00eatre extensible s&#8217;adapte aux fen\u00eatres de 23&#8243; \u00e0 36&#8243; de large<\/li>\n<li>Hauteur minimale de fen\u00eatre requise : 15.5 po. (39,4 cm)<\/li>\n<\/ul>\n","protected":false},"featured_media":8366,"comment_status":"closed","ping_status":"open","template":"","meta":{"_acf_changed":false},"product_brand":[],"product_cat":[40],"product_tag":[],"class_list":{"0":"post-4524","1":"product","2":"type-product","3":"status-publish","4":"has-post-thumbnail","6":"product_cat-climatiseurs-de-fenetre","8":"first","9":"outofstock","10":"taxable","11":"shipping-taxable","12":"product-type-simple"},"acf":[],"yoast_head":"<!-- This site is optimized with the Yoast SEO plugin v27.5 - https:\/\/yoast.com\/product\/yoast-seo-wordpress\/ -->\n<title>Climatiseur de fen\u00eatre Danby 10 000 BTU - DAC100ECB4GDB | Danby Canada<\/title>\n<meta name=\"description\" content=\"La chaleur et l&#039;humidit\u00e9 sont le dernier de vos soucis lorsque vous installez ce puissant climatiseur de fen\u00eatre de 10 000 BTU de Danby avec direction de l&#039;air \u00e0 quatre voies. Cet appareil est con\u00e7u pour refroidir et maintenir au frais un espace pouvant atteindre une superficie d&#039;environ 450 pieds carr\u00e9s. Il est solide et efficace, mais ne p\u00e8sera pas sur vos co\u00fbts \u00e9nerg\u00e9tiques puisque le mod\u00e8le est conforme \u00e0 la norme Energy Star et est dot\u00e9 d&#039;une impressionnante cote d&#039;efficacit\u00e9 \u00e9nerg\u00e9tique (EER) de 12. Le r\u00e9frig\u00e9rant R410A qu&#039;il utilise ne nuit pas \u00e0 la couche d&#039;ozone, ce qui en fait un appareil respectueux de l&#039;environnement tr\u00e8s appr\u00e9ci\u00e9. Le contr\u00f4le \u00e9lectronique variable de la temp\u00e9rature peut \u00eatre r\u00e9gl\u00e9 entre 17\u00b0C et 30\u00b0C (62\u00b0F - 86\u00b0F). L&#039;appareil peut \u00e9galement \u00eatre programm\u00e9 rapidement par le biais de la t\u00e9l\u00e9commande pratique et peut \u00eatre contr\u00f4l\u00e9 sur l&#039;\u00e9cran LED facile \u00e0 lire. L&#039;interrupteur d&#039;\u00e9conomie d&#039;\u00e9nergie ultramoderne permet d&#039;allumer et d&#039;\u00e9teindre le ventilateur lorsque le compresseur s&#039;arr\u00eate et le mode veille intelligent veille \u00e0 ce que la pi\u00e8ce ne soit pas trop fra\u00eeche la nuit. En outre, une commande de marche\/arr\u00eat automatique vous permet de programmer le d\u00e9marrage et l&#039;arr\u00eat du climatiseur en fonction de votre emploi du temps. Ce mod\u00e8le b\u00e9n\u00e9ficie \u00e9galement d&#039;une garantie de 12 mois sur les pi\u00e8ces et la main-d&#039;\u0153uvre.\" \/>\n<meta name=\"robots\" content=\"index, follow, max-snippet:-1, max-image-preview:large, max-video-preview:-1\" \/>\n<link rel=\"canonical\" href=\"https:\/\/www.danby.com\/fr\/products\/climatiseurs-de-fenetre\/dac100ecb4gdb\/\" \/>\n<meta property=\"og:locale\" content=\"fr_CA\" \/>\n<meta property=\"og:type\" content=\"article\" \/>\n<meta property=\"og:title\" content=\"Climatiseur de fen\u00eatre Danby 10 000 BTU - DAC100ECB4GDB | Danby Canada\" \/>\n<meta property=\"og:description\" content=\"La chaleur et l&#039;humidit\u00e9 sont le dernier de vos soucis lorsque vous installez ce puissant climatiseur de fen\u00eatre de 10 000 BTU de Danby avec direction de l&#039;air \u00e0 quatre voies. Cet appareil est con\u00e7u pour refroidir et maintenir au frais un espace pouvant atteindre une superficie d&#039;environ 450 pieds carr\u00e9s. Il est solide et efficace, mais ne p\u00e8sera pas sur vos co\u00fbts \u00e9nerg\u00e9tiques puisque le mod\u00e8le est conforme \u00e0 la norme Energy Star et est dot\u00e9 d&#039;une impressionnante cote d&#039;efficacit\u00e9 \u00e9nerg\u00e9tique (EER) de 12. Le r\u00e9frig\u00e9rant R410A qu&#039;il utilise ne nuit pas \u00e0 la couche d&#039;ozone, ce qui en fait un appareil respectueux de l&#039;environnement tr\u00e8s appr\u00e9ci\u00e9. Le contr\u00f4le \u00e9lectronique variable de la temp\u00e9rature peut \u00eatre r\u00e9gl\u00e9 entre 17\u00b0C et 30\u00b0C (62\u00b0F - 86\u00b0F). L&#039;appareil peut \u00e9galement \u00eatre programm\u00e9 rapidement par le biais de la t\u00e9l\u00e9commande pratique et peut \u00eatre contr\u00f4l\u00e9 sur l&#039;\u00e9cran LED facile \u00e0 lire. L&#039;interrupteur d&#039;\u00e9conomie d&#039;\u00e9nergie ultramoderne permet d&#039;allumer et d&#039;\u00e9teindre le ventilateur lorsque le compresseur s&#039;arr\u00eate et le mode veille intelligent veille \u00e0 ce que la pi\u00e8ce ne soit pas trop fra\u00eeche la nuit. En outre, une commande de marche\/arr\u00eat automatique vous permet de programmer le d\u00e9marrage et l&#039;arr\u00eat du climatiseur en fonction de votre emploi du temps. Ce mod\u00e8le b\u00e9n\u00e9ficie \u00e9galement d&#039;une garantie de 12 mois sur les pi\u00e8ces et la main-d&#039;\u0153uvre.\" \/>\n<meta property=\"og:url\" content=\"https:\/\/www.danby.com\/fr\/products\/climatiseurs-de-fenetre\/dac100ecb4gdb\/\" \/>\n<meta property=\"og:site_name\" content=\"Danby - Canada - French\" \/>\n<meta property=\"article:publisher\" content=\"https:\/\/www.facebook.com\/DanbyAppliances\" \/>\n<meta property=\"article:modified_time\" content=\"2026-04-29T10:21:35+00:00\" \/>\n<meta property=\"og:image\" content=\"https:\/\/cdnweb.danby.com\/wp-content\/uploads\/sites\/2\/2022\/02\/08203954\/DAC100ECB4GDB_Right-1.jpg\" \/>\n\t<meta property=\"og:image:width\" content=\"2393\" \/>\n\t<meta property=\"og:image:height\" content=\"1500\" \/>\n\t<meta property=\"og:image:type\" content=\"image\/jpeg\" \/>\n<meta name=\"twitter:card\" content=\"summary_large_image\" \/>\n<meta name=\"twitter:site\" content=\"@DanbyAppliance\" \/>\n<script type=\"application\/ld+json\" class=\"yoast-schema-graph\">{\"@context\":\"https:\\\/\\\/schema.org\",\"@graph\":[{\"@type\":[\"WebPage\",\"ItemPage\"],\"url\":\"https:\\\/\\\/www.danby.com\\\/fr\\\/products\\\/climatiseurs-de-fenetre\\\/dac100ecb4gdb\\\/\",\"name\":\"Climatiseur de fen\u00eatre Danby 10 000 BTU - DAC100ECB4GDB | Danby Canada\",\"isPartOf\":[],\"primaryImageOfPage\":[],\"image\":[],\"thumbnailUrl\":\"https:\\\/\\\/cdnweb.danby.com\\\/wp-content\\\/uploads\\\/sites\\\/2\\\/2022\\\/02\\\/08203954\\\/DAC100ECB4GDB_Right-1.jpg\",\"datePublished\":\"2022-02-03T19:12:03+00:00\",\"dateModified\":\"2026-04-29T10:21:35+00:00\",\"description\":\"La chaleur et l'humidit\u00e9 sont le dernier de vos soucis lorsque vous installez ce puissant climatiseur de fen\u00eatre de 10 000 BTU de Danby avec direction de l'air \u00e0 quatre voies. Cet appareil est con\u00e7u pour refroidir et maintenir au frais un espace pouvant atteindre une superficie d'environ 450 pieds carr\u00e9s. Il est solide et efficace, mais ne p\u00e8sera pas sur vos co\u00fbts \u00e9nerg\u00e9tiques puisque le mod\u00e8le est conforme \u00e0 la norme Energy Star et est dot\u00e9 d'une impressionnante cote d'efficacit\u00e9 \u00e9nerg\u00e9tique (EER) de 12. Le r\u00e9frig\u00e9rant R410A qu'il utilise ne nuit pas \u00e0 la couche d'ozone, ce qui en fait un appareil respectueux de l'environnement tr\u00e8s appr\u00e9ci\u00e9. Le contr\u00f4le \u00e9lectronique variable de la temp\u00e9rature peut \u00eatre r\u00e9gl\u00e9 entre 17\u00b0C et 30\u00b0C (62\u00b0F - 86\u00b0F). L'appareil peut \u00e9galement \u00eatre programm\u00e9 rapidement par le biais de la t\u00e9l\u00e9commande pratique et peut \u00eatre contr\u00f4l\u00e9 sur l'\u00e9cran LED facile \u00e0 lire. L'interrupteur d'\u00e9conomie d'\u00e9nergie ultramoderne permet d'allumer et d'\u00e9teindre le ventilateur lorsque le compresseur s'arr\u00eate et le mode veille intelligent veille \u00e0 ce que la pi\u00e8ce ne soit pas trop fra\u00eeche la nuit. En outre, une commande de marche\\\/arr\u00eat automatique vous permet de programmer le d\u00e9marrage et l'arr\u00eat du climatiseur en fonction de votre emploi du temps. Ce mod\u00e8le b\u00e9n\u00e9ficie \u00e9galement d'une garantie de 12 mois sur les pi\u00e8ces et la main-d'\u0153uvre.\",\"breadcrumb\":[],\"inLanguage\":\"fr-CA\",\"potentialAction\":[{\"@type\":\"ReadAction\",\"target\":[\"https:\\\/\\\/www.danby.com\\\/fr\\\/products\\\/climatiseurs-de-fenetre\\\/dac100ecb4gdb\\\/\"]}]},{\"@type\":\"ImageObject\",\"inLanguage\":\"fr-CA\",\"url\":\"https:\\\/\\\/cdnweb.danby.com\\\/wp-content\\\/uploads\\\/sites\\\/2\\\/2022\\\/02\\\/08203954\\\/DAC100ECB4GDB_Right-1.jpg\",\"contentUrl\":\"https:\\\/\\\/cdnweb.danby.com\\\/wp-content\\\/uploads\\\/sites\\\/2\\\/2022\\\/02\\\/08203954\\\/DAC100ECB4GDB_Right-1.jpg\",\"width\":2393,\"height\":1500},{\"@type\":\"BreadcrumbList\",\"itemListElement\":[{\"@type\":\"ListItem\",\"position\":1,\"name\":\"Home\",\"item\":\"https:\\\/\\\/www.danby.com\\\/fr\\\/\"},{\"@type\":\"ListItem\",\"position\":2,\"name\":\"Boutique\",\"item\":\"https:\\\/\\\/www.danby.com\\\/fr\\\/boutique\\\/\"},{\"@type\":\"ListItem\",\"position\":3,\"name\":\"Climatiseur de fen\u00eatre Danby 10 000 BTU\"}]},{\"@type\":\"WebSite\",\"url\":\"https:\\\/\\\/www.danby.com\\\/fr\\\/\",\"name\":\"Danby - Canada - French\",\"description\":\"Leader dans le domaine de la r\u00e9frig\u00e9ration et des appareils sp\u00e9cialis\u00e9s\",\"publisher\":[],\"potentialAction\":[{\"@type\":\"SearchAction\",\"target\":{\"@type\":\"EntryPoint\",\"urlTemplate\":\"https:\\\/\\\/www.danby.com\\\/fr\\\/?s={search_term_string}\"},\"query-input\":{\"@type\":\"PropertyValueSpecification\",\"valueRequired\":true,\"valueName\":\"search_term_string\"}}],\"inLanguage\":\"fr-CA\"},{\"@type\":\"Organization\",\"name\":\"Danby Appliances\",\"url\":\"https:\\\/\\\/www.danby.com\\\/fr\\\/\",\"logo\":{\"@type\":\"ImageObject\",\"inLanguage\":\"fr-CA\",\"url\":\"https:\\\/\\\/cdnweb.danby.com\\\/wp-content\\\/uploads\\\/sites\\\/2\\\/2022\\\/02\\\/10141906\\\/Danby75Ans_Blue.png\",\"contentUrl\":\"https:\\\/\\\/cdnweb.danby.com\\\/wp-content\\\/uploads\\\/sites\\\/2\\\/2022\\\/02\\\/10141906\\\/Danby75Ans_Blue.png\",\"width\":470,\"height\":110,\"caption\":\"Danby Appliances\"},\"image\":[],\"sameAs\":[\"https:\\\/\\\/www.facebook.com\\\/DanbyAppliances\",\"https:\\\/\\\/x.com\\\/DanbyAppliance\",\"https:\\\/\\\/instagram.com\\\/danbyappliances\\\/\",\"https:\\\/\\\/www.linkedin.com\\\/company\\\/danbyappliances\",\"https:\\\/\\\/www.pinterest.ca\\\/danbyappliances\\\/\",\"https:\\\/\\\/www.youtube.com\\\/user\\\/DanbyProducts\",\"https:\\\/\\\/en.wikipedia.org\\\/wiki\\\/Danby_(appliances)\"]}]}<\/script>\n<!-- \/ Yoast SEO plugin. -->","yoast_head_json":{"title":"Climatiseur de fen\u00eatre Danby 10 000 BTU - DAC100ECB4GDB | Danby Canada","description":"La chaleur et l'humidit\u00e9 sont le dernier de vos soucis lorsque vous installez ce puissant climatiseur de fen\u00eatre de 10 000 BTU de Danby avec direction de l'air \u00e0 quatre voies. Cet appareil est con\u00e7u pour refroidir et maintenir au frais un espace pouvant atteindre une superficie d'environ 450 pieds carr\u00e9s. Il est solide et efficace, mais ne p\u00e8sera pas sur vos co\u00fbts \u00e9nerg\u00e9tiques puisque le mod\u00e8le est conforme \u00e0 la norme Energy Star et est dot\u00e9 d'une impressionnante cote d'efficacit\u00e9 \u00e9nerg\u00e9tique (EER) de 12. Le r\u00e9frig\u00e9rant R410A qu'il utilise ne nuit pas \u00e0 la couche d'ozone, ce qui en fait un appareil respectueux de l'environnement tr\u00e8s appr\u00e9ci\u00e9. Le contr\u00f4le \u00e9lectronique variable de la temp\u00e9rature peut \u00eatre r\u00e9gl\u00e9 entre 17\u00b0C et 30\u00b0C (62\u00b0F - 86\u00b0F). L'appareil peut \u00e9galement \u00eatre programm\u00e9 rapidement par le biais de la t\u00e9l\u00e9commande pratique et peut \u00eatre contr\u00f4l\u00e9 sur l'\u00e9cran LED facile \u00e0 lire. L'interrupteur d'\u00e9conomie d'\u00e9nergie ultramoderne permet d'allumer et d'\u00e9teindre le ventilateur lorsque le compresseur s'arr\u00eate et le mode veille intelligent veille \u00e0 ce que la pi\u00e8ce ne soit pas trop fra\u00eeche la nuit. En outre, une commande de marche\/arr\u00eat automatique vous permet de programmer le d\u00e9marrage et l'arr\u00eat du climatiseur en fonction de votre emploi du temps. Ce mod\u00e8le b\u00e9n\u00e9ficie \u00e9galement d'une garantie de 12 mois sur les pi\u00e8ces et la main-d'\u0153uvre.","robots":{"index":"index","follow":"follow","max-snippet":"max-snippet:-1","max-image-preview":"max-image-preview:large","max-video-preview":"max-video-preview:-1"},"canonical":"https:\/\/www.danby.com\/fr\/products\/climatiseurs-de-fenetre\/dac100ecb4gdb\/","og_locale":"fr_CA","og_type":"article","og_title":"Climatiseur de fen\u00eatre Danby 10 000 BTU - DAC100ECB4GDB | Danby Canada","og_description":"La chaleur et l'humidit\u00e9 sont le dernier de vos soucis lorsque vous installez ce puissant climatiseur de fen\u00eatre de 10 000 BTU de Danby avec direction de l'air \u00e0 quatre voies. Cet appareil est con\u00e7u pour refroidir et maintenir au frais un espace pouvant atteindre une superficie d'environ 450 pieds carr\u00e9s. Il est solide et efficace, mais ne p\u00e8sera pas sur vos co\u00fbts \u00e9nerg\u00e9tiques puisque le mod\u00e8le est conforme \u00e0 la norme Energy Star et est dot\u00e9 d'une impressionnante cote d'efficacit\u00e9 \u00e9nerg\u00e9tique (EER) de 12. Le r\u00e9frig\u00e9rant R410A qu'il utilise ne nuit pas \u00e0 la couche d'ozone, ce qui en fait un appareil respectueux de l'environnement tr\u00e8s appr\u00e9ci\u00e9. Le contr\u00f4le \u00e9lectronique variable de la temp\u00e9rature peut \u00eatre r\u00e9gl\u00e9 entre 17\u00b0C et 30\u00b0C (62\u00b0F - 86\u00b0F). L'appareil peut \u00e9galement \u00eatre programm\u00e9 rapidement par le biais de la t\u00e9l\u00e9commande pratique et peut \u00eatre contr\u00f4l\u00e9 sur l'\u00e9cran LED facile \u00e0 lire. L'interrupteur d'\u00e9conomie d'\u00e9nergie ultramoderne permet d'allumer et d'\u00e9teindre le ventilateur lorsque le compresseur s'arr\u00eate et le mode veille intelligent veille \u00e0 ce que la pi\u00e8ce ne soit pas trop fra\u00eeche la nuit. En outre, une commande de marche\/arr\u00eat automatique vous permet de programmer le d\u00e9marrage et l'arr\u00eat du climatiseur en fonction de votre emploi du temps. Ce mod\u00e8le b\u00e9n\u00e9ficie \u00e9galement d'une garantie de 12 mois sur les pi\u00e8ces et la main-d'\u0153uvre.","og_url":"https:\/\/www.danby.com\/fr\/products\/climatiseurs-de-fenetre\/dac100ecb4gdb\/","og_site_name":"Danby - Canada - French","article_publisher":"https:\/\/www.facebook.com\/DanbyAppliances","article_modified_time":"2026-04-29T10:21:35+00:00","og_image":[{"width":2393,"height":1500,"url":"https:\/\/cdnweb.danby.com\/wp-content\/uploads\/sites\/2\/2022\/02\/08203954\/DAC100ECB4GDB_Right-1.jpg","type":"image\/jpeg"}],"twitter_card":"summary_large_image","twitter_site":"@DanbyAppliance","schema":{"@context":"https:\/\/schema.org","@graph":[{"@type":["WebPage","ItemPage"],"url":"https:\/\/www.danby.com\/fr\/products\/climatiseurs-de-fenetre\/dac100ecb4gdb\/","name":"Climatiseur de fen\u00eatre Danby 10 000 BTU - DAC100ECB4GDB | Danby Canada","isPartOf":[],"primaryImageOfPage":[],"image":[],"thumbnailUrl":"https:\/\/cdnweb.danby.com\/wp-content\/uploads\/sites\/2\/2022\/02\/08203954\/DAC100ECB4GDB_Right-1.jpg","datePublished":"2022-02-03T19:12:03+00:00","dateModified":"2026-04-29T10:21:35+00:00","description":"La chaleur et l'humidit\u00e9 sont le dernier de vos soucis lorsque vous installez ce puissant climatiseur de fen\u00eatre de 10 000 BTU de Danby avec direction de l'air \u00e0 quatre voies. Cet appareil est con\u00e7u pour refroidir et maintenir au frais un espace pouvant atteindre une superficie d'environ 450 pieds carr\u00e9s. Il est solide et efficace, mais ne p\u00e8sera pas sur vos co\u00fbts \u00e9nerg\u00e9tiques puisque le mod\u00e8le est conforme \u00e0 la norme Energy Star et est dot\u00e9 d'une impressionnante cote d'efficacit\u00e9 \u00e9nerg\u00e9tique (EER) de 12. Le r\u00e9frig\u00e9rant R410A qu'il utilise ne nuit pas \u00e0 la couche d'ozone, ce qui en fait un appareil respectueux de l'environnement tr\u00e8s appr\u00e9ci\u00e9. Le contr\u00f4le \u00e9lectronique variable de la temp\u00e9rature peut \u00eatre r\u00e9gl\u00e9 entre 17\u00b0C et 30\u00b0C (62\u00b0F - 86\u00b0F). L'appareil peut \u00e9galement \u00eatre programm\u00e9 rapidement par le biais de la t\u00e9l\u00e9commande pratique et peut \u00eatre contr\u00f4l\u00e9 sur l'\u00e9cran LED facile \u00e0 lire. L'interrupteur d'\u00e9conomie d'\u00e9nergie ultramoderne permet d'allumer et d'\u00e9teindre le ventilateur lorsque le compresseur s'arr\u00eate et le mode veille intelligent veille \u00e0 ce que la pi\u00e8ce ne soit pas trop fra\u00eeche la nuit. En outre, une commande de marche\/arr\u00eat automatique vous permet de programmer le d\u00e9marrage et l'arr\u00eat du climatiseur en fonction de votre emploi du temps. Ce mod\u00e8le b\u00e9n\u00e9ficie \u00e9galement d'une garantie de 12 mois sur les pi\u00e8ces et la main-d'\u0153uvre.","breadcrumb":[],"inLanguage":"fr-CA","potentialAction":[{"@type":"ReadAction","target":["https:\/\/www.danby.com\/fr\/products\/climatiseurs-de-fenetre\/dac100ecb4gdb\/"]}]},{"@type":"ImageObject","inLanguage":"fr-CA","url":"https:\/\/cdnweb.danby.com\/wp-content\/uploads\/sites\/2\/2022\/02\/08203954\/DAC100ECB4GDB_Right-1.jpg","contentUrl":"https:\/\/cdnweb.danby.com\/wp-content\/uploads\/sites\/2\/2022\/02\/08203954\/DAC100ECB4GDB_Right-1.jpg","width":2393,"height":1500},{"@type":"BreadcrumbList","itemListElement":[{"@type":"ListItem","position":1,"name":"Home","item":"https:\/\/www.danby.com\/fr\/"},{"@type":"ListItem","position":2,"name":"Boutique","item":"https:\/\/www.danby.com\/fr\/boutique\/"},{"@type":"ListItem","position":3,"name":"Climatiseur de fen\u00eatre Danby 10 000 BTU"}]},{"@type":"WebSite","url":"https:\/\/www.danby.com\/fr\/","name":"Danby - Canada - French","description":"Leader dans le domaine de la r\u00e9frig\u00e9ration et des appareils sp\u00e9cialis\u00e9s","publisher":[],"potentialAction":[{"@type":"SearchAction","target":{"@type":"EntryPoint","urlTemplate":"https:\/\/www.danby.com\/fr\/?s={search_term_string}"},"query-input":{"@type":"PropertyValueSpecification","valueRequired":true,"valueName":"search_term_string"}}],"inLanguage":"fr-CA"},{"@type":"Organization","name":"Danby Appliances","url":"https:\/\/www.danby.com\/fr\/","logo":{"@type":"ImageObject","inLanguage":"fr-CA","url":"https:\/\/cdnweb.danby.com\/wp-content\/uploads\/sites\/2\/2022\/02\/10141906\/Danby75Ans_Blue.png","contentUrl":"https:\/\/cdnweb.danby.com\/wp-content\/uploads\/sites\/2\/2022\/02\/10141906\/Danby75Ans_Blue.png","width":470,"height":110,"caption":"Danby Appliances"},"image":[],"sameAs":["https:\/\/www.facebook.com\/DanbyAppliances","https:\/\/x.com\/DanbyAppliance","https:\/\/instagram.com\/danbyappliances\/","https:\/\/www.linkedin.com\/company\/danbyappliances","https:\/\/www.pinterest.ca\/danbyappliances\/","https:\/\/www.youtube.com\/user\/DanbyProducts","https:\/\/en.wikipedia.org\/wiki\/Danby_(appliances)"]}]}},"post_mailing_queue_ids":[],"_links":{"self":[{"href":"https:\/\/www.danby.com\/fr\/wp-json\/wp\/v2\/product\/4524","targetHints":{"allow":["GET"]}}],"collection":[{"href":"https:\/\/www.danby.com\/fr\/wp-json\/wp\/v2\/product"}],"about":[{"href":"https:\/\/www.danby.com\/fr\/wp-json\/wp\/v2\/types\/product"}],"replies":[{"embeddable":true,"href":"https:\/\/www.danby.com\/fr\/wp-json\/wp\/v2\/comments?post=4524"}],"wp:featuredmedia":[{"embeddable":true,"href":"https:\/\/www.danby.com\/fr\/wp-json\/wp\/v2\/media\/8366"}],"wp:attachment":[{"href":"https:\/\/www.danby.com\/fr\/wp-json\/wp\/v2\/media?parent=4524"}],"wp:term":[{"taxonomy":"product_brand","embeddable":true,"href":"https:\/\/www.danby.com\/fr\/wp-json\/wp\/v2\/product_brand?post=4524"},{"taxonomy":"product_cat","embeddable":true,"href":"https:\/\/www.danby.com\/fr\/wp-json\/wp\/v2\/product_cat?post=4524"},{"taxonomy":"product_tag","embeddable":true,"href":"https:\/\/www.danby.com\/fr\/wp-json\/wp\/v2\/product_tag?post=4524"}],"curies":[{"name":"wp","href":"https:\/\/api.w.org\/{rel}","templated":true}]}}