{"id":4521,"date":"2022-02-03T19:12:03","date_gmt":"2022-02-03T19:12:03","guid":{"rendered":"https:\/\/www.danby.com\/fr\/product\/dac100eb2gdb\/"},"modified":"2026-04-19T10:06:29","modified_gmt":"2026-04-19T10:06:29","slug":"dac100eb2gdb","status":"publish","type":"product","link":"https:\/\/www.danby.com\/fr\/products\/climatiseurs-de-fenetre\/dac100eb2gdb\/","title":{"rendered":"Climatiseur de fen\u00eatre Danby 10 000 BTU"},"content":{"rendered":"","protected":false},"excerpt":{"rendered":"<ul>\n<li>Le climatiseur de 10 000 BTU refroidit environ 450 pi2<\/li>\n<li>Compatible avec Energy Star\u00ae<\/li>\n<li>Cote d&#8217;efficacit\u00e9 \u00e9nerg\u00e9tique (EER) de 11.3<\/li>\n<li>Frigorig\u00e8ne R410A respectueux de l&#8217;environnement<\/li>\n<li>Commandes \u00e9lectroniques avec t\u00e9l\u00e9commande et affichage LED<\/li>\n<li>Direction de l&#8217;air \u00e0 4 voies<\/li>\n<li>Commande \u00e9lectronique variable de la temp\u00e9rature 17\u00b0C &#8211; 30\u00b0C (62,6\u00b0F &#8211; 86\u00b0F)<\/li>\n<li>Switch d&#8217;\u00e9conomie d&#8217;\u00e9nergie : Active et d\u00e9sactive le ventilateur apr\u00e8s l&#8217;arr\u00eat du compresseur<\/li>\n<li>Mode sommeil : Emp\u00eache la pi\u00e8ce de devenir trop froide la nuit<\/li>\n<li>Mise en marche\/arr\u00eat automatique : Faites en sorte que l&#8217;unit\u00e9 se mette en marche ou s&#8217;arr\u00eate en fonction de votre horaire<\/li>\n<li>Hauteur minimale de fen\u00eatre requise : 15-8\/16&#8243; (39,4 cm)<\/li>\n<li>Le kit d&#8217;installation de fen\u00eatre extensible s&#8217;adapte aux fen\u00eatres de 23&#8243; (58,4 cm) \u00e0 36&#8243; (91,4 cm) de large<\/li>\n<\/ul>\n","protected":false},"featured_media":5764,"comment_status":"closed","ping_status":"open","template":"","meta":{"_acf_changed":false},"product_brand":[],"product_cat":[40],"product_tag":[],"class_list":{"0":"post-4521","1":"product","2":"type-product","3":"status-publish","4":"has-post-thumbnail","6":"product_cat-climatiseurs-de-fenetre","8":"first","9":"outofstock","10":"taxable","11":"shipping-taxable","12":"product-type-simple"},"acf":[],"yoast_head":"<!-- This site is optimized with the Yoast SEO plugin v26.7 - https:\/\/yoast.com\/wordpress\/plugins\/seo\/ -->\n<title>Climatiseur de fen\u00eatre Danby 10 000 BTU - DAC100EB2GDB | Danby Canada<\/title>\n<meta name=\"description\" content=\"Ne perdez pas votre calme cet \u00e9t\u00e9 lorsque la chaleur \u00e9touffante arrive. Il est facile de rester rafra\u00eechi avec ce climatiseur de fen\u00eatre de 10 000 BTU de Danby. Cet appareil conforme \u00e0 la norme Energy Star est con\u00e7u pour rafra\u00eechir des pi\u00e8ces d&#039;une superficie maximale de 450 pieds carr\u00e9s, ce qui le rend id\u00e9al pour les condos, les appartements et les bureaux. Il est respectueux de l&#039;environnement gr\u00e2ce au r\u00e9frig\u00e9rant R410A utilis\u00e9 et son taux d&#039;efficacit\u00e9 \u00e9nerg\u00e9tique (EER) de 11,3 vous aide \u00e0 minimiser le co\u00fbt \u00e9lev\u00e9 de l&#039;\u00e9lectricit\u00e9. Vous pourrez \u00e9galement r\u00e9duire vos factures gr\u00e2ce \u00e0 l&#039;interrupteur intelligent d&#039;\u00e9conomie d&#039;\u00e9nergie de l&#039;appareil, qui est capable d&#039;allumer et d&#039;\u00e9teindre le ventilateur de l&#039;appareil m\u00eame apr\u00e8s l&#039;arr\u00eat du compresseur. Cet \u00e9l\u00e9gant climatiseur est dot\u00e9 d&#039;un syst\u00e8me d&#039;orientation de l&#039;air \u00e0 quatre voies et la commande variable et la t\u00e9l\u00e9commande vous permettent de r\u00e9gler la temp\u00e9rature entre 17 \u00b0C et 30 \u00b0C (62,6 \u00b0F - 86 \u00b0F). L&#039;\u00e9cran \u00e9lectronique \u00e0 LED permet une visualisation facile, et un mode veille permet de maintenir le confort de la pi\u00e8ce pendant la nuit. Ce mod\u00e8le \u00e0 la mode b\u00e9n\u00e9ficie \u00e9galement d&#039;une garantie de 12 mois sur les pi\u00e8ces et la main-d&#039;\u0153uvre avec un service \u00e0 domicile.\" \/>\n<meta name=\"robots\" content=\"index, follow, max-snippet:-1, max-image-preview:large, max-video-preview:-1\" \/>\n<link rel=\"canonical\" href=\"https:\/\/www.danby.com\/fr\/products\/climatiseurs-de-fenetre\/dac100eb2gdb\/\" \/>\n<meta property=\"og:locale\" content=\"fr_CA\" \/>\n<meta property=\"og:type\" content=\"article\" \/>\n<meta property=\"og:title\" content=\"Climatiseur de fen\u00eatre Danby 10 000 BTU - DAC100EB2GDB | Danby Canada\" \/>\n<meta property=\"og:description\" content=\"Ne perdez pas votre calme cet \u00e9t\u00e9 lorsque la chaleur \u00e9touffante arrive. Il est facile de rester rafra\u00eechi avec ce climatiseur de fen\u00eatre de 10 000 BTU de Danby. Cet appareil conforme \u00e0 la norme Energy Star est con\u00e7u pour rafra\u00eechir des pi\u00e8ces d&#039;une superficie maximale de 450 pieds carr\u00e9s, ce qui le rend id\u00e9al pour les condos, les appartements et les bureaux. Il est respectueux de l&#039;environnement gr\u00e2ce au r\u00e9frig\u00e9rant R410A utilis\u00e9 et son taux d&#039;efficacit\u00e9 \u00e9nerg\u00e9tique (EER) de 11,3 vous aide \u00e0 minimiser le co\u00fbt \u00e9lev\u00e9 de l&#039;\u00e9lectricit\u00e9. Vous pourrez \u00e9galement r\u00e9duire vos factures gr\u00e2ce \u00e0 l&#039;interrupteur intelligent d&#039;\u00e9conomie d&#039;\u00e9nergie de l&#039;appareil, qui est capable d&#039;allumer et d&#039;\u00e9teindre le ventilateur de l&#039;appareil m\u00eame apr\u00e8s l&#039;arr\u00eat du compresseur. Cet \u00e9l\u00e9gant climatiseur est dot\u00e9 d&#039;un syst\u00e8me d&#039;orientation de l&#039;air \u00e0 quatre voies et la commande variable et la t\u00e9l\u00e9commande vous permettent de r\u00e9gler la temp\u00e9rature entre 17 \u00b0C et 30 \u00b0C (62,6 \u00b0F - 86 \u00b0F). L&#039;\u00e9cran \u00e9lectronique \u00e0 LED permet une visualisation facile, et un mode veille permet de maintenir le confort de la pi\u00e8ce pendant la nuit. Ce mod\u00e8le \u00e0 la mode b\u00e9n\u00e9ficie \u00e9galement d&#039;une garantie de 12 mois sur les pi\u00e8ces et la main-d&#039;\u0153uvre avec un service \u00e0 domicile.\" \/>\n<meta property=\"og:url\" content=\"https:\/\/www.danby.com\/fr\/products\/climatiseurs-de-fenetre\/dac100eb2gdb\/\" \/>\n<meta property=\"og:site_name\" content=\"Danby - Canada - French\" \/>\n<meta property=\"article:publisher\" content=\"https:\/\/www.facebook.com\/DanbyAppliances\" \/>\n<meta property=\"article:modified_time\" content=\"2026-04-19T10:06:29+00:00\" \/>\n<meta property=\"og:image\" content=\"https:\/\/cdnweb.danby.com\/wp-content\/uploads\/sites\/2\/2022\/02\/08181946\/Medium-DAC060_080_100EB2GDB13.jpg\" \/>\n\t<meta property=\"og:image:width\" content=\"300\" \/>\n\t<meta property=\"og:image:height\" content=\"272\" \/>\n\t<meta property=\"og:image:type\" content=\"image\/jpeg\" \/>\n<meta name=\"twitter:card\" content=\"summary_large_image\" \/>\n<meta name=\"twitter:site\" content=\"@DanbyAppliance\" \/>\n<script type=\"application\/ld+json\" class=\"yoast-schema-graph\">{\"@context\":\"https:\/\/schema.org\",\"@graph\":[{\"@type\":[\"WebPage\",\"ItemPage\"],\"url\":\"https:\/\/www.danby.com\/fr\/products\/climatiseurs-de-fenetre\/dac100eb2gdb\/\",\"name\":\"Climatiseur de fen\u00eatre Danby 10 000 BTU - DAC100EB2GDB | Danby Canada\",\"isPartOf\":[],\"primaryImageOfPage\":[],\"image\":[],\"thumbnailUrl\":\"https:\/\/cdnweb.danby.com\/wp-content\/uploads\/sites\/2\/2022\/02\/08181946\/Medium-DAC060_080_100EB2GDB13.jpg\",\"datePublished\":\"2022-02-03T19:12:03+00:00\",\"dateModified\":\"2026-04-19T10:06:29+00:00\",\"description\":\"Ne perdez pas votre calme cet \u00e9t\u00e9 lorsque la chaleur \u00e9touffante arrive. Il est facile de rester rafra\u00eechi avec ce climatiseur de fen\u00eatre de 10 000 BTU de Danby. Cet appareil conforme \u00e0 la norme Energy Star est con\u00e7u pour rafra\u00eechir des pi\u00e8ces d'une superficie maximale de 450 pieds carr\u00e9s, ce qui le rend id\u00e9al pour les condos, les appartements et les bureaux. Il est respectueux de l'environnement gr\u00e2ce au r\u00e9frig\u00e9rant R410A utilis\u00e9 et son taux d'efficacit\u00e9 \u00e9nerg\u00e9tique (EER) de 11,3 vous aide \u00e0 minimiser le co\u00fbt \u00e9lev\u00e9 de l'\u00e9lectricit\u00e9. Vous pourrez \u00e9galement r\u00e9duire vos factures gr\u00e2ce \u00e0 l'interrupteur intelligent d'\u00e9conomie d'\u00e9nergie de l'appareil, qui est capable d'allumer et d'\u00e9teindre le ventilateur de l'appareil m\u00eame apr\u00e8s l'arr\u00eat du compresseur. Cet \u00e9l\u00e9gant climatiseur est dot\u00e9 d'un syst\u00e8me d'orientation de l'air \u00e0 quatre voies et la commande variable et la t\u00e9l\u00e9commande vous permettent de r\u00e9gler la temp\u00e9rature entre 17 \u00b0C et 30 \u00b0C (62,6 \u00b0F - 86 \u00b0F). L'\u00e9cran \u00e9lectronique \u00e0 LED permet une visualisation facile, et un mode veille permet de maintenir le confort de la pi\u00e8ce pendant la nuit. Ce mod\u00e8le \u00e0 la mode b\u00e9n\u00e9ficie \u00e9galement d'une garantie de 12 mois sur les pi\u00e8ces et la main-d'\u0153uvre avec un service \u00e0 domicile.\",\"breadcrumb\":[],\"inLanguage\":\"fr-CA\",\"potentialAction\":[{\"@type\":\"ReadAction\",\"target\":[\"https:\/\/www.danby.com\/fr\/products\/climatiseurs-de-fenetre\/dac100eb2gdb\/\"]}]},{\"@type\":\"ImageObject\",\"inLanguage\":\"fr-CA\",\"url\":\"https:\/\/cdnweb.danby.com\/wp-content\/uploads\/sites\/2\/2022\/02\/08181946\/Medium-DAC060_080_100EB2GDB13.jpg\",\"contentUrl\":\"https:\/\/cdnweb.danby.com\/wp-content\/uploads\/sites\/2\/2022\/02\/08181946\/Medium-DAC060_080_100EB2GDB13.jpg\",\"width\":300,\"height\":272},{\"@type\":\"BreadcrumbList\",\"itemListElement\":[{\"@type\":\"ListItem\",\"position\":1,\"name\":\"Home\",\"item\":\"https:\/\/www.danby.com\/fr\/\"},{\"@type\":\"ListItem\",\"position\":2,\"name\":\"Boutique\",\"item\":\"https:\/\/www.danby.com\/fr\/boutique\/\"},{\"@type\":\"ListItem\",\"position\":3,\"name\":\"Climatiseur de fen\u00eatre Danby 10 000 BTU\"}]},{\"@type\":\"WebSite\",\"url\":\"https:\/\/www.danby.com\/fr\/\",\"name\":\"Danby - Canada - French\",\"description\":\"Leader dans le domaine de la r\u00e9frig\u00e9ration et des appareils sp\u00e9cialis\u00e9s\",\"publisher\":[],\"potentialAction\":[{\"@type\":\"SearchAction\",\"target\":{\"@type\":\"EntryPoint\",\"urlTemplate\":\"https:\/\/www.danby.com\/fr\/?s={search_term_string}\"},\"query-input\":{\"@type\":\"PropertyValueSpecification\",\"valueRequired\":true,\"valueName\":\"search_term_string\"}}],\"inLanguage\":\"fr-CA\"},{\"@type\":\"Organization\",\"name\":\"Danby Appliances\",\"url\":\"https:\/\/www.danby.com\/fr\/\",\"logo\":{\"@type\":\"ImageObject\",\"inLanguage\":\"fr-CA\",\"url\":\"https:\/\/cdnweb.danby.com\/wp-content\/uploads\/sites\/2\/2022\/02\/10141906\/Danby75Ans_Blue.png\",\"contentUrl\":\"https:\/\/cdnweb.danby.com\/wp-content\/uploads\/sites\/2\/2022\/02\/10141906\/Danby75Ans_Blue.png\",\"width\":470,\"height\":110,\"caption\":\"Danby Appliances\"},\"image\":[],\"sameAs\":[\"https:\/\/www.facebook.com\/DanbyAppliances\",\"https:\/\/x.com\/DanbyAppliance\",\"https:\/\/instagram.com\/danbyappliances\/\",\"https:\/\/www.linkedin.com\/company\/danbyappliances\",\"https:\/\/www.pinterest.ca\/danbyappliances\/\",\"https:\/\/www.youtube.com\/user\/DanbyProducts\",\"https:\/\/en.wikipedia.org\/wiki\/Danby_(appliances)\"]}]}<\/script>\n<!-- \/ Yoast SEO plugin. -->","yoast_head_json":{"title":"Climatiseur de fen\u00eatre Danby 10 000 BTU - DAC100EB2GDB | Danby Canada","description":"Ne perdez pas votre calme cet \u00e9t\u00e9 lorsque la chaleur \u00e9touffante arrive. Il est facile de rester rafra\u00eechi avec ce climatiseur de fen\u00eatre de 10 000 BTU de Danby. Cet appareil conforme \u00e0 la norme Energy Star est con\u00e7u pour rafra\u00eechir des pi\u00e8ces d'une superficie maximale de 450 pieds carr\u00e9s, ce qui le rend id\u00e9al pour les condos, les appartements et les bureaux. Il est respectueux de l'environnement gr\u00e2ce au r\u00e9frig\u00e9rant R410A utilis\u00e9 et son taux d'efficacit\u00e9 \u00e9nerg\u00e9tique (EER) de 11,3 vous aide \u00e0 minimiser le co\u00fbt \u00e9lev\u00e9 de l'\u00e9lectricit\u00e9. Vous pourrez \u00e9galement r\u00e9duire vos factures gr\u00e2ce \u00e0 l'interrupteur intelligent d'\u00e9conomie d'\u00e9nergie de l'appareil, qui est capable d'allumer et d'\u00e9teindre le ventilateur de l'appareil m\u00eame apr\u00e8s l'arr\u00eat du compresseur. Cet \u00e9l\u00e9gant climatiseur est dot\u00e9 d'un syst\u00e8me d'orientation de l'air \u00e0 quatre voies et la commande variable et la t\u00e9l\u00e9commande vous permettent de r\u00e9gler la temp\u00e9rature entre 17 \u00b0C et 30 \u00b0C (62,6 \u00b0F - 86 \u00b0F). L'\u00e9cran \u00e9lectronique \u00e0 LED permet une visualisation facile, et un mode veille permet de maintenir le confort de la pi\u00e8ce pendant la nuit. Ce mod\u00e8le \u00e0 la mode b\u00e9n\u00e9ficie \u00e9galement d'une garantie de 12 mois sur les pi\u00e8ces et la main-d'\u0153uvre avec un service \u00e0 domicile.","robots":{"index":"index","follow":"follow","max-snippet":"max-snippet:-1","max-image-preview":"max-image-preview:large","max-video-preview":"max-video-preview:-1"},"canonical":"https:\/\/www.danby.com\/fr\/products\/climatiseurs-de-fenetre\/dac100eb2gdb\/","og_locale":"fr_CA","og_type":"article","og_title":"Climatiseur de fen\u00eatre Danby 10 000 BTU - DAC100EB2GDB | Danby Canada","og_description":"Ne perdez pas votre calme cet \u00e9t\u00e9 lorsque la chaleur \u00e9touffante arrive. Il est facile de rester rafra\u00eechi avec ce climatiseur de fen\u00eatre de 10 000 BTU de Danby. Cet appareil conforme \u00e0 la norme Energy Star est con\u00e7u pour rafra\u00eechir des pi\u00e8ces d'une superficie maximale de 450 pieds carr\u00e9s, ce qui le rend id\u00e9al pour les condos, les appartements et les bureaux. Il est respectueux de l'environnement gr\u00e2ce au r\u00e9frig\u00e9rant R410A utilis\u00e9 et son taux d'efficacit\u00e9 \u00e9nerg\u00e9tique (EER) de 11,3 vous aide \u00e0 minimiser le co\u00fbt \u00e9lev\u00e9 de l'\u00e9lectricit\u00e9. Vous pourrez \u00e9galement r\u00e9duire vos factures gr\u00e2ce \u00e0 l'interrupteur intelligent d'\u00e9conomie d'\u00e9nergie de l'appareil, qui est capable d'allumer et d'\u00e9teindre le ventilateur de l'appareil m\u00eame apr\u00e8s l'arr\u00eat du compresseur. Cet \u00e9l\u00e9gant climatiseur est dot\u00e9 d'un syst\u00e8me d'orientation de l'air \u00e0 quatre voies et la commande variable et la t\u00e9l\u00e9commande vous permettent de r\u00e9gler la temp\u00e9rature entre 17 \u00b0C et 30 \u00b0C (62,6 \u00b0F - 86 \u00b0F). L'\u00e9cran \u00e9lectronique \u00e0 LED permet une visualisation facile, et un mode veille permet de maintenir le confort de la pi\u00e8ce pendant la nuit. Ce mod\u00e8le \u00e0 la mode b\u00e9n\u00e9ficie \u00e9galement d'une garantie de 12 mois sur les pi\u00e8ces et la main-d'\u0153uvre avec un service \u00e0 domicile.","og_url":"https:\/\/www.danby.com\/fr\/products\/climatiseurs-de-fenetre\/dac100eb2gdb\/","og_site_name":"Danby - Canada - French","article_publisher":"https:\/\/www.facebook.com\/DanbyAppliances","article_modified_time":"2026-04-19T10:06:29+00:00","og_image":[{"width":300,"height":272,"url":"https:\/\/cdnweb.danby.com\/wp-content\/uploads\/sites\/2\/2022\/02\/08181946\/Medium-DAC060_080_100EB2GDB13.jpg","type":"image\/jpeg"}],"twitter_card":"summary_large_image","twitter_site":"@DanbyAppliance","schema":{"@context":"https:\/\/schema.org","@graph":[{"@type":["WebPage","ItemPage"],"url":"https:\/\/www.danby.com\/fr\/products\/climatiseurs-de-fenetre\/dac100eb2gdb\/","name":"Climatiseur de fen\u00eatre Danby 10 000 BTU - DAC100EB2GDB | Danby Canada","isPartOf":[],"primaryImageOfPage":[],"image":[],"thumbnailUrl":"https:\/\/cdnweb.danby.com\/wp-content\/uploads\/sites\/2\/2022\/02\/08181946\/Medium-DAC060_080_100EB2GDB13.jpg","datePublished":"2022-02-03T19:12:03+00:00","dateModified":"2026-04-19T10:06:29+00:00","description":"Ne perdez pas votre calme cet \u00e9t\u00e9 lorsque la chaleur \u00e9touffante arrive. Il est facile de rester rafra\u00eechi avec ce climatiseur de fen\u00eatre de 10 000 BTU de Danby. Cet appareil conforme \u00e0 la norme Energy Star est con\u00e7u pour rafra\u00eechir des pi\u00e8ces d'une superficie maximale de 450 pieds carr\u00e9s, ce qui le rend id\u00e9al pour les condos, les appartements et les bureaux. Il est respectueux de l'environnement gr\u00e2ce au r\u00e9frig\u00e9rant R410A utilis\u00e9 et son taux d'efficacit\u00e9 \u00e9nerg\u00e9tique (EER) de 11,3 vous aide \u00e0 minimiser le co\u00fbt \u00e9lev\u00e9 de l'\u00e9lectricit\u00e9. Vous pourrez \u00e9galement r\u00e9duire vos factures gr\u00e2ce \u00e0 l'interrupteur intelligent d'\u00e9conomie d'\u00e9nergie de l'appareil, qui est capable d'allumer et d'\u00e9teindre le ventilateur de l'appareil m\u00eame apr\u00e8s l'arr\u00eat du compresseur. Cet \u00e9l\u00e9gant climatiseur est dot\u00e9 d'un syst\u00e8me d'orientation de l'air \u00e0 quatre voies et la commande variable et la t\u00e9l\u00e9commande vous permettent de r\u00e9gler la temp\u00e9rature entre 17 \u00b0C et 30 \u00b0C (62,6 \u00b0F - 86 \u00b0F). L'\u00e9cran \u00e9lectronique \u00e0 LED permet une visualisation facile, et un mode veille permet de maintenir le confort de la pi\u00e8ce pendant la nuit. Ce mod\u00e8le \u00e0 la mode b\u00e9n\u00e9ficie \u00e9galement d'une garantie de 12 mois sur les pi\u00e8ces et la main-d'\u0153uvre avec un service \u00e0 domicile.","breadcrumb":[],"inLanguage":"fr-CA","potentialAction":[{"@type":"ReadAction","target":["https:\/\/www.danby.com\/fr\/products\/climatiseurs-de-fenetre\/dac100eb2gdb\/"]}]},{"@type":"ImageObject","inLanguage":"fr-CA","url":"https:\/\/cdnweb.danby.com\/wp-content\/uploads\/sites\/2\/2022\/02\/08181946\/Medium-DAC060_080_100EB2GDB13.jpg","contentUrl":"https:\/\/cdnweb.danby.com\/wp-content\/uploads\/sites\/2\/2022\/02\/08181946\/Medium-DAC060_080_100EB2GDB13.jpg","width":300,"height":272},{"@type":"BreadcrumbList","itemListElement":[{"@type":"ListItem","position":1,"name":"Home","item":"https:\/\/www.danby.com\/fr\/"},{"@type":"ListItem","position":2,"name":"Boutique","item":"https:\/\/www.danby.com\/fr\/boutique\/"},{"@type":"ListItem","position":3,"name":"Climatiseur de fen\u00eatre Danby 10 000 BTU"}]},{"@type":"WebSite","url":"https:\/\/www.danby.com\/fr\/","name":"Danby - Canada - French","description":"Leader dans le domaine de la r\u00e9frig\u00e9ration et des appareils sp\u00e9cialis\u00e9s","publisher":[],"potentialAction":[{"@type":"SearchAction","target":{"@type":"EntryPoint","urlTemplate":"https:\/\/www.danby.com\/fr\/?s={search_term_string}"},"query-input":{"@type":"PropertyValueSpecification","valueRequired":true,"valueName":"search_term_string"}}],"inLanguage":"fr-CA"},{"@type":"Organization","name":"Danby Appliances","url":"https:\/\/www.danby.com\/fr\/","logo":{"@type":"ImageObject","inLanguage":"fr-CA","url":"https:\/\/cdnweb.danby.com\/wp-content\/uploads\/sites\/2\/2022\/02\/10141906\/Danby75Ans_Blue.png","contentUrl":"https:\/\/cdnweb.danby.com\/wp-content\/uploads\/sites\/2\/2022\/02\/10141906\/Danby75Ans_Blue.png","width":470,"height":110,"caption":"Danby Appliances"},"image":[],"sameAs":["https:\/\/www.facebook.com\/DanbyAppliances","https:\/\/x.com\/DanbyAppliance","https:\/\/instagram.com\/danbyappliances\/","https:\/\/www.linkedin.com\/company\/danbyappliances","https:\/\/www.pinterest.ca\/danbyappliances\/","https:\/\/www.youtube.com\/user\/DanbyProducts","https:\/\/en.wikipedia.org\/wiki\/Danby_(appliances)"]}]}},"post_mailing_queue_ids":[],"_links":{"self":[{"href":"https:\/\/www.danby.com\/fr\/wp-json\/wp\/v2\/product\/4521","targetHints":{"allow":["GET"]}}],"collection":[{"href":"https:\/\/www.danby.com\/fr\/wp-json\/wp\/v2\/product"}],"about":[{"href":"https:\/\/www.danby.com\/fr\/wp-json\/wp\/v2\/types\/product"}],"replies":[{"embeddable":true,"href":"https:\/\/www.danby.com\/fr\/wp-json\/wp\/v2\/comments?post=4521"}],"wp:featuredmedia":[{"embeddable":true,"href":"https:\/\/www.danby.com\/fr\/wp-json\/wp\/v2\/media\/5764"}],"wp:attachment":[{"href":"https:\/\/www.danby.com\/fr\/wp-json\/wp\/v2\/media?parent=4521"}],"wp:term":[{"taxonomy":"product_brand","embeddable":true,"href":"https:\/\/www.danby.com\/fr\/wp-json\/wp\/v2\/product_brand?post=4521"},{"taxonomy":"product_cat","embeddable":true,"href":"https:\/\/www.danby.com\/fr\/wp-json\/wp\/v2\/product_cat?post=4521"},{"taxonomy":"product_tag","embeddable":true,"href":"https:\/\/www.danby.com\/fr\/wp-json\/wp\/v2\/product_tag?post=4521"}],"curies":[{"name":"wp","href":"https:\/\/api.w.org\/{rel}","templated":true}]}}