{"id":4514,"date":"2022-02-03T19:12:03","date_gmt":"2022-02-03T19:12:03","guid":{"rendered":"https:\/\/www.danby.com\/fr\/product\/dac10011e\/"},"modified":"2026-04-29T09:08:52","modified_gmt":"2026-04-29T09:08:52","slug":"dac10011e","status":"publish","type":"product","link":"https:\/\/www.danby.com\/fr\/products\/climatiseurs-de-fenetre\/dac10011e\/","title":{"rendered":"Climatiseur de fen\u00eatre Danby 10 000 BTU"},"content":{"rendered":"","protected":false},"excerpt":{"rendered":"<ul>\n<li>Le climatiseur de 10 000 BTU refroidit environ 450 pieds carr\u00e9s<\/li>\n<li>Compatible avec Energy Star\u00ae<\/li>\n<li>Cote d&#8217;efficacit\u00e9 \u00e9nerg\u00e9tique (EER) de 10.8<\/li>\n<li>Frigorig\u00e8ne R410A respectueux de l&#8217;environnement<\/li>\n<li>Commandes \u00e9lectroniques avec t\u00e9l\u00e9commande et affichage LED<\/li>\n<li>Direction de l&#8217;air \u00e0 4 voies<\/li>\n<li>Commande \u00e9lectronique variable de la temp\u00e9rature 17\u00b0C &#8211; 30\u00b0C (62,6\u00b0F &#8211; 86\u00b0F)<\/li>\n<li>Switch d&#8217;\u00e9conomie d&#8217;\u00e9nergie : Allume et \u00e9teint cycliquement le ventilateur apr\u00e8s l&#8217;arr\u00eat du compresseur<\/li>\n<li>Mode sommeil : Emp\u00eache la pi\u00e8ce de devenir trop froide la nuit<\/li>\n<li>Mise en marche\/arr\u00eat automatique : Faites en sorte que l&#8217;unit\u00e9 se mette en marche ou s&#8217;arr\u00eate en fonction de votre emploi du temps<\/li>\n<li>Le kit d&#8217;installation de fen\u00eatre extensible s&#8217;adapte aux fen\u00eatres de 23 4\/16&#8243;- 36 4\/16&#8243; de large<\/li>\n<li>Hauteur minimale de fen\u00eatre requise : 39.4 cm (15,5 po)<\/li>\n<\/ul>\n","protected":false},"featured_media":7169,"comment_status":"closed","ping_status":"open","template":"","meta":{"_acf_changed":false},"product_brand":[],"product_cat":[40],"product_tag":[],"class_list":{"0":"post-4514","1":"product","2":"type-product","3":"status-publish","4":"has-post-thumbnail","6":"product_cat-climatiseurs-de-fenetre","8":"first","9":"outofstock","10":"taxable","11":"shipping-taxable","12":"product-type-simple"},"acf":[],"yoast_head":"<!-- This site is optimized with the Yoast SEO plugin v27.5 - https:\/\/yoast.com\/product\/yoast-seo-wordpress\/ -->\n<title>Climatiseur de fen\u00eatre Danby 10 000 BTU - DAC10011E | Danby Canada<\/title>\n<meta name=\"description\" content=\"Vous pouvez vous permettre de lutter contre la chaleur estivale avec ce puissant climatiseur de fen\u00eatre de 10 000 BTU. Cet appareil est con\u00e7u pour stopper la chaleur et l&#039;humidit\u00e9 dans leur \u00e9lan, car il peut facilement rafra\u00eechir une surface allant jusqu&#039;\u00e0 450 pieds carr\u00e9s. Cet appareil de grande classe vous aidera \u00e9galement \u00e0 r\u00e9duire vos factures d&#039;\u00e9lectricit\u00e9 puisqu&#039;il est conforme \u00e0 la norme Energy Star avec un taux d&#039;efficacit\u00e9 \u00e9nerg\u00e9tique (EER) de 10,8. Ce mod\u00e8le ne nuit pas \u00e0 la couche d&#039;ozone puisqu&#039;il utilise le r\u00e9frig\u00e9rant \u00e9cologique R410A. Le climatiseur s&#039;attaque aux temp\u00e9ratures inconfortables avec une direction de l&#039;air \u00e0 quatre voies et il peut \u00eatre facilement programm\u00e9 par la t\u00e9l\u00e9commande int\u00e9gr\u00e9e et les r\u00e9glages \u00e9lectroniques affich\u00e9s par LED. Les temp\u00e9ratures peuvent \u00eatre r\u00e9gl\u00e9es entre 17\u00b0C et 30\u00b0C (62,6\u00b0F - 86\u00b0F) et la fonction marche\/arr\u00eat automatique vous permet de d\u00e9finir des heures de d\u00e9marrage et d&#039;arr\u00eat \u00e0 tout moment de la journ\u00e9e. Le ventilateur peut \u00eatre mis en marche et arr\u00eat\u00e9 apr\u00e8s l&#039;arr\u00eat du compresseur gr\u00e2ce \u00e0 l&#039;interrupteur intelligent d&#039;\u00e9conomie d&#039;\u00e9nergie et le mode veille permet de s&#039;assurer que votre chambre ne devient pas trop froide pendant votre sommeil. L&#039;appareil b\u00e9n\u00e9ficie \u00e9galement d&#039;une garantie de 12 mois sur toutes les pi\u00e8ces et la main-d&#039;\u0153uvre avec un service \u00e0 domicile.\" \/>\n<meta name=\"robots\" content=\"index, follow, max-snippet:-1, max-image-preview:large, max-video-preview:-1\" \/>\n<link rel=\"canonical\" href=\"https:\/\/www.danby.com\/fr\/products\/climatiseurs-de-fenetre\/dac10011e\/\" \/>\n<meta property=\"og:locale\" content=\"fr_CA\" \/>\n<meta property=\"og:type\" content=\"article\" \/>\n<meta property=\"og:title\" content=\"Climatiseur de fen\u00eatre Danby 10 000 BTU - DAC10011E | Danby Canada\" \/>\n<meta property=\"og:description\" content=\"Vous pouvez vous permettre de lutter contre la chaleur estivale avec ce puissant climatiseur de fen\u00eatre de 10 000 BTU. Cet appareil est con\u00e7u pour stopper la chaleur et l&#039;humidit\u00e9 dans leur \u00e9lan, car il peut facilement rafra\u00eechir une surface allant jusqu&#039;\u00e0 450 pieds carr\u00e9s. Cet appareil de grande classe vous aidera \u00e9galement \u00e0 r\u00e9duire vos factures d&#039;\u00e9lectricit\u00e9 puisqu&#039;il est conforme \u00e0 la norme Energy Star avec un taux d&#039;efficacit\u00e9 \u00e9nerg\u00e9tique (EER) de 10,8. Ce mod\u00e8le ne nuit pas \u00e0 la couche d&#039;ozone puisqu&#039;il utilise le r\u00e9frig\u00e9rant \u00e9cologique R410A. Le climatiseur s&#039;attaque aux temp\u00e9ratures inconfortables avec une direction de l&#039;air \u00e0 quatre voies et il peut \u00eatre facilement programm\u00e9 par la t\u00e9l\u00e9commande int\u00e9gr\u00e9e et les r\u00e9glages \u00e9lectroniques affich\u00e9s par LED. Les temp\u00e9ratures peuvent \u00eatre r\u00e9gl\u00e9es entre 17\u00b0C et 30\u00b0C (62,6\u00b0F - 86\u00b0F) et la fonction marche\/arr\u00eat automatique vous permet de d\u00e9finir des heures de d\u00e9marrage et d&#039;arr\u00eat \u00e0 tout moment de la journ\u00e9e. Le ventilateur peut \u00eatre mis en marche et arr\u00eat\u00e9 apr\u00e8s l&#039;arr\u00eat du compresseur gr\u00e2ce \u00e0 l&#039;interrupteur intelligent d&#039;\u00e9conomie d&#039;\u00e9nergie et le mode veille permet de s&#039;assurer que votre chambre ne devient pas trop froide pendant votre sommeil. L&#039;appareil b\u00e9n\u00e9ficie \u00e9galement d&#039;une garantie de 12 mois sur toutes les pi\u00e8ces et la main-d&#039;\u0153uvre avec un service \u00e0 domicile.\" \/>\n<meta property=\"og:url\" content=\"https:\/\/www.danby.com\/fr\/products\/climatiseurs-de-fenetre\/dac10011e\/\" \/>\n<meta property=\"og:site_name\" content=\"Danby - Canada - French\" \/>\n<meta property=\"article:publisher\" content=\"https:\/\/www.facebook.com\/DanbyAppliances\" \/>\n<meta property=\"article:modified_time\" content=\"2026-04-29T09:08:52+00:00\" \/>\n<meta property=\"og:image\" content=\"https:\/\/cdnweb.danby.com\/wp-content\/uploads\/sites\/2\/2022\/02\/08192029\/proMed-dac6011e.jpg\" \/>\n\t<meta property=\"og:image:width\" content=\"300\" \/>\n\t<meta property=\"og:image:height\" content=\"272\" \/>\n\t<meta property=\"og:image:type\" content=\"image\/jpeg\" \/>\n<meta name=\"twitter:card\" content=\"summary_large_image\" \/>\n<meta name=\"twitter:site\" content=\"@DanbyAppliance\" \/>\n<script type=\"application\/ld+json\" class=\"yoast-schema-graph\">{\"@context\":\"https:\\\/\\\/schema.org\",\"@graph\":[{\"@type\":[\"WebPage\",\"ItemPage\"],\"url\":\"https:\\\/\\\/www.danby.com\\\/fr\\\/products\\\/climatiseurs-de-fenetre\\\/dac10011e\\\/\",\"name\":\"Climatiseur de fen\u00eatre Danby 10 000 BTU - DAC10011E | Danby Canada\",\"isPartOf\":[],\"primaryImageOfPage\":[],\"image\":[],\"thumbnailUrl\":\"https:\\\/\\\/cdnweb.danby.com\\\/wp-content\\\/uploads\\\/sites\\\/2\\\/2022\\\/02\\\/08192029\\\/proMed-dac6011e.jpg\",\"datePublished\":\"2022-02-03T19:12:03+00:00\",\"dateModified\":\"2026-04-29T09:08:52+00:00\",\"description\":\"Vous pouvez vous permettre de lutter contre la chaleur estivale avec ce puissant climatiseur de fen\u00eatre de 10 000 BTU. Cet appareil est con\u00e7u pour stopper la chaleur et l'humidit\u00e9 dans leur \u00e9lan, car il peut facilement rafra\u00eechir une surface allant jusqu'\u00e0 450 pieds carr\u00e9s. Cet appareil de grande classe vous aidera \u00e9galement \u00e0 r\u00e9duire vos factures d'\u00e9lectricit\u00e9 puisqu'il est conforme \u00e0 la norme Energy Star avec un taux d'efficacit\u00e9 \u00e9nerg\u00e9tique (EER) de 10,8. Ce mod\u00e8le ne nuit pas \u00e0 la couche d'ozone puisqu'il utilise le r\u00e9frig\u00e9rant \u00e9cologique R410A. Le climatiseur s'attaque aux temp\u00e9ratures inconfortables avec une direction de l'air \u00e0 quatre voies et il peut \u00eatre facilement programm\u00e9 par la t\u00e9l\u00e9commande int\u00e9gr\u00e9e et les r\u00e9glages \u00e9lectroniques affich\u00e9s par LED. Les temp\u00e9ratures peuvent \u00eatre r\u00e9gl\u00e9es entre 17\u00b0C et 30\u00b0C (62,6\u00b0F - 86\u00b0F) et la fonction marche\\\/arr\u00eat automatique vous permet de d\u00e9finir des heures de d\u00e9marrage et d'arr\u00eat \u00e0 tout moment de la journ\u00e9e. Le ventilateur peut \u00eatre mis en marche et arr\u00eat\u00e9 apr\u00e8s l'arr\u00eat du compresseur gr\u00e2ce \u00e0 l'interrupteur intelligent d'\u00e9conomie d'\u00e9nergie et le mode veille permet de s'assurer que votre chambre ne devient pas trop froide pendant votre sommeil. L'appareil b\u00e9n\u00e9ficie \u00e9galement d'une garantie de 12 mois sur toutes les pi\u00e8ces et la main-d'\u0153uvre avec un service \u00e0 domicile.\",\"breadcrumb\":[],\"inLanguage\":\"fr-CA\",\"potentialAction\":[{\"@type\":\"ReadAction\",\"target\":[\"https:\\\/\\\/www.danby.com\\\/fr\\\/products\\\/climatiseurs-de-fenetre\\\/dac10011e\\\/\"]}]},{\"@type\":\"ImageObject\",\"inLanguage\":\"fr-CA\",\"url\":\"https:\\\/\\\/cdnweb.danby.com\\\/wp-content\\\/uploads\\\/sites\\\/2\\\/2022\\\/02\\\/08192029\\\/proMed-dac6011e.jpg\",\"contentUrl\":\"https:\\\/\\\/cdnweb.danby.com\\\/wp-content\\\/uploads\\\/sites\\\/2\\\/2022\\\/02\\\/08192029\\\/proMed-dac6011e.jpg\",\"width\":300,\"height\":272},{\"@type\":\"BreadcrumbList\",\"itemListElement\":[{\"@type\":\"ListItem\",\"position\":1,\"name\":\"Home\",\"item\":\"https:\\\/\\\/www.danby.com\\\/fr\\\/\"},{\"@type\":\"ListItem\",\"position\":2,\"name\":\"Boutique\",\"item\":\"https:\\\/\\\/www.danby.com\\\/fr\\\/boutique\\\/\"},{\"@type\":\"ListItem\",\"position\":3,\"name\":\"Climatiseur de fen\u00eatre Danby 10 000 BTU\"}]},{\"@type\":\"WebSite\",\"url\":\"https:\\\/\\\/www.danby.com\\\/fr\\\/\",\"name\":\"Danby - Canada - French\",\"description\":\"Leader dans le domaine de la r\u00e9frig\u00e9ration et des appareils sp\u00e9cialis\u00e9s\",\"publisher\":[],\"potentialAction\":[{\"@type\":\"SearchAction\",\"target\":{\"@type\":\"EntryPoint\",\"urlTemplate\":\"https:\\\/\\\/www.danby.com\\\/fr\\\/?s={search_term_string}\"},\"query-input\":{\"@type\":\"PropertyValueSpecification\",\"valueRequired\":true,\"valueName\":\"search_term_string\"}}],\"inLanguage\":\"fr-CA\"},{\"@type\":\"Organization\",\"name\":\"Danby Appliances\",\"url\":\"https:\\\/\\\/www.danby.com\\\/fr\\\/\",\"logo\":{\"@type\":\"ImageObject\",\"inLanguage\":\"fr-CA\",\"url\":\"https:\\\/\\\/cdnweb.danby.com\\\/wp-content\\\/uploads\\\/sites\\\/2\\\/2022\\\/02\\\/10141906\\\/Danby75Ans_Blue.png\",\"contentUrl\":\"https:\\\/\\\/cdnweb.danby.com\\\/wp-content\\\/uploads\\\/sites\\\/2\\\/2022\\\/02\\\/10141906\\\/Danby75Ans_Blue.png\",\"width\":470,\"height\":110,\"caption\":\"Danby Appliances\"},\"image\":[],\"sameAs\":[\"https:\\\/\\\/www.facebook.com\\\/DanbyAppliances\",\"https:\\\/\\\/x.com\\\/DanbyAppliance\",\"https:\\\/\\\/instagram.com\\\/danbyappliances\\\/\",\"https:\\\/\\\/www.linkedin.com\\\/company\\\/danbyappliances\",\"https:\\\/\\\/www.pinterest.ca\\\/danbyappliances\\\/\",\"https:\\\/\\\/www.youtube.com\\\/user\\\/DanbyProducts\",\"https:\\\/\\\/en.wikipedia.org\\\/wiki\\\/Danby_(appliances)\"]}]}<\/script>\n<!-- \/ Yoast SEO plugin. -->","yoast_head_json":{"title":"Climatiseur de fen\u00eatre Danby 10 000 BTU - DAC10011E | Danby Canada","description":"Vous pouvez vous permettre de lutter contre la chaleur estivale avec ce puissant climatiseur de fen\u00eatre de 10 000 BTU. Cet appareil est con\u00e7u pour stopper la chaleur et l'humidit\u00e9 dans leur \u00e9lan, car il peut facilement rafra\u00eechir une surface allant jusqu'\u00e0 450 pieds carr\u00e9s. Cet appareil de grande classe vous aidera \u00e9galement \u00e0 r\u00e9duire vos factures d'\u00e9lectricit\u00e9 puisqu'il est conforme \u00e0 la norme Energy Star avec un taux d'efficacit\u00e9 \u00e9nerg\u00e9tique (EER) de 10,8. Ce mod\u00e8le ne nuit pas \u00e0 la couche d'ozone puisqu'il utilise le r\u00e9frig\u00e9rant \u00e9cologique R410A. Le climatiseur s'attaque aux temp\u00e9ratures inconfortables avec une direction de l'air \u00e0 quatre voies et il peut \u00eatre facilement programm\u00e9 par la t\u00e9l\u00e9commande int\u00e9gr\u00e9e et les r\u00e9glages \u00e9lectroniques affich\u00e9s par LED. Les temp\u00e9ratures peuvent \u00eatre r\u00e9gl\u00e9es entre 17\u00b0C et 30\u00b0C (62,6\u00b0F - 86\u00b0F) et la fonction marche\/arr\u00eat automatique vous permet de d\u00e9finir des heures de d\u00e9marrage et d'arr\u00eat \u00e0 tout moment de la journ\u00e9e. Le ventilateur peut \u00eatre mis en marche et arr\u00eat\u00e9 apr\u00e8s l'arr\u00eat du compresseur gr\u00e2ce \u00e0 l'interrupteur intelligent d'\u00e9conomie d'\u00e9nergie et le mode veille permet de s'assurer que votre chambre ne devient pas trop froide pendant votre sommeil. L'appareil b\u00e9n\u00e9ficie \u00e9galement d'une garantie de 12 mois sur toutes les pi\u00e8ces et la main-d'\u0153uvre avec un service \u00e0 domicile.","robots":{"index":"index","follow":"follow","max-snippet":"max-snippet:-1","max-image-preview":"max-image-preview:large","max-video-preview":"max-video-preview:-1"},"canonical":"https:\/\/www.danby.com\/fr\/products\/climatiseurs-de-fenetre\/dac10011e\/","og_locale":"fr_CA","og_type":"article","og_title":"Climatiseur de fen\u00eatre Danby 10 000 BTU - DAC10011E | Danby Canada","og_description":"Vous pouvez vous permettre de lutter contre la chaleur estivale avec ce puissant climatiseur de fen\u00eatre de 10 000 BTU. Cet appareil est con\u00e7u pour stopper la chaleur et l'humidit\u00e9 dans leur \u00e9lan, car il peut facilement rafra\u00eechir une surface allant jusqu'\u00e0 450 pieds carr\u00e9s. Cet appareil de grande classe vous aidera \u00e9galement \u00e0 r\u00e9duire vos factures d'\u00e9lectricit\u00e9 puisqu'il est conforme \u00e0 la norme Energy Star avec un taux d'efficacit\u00e9 \u00e9nerg\u00e9tique (EER) de 10,8. Ce mod\u00e8le ne nuit pas \u00e0 la couche d'ozone puisqu'il utilise le r\u00e9frig\u00e9rant \u00e9cologique R410A. Le climatiseur s'attaque aux temp\u00e9ratures inconfortables avec une direction de l'air \u00e0 quatre voies et il peut \u00eatre facilement programm\u00e9 par la t\u00e9l\u00e9commande int\u00e9gr\u00e9e et les r\u00e9glages \u00e9lectroniques affich\u00e9s par LED. Les temp\u00e9ratures peuvent \u00eatre r\u00e9gl\u00e9es entre 17\u00b0C et 30\u00b0C (62,6\u00b0F - 86\u00b0F) et la fonction marche\/arr\u00eat automatique vous permet de d\u00e9finir des heures de d\u00e9marrage et d'arr\u00eat \u00e0 tout moment de la journ\u00e9e. Le ventilateur peut \u00eatre mis en marche et arr\u00eat\u00e9 apr\u00e8s l'arr\u00eat du compresseur gr\u00e2ce \u00e0 l'interrupteur intelligent d'\u00e9conomie d'\u00e9nergie et le mode veille permet de s'assurer que votre chambre ne devient pas trop froide pendant votre sommeil. L'appareil b\u00e9n\u00e9ficie \u00e9galement d'une garantie de 12 mois sur toutes les pi\u00e8ces et la main-d'\u0153uvre avec un service \u00e0 domicile.","og_url":"https:\/\/www.danby.com\/fr\/products\/climatiseurs-de-fenetre\/dac10011e\/","og_site_name":"Danby - Canada - French","article_publisher":"https:\/\/www.facebook.com\/DanbyAppliances","article_modified_time":"2026-04-29T09:08:52+00:00","og_image":[{"width":300,"height":272,"url":"https:\/\/cdnweb.danby.com\/wp-content\/uploads\/sites\/2\/2022\/02\/08192029\/proMed-dac6011e.jpg","type":"image\/jpeg"}],"twitter_card":"summary_large_image","twitter_site":"@DanbyAppliance","schema":{"@context":"https:\/\/schema.org","@graph":[{"@type":["WebPage","ItemPage"],"url":"https:\/\/www.danby.com\/fr\/products\/climatiseurs-de-fenetre\/dac10011e\/","name":"Climatiseur de fen\u00eatre Danby 10 000 BTU - DAC10011E | Danby Canada","isPartOf":[],"primaryImageOfPage":[],"image":[],"thumbnailUrl":"https:\/\/cdnweb.danby.com\/wp-content\/uploads\/sites\/2\/2022\/02\/08192029\/proMed-dac6011e.jpg","datePublished":"2022-02-03T19:12:03+00:00","dateModified":"2026-04-29T09:08:52+00:00","description":"Vous pouvez vous permettre de lutter contre la chaleur estivale avec ce puissant climatiseur de fen\u00eatre de 10 000 BTU. Cet appareil est con\u00e7u pour stopper la chaleur et l'humidit\u00e9 dans leur \u00e9lan, car il peut facilement rafra\u00eechir une surface allant jusqu'\u00e0 450 pieds carr\u00e9s. Cet appareil de grande classe vous aidera \u00e9galement \u00e0 r\u00e9duire vos factures d'\u00e9lectricit\u00e9 puisqu'il est conforme \u00e0 la norme Energy Star avec un taux d'efficacit\u00e9 \u00e9nerg\u00e9tique (EER) de 10,8. Ce mod\u00e8le ne nuit pas \u00e0 la couche d'ozone puisqu'il utilise le r\u00e9frig\u00e9rant \u00e9cologique R410A. Le climatiseur s'attaque aux temp\u00e9ratures inconfortables avec une direction de l'air \u00e0 quatre voies et il peut \u00eatre facilement programm\u00e9 par la t\u00e9l\u00e9commande int\u00e9gr\u00e9e et les r\u00e9glages \u00e9lectroniques affich\u00e9s par LED. Les temp\u00e9ratures peuvent \u00eatre r\u00e9gl\u00e9es entre 17\u00b0C et 30\u00b0C (62,6\u00b0F - 86\u00b0F) et la fonction marche\/arr\u00eat automatique vous permet de d\u00e9finir des heures de d\u00e9marrage et d'arr\u00eat \u00e0 tout moment de la journ\u00e9e. Le ventilateur peut \u00eatre mis en marche et arr\u00eat\u00e9 apr\u00e8s l'arr\u00eat du compresseur gr\u00e2ce \u00e0 l'interrupteur intelligent d'\u00e9conomie d'\u00e9nergie et le mode veille permet de s'assurer que votre chambre ne devient pas trop froide pendant votre sommeil. L'appareil b\u00e9n\u00e9ficie \u00e9galement d'une garantie de 12 mois sur toutes les pi\u00e8ces et la main-d'\u0153uvre avec un service \u00e0 domicile.","breadcrumb":[],"inLanguage":"fr-CA","potentialAction":[{"@type":"ReadAction","target":["https:\/\/www.danby.com\/fr\/products\/climatiseurs-de-fenetre\/dac10011e\/"]}]},{"@type":"ImageObject","inLanguage":"fr-CA","url":"https:\/\/cdnweb.danby.com\/wp-content\/uploads\/sites\/2\/2022\/02\/08192029\/proMed-dac6011e.jpg","contentUrl":"https:\/\/cdnweb.danby.com\/wp-content\/uploads\/sites\/2\/2022\/02\/08192029\/proMed-dac6011e.jpg","width":300,"height":272},{"@type":"BreadcrumbList","itemListElement":[{"@type":"ListItem","position":1,"name":"Home","item":"https:\/\/www.danby.com\/fr\/"},{"@type":"ListItem","position":2,"name":"Boutique","item":"https:\/\/www.danby.com\/fr\/boutique\/"},{"@type":"ListItem","position":3,"name":"Climatiseur de fen\u00eatre Danby 10 000 BTU"}]},{"@type":"WebSite","url":"https:\/\/www.danby.com\/fr\/","name":"Danby - Canada - French","description":"Leader dans le domaine de la r\u00e9frig\u00e9ration et des appareils sp\u00e9cialis\u00e9s","publisher":[],"potentialAction":[{"@type":"SearchAction","target":{"@type":"EntryPoint","urlTemplate":"https:\/\/www.danby.com\/fr\/?s={search_term_string}"},"query-input":{"@type":"PropertyValueSpecification","valueRequired":true,"valueName":"search_term_string"}}],"inLanguage":"fr-CA"},{"@type":"Organization","name":"Danby Appliances","url":"https:\/\/www.danby.com\/fr\/","logo":{"@type":"ImageObject","inLanguage":"fr-CA","url":"https:\/\/cdnweb.danby.com\/wp-content\/uploads\/sites\/2\/2022\/02\/10141906\/Danby75Ans_Blue.png","contentUrl":"https:\/\/cdnweb.danby.com\/wp-content\/uploads\/sites\/2\/2022\/02\/10141906\/Danby75Ans_Blue.png","width":470,"height":110,"caption":"Danby Appliances"},"image":[],"sameAs":["https:\/\/www.facebook.com\/DanbyAppliances","https:\/\/x.com\/DanbyAppliance","https:\/\/instagram.com\/danbyappliances\/","https:\/\/www.linkedin.com\/company\/danbyappliances","https:\/\/www.pinterest.ca\/danbyappliances\/","https:\/\/www.youtube.com\/user\/DanbyProducts","https:\/\/en.wikipedia.org\/wiki\/Danby_(appliances)"]}]}},"post_mailing_queue_ids":[],"_links":{"self":[{"href":"https:\/\/www.danby.com\/fr\/wp-json\/wp\/v2\/product\/4514","targetHints":{"allow":["GET"]}}],"collection":[{"href":"https:\/\/www.danby.com\/fr\/wp-json\/wp\/v2\/product"}],"about":[{"href":"https:\/\/www.danby.com\/fr\/wp-json\/wp\/v2\/types\/product"}],"replies":[{"embeddable":true,"href":"https:\/\/www.danby.com\/fr\/wp-json\/wp\/v2\/comments?post=4514"}],"wp:featuredmedia":[{"embeddable":true,"href":"https:\/\/www.danby.com\/fr\/wp-json\/wp\/v2\/media\/7169"}],"wp:attachment":[{"href":"https:\/\/www.danby.com\/fr\/wp-json\/wp\/v2\/media?parent=4514"}],"wp:term":[{"taxonomy":"product_brand","embeddable":true,"href":"https:\/\/www.danby.com\/fr\/wp-json\/wp\/v2\/product_brand?post=4514"},{"taxonomy":"product_cat","embeddable":true,"href":"https:\/\/www.danby.com\/fr\/wp-json\/wp\/v2\/product_cat?post=4514"},{"taxonomy":"product_tag","embeddable":true,"href":"https:\/\/www.danby.com\/fr\/wp-json\/wp\/v2\/product_tag?post=4514"}],"curies":[{"name":"wp","href":"https:\/\/api.w.org\/{rel}","templated":true}]}}