{"id":4500,"date":"2022-02-03T19:11:48","date_gmt":"2022-02-03T19:11:48","guid":{"rendered":"https:\/\/www.danby.com\/fr\/product\/dac080eb2gdb\/"},"modified":"2026-05-01T10:06:20","modified_gmt":"2026-05-01T10:06:20","slug":"dac080eb2gdb","status":"publish","type":"product","link":"https:\/\/www.danby.com\/fr\/products\/climatiseurs-de-fenetre\/dac080eb2gdb\/","title":{"rendered":"Climatiseur de fen\u00eatre Danby 8 000 BTU"},"content":{"rendered":"","protected":false},"excerpt":{"rendered":"<ul>\n<li>Le climatiseur de 8 000 BTU refroidit environ 350 pi2<\/li>\n<li>Compatible avec Energy Star\u00ae<\/li>\n<li>Cote d&#8217;efficacit\u00e9 \u00e9nerg\u00e9tique (EER) de 11.3<\/li>\n<li>Frigorig\u00e8ne R410A respectueux de l&#8217;environnement<\/li>\n<li>Commandes \u00e9lectroniques avec t\u00e9l\u00e9commande et affichage LED<\/li>\n<li>Direction de l&#8217;air \u00e0 4 voies<\/li>\n<li>Commande \u00e9lectronique variable de la temp\u00e9rature 17\u00b0C &#8211; 30\u00b0C (62,6\u00b0F &#8211; 86\u00b0F)<\/li>\n<li>Switch d&#8217;\u00e9conomie d&#8217;\u00e9nergie : Active et d\u00e9sactive le ventilateur apr\u00e8s l&#8217;arr\u00eat du compresseur<\/li>\n<li>Mode sommeil : Emp\u00eache la pi\u00e8ce de devenir trop froide la nuit<\/li>\n<li>Mise en marche\/arr\u00eat automatique : Faites en sorte que l&#8217;unit\u00e9 se mette en marche ou s&#8217;arr\u00eate en fonction de votre emploi du temps<\/li>\n<li>Le kit d&#8217;installation de fen\u00eatre extensible s&#8217;adapte aux fen\u00eatres de 23 po \u00e0 36 po de largeur<\/li>\n<li>Hauteur minimale de fen\u00eatre requise : 14 po. (35,6 cm)<\/li>\n<\/ul>\n","protected":false},"featured_media":5768,"comment_status":"closed","ping_status":"open","template":"","meta":{"_acf_changed":false},"product_brand":[],"product_cat":[40],"product_tag":[],"class_list":{"0":"post-4500","1":"product","2":"type-product","3":"status-publish","4":"has-post-thumbnail","6":"product_cat-climatiseurs-de-fenetre","8":"first","9":"outofstock","10":"taxable","11":"shipping-taxable","12":"product-type-simple"},"acf":[],"yoast_head":"<!-- This site is optimized with the Yoast SEO plugin v27.5 - https:\/\/yoast.com\/product\/yoast-seo-wordpress\/ -->\n<title>Climatiseur de fen\u00eatre Danby 8 000 BTU - DAC080EB2GDB | Danby Canada<\/title>\n<meta name=\"description\" content=\"Il est toujours plus facile de supporter la chaleur et la viscosit\u00e9 de l&#039;\u00e9t\u00e9 si votre maison est maintenue fra\u00eeche et confortable. Vous pouvez \u00eatre s\u00fbr de garder la chaleur \u00e0 l&#039;ext\u00e9rieur avec ce populaire climatiseur de fen\u00eatre de 8 000 BTU conforme \u00e0 la norme Energy Star. L&#039;appareil peut facilement refroidir une surface allant jusqu&#039;\u00e0 350 pieds carr\u00e9s lorsqu&#039;il fait chaud \u00e0 l&#039;ext\u00e9rieur et la cote d&#039;efficacit\u00e9 \u00e9nerg\u00e9tique (EER) de 11,3 aidera \u00e0 r\u00e9duire les factures d&#039;\u00e9lectricit\u00e9 co\u00fbteuses. Cet appareil attrayant est dot\u00e9 d&#039;une direction de l&#039;air bidirectionnelle ainsi que d&#039;une commande de temp\u00e9rature \u00e9lectronique \u00e0 DEL facile \u00e0 programmer, qui peut \u00eatre programm\u00e9e \u00e0 distance. La fonction de d\u00e9marrage et d&#039;arr\u00eat automatiques de l&#039;appareil permet de respecter votre emploi du temps personnel et le mode veille est tr\u00e8s pratique pour dormir. Le climatiseur fonctionne avec le r\u00e9frig\u00e9rant \u00e9cologique R410A. La temp\u00e9rature peut \u00eatre r\u00e9gl\u00e9e entre 17\u00b0C et 30\u00b0C (62,6\u00b0F - 86\u00b0F) gr\u00e2ce \u00e0 la commande \u00e9lectronique variable. Vous pouvez \u00e9galement \u00e9conomiser de l&#039;\u00e9nergie gr\u00e2ce \u00e0 l&#039;interrupteur d&#039;\u00e9conomie d&#039;\u00e9nergie qui active et d\u00e9sactive le ventilateur de l&#039;appareil apr\u00e8s l&#039;arr\u00eat du compresseur. Cet \u00e9l\u00e9gant mod\u00e8le offre une tranquillit\u00e9 d&#039;esprit puisqu&#039;il est accompagn\u00e9 d&#039;une garantie de 12 mois sur toutes les pi\u00e8ces et la main-d&#039;\u0153uvre.\" \/>\n<meta name=\"robots\" content=\"index, follow, max-snippet:-1, max-image-preview:large, max-video-preview:-1\" \/>\n<link rel=\"canonical\" href=\"https:\/\/www.danby.com\/fr\/products\/climatiseurs-de-fenetre\/dac080eb2gdb\/\" \/>\n<meta property=\"og:locale\" content=\"fr_CA\" \/>\n<meta property=\"og:type\" content=\"article\" \/>\n<meta property=\"og:title\" content=\"Climatiseur de fen\u00eatre Danby 8 000 BTU - DAC080EB2GDB | Danby Canada\" \/>\n<meta property=\"og:description\" content=\"Il est toujours plus facile de supporter la chaleur et la viscosit\u00e9 de l&#039;\u00e9t\u00e9 si votre maison est maintenue fra\u00eeche et confortable. Vous pouvez \u00eatre s\u00fbr de garder la chaleur \u00e0 l&#039;ext\u00e9rieur avec ce populaire climatiseur de fen\u00eatre de 8 000 BTU conforme \u00e0 la norme Energy Star. L&#039;appareil peut facilement refroidir une surface allant jusqu&#039;\u00e0 350 pieds carr\u00e9s lorsqu&#039;il fait chaud \u00e0 l&#039;ext\u00e9rieur et la cote d&#039;efficacit\u00e9 \u00e9nerg\u00e9tique (EER) de 11,3 aidera \u00e0 r\u00e9duire les factures d&#039;\u00e9lectricit\u00e9 co\u00fbteuses. Cet appareil attrayant est dot\u00e9 d&#039;une direction de l&#039;air bidirectionnelle ainsi que d&#039;une commande de temp\u00e9rature \u00e9lectronique \u00e0 DEL facile \u00e0 programmer, qui peut \u00eatre programm\u00e9e \u00e0 distance. La fonction de d\u00e9marrage et d&#039;arr\u00eat automatiques de l&#039;appareil permet de respecter votre emploi du temps personnel et le mode veille est tr\u00e8s pratique pour dormir. Le climatiseur fonctionne avec le r\u00e9frig\u00e9rant \u00e9cologique R410A. La temp\u00e9rature peut \u00eatre r\u00e9gl\u00e9e entre 17\u00b0C et 30\u00b0C (62,6\u00b0F - 86\u00b0F) gr\u00e2ce \u00e0 la commande \u00e9lectronique variable. Vous pouvez \u00e9galement \u00e9conomiser de l&#039;\u00e9nergie gr\u00e2ce \u00e0 l&#039;interrupteur d&#039;\u00e9conomie d&#039;\u00e9nergie qui active et d\u00e9sactive le ventilateur de l&#039;appareil apr\u00e8s l&#039;arr\u00eat du compresseur. Cet \u00e9l\u00e9gant mod\u00e8le offre une tranquillit\u00e9 d&#039;esprit puisqu&#039;il est accompagn\u00e9 d&#039;une garantie de 12 mois sur toutes les pi\u00e8ces et la main-d&#039;\u0153uvre.\" \/>\n<meta property=\"og:url\" content=\"https:\/\/www.danby.com\/fr\/products\/climatiseurs-de-fenetre\/dac080eb2gdb\/\" \/>\n<meta property=\"og:site_name\" content=\"Danby - Canada - French\" \/>\n<meta property=\"article:publisher\" content=\"https:\/\/www.facebook.com\/DanbyAppliances\" \/>\n<meta property=\"article:modified_time\" content=\"2026-05-01T10:06:20+00:00\" \/>\n<meta property=\"og:image\" content=\"https:\/\/cdnweb.danby.com\/wp-content\/uploads\/sites\/2\/2022\/02\/08181953\/Medium-DAC060_080_100EB2GDB10.jpg\" \/>\n\t<meta property=\"og:image:width\" content=\"300\" \/>\n\t<meta property=\"og:image:height\" content=\"272\" \/>\n\t<meta property=\"og:image:type\" content=\"image\/jpeg\" \/>\n<meta name=\"twitter:card\" content=\"summary_large_image\" \/>\n<meta name=\"twitter:site\" content=\"@DanbyAppliance\" \/>\n<script type=\"application\/ld+json\" class=\"yoast-schema-graph\">{\"@context\":\"https:\\\/\\\/schema.org\",\"@graph\":[{\"@type\":[\"WebPage\",\"ItemPage\"],\"url\":\"https:\\\/\\\/www.danby.com\\\/fr\\\/products\\\/climatiseurs-de-fenetre\\\/dac080eb2gdb\\\/\",\"name\":\"Climatiseur de fen\u00eatre Danby 8 000 BTU - DAC080EB2GDB | Danby Canada\",\"isPartOf\":[],\"primaryImageOfPage\":[],\"image\":[],\"thumbnailUrl\":\"https:\\\/\\\/cdnweb.danby.com\\\/wp-content\\\/uploads\\\/sites\\\/2\\\/2022\\\/02\\\/08181953\\\/Medium-DAC060_080_100EB2GDB10.jpg\",\"datePublished\":\"2022-02-03T19:11:48+00:00\",\"dateModified\":\"2026-05-01T10:06:20+00:00\",\"description\":\"Il est toujours plus facile de supporter la chaleur et la viscosit\u00e9 de l'\u00e9t\u00e9 si votre maison est maintenue fra\u00eeche et confortable. Vous pouvez \u00eatre s\u00fbr de garder la chaleur \u00e0 l'ext\u00e9rieur avec ce populaire climatiseur de fen\u00eatre de 8 000 BTU conforme \u00e0 la norme Energy Star. L'appareil peut facilement refroidir une surface allant jusqu'\u00e0 350 pieds carr\u00e9s lorsqu'il fait chaud \u00e0 l'ext\u00e9rieur et la cote d'efficacit\u00e9 \u00e9nerg\u00e9tique (EER) de 11,3 aidera \u00e0 r\u00e9duire les factures d'\u00e9lectricit\u00e9 co\u00fbteuses. Cet appareil attrayant est dot\u00e9 d'une direction de l'air bidirectionnelle ainsi que d'une commande de temp\u00e9rature \u00e9lectronique \u00e0 DEL facile \u00e0 programmer, qui peut \u00eatre programm\u00e9e \u00e0 distance. La fonction de d\u00e9marrage et d'arr\u00eat automatiques de l'appareil permet de respecter votre emploi du temps personnel et le mode veille est tr\u00e8s pratique pour dormir. Le climatiseur fonctionne avec le r\u00e9frig\u00e9rant \u00e9cologique R410A. La temp\u00e9rature peut \u00eatre r\u00e9gl\u00e9e entre 17\u00b0C et 30\u00b0C (62,6\u00b0F - 86\u00b0F) gr\u00e2ce \u00e0 la commande \u00e9lectronique variable. Vous pouvez \u00e9galement \u00e9conomiser de l'\u00e9nergie gr\u00e2ce \u00e0 l'interrupteur d'\u00e9conomie d'\u00e9nergie qui active et d\u00e9sactive le ventilateur de l'appareil apr\u00e8s l'arr\u00eat du compresseur. Cet \u00e9l\u00e9gant mod\u00e8le offre une tranquillit\u00e9 d'esprit puisqu'il est accompagn\u00e9 d'une garantie de 12 mois sur toutes les pi\u00e8ces et la main-d'\u0153uvre.\",\"breadcrumb\":[],\"inLanguage\":\"fr-CA\",\"potentialAction\":[{\"@type\":\"ReadAction\",\"target\":[\"https:\\\/\\\/www.danby.com\\\/fr\\\/products\\\/climatiseurs-de-fenetre\\\/dac080eb2gdb\\\/\"]}]},{\"@type\":\"ImageObject\",\"inLanguage\":\"fr-CA\",\"url\":\"https:\\\/\\\/cdnweb.danby.com\\\/wp-content\\\/uploads\\\/sites\\\/2\\\/2022\\\/02\\\/08181953\\\/Medium-DAC060_080_100EB2GDB10.jpg\",\"contentUrl\":\"https:\\\/\\\/cdnweb.danby.com\\\/wp-content\\\/uploads\\\/sites\\\/2\\\/2022\\\/02\\\/08181953\\\/Medium-DAC060_080_100EB2GDB10.jpg\",\"width\":300,\"height\":272},{\"@type\":\"BreadcrumbList\",\"itemListElement\":[{\"@type\":\"ListItem\",\"position\":1,\"name\":\"Home\",\"item\":\"https:\\\/\\\/www.danby.com\\\/fr\\\/\"},{\"@type\":\"ListItem\",\"position\":2,\"name\":\"Boutique\",\"item\":\"https:\\\/\\\/www.danby.com\\\/fr\\\/boutique\\\/\"},{\"@type\":\"ListItem\",\"position\":3,\"name\":\"Climatiseur de fen\u00eatre Danby 8 000 BTU\"}]},{\"@type\":\"WebSite\",\"url\":\"https:\\\/\\\/www.danby.com\\\/fr\\\/\",\"name\":\"Danby - Canada - French\",\"description\":\"Leader dans le domaine de la r\u00e9frig\u00e9ration et des appareils sp\u00e9cialis\u00e9s\",\"publisher\":[],\"potentialAction\":[{\"@type\":\"SearchAction\",\"target\":{\"@type\":\"EntryPoint\",\"urlTemplate\":\"https:\\\/\\\/www.danby.com\\\/fr\\\/?s={search_term_string}\"},\"query-input\":{\"@type\":\"PropertyValueSpecification\",\"valueRequired\":true,\"valueName\":\"search_term_string\"}}],\"inLanguage\":\"fr-CA\"},{\"@type\":\"Organization\",\"name\":\"Danby Appliances\",\"url\":\"https:\\\/\\\/www.danby.com\\\/fr\\\/\",\"logo\":{\"@type\":\"ImageObject\",\"inLanguage\":\"fr-CA\",\"url\":\"https:\\\/\\\/cdnweb.danby.com\\\/wp-content\\\/uploads\\\/sites\\\/2\\\/2022\\\/02\\\/10141906\\\/Danby75Ans_Blue.png\",\"contentUrl\":\"https:\\\/\\\/cdnweb.danby.com\\\/wp-content\\\/uploads\\\/sites\\\/2\\\/2022\\\/02\\\/10141906\\\/Danby75Ans_Blue.png\",\"width\":470,\"height\":110,\"caption\":\"Danby Appliances\"},\"image\":[],\"sameAs\":[\"https:\\\/\\\/www.facebook.com\\\/DanbyAppliances\",\"https:\\\/\\\/x.com\\\/DanbyAppliance\",\"https:\\\/\\\/instagram.com\\\/danbyappliances\\\/\",\"https:\\\/\\\/www.linkedin.com\\\/company\\\/danbyappliances\",\"https:\\\/\\\/www.pinterest.ca\\\/danbyappliances\\\/\",\"https:\\\/\\\/www.youtube.com\\\/user\\\/DanbyProducts\",\"https:\\\/\\\/en.wikipedia.org\\\/wiki\\\/Danby_(appliances)\"]}]}<\/script>\n<!-- \/ Yoast SEO plugin. -->","yoast_head_json":{"title":"Climatiseur de fen\u00eatre Danby 8 000 BTU - DAC080EB2GDB | Danby Canada","description":"Il est toujours plus facile de supporter la chaleur et la viscosit\u00e9 de l'\u00e9t\u00e9 si votre maison est maintenue fra\u00eeche et confortable. Vous pouvez \u00eatre s\u00fbr de garder la chaleur \u00e0 l'ext\u00e9rieur avec ce populaire climatiseur de fen\u00eatre de 8 000 BTU conforme \u00e0 la norme Energy Star. L'appareil peut facilement refroidir une surface allant jusqu'\u00e0 350 pieds carr\u00e9s lorsqu'il fait chaud \u00e0 l'ext\u00e9rieur et la cote d'efficacit\u00e9 \u00e9nerg\u00e9tique (EER) de 11,3 aidera \u00e0 r\u00e9duire les factures d'\u00e9lectricit\u00e9 co\u00fbteuses. Cet appareil attrayant est dot\u00e9 d'une direction de l'air bidirectionnelle ainsi que d'une commande de temp\u00e9rature \u00e9lectronique \u00e0 DEL facile \u00e0 programmer, qui peut \u00eatre programm\u00e9e \u00e0 distance. La fonction de d\u00e9marrage et d'arr\u00eat automatiques de l'appareil permet de respecter votre emploi du temps personnel et le mode veille est tr\u00e8s pratique pour dormir. Le climatiseur fonctionne avec le r\u00e9frig\u00e9rant \u00e9cologique R410A. La temp\u00e9rature peut \u00eatre r\u00e9gl\u00e9e entre 17\u00b0C et 30\u00b0C (62,6\u00b0F - 86\u00b0F) gr\u00e2ce \u00e0 la commande \u00e9lectronique variable. Vous pouvez \u00e9galement \u00e9conomiser de l'\u00e9nergie gr\u00e2ce \u00e0 l'interrupteur d'\u00e9conomie d'\u00e9nergie qui active et d\u00e9sactive le ventilateur de l'appareil apr\u00e8s l'arr\u00eat du compresseur. Cet \u00e9l\u00e9gant mod\u00e8le offre une tranquillit\u00e9 d'esprit puisqu'il est accompagn\u00e9 d'une garantie de 12 mois sur toutes les pi\u00e8ces et la main-d'\u0153uvre.","robots":{"index":"index","follow":"follow","max-snippet":"max-snippet:-1","max-image-preview":"max-image-preview:large","max-video-preview":"max-video-preview:-1"},"canonical":"https:\/\/www.danby.com\/fr\/products\/climatiseurs-de-fenetre\/dac080eb2gdb\/","og_locale":"fr_CA","og_type":"article","og_title":"Climatiseur de fen\u00eatre Danby 8 000 BTU - DAC080EB2GDB | Danby Canada","og_description":"Il est toujours plus facile de supporter la chaleur et la viscosit\u00e9 de l'\u00e9t\u00e9 si votre maison est maintenue fra\u00eeche et confortable. Vous pouvez \u00eatre s\u00fbr de garder la chaleur \u00e0 l'ext\u00e9rieur avec ce populaire climatiseur de fen\u00eatre de 8 000 BTU conforme \u00e0 la norme Energy Star. L'appareil peut facilement refroidir une surface allant jusqu'\u00e0 350 pieds carr\u00e9s lorsqu'il fait chaud \u00e0 l'ext\u00e9rieur et la cote d'efficacit\u00e9 \u00e9nerg\u00e9tique (EER) de 11,3 aidera \u00e0 r\u00e9duire les factures d'\u00e9lectricit\u00e9 co\u00fbteuses. Cet appareil attrayant est dot\u00e9 d'une direction de l'air bidirectionnelle ainsi que d'une commande de temp\u00e9rature \u00e9lectronique \u00e0 DEL facile \u00e0 programmer, qui peut \u00eatre programm\u00e9e \u00e0 distance. La fonction de d\u00e9marrage et d'arr\u00eat automatiques de l'appareil permet de respecter votre emploi du temps personnel et le mode veille est tr\u00e8s pratique pour dormir. Le climatiseur fonctionne avec le r\u00e9frig\u00e9rant \u00e9cologique R410A. La temp\u00e9rature peut \u00eatre r\u00e9gl\u00e9e entre 17\u00b0C et 30\u00b0C (62,6\u00b0F - 86\u00b0F) gr\u00e2ce \u00e0 la commande \u00e9lectronique variable. Vous pouvez \u00e9galement \u00e9conomiser de l'\u00e9nergie gr\u00e2ce \u00e0 l'interrupteur d'\u00e9conomie d'\u00e9nergie qui active et d\u00e9sactive le ventilateur de l'appareil apr\u00e8s l'arr\u00eat du compresseur. Cet \u00e9l\u00e9gant mod\u00e8le offre une tranquillit\u00e9 d'esprit puisqu'il est accompagn\u00e9 d'une garantie de 12 mois sur toutes les pi\u00e8ces et la main-d'\u0153uvre.","og_url":"https:\/\/www.danby.com\/fr\/products\/climatiseurs-de-fenetre\/dac080eb2gdb\/","og_site_name":"Danby - Canada - French","article_publisher":"https:\/\/www.facebook.com\/DanbyAppliances","article_modified_time":"2026-05-01T10:06:20+00:00","og_image":[{"width":300,"height":272,"url":"https:\/\/cdnweb.danby.com\/wp-content\/uploads\/sites\/2\/2022\/02\/08181953\/Medium-DAC060_080_100EB2GDB10.jpg","type":"image\/jpeg"}],"twitter_card":"summary_large_image","twitter_site":"@DanbyAppliance","schema":{"@context":"https:\/\/schema.org","@graph":[{"@type":["WebPage","ItemPage"],"url":"https:\/\/www.danby.com\/fr\/products\/climatiseurs-de-fenetre\/dac080eb2gdb\/","name":"Climatiseur de fen\u00eatre Danby 8 000 BTU - DAC080EB2GDB | Danby Canada","isPartOf":[],"primaryImageOfPage":[],"image":[],"thumbnailUrl":"https:\/\/cdnweb.danby.com\/wp-content\/uploads\/sites\/2\/2022\/02\/08181953\/Medium-DAC060_080_100EB2GDB10.jpg","datePublished":"2022-02-03T19:11:48+00:00","dateModified":"2026-05-01T10:06:20+00:00","description":"Il est toujours plus facile de supporter la chaleur et la viscosit\u00e9 de l'\u00e9t\u00e9 si votre maison est maintenue fra\u00eeche et confortable. Vous pouvez \u00eatre s\u00fbr de garder la chaleur \u00e0 l'ext\u00e9rieur avec ce populaire climatiseur de fen\u00eatre de 8 000 BTU conforme \u00e0 la norme Energy Star. L'appareil peut facilement refroidir une surface allant jusqu'\u00e0 350 pieds carr\u00e9s lorsqu'il fait chaud \u00e0 l'ext\u00e9rieur et la cote d'efficacit\u00e9 \u00e9nerg\u00e9tique (EER) de 11,3 aidera \u00e0 r\u00e9duire les factures d'\u00e9lectricit\u00e9 co\u00fbteuses. Cet appareil attrayant est dot\u00e9 d'une direction de l'air bidirectionnelle ainsi que d'une commande de temp\u00e9rature \u00e9lectronique \u00e0 DEL facile \u00e0 programmer, qui peut \u00eatre programm\u00e9e \u00e0 distance. La fonction de d\u00e9marrage et d'arr\u00eat automatiques de l'appareil permet de respecter votre emploi du temps personnel et le mode veille est tr\u00e8s pratique pour dormir. Le climatiseur fonctionne avec le r\u00e9frig\u00e9rant \u00e9cologique R410A. La temp\u00e9rature peut \u00eatre r\u00e9gl\u00e9e entre 17\u00b0C et 30\u00b0C (62,6\u00b0F - 86\u00b0F) gr\u00e2ce \u00e0 la commande \u00e9lectronique variable. Vous pouvez \u00e9galement \u00e9conomiser de l'\u00e9nergie gr\u00e2ce \u00e0 l'interrupteur d'\u00e9conomie d'\u00e9nergie qui active et d\u00e9sactive le ventilateur de l'appareil apr\u00e8s l'arr\u00eat du compresseur. Cet \u00e9l\u00e9gant mod\u00e8le offre une tranquillit\u00e9 d'esprit puisqu'il est accompagn\u00e9 d'une garantie de 12 mois sur toutes les pi\u00e8ces et la main-d'\u0153uvre.","breadcrumb":[],"inLanguage":"fr-CA","potentialAction":[{"@type":"ReadAction","target":["https:\/\/www.danby.com\/fr\/products\/climatiseurs-de-fenetre\/dac080eb2gdb\/"]}]},{"@type":"ImageObject","inLanguage":"fr-CA","url":"https:\/\/cdnweb.danby.com\/wp-content\/uploads\/sites\/2\/2022\/02\/08181953\/Medium-DAC060_080_100EB2GDB10.jpg","contentUrl":"https:\/\/cdnweb.danby.com\/wp-content\/uploads\/sites\/2\/2022\/02\/08181953\/Medium-DAC060_080_100EB2GDB10.jpg","width":300,"height":272},{"@type":"BreadcrumbList","itemListElement":[{"@type":"ListItem","position":1,"name":"Home","item":"https:\/\/www.danby.com\/fr\/"},{"@type":"ListItem","position":2,"name":"Boutique","item":"https:\/\/www.danby.com\/fr\/boutique\/"},{"@type":"ListItem","position":3,"name":"Climatiseur de fen\u00eatre Danby 8 000 BTU"}]},{"@type":"WebSite","url":"https:\/\/www.danby.com\/fr\/","name":"Danby - Canada - French","description":"Leader dans le domaine de la r\u00e9frig\u00e9ration et des appareils sp\u00e9cialis\u00e9s","publisher":[],"potentialAction":[{"@type":"SearchAction","target":{"@type":"EntryPoint","urlTemplate":"https:\/\/www.danby.com\/fr\/?s={search_term_string}"},"query-input":{"@type":"PropertyValueSpecification","valueRequired":true,"valueName":"search_term_string"}}],"inLanguage":"fr-CA"},{"@type":"Organization","name":"Danby Appliances","url":"https:\/\/www.danby.com\/fr\/","logo":{"@type":"ImageObject","inLanguage":"fr-CA","url":"https:\/\/cdnweb.danby.com\/wp-content\/uploads\/sites\/2\/2022\/02\/10141906\/Danby75Ans_Blue.png","contentUrl":"https:\/\/cdnweb.danby.com\/wp-content\/uploads\/sites\/2\/2022\/02\/10141906\/Danby75Ans_Blue.png","width":470,"height":110,"caption":"Danby Appliances"},"image":[],"sameAs":["https:\/\/www.facebook.com\/DanbyAppliances","https:\/\/x.com\/DanbyAppliance","https:\/\/instagram.com\/danbyappliances\/","https:\/\/www.linkedin.com\/company\/danbyappliances","https:\/\/www.pinterest.ca\/danbyappliances\/","https:\/\/www.youtube.com\/user\/DanbyProducts","https:\/\/en.wikipedia.org\/wiki\/Danby_(appliances)"]}]}},"post_mailing_queue_ids":[],"_links":{"self":[{"href":"https:\/\/www.danby.com\/fr\/wp-json\/wp\/v2\/product\/4500","targetHints":{"allow":["GET"]}}],"collection":[{"href":"https:\/\/www.danby.com\/fr\/wp-json\/wp\/v2\/product"}],"about":[{"href":"https:\/\/www.danby.com\/fr\/wp-json\/wp\/v2\/types\/product"}],"replies":[{"embeddable":true,"href":"https:\/\/www.danby.com\/fr\/wp-json\/wp\/v2\/comments?post=4500"}],"wp:featuredmedia":[{"embeddable":true,"href":"https:\/\/www.danby.com\/fr\/wp-json\/wp\/v2\/media\/5768"}],"wp:attachment":[{"href":"https:\/\/www.danby.com\/fr\/wp-json\/wp\/v2\/media?parent=4500"}],"wp:term":[{"taxonomy":"product_brand","embeddable":true,"href":"https:\/\/www.danby.com\/fr\/wp-json\/wp\/v2\/product_brand?post=4500"},{"taxonomy":"product_cat","embeddable":true,"href":"https:\/\/www.danby.com\/fr\/wp-json\/wp\/v2\/product_cat?post=4500"},{"taxonomy":"product_tag","embeddable":true,"href":"https:\/\/www.danby.com\/fr\/wp-json\/wp\/v2\/product_tag?post=4500"}],"curies":[{"name":"wp","href":"https:\/\/api.w.org\/{rel}","templated":true}]}}