{"id":4499,"date":"2022-02-03T19:11:48","date_gmt":"2022-02-03T19:11:48","guid":{"rendered":"https:\/\/www.danby.com\/fr\/product\/dac080eb1wdb\/"},"modified":"2026-04-16T10:06:15","modified_gmt":"2026-04-16T10:06:15","slug":"dac080eb1wdb","status":"publish","type":"product","link":"https:\/\/www.danby.com\/fr\/products\/climatiseurs-de-fenetre\/dac080eb1wdb\/","title":{"rendered":"Climatiseur de fen\u00eatre Danby 8 000 BTU avec fonction &#8221; Follow Me &#8220;"},"content":{"rendered":"","protected":false},"excerpt":{"rendered":"<ul>\n<li>8 000 BTU refroidissent un espace jusqu&#8217;\u00e0 350 pieds carr\u00e9s<\/li>\n<li>R32 R\u00e9frig\u00e9rant : Respectueux de l&#8217;environnement, le PRG (potentiel de r\u00e9chauffement global) du R32 est 3 fois inf\u00e9rieur \u00e0 celui du R410a <\/li>\n<li>Compatible avec Energy Star\u00ae <\/li>\n<li>Fonction Follow Me : La t\u00e9l\u00e9commande agit comme un thermostat permettant un contr\u00f4le plus pr\u00e9cis de la temp\u00e9rature<\/li>\n<li>Commandes \u00e9lectroniques avec affichage LED et t\u00e9l\u00e9commande<\/li>\n<li>Puissant 3 refroidissements, 3 vitesses de ventilateur fait circuler l&#8217;air<\/li>\n<li>Direction de l&#8217;air \u00e0 4 voies<\/li>\n<li>Commodeur programmable de 24 heures<\/li>\n<li>Red\u00e9marrage automatique : L&#8217;unit\u00e9 red\u00e9marre automatiquement apr\u00e8s une panne de courant <\/li>\n<li>Mode sommeil : Emp\u00eache la pi\u00e8ce de devenir trop froide pendant que vous dormez <\/li>\n<li>Commutateur d&#8217;\u00e9conomie d&#8217;\u00e9nergie : active et d\u00e9sactive le ventilateur par cycles pour r\u00e9duire la consommation d&#8217;\u00e9nergie <\/li>\n<li>Filtre \u00e0 air r\u00e9utilisable et lavable <\/li>\n<li>Garantie : 12 mois de portage (produit et main-d&#8217;\u0153uvre)<\/li>\n<\/ul>\n","protected":false},"featured_media":11292,"comment_status":"closed","ping_status":"open","template":"","meta":{"_acf_changed":false},"product_brand":[],"product_cat":[40],"product_tag":[],"class_list":{"0":"post-4499","1":"product","2":"type-product","3":"status-publish","4":"has-post-thumbnail","6":"product_cat-climatiseurs-de-fenetre","7":"pa_duree-de-la-garantie-en-mois-1173","9":"first","10":"outofstock","11":"taxable","12":"shipping-taxable","13":"product-type-simple"},"acf":[],"yoast_head":"<!-- This site is optimized with the Yoast SEO plugin v26.7 - https:\/\/yoast.com\/wordpress\/plugins\/seo\/ -->\n<title>Climatiseur de fen\u00eatre Danby 8 000 BTU avec fonction &quot; Follow Me &quot; - DAC080EB1WDB | Danby Canada<\/title>\n<meta name=\"description\" content=\"Ce climatiseur de fen\u00eatre de 8 000 BTU de Danby est parfait pour les chambres et les petits espaces de vie jusqu&#039;\u00e0 350 pieds carr\u00e9s. Ce climatiseur est class\u00e9 Energy Star et, avec sa minuterie programmable de 24 heures, son mode veille et son interrupteur d&#039;\u00e9conomie d&#039;\u00e9nergie, cet appareil r\u00e9duit les co\u00fbts d&#039;exploitation globaux et permet d&#039;\u00e9conomiser sur vos factures mensuelles d&#039;\u00e9lectricit\u00e9. Afin d&#039;optimiser le refroidissement, cet appareil est dot\u00e9 d&#039;un syst\u00e8me d&#039;orientation de l&#039;air \u00e0 4 voies et d&#039;une fonction &quot;follow me&quot; (suivez-moi) o\u00f9 la t\u00e9l\u00e9commande comporte un thermostat int\u00e9gr\u00e9 qui permet un refroidissement plus pr\u00e9cis.\" \/>\n<meta name=\"robots\" content=\"index, follow, max-snippet:-1, max-image-preview:large, max-video-preview:-1\" \/>\n<link rel=\"canonical\" href=\"https:\/\/www.danby.com\/fr\/products\/climatiseurs-de-fenetre\/dac080eb1wdb\/\" \/>\n<meta property=\"og:locale\" content=\"fr_CA\" \/>\n<meta property=\"og:type\" content=\"article\" \/>\n<meta property=\"og:title\" content=\"Climatiseur de fen\u00eatre Danby 8 000 BTU avec fonction &quot; Follow Me &quot; - DAC080EB1WDB | Danby Canada\" \/>\n<meta property=\"og:description\" content=\"Ce climatiseur de fen\u00eatre de 8 000 BTU de Danby est parfait pour les chambres et les petits espaces de vie jusqu&#039;\u00e0 350 pieds carr\u00e9s. Ce climatiseur est class\u00e9 Energy Star et, avec sa minuterie programmable de 24 heures, son mode veille et son interrupteur d&#039;\u00e9conomie d&#039;\u00e9nergie, cet appareil r\u00e9duit les co\u00fbts d&#039;exploitation globaux et permet d&#039;\u00e9conomiser sur vos factures mensuelles d&#039;\u00e9lectricit\u00e9. Afin d&#039;optimiser le refroidissement, cet appareil est dot\u00e9 d&#039;un syst\u00e8me d&#039;orientation de l&#039;air \u00e0 4 voies et d&#039;une fonction &quot;follow me&quot; (suivez-moi) o\u00f9 la t\u00e9l\u00e9commande comporte un thermostat int\u00e9gr\u00e9 qui permet un refroidissement plus pr\u00e9cis.\" \/>\n<meta property=\"og:url\" content=\"https:\/\/www.danby.com\/fr\/products\/climatiseurs-de-fenetre\/dac080eb1wdb\/\" \/>\n<meta property=\"og:site_name\" content=\"Danby - Canada - French\" \/>\n<meta property=\"article:publisher\" content=\"https:\/\/www.facebook.com\/DanbyAppliances\" \/>\n<meta property=\"article:modified_time\" content=\"2026-04-16T10:06:15+00:00\" \/>\n<meta property=\"og:image\" content=\"https:\/\/cdnweb.danby.com\/wp-content\/uploads\/sites\/2\/2022\/02\/09132014\/DAC080BFCWDB.png\" \/>\n\t<meta property=\"og:image:width\" content=\"373\" \/>\n\t<meta property=\"og:image:height\" content=\"259\" \/>\n\t<meta property=\"og:image:type\" content=\"image\/png\" \/>\n<meta name=\"twitter:card\" content=\"summary_large_image\" \/>\n<meta name=\"twitter:site\" content=\"@DanbyAppliance\" \/>\n<script type=\"application\/ld+json\" class=\"yoast-schema-graph\">{\"@context\":\"https:\/\/schema.org\",\"@graph\":[{\"@type\":[\"WebPage\",\"ItemPage\"],\"url\":\"https:\/\/www.danby.com\/fr\/products\/climatiseurs-de-fenetre\/dac080eb1wdb\/\",\"name\":\"Climatiseur de fen\u00eatre Danby 8 000 BTU avec fonction \\\" Follow Me \\\" - DAC080EB1WDB | Danby Canada\",\"isPartOf\":[],\"primaryImageOfPage\":[],\"image\":[],\"thumbnailUrl\":\"https:\/\/cdnweb.danby.com\/wp-content\/uploads\/sites\/2\/2022\/02\/09132014\/DAC080BFCWDB.png\",\"datePublished\":\"2022-02-03T19:11:48+00:00\",\"dateModified\":\"2026-04-16T10:06:15+00:00\",\"description\":\"Ce climatiseur de fen\u00eatre de 8 000 BTU de Danby est parfait pour les chambres et les petits espaces de vie jusqu'\u00e0 350 pieds carr\u00e9s. Ce climatiseur est class\u00e9 Energy Star et, avec sa minuterie programmable de 24 heures, son mode veille et son interrupteur d'\u00e9conomie d'\u00e9nergie, cet appareil r\u00e9duit les co\u00fbts d'exploitation globaux et permet d'\u00e9conomiser sur vos factures mensuelles d'\u00e9lectricit\u00e9. Afin d'optimiser le refroidissement, cet appareil est dot\u00e9 d'un syst\u00e8me d'orientation de l'air \u00e0 4 voies et d'une fonction \\\"follow me\\\" (suivez-moi) o\u00f9 la t\u00e9l\u00e9commande comporte un thermostat int\u00e9gr\u00e9 qui permet un refroidissement plus pr\u00e9cis.\",\"breadcrumb\":[],\"inLanguage\":\"fr-CA\",\"potentialAction\":[{\"@type\":\"ReadAction\",\"target\":[\"https:\/\/www.danby.com\/fr\/products\/climatiseurs-de-fenetre\/dac080eb1wdb\/\"]}]},{\"@type\":\"ImageObject\",\"inLanguage\":\"fr-CA\",\"url\":\"https:\/\/cdnweb.danby.com\/wp-content\/uploads\/sites\/2\/2022\/02\/09132014\/DAC080BFCWDB.png\",\"contentUrl\":\"https:\/\/cdnweb.danby.com\/wp-content\/uploads\/sites\/2\/2022\/02\/09132014\/DAC080BFCWDB.png\",\"width\":373,\"height\":259},{\"@type\":\"BreadcrumbList\",\"itemListElement\":[{\"@type\":\"ListItem\",\"position\":1,\"name\":\"Home\",\"item\":\"https:\/\/www.danby.com\/fr\/\"},{\"@type\":\"ListItem\",\"position\":2,\"name\":\"Boutique\",\"item\":\"https:\/\/www.danby.com\/fr\/boutique\/\"},{\"@type\":\"ListItem\",\"position\":3,\"name\":\"Climatiseur de fen\u00eatre Danby 8 000 BTU avec fonction &#8221; Follow Me &#8220;\"}]},{\"@type\":\"WebSite\",\"url\":\"https:\/\/www.danby.com\/fr\/\",\"name\":\"Danby - Canada - French\",\"description\":\"Leader dans le domaine de la r\u00e9frig\u00e9ration et des appareils sp\u00e9cialis\u00e9s\",\"publisher\":[],\"potentialAction\":[{\"@type\":\"SearchAction\",\"target\":{\"@type\":\"EntryPoint\",\"urlTemplate\":\"https:\/\/www.danby.com\/fr\/?s={search_term_string}\"},\"query-input\":{\"@type\":\"PropertyValueSpecification\",\"valueRequired\":true,\"valueName\":\"search_term_string\"}}],\"inLanguage\":\"fr-CA\"},{\"@type\":\"Organization\",\"name\":\"Danby Appliances\",\"url\":\"https:\/\/www.danby.com\/fr\/\",\"logo\":{\"@type\":\"ImageObject\",\"inLanguage\":\"fr-CA\",\"url\":\"https:\/\/cdnweb.danby.com\/wp-content\/uploads\/sites\/2\/2022\/02\/10141906\/Danby75Ans_Blue.png\",\"contentUrl\":\"https:\/\/cdnweb.danby.com\/wp-content\/uploads\/sites\/2\/2022\/02\/10141906\/Danby75Ans_Blue.png\",\"width\":470,\"height\":110,\"caption\":\"Danby Appliances\"},\"image\":[],\"sameAs\":[\"https:\/\/www.facebook.com\/DanbyAppliances\",\"https:\/\/x.com\/DanbyAppliance\",\"https:\/\/instagram.com\/danbyappliances\/\",\"https:\/\/www.linkedin.com\/company\/danbyappliances\",\"https:\/\/www.pinterest.ca\/danbyappliances\/\",\"https:\/\/www.youtube.com\/user\/DanbyProducts\",\"https:\/\/en.wikipedia.org\/wiki\/Danby_(appliances)\"]}]}<\/script>\n<!-- \/ Yoast SEO plugin. -->","yoast_head_json":{"title":"Climatiseur de fen\u00eatre Danby 8 000 BTU avec fonction \" Follow Me \" - DAC080EB1WDB | Danby Canada","description":"Ce climatiseur de fen\u00eatre de 8 000 BTU de Danby est parfait pour les chambres et les petits espaces de vie jusqu'\u00e0 350 pieds carr\u00e9s. Ce climatiseur est class\u00e9 Energy Star et, avec sa minuterie programmable de 24 heures, son mode veille et son interrupteur d'\u00e9conomie d'\u00e9nergie, cet appareil r\u00e9duit les co\u00fbts d'exploitation globaux et permet d'\u00e9conomiser sur vos factures mensuelles d'\u00e9lectricit\u00e9. Afin d'optimiser le refroidissement, cet appareil est dot\u00e9 d'un syst\u00e8me d'orientation de l'air \u00e0 4 voies et d'une fonction \"follow me\" (suivez-moi) o\u00f9 la t\u00e9l\u00e9commande comporte un thermostat int\u00e9gr\u00e9 qui permet un refroidissement plus pr\u00e9cis.","robots":{"index":"index","follow":"follow","max-snippet":"max-snippet:-1","max-image-preview":"max-image-preview:large","max-video-preview":"max-video-preview:-1"},"canonical":"https:\/\/www.danby.com\/fr\/products\/climatiseurs-de-fenetre\/dac080eb1wdb\/","og_locale":"fr_CA","og_type":"article","og_title":"Climatiseur de fen\u00eatre Danby 8 000 BTU avec fonction \" Follow Me \" - DAC080EB1WDB | Danby Canada","og_description":"Ce climatiseur de fen\u00eatre de 8 000 BTU de Danby est parfait pour les chambres et les petits espaces de vie jusqu'\u00e0 350 pieds carr\u00e9s. Ce climatiseur est class\u00e9 Energy Star et, avec sa minuterie programmable de 24 heures, son mode veille et son interrupteur d'\u00e9conomie d'\u00e9nergie, cet appareil r\u00e9duit les co\u00fbts d'exploitation globaux et permet d'\u00e9conomiser sur vos factures mensuelles d'\u00e9lectricit\u00e9. Afin d'optimiser le refroidissement, cet appareil est dot\u00e9 d'un syst\u00e8me d'orientation de l'air \u00e0 4 voies et d'une fonction \"follow me\" (suivez-moi) o\u00f9 la t\u00e9l\u00e9commande comporte un thermostat int\u00e9gr\u00e9 qui permet un refroidissement plus pr\u00e9cis.","og_url":"https:\/\/www.danby.com\/fr\/products\/climatiseurs-de-fenetre\/dac080eb1wdb\/","og_site_name":"Danby - Canada - French","article_publisher":"https:\/\/www.facebook.com\/DanbyAppliances","article_modified_time":"2026-04-16T10:06:15+00:00","og_image":[{"width":373,"height":259,"url":"https:\/\/cdnweb.danby.com\/wp-content\/uploads\/sites\/2\/2022\/02\/09132014\/DAC080BFCWDB.png","type":"image\/png"}],"twitter_card":"summary_large_image","twitter_site":"@DanbyAppliance","schema":{"@context":"https:\/\/schema.org","@graph":[{"@type":["WebPage","ItemPage"],"url":"https:\/\/www.danby.com\/fr\/products\/climatiseurs-de-fenetre\/dac080eb1wdb\/","name":"Climatiseur de fen\u00eatre Danby 8 000 BTU avec fonction \" Follow Me \" - DAC080EB1WDB | Danby Canada","isPartOf":[],"primaryImageOfPage":[],"image":[],"thumbnailUrl":"https:\/\/cdnweb.danby.com\/wp-content\/uploads\/sites\/2\/2022\/02\/09132014\/DAC080BFCWDB.png","datePublished":"2022-02-03T19:11:48+00:00","dateModified":"2026-04-16T10:06:15+00:00","description":"Ce climatiseur de fen\u00eatre de 8 000 BTU de Danby est parfait pour les chambres et les petits espaces de vie jusqu'\u00e0 350 pieds carr\u00e9s. Ce climatiseur est class\u00e9 Energy Star et, avec sa minuterie programmable de 24 heures, son mode veille et son interrupteur d'\u00e9conomie d'\u00e9nergie, cet appareil r\u00e9duit les co\u00fbts d'exploitation globaux et permet d'\u00e9conomiser sur vos factures mensuelles d'\u00e9lectricit\u00e9. Afin d'optimiser le refroidissement, cet appareil est dot\u00e9 d'un syst\u00e8me d'orientation de l'air \u00e0 4 voies et d'une fonction \"follow me\" (suivez-moi) o\u00f9 la t\u00e9l\u00e9commande comporte un thermostat int\u00e9gr\u00e9 qui permet un refroidissement plus pr\u00e9cis.","breadcrumb":[],"inLanguage":"fr-CA","potentialAction":[{"@type":"ReadAction","target":["https:\/\/www.danby.com\/fr\/products\/climatiseurs-de-fenetre\/dac080eb1wdb\/"]}]},{"@type":"ImageObject","inLanguage":"fr-CA","url":"https:\/\/cdnweb.danby.com\/wp-content\/uploads\/sites\/2\/2022\/02\/09132014\/DAC080BFCWDB.png","contentUrl":"https:\/\/cdnweb.danby.com\/wp-content\/uploads\/sites\/2\/2022\/02\/09132014\/DAC080BFCWDB.png","width":373,"height":259},{"@type":"BreadcrumbList","itemListElement":[{"@type":"ListItem","position":1,"name":"Home","item":"https:\/\/www.danby.com\/fr\/"},{"@type":"ListItem","position":2,"name":"Boutique","item":"https:\/\/www.danby.com\/fr\/boutique\/"},{"@type":"ListItem","position":3,"name":"Climatiseur de fen\u00eatre Danby 8 000 BTU avec fonction &#8221; Follow Me &#8220;"}]},{"@type":"WebSite","url":"https:\/\/www.danby.com\/fr\/","name":"Danby - Canada - French","description":"Leader dans le domaine de la r\u00e9frig\u00e9ration et des appareils sp\u00e9cialis\u00e9s","publisher":[],"potentialAction":[{"@type":"SearchAction","target":{"@type":"EntryPoint","urlTemplate":"https:\/\/www.danby.com\/fr\/?s={search_term_string}"},"query-input":{"@type":"PropertyValueSpecification","valueRequired":true,"valueName":"search_term_string"}}],"inLanguage":"fr-CA"},{"@type":"Organization","name":"Danby Appliances","url":"https:\/\/www.danby.com\/fr\/","logo":{"@type":"ImageObject","inLanguage":"fr-CA","url":"https:\/\/cdnweb.danby.com\/wp-content\/uploads\/sites\/2\/2022\/02\/10141906\/Danby75Ans_Blue.png","contentUrl":"https:\/\/cdnweb.danby.com\/wp-content\/uploads\/sites\/2\/2022\/02\/10141906\/Danby75Ans_Blue.png","width":470,"height":110,"caption":"Danby Appliances"},"image":[],"sameAs":["https:\/\/www.facebook.com\/DanbyAppliances","https:\/\/x.com\/DanbyAppliance","https:\/\/instagram.com\/danbyappliances\/","https:\/\/www.linkedin.com\/company\/danbyappliances","https:\/\/www.pinterest.ca\/danbyappliances\/","https:\/\/www.youtube.com\/user\/DanbyProducts","https:\/\/en.wikipedia.org\/wiki\/Danby_(appliances)"]}]}},"post_mailing_queue_ids":[],"_links":{"self":[{"href":"https:\/\/www.danby.com\/fr\/wp-json\/wp\/v2\/product\/4499","targetHints":{"allow":["GET"]}}],"collection":[{"href":"https:\/\/www.danby.com\/fr\/wp-json\/wp\/v2\/product"}],"about":[{"href":"https:\/\/www.danby.com\/fr\/wp-json\/wp\/v2\/types\/product"}],"replies":[{"embeddable":true,"href":"https:\/\/www.danby.com\/fr\/wp-json\/wp\/v2\/comments?post=4499"}],"wp:featuredmedia":[{"embeddable":true,"href":"https:\/\/www.danby.com\/fr\/wp-json\/wp\/v2\/media\/11292"}],"wp:attachment":[{"href":"https:\/\/www.danby.com\/fr\/wp-json\/wp\/v2\/media?parent=4499"}],"wp:term":[{"taxonomy":"product_brand","embeddable":true,"href":"https:\/\/www.danby.com\/fr\/wp-json\/wp\/v2\/product_brand?post=4499"},{"taxonomy":"product_cat","embeddable":true,"href":"https:\/\/www.danby.com\/fr\/wp-json\/wp\/v2\/product_cat?post=4499"},{"taxonomy":"product_tag","embeddable":true,"href":"https:\/\/www.danby.com\/fr\/wp-json\/wp\/v2\/product_tag?post=4499"}],"curies":[{"name":"wp","href":"https:\/\/api.w.org\/{rel}","templated":true}]}}