{"id":4498,"date":"2022-02-03T19:11:48","date_gmt":"2022-02-03T19:11:48","guid":{"rendered":"https:\/\/www.danby.com\/fr\/product\/dac080bhuwdb\/"},"modified":"2026-04-22T10:08:47","modified_gmt":"2026-04-22T10:08:47","slug":"dac080bhuwdb","status":"publish","type":"product","link":"https:\/\/www.danby.com\/fr\/products\/climatiseurs-de-fenetre\/dac080bhuwdb\/","title":{"rendered":"Climatiseur de fen\u00eatre Danby 8 000 BTU avec technologie silencieuse"},"content":{"rendered":"","protected":false},"excerpt":{"rendered":"<ul>\n<li>Le climatiseur de fen\u00eatre de 8 000 BTU refroidit les zones jusqu&#8217;\u00e0 350 pieds carr\u00e9s<\/li>\n<li>Compatible avec Energy Star\u00ae<\/li>\n<li>Technologie silencieuse \u2122 L&#8217;unit\u00e9 fonctionne \u00e0 43 dB<\/li>\n<li>Mode sommeil : Emp\u00eache la pi\u00e8ce de devenir trop froide pendant votre sommeil<\/li>\n<li>Commutateur d&#8217;\u00e9conomie d&#8217;\u00e9nergie : Active et d\u00e9sactive le ventilateur pour r\u00e9duire la consommation d&#8217;\u00e9nergie<\/li>\n<li>T\u00e9l\u00e9commande (piles incluses)<\/li>\n<li>Commandes \u00e9lectroniques avec affichage LED bleu<\/li>\n<li>R\u00e9frig\u00e9rant R410A \u00e9cologique<\/li>\n<li>R\u00e9utilisable, lavable<\/li>\n<li>Direction de l&#8217;air dans 4 directions<\/li>\n<li>3 vitesses de ventilateur<\/li>\n<li>Commande de temp\u00e9rature variable de 17\u00baC &#8211; 30\u00baC (62\u00baF &#8211; 86\u00baF)<\/li>\n<li>Le kit d&#8217;installation de fen\u00eatre extensible s&#8217;adapte aux fen\u00eatres de 23&#8243; \u00e0 36&#8243; de large<\/li>\n<li>Hauteur minimale de fen\u00eatre requise : 14 po. (35,6 cm)<\/li>\n<\/ul>\n","protected":false},"featured_media":11294,"comment_status":"closed","ping_status":"open","template":"","meta":{"_acf_changed":false},"product_brand":[],"product_cat":[40],"product_tag":[],"class_list":{"0":"post-4498","1":"product","2":"type-product","3":"status-publish","4":"has-post-thumbnail","6":"product_cat-climatiseurs-de-fenetre","8":"first","9":"outofstock","10":"taxable","11":"shipping-taxable","12":"product-type-simple"},"acf":[],"yoast_head":"<!-- This site is optimized with the Yoast SEO plugin v27.4 - https:\/\/yoast.com\/product\/yoast-seo-wordpress\/ -->\n<title>Climatiseur de fen\u00eatre Danby 8 000 BTU avec technologie silencieuse - DAC080BHUWDB | Danby Canada<\/title>\n<meta name=\"description\" content=\"Ce climatiseur de fen\u00eatre ultra silencieux de 8 000 BTU de Danby est parfait pour les chambres et autres petits espaces de vie jusqu&#039;\u00e0 350 pieds carr\u00e9s. Avec la technologie Silencer \u2122 brevet\u00e9e de Danby, votre maison restera fra\u00eeche et confortable sans que vous le remarquiez. Ce climatiseur est class\u00e9 Energy Star et avec une minuterie programmable de 24 heures, un mode veille et un interrupteur d&#039;\u00e9conomie d&#039;\u00e9nergie, cette unit\u00e9 r\u00e9duit les co\u00fbts de fonctionnement globaux et \u00e9conomise sur vos factures mensuelles d&#039;\u00e9lectricit\u00e9. Pour aider \u00e0 maximiser le refroidissement, cet appareil est \u00e9quip\u00e9 d&#039;un ventilateur \u00e0 4 voies et de 3 vitesses de ventilation.\" \/>\n<meta name=\"robots\" content=\"index, follow, max-snippet:-1, max-image-preview:large, max-video-preview:-1\" \/>\n<link rel=\"canonical\" href=\"https:\/\/www.danby.com\/fr\/products\/climatiseurs-de-fenetre\/dac080bhuwdb\/\" \/>\n<meta property=\"og:locale\" content=\"fr_CA\" \/>\n<meta property=\"og:type\" content=\"article\" \/>\n<meta property=\"og:title\" content=\"Climatiseur de fen\u00eatre Danby 8 000 BTU avec technologie silencieuse - DAC080BHUWDB | Danby Canada\" \/>\n<meta property=\"og:description\" content=\"Ce climatiseur de fen\u00eatre ultra silencieux de 8 000 BTU de Danby est parfait pour les chambres et autres petits espaces de vie jusqu&#039;\u00e0 350 pieds carr\u00e9s. Avec la technologie Silencer \u2122 brevet\u00e9e de Danby, votre maison restera fra\u00eeche et confortable sans que vous le remarquiez. Ce climatiseur est class\u00e9 Energy Star et avec une minuterie programmable de 24 heures, un mode veille et un interrupteur d&#039;\u00e9conomie d&#039;\u00e9nergie, cette unit\u00e9 r\u00e9duit les co\u00fbts de fonctionnement globaux et \u00e9conomise sur vos factures mensuelles d&#039;\u00e9lectricit\u00e9. Pour aider \u00e0 maximiser le refroidissement, cet appareil est \u00e9quip\u00e9 d&#039;un ventilateur \u00e0 4 voies et de 3 vitesses de ventilation.\" \/>\n<meta property=\"og:url\" content=\"https:\/\/www.danby.com\/fr\/products\/climatiseurs-de-fenetre\/dac080bhuwdb\/\" \/>\n<meta property=\"og:site_name\" content=\"Danby - Canada - French\" \/>\n<meta property=\"article:publisher\" content=\"https:\/\/www.facebook.com\/DanbyAppliances\" \/>\n<meta property=\"article:modified_time\" content=\"2026-04-22T10:08:47+00:00\" \/>\n<meta property=\"og:image\" content=\"https:\/\/cdnweb.danby.com\/wp-content\/uploads\/sites\/2\/2022\/02\/09132023\/DAC060BHUWDB_Right-1.jpg\" \/>\n\t<meta property=\"og:image:width\" content=\"691\" \/>\n\t<meta property=\"og:image:height\" content=\"375\" \/>\n\t<meta property=\"og:image:type\" content=\"image\/jpeg\" \/>\n<meta name=\"twitter:card\" content=\"summary_large_image\" \/>\n<meta name=\"twitter:site\" content=\"@DanbyAppliance\" \/>\n<script type=\"application\/ld+json\" class=\"yoast-schema-graph\">{\"@context\":\"https:\\\/\\\/schema.org\",\"@graph\":[{\"@type\":[\"WebPage\",\"ItemPage\"],\"url\":\"https:\\\/\\\/www.danby.com\\\/fr\\\/products\\\/climatiseurs-de-fenetre\\\/dac080bhuwdb\\\/\",\"name\":\"Climatiseur de fen\u00eatre Danby 8 000 BTU avec technologie silencieuse - DAC080BHUWDB | Danby Canada\",\"isPartOf\":[],\"primaryImageOfPage\":[],\"image\":[],\"thumbnailUrl\":\"https:\\\/\\\/cdnweb.danby.com\\\/wp-content\\\/uploads\\\/sites\\\/2\\\/2022\\\/02\\\/09132023\\\/DAC060BHUWDB_Right-1.jpg\",\"datePublished\":\"2022-02-03T19:11:48+00:00\",\"dateModified\":\"2026-04-22T10:08:47+00:00\",\"description\":\"Ce climatiseur de fen\u00eatre ultra silencieux de 8 000 BTU de Danby est parfait pour les chambres et autres petits espaces de vie jusqu'\u00e0 350 pieds carr\u00e9s. Avec la technologie Silencer \u2122 brevet\u00e9e de Danby, votre maison restera fra\u00eeche et confortable sans que vous le remarquiez. Ce climatiseur est class\u00e9 Energy Star et avec une minuterie programmable de 24 heures, un mode veille et un interrupteur d'\u00e9conomie d'\u00e9nergie, cette unit\u00e9 r\u00e9duit les co\u00fbts de fonctionnement globaux et \u00e9conomise sur vos factures mensuelles d'\u00e9lectricit\u00e9. Pour aider \u00e0 maximiser le refroidissement, cet appareil est \u00e9quip\u00e9 d'un ventilateur \u00e0 4 voies et de 3 vitesses de ventilation.\",\"breadcrumb\":[],\"inLanguage\":\"fr-CA\",\"potentialAction\":[{\"@type\":\"ReadAction\",\"target\":[\"https:\\\/\\\/www.danby.com\\\/fr\\\/products\\\/climatiseurs-de-fenetre\\\/dac080bhuwdb\\\/\"]}]},{\"@type\":\"ImageObject\",\"inLanguage\":\"fr-CA\",\"url\":\"https:\\\/\\\/cdnweb.danby.com\\\/wp-content\\\/uploads\\\/sites\\\/2\\\/2022\\\/02\\\/09132023\\\/DAC060BHUWDB_Right-1.jpg\",\"contentUrl\":\"https:\\\/\\\/cdnweb.danby.com\\\/wp-content\\\/uploads\\\/sites\\\/2\\\/2022\\\/02\\\/09132023\\\/DAC060BHUWDB_Right-1.jpg\",\"width\":691,\"height\":375},{\"@type\":\"BreadcrumbList\",\"itemListElement\":[{\"@type\":\"ListItem\",\"position\":1,\"name\":\"Home\",\"item\":\"https:\\\/\\\/www.danby.com\\\/fr\\\/\"},{\"@type\":\"ListItem\",\"position\":2,\"name\":\"Boutique\",\"item\":\"https:\\\/\\\/www.danby.com\\\/fr\\\/boutique\\\/\"},{\"@type\":\"ListItem\",\"position\":3,\"name\":\"Climatiseur de fen\u00eatre Danby 8 000 BTU avec technologie silencieuse\"}]},{\"@type\":\"WebSite\",\"url\":\"https:\\\/\\\/www.danby.com\\\/fr\\\/\",\"name\":\"Danby - Canada - French\",\"description\":\"Leader dans le domaine de la r\u00e9frig\u00e9ration et des appareils sp\u00e9cialis\u00e9s\",\"publisher\":[],\"potentialAction\":[{\"@type\":\"SearchAction\",\"target\":{\"@type\":\"EntryPoint\",\"urlTemplate\":\"https:\\\/\\\/www.danby.com\\\/fr\\\/?s={search_term_string}\"},\"query-input\":{\"@type\":\"PropertyValueSpecification\",\"valueRequired\":true,\"valueName\":\"search_term_string\"}}],\"inLanguage\":\"fr-CA\"},{\"@type\":\"Organization\",\"name\":\"Danby Appliances\",\"url\":\"https:\\\/\\\/www.danby.com\\\/fr\\\/\",\"logo\":{\"@type\":\"ImageObject\",\"inLanguage\":\"fr-CA\",\"url\":\"https:\\\/\\\/cdnweb.danby.com\\\/wp-content\\\/uploads\\\/sites\\\/2\\\/2022\\\/02\\\/10141906\\\/Danby75Ans_Blue.png\",\"contentUrl\":\"https:\\\/\\\/cdnweb.danby.com\\\/wp-content\\\/uploads\\\/sites\\\/2\\\/2022\\\/02\\\/10141906\\\/Danby75Ans_Blue.png\",\"width\":470,\"height\":110,\"caption\":\"Danby Appliances\"},\"image\":[],\"sameAs\":[\"https:\\\/\\\/www.facebook.com\\\/DanbyAppliances\",\"https:\\\/\\\/x.com\\\/DanbyAppliance\",\"https:\\\/\\\/instagram.com\\\/danbyappliances\\\/\",\"https:\\\/\\\/www.linkedin.com\\\/company\\\/danbyappliances\",\"https:\\\/\\\/www.pinterest.ca\\\/danbyappliances\\\/\",\"https:\\\/\\\/www.youtube.com\\\/user\\\/DanbyProducts\",\"https:\\\/\\\/en.wikipedia.org\\\/wiki\\\/Danby_(appliances)\"]}]}<\/script>\n<!-- \/ Yoast SEO plugin. -->","yoast_head_json":{"title":"Climatiseur de fen\u00eatre Danby 8 000 BTU avec technologie silencieuse - DAC080BHUWDB | Danby Canada","description":"Ce climatiseur de fen\u00eatre ultra silencieux de 8 000 BTU de Danby est parfait pour les chambres et autres petits espaces de vie jusqu'\u00e0 350 pieds carr\u00e9s. Avec la technologie Silencer \u2122 brevet\u00e9e de Danby, votre maison restera fra\u00eeche et confortable sans que vous le remarquiez. Ce climatiseur est class\u00e9 Energy Star et avec une minuterie programmable de 24 heures, un mode veille et un interrupteur d'\u00e9conomie d'\u00e9nergie, cette unit\u00e9 r\u00e9duit les co\u00fbts de fonctionnement globaux et \u00e9conomise sur vos factures mensuelles d'\u00e9lectricit\u00e9. Pour aider \u00e0 maximiser le refroidissement, cet appareil est \u00e9quip\u00e9 d'un ventilateur \u00e0 4 voies et de 3 vitesses de ventilation.","robots":{"index":"index","follow":"follow","max-snippet":"max-snippet:-1","max-image-preview":"max-image-preview:large","max-video-preview":"max-video-preview:-1"},"canonical":"https:\/\/www.danby.com\/fr\/products\/climatiseurs-de-fenetre\/dac080bhuwdb\/","og_locale":"fr_CA","og_type":"article","og_title":"Climatiseur de fen\u00eatre Danby 8 000 BTU avec technologie silencieuse - DAC080BHUWDB | Danby Canada","og_description":"Ce climatiseur de fen\u00eatre ultra silencieux de 8 000 BTU de Danby est parfait pour les chambres et autres petits espaces de vie jusqu'\u00e0 350 pieds carr\u00e9s. Avec la technologie Silencer \u2122 brevet\u00e9e de Danby, votre maison restera fra\u00eeche et confortable sans que vous le remarquiez. Ce climatiseur est class\u00e9 Energy Star et avec une minuterie programmable de 24 heures, un mode veille et un interrupteur d'\u00e9conomie d'\u00e9nergie, cette unit\u00e9 r\u00e9duit les co\u00fbts de fonctionnement globaux et \u00e9conomise sur vos factures mensuelles d'\u00e9lectricit\u00e9. Pour aider \u00e0 maximiser le refroidissement, cet appareil est \u00e9quip\u00e9 d'un ventilateur \u00e0 4 voies et de 3 vitesses de ventilation.","og_url":"https:\/\/www.danby.com\/fr\/products\/climatiseurs-de-fenetre\/dac080bhuwdb\/","og_site_name":"Danby - Canada - French","article_publisher":"https:\/\/www.facebook.com\/DanbyAppliances","article_modified_time":"2026-04-22T10:08:47+00:00","og_image":[{"width":691,"height":375,"url":"https:\/\/cdnweb.danby.com\/wp-content\/uploads\/sites\/2\/2022\/02\/09132023\/DAC060BHUWDB_Right-1.jpg","type":"image\/jpeg"}],"twitter_card":"summary_large_image","twitter_site":"@DanbyAppliance","schema":{"@context":"https:\/\/schema.org","@graph":[{"@type":["WebPage","ItemPage"],"url":"https:\/\/www.danby.com\/fr\/products\/climatiseurs-de-fenetre\/dac080bhuwdb\/","name":"Climatiseur de fen\u00eatre Danby 8 000 BTU avec technologie silencieuse - DAC080BHUWDB | Danby Canada","isPartOf":[],"primaryImageOfPage":[],"image":[],"thumbnailUrl":"https:\/\/cdnweb.danby.com\/wp-content\/uploads\/sites\/2\/2022\/02\/09132023\/DAC060BHUWDB_Right-1.jpg","datePublished":"2022-02-03T19:11:48+00:00","dateModified":"2026-04-22T10:08:47+00:00","description":"Ce climatiseur de fen\u00eatre ultra silencieux de 8 000 BTU de Danby est parfait pour les chambres et autres petits espaces de vie jusqu'\u00e0 350 pieds carr\u00e9s. Avec la technologie Silencer \u2122 brevet\u00e9e de Danby, votre maison restera fra\u00eeche et confortable sans que vous le remarquiez. Ce climatiseur est class\u00e9 Energy Star et avec une minuterie programmable de 24 heures, un mode veille et un interrupteur d'\u00e9conomie d'\u00e9nergie, cette unit\u00e9 r\u00e9duit les co\u00fbts de fonctionnement globaux et \u00e9conomise sur vos factures mensuelles d'\u00e9lectricit\u00e9. Pour aider \u00e0 maximiser le refroidissement, cet appareil est \u00e9quip\u00e9 d'un ventilateur \u00e0 4 voies et de 3 vitesses de ventilation.","breadcrumb":[],"inLanguage":"fr-CA","potentialAction":[{"@type":"ReadAction","target":["https:\/\/www.danby.com\/fr\/products\/climatiseurs-de-fenetre\/dac080bhuwdb\/"]}]},{"@type":"ImageObject","inLanguage":"fr-CA","url":"https:\/\/cdnweb.danby.com\/wp-content\/uploads\/sites\/2\/2022\/02\/09132023\/DAC060BHUWDB_Right-1.jpg","contentUrl":"https:\/\/cdnweb.danby.com\/wp-content\/uploads\/sites\/2\/2022\/02\/09132023\/DAC060BHUWDB_Right-1.jpg","width":691,"height":375},{"@type":"BreadcrumbList","itemListElement":[{"@type":"ListItem","position":1,"name":"Home","item":"https:\/\/www.danby.com\/fr\/"},{"@type":"ListItem","position":2,"name":"Boutique","item":"https:\/\/www.danby.com\/fr\/boutique\/"},{"@type":"ListItem","position":3,"name":"Climatiseur de fen\u00eatre Danby 8 000 BTU avec technologie silencieuse"}]},{"@type":"WebSite","url":"https:\/\/www.danby.com\/fr\/","name":"Danby - Canada - French","description":"Leader dans le domaine de la r\u00e9frig\u00e9ration et des appareils sp\u00e9cialis\u00e9s","publisher":[],"potentialAction":[{"@type":"SearchAction","target":{"@type":"EntryPoint","urlTemplate":"https:\/\/www.danby.com\/fr\/?s={search_term_string}"},"query-input":{"@type":"PropertyValueSpecification","valueRequired":true,"valueName":"search_term_string"}}],"inLanguage":"fr-CA"},{"@type":"Organization","name":"Danby Appliances","url":"https:\/\/www.danby.com\/fr\/","logo":{"@type":"ImageObject","inLanguage":"fr-CA","url":"https:\/\/cdnweb.danby.com\/wp-content\/uploads\/sites\/2\/2022\/02\/10141906\/Danby75Ans_Blue.png","contentUrl":"https:\/\/cdnweb.danby.com\/wp-content\/uploads\/sites\/2\/2022\/02\/10141906\/Danby75Ans_Blue.png","width":470,"height":110,"caption":"Danby Appliances"},"image":[],"sameAs":["https:\/\/www.facebook.com\/DanbyAppliances","https:\/\/x.com\/DanbyAppliance","https:\/\/instagram.com\/danbyappliances\/","https:\/\/www.linkedin.com\/company\/danbyappliances","https:\/\/www.pinterest.ca\/danbyappliances\/","https:\/\/www.youtube.com\/user\/DanbyProducts","https:\/\/en.wikipedia.org\/wiki\/Danby_(appliances)"]}]}},"post_mailing_queue_ids":[],"_links":{"self":[{"href":"https:\/\/www.danby.com\/fr\/wp-json\/wp\/v2\/product\/4498","targetHints":{"allow":["GET"]}}],"collection":[{"href":"https:\/\/www.danby.com\/fr\/wp-json\/wp\/v2\/product"}],"about":[{"href":"https:\/\/www.danby.com\/fr\/wp-json\/wp\/v2\/types\/product"}],"replies":[{"embeddable":true,"href":"https:\/\/www.danby.com\/fr\/wp-json\/wp\/v2\/comments?post=4498"}],"wp:featuredmedia":[{"embeddable":true,"href":"https:\/\/www.danby.com\/fr\/wp-json\/wp\/v2\/media\/11294"}],"wp:attachment":[{"href":"https:\/\/www.danby.com\/fr\/wp-json\/wp\/v2\/media?parent=4498"}],"wp:term":[{"taxonomy":"product_brand","embeddable":true,"href":"https:\/\/www.danby.com\/fr\/wp-json\/wp\/v2\/product_brand?post=4498"},{"taxonomy":"product_cat","embeddable":true,"href":"https:\/\/www.danby.com\/fr\/wp-json\/wp\/v2\/product_cat?post=4498"},{"taxonomy":"product_tag","embeddable":true,"href":"https:\/\/www.danby.com\/fr\/wp-json\/wp\/v2\/product_tag?post=4498"}],"curies":[{"name":"wp","href":"https:\/\/api.w.org\/{rel}","templated":true}]}}