{"id":4495,"date":"2022-02-03T19:11:48","date_gmt":"2022-02-03T19:11:48","guid":{"rendered":"https:\/\/www.danby.com\/fr\/product\/dac080b6iwdb-6\/"},"modified":"2026-04-30T10:04:37","modified_gmt":"2026-04-30T10:04:37","slug":"dac080b6iwdb-6","status":"publish","type":"product","link":"https:\/\/www.danby.com\/fr\/products\/climatiseurs-de-fenetre\/dac080b6iwdb-6\/","title":{"rendered":"Climatiseur de fen\u00eatre \u00e0 inverseur en forme de U de 8 000 BTU de Danby"},"content":{"rendered":"","protected":false},"excerpt":{"rendered":"<ul>\n<li>8 000 BTU refroidissent des espaces allant jusqu&#8217;\u00e0 350 pieds carr\u00e9s<\/li>\n<li>R32 Refrigerant : respectueux de l&#8217;environnement, le GWP (Global Warming Potential) du R32 est 3x plus faible que le R410a<\/li>\n<li>Compresseur inverter : jusqu&#8217;\u00e0 35% d&#8217;\u00e9conomies d&#8217;\u00e9nergie avec la technologie avanc\u00e9e d&#8217;inverter DC<\/li>\n<li>Conception en forme de U : offre la flexibilit\u00e9 d&#8217;ouvrir votre fen\u00eatre pour permettre l&#8217;air frais dans la pi\u00e8ce comme d\u00e9sir\u00e9<\/li>\n<li>Technologie Silencer : fonctionne aussi bas que 33dB. L&#8217;unit\u00e9 est 9x plus silencieuse que les unit\u00e9s traditionnelles.<\/li>\n<li>Compatible avec ENERGY STAR\u00ae<\/li>\n<li>Connexion sans fil : contr\u00f4lez la temp\u00e9rature de votre espace \u00e0 tout moment, de n&#8217;importe o\u00f9<\/li>\n<li>Commandes \u00e9lectroniques avec affichage LED et t\u00e9l\u00e9commande<\/li>\n<li>Un puissant ventilateur \u00e0 3 vitesses fait circuler l&#8217;air<\/li>\n<li>Red\u00e9marrage automatique : l&#8217;unit\u00e9 red\u00e9marre automatiquement apr\u00e8s une panne de courant<\/li>\n<li>Mode sommeil : Emp\u00eache la pi\u00e8ce de devenir trop froide pendant votre sommeil<\/li>\n<li>Commutateur d&#8217;\u00e9conomie d&#8217;\u00e9nergie : Allume et \u00e9teint cycliquement le ventilateur pour r\u00e9duire la consommation d&#8217;\u00e9nergie<\/li>\n<li>Filtre \u00e0 air r\u00e9utilisable et lavable<\/li>\n<li>Garantie : 24 mois \u00e0 domicile<\/li>\n<\/ul>\n","protected":false},"featured_media":11340,"comment_status":"closed","ping_status":"open","template":"","meta":{"_acf_changed":false},"product_brand":[],"product_cat":[40],"product_tag":[],"class_list":{"0":"post-4495","1":"product","2":"type-product","3":"status-publish","4":"has-post-thumbnail","6":"product_cat-climatiseurs-de-fenetre","7":"pa_btu-78","8":"pa_couleur-white","9":"pa_duree-de-la-garantie-en-mois-1169","11":"first","12":"outofstock","13":"taxable","14":"shipping-taxable","15":"product-type-simple"},"acf":[],"yoast_head":"<!-- This site is optimized with the Yoast SEO plugin v27.5 - https:\/\/yoast.com\/product\/yoast-seo-wordpress\/ -->\n<title>Climatiseur de fen\u00eatre \u00e0 inverseur en forme de U de 8 000 BTU de Danby - DAC080B6IWDB-6 | Danby Canada<\/title>\n<meta name=\"description\" content=\"Voici le tout premier climatiseur de fen\u00eatre \u00e0 onduleur en forme de U de Danby ! Cet appareil vous permet d&#039;ouvrir ou de fermer votre fen\u00eatre pendant que le climatiseur est install\u00e9. La conception innovatrice rend l&#039;installation tr\u00e8s facile, et la possibilit\u00e9 de fermer la fen\u00eatre isole le bruit \u00e0 l&#039;ext\u00e9rieur - ce qui le rend tr\u00e8s silencieux. Ce mod\u00e8le de climatiseur de fen\u00eatre de 8 000 BTU peut refroidir des espaces allant jusqu&#039;\u00e0 environ 350 pieds carr\u00e9s. De plus, ce climatiseur est conforme \u00e0 la norme ENERGY STAR\u00ae et est \u00e9quip\u00e9 d&#039;un mode veille et d&#039;un interrupteur d&#039;\u00e9conomie d&#039;\u00e9nergie, ce qui vous permet de r\u00e9duire vos factures mensuelles. Pour maximiser le refroidissement, ce climatiseur est \u00e9galement \u00e9quip\u00e9 d&#039;un ventilateur \u00e0 trois vitesses et d&#039;une connexion sans fil qui vous permet de contr\u00f4ler la temp\u00e9rature de votre espace \u00e0 tout moment, o\u00f9 que vous soyez !\" \/>\n<meta name=\"robots\" content=\"index, follow, max-snippet:-1, max-image-preview:large, max-video-preview:-1\" \/>\n<link rel=\"canonical\" href=\"https:\/\/www.danby.com\/fr\/products\/climatiseurs-de-fenetre\/dac080b6iwdb-6\/\" \/>\n<meta property=\"og:locale\" content=\"fr_CA\" \/>\n<meta property=\"og:type\" content=\"article\" \/>\n<meta property=\"og:title\" content=\"Climatiseur de fen\u00eatre \u00e0 inverseur en forme de U de 8 000 BTU de Danby - DAC080B6IWDB-6 | Danby Canada\" \/>\n<meta property=\"og:description\" content=\"Voici le tout premier climatiseur de fen\u00eatre \u00e0 onduleur en forme de U de Danby ! Cet appareil vous permet d&#039;ouvrir ou de fermer votre fen\u00eatre pendant que le climatiseur est install\u00e9. La conception innovatrice rend l&#039;installation tr\u00e8s facile, et la possibilit\u00e9 de fermer la fen\u00eatre isole le bruit \u00e0 l&#039;ext\u00e9rieur - ce qui le rend tr\u00e8s silencieux. Ce mod\u00e8le de climatiseur de fen\u00eatre de 8 000 BTU peut refroidir des espaces allant jusqu&#039;\u00e0 environ 350 pieds carr\u00e9s. De plus, ce climatiseur est conforme \u00e0 la norme ENERGY STAR\u00ae et est \u00e9quip\u00e9 d&#039;un mode veille et d&#039;un interrupteur d&#039;\u00e9conomie d&#039;\u00e9nergie, ce qui vous permet de r\u00e9duire vos factures mensuelles. Pour maximiser le refroidissement, ce climatiseur est \u00e9galement \u00e9quip\u00e9 d&#039;un ventilateur \u00e0 trois vitesses et d&#039;une connexion sans fil qui vous permet de contr\u00f4ler la temp\u00e9rature de votre espace \u00e0 tout moment, o\u00f9 que vous soyez !\" \/>\n<meta property=\"og:url\" content=\"https:\/\/www.danby.com\/fr\/products\/climatiseurs-de-fenetre\/dac080b6iwdb-6\/\" \/>\n<meta property=\"og:site_name\" content=\"Danby - Canada - French\" \/>\n<meta property=\"article:publisher\" content=\"https:\/\/www.facebook.com\/DanbyAppliances\" \/>\n<meta property=\"article:modified_time\" content=\"2026-04-30T10:04:37+00:00\" \/>\n<meta property=\"og:image\" content=\"https:\/\/cdnweb.danby.com\/wp-content\/uploads\/sites\/2\/2022\/02\/09132508\/DAC100B6IWDB-6-Featured.jpg\" \/>\n\t<meta property=\"og:image:width\" content=\"1440\" \/>\n\t<meta property=\"og:image:height\" content=\"1920\" \/>\n\t<meta property=\"og:image:type\" content=\"image\/jpeg\" \/>\n<meta name=\"twitter:card\" content=\"summary_large_image\" \/>\n<meta name=\"twitter:site\" content=\"@DanbyAppliance\" \/>\n<script type=\"application\/ld+json\" class=\"yoast-schema-graph\">{\"@context\":\"https:\\\/\\\/schema.org\",\"@graph\":[{\"@type\":[\"WebPage\",\"ItemPage\"],\"url\":\"https:\\\/\\\/www.danby.com\\\/fr\\\/products\\\/climatiseurs-de-fenetre\\\/dac080b6iwdb-6\\\/\",\"name\":\"Climatiseur de fen\u00eatre \u00e0 inverseur en forme de U de 8 000 BTU de Danby - DAC080B6IWDB-6 | Danby Canada\",\"isPartOf\":[],\"primaryImageOfPage\":[],\"image\":[],\"thumbnailUrl\":\"https:\\\/\\\/cdnweb.danby.com\\\/wp-content\\\/uploads\\\/sites\\\/2\\\/2022\\\/02\\\/09132508\\\/DAC100B6IWDB-6-Featured.jpg\",\"datePublished\":\"2022-02-03T19:11:48+00:00\",\"dateModified\":\"2026-04-30T10:04:37+00:00\",\"description\":\"Voici le tout premier climatiseur de fen\u00eatre \u00e0 onduleur en forme de U de Danby ! Cet appareil vous permet d'ouvrir ou de fermer votre fen\u00eatre pendant que le climatiseur est install\u00e9. La conception innovatrice rend l'installation tr\u00e8s facile, et la possibilit\u00e9 de fermer la fen\u00eatre isole le bruit \u00e0 l'ext\u00e9rieur - ce qui le rend tr\u00e8s silencieux. Ce mod\u00e8le de climatiseur de fen\u00eatre de 8 000 BTU peut refroidir des espaces allant jusqu'\u00e0 environ 350 pieds carr\u00e9s. De plus, ce climatiseur est conforme \u00e0 la norme ENERGY STAR\u00ae et est \u00e9quip\u00e9 d'un mode veille et d'un interrupteur d'\u00e9conomie d'\u00e9nergie, ce qui vous permet de r\u00e9duire vos factures mensuelles. Pour maximiser le refroidissement, ce climatiseur est \u00e9galement \u00e9quip\u00e9 d'un ventilateur \u00e0 trois vitesses et d'une connexion sans fil qui vous permet de contr\u00f4ler la temp\u00e9rature de votre espace \u00e0 tout moment, o\u00f9 que vous soyez !\",\"breadcrumb\":[],\"inLanguage\":\"fr-CA\",\"potentialAction\":[{\"@type\":\"ReadAction\",\"target\":[\"https:\\\/\\\/www.danby.com\\\/fr\\\/products\\\/climatiseurs-de-fenetre\\\/dac080b6iwdb-6\\\/\"]}]},{\"@type\":\"ImageObject\",\"inLanguage\":\"fr-CA\",\"url\":\"https:\\\/\\\/cdnweb.danby.com\\\/wp-content\\\/uploads\\\/sites\\\/2\\\/2022\\\/02\\\/09132508\\\/DAC100B6IWDB-6-Featured.jpg\",\"contentUrl\":\"https:\\\/\\\/cdnweb.danby.com\\\/wp-content\\\/uploads\\\/sites\\\/2\\\/2022\\\/02\\\/09132508\\\/DAC100B6IWDB-6-Featured.jpg\",\"width\":1440,\"height\":1920},{\"@type\":\"BreadcrumbList\",\"itemListElement\":[{\"@type\":\"ListItem\",\"position\":1,\"name\":\"Home\",\"item\":\"https:\\\/\\\/www.danby.com\\\/fr\\\/\"},{\"@type\":\"ListItem\",\"position\":2,\"name\":\"Boutique\",\"item\":\"https:\\\/\\\/www.danby.com\\\/fr\\\/boutique\\\/\"},{\"@type\":\"ListItem\",\"position\":3,\"name\":\"Climatiseur de fen\u00eatre \u00e0 inverseur en forme de U de 8 000 BTU de Danby\"}]},{\"@type\":\"WebSite\",\"url\":\"https:\\\/\\\/www.danby.com\\\/fr\\\/\",\"name\":\"Danby - Canada - French\",\"description\":\"Leader dans le domaine de la r\u00e9frig\u00e9ration et des appareils sp\u00e9cialis\u00e9s\",\"publisher\":[],\"potentialAction\":[{\"@type\":\"SearchAction\",\"target\":{\"@type\":\"EntryPoint\",\"urlTemplate\":\"https:\\\/\\\/www.danby.com\\\/fr\\\/?s={search_term_string}\"},\"query-input\":{\"@type\":\"PropertyValueSpecification\",\"valueRequired\":true,\"valueName\":\"search_term_string\"}}],\"inLanguage\":\"fr-CA\"},{\"@type\":\"Organization\",\"name\":\"Danby Appliances\",\"url\":\"https:\\\/\\\/www.danby.com\\\/fr\\\/\",\"logo\":{\"@type\":\"ImageObject\",\"inLanguage\":\"fr-CA\",\"url\":\"https:\\\/\\\/cdnweb.danby.com\\\/wp-content\\\/uploads\\\/sites\\\/2\\\/2022\\\/02\\\/10141906\\\/Danby75Ans_Blue.png\",\"contentUrl\":\"https:\\\/\\\/cdnweb.danby.com\\\/wp-content\\\/uploads\\\/sites\\\/2\\\/2022\\\/02\\\/10141906\\\/Danby75Ans_Blue.png\",\"width\":470,\"height\":110,\"caption\":\"Danby Appliances\"},\"image\":[],\"sameAs\":[\"https:\\\/\\\/www.facebook.com\\\/DanbyAppliances\",\"https:\\\/\\\/x.com\\\/DanbyAppliance\",\"https:\\\/\\\/instagram.com\\\/danbyappliances\\\/\",\"https:\\\/\\\/www.linkedin.com\\\/company\\\/danbyappliances\",\"https:\\\/\\\/www.pinterest.ca\\\/danbyappliances\\\/\",\"https:\\\/\\\/www.youtube.com\\\/user\\\/DanbyProducts\",\"https:\\\/\\\/en.wikipedia.org\\\/wiki\\\/Danby_(appliances)\"]}]}<\/script>\n<!-- \/ Yoast SEO plugin. -->","yoast_head_json":{"title":"Climatiseur de fen\u00eatre \u00e0 inverseur en forme de U de 8 000 BTU de Danby - DAC080B6IWDB-6 | Danby Canada","description":"Voici le tout premier climatiseur de fen\u00eatre \u00e0 onduleur en forme de U de Danby ! Cet appareil vous permet d'ouvrir ou de fermer votre fen\u00eatre pendant que le climatiseur est install\u00e9. La conception innovatrice rend l'installation tr\u00e8s facile, et la possibilit\u00e9 de fermer la fen\u00eatre isole le bruit \u00e0 l'ext\u00e9rieur - ce qui le rend tr\u00e8s silencieux. Ce mod\u00e8le de climatiseur de fen\u00eatre de 8 000 BTU peut refroidir des espaces allant jusqu'\u00e0 environ 350 pieds carr\u00e9s. De plus, ce climatiseur est conforme \u00e0 la norme ENERGY STAR\u00ae et est \u00e9quip\u00e9 d'un mode veille et d'un interrupteur d'\u00e9conomie d'\u00e9nergie, ce qui vous permet de r\u00e9duire vos factures mensuelles. Pour maximiser le refroidissement, ce climatiseur est \u00e9galement \u00e9quip\u00e9 d'un ventilateur \u00e0 trois vitesses et d'une connexion sans fil qui vous permet de contr\u00f4ler la temp\u00e9rature de votre espace \u00e0 tout moment, o\u00f9 que vous soyez !","robots":{"index":"index","follow":"follow","max-snippet":"max-snippet:-1","max-image-preview":"max-image-preview:large","max-video-preview":"max-video-preview:-1"},"canonical":"https:\/\/www.danby.com\/fr\/products\/climatiseurs-de-fenetre\/dac080b6iwdb-6\/","og_locale":"fr_CA","og_type":"article","og_title":"Climatiseur de fen\u00eatre \u00e0 inverseur en forme de U de 8 000 BTU de Danby - DAC080B6IWDB-6 | Danby Canada","og_description":"Voici le tout premier climatiseur de fen\u00eatre \u00e0 onduleur en forme de U de Danby ! Cet appareil vous permet d'ouvrir ou de fermer votre fen\u00eatre pendant que le climatiseur est install\u00e9. La conception innovatrice rend l'installation tr\u00e8s facile, et la possibilit\u00e9 de fermer la fen\u00eatre isole le bruit \u00e0 l'ext\u00e9rieur - ce qui le rend tr\u00e8s silencieux. Ce mod\u00e8le de climatiseur de fen\u00eatre de 8 000 BTU peut refroidir des espaces allant jusqu'\u00e0 environ 350 pieds carr\u00e9s. De plus, ce climatiseur est conforme \u00e0 la norme ENERGY STAR\u00ae et est \u00e9quip\u00e9 d'un mode veille et d'un interrupteur d'\u00e9conomie d'\u00e9nergie, ce qui vous permet de r\u00e9duire vos factures mensuelles. Pour maximiser le refroidissement, ce climatiseur est \u00e9galement \u00e9quip\u00e9 d'un ventilateur \u00e0 trois vitesses et d'une connexion sans fil qui vous permet de contr\u00f4ler la temp\u00e9rature de votre espace \u00e0 tout moment, o\u00f9 que vous soyez !","og_url":"https:\/\/www.danby.com\/fr\/products\/climatiseurs-de-fenetre\/dac080b6iwdb-6\/","og_site_name":"Danby - Canada - French","article_publisher":"https:\/\/www.facebook.com\/DanbyAppliances","article_modified_time":"2026-04-30T10:04:37+00:00","og_image":[{"width":1440,"height":1920,"url":"https:\/\/cdnweb.danby.com\/wp-content\/uploads\/sites\/2\/2022\/02\/09132508\/DAC100B6IWDB-6-Featured.jpg","type":"image\/jpeg"}],"twitter_card":"summary_large_image","twitter_site":"@DanbyAppliance","schema":{"@context":"https:\/\/schema.org","@graph":[{"@type":["WebPage","ItemPage"],"url":"https:\/\/www.danby.com\/fr\/products\/climatiseurs-de-fenetre\/dac080b6iwdb-6\/","name":"Climatiseur de fen\u00eatre \u00e0 inverseur en forme de U de 8 000 BTU de Danby - DAC080B6IWDB-6 | Danby Canada","isPartOf":[],"primaryImageOfPage":[],"image":[],"thumbnailUrl":"https:\/\/cdnweb.danby.com\/wp-content\/uploads\/sites\/2\/2022\/02\/09132508\/DAC100B6IWDB-6-Featured.jpg","datePublished":"2022-02-03T19:11:48+00:00","dateModified":"2026-04-30T10:04:37+00:00","description":"Voici le tout premier climatiseur de fen\u00eatre \u00e0 onduleur en forme de U de Danby ! Cet appareil vous permet d'ouvrir ou de fermer votre fen\u00eatre pendant que le climatiseur est install\u00e9. La conception innovatrice rend l'installation tr\u00e8s facile, et la possibilit\u00e9 de fermer la fen\u00eatre isole le bruit \u00e0 l'ext\u00e9rieur - ce qui le rend tr\u00e8s silencieux. Ce mod\u00e8le de climatiseur de fen\u00eatre de 8 000 BTU peut refroidir des espaces allant jusqu'\u00e0 environ 350 pieds carr\u00e9s. De plus, ce climatiseur est conforme \u00e0 la norme ENERGY STAR\u00ae et est \u00e9quip\u00e9 d'un mode veille et d'un interrupteur d'\u00e9conomie d'\u00e9nergie, ce qui vous permet de r\u00e9duire vos factures mensuelles. Pour maximiser le refroidissement, ce climatiseur est \u00e9galement \u00e9quip\u00e9 d'un ventilateur \u00e0 trois vitesses et d'une connexion sans fil qui vous permet de contr\u00f4ler la temp\u00e9rature de votre espace \u00e0 tout moment, o\u00f9 que vous soyez !","breadcrumb":[],"inLanguage":"fr-CA","potentialAction":[{"@type":"ReadAction","target":["https:\/\/www.danby.com\/fr\/products\/climatiseurs-de-fenetre\/dac080b6iwdb-6\/"]}]},{"@type":"ImageObject","inLanguage":"fr-CA","url":"https:\/\/cdnweb.danby.com\/wp-content\/uploads\/sites\/2\/2022\/02\/09132508\/DAC100B6IWDB-6-Featured.jpg","contentUrl":"https:\/\/cdnweb.danby.com\/wp-content\/uploads\/sites\/2\/2022\/02\/09132508\/DAC100B6IWDB-6-Featured.jpg","width":1440,"height":1920},{"@type":"BreadcrumbList","itemListElement":[{"@type":"ListItem","position":1,"name":"Home","item":"https:\/\/www.danby.com\/fr\/"},{"@type":"ListItem","position":2,"name":"Boutique","item":"https:\/\/www.danby.com\/fr\/boutique\/"},{"@type":"ListItem","position":3,"name":"Climatiseur de fen\u00eatre \u00e0 inverseur en forme de U de 8 000 BTU de Danby"}]},{"@type":"WebSite","url":"https:\/\/www.danby.com\/fr\/","name":"Danby - Canada - French","description":"Leader dans le domaine de la r\u00e9frig\u00e9ration et des appareils sp\u00e9cialis\u00e9s","publisher":[],"potentialAction":[{"@type":"SearchAction","target":{"@type":"EntryPoint","urlTemplate":"https:\/\/www.danby.com\/fr\/?s={search_term_string}"},"query-input":{"@type":"PropertyValueSpecification","valueRequired":true,"valueName":"search_term_string"}}],"inLanguage":"fr-CA"},{"@type":"Organization","name":"Danby Appliances","url":"https:\/\/www.danby.com\/fr\/","logo":{"@type":"ImageObject","inLanguage":"fr-CA","url":"https:\/\/cdnweb.danby.com\/wp-content\/uploads\/sites\/2\/2022\/02\/10141906\/Danby75Ans_Blue.png","contentUrl":"https:\/\/cdnweb.danby.com\/wp-content\/uploads\/sites\/2\/2022\/02\/10141906\/Danby75Ans_Blue.png","width":470,"height":110,"caption":"Danby Appliances"},"image":[],"sameAs":["https:\/\/www.facebook.com\/DanbyAppliances","https:\/\/x.com\/DanbyAppliance","https:\/\/instagram.com\/danbyappliances\/","https:\/\/www.linkedin.com\/company\/danbyappliances","https:\/\/www.pinterest.ca\/danbyappliances\/","https:\/\/www.youtube.com\/user\/DanbyProducts","https:\/\/en.wikipedia.org\/wiki\/Danby_(appliances)"]}]}},"post_mailing_queue_ids":[],"_links":{"self":[{"href":"https:\/\/www.danby.com\/fr\/wp-json\/wp\/v2\/product\/4495","targetHints":{"allow":["GET"]}}],"collection":[{"href":"https:\/\/www.danby.com\/fr\/wp-json\/wp\/v2\/product"}],"about":[{"href":"https:\/\/www.danby.com\/fr\/wp-json\/wp\/v2\/types\/product"}],"replies":[{"embeddable":true,"href":"https:\/\/www.danby.com\/fr\/wp-json\/wp\/v2\/comments?post=4495"}],"wp:featuredmedia":[{"embeddable":true,"href":"https:\/\/www.danby.com\/fr\/wp-json\/wp\/v2\/media\/11340"}],"wp:attachment":[{"href":"https:\/\/www.danby.com\/fr\/wp-json\/wp\/v2\/media?parent=4495"}],"wp:term":[{"taxonomy":"product_brand","embeddable":true,"href":"https:\/\/www.danby.com\/fr\/wp-json\/wp\/v2\/product_brand?post=4495"},{"taxonomy":"product_cat","embeddable":true,"href":"https:\/\/www.danby.com\/fr\/wp-json\/wp\/v2\/product_cat?post=4495"},{"taxonomy":"product_tag","embeddable":true,"href":"https:\/\/www.danby.com\/fr\/wp-json\/wp\/v2\/product_tag?post=4495"}],"curies":[{"name":"wp","href":"https:\/\/api.w.org\/{rel}","templated":true}]}}