{"id":4492,"date":"2022-02-03T19:11:48","date_gmt":"2022-02-03T19:11:48","guid":{"rendered":"https:\/\/www.danby.com\/fr\/product\/dac060ecb4gdb\/"},"modified":"2026-04-19T10:06:23","modified_gmt":"2026-04-19T10:06:23","slug":"dac060ecb4gdb","status":"publish","type":"product","link":"https:\/\/www.danby.com\/fr\/products\/climatiseurs-de-fenetre\/dac060ecb4gdb\/","title":{"rendered":"Climatiseur de fen\u00eatre Danby 6 000 BTU"},"content":{"rendered":"","protected":false},"excerpt":{"rendered":"<ul>\n<li>Climatiseur de 6 000 BTU refroidit jusqu&#8217;\u00e0 250 pi2<\/li>\n<li>R\u00e9frig\u00e9rant R410A respectueux de l&#8217;environnement<\/li>\n<li>Commandes \u00e9lectroniques avec t\u00e9l\u00e9commande et affichage LED<\/li>\n<li>Direction de l&#8217;air \u00e0 4 voies<\/li>\n<li>Mode sommeil : Emp\u00eache la pi\u00e8ce de devenir trop froide la nuit<\/li>\n<li>Mise en marche\/arr\u00eat automatique : Faites en sorte que l&#8217;unit\u00e9 d\u00e9marre ou s&#8217;arr\u00eate en fonction de votre emploi du temps<\/li>\n<li>Commutateur d&#8217;\u00e9conomie d&#8217;\u00e9nergie : Active et d\u00e9sactive le ventilateur apr\u00e8s l&#8217;arr\u00eat du compresseur<\/li>\n<li>Filtre \u00e0 air amovible<\/li>\n<li>3 vitesses de ventilateur<\/li>\n<li>Commande de temp\u00e9rature variable de 17\u00baC \u00e0 30\u00baC (62\u00baF &#8211; 86\u00baF)<\/li>\n<li>Le kit d&#8217;installation de fen\u00eatre extensible s&#8217;adapte aux fen\u00eatres de 23 po \u00e0 36 po de large<\/li>\n<li>Hauteur minimale de fen\u00eatre requise : 14 po. (35,6 cm)<\/li>\n<\/ul>\n","protected":false},"featured_media":11332,"comment_status":"closed","ping_status":"open","template":"","meta":{"_acf_changed":false},"product_brand":[],"product_cat":[40],"product_tag":[],"class_list":{"0":"post-4492","1":"product","2":"type-product","3":"status-publish","4":"has-post-thumbnail","6":"product_cat-climatiseurs-de-fenetre","8":"first","9":"outofstock","10":"taxable","11":"shipping-taxable","12":"product-type-simple"},"acf":[],"yoast_head":"<!-- This site is optimized with the Yoast SEO plugin v26.7 - https:\/\/yoast.com\/wordpress\/plugins\/seo\/ -->\n<title>Climatiseur de fen\u00eatre Danby 6 000 BTU - DAC060ECB4GDB | Danby Canada<\/title>\n<meta name=\"description\" content=\"Si votre objectif est de rafra\u00eechir un espace allant jusqu&#039;\u00e0 250 pieds carr\u00e9s, ce climatiseur de fen\u00eatre efficace de 6 000 BTU de Danby devrait vous s\u00e9duire. Il est dot\u00e9 d&#039;un ventilateur puissant avec une direction d&#039;air \u00e0 quatre voies et l&#039;interrupteur d&#039;\u00e9conomie d&#039;\u00e9nergie de haute technologie garantit que le ventilateur peut s&#039;allumer et s&#039;\u00e9teindre lorsque le compresseur s&#039;arr\u00eate. Les commandes \u00e9lectroniques peuvent \u00eatre facilement programm\u00e9es \u00e0 l&#039;aide de la t\u00e9l\u00e9commande pratique et l&#039;\u00e9cran LED lumineux est facile \u00e0 lire et \u00e0 surveiller. L&#039;unit\u00e9 peut \u00eatre programm\u00e9e pour ses fonctions de mise en marche et d&#039;arr\u00eat automatiques, tandis que le mode veille veille \u00e0 ce que la pi\u00e8ce ne soit jamais trop fra\u00eeche pendant la nuit. Le climatiseur fonctionne avec le r\u00e9frig\u00e9rant R410A qui ne nuit pas \u00e0 la couche d&#039;ozone et le contr\u00f4le \u00e9lectronique variable de la temp\u00e9rature signifie que vous pouvez programmer le mod\u00e8le entre 17\u00b0C et 30\u00b0C (62\u00b0F et 86\u00b0F). Vous n&#039;avez pas \u00e0 vous inqui\u00e9ter avec ce climatiseur de fen\u00eatre car il est garanti 12 mois pi\u00e8ces et main d&#039;\u0153uvre.\" \/>\n<meta name=\"robots\" content=\"index, follow, max-snippet:-1, max-image-preview:large, max-video-preview:-1\" \/>\n<link rel=\"canonical\" href=\"https:\/\/www.danby.com\/fr\/products\/climatiseurs-de-fenetre\/dac060ecb4gdb\/\" \/>\n<meta property=\"og:locale\" content=\"fr_CA\" \/>\n<meta property=\"og:type\" content=\"article\" \/>\n<meta property=\"og:title\" content=\"Climatiseur de fen\u00eatre Danby 6 000 BTU - DAC060ECB4GDB | Danby Canada\" \/>\n<meta property=\"og:description\" content=\"Si votre objectif est de rafra\u00eechir un espace allant jusqu&#039;\u00e0 250 pieds carr\u00e9s, ce climatiseur de fen\u00eatre efficace de 6 000 BTU de Danby devrait vous s\u00e9duire. Il est dot\u00e9 d&#039;un ventilateur puissant avec une direction d&#039;air \u00e0 quatre voies et l&#039;interrupteur d&#039;\u00e9conomie d&#039;\u00e9nergie de haute technologie garantit que le ventilateur peut s&#039;allumer et s&#039;\u00e9teindre lorsque le compresseur s&#039;arr\u00eate. Les commandes \u00e9lectroniques peuvent \u00eatre facilement programm\u00e9es \u00e0 l&#039;aide de la t\u00e9l\u00e9commande pratique et l&#039;\u00e9cran LED lumineux est facile \u00e0 lire et \u00e0 surveiller. L&#039;unit\u00e9 peut \u00eatre programm\u00e9e pour ses fonctions de mise en marche et d&#039;arr\u00eat automatiques, tandis que le mode veille veille \u00e0 ce que la pi\u00e8ce ne soit jamais trop fra\u00eeche pendant la nuit. Le climatiseur fonctionne avec le r\u00e9frig\u00e9rant R410A qui ne nuit pas \u00e0 la couche d&#039;ozone et le contr\u00f4le \u00e9lectronique variable de la temp\u00e9rature signifie que vous pouvez programmer le mod\u00e8le entre 17\u00b0C et 30\u00b0C (62\u00b0F et 86\u00b0F). Vous n&#039;avez pas \u00e0 vous inqui\u00e9ter avec ce climatiseur de fen\u00eatre car il est garanti 12 mois pi\u00e8ces et main d&#039;\u0153uvre.\" \/>\n<meta property=\"og:url\" content=\"https:\/\/www.danby.com\/fr\/products\/climatiseurs-de-fenetre\/dac060ecb4gdb\/\" \/>\n<meta property=\"og:site_name\" content=\"Danby - Canada - French\" \/>\n<meta property=\"article:publisher\" content=\"https:\/\/www.facebook.com\/DanbyAppliances\" \/>\n<meta property=\"article:modified_time\" content=\"2026-04-19T10:06:23+00:00\" \/>\n<meta property=\"og:image\" content=\"https:\/\/cdnweb.danby.com\/wp-content\/uploads\/sites\/2\/2022\/02\/09132424\/DAC060ECB4GDB_Right3.jpg\" \/>\n\t<meta property=\"og:image:width\" content=\"2393\" \/>\n\t<meta property=\"og:image:height\" content=\"1500\" \/>\n\t<meta property=\"og:image:type\" content=\"image\/jpeg\" \/>\n<meta name=\"twitter:card\" content=\"summary_large_image\" \/>\n<meta name=\"twitter:site\" content=\"@DanbyAppliance\" \/>\n<script type=\"application\/ld+json\" class=\"yoast-schema-graph\">{\"@context\":\"https:\/\/schema.org\",\"@graph\":[{\"@type\":[\"WebPage\",\"ItemPage\"],\"url\":\"https:\/\/www.danby.com\/fr\/products\/climatiseurs-de-fenetre\/dac060ecb4gdb\/\",\"name\":\"Climatiseur de fen\u00eatre Danby 6 000 BTU - DAC060ECB4GDB | Danby Canada\",\"isPartOf\":[],\"primaryImageOfPage\":[],\"image\":[],\"thumbnailUrl\":\"https:\/\/cdnweb.danby.com\/wp-content\/uploads\/sites\/2\/2022\/02\/09132424\/DAC060ECB4GDB_Right3.jpg\",\"datePublished\":\"2022-02-03T19:11:48+00:00\",\"dateModified\":\"2026-04-19T10:06:23+00:00\",\"description\":\"Si votre objectif est de rafra\u00eechir un espace allant jusqu'\u00e0 250 pieds carr\u00e9s, ce climatiseur de fen\u00eatre efficace de 6 000 BTU de Danby devrait vous s\u00e9duire. Il est dot\u00e9 d'un ventilateur puissant avec une direction d'air \u00e0 quatre voies et l'interrupteur d'\u00e9conomie d'\u00e9nergie de haute technologie garantit que le ventilateur peut s'allumer et s'\u00e9teindre lorsque le compresseur s'arr\u00eate. Les commandes \u00e9lectroniques peuvent \u00eatre facilement programm\u00e9es \u00e0 l'aide de la t\u00e9l\u00e9commande pratique et l'\u00e9cran LED lumineux est facile \u00e0 lire et \u00e0 surveiller. L'unit\u00e9 peut \u00eatre programm\u00e9e pour ses fonctions de mise en marche et d'arr\u00eat automatiques, tandis que le mode veille veille \u00e0 ce que la pi\u00e8ce ne soit jamais trop fra\u00eeche pendant la nuit. Le climatiseur fonctionne avec le r\u00e9frig\u00e9rant R410A qui ne nuit pas \u00e0 la couche d'ozone et le contr\u00f4le \u00e9lectronique variable de la temp\u00e9rature signifie que vous pouvez programmer le mod\u00e8le entre 17\u00b0C et 30\u00b0C (62\u00b0F et 86\u00b0F). Vous n'avez pas \u00e0 vous inqui\u00e9ter avec ce climatiseur de fen\u00eatre car il est garanti 12 mois pi\u00e8ces et main d'\u0153uvre.\",\"breadcrumb\":[],\"inLanguage\":\"fr-CA\",\"potentialAction\":[{\"@type\":\"ReadAction\",\"target\":[\"https:\/\/www.danby.com\/fr\/products\/climatiseurs-de-fenetre\/dac060ecb4gdb\/\"]}]},{\"@type\":\"ImageObject\",\"inLanguage\":\"fr-CA\",\"url\":\"https:\/\/cdnweb.danby.com\/wp-content\/uploads\/sites\/2\/2022\/02\/09132424\/DAC060ECB4GDB_Right3.jpg\",\"contentUrl\":\"https:\/\/cdnweb.danby.com\/wp-content\/uploads\/sites\/2\/2022\/02\/09132424\/DAC060ECB4GDB_Right3.jpg\",\"width\":2393,\"height\":1500},{\"@type\":\"BreadcrumbList\",\"itemListElement\":[{\"@type\":\"ListItem\",\"position\":1,\"name\":\"Home\",\"item\":\"https:\/\/www.danby.com\/fr\/\"},{\"@type\":\"ListItem\",\"position\":2,\"name\":\"Boutique\",\"item\":\"https:\/\/www.danby.com\/fr\/boutique\/\"},{\"@type\":\"ListItem\",\"position\":3,\"name\":\"Climatiseur de fen\u00eatre Danby 6 000 BTU\"}]},{\"@type\":\"WebSite\",\"url\":\"https:\/\/www.danby.com\/fr\/\",\"name\":\"Danby - Canada - French\",\"description\":\"Leader dans le domaine de la r\u00e9frig\u00e9ration et des appareils sp\u00e9cialis\u00e9s\",\"publisher\":[],\"potentialAction\":[{\"@type\":\"SearchAction\",\"target\":{\"@type\":\"EntryPoint\",\"urlTemplate\":\"https:\/\/www.danby.com\/fr\/?s={search_term_string}\"},\"query-input\":{\"@type\":\"PropertyValueSpecification\",\"valueRequired\":true,\"valueName\":\"search_term_string\"}}],\"inLanguage\":\"fr-CA\"},{\"@type\":\"Organization\",\"name\":\"Danby Appliances\",\"url\":\"https:\/\/www.danby.com\/fr\/\",\"logo\":{\"@type\":\"ImageObject\",\"inLanguage\":\"fr-CA\",\"url\":\"https:\/\/cdnweb.danby.com\/wp-content\/uploads\/sites\/2\/2022\/02\/10141906\/Danby75Ans_Blue.png\",\"contentUrl\":\"https:\/\/cdnweb.danby.com\/wp-content\/uploads\/sites\/2\/2022\/02\/10141906\/Danby75Ans_Blue.png\",\"width\":470,\"height\":110,\"caption\":\"Danby Appliances\"},\"image\":[],\"sameAs\":[\"https:\/\/www.facebook.com\/DanbyAppliances\",\"https:\/\/x.com\/DanbyAppliance\",\"https:\/\/instagram.com\/danbyappliances\/\",\"https:\/\/www.linkedin.com\/company\/danbyappliances\",\"https:\/\/www.pinterest.ca\/danbyappliances\/\",\"https:\/\/www.youtube.com\/user\/DanbyProducts\",\"https:\/\/en.wikipedia.org\/wiki\/Danby_(appliances)\"]}]}<\/script>\n<!-- \/ Yoast SEO plugin. -->","yoast_head_json":{"title":"Climatiseur de fen\u00eatre Danby 6 000 BTU - DAC060ECB4GDB | Danby Canada","description":"Si votre objectif est de rafra\u00eechir un espace allant jusqu'\u00e0 250 pieds carr\u00e9s, ce climatiseur de fen\u00eatre efficace de 6 000 BTU de Danby devrait vous s\u00e9duire. Il est dot\u00e9 d'un ventilateur puissant avec une direction d'air \u00e0 quatre voies et l'interrupteur d'\u00e9conomie d'\u00e9nergie de haute technologie garantit que le ventilateur peut s'allumer et s'\u00e9teindre lorsque le compresseur s'arr\u00eate. Les commandes \u00e9lectroniques peuvent \u00eatre facilement programm\u00e9es \u00e0 l'aide de la t\u00e9l\u00e9commande pratique et l'\u00e9cran LED lumineux est facile \u00e0 lire et \u00e0 surveiller. L'unit\u00e9 peut \u00eatre programm\u00e9e pour ses fonctions de mise en marche et d'arr\u00eat automatiques, tandis que le mode veille veille \u00e0 ce que la pi\u00e8ce ne soit jamais trop fra\u00eeche pendant la nuit. Le climatiseur fonctionne avec le r\u00e9frig\u00e9rant R410A qui ne nuit pas \u00e0 la couche d'ozone et le contr\u00f4le \u00e9lectronique variable de la temp\u00e9rature signifie que vous pouvez programmer le mod\u00e8le entre 17\u00b0C et 30\u00b0C (62\u00b0F et 86\u00b0F). Vous n'avez pas \u00e0 vous inqui\u00e9ter avec ce climatiseur de fen\u00eatre car il est garanti 12 mois pi\u00e8ces et main d'\u0153uvre.","robots":{"index":"index","follow":"follow","max-snippet":"max-snippet:-1","max-image-preview":"max-image-preview:large","max-video-preview":"max-video-preview:-1"},"canonical":"https:\/\/www.danby.com\/fr\/products\/climatiseurs-de-fenetre\/dac060ecb4gdb\/","og_locale":"fr_CA","og_type":"article","og_title":"Climatiseur de fen\u00eatre Danby 6 000 BTU - DAC060ECB4GDB | Danby Canada","og_description":"Si votre objectif est de rafra\u00eechir un espace allant jusqu'\u00e0 250 pieds carr\u00e9s, ce climatiseur de fen\u00eatre efficace de 6 000 BTU de Danby devrait vous s\u00e9duire. Il est dot\u00e9 d'un ventilateur puissant avec une direction d'air \u00e0 quatre voies et l'interrupteur d'\u00e9conomie d'\u00e9nergie de haute technologie garantit que le ventilateur peut s'allumer et s'\u00e9teindre lorsque le compresseur s'arr\u00eate. Les commandes \u00e9lectroniques peuvent \u00eatre facilement programm\u00e9es \u00e0 l'aide de la t\u00e9l\u00e9commande pratique et l'\u00e9cran LED lumineux est facile \u00e0 lire et \u00e0 surveiller. L'unit\u00e9 peut \u00eatre programm\u00e9e pour ses fonctions de mise en marche et d'arr\u00eat automatiques, tandis que le mode veille veille \u00e0 ce que la pi\u00e8ce ne soit jamais trop fra\u00eeche pendant la nuit. Le climatiseur fonctionne avec le r\u00e9frig\u00e9rant R410A qui ne nuit pas \u00e0 la couche d'ozone et le contr\u00f4le \u00e9lectronique variable de la temp\u00e9rature signifie que vous pouvez programmer le mod\u00e8le entre 17\u00b0C et 30\u00b0C (62\u00b0F et 86\u00b0F). Vous n'avez pas \u00e0 vous inqui\u00e9ter avec ce climatiseur de fen\u00eatre car il est garanti 12 mois pi\u00e8ces et main d'\u0153uvre.","og_url":"https:\/\/www.danby.com\/fr\/products\/climatiseurs-de-fenetre\/dac060ecb4gdb\/","og_site_name":"Danby - Canada - French","article_publisher":"https:\/\/www.facebook.com\/DanbyAppliances","article_modified_time":"2026-04-19T10:06:23+00:00","og_image":[{"width":2393,"height":1500,"url":"https:\/\/cdnweb.danby.com\/wp-content\/uploads\/sites\/2\/2022\/02\/09132424\/DAC060ECB4GDB_Right3.jpg","type":"image\/jpeg"}],"twitter_card":"summary_large_image","twitter_site":"@DanbyAppliance","schema":{"@context":"https:\/\/schema.org","@graph":[{"@type":["WebPage","ItemPage"],"url":"https:\/\/www.danby.com\/fr\/products\/climatiseurs-de-fenetre\/dac060ecb4gdb\/","name":"Climatiseur de fen\u00eatre Danby 6 000 BTU - DAC060ECB4GDB | Danby Canada","isPartOf":[],"primaryImageOfPage":[],"image":[],"thumbnailUrl":"https:\/\/cdnweb.danby.com\/wp-content\/uploads\/sites\/2\/2022\/02\/09132424\/DAC060ECB4GDB_Right3.jpg","datePublished":"2022-02-03T19:11:48+00:00","dateModified":"2026-04-19T10:06:23+00:00","description":"Si votre objectif est de rafra\u00eechir un espace allant jusqu'\u00e0 250 pieds carr\u00e9s, ce climatiseur de fen\u00eatre efficace de 6 000 BTU de Danby devrait vous s\u00e9duire. Il est dot\u00e9 d'un ventilateur puissant avec une direction d'air \u00e0 quatre voies et l'interrupteur d'\u00e9conomie d'\u00e9nergie de haute technologie garantit que le ventilateur peut s'allumer et s'\u00e9teindre lorsque le compresseur s'arr\u00eate. Les commandes \u00e9lectroniques peuvent \u00eatre facilement programm\u00e9es \u00e0 l'aide de la t\u00e9l\u00e9commande pratique et l'\u00e9cran LED lumineux est facile \u00e0 lire et \u00e0 surveiller. L'unit\u00e9 peut \u00eatre programm\u00e9e pour ses fonctions de mise en marche et d'arr\u00eat automatiques, tandis que le mode veille veille \u00e0 ce que la pi\u00e8ce ne soit jamais trop fra\u00eeche pendant la nuit. Le climatiseur fonctionne avec le r\u00e9frig\u00e9rant R410A qui ne nuit pas \u00e0 la couche d'ozone et le contr\u00f4le \u00e9lectronique variable de la temp\u00e9rature signifie que vous pouvez programmer le mod\u00e8le entre 17\u00b0C et 30\u00b0C (62\u00b0F et 86\u00b0F). Vous n'avez pas \u00e0 vous inqui\u00e9ter avec ce climatiseur de fen\u00eatre car il est garanti 12 mois pi\u00e8ces et main d'\u0153uvre.","breadcrumb":[],"inLanguage":"fr-CA","potentialAction":[{"@type":"ReadAction","target":["https:\/\/www.danby.com\/fr\/products\/climatiseurs-de-fenetre\/dac060ecb4gdb\/"]}]},{"@type":"ImageObject","inLanguage":"fr-CA","url":"https:\/\/cdnweb.danby.com\/wp-content\/uploads\/sites\/2\/2022\/02\/09132424\/DAC060ECB4GDB_Right3.jpg","contentUrl":"https:\/\/cdnweb.danby.com\/wp-content\/uploads\/sites\/2\/2022\/02\/09132424\/DAC060ECB4GDB_Right3.jpg","width":2393,"height":1500},{"@type":"BreadcrumbList","itemListElement":[{"@type":"ListItem","position":1,"name":"Home","item":"https:\/\/www.danby.com\/fr\/"},{"@type":"ListItem","position":2,"name":"Boutique","item":"https:\/\/www.danby.com\/fr\/boutique\/"},{"@type":"ListItem","position":3,"name":"Climatiseur de fen\u00eatre Danby 6 000 BTU"}]},{"@type":"WebSite","url":"https:\/\/www.danby.com\/fr\/","name":"Danby - Canada - French","description":"Leader dans le domaine de la r\u00e9frig\u00e9ration et des appareils sp\u00e9cialis\u00e9s","publisher":[],"potentialAction":[{"@type":"SearchAction","target":{"@type":"EntryPoint","urlTemplate":"https:\/\/www.danby.com\/fr\/?s={search_term_string}"},"query-input":{"@type":"PropertyValueSpecification","valueRequired":true,"valueName":"search_term_string"}}],"inLanguage":"fr-CA"},{"@type":"Organization","name":"Danby Appliances","url":"https:\/\/www.danby.com\/fr\/","logo":{"@type":"ImageObject","inLanguage":"fr-CA","url":"https:\/\/cdnweb.danby.com\/wp-content\/uploads\/sites\/2\/2022\/02\/10141906\/Danby75Ans_Blue.png","contentUrl":"https:\/\/cdnweb.danby.com\/wp-content\/uploads\/sites\/2\/2022\/02\/10141906\/Danby75Ans_Blue.png","width":470,"height":110,"caption":"Danby Appliances"},"image":[],"sameAs":["https:\/\/www.facebook.com\/DanbyAppliances","https:\/\/x.com\/DanbyAppliance","https:\/\/instagram.com\/danbyappliances\/","https:\/\/www.linkedin.com\/company\/danbyappliances","https:\/\/www.pinterest.ca\/danbyappliances\/","https:\/\/www.youtube.com\/user\/DanbyProducts","https:\/\/en.wikipedia.org\/wiki\/Danby_(appliances)"]}]}},"post_mailing_queue_ids":[],"_links":{"self":[{"href":"https:\/\/www.danby.com\/fr\/wp-json\/wp\/v2\/product\/4492","targetHints":{"allow":["GET"]}}],"collection":[{"href":"https:\/\/www.danby.com\/fr\/wp-json\/wp\/v2\/product"}],"about":[{"href":"https:\/\/www.danby.com\/fr\/wp-json\/wp\/v2\/types\/product"}],"replies":[{"embeddable":true,"href":"https:\/\/www.danby.com\/fr\/wp-json\/wp\/v2\/comments?post=4492"}],"wp:featuredmedia":[{"embeddable":true,"href":"https:\/\/www.danby.com\/fr\/wp-json\/wp\/v2\/media\/11332"}],"wp:attachment":[{"href":"https:\/\/www.danby.com\/fr\/wp-json\/wp\/v2\/media?parent=4492"}],"wp:term":[{"taxonomy":"product_brand","embeddable":true,"href":"https:\/\/www.danby.com\/fr\/wp-json\/wp\/v2\/product_brand?post=4492"},{"taxonomy":"product_cat","embeddable":true,"href":"https:\/\/www.danby.com\/fr\/wp-json\/wp\/v2\/product_cat?post=4492"},{"taxonomy":"product_tag","embeddable":true,"href":"https:\/\/www.danby.com\/fr\/wp-json\/wp\/v2\/product_tag?post=4492"}],"curies":[{"name":"wp","href":"https:\/\/api.w.org\/{rel}","templated":true}]}}