{"id":4478,"date":"2022-02-03T19:11:32","date_gmt":"2022-02-03T19:11:32","guid":{"rendered":"https:\/\/www.danby.com\/fr\/product\/dac050mb2wdb\/"},"modified":"2026-04-04T09:06:47","modified_gmt":"2026-04-04T09:06:47","slug":"dac050mb2wdb","status":"publish","type":"product","link":"https:\/\/www.danby.com\/fr\/products\/climatiseurs-de-fenetre\/dac050mb2wdb\/","title":{"rendered":"Climatiseur de fen\u00eatre Danby 5 000 BTU"},"content":{"rendered":"","protected":false},"excerpt":{"rendered":"<ul>\n<li>Climatiseur de fen\u00eatre de 5 000 BTU refroidit rapidement un espace jusqu&#8217;\u00e0 150 pieds carr\u00e9s<\/li>\n<li>R32 R\u00e9frig\u00e9rant : Respectueux de l&#8217;environnement, le GWP (Global Warming Potential) du R32 est 3x inf\u00e9rieur \u00e0 celui du R410a<\/li>\n<li>Commandes rotatives m\u00e9caniques faciles \u00e0 utiliser : 2 vitesses de refroidissement, ventilateur puissant \u00e0 2 vitesses<\/li>\n<li>Direction de l&#8217;air dans les 2 sens<\/li>\n<li>Filtre \u00e0 air r\u00e9utilisable et lavable<\/li>\n<li>Garantie : 24 mois de portage<\/li>\n<\/ul>\n","protected":false},"featured_media":11264,"comment_status":"closed","ping_status":"open","template":"","meta":{"_acf_changed":false},"product_brand":[],"product_cat":[40],"product_tag":[],"class_list":{"0":"post-4478","1":"product","2":"type-product","3":"status-publish","4":"has-post-thumbnail","6":"product_cat-climatiseurs-de-fenetre","7":"pa_duree-de-la-garantie-en-mois-1169","9":"first","10":"outofstock","11":"taxable","12":"shipping-taxable","13":"product-type-simple"},"acf":[],"yoast_head":"<!-- This site is optimized with the Yoast SEO plugin v26.7 - https:\/\/yoast.com\/wordpress\/plugins\/seo\/ -->\n<title>Climatiseur de fen\u00eatre Danby 5 000 BTU - DAC050MB2WDB | Danby Canada<\/title>\n<meta name=\"description\" content=\"La chaleur peut \u00eatre \u00e9lev\u00e9e \u00e0 l&#039;ext\u00e9rieur, mais vous serez totalement au frais \u00e0 l&#039;int\u00e9rieur gr\u00e2ce \u00e0 ce climatiseur de fen\u00eatre de Danby. L&#039;appareil a une capacit\u00e9 de 5 000 BTU et peut garder au frais des espaces allant jusqu&#039;\u00e0 150 pieds carr\u00e9s. Il est tr\u00e8s efficace lorsqu&#039;il s&#039;agit de rafra\u00eechir votre chambre, votre bureau, votre appartement ou votre condo gr\u00e2ce aux deux vitesses de ventilation distinctes et \u00e0 la direction bidirectionnelle de l&#039;air.\" \/>\n<meta name=\"robots\" content=\"index, follow, max-snippet:-1, max-image-preview:large, max-video-preview:-1\" \/>\n<link rel=\"canonical\" href=\"https:\/\/www.danby.com\/fr\/products\/climatiseurs-de-fenetre\/dac050mb2wdb\/\" \/>\n<meta property=\"og:locale\" content=\"fr_CA\" \/>\n<meta property=\"og:type\" content=\"article\" \/>\n<meta property=\"og:title\" content=\"Climatiseur de fen\u00eatre Danby 5 000 BTU - DAC050MB2WDB | Danby Canada\" \/>\n<meta property=\"og:description\" content=\"La chaleur peut \u00eatre \u00e9lev\u00e9e \u00e0 l&#039;ext\u00e9rieur, mais vous serez totalement au frais \u00e0 l&#039;int\u00e9rieur gr\u00e2ce \u00e0 ce climatiseur de fen\u00eatre de Danby. L&#039;appareil a une capacit\u00e9 de 5 000 BTU et peut garder au frais des espaces allant jusqu&#039;\u00e0 150 pieds carr\u00e9s. Il est tr\u00e8s efficace lorsqu&#039;il s&#039;agit de rafra\u00eechir votre chambre, votre bureau, votre appartement ou votre condo gr\u00e2ce aux deux vitesses de ventilation distinctes et \u00e0 la direction bidirectionnelle de l&#039;air.\" \/>\n<meta property=\"og:url\" content=\"https:\/\/www.danby.com\/fr\/products\/climatiseurs-de-fenetre\/dac050mb2wdb\/\" \/>\n<meta property=\"og:site_name\" content=\"Danby - Canada - French\" \/>\n<meta property=\"article:publisher\" content=\"https:\/\/www.facebook.com\/DanbyAppliances\" \/>\n<meta property=\"article:modified_time\" content=\"2026-04-04T09:06:47+00:00\" \/>\n<meta property=\"og:image\" content=\"https:\/\/cdnweb.danby.com\/wp-content\/uploads\/sites\/2\/2022\/02\/09131719\/DAC050MB2WDB_left-scaled-1.jpg\" \/>\n\t<meta property=\"og:image:width\" content=\"2560\" \/>\n\t<meta property=\"og:image:height\" content=\"2050\" \/>\n\t<meta property=\"og:image:type\" content=\"image\/jpeg\" \/>\n<meta name=\"twitter:card\" content=\"summary_large_image\" \/>\n<meta name=\"twitter:site\" content=\"@DanbyAppliance\" \/>\n<script type=\"application\/ld+json\" class=\"yoast-schema-graph\">{\"@context\":\"https:\/\/schema.org\",\"@graph\":[{\"@type\":[\"WebPage\",\"ItemPage\"],\"url\":\"https:\/\/www.danby.com\/fr\/products\/climatiseurs-de-fenetre\/dac050mb2wdb\/\",\"name\":\"Climatiseur de fen\u00eatre Danby 5 000 BTU - DAC050MB2WDB | Danby Canada\",\"isPartOf\":[],\"primaryImageOfPage\":[],\"image\":[],\"thumbnailUrl\":\"https:\/\/cdnweb.danby.com\/wp-content\/uploads\/sites\/2\/2022\/02\/09131719\/DAC050MB2WDB_left-scaled-1.jpg\",\"datePublished\":\"2022-02-03T19:11:32+00:00\",\"dateModified\":\"2026-04-04T09:06:47+00:00\",\"description\":\"La chaleur peut \u00eatre \u00e9lev\u00e9e \u00e0 l'ext\u00e9rieur, mais vous serez totalement au frais \u00e0 l'int\u00e9rieur gr\u00e2ce \u00e0 ce climatiseur de fen\u00eatre de Danby. L'appareil a une capacit\u00e9 de 5 000 BTU et peut garder au frais des espaces allant jusqu'\u00e0 150 pieds carr\u00e9s. Il est tr\u00e8s efficace lorsqu'il s'agit de rafra\u00eechir votre chambre, votre bureau, votre appartement ou votre condo gr\u00e2ce aux deux vitesses de ventilation distinctes et \u00e0 la direction bidirectionnelle de l'air.\",\"breadcrumb\":[],\"inLanguage\":\"fr-CA\",\"potentialAction\":[{\"@type\":\"ReadAction\",\"target\":[\"https:\/\/www.danby.com\/fr\/products\/climatiseurs-de-fenetre\/dac050mb2wdb\/\"]}]},{\"@type\":\"ImageObject\",\"inLanguage\":\"fr-CA\",\"url\":\"https:\/\/cdnweb.danby.com\/wp-content\/uploads\/sites\/2\/2022\/02\/09131719\/DAC050MB2WDB_left-scaled-1.jpg\",\"contentUrl\":\"https:\/\/cdnweb.danby.com\/wp-content\/uploads\/sites\/2\/2022\/02\/09131719\/DAC050MB2WDB_left-scaled-1.jpg\",\"width\":2560,\"height\":2050},{\"@type\":\"BreadcrumbList\",\"itemListElement\":[{\"@type\":\"ListItem\",\"position\":1,\"name\":\"Home\",\"item\":\"https:\/\/www.danby.com\/fr\/\"},{\"@type\":\"ListItem\",\"position\":2,\"name\":\"Boutique\",\"item\":\"https:\/\/www.danby.com\/fr\/boutique\/\"},{\"@type\":\"ListItem\",\"position\":3,\"name\":\"Climatiseur de fen\u00eatre Danby 5 000 BTU\"}]},{\"@type\":\"WebSite\",\"url\":\"https:\/\/www.danby.com\/fr\/\",\"name\":\"Danby - Canada - French\",\"description\":\"Leader dans le domaine de la r\u00e9frig\u00e9ration et des appareils sp\u00e9cialis\u00e9s\",\"publisher\":[],\"potentialAction\":[{\"@type\":\"SearchAction\",\"target\":{\"@type\":\"EntryPoint\",\"urlTemplate\":\"https:\/\/www.danby.com\/fr\/?s={search_term_string}\"},\"query-input\":{\"@type\":\"PropertyValueSpecification\",\"valueRequired\":true,\"valueName\":\"search_term_string\"}}],\"inLanguage\":\"fr-CA\"},{\"@type\":\"Organization\",\"name\":\"Danby Appliances\",\"url\":\"https:\/\/www.danby.com\/fr\/\",\"logo\":{\"@type\":\"ImageObject\",\"inLanguage\":\"fr-CA\",\"url\":\"https:\/\/cdnweb.danby.com\/wp-content\/uploads\/sites\/2\/2022\/02\/10141906\/Danby75Ans_Blue.png\",\"contentUrl\":\"https:\/\/cdnweb.danby.com\/wp-content\/uploads\/sites\/2\/2022\/02\/10141906\/Danby75Ans_Blue.png\",\"width\":470,\"height\":110,\"caption\":\"Danby Appliances\"},\"image\":[],\"sameAs\":[\"https:\/\/www.facebook.com\/DanbyAppliances\",\"https:\/\/x.com\/DanbyAppliance\",\"https:\/\/instagram.com\/danbyappliances\/\",\"https:\/\/www.linkedin.com\/company\/danbyappliances\",\"https:\/\/www.pinterest.ca\/danbyappliances\/\",\"https:\/\/www.youtube.com\/user\/DanbyProducts\",\"https:\/\/en.wikipedia.org\/wiki\/Danby_(appliances)\"]}]}<\/script>\n<!-- \/ Yoast SEO plugin. -->","yoast_head_json":{"title":"Climatiseur de fen\u00eatre Danby 5 000 BTU - DAC050MB2WDB | Danby Canada","description":"La chaleur peut \u00eatre \u00e9lev\u00e9e \u00e0 l'ext\u00e9rieur, mais vous serez totalement au frais \u00e0 l'int\u00e9rieur gr\u00e2ce \u00e0 ce climatiseur de fen\u00eatre de Danby. L'appareil a une capacit\u00e9 de 5 000 BTU et peut garder au frais des espaces allant jusqu'\u00e0 150 pieds carr\u00e9s. Il est tr\u00e8s efficace lorsqu'il s'agit de rafra\u00eechir votre chambre, votre bureau, votre appartement ou votre condo gr\u00e2ce aux deux vitesses de ventilation distinctes et \u00e0 la direction bidirectionnelle de l'air.","robots":{"index":"index","follow":"follow","max-snippet":"max-snippet:-1","max-image-preview":"max-image-preview:large","max-video-preview":"max-video-preview:-1"},"canonical":"https:\/\/www.danby.com\/fr\/products\/climatiseurs-de-fenetre\/dac050mb2wdb\/","og_locale":"fr_CA","og_type":"article","og_title":"Climatiseur de fen\u00eatre Danby 5 000 BTU - DAC050MB2WDB | Danby Canada","og_description":"La chaleur peut \u00eatre \u00e9lev\u00e9e \u00e0 l'ext\u00e9rieur, mais vous serez totalement au frais \u00e0 l'int\u00e9rieur gr\u00e2ce \u00e0 ce climatiseur de fen\u00eatre de Danby. L'appareil a une capacit\u00e9 de 5 000 BTU et peut garder au frais des espaces allant jusqu'\u00e0 150 pieds carr\u00e9s. Il est tr\u00e8s efficace lorsqu'il s'agit de rafra\u00eechir votre chambre, votre bureau, votre appartement ou votre condo gr\u00e2ce aux deux vitesses de ventilation distinctes et \u00e0 la direction bidirectionnelle de l'air.","og_url":"https:\/\/www.danby.com\/fr\/products\/climatiseurs-de-fenetre\/dac050mb2wdb\/","og_site_name":"Danby - Canada - French","article_publisher":"https:\/\/www.facebook.com\/DanbyAppliances","article_modified_time":"2026-04-04T09:06:47+00:00","og_image":[{"width":2560,"height":2050,"url":"https:\/\/cdnweb.danby.com\/wp-content\/uploads\/sites\/2\/2022\/02\/09131719\/DAC050MB2WDB_left-scaled-1.jpg","type":"image\/jpeg"}],"twitter_card":"summary_large_image","twitter_site":"@DanbyAppliance","schema":{"@context":"https:\/\/schema.org","@graph":[{"@type":["WebPage","ItemPage"],"url":"https:\/\/www.danby.com\/fr\/products\/climatiseurs-de-fenetre\/dac050mb2wdb\/","name":"Climatiseur de fen\u00eatre Danby 5 000 BTU - DAC050MB2WDB | Danby Canada","isPartOf":[],"primaryImageOfPage":[],"image":[],"thumbnailUrl":"https:\/\/cdnweb.danby.com\/wp-content\/uploads\/sites\/2\/2022\/02\/09131719\/DAC050MB2WDB_left-scaled-1.jpg","datePublished":"2022-02-03T19:11:32+00:00","dateModified":"2026-04-04T09:06:47+00:00","description":"La chaleur peut \u00eatre \u00e9lev\u00e9e \u00e0 l'ext\u00e9rieur, mais vous serez totalement au frais \u00e0 l'int\u00e9rieur gr\u00e2ce \u00e0 ce climatiseur de fen\u00eatre de Danby. L'appareil a une capacit\u00e9 de 5 000 BTU et peut garder au frais des espaces allant jusqu'\u00e0 150 pieds carr\u00e9s. Il est tr\u00e8s efficace lorsqu'il s'agit de rafra\u00eechir votre chambre, votre bureau, votre appartement ou votre condo gr\u00e2ce aux deux vitesses de ventilation distinctes et \u00e0 la direction bidirectionnelle de l'air.","breadcrumb":[],"inLanguage":"fr-CA","potentialAction":[{"@type":"ReadAction","target":["https:\/\/www.danby.com\/fr\/products\/climatiseurs-de-fenetre\/dac050mb2wdb\/"]}]},{"@type":"ImageObject","inLanguage":"fr-CA","url":"https:\/\/cdnweb.danby.com\/wp-content\/uploads\/sites\/2\/2022\/02\/09131719\/DAC050MB2WDB_left-scaled-1.jpg","contentUrl":"https:\/\/cdnweb.danby.com\/wp-content\/uploads\/sites\/2\/2022\/02\/09131719\/DAC050MB2WDB_left-scaled-1.jpg","width":2560,"height":2050},{"@type":"BreadcrumbList","itemListElement":[{"@type":"ListItem","position":1,"name":"Home","item":"https:\/\/www.danby.com\/fr\/"},{"@type":"ListItem","position":2,"name":"Boutique","item":"https:\/\/www.danby.com\/fr\/boutique\/"},{"@type":"ListItem","position":3,"name":"Climatiseur de fen\u00eatre Danby 5 000 BTU"}]},{"@type":"WebSite","url":"https:\/\/www.danby.com\/fr\/","name":"Danby - Canada - French","description":"Leader dans le domaine de la r\u00e9frig\u00e9ration et des appareils sp\u00e9cialis\u00e9s","publisher":[],"potentialAction":[{"@type":"SearchAction","target":{"@type":"EntryPoint","urlTemplate":"https:\/\/www.danby.com\/fr\/?s={search_term_string}"},"query-input":{"@type":"PropertyValueSpecification","valueRequired":true,"valueName":"search_term_string"}}],"inLanguage":"fr-CA"},{"@type":"Organization","name":"Danby Appliances","url":"https:\/\/www.danby.com\/fr\/","logo":{"@type":"ImageObject","inLanguage":"fr-CA","url":"https:\/\/cdnweb.danby.com\/wp-content\/uploads\/sites\/2\/2022\/02\/10141906\/Danby75Ans_Blue.png","contentUrl":"https:\/\/cdnweb.danby.com\/wp-content\/uploads\/sites\/2\/2022\/02\/10141906\/Danby75Ans_Blue.png","width":470,"height":110,"caption":"Danby Appliances"},"image":[],"sameAs":["https:\/\/www.facebook.com\/DanbyAppliances","https:\/\/x.com\/DanbyAppliance","https:\/\/instagram.com\/danbyappliances\/","https:\/\/www.linkedin.com\/company\/danbyappliances","https:\/\/www.pinterest.ca\/danbyappliances\/","https:\/\/www.youtube.com\/user\/DanbyProducts","https:\/\/en.wikipedia.org\/wiki\/Danby_(appliances)"]}]}},"post_mailing_queue_ids":[],"_links":{"self":[{"href":"https:\/\/www.danby.com\/fr\/wp-json\/wp\/v2\/product\/4478","targetHints":{"allow":["GET"]}}],"collection":[{"href":"https:\/\/www.danby.com\/fr\/wp-json\/wp\/v2\/product"}],"about":[{"href":"https:\/\/www.danby.com\/fr\/wp-json\/wp\/v2\/types\/product"}],"replies":[{"embeddable":true,"href":"https:\/\/www.danby.com\/fr\/wp-json\/wp\/v2\/comments?post=4478"}],"wp:featuredmedia":[{"embeddable":true,"href":"https:\/\/www.danby.com\/fr\/wp-json\/wp\/v2\/media\/11264"}],"wp:attachment":[{"href":"https:\/\/www.danby.com\/fr\/wp-json\/wp\/v2\/media?parent=4478"}],"wp:term":[{"taxonomy":"product_brand","embeddable":true,"href":"https:\/\/www.danby.com\/fr\/wp-json\/wp\/v2\/product_brand?post=4478"},{"taxonomy":"product_cat","embeddable":true,"href":"https:\/\/www.danby.com\/fr\/wp-json\/wp\/v2\/product_cat?post=4478"},{"taxonomy":"product_tag","embeddable":true,"href":"https:\/\/www.danby.com\/fr\/wp-json\/wp\/v2\/product_tag?post=4478"}],"curies":[{"name":"wp","href":"https:\/\/api.w.org\/{rel}","templated":true}]}}