{"id":4477,"date":"2022-02-03T19:11:32","date_gmt":"2022-02-03T19:11:32","guid":{"rendered":"https:\/\/www.danby.com\/fr\/product\/dac050mb1wdb\/"},"modified":"2026-04-12T10:03:55","modified_gmt":"2026-04-12T10:03:55","slug":"dac050mb1wdb","status":"publish","type":"product","link":"https:\/\/www.danby.com\/fr\/products\/climatiseurs-de-fenetre\/dac050mb1wdb\/","title":{"rendered":"Danby Climatiseur de fen\u00eatre 5,000 BTU en blanc"},"content":{"rendered":"","protected":false},"excerpt":{"rendered":"<ul>\n<li>Le climatiseur de fen\u00eatre de 5 000 BTU refroidit rapidement les espaces jusqu&#8217;\u00e0 150 pieds carr\u00e9s.<\/li>\n<li>R\u00e9frig\u00e9rant R32<\/li>\n<li>Commandes rotatives m\u00e9caniques faciles \u00e0 utiliser : 2 vitesses de refroidissement, ventilateur puissant \u00e0 2 vitesses.<\/li>\n<li>Direction de l&#8217;air \u00e0 2 voies<\/li>\n<li>Filtre \u00e0 air r\u00e9utilisable et lavable.<\/li>\n<\/ul>\n","protected":false},"featured_media":35411,"comment_status":"closed","ping_status":"open","template":"","meta":{"_acf_changed":false},"product_brand":[],"product_cat":[40],"product_tag":[],"class_list":{"0":"post-4477","1":"product","2":"type-product","3":"status-publish","4":"has-post-thumbnail","6":"product_cat-climatiseurs-de-fenetre","7":"pa_btu-88","9":"first","10":"instock","11":"taxable","12":"shipping-taxable","13":"purchasable","14":"product-type-simple"},"acf":[],"yoast_head":"<!-- This site is optimized with the Yoast SEO plugin v26.7 - https:\/\/yoast.com\/wordpress\/plugins\/seo\/ -->\n<title>Danby Climatiseur de fen\u00eatre 5,000 BTU en blanc - DAC050MB1WDB | Danby Canada<\/title>\n<meta name=\"description\" content=\"Rafra\u00eechissez-vous avec le climatiseur de fen\u00eatre de 5 000 BTU de Danby, parfait pour les espaces allant jusqu&#039;\u00e0 150 pieds carr\u00e9s. Utilisez cet appareil dans n&#039;importe quelle pi\u00e8ce de votre maison dot\u00e9e d&#039;une fen\u00eatre appropri\u00e9e, comme la chambre \u00e0 coucher, le bureau \u00e0 domicile, la cuisine ou le sous-sol - ou utilisez-le au chalet pour rendre les chaudes journ\u00e9es d&#039;\u00e9t\u00e9 plus confortables. Les commandes rotatives m\u00e9caniques faciles \u00e0 utiliser offrent deux vitesses de refroidissement et deux vitesses de ventilation. De plus, ce climatiseur est dot\u00e9 d&#039;une direction de l&#039;air bidirectionnelle. Ce mod\u00e8le est \u00e9galement \u00e9quip\u00e9 d&#039;un filtre \u00e0 air r\u00e9utilisable et lavable qui facilite l&#039;entretien.\" \/>\n<meta name=\"robots\" content=\"index, follow, max-snippet:-1, max-image-preview:large, max-video-preview:-1\" \/>\n<link rel=\"canonical\" href=\"https:\/\/www.danby.com\/fr\/products\/climatiseurs-de-fenetre\/dac050mb1wdb\/\" \/>\n<meta property=\"og:locale\" content=\"fr_CA\" \/>\n<meta property=\"og:type\" content=\"article\" \/>\n<meta property=\"og:title\" content=\"Danby Climatiseur de fen\u00eatre 5,000 BTU en blanc - DAC050MB1WDB | Danby Canada\" \/>\n<meta property=\"og:description\" content=\"Rafra\u00eechissez-vous avec le climatiseur de fen\u00eatre de 5 000 BTU de Danby, parfait pour les espaces allant jusqu&#039;\u00e0 150 pieds carr\u00e9s. Utilisez cet appareil dans n&#039;importe quelle pi\u00e8ce de votre maison dot\u00e9e d&#039;une fen\u00eatre appropri\u00e9e, comme la chambre \u00e0 coucher, le bureau \u00e0 domicile, la cuisine ou le sous-sol - ou utilisez-le au chalet pour rendre les chaudes journ\u00e9es d&#039;\u00e9t\u00e9 plus confortables. Les commandes rotatives m\u00e9caniques faciles \u00e0 utiliser offrent deux vitesses de refroidissement et deux vitesses de ventilation. De plus, ce climatiseur est dot\u00e9 d&#039;une direction de l&#039;air bidirectionnelle. Ce mod\u00e8le est \u00e9galement \u00e9quip\u00e9 d&#039;un filtre \u00e0 air r\u00e9utilisable et lavable qui facilite l&#039;entretien.\" \/>\n<meta property=\"og:url\" content=\"https:\/\/www.danby.com\/fr\/products\/climatiseurs-de-fenetre\/dac050mb1wdb\/\" \/>\n<meta property=\"og:site_name\" content=\"Danby - Canada - French\" \/>\n<meta property=\"article:publisher\" content=\"https:\/\/www.facebook.com\/DanbyAppliances\" \/>\n<meta property=\"article:modified_time\" content=\"2026-04-12T10:03:55+00:00\" \/>\n<meta property=\"og:image\" content=\"https:\/\/cdnweb.danby.com\/wp-content\/uploads\/sites\/2\/2024\/01\/16131827\/WAC__0010_DAC050MB1WDB.jpg\" \/>\n\t<meta property=\"og:image:width\" content=\"1125\" \/>\n\t<meta property=\"og:image:height\" content=\"1500\" \/>\n\t<meta property=\"og:image:type\" content=\"image\/jpeg\" \/>\n<meta name=\"twitter:card\" content=\"summary_large_image\" \/>\n<meta name=\"twitter:site\" content=\"@DanbyAppliance\" \/>\n<script type=\"application\/ld+json\" class=\"yoast-schema-graph\">{\"@context\":\"https:\/\/schema.org\",\"@graph\":[{\"@type\":[\"WebPage\",\"ItemPage\"],\"url\":\"https:\/\/www.danby.com\/fr\/products\/climatiseurs-de-fenetre\/dac050mb1wdb\/\",\"name\":\"Danby Climatiseur de fen\u00eatre 5,000 BTU en blanc - DAC050MB1WDB | Danby Canada\",\"isPartOf\":[],\"primaryImageOfPage\":[],\"image\":[],\"thumbnailUrl\":\"https:\/\/www.danby.com\/fr\/wp-content\/uploads\/sites\/2\/2025\/10\/dac050mb1wdb-thumbnail.jpg\",\"datePublished\":\"2022-02-03T19:11:32+00:00\",\"dateModified\":\"2026-04-12T10:03:55+00:00\",\"description\":\"Rafra\u00eechissez-vous avec le climatiseur de fen\u00eatre de 5 000 BTU de Danby, parfait pour les espaces allant jusqu'\u00e0 150 pieds carr\u00e9s. Utilisez cet appareil dans n'importe quelle pi\u00e8ce de votre maison dot\u00e9e d'une fen\u00eatre appropri\u00e9e, comme la chambre \u00e0 coucher, le bureau \u00e0 domicile, la cuisine ou le sous-sol - ou utilisez-le au chalet pour rendre les chaudes journ\u00e9es d'\u00e9t\u00e9 plus confortables. Les commandes rotatives m\u00e9caniques faciles \u00e0 utiliser offrent deux vitesses de refroidissement et deux vitesses de ventilation. De plus, ce climatiseur est dot\u00e9 d'une direction de l'air bidirectionnelle. Ce mod\u00e8le est \u00e9galement \u00e9quip\u00e9 d'un filtre \u00e0 air r\u00e9utilisable et lavable qui facilite l'entretien.\",\"breadcrumb\":[],\"inLanguage\":\"fr-CA\",\"potentialAction\":[{\"@type\":\"ReadAction\",\"target\":[\"https:\/\/www.danby.com\/fr\/products\/climatiseurs-de-fenetre\/dac050mb1wdb\/\"]}]},{\"@type\":\"ImageObject\",\"inLanguage\":\"fr-CA\",\"url\":\"https:\/\/www.danby.com\/fr\/wp-content\/uploads\/sites\/2\/2025\/10\/dac050mb1wdb-thumbnail.jpg\",\"contentUrl\":\"https:\/\/www.danby.com\/fr\/wp-content\/uploads\/sites\/2\/2025\/10\/dac050mb1wdb-thumbnail.jpg\",\"width\":768,\"height\":1024},{\"@type\":\"BreadcrumbList\",\"itemListElement\":[{\"@type\":\"ListItem\",\"position\":1,\"name\":\"Home\",\"item\":\"https:\/\/www.danby.com\/fr\/\"},{\"@type\":\"ListItem\",\"position\":2,\"name\":\"Boutique\",\"item\":\"https:\/\/www.danby.com\/fr\/boutique\/\"},{\"@type\":\"ListItem\",\"position\":3,\"name\":\"Danby Climatiseur de fen\u00eatre 5,000 BTU en blanc\"}]},{\"@type\":\"WebSite\",\"url\":\"https:\/\/www.danby.com\/fr\/\",\"name\":\"Danby - Canada - French\",\"description\":\"Leader dans le domaine de la r\u00e9frig\u00e9ration et des appareils sp\u00e9cialis\u00e9s\",\"publisher\":[],\"potentialAction\":[{\"@type\":\"SearchAction\",\"target\":{\"@type\":\"EntryPoint\",\"urlTemplate\":\"https:\/\/www.danby.com\/fr\/?s={search_term_string}\"},\"query-input\":{\"@type\":\"PropertyValueSpecification\",\"valueRequired\":true,\"valueName\":\"search_term_string\"}}],\"inLanguage\":\"fr-CA\"},{\"@type\":\"Organization\",\"name\":\"Danby Appliances\",\"url\":\"https:\/\/www.danby.com\/fr\/\",\"logo\":{\"@type\":\"ImageObject\",\"inLanguage\":\"fr-CA\",\"url\":\"https:\/\/cdnweb.danby.com\/wp-content\/uploads\/sites\/2\/2022\/02\/10141906\/Danby75Ans_Blue.png\",\"contentUrl\":\"https:\/\/cdnweb.danby.com\/wp-content\/uploads\/sites\/2\/2022\/02\/10141906\/Danby75Ans_Blue.png\",\"width\":470,\"height\":110,\"caption\":\"Danby Appliances\"},\"image\":[],\"sameAs\":[\"https:\/\/www.facebook.com\/DanbyAppliances\",\"https:\/\/x.com\/DanbyAppliance\",\"https:\/\/instagram.com\/danbyappliances\/\",\"https:\/\/www.linkedin.com\/company\/danbyappliances\",\"https:\/\/www.pinterest.ca\/danbyappliances\/\",\"https:\/\/www.youtube.com\/user\/DanbyProducts\",\"https:\/\/en.wikipedia.org\/wiki\/Danby_(appliances)\"]}]}<\/script>\n<!-- \/ Yoast SEO plugin. -->","yoast_head_json":{"title":"Danby Climatiseur de fen\u00eatre 5,000 BTU en blanc - DAC050MB1WDB | Danby Canada","description":"Rafra\u00eechissez-vous avec le climatiseur de fen\u00eatre de 5 000 BTU de Danby, parfait pour les espaces allant jusqu'\u00e0 150 pieds carr\u00e9s. Utilisez cet appareil dans n'importe quelle pi\u00e8ce de votre maison dot\u00e9e d'une fen\u00eatre appropri\u00e9e, comme la chambre \u00e0 coucher, le bureau \u00e0 domicile, la cuisine ou le sous-sol - ou utilisez-le au chalet pour rendre les chaudes journ\u00e9es d'\u00e9t\u00e9 plus confortables. Les commandes rotatives m\u00e9caniques faciles \u00e0 utiliser offrent deux vitesses de refroidissement et deux vitesses de ventilation. De plus, ce climatiseur est dot\u00e9 d'une direction de l'air bidirectionnelle. Ce mod\u00e8le est \u00e9galement \u00e9quip\u00e9 d'un filtre \u00e0 air r\u00e9utilisable et lavable qui facilite l'entretien.","robots":{"index":"index","follow":"follow","max-snippet":"max-snippet:-1","max-image-preview":"max-image-preview:large","max-video-preview":"max-video-preview:-1"},"canonical":"https:\/\/www.danby.com\/fr\/products\/climatiseurs-de-fenetre\/dac050mb1wdb\/","og_locale":"fr_CA","og_type":"article","og_title":"Danby Climatiseur de fen\u00eatre 5,000 BTU en blanc - DAC050MB1WDB | Danby Canada","og_description":"Rafra\u00eechissez-vous avec le climatiseur de fen\u00eatre de 5 000 BTU de Danby, parfait pour les espaces allant jusqu'\u00e0 150 pieds carr\u00e9s. Utilisez cet appareil dans n'importe quelle pi\u00e8ce de votre maison dot\u00e9e d'une fen\u00eatre appropri\u00e9e, comme la chambre \u00e0 coucher, le bureau \u00e0 domicile, la cuisine ou le sous-sol - ou utilisez-le au chalet pour rendre les chaudes journ\u00e9es d'\u00e9t\u00e9 plus confortables. Les commandes rotatives m\u00e9caniques faciles \u00e0 utiliser offrent deux vitesses de refroidissement et deux vitesses de ventilation. De plus, ce climatiseur est dot\u00e9 d'une direction de l'air bidirectionnelle. Ce mod\u00e8le est \u00e9galement \u00e9quip\u00e9 d'un filtre \u00e0 air r\u00e9utilisable et lavable qui facilite l'entretien.","og_url":"https:\/\/www.danby.com\/fr\/products\/climatiseurs-de-fenetre\/dac050mb1wdb\/","og_site_name":"Danby - Canada - French","article_publisher":"https:\/\/www.facebook.com\/DanbyAppliances","article_modified_time":"2026-04-12T10:03:55+00:00","og_image":[{"width":1125,"height":1500,"url":"https:\/\/cdnweb.danby.com\/wp-content\/uploads\/sites\/2\/2024\/01\/16131827\/WAC__0010_DAC050MB1WDB.jpg","type":"image\/jpeg"}],"twitter_card":"summary_large_image","twitter_site":"@DanbyAppliance","schema":{"@context":"https:\/\/schema.org","@graph":[{"@type":["WebPage","ItemPage"],"url":"https:\/\/www.danby.com\/fr\/products\/climatiseurs-de-fenetre\/dac050mb1wdb\/","name":"Danby Climatiseur de fen\u00eatre 5,000 BTU en blanc - DAC050MB1WDB | Danby Canada","isPartOf":[],"primaryImageOfPage":[],"image":[],"thumbnailUrl":"https:\/\/www.danby.com\/fr\/wp-content\/uploads\/sites\/2\/2025\/10\/dac050mb1wdb-thumbnail.jpg","datePublished":"2022-02-03T19:11:32+00:00","dateModified":"2026-04-12T10:03:55+00:00","description":"Rafra\u00eechissez-vous avec le climatiseur de fen\u00eatre de 5 000 BTU de Danby, parfait pour les espaces allant jusqu'\u00e0 150 pieds carr\u00e9s. Utilisez cet appareil dans n'importe quelle pi\u00e8ce de votre maison dot\u00e9e d'une fen\u00eatre appropri\u00e9e, comme la chambre \u00e0 coucher, le bureau \u00e0 domicile, la cuisine ou le sous-sol - ou utilisez-le au chalet pour rendre les chaudes journ\u00e9es d'\u00e9t\u00e9 plus confortables. Les commandes rotatives m\u00e9caniques faciles \u00e0 utiliser offrent deux vitesses de refroidissement et deux vitesses de ventilation. De plus, ce climatiseur est dot\u00e9 d'une direction de l'air bidirectionnelle. Ce mod\u00e8le est \u00e9galement \u00e9quip\u00e9 d'un filtre \u00e0 air r\u00e9utilisable et lavable qui facilite l'entretien.","breadcrumb":[],"inLanguage":"fr-CA","potentialAction":[{"@type":"ReadAction","target":["https:\/\/www.danby.com\/fr\/products\/climatiseurs-de-fenetre\/dac050mb1wdb\/"]}]},{"@type":"ImageObject","inLanguage":"fr-CA","url":"https:\/\/www.danby.com\/fr\/wp-content\/uploads\/sites\/2\/2025\/10\/dac050mb1wdb-thumbnail.jpg","contentUrl":"https:\/\/www.danby.com\/fr\/wp-content\/uploads\/sites\/2\/2025\/10\/dac050mb1wdb-thumbnail.jpg","width":768,"height":1024},{"@type":"BreadcrumbList","itemListElement":[{"@type":"ListItem","position":1,"name":"Home","item":"https:\/\/www.danby.com\/fr\/"},{"@type":"ListItem","position":2,"name":"Boutique","item":"https:\/\/www.danby.com\/fr\/boutique\/"},{"@type":"ListItem","position":3,"name":"Danby Climatiseur de fen\u00eatre 5,000 BTU en blanc"}]},{"@type":"WebSite","url":"https:\/\/www.danby.com\/fr\/","name":"Danby - Canada - French","description":"Leader dans le domaine de la r\u00e9frig\u00e9ration et des appareils sp\u00e9cialis\u00e9s","publisher":[],"potentialAction":[{"@type":"SearchAction","target":{"@type":"EntryPoint","urlTemplate":"https:\/\/www.danby.com\/fr\/?s={search_term_string}"},"query-input":{"@type":"PropertyValueSpecification","valueRequired":true,"valueName":"search_term_string"}}],"inLanguage":"fr-CA"},{"@type":"Organization","name":"Danby Appliances","url":"https:\/\/www.danby.com\/fr\/","logo":{"@type":"ImageObject","inLanguage":"fr-CA","url":"https:\/\/cdnweb.danby.com\/wp-content\/uploads\/sites\/2\/2022\/02\/10141906\/Danby75Ans_Blue.png","contentUrl":"https:\/\/cdnweb.danby.com\/wp-content\/uploads\/sites\/2\/2022\/02\/10141906\/Danby75Ans_Blue.png","width":470,"height":110,"caption":"Danby Appliances"},"image":[],"sameAs":["https:\/\/www.facebook.com\/DanbyAppliances","https:\/\/x.com\/DanbyAppliance","https:\/\/instagram.com\/danbyappliances\/","https:\/\/www.linkedin.com\/company\/danbyappliances","https:\/\/www.pinterest.ca\/danbyappliances\/","https:\/\/www.youtube.com\/user\/DanbyProducts","https:\/\/en.wikipedia.org\/wiki\/Danby_(appliances)"]}]}},"post_mailing_queue_ids":[],"_links":{"self":[{"href":"https:\/\/www.danby.com\/fr\/wp-json\/wp\/v2\/product\/4477","targetHints":{"allow":["GET"]}}],"collection":[{"href":"https:\/\/www.danby.com\/fr\/wp-json\/wp\/v2\/product"}],"about":[{"href":"https:\/\/www.danby.com\/fr\/wp-json\/wp\/v2\/types\/product"}],"replies":[{"embeddable":true,"href":"https:\/\/www.danby.com\/fr\/wp-json\/wp\/v2\/comments?post=4477"}],"wp:featuredmedia":[{"embeddable":true,"href":"https:\/\/www.danby.com\/fr\/wp-json\/wp\/v2\/media\/35411"}],"wp:attachment":[{"href":"https:\/\/www.danby.com\/fr\/wp-json\/wp\/v2\/media?parent=4477"}],"wp:term":[{"taxonomy":"product_brand","embeddable":true,"href":"https:\/\/www.danby.com\/fr\/wp-json\/wp\/v2\/product_brand?post=4477"},{"taxonomy":"product_cat","embeddable":true,"href":"https:\/\/www.danby.com\/fr\/wp-json\/wp\/v2\/product_cat?post=4477"},{"taxonomy":"product_tag","embeddable":true,"href":"https:\/\/www.danby.com\/fr\/wp-json\/wp\/v2\/product_tag?post=4477"}],"curies":[{"name":"wp","href":"https:\/\/api.w.org\/{rel}","templated":true}]}}