{"id":4468,"date":"2022-02-03T19:11:16","date_gmt":"2022-02-03T19:11:16","guid":{"rendered":"https:\/\/www.danby.com\/fr\/product\/adr70a1c\/"},"modified":"2026-05-01T10:06:13","modified_gmt":"2026-05-01T10:06:13","slug":"adr70a1c","status":"publish","type":"product","link":"https:\/\/www.danby.com\/fr\/products\/deshumidificateurs\/adr70a1c\/","title":{"rendered":"D\u00e9shumidificateur ArcticAire 70 BTU"},"content":{"rendered":"","protected":false},"excerpt":{"rendered":"<ul>\n<li>Le d\u00e9shumidificateur de 70 chopines couvre environ 3 800 pieds carr\u00e9s.<\/li>\n<li>R\u00e9frig\u00e9rant n&#8217;appauvrissant pas la couche d&#8217;ozone<\/li>\n<li>Commandes \u00e9lectroniques avec t\u00e9l\u00e9commande<\/li>\n<li>Le clavier num\u00e9rique avec affichage LED est facile \u00e0 utiliser<\/li>\n<li>Cr\u00e9er un environnement confortable avec nos r\u00e9glages d&#8217;humidit\u00e9 programmables<\/li>\n<li>Fonction de red\u00e9marrage automatique &#8211; red\u00e9marre l&#8217;appareil apr\u00e8s une coupure de courant<\/li>\n<li>La fonction basse temp\u00e9rature permet au syst\u00e8me de continuer \u00e0 fonctionner jusqu&#8217;\u00e0 ce que la temp\u00e9rature atteigne 5\u00baC<\/li>\n<li>Le ventilateur \u00e0 2 vitesses fait circuler l&#8217;air<\/li>\n<li>La fonction de vidange directe pour un fonctionnement continu<\/li>\n<\/ul>\n","protected":false},"featured_media":11220,"comment_status":"closed","ping_status":"open","template":"","meta":{"_acf_changed":false},"product_brand":[],"product_cat":[23],"product_tag":[],"class_list":{"0":"post-4468","1":"product","2":"type-product","3":"status-publish","4":"has-post-thumbnail","6":"product_cat-deshumidificateurs","8":"first","9":"outofstock","10":"taxable","11":"shipping-taxable","12":"product-type-simple"},"acf":[],"yoast_head":"<!-- This site is optimized with the Yoast SEO plugin v27.5 - https:\/\/yoast.com\/product\/yoast-seo-wordpress\/ -->\n<title>D\u00e9shumidificateur ArcticAire 70 BTU - ADR70A1C | Danby Canada<\/title>\n<meta name=\"description\" content=\"Vous pouvez cr\u00e9er un environnement de vie confortable avec ce d\u00e9shumidificateur portable bien con\u00e7u de 70 chopines (33,1). Il peut r\u00e9pondre \u00e0 tous vos besoins de d\u00e9shumidification dans des espaces allant jusqu&#039;\u00e0 3 800 pieds carr\u00e9s. Ce mod\u00e8le utilise un r\u00e9frig\u00e9rant qui n&#039;appauvrit pas la couche d&#039;ozone et il peut \u00eatre facilement programm\u00e9 \u00e0 l&#039;aide du panneau num\u00e9rique \u00e9lectronique et de la t\u00e9l\u00e9commande. Vous n&#039;avez pas \u00e0 vous inqui\u00e9ter en cas de panne de courant, car l&#039;appareil se met en marche automatiquement d\u00e8s qu&#039;il est remis en marche gr\u00e2ce \u00e0 la fonction de red\u00e9marrage automatique. Le d\u00e9shumidificateur peut fonctionner \u00e0 des temp\u00e9ratures aussi basses que 5\u00baC (41F) et le syst\u00e8me de vidange directe lui permet de fonctionner en continu. Le ventilateur \u00e0 deux vitesses fait circuler l&#039;air silencieusement et la classification Energy Star signifie que vous utiliserez moins d&#039;\u00e9nergie pour faire fonctionner l&#039;appareil.\" \/>\n<meta name=\"robots\" content=\"index, follow, max-snippet:-1, max-image-preview:large, max-video-preview:-1\" \/>\n<link rel=\"canonical\" href=\"https:\/\/www.danby.com\/fr\/products\/deshumidificateurs\/adr70a1c\/\" \/>\n<meta property=\"og:locale\" content=\"fr_CA\" \/>\n<meta property=\"og:type\" content=\"article\" \/>\n<meta property=\"og:title\" content=\"D\u00e9shumidificateur ArcticAire 70 BTU - ADR70A1C | Danby Canada\" \/>\n<meta property=\"og:description\" content=\"Vous pouvez cr\u00e9er un environnement de vie confortable avec ce d\u00e9shumidificateur portable bien con\u00e7u de 70 chopines (33,1). Il peut r\u00e9pondre \u00e0 tous vos besoins de d\u00e9shumidification dans des espaces allant jusqu&#039;\u00e0 3 800 pieds carr\u00e9s. Ce mod\u00e8le utilise un r\u00e9frig\u00e9rant qui n&#039;appauvrit pas la couche d&#039;ozone et il peut \u00eatre facilement programm\u00e9 \u00e0 l&#039;aide du panneau num\u00e9rique \u00e9lectronique et de la t\u00e9l\u00e9commande. Vous n&#039;avez pas \u00e0 vous inqui\u00e9ter en cas de panne de courant, car l&#039;appareil se met en marche automatiquement d\u00e8s qu&#039;il est remis en marche gr\u00e2ce \u00e0 la fonction de red\u00e9marrage automatique. Le d\u00e9shumidificateur peut fonctionner \u00e0 des temp\u00e9ratures aussi basses que 5\u00baC (41F) et le syst\u00e8me de vidange directe lui permet de fonctionner en continu. Le ventilateur \u00e0 deux vitesses fait circuler l&#039;air silencieusement et la classification Energy Star signifie que vous utiliserez moins d&#039;\u00e9nergie pour faire fonctionner l&#039;appareil.\" \/>\n<meta property=\"og:url\" content=\"https:\/\/www.danby.com\/fr\/products\/deshumidificateurs\/adr70a1c\/\" \/>\n<meta property=\"og:site_name\" content=\"Danby - Canada - French\" \/>\n<meta property=\"article:publisher\" content=\"https:\/\/www.facebook.com\/DanbyAppliances\" \/>\n<meta property=\"article:modified_time\" content=\"2026-05-01T10:06:13+00:00\" \/>\n<meta property=\"og:image\" content=\"https:\/\/cdnweb.danby.com\/wp-content\/uploads\/sites\/2\/2022\/02\/09131448\/proMed-ADR70A1C4.jpg\" \/>\n\t<meta property=\"og:image:width\" content=\"300\" \/>\n\t<meta property=\"og:image:height\" content=\"272\" \/>\n\t<meta property=\"og:image:type\" content=\"image\/jpeg\" \/>\n<meta name=\"twitter:card\" content=\"summary_large_image\" \/>\n<meta name=\"twitter:site\" content=\"@DanbyAppliance\" \/>\n<script type=\"application\/ld+json\" class=\"yoast-schema-graph\">{\"@context\":\"https:\\\/\\\/schema.org\",\"@graph\":[{\"@type\":[\"WebPage\",\"ItemPage\"],\"url\":\"https:\\\/\\\/www.danby.com\\\/fr\\\/products\\\/deshumidificateurs\\\/adr70a1c\\\/\",\"name\":\"D\u00e9shumidificateur ArcticAire 70 BTU - ADR70A1C | Danby Canada\",\"isPartOf\":[],\"primaryImageOfPage\":[],\"image\":[],\"thumbnailUrl\":\"https:\\\/\\\/cdnweb.danby.com\\\/wp-content\\\/uploads\\\/sites\\\/2\\\/2022\\\/02\\\/09131448\\\/proMed-ADR70A1C4.jpg\",\"datePublished\":\"2022-02-03T19:11:16+00:00\",\"dateModified\":\"2026-05-01T10:06:13+00:00\",\"description\":\"Vous pouvez cr\u00e9er un environnement de vie confortable avec ce d\u00e9shumidificateur portable bien con\u00e7u de 70 chopines (33,1). Il peut r\u00e9pondre \u00e0 tous vos besoins de d\u00e9shumidification dans des espaces allant jusqu'\u00e0 3 800 pieds carr\u00e9s. Ce mod\u00e8le utilise un r\u00e9frig\u00e9rant qui n'appauvrit pas la couche d'ozone et il peut \u00eatre facilement programm\u00e9 \u00e0 l'aide du panneau num\u00e9rique \u00e9lectronique et de la t\u00e9l\u00e9commande. Vous n'avez pas \u00e0 vous inqui\u00e9ter en cas de panne de courant, car l'appareil se met en marche automatiquement d\u00e8s qu'il est remis en marche gr\u00e2ce \u00e0 la fonction de red\u00e9marrage automatique. Le d\u00e9shumidificateur peut fonctionner \u00e0 des temp\u00e9ratures aussi basses que 5\u00baC (41F) et le syst\u00e8me de vidange directe lui permet de fonctionner en continu. Le ventilateur \u00e0 deux vitesses fait circuler l'air silencieusement et la classification Energy Star signifie que vous utiliserez moins d'\u00e9nergie pour faire fonctionner l'appareil.\",\"breadcrumb\":[],\"inLanguage\":\"fr-CA\",\"potentialAction\":[{\"@type\":\"ReadAction\",\"target\":[\"https:\\\/\\\/www.danby.com\\\/fr\\\/products\\\/deshumidificateurs\\\/adr70a1c\\\/\"]}]},{\"@type\":\"ImageObject\",\"inLanguage\":\"fr-CA\",\"url\":\"https:\\\/\\\/cdnweb.danby.com\\\/wp-content\\\/uploads\\\/sites\\\/2\\\/2022\\\/02\\\/09131448\\\/proMed-ADR70A1C4.jpg\",\"contentUrl\":\"https:\\\/\\\/cdnweb.danby.com\\\/wp-content\\\/uploads\\\/sites\\\/2\\\/2022\\\/02\\\/09131448\\\/proMed-ADR70A1C4.jpg\",\"width\":300,\"height\":272},{\"@type\":\"BreadcrumbList\",\"itemListElement\":[{\"@type\":\"ListItem\",\"position\":1,\"name\":\"Home\",\"item\":\"https:\\\/\\\/www.danby.com\\\/fr\\\/\"},{\"@type\":\"ListItem\",\"position\":2,\"name\":\"Boutique\",\"item\":\"https:\\\/\\\/www.danby.com\\\/fr\\\/boutique\\\/\"},{\"@type\":\"ListItem\",\"position\":3,\"name\":\"D\u00e9shumidificateur ArcticAire 70 BTU\"}]},{\"@type\":\"WebSite\",\"url\":\"https:\\\/\\\/www.danby.com\\\/fr\\\/\",\"name\":\"Danby - Canada - French\",\"description\":\"Leader dans le domaine de la r\u00e9frig\u00e9ration et des appareils sp\u00e9cialis\u00e9s\",\"publisher\":[],\"potentialAction\":[{\"@type\":\"SearchAction\",\"target\":{\"@type\":\"EntryPoint\",\"urlTemplate\":\"https:\\\/\\\/www.danby.com\\\/fr\\\/?s={search_term_string}\"},\"query-input\":{\"@type\":\"PropertyValueSpecification\",\"valueRequired\":true,\"valueName\":\"search_term_string\"}}],\"inLanguage\":\"fr-CA\"},{\"@type\":\"Organization\",\"name\":\"Danby Appliances\",\"url\":\"https:\\\/\\\/www.danby.com\\\/fr\\\/\",\"logo\":{\"@type\":\"ImageObject\",\"inLanguage\":\"fr-CA\",\"url\":\"https:\\\/\\\/cdnweb.danby.com\\\/wp-content\\\/uploads\\\/sites\\\/2\\\/2022\\\/02\\\/10141906\\\/Danby75Ans_Blue.png\",\"contentUrl\":\"https:\\\/\\\/cdnweb.danby.com\\\/wp-content\\\/uploads\\\/sites\\\/2\\\/2022\\\/02\\\/10141906\\\/Danby75Ans_Blue.png\",\"width\":470,\"height\":110,\"caption\":\"Danby Appliances\"},\"image\":[],\"sameAs\":[\"https:\\\/\\\/www.facebook.com\\\/DanbyAppliances\",\"https:\\\/\\\/x.com\\\/DanbyAppliance\",\"https:\\\/\\\/instagram.com\\\/danbyappliances\\\/\",\"https:\\\/\\\/www.linkedin.com\\\/company\\\/danbyappliances\",\"https:\\\/\\\/www.pinterest.ca\\\/danbyappliances\\\/\",\"https:\\\/\\\/www.youtube.com\\\/user\\\/DanbyProducts\",\"https:\\\/\\\/en.wikipedia.org\\\/wiki\\\/Danby_(appliances)\"]}]}<\/script>\n<!-- \/ Yoast SEO plugin. -->","yoast_head_json":{"title":"D\u00e9shumidificateur ArcticAire 70 BTU - ADR70A1C | Danby Canada","description":"Vous pouvez cr\u00e9er un environnement de vie confortable avec ce d\u00e9shumidificateur portable bien con\u00e7u de 70 chopines (33,1). Il peut r\u00e9pondre \u00e0 tous vos besoins de d\u00e9shumidification dans des espaces allant jusqu'\u00e0 3 800 pieds carr\u00e9s. Ce mod\u00e8le utilise un r\u00e9frig\u00e9rant qui n'appauvrit pas la couche d'ozone et il peut \u00eatre facilement programm\u00e9 \u00e0 l'aide du panneau num\u00e9rique \u00e9lectronique et de la t\u00e9l\u00e9commande. Vous n'avez pas \u00e0 vous inqui\u00e9ter en cas de panne de courant, car l'appareil se met en marche automatiquement d\u00e8s qu'il est remis en marche gr\u00e2ce \u00e0 la fonction de red\u00e9marrage automatique. Le d\u00e9shumidificateur peut fonctionner \u00e0 des temp\u00e9ratures aussi basses que 5\u00baC (41F) et le syst\u00e8me de vidange directe lui permet de fonctionner en continu. Le ventilateur \u00e0 deux vitesses fait circuler l'air silencieusement et la classification Energy Star signifie que vous utiliserez moins d'\u00e9nergie pour faire fonctionner l'appareil.","robots":{"index":"index","follow":"follow","max-snippet":"max-snippet:-1","max-image-preview":"max-image-preview:large","max-video-preview":"max-video-preview:-1"},"canonical":"https:\/\/www.danby.com\/fr\/products\/deshumidificateurs\/adr70a1c\/","og_locale":"fr_CA","og_type":"article","og_title":"D\u00e9shumidificateur ArcticAire 70 BTU - ADR70A1C | Danby Canada","og_description":"Vous pouvez cr\u00e9er un environnement de vie confortable avec ce d\u00e9shumidificateur portable bien con\u00e7u de 70 chopines (33,1). Il peut r\u00e9pondre \u00e0 tous vos besoins de d\u00e9shumidification dans des espaces allant jusqu'\u00e0 3 800 pieds carr\u00e9s. Ce mod\u00e8le utilise un r\u00e9frig\u00e9rant qui n'appauvrit pas la couche d'ozone et il peut \u00eatre facilement programm\u00e9 \u00e0 l'aide du panneau num\u00e9rique \u00e9lectronique et de la t\u00e9l\u00e9commande. Vous n'avez pas \u00e0 vous inqui\u00e9ter en cas de panne de courant, car l'appareil se met en marche automatiquement d\u00e8s qu'il est remis en marche gr\u00e2ce \u00e0 la fonction de red\u00e9marrage automatique. Le d\u00e9shumidificateur peut fonctionner \u00e0 des temp\u00e9ratures aussi basses que 5\u00baC (41F) et le syst\u00e8me de vidange directe lui permet de fonctionner en continu. Le ventilateur \u00e0 deux vitesses fait circuler l'air silencieusement et la classification Energy Star signifie que vous utiliserez moins d'\u00e9nergie pour faire fonctionner l'appareil.","og_url":"https:\/\/www.danby.com\/fr\/products\/deshumidificateurs\/adr70a1c\/","og_site_name":"Danby - Canada - French","article_publisher":"https:\/\/www.facebook.com\/DanbyAppliances","article_modified_time":"2026-05-01T10:06:13+00:00","og_image":[{"width":300,"height":272,"url":"https:\/\/cdnweb.danby.com\/wp-content\/uploads\/sites\/2\/2022\/02\/09131448\/proMed-ADR70A1C4.jpg","type":"image\/jpeg"}],"twitter_card":"summary_large_image","twitter_site":"@DanbyAppliance","schema":{"@context":"https:\/\/schema.org","@graph":[{"@type":["WebPage","ItemPage"],"url":"https:\/\/www.danby.com\/fr\/products\/deshumidificateurs\/adr70a1c\/","name":"D\u00e9shumidificateur ArcticAire 70 BTU - ADR70A1C | Danby Canada","isPartOf":[],"primaryImageOfPage":[],"image":[],"thumbnailUrl":"https:\/\/cdnweb.danby.com\/wp-content\/uploads\/sites\/2\/2022\/02\/09131448\/proMed-ADR70A1C4.jpg","datePublished":"2022-02-03T19:11:16+00:00","dateModified":"2026-05-01T10:06:13+00:00","description":"Vous pouvez cr\u00e9er un environnement de vie confortable avec ce d\u00e9shumidificateur portable bien con\u00e7u de 70 chopines (33,1). Il peut r\u00e9pondre \u00e0 tous vos besoins de d\u00e9shumidification dans des espaces allant jusqu'\u00e0 3 800 pieds carr\u00e9s. Ce mod\u00e8le utilise un r\u00e9frig\u00e9rant qui n'appauvrit pas la couche d'ozone et il peut \u00eatre facilement programm\u00e9 \u00e0 l'aide du panneau num\u00e9rique \u00e9lectronique et de la t\u00e9l\u00e9commande. Vous n'avez pas \u00e0 vous inqui\u00e9ter en cas de panne de courant, car l'appareil se met en marche automatiquement d\u00e8s qu'il est remis en marche gr\u00e2ce \u00e0 la fonction de red\u00e9marrage automatique. Le d\u00e9shumidificateur peut fonctionner \u00e0 des temp\u00e9ratures aussi basses que 5\u00baC (41F) et le syst\u00e8me de vidange directe lui permet de fonctionner en continu. Le ventilateur \u00e0 deux vitesses fait circuler l'air silencieusement et la classification Energy Star signifie que vous utiliserez moins d'\u00e9nergie pour faire fonctionner l'appareil.","breadcrumb":[],"inLanguage":"fr-CA","potentialAction":[{"@type":"ReadAction","target":["https:\/\/www.danby.com\/fr\/products\/deshumidificateurs\/adr70a1c\/"]}]},{"@type":"ImageObject","inLanguage":"fr-CA","url":"https:\/\/cdnweb.danby.com\/wp-content\/uploads\/sites\/2\/2022\/02\/09131448\/proMed-ADR70A1C4.jpg","contentUrl":"https:\/\/cdnweb.danby.com\/wp-content\/uploads\/sites\/2\/2022\/02\/09131448\/proMed-ADR70A1C4.jpg","width":300,"height":272},{"@type":"BreadcrumbList","itemListElement":[{"@type":"ListItem","position":1,"name":"Home","item":"https:\/\/www.danby.com\/fr\/"},{"@type":"ListItem","position":2,"name":"Boutique","item":"https:\/\/www.danby.com\/fr\/boutique\/"},{"@type":"ListItem","position":3,"name":"D\u00e9shumidificateur ArcticAire 70 BTU"}]},{"@type":"WebSite","url":"https:\/\/www.danby.com\/fr\/","name":"Danby - Canada - French","description":"Leader dans le domaine de la r\u00e9frig\u00e9ration et des appareils sp\u00e9cialis\u00e9s","publisher":[],"potentialAction":[{"@type":"SearchAction","target":{"@type":"EntryPoint","urlTemplate":"https:\/\/www.danby.com\/fr\/?s={search_term_string}"},"query-input":{"@type":"PropertyValueSpecification","valueRequired":true,"valueName":"search_term_string"}}],"inLanguage":"fr-CA"},{"@type":"Organization","name":"Danby Appliances","url":"https:\/\/www.danby.com\/fr\/","logo":{"@type":"ImageObject","inLanguage":"fr-CA","url":"https:\/\/cdnweb.danby.com\/wp-content\/uploads\/sites\/2\/2022\/02\/10141906\/Danby75Ans_Blue.png","contentUrl":"https:\/\/cdnweb.danby.com\/wp-content\/uploads\/sites\/2\/2022\/02\/10141906\/Danby75Ans_Blue.png","width":470,"height":110,"caption":"Danby Appliances"},"image":[],"sameAs":["https:\/\/www.facebook.com\/DanbyAppliances","https:\/\/x.com\/DanbyAppliance","https:\/\/instagram.com\/danbyappliances\/","https:\/\/www.linkedin.com\/company\/danbyappliances","https:\/\/www.pinterest.ca\/danbyappliances\/","https:\/\/www.youtube.com\/user\/DanbyProducts","https:\/\/en.wikipedia.org\/wiki\/Danby_(appliances)"]}]}},"post_mailing_queue_ids":[],"_links":{"self":[{"href":"https:\/\/www.danby.com\/fr\/wp-json\/wp\/v2\/product\/4468","targetHints":{"allow":["GET"]}}],"collection":[{"href":"https:\/\/www.danby.com\/fr\/wp-json\/wp\/v2\/product"}],"about":[{"href":"https:\/\/www.danby.com\/fr\/wp-json\/wp\/v2\/types\/product"}],"replies":[{"embeddable":true,"href":"https:\/\/www.danby.com\/fr\/wp-json\/wp\/v2\/comments?post=4468"}],"wp:featuredmedia":[{"embeddable":true,"href":"https:\/\/www.danby.com\/fr\/wp-json\/wp\/v2\/media\/11220"}],"wp:attachment":[{"href":"https:\/\/www.danby.com\/fr\/wp-json\/wp\/v2\/media?parent=4468"}],"wp:term":[{"taxonomy":"product_brand","embeddable":true,"href":"https:\/\/www.danby.com\/fr\/wp-json\/wp\/v2\/product_brand?post=4468"},{"taxonomy":"product_cat","embeddable":true,"href":"https:\/\/www.danby.com\/fr\/wp-json\/wp\/v2\/product_cat?post=4468"},{"taxonomy":"product_tag","embeddable":true,"href":"https:\/\/www.danby.com\/fr\/wp-json\/wp\/v2\/product_tag?post=4468"}],"curies":[{"name":"wp","href":"https:\/\/api.w.org\/{rel}","templated":true}]}}