{"id":4465,"date":"2022-02-03T19:11:16","date_gmt":"2022-02-03T19:11:16","guid":{"rendered":"https:\/\/www.danby.com\/fr\/product\/adr45a1g\/"},"modified":"2026-04-30T10:04:33","modified_gmt":"2026-04-30T10:04:33","slug":"adr45a1g","status":"publish","type":"product","link":"https:\/\/www.danby.com\/fr\/products\/deshumidificateurs\/adr45a1g\/","title":{"rendered":"D\u00e9shumidificateur ArcticAire 45 BTU"},"content":{"rendered":"","protected":false},"excerpt":{"rendered":"<ul>\n<li>Le d\u00e9shumidificateur de 45 pintes (21,3 L) couvre environ 2500 pieds carr\u00e9s<\/li>\n<li>Compatible Energy Star<\/li>\n<li>Commandes \u00e9lectroniques<\/li>\n<li>R\u00e9glages d&#8217;humidit\u00e9 r\u00e9glables<\/li>\n<li>Ventilateur \u00e0 2 vitesses<\/li>\n<li>Fonction de basse temp\u00e9rature &#8211; continue de fonctionner jusqu&#8217;\u00e0 ce que la temp\u00e9rature atteigne 44F (6.6C)<\/li>\n<li>Le d\u00e9givreur automatique emp\u00eache l&#8217;accumulation de glace sur les serpentins<\/li>\n<li>Fonction de red\u00e9marrage automatique<\/li>\n<li>Filtre amovible pour un nettoyage facile<\/li>\n<li>Fonctionnement silencieux<\/li>\n<li>Castors pour une portabilit\u00e9 facile<\/li>\n<li>Le syst\u00e8me de drainage direct permet un fonctionnement continu<\/li>\n<\/ul>\n","protected":false},"featured_media":11204,"comment_status":"closed","ping_status":"open","template":"","meta":{"_acf_changed":false},"product_brand":[],"product_cat":[23],"product_tag":[],"class_list":{"0":"post-4465","1":"product","2":"type-product","3":"status-publish","4":"has-post-thumbnail","6":"product_cat-deshumidificateurs","8":"first","9":"outofstock","10":"taxable","11":"shipping-taxable","12":"product-type-simple"},"acf":[],"yoast_head":"<!-- This site is optimized with the Yoast SEO plugin v27.5 - https:\/\/yoast.com\/product\/yoast-seo-wordpress\/ -->\n<title>D\u00e9shumidificateur ArcticAire 45 BTU - ADR45A1G | Danby Canada<\/title>\n<meta name=\"description\" content=\"L&#039;humidit\u00e9 peut \u00eatre extr\u00eamement inconfortable, malsaine et dommageable. La meilleure fa\u00e7on de l&#039;\u00e9liminer de vos pi\u00e8ces est de brancher ce d\u00e9shumidificateur portable de 21,3 litres (45 pint). Cet appareil certifi\u00e9 Energy Star est con\u00e7u pour couvrir de grandes surfaces allant jusqu&#039;\u00e0 2500 pieds carr\u00e9s. Les commandes \u00e9lectroniques sont faciles \u00e0 utiliser et contr\u00f4lent le ventilateur silencieux \u00e0 deux vitesses et les r\u00e9glages d&#039;humidit\u00e9. L&#039;appareil est dot\u00e9 d&#039;un composant intelligent de basse temp\u00e9rature qui lui permet de fonctionner en continu jusqu&#039;\u00e0 ce que la temp\u00e9rature atteigne 6,6 \u00b0C (44 \u00b0F). Il y a un dispositif de red\u00e9marrage automatique tr\u00e8s pratique et les serpentins sont maintenus exempts de glace gr\u00e2ce \u00e0 la fonction de d\u00e9givrage automatique. Le nettoyage est rendu aussi facile que possible gr\u00e2ce au filtre amovible. L&#039;appareil peut fonctionner en continu gr\u00e2ce \u00e0 son syst\u00e8me de drainage direct et il peut \u00eatre facilement d\u00e9plac\u00e9 d&#039;une pi\u00e8ce \u00e0 l&#039;autre gr\u00e2ce \u00e0 ses roulettes int\u00e9gr\u00e9es.\" \/>\n<meta name=\"robots\" content=\"index, follow, max-snippet:-1, max-image-preview:large, max-video-preview:-1\" \/>\n<link rel=\"canonical\" href=\"https:\/\/www.danby.com\/fr\/products\/deshumidificateurs\/adr45a1g\/\" \/>\n<meta property=\"og:locale\" content=\"fr_CA\" \/>\n<meta property=\"og:type\" content=\"article\" \/>\n<meta property=\"og:title\" content=\"D\u00e9shumidificateur ArcticAire 45 BTU - ADR45A1G | Danby Canada\" \/>\n<meta property=\"og:description\" content=\"L&#039;humidit\u00e9 peut \u00eatre extr\u00eamement inconfortable, malsaine et dommageable. La meilleure fa\u00e7on de l&#039;\u00e9liminer de vos pi\u00e8ces est de brancher ce d\u00e9shumidificateur portable de 21,3 litres (45 pint). Cet appareil certifi\u00e9 Energy Star est con\u00e7u pour couvrir de grandes surfaces allant jusqu&#039;\u00e0 2500 pieds carr\u00e9s. Les commandes \u00e9lectroniques sont faciles \u00e0 utiliser et contr\u00f4lent le ventilateur silencieux \u00e0 deux vitesses et les r\u00e9glages d&#039;humidit\u00e9. L&#039;appareil est dot\u00e9 d&#039;un composant intelligent de basse temp\u00e9rature qui lui permet de fonctionner en continu jusqu&#039;\u00e0 ce que la temp\u00e9rature atteigne 6,6 \u00b0C (44 \u00b0F). Il y a un dispositif de red\u00e9marrage automatique tr\u00e8s pratique et les serpentins sont maintenus exempts de glace gr\u00e2ce \u00e0 la fonction de d\u00e9givrage automatique. Le nettoyage est rendu aussi facile que possible gr\u00e2ce au filtre amovible. L&#039;appareil peut fonctionner en continu gr\u00e2ce \u00e0 son syst\u00e8me de drainage direct et il peut \u00eatre facilement d\u00e9plac\u00e9 d&#039;une pi\u00e8ce \u00e0 l&#039;autre gr\u00e2ce \u00e0 ses roulettes int\u00e9gr\u00e9es.\" \/>\n<meta property=\"og:url\" content=\"https:\/\/www.danby.com\/fr\/products\/deshumidificateurs\/adr45a1g\/\" \/>\n<meta property=\"og:site_name\" content=\"Danby - Canada - French\" \/>\n<meta property=\"article:publisher\" content=\"https:\/\/www.facebook.com\/DanbyAppliances\" \/>\n<meta property=\"article:modified_time\" content=\"2026-04-30T10:04:33+00:00\" \/>\n<meta property=\"og:image\" content=\"https:\/\/cdnweb.danby.com\/wp-content\/uploads\/sites\/2\/2022\/02\/09131407\/Medium-ADR30_45A1G2.jpg\" \/>\n\t<meta property=\"og:image:width\" content=\"300\" \/>\n\t<meta property=\"og:image:height\" content=\"272\" \/>\n\t<meta property=\"og:image:type\" content=\"image\/jpeg\" \/>\n<meta name=\"twitter:card\" content=\"summary_large_image\" \/>\n<meta name=\"twitter:site\" content=\"@DanbyAppliance\" \/>\n<script type=\"application\/ld+json\" class=\"yoast-schema-graph\">{\"@context\":\"https:\\\/\\\/schema.org\",\"@graph\":[{\"@type\":[\"WebPage\",\"ItemPage\"],\"url\":\"https:\\\/\\\/www.danby.com\\\/fr\\\/products\\\/deshumidificateurs\\\/adr45a1g\\\/\",\"name\":\"D\u00e9shumidificateur ArcticAire 45 BTU - ADR45A1G | Danby Canada\",\"isPartOf\":[],\"primaryImageOfPage\":[],\"image\":[],\"thumbnailUrl\":\"https:\\\/\\\/cdnweb.danby.com\\\/wp-content\\\/uploads\\\/sites\\\/2\\\/2022\\\/02\\\/09131407\\\/Medium-ADR30_45A1G2.jpg\",\"datePublished\":\"2022-02-03T19:11:16+00:00\",\"dateModified\":\"2026-04-30T10:04:33+00:00\",\"description\":\"L'humidit\u00e9 peut \u00eatre extr\u00eamement inconfortable, malsaine et dommageable. La meilleure fa\u00e7on de l'\u00e9liminer de vos pi\u00e8ces est de brancher ce d\u00e9shumidificateur portable de 21,3 litres (45 pint). Cet appareil certifi\u00e9 Energy Star est con\u00e7u pour couvrir de grandes surfaces allant jusqu'\u00e0 2500 pieds carr\u00e9s. Les commandes \u00e9lectroniques sont faciles \u00e0 utiliser et contr\u00f4lent le ventilateur silencieux \u00e0 deux vitesses et les r\u00e9glages d'humidit\u00e9. L'appareil est dot\u00e9 d'un composant intelligent de basse temp\u00e9rature qui lui permet de fonctionner en continu jusqu'\u00e0 ce que la temp\u00e9rature atteigne 6,6 \u00b0C (44 \u00b0F). Il y a un dispositif de red\u00e9marrage automatique tr\u00e8s pratique et les serpentins sont maintenus exempts de glace gr\u00e2ce \u00e0 la fonction de d\u00e9givrage automatique. Le nettoyage est rendu aussi facile que possible gr\u00e2ce au filtre amovible. L'appareil peut fonctionner en continu gr\u00e2ce \u00e0 son syst\u00e8me de drainage direct et il peut \u00eatre facilement d\u00e9plac\u00e9 d'une pi\u00e8ce \u00e0 l'autre gr\u00e2ce \u00e0 ses roulettes int\u00e9gr\u00e9es.\",\"breadcrumb\":[],\"inLanguage\":\"fr-CA\",\"potentialAction\":[{\"@type\":\"ReadAction\",\"target\":[\"https:\\\/\\\/www.danby.com\\\/fr\\\/products\\\/deshumidificateurs\\\/adr45a1g\\\/\"]}]},{\"@type\":\"ImageObject\",\"inLanguage\":\"fr-CA\",\"url\":\"https:\\\/\\\/cdnweb.danby.com\\\/wp-content\\\/uploads\\\/sites\\\/2\\\/2022\\\/02\\\/09131407\\\/Medium-ADR30_45A1G2.jpg\",\"contentUrl\":\"https:\\\/\\\/cdnweb.danby.com\\\/wp-content\\\/uploads\\\/sites\\\/2\\\/2022\\\/02\\\/09131407\\\/Medium-ADR30_45A1G2.jpg\",\"width\":300,\"height\":272},{\"@type\":\"BreadcrumbList\",\"itemListElement\":[{\"@type\":\"ListItem\",\"position\":1,\"name\":\"Home\",\"item\":\"https:\\\/\\\/www.danby.com\\\/fr\\\/\"},{\"@type\":\"ListItem\",\"position\":2,\"name\":\"Boutique\",\"item\":\"https:\\\/\\\/www.danby.com\\\/fr\\\/boutique\\\/\"},{\"@type\":\"ListItem\",\"position\":3,\"name\":\"D\u00e9shumidificateur ArcticAire 45 BTU\"}]},{\"@type\":\"WebSite\",\"url\":\"https:\\\/\\\/www.danby.com\\\/fr\\\/\",\"name\":\"Danby - Canada - French\",\"description\":\"Leader dans le domaine de la r\u00e9frig\u00e9ration et des appareils sp\u00e9cialis\u00e9s\",\"publisher\":[],\"potentialAction\":[{\"@type\":\"SearchAction\",\"target\":{\"@type\":\"EntryPoint\",\"urlTemplate\":\"https:\\\/\\\/www.danby.com\\\/fr\\\/?s={search_term_string}\"},\"query-input\":{\"@type\":\"PropertyValueSpecification\",\"valueRequired\":true,\"valueName\":\"search_term_string\"}}],\"inLanguage\":\"fr-CA\"},{\"@type\":\"Organization\",\"name\":\"Danby Appliances\",\"url\":\"https:\\\/\\\/www.danby.com\\\/fr\\\/\",\"logo\":{\"@type\":\"ImageObject\",\"inLanguage\":\"fr-CA\",\"url\":\"https:\\\/\\\/cdnweb.danby.com\\\/wp-content\\\/uploads\\\/sites\\\/2\\\/2022\\\/02\\\/10141906\\\/Danby75Ans_Blue.png\",\"contentUrl\":\"https:\\\/\\\/cdnweb.danby.com\\\/wp-content\\\/uploads\\\/sites\\\/2\\\/2022\\\/02\\\/10141906\\\/Danby75Ans_Blue.png\",\"width\":470,\"height\":110,\"caption\":\"Danby Appliances\"},\"image\":[],\"sameAs\":[\"https:\\\/\\\/www.facebook.com\\\/DanbyAppliances\",\"https:\\\/\\\/x.com\\\/DanbyAppliance\",\"https:\\\/\\\/instagram.com\\\/danbyappliances\\\/\",\"https:\\\/\\\/www.linkedin.com\\\/company\\\/danbyappliances\",\"https:\\\/\\\/www.pinterest.ca\\\/danbyappliances\\\/\",\"https:\\\/\\\/www.youtube.com\\\/user\\\/DanbyProducts\",\"https:\\\/\\\/en.wikipedia.org\\\/wiki\\\/Danby_(appliances)\"]}]}<\/script>\n<!-- \/ Yoast SEO plugin. -->","yoast_head_json":{"title":"D\u00e9shumidificateur ArcticAire 45 BTU - ADR45A1G | Danby Canada","description":"L'humidit\u00e9 peut \u00eatre extr\u00eamement inconfortable, malsaine et dommageable. La meilleure fa\u00e7on de l'\u00e9liminer de vos pi\u00e8ces est de brancher ce d\u00e9shumidificateur portable de 21,3 litres (45 pint). Cet appareil certifi\u00e9 Energy Star est con\u00e7u pour couvrir de grandes surfaces allant jusqu'\u00e0 2500 pieds carr\u00e9s. Les commandes \u00e9lectroniques sont faciles \u00e0 utiliser et contr\u00f4lent le ventilateur silencieux \u00e0 deux vitesses et les r\u00e9glages d'humidit\u00e9. L'appareil est dot\u00e9 d'un composant intelligent de basse temp\u00e9rature qui lui permet de fonctionner en continu jusqu'\u00e0 ce que la temp\u00e9rature atteigne 6,6 \u00b0C (44 \u00b0F). Il y a un dispositif de red\u00e9marrage automatique tr\u00e8s pratique et les serpentins sont maintenus exempts de glace gr\u00e2ce \u00e0 la fonction de d\u00e9givrage automatique. Le nettoyage est rendu aussi facile que possible gr\u00e2ce au filtre amovible. L'appareil peut fonctionner en continu gr\u00e2ce \u00e0 son syst\u00e8me de drainage direct et il peut \u00eatre facilement d\u00e9plac\u00e9 d'une pi\u00e8ce \u00e0 l'autre gr\u00e2ce \u00e0 ses roulettes int\u00e9gr\u00e9es.","robots":{"index":"index","follow":"follow","max-snippet":"max-snippet:-1","max-image-preview":"max-image-preview:large","max-video-preview":"max-video-preview:-1"},"canonical":"https:\/\/www.danby.com\/fr\/products\/deshumidificateurs\/adr45a1g\/","og_locale":"fr_CA","og_type":"article","og_title":"D\u00e9shumidificateur ArcticAire 45 BTU - ADR45A1G | Danby Canada","og_description":"L'humidit\u00e9 peut \u00eatre extr\u00eamement inconfortable, malsaine et dommageable. La meilleure fa\u00e7on de l'\u00e9liminer de vos pi\u00e8ces est de brancher ce d\u00e9shumidificateur portable de 21,3 litres (45 pint). Cet appareil certifi\u00e9 Energy Star est con\u00e7u pour couvrir de grandes surfaces allant jusqu'\u00e0 2500 pieds carr\u00e9s. Les commandes \u00e9lectroniques sont faciles \u00e0 utiliser et contr\u00f4lent le ventilateur silencieux \u00e0 deux vitesses et les r\u00e9glages d'humidit\u00e9. L'appareil est dot\u00e9 d'un composant intelligent de basse temp\u00e9rature qui lui permet de fonctionner en continu jusqu'\u00e0 ce que la temp\u00e9rature atteigne 6,6 \u00b0C (44 \u00b0F). Il y a un dispositif de red\u00e9marrage automatique tr\u00e8s pratique et les serpentins sont maintenus exempts de glace gr\u00e2ce \u00e0 la fonction de d\u00e9givrage automatique. Le nettoyage est rendu aussi facile que possible gr\u00e2ce au filtre amovible. L'appareil peut fonctionner en continu gr\u00e2ce \u00e0 son syst\u00e8me de drainage direct et il peut \u00eatre facilement d\u00e9plac\u00e9 d'une pi\u00e8ce \u00e0 l'autre gr\u00e2ce \u00e0 ses roulettes int\u00e9gr\u00e9es.","og_url":"https:\/\/www.danby.com\/fr\/products\/deshumidificateurs\/adr45a1g\/","og_site_name":"Danby - Canada - French","article_publisher":"https:\/\/www.facebook.com\/DanbyAppliances","article_modified_time":"2026-04-30T10:04:33+00:00","og_image":[{"width":300,"height":272,"url":"https:\/\/cdnweb.danby.com\/wp-content\/uploads\/sites\/2\/2022\/02\/09131407\/Medium-ADR30_45A1G2.jpg","type":"image\/jpeg"}],"twitter_card":"summary_large_image","twitter_site":"@DanbyAppliance","schema":{"@context":"https:\/\/schema.org","@graph":[{"@type":["WebPage","ItemPage"],"url":"https:\/\/www.danby.com\/fr\/products\/deshumidificateurs\/adr45a1g\/","name":"D\u00e9shumidificateur ArcticAire 45 BTU - ADR45A1G | Danby Canada","isPartOf":[],"primaryImageOfPage":[],"image":[],"thumbnailUrl":"https:\/\/cdnweb.danby.com\/wp-content\/uploads\/sites\/2\/2022\/02\/09131407\/Medium-ADR30_45A1G2.jpg","datePublished":"2022-02-03T19:11:16+00:00","dateModified":"2026-04-30T10:04:33+00:00","description":"L'humidit\u00e9 peut \u00eatre extr\u00eamement inconfortable, malsaine et dommageable. La meilleure fa\u00e7on de l'\u00e9liminer de vos pi\u00e8ces est de brancher ce d\u00e9shumidificateur portable de 21,3 litres (45 pint). Cet appareil certifi\u00e9 Energy Star est con\u00e7u pour couvrir de grandes surfaces allant jusqu'\u00e0 2500 pieds carr\u00e9s. Les commandes \u00e9lectroniques sont faciles \u00e0 utiliser et contr\u00f4lent le ventilateur silencieux \u00e0 deux vitesses et les r\u00e9glages d'humidit\u00e9. L'appareil est dot\u00e9 d'un composant intelligent de basse temp\u00e9rature qui lui permet de fonctionner en continu jusqu'\u00e0 ce que la temp\u00e9rature atteigne 6,6 \u00b0C (44 \u00b0F). Il y a un dispositif de red\u00e9marrage automatique tr\u00e8s pratique et les serpentins sont maintenus exempts de glace gr\u00e2ce \u00e0 la fonction de d\u00e9givrage automatique. Le nettoyage est rendu aussi facile que possible gr\u00e2ce au filtre amovible. L'appareil peut fonctionner en continu gr\u00e2ce \u00e0 son syst\u00e8me de drainage direct et il peut \u00eatre facilement d\u00e9plac\u00e9 d'une pi\u00e8ce \u00e0 l'autre gr\u00e2ce \u00e0 ses roulettes int\u00e9gr\u00e9es.","breadcrumb":[],"inLanguage":"fr-CA","potentialAction":[{"@type":"ReadAction","target":["https:\/\/www.danby.com\/fr\/products\/deshumidificateurs\/adr45a1g\/"]}]},{"@type":"ImageObject","inLanguage":"fr-CA","url":"https:\/\/cdnweb.danby.com\/wp-content\/uploads\/sites\/2\/2022\/02\/09131407\/Medium-ADR30_45A1G2.jpg","contentUrl":"https:\/\/cdnweb.danby.com\/wp-content\/uploads\/sites\/2\/2022\/02\/09131407\/Medium-ADR30_45A1G2.jpg","width":300,"height":272},{"@type":"BreadcrumbList","itemListElement":[{"@type":"ListItem","position":1,"name":"Home","item":"https:\/\/www.danby.com\/fr\/"},{"@type":"ListItem","position":2,"name":"Boutique","item":"https:\/\/www.danby.com\/fr\/boutique\/"},{"@type":"ListItem","position":3,"name":"D\u00e9shumidificateur ArcticAire 45 BTU"}]},{"@type":"WebSite","url":"https:\/\/www.danby.com\/fr\/","name":"Danby - Canada - French","description":"Leader dans le domaine de la r\u00e9frig\u00e9ration et des appareils sp\u00e9cialis\u00e9s","publisher":[],"potentialAction":[{"@type":"SearchAction","target":{"@type":"EntryPoint","urlTemplate":"https:\/\/www.danby.com\/fr\/?s={search_term_string}"},"query-input":{"@type":"PropertyValueSpecification","valueRequired":true,"valueName":"search_term_string"}}],"inLanguage":"fr-CA"},{"@type":"Organization","name":"Danby Appliances","url":"https:\/\/www.danby.com\/fr\/","logo":{"@type":"ImageObject","inLanguage":"fr-CA","url":"https:\/\/cdnweb.danby.com\/wp-content\/uploads\/sites\/2\/2022\/02\/10141906\/Danby75Ans_Blue.png","contentUrl":"https:\/\/cdnweb.danby.com\/wp-content\/uploads\/sites\/2\/2022\/02\/10141906\/Danby75Ans_Blue.png","width":470,"height":110,"caption":"Danby Appliances"},"image":[],"sameAs":["https:\/\/www.facebook.com\/DanbyAppliances","https:\/\/x.com\/DanbyAppliance","https:\/\/instagram.com\/danbyappliances\/","https:\/\/www.linkedin.com\/company\/danbyappliances","https:\/\/www.pinterest.ca\/danbyappliances\/","https:\/\/www.youtube.com\/user\/DanbyProducts","https:\/\/en.wikipedia.org\/wiki\/Danby_(appliances)"]}]}},"post_mailing_queue_ids":[],"_links":{"self":[{"href":"https:\/\/www.danby.com\/fr\/wp-json\/wp\/v2\/product\/4465","targetHints":{"allow":["GET"]}}],"collection":[{"href":"https:\/\/www.danby.com\/fr\/wp-json\/wp\/v2\/product"}],"about":[{"href":"https:\/\/www.danby.com\/fr\/wp-json\/wp\/v2\/types\/product"}],"replies":[{"embeddable":true,"href":"https:\/\/www.danby.com\/fr\/wp-json\/wp\/v2\/comments?post=4465"}],"wp:featuredmedia":[{"embeddable":true,"href":"https:\/\/www.danby.com\/fr\/wp-json\/wp\/v2\/media\/11204"}],"wp:attachment":[{"href":"https:\/\/www.danby.com\/fr\/wp-json\/wp\/v2\/media?parent=4465"}],"wp:term":[{"taxonomy":"product_brand","embeddable":true,"href":"https:\/\/www.danby.com\/fr\/wp-json\/wp\/v2\/product_brand?post=4465"},{"taxonomy":"product_cat","embeddable":true,"href":"https:\/\/www.danby.com\/fr\/wp-json\/wp\/v2\/product_cat?post=4465"},{"taxonomy":"product_tag","embeddable":true,"href":"https:\/\/www.danby.com\/fr\/wp-json\/wp\/v2\/product_tag?post=4465"}],"curies":[{"name":"wp","href":"https:\/\/api.w.org\/{rel}","templated":true}]}}