{"id":4463,"date":"2022-02-03T19:11:16","date_gmt":"2022-02-03T19:11:16","guid":{"rendered":"https:\/\/www.danby.com\/fr\/product\/adr30b1g\/"},"modified":"2026-04-15T10:05:10","modified_gmt":"2026-04-15T10:05:10","slug":"adr30b1g","status":"publish","type":"product","link":"https:\/\/www.danby.com\/fr\/products\/deshumidificateurs\/adr30b1g\/","title":{"rendered":"D\u00e9shumidificateur ArcticAire 30 Pint"},"content":{"rendered":"","protected":false},"excerpt":{"rendered":"<ul>\n<li>D\u00e9shumidificateur d&#8217;une capacit\u00e9 de 30 pintes (14,2 litres) par 24 heures<\/li>\n<li>Pour des surfaces allant jusqu&#8217;\u00e0 1500 pieds carr\u00e9s. sur les serpentins<\/li>\n<li>Le filtre \u00e0 air amovible est facile \u00e0 nettoyer<\/li>\n<li>2 vitesses de ventilation<\/li>\n<li>La fonction de maintien de la temp\u00e9rature permet au syst\u00e8me de continuer \u00e0 fonctionner jusqu&#8217;\u00e0 ce que la temp\u00e9rature atteigne 5\u00baC (41\u00baF)<\/li>\n<li>La fonction de red\u00e9marrage automatique<\/li>\n<li>Le syst\u00e8me de vidange directe permet un fonctionnement continu<\/li>\n<\/ul>\n","protected":false},"featured_media":11196,"comment_status":"closed","ping_status":"open","template":"","meta":{"_acf_changed":false},"product_brand":[],"product_cat":[23],"product_tag":[],"class_list":{"0":"post-4463","1":"product","2":"type-product","3":"status-publish","4":"has-post-thumbnail","6":"product_cat-deshumidificateurs","8":"first","9":"outofstock","10":"taxable","11":"shipping-taxable","12":"product-type-simple"},"acf":[],"yoast_head":"<!-- This site is optimized with the Yoast SEO plugin v26.7 - https:\/\/yoast.com\/wordpress\/plugins\/seo\/ -->\n<title>D\u00e9shumidificateur ArcticAire 30 Pint - ADR30B1G | Danby Canada<\/title>\n<meta name=\"description\" content=\"Vous n&#039;aurez plus jamais \u00e0 vous soucier de l&#039;air humide et vici\u00e9 gr\u00e2ce \u00e0 ce d\u00e9shumidificateur \u00e9lite d&#039;une capacit\u00e9 de 14,2 litres (30 chopines) de Danby. Cet appareil portable conforme \u00e0 la norme Energy Star minimisera les co\u00fbts d&#039;\u00e9lectricit\u00e9 et est id\u00e9al pour les espaces d&#039;une superficie allant jusqu&#039;\u00e0 1 500 pieds carr\u00e9s. Il fonctionne avec le r\u00e9frig\u00e9rant R410A, ce qui le rend tr\u00e8s \u00e9cologique, et le ventilateur silencieux \u00e0 deux vitesses est parfait pour faire circuler l&#039;air. Ce mod\u00e8le attrayant est dot\u00e9 de commandes \u00e9lectroniques faciles \u00e0 utiliser, d&#039;un affichage \u00e0 DEL et d&#039;un dispositif de red\u00e9marrage automatique. L&#039;\u00e9l\u00e9ment \u00e0 basse temp\u00e9rature et les fonctions d&#039;\u00e9vacuation directe de l&#039;appareil lui permettent de fonctionner en continu jusqu&#039;\u00e0 ce que la temp\u00e9rature atteigne 5\u00b0C (41\u00b0F), tandis que le syst\u00e8me intelligent de d\u00e9givrage automatique veille \u00e0 ce que les serpentins restent exempts de glace. Les r\u00e9glages d&#039;humidit\u00e9 peuvent \u00eatre programm\u00e9s sans effort et le filtre \u00e0 air est amovible, ce qui facilite son nettoyage. Ce d\u00e9shumidificateur solide peut facilement \u00eatre d\u00e9plac\u00e9 d&#039;une pi\u00e8ce \u00e0 l&#039;autre gr\u00e2ce \u00e0 ses roulettes int\u00e9gr\u00e9es et il est livr\u00e9 avec une garantie de 24 mois sur les pi\u00e8ces et la main-d&#039;\u0153uvre avec service de transport.\" \/>\n<meta name=\"robots\" content=\"index, follow, max-snippet:-1, max-image-preview:large, max-video-preview:-1\" \/>\n<link rel=\"canonical\" href=\"https:\/\/www.danby.com\/fr\/products\/deshumidificateurs\/adr30b1g\/\" \/>\n<meta property=\"og:locale\" content=\"fr_CA\" \/>\n<meta property=\"og:type\" content=\"article\" \/>\n<meta property=\"og:title\" content=\"D\u00e9shumidificateur ArcticAire 30 Pint - ADR30B1G | Danby Canada\" \/>\n<meta property=\"og:description\" content=\"Vous n&#039;aurez plus jamais \u00e0 vous soucier de l&#039;air humide et vici\u00e9 gr\u00e2ce \u00e0 ce d\u00e9shumidificateur \u00e9lite d&#039;une capacit\u00e9 de 14,2 litres (30 chopines) de Danby. Cet appareil portable conforme \u00e0 la norme Energy Star minimisera les co\u00fbts d&#039;\u00e9lectricit\u00e9 et est id\u00e9al pour les espaces d&#039;une superficie allant jusqu&#039;\u00e0 1 500 pieds carr\u00e9s. Il fonctionne avec le r\u00e9frig\u00e9rant R410A, ce qui le rend tr\u00e8s \u00e9cologique, et le ventilateur silencieux \u00e0 deux vitesses est parfait pour faire circuler l&#039;air. Ce mod\u00e8le attrayant est dot\u00e9 de commandes \u00e9lectroniques faciles \u00e0 utiliser, d&#039;un affichage \u00e0 DEL et d&#039;un dispositif de red\u00e9marrage automatique. L&#039;\u00e9l\u00e9ment \u00e0 basse temp\u00e9rature et les fonctions d&#039;\u00e9vacuation directe de l&#039;appareil lui permettent de fonctionner en continu jusqu&#039;\u00e0 ce que la temp\u00e9rature atteigne 5\u00b0C (41\u00b0F), tandis que le syst\u00e8me intelligent de d\u00e9givrage automatique veille \u00e0 ce que les serpentins restent exempts de glace. Les r\u00e9glages d&#039;humidit\u00e9 peuvent \u00eatre programm\u00e9s sans effort et le filtre \u00e0 air est amovible, ce qui facilite son nettoyage. Ce d\u00e9shumidificateur solide peut facilement \u00eatre d\u00e9plac\u00e9 d&#039;une pi\u00e8ce \u00e0 l&#039;autre gr\u00e2ce \u00e0 ses roulettes int\u00e9gr\u00e9es et il est livr\u00e9 avec une garantie de 24 mois sur les pi\u00e8ces et la main-d&#039;\u0153uvre avec service de transport.\" \/>\n<meta property=\"og:url\" content=\"https:\/\/www.danby.com\/fr\/products\/deshumidificateurs\/adr30b1g\/\" \/>\n<meta property=\"og:site_name\" content=\"Danby - Canada - French\" \/>\n<meta property=\"article:publisher\" content=\"https:\/\/www.facebook.com\/DanbyAppliances\" \/>\n<meta property=\"article:modified_time\" content=\"2026-04-15T10:05:10+00:00\" \/>\n<meta property=\"og:image\" content=\"https:\/\/cdnweb.danby.com\/wp-content\/uploads\/sites\/2\/2022\/02\/09131348\/Medium-MDR30_45B1G3.jpg\" \/>\n\t<meta property=\"og:image:width\" content=\"300\" \/>\n\t<meta property=\"og:image:height\" content=\"272\" \/>\n\t<meta property=\"og:image:type\" content=\"image\/jpeg\" \/>\n<meta name=\"twitter:card\" content=\"summary_large_image\" \/>\n<meta name=\"twitter:site\" content=\"@DanbyAppliance\" \/>\n<script type=\"application\/ld+json\" class=\"yoast-schema-graph\">{\"@context\":\"https:\/\/schema.org\",\"@graph\":[{\"@type\":[\"WebPage\",\"ItemPage\"],\"url\":\"https:\/\/www.danby.com\/fr\/products\/deshumidificateurs\/adr30b1g\/\",\"name\":\"D\u00e9shumidificateur ArcticAire 30 Pint - ADR30B1G | Danby Canada\",\"isPartOf\":[],\"primaryImageOfPage\":[],\"image\":[],\"thumbnailUrl\":\"https:\/\/cdnweb.danby.com\/wp-content\/uploads\/sites\/2\/2022\/02\/09131348\/Medium-MDR30_45B1G3.jpg\",\"datePublished\":\"2022-02-03T19:11:16+00:00\",\"dateModified\":\"2026-04-15T10:05:10+00:00\",\"description\":\"Vous n'aurez plus jamais \u00e0 vous soucier de l'air humide et vici\u00e9 gr\u00e2ce \u00e0 ce d\u00e9shumidificateur \u00e9lite d'une capacit\u00e9 de 14,2 litres (30 chopines) de Danby. Cet appareil portable conforme \u00e0 la norme Energy Star minimisera les co\u00fbts d'\u00e9lectricit\u00e9 et est id\u00e9al pour les espaces d'une superficie allant jusqu'\u00e0 1 500 pieds carr\u00e9s. Il fonctionne avec le r\u00e9frig\u00e9rant R410A, ce qui le rend tr\u00e8s \u00e9cologique, et le ventilateur silencieux \u00e0 deux vitesses est parfait pour faire circuler l'air. Ce mod\u00e8le attrayant est dot\u00e9 de commandes \u00e9lectroniques faciles \u00e0 utiliser, d'un affichage \u00e0 DEL et d'un dispositif de red\u00e9marrage automatique. L'\u00e9l\u00e9ment \u00e0 basse temp\u00e9rature et les fonctions d'\u00e9vacuation directe de l'appareil lui permettent de fonctionner en continu jusqu'\u00e0 ce que la temp\u00e9rature atteigne 5\u00b0C (41\u00b0F), tandis que le syst\u00e8me intelligent de d\u00e9givrage automatique veille \u00e0 ce que les serpentins restent exempts de glace. Les r\u00e9glages d'humidit\u00e9 peuvent \u00eatre programm\u00e9s sans effort et le filtre \u00e0 air est amovible, ce qui facilite son nettoyage. Ce d\u00e9shumidificateur solide peut facilement \u00eatre d\u00e9plac\u00e9 d'une pi\u00e8ce \u00e0 l'autre gr\u00e2ce \u00e0 ses roulettes int\u00e9gr\u00e9es et il est livr\u00e9 avec une garantie de 24 mois sur les pi\u00e8ces et la main-d'\u0153uvre avec service de transport.\",\"breadcrumb\":[],\"inLanguage\":\"fr-CA\",\"potentialAction\":[{\"@type\":\"ReadAction\",\"target\":[\"https:\/\/www.danby.com\/fr\/products\/deshumidificateurs\/adr30b1g\/\"]}]},{\"@type\":\"ImageObject\",\"inLanguage\":\"fr-CA\",\"url\":\"https:\/\/cdnweb.danby.com\/wp-content\/uploads\/sites\/2\/2022\/02\/09131348\/Medium-MDR30_45B1G3.jpg\",\"contentUrl\":\"https:\/\/cdnweb.danby.com\/wp-content\/uploads\/sites\/2\/2022\/02\/09131348\/Medium-MDR30_45B1G3.jpg\",\"width\":300,\"height\":272},{\"@type\":\"BreadcrumbList\",\"itemListElement\":[{\"@type\":\"ListItem\",\"position\":1,\"name\":\"Home\",\"item\":\"https:\/\/www.danby.com\/fr\/\"},{\"@type\":\"ListItem\",\"position\":2,\"name\":\"Boutique\",\"item\":\"https:\/\/www.danby.com\/fr\/boutique\/\"},{\"@type\":\"ListItem\",\"position\":3,\"name\":\"D\u00e9shumidificateur ArcticAire 30 Pint\"}]},{\"@type\":\"WebSite\",\"url\":\"https:\/\/www.danby.com\/fr\/\",\"name\":\"Danby - Canada - French\",\"description\":\"Leader dans le domaine de la r\u00e9frig\u00e9ration et des appareils sp\u00e9cialis\u00e9s\",\"publisher\":[],\"potentialAction\":[{\"@type\":\"SearchAction\",\"target\":{\"@type\":\"EntryPoint\",\"urlTemplate\":\"https:\/\/www.danby.com\/fr\/?s={search_term_string}\"},\"query-input\":{\"@type\":\"PropertyValueSpecification\",\"valueRequired\":true,\"valueName\":\"search_term_string\"}}],\"inLanguage\":\"fr-CA\"},{\"@type\":\"Organization\",\"name\":\"Danby Appliances\",\"url\":\"https:\/\/www.danby.com\/fr\/\",\"logo\":{\"@type\":\"ImageObject\",\"inLanguage\":\"fr-CA\",\"url\":\"https:\/\/cdnweb.danby.com\/wp-content\/uploads\/sites\/2\/2022\/02\/10141906\/Danby75Ans_Blue.png\",\"contentUrl\":\"https:\/\/cdnweb.danby.com\/wp-content\/uploads\/sites\/2\/2022\/02\/10141906\/Danby75Ans_Blue.png\",\"width\":470,\"height\":110,\"caption\":\"Danby Appliances\"},\"image\":[],\"sameAs\":[\"https:\/\/www.facebook.com\/DanbyAppliances\",\"https:\/\/x.com\/DanbyAppliance\",\"https:\/\/instagram.com\/danbyappliances\/\",\"https:\/\/www.linkedin.com\/company\/danbyappliances\",\"https:\/\/www.pinterest.ca\/danbyappliances\/\",\"https:\/\/www.youtube.com\/user\/DanbyProducts\",\"https:\/\/en.wikipedia.org\/wiki\/Danby_(appliances)\"]}]}<\/script>\n<!-- \/ Yoast SEO plugin. -->","yoast_head_json":{"title":"D\u00e9shumidificateur ArcticAire 30 Pint - ADR30B1G | Danby Canada","description":"Vous n'aurez plus jamais \u00e0 vous soucier de l'air humide et vici\u00e9 gr\u00e2ce \u00e0 ce d\u00e9shumidificateur \u00e9lite d'une capacit\u00e9 de 14,2 litres (30 chopines) de Danby. Cet appareil portable conforme \u00e0 la norme Energy Star minimisera les co\u00fbts d'\u00e9lectricit\u00e9 et est id\u00e9al pour les espaces d'une superficie allant jusqu'\u00e0 1 500 pieds carr\u00e9s. Il fonctionne avec le r\u00e9frig\u00e9rant R410A, ce qui le rend tr\u00e8s \u00e9cologique, et le ventilateur silencieux \u00e0 deux vitesses est parfait pour faire circuler l'air. Ce mod\u00e8le attrayant est dot\u00e9 de commandes \u00e9lectroniques faciles \u00e0 utiliser, d'un affichage \u00e0 DEL et d'un dispositif de red\u00e9marrage automatique. L'\u00e9l\u00e9ment \u00e0 basse temp\u00e9rature et les fonctions d'\u00e9vacuation directe de l'appareil lui permettent de fonctionner en continu jusqu'\u00e0 ce que la temp\u00e9rature atteigne 5\u00b0C (41\u00b0F), tandis que le syst\u00e8me intelligent de d\u00e9givrage automatique veille \u00e0 ce que les serpentins restent exempts de glace. Les r\u00e9glages d'humidit\u00e9 peuvent \u00eatre programm\u00e9s sans effort et le filtre \u00e0 air est amovible, ce qui facilite son nettoyage. Ce d\u00e9shumidificateur solide peut facilement \u00eatre d\u00e9plac\u00e9 d'une pi\u00e8ce \u00e0 l'autre gr\u00e2ce \u00e0 ses roulettes int\u00e9gr\u00e9es et il est livr\u00e9 avec une garantie de 24 mois sur les pi\u00e8ces et la main-d'\u0153uvre avec service de transport.","robots":{"index":"index","follow":"follow","max-snippet":"max-snippet:-1","max-image-preview":"max-image-preview:large","max-video-preview":"max-video-preview:-1"},"canonical":"https:\/\/www.danby.com\/fr\/products\/deshumidificateurs\/adr30b1g\/","og_locale":"fr_CA","og_type":"article","og_title":"D\u00e9shumidificateur ArcticAire 30 Pint - ADR30B1G | Danby Canada","og_description":"Vous n'aurez plus jamais \u00e0 vous soucier de l'air humide et vici\u00e9 gr\u00e2ce \u00e0 ce d\u00e9shumidificateur \u00e9lite d'une capacit\u00e9 de 14,2 litres (30 chopines) de Danby. Cet appareil portable conforme \u00e0 la norme Energy Star minimisera les co\u00fbts d'\u00e9lectricit\u00e9 et est id\u00e9al pour les espaces d'une superficie allant jusqu'\u00e0 1 500 pieds carr\u00e9s. Il fonctionne avec le r\u00e9frig\u00e9rant R410A, ce qui le rend tr\u00e8s \u00e9cologique, et le ventilateur silencieux \u00e0 deux vitesses est parfait pour faire circuler l'air. Ce mod\u00e8le attrayant est dot\u00e9 de commandes \u00e9lectroniques faciles \u00e0 utiliser, d'un affichage \u00e0 DEL et d'un dispositif de red\u00e9marrage automatique. L'\u00e9l\u00e9ment \u00e0 basse temp\u00e9rature et les fonctions d'\u00e9vacuation directe de l'appareil lui permettent de fonctionner en continu jusqu'\u00e0 ce que la temp\u00e9rature atteigne 5\u00b0C (41\u00b0F), tandis que le syst\u00e8me intelligent de d\u00e9givrage automatique veille \u00e0 ce que les serpentins restent exempts de glace. Les r\u00e9glages d'humidit\u00e9 peuvent \u00eatre programm\u00e9s sans effort et le filtre \u00e0 air est amovible, ce qui facilite son nettoyage. Ce d\u00e9shumidificateur solide peut facilement \u00eatre d\u00e9plac\u00e9 d'une pi\u00e8ce \u00e0 l'autre gr\u00e2ce \u00e0 ses roulettes int\u00e9gr\u00e9es et il est livr\u00e9 avec une garantie de 24 mois sur les pi\u00e8ces et la main-d'\u0153uvre avec service de transport.","og_url":"https:\/\/www.danby.com\/fr\/products\/deshumidificateurs\/adr30b1g\/","og_site_name":"Danby - Canada - French","article_publisher":"https:\/\/www.facebook.com\/DanbyAppliances","article_modified_time":"2026-04-15T10:05:10+00:00","og_image":[{"width":300,"height":272,"url":"https:\/\/cdnweb.danby.com\/wp-content\/uploads\/sites\/2\/2022\/02\/09131348\/Medium-MDR30_45B1G3.jpg","type":"image\/jpeg"}],"twitter_card":"summary_large_image","twitter_site":"@DanbyAppliance","schema":{"@context":"https:\/\/schema.org","@graph":[{"@type":["WebPage","ItemPage"],"url":"https:\/\/www.danby.com\/fr\/products\/deshumidificateurs\/adr30b1g\/","name":"D\u00e9shumidificateur ArcticAire 30 Pint - ADR30B1G | Danby Canada","isPartOf":[],"primaryImageOfPage":[],"image":[],"thumbnailUrl":"https:\/\/cdnweb.danby.com\/wp-content\/uploads\/sites\/2\/2022\/02\/09131348\/Medium-MDR30_45B1G3.jpg","datePublished":"2022-02-03T19:11:16+00:00","dateModified":"2026-04-15T10:05:10+00:00","description":"Vous n'aurez plus jamais \u00e0 vous soucier de l'air humide et vici\u00e9 gr\u00e2ce \u00e0 ce d\u00e9shumidificateur \u00e9lite d'une capacit\u00e9 de 14,2 litres (30 chopines) de Danby. Cet appareil portable conforme \u00e0 la norme Energy Star minimisera les co\u00fbts d'\u00e9lectricit\u00e9 et est id\u00e9al pour les espaces d'une superficie allant jusqu'\u00e0 1 500 pieds carr\u00e9s. Il fonctionne avec le r\u00e9frig\u00e9rant R410A, ce qui le rend tr\u00e8s \u00e9cologique, et le ventilateur silencieux \u00e0 deux vitesses est parfait pour faire circuler l'air. Ce mod\u00e8le attrayant est dot\u00e9 de commandes \u00e9lectroniques faciles \u00e0 utiliser, d'un affichage \u00e0 DEL et d'un dispositif de red\u00e9marrage automatique. L'\u00e9l\u00e9ment \u00e0 basse temp\u00e9rature et les fonctions d'\u00e9vacuation directe de l'appareil lui permettent de fonctionner en continu jusqu'\u00e0 ce que la temp\u00e9rature atteigne 5\u00b0C (41\u00b0F), tandis que le syst\u00e8me intelligent de d\u00e9givrage automatique veille \u00e0 ce que les serpentins restent exempts de glace. Les r\u00e9glages d'humidit\u00e9 peuvent \u00eatre programm\u00e9s sans effort et le filtre \u00e0 air est amovible, ce qui facilite son nettoyage. Ce d\u00e9shumidificateur solide peut facilement \u00eatre d\u00e9plac\u00e9 d'une pi\u00e8ce \u00e0 l'autre gr\u00e2ce \u00e0 ses roulettes int\u00e9gr\u00e9es et il est livr\u00e9 avec une garantie de 24 mois sur les pi\u00e8ces et la main-d'\u0153uvre avec service de transport.","breadcrumb":[],"inLanguage":"fr-CA","potentialAction":[{"@type":"ReadAction","target":["https:\/\/www.danby.com\/fr\/products\/deshumidificateurs\/adr30b1g\/"]}]},{"@type":"ImageObject","inLanguage":"fr-CA","url":"https:\/\/cdnweb.danby.com\/wp-content\/uploads\/sites\/2\/2022\/02\/09131348\/Medium-MDR30_45B1G3.jpg","contentUrl":"https:\/\/cdnweb.danby.com\/wp-content\/uploads\/sites\/2\/2022\/02\/09131348\/Medium-MDR30_45B1G3.jpg","width":300,"height":272},{"@type":"BreadcrumbList","itemListElement":[{"@type":"ListItem","position":1,"name":"Home","item":"https:\/\/www.danby.com\/fr\/"},{"@type":"ListItem","position":2,"name":"Boutique","item":"https:\/\/www.danby.com\/fr\/boutique\/"},{"@type":"ListItem","position":3,"name":"D\u00e9shumidificateur ArcticAire 30 Pint"}]},{"@type":"WebSite","url":"https:\/\/www.danby.com\/fr\/","name":"Danby - Canada - French","description":"Leader dans le domaine de la r\u00e9frig\u00e9ration et des appareils sp\u00e9cialis\u00e9s","publisher":[],"potentialAction":[{"@type":"SearchAction","target":{"@type":"EntryPoint","urlTemplate":"https:\/\/www.danby.com\/fr\/?s={search_term_string}"},"query-input":{"@type":"PropertyValueSpecification","valueRequired":true,"valueName":"search_term_string"}}],"inLanguage":"fr-CA"},{"@type":"Organization","name":"Danby Appliances","url":"https:\/\/www.danby.com\/fr\/","logo":{"@type":"ImageObject","inLanguage":"fr-CA","url":"https:\/\/cdnweb.danby.com\/wp-content\/uploads\/sites\/2\/2022\/02\/10141906\/Danby75Ans_Blue.png","contentUrl":"https:\/\/cdnweb.danby.com\/wp-content\/uploads\/sites\/2\/2022\/02\/10141906\/Danby75Ans_Blue.png","width":470,"height":110,"caption":"Danby Appliances"},"image":[],"sameAs":["https:\/\/www.facebook.com\/DanbyAppliances","https:\/\/x.com\/DanbyAppliance","https:\/\/instagram.com\/danbyappliances\/","https:\/\/www.linkedin.com\/company\/danbyappliances","https:\/\/www.pinterest.ca\/danbyappliances\/","https:\/\/www.youtube.com\/user\/DanbyProducts","https:\/\/en.wikipedia.org\/wiki\/Danby_(appliances)"]}]}},"post_mailing_queue_ids":[],"_links":{"self":[{"href":"https:\/\/www.danby.com\/fr\/wp-json\/wp\/v2\/product\/4463","targetHints":{"allow":["GET"]}}],"collection":[{"href":"https:\/\/www.danby.com\/fr\/wp-json\/wp\/v2\/product"}],"about":[{"href":"https:\/\/www.danby.com\/fr\/wp-json\/wp\/v2\/types\/product"}],"replies":[{"embeddable":true,"href":"https:\/\/www.danby.com\/fr\/wp-json\/wp\/v2\/comments?post=4463"}],"wp:featuredmedia":[{"embeddable":true,"href":"https:\/\/www.danby.com\/fr\/wp-json\/wp\/v2\/media\/11196"}],"wp:attachment":[{"href":"https:\/\/www.danby.com\/fr\/wp-json\/wp\/v2\/media?parent=4463"}],"wp:term":[{"taxonomy":"product_brand","embeddable":true,"href":"https:\/\/www.danby.com\/fr\/wp-json\/wp\/v2\/product_brand?post=4463"},{"taxonomy":"product_cat","embeddable":true,"href":"https:\/\/www.danby.com\/fr\/wp-json\/wp\/v2\/product_cat?post=4463"},{"taxonomy":"product_tag","embeddable":true,"href":"https:\/\/www.danby.com\/fr\/wp-json\/wp\/v2\/product_tag?post=4463"}],"curies":[{"name":"wp","href":"https:\/\/api.w.org\/{rel}","templated":true}]}}