{"id":4461,"date":"2022-02-03T19:11:16","date_gmt":"2022-02-03T19:11:16","guid":{"rendered":"https:\/\/www.danby.com\/fr\/product\/aac080eb2g\/"},"modified":"2026-04-29T10:21:16","modified_gmt":"2026-04-29T10:21:16","slug":"aac080eb2g","status":"publish","type":"product","link":"https:\/\/www.danby.com\/fr\/products\/climatiseurs-de-fenetre\/aac080eb2g\/","title":{"rendered":"Climatiseur de fen\u00eatre ArcticAire 8 000 BTU"},"content":{"rendered":"","protected":false},"excerpt":{"rendered":"<ul>\n<li>Le climatiseur de 8 000 BTU refroidit environ 350 pi2<\/li>\n<li>Compatible avec Energy Star\u00ae<\/li>\n<li>Cote d&#8217;efficacit\u00e9 \u00e9nerg\u00e9tique (EER) de 11.3<\/li>\n<li>Frigorig\u00e8ne R410A respectueux de l&#8217;environnement<\/li>\n<li>Commandes \u00e9lectroniques avec t\u00e9l\u00e9commande et affichage LED<\/li>\n<li>Direction de l&#8217;air \u00e0 4 voies<\/li>\n<li>Commande \u00e9lectronique variable de la temp\u00e9rature 17\u00b0C &#8211; 30\u00b0C (62,6\u00b0F &#8211; 86\u00b0F)<\/li>\n<li>Switch d&#8217;\u00e9conomie d&#8217;\u00e9nergie : Active et d\u00e9sactive le ventilateur apr\u00e8s l&#8217;arr\u00eat du compresseur<\/li>\n<li>Mode sommeil : Emp\u00eache la pi\u00e8ce de devenir trop froide la nuit<\/li>\n<li>Mise en marche\/arr\u00eat automatique : Faites en sorte que l&#8217;unit\u00e9 se mette en marche ou s&#8217;arr\u00eate en fonction de votre emploi du temps<\/li>\n<li>Le kit d&#8217;installation de fen\u00eatre extensible s&#8217;adapte aux fen\u00eatres de 23 po \u00e0 36 po de largeur<\/li>\n<li>Hauteur minimale de fen\u00eatre requise : 14 po. (35,6 cm)<\/li>\n<\/ul>\n","protected":false},"featured_media":11189,"comment_status":"closed","ping_status":"open","template":"","meta":{"_acf_changed":false},"product_brand":[],"product_cat":[40],"product_tag":[],"class_list":{"0":"post-4461","1":"product","2":"type-product","3":"status-publish","4":"has-post-thumbnail","6":"product_cat-climatiseurs-de-fenetre","8":"first","9":"outofstock","10":"taxable","11":"shipping-taxable","12":"product-type-simple"},"acf":[],"yoast_head":"<!-- This site is optimized with the Yoast SEO plugin v27.5 - https:\/\/yoast.com\/product\/yoast-seo-wordpress\/ -->\n<title>Climatiseur de fen\u00eatre ArcticAire 8 000 BTU - AAC080EB2G | Danby Canada<\/title>\n<meta name=\"description\" content=\"Il n&#039;y a aucune raison de souffrir de la chaleur et de l&#039;humidit\u00e9 \u00e9touffantes de l&#039;\u00e9t\u00e9 avec cet \u00e9l\u00e9gant climatiseur portable de 8 000 BTU. Ce mod\u00e8le puissant est capable de refroidir des espaces allant jusqu&#039;\u00e0 350 pieds carr\u00e9s, ce qui le rend tr\u00e8s attrayant pour les grandes pi\u00e8ces et les bureaux et pour ceux qui vivent dans des appartements ou des condominiums. Ce climatiseur conforme \u00e0 la norme Energy Star peut aider \u00e0 r\u00e9duire les factures d&#039;\u00e9lectricit\u00e9 gr\u00e2ce \u00e0 son taux d&#039;efficacit\u00e9 \u00e9nerg\u00e9tique (EER) de 11,3 et il utilise \u00e9galement le r\u00e9frig\u00e9rant \u00e9cologique R410A qui n&#039;appauvrit pas la couche d&#039;ozone. Ce mod\u00e8le intelligent est dot\u00e9 d&#039;un syst\u00e8me de direction de l&#039;air \u00e0 quatre voies et d&#039;une fonction moderne de mode sommeil qui vous permet de rester confortable la nuit. Il y a \u00e9galement un interrupteur d&#039;\u00e9conomie d&#039;\u00e9nergie pour activer et d\u00e9sactiver le ventilateur lorsque le compresseur s&#039;arr\u00eate. La temp\u00e9rature peut \u00eatre facilement et rapidement programm\u00e9e entre 17\u00b0C et 30\u00b0C (63\u00b0F \u00e0 86\u00b0F) en r\u00e9glant la t\u00e9l\u00e9commande ou les commandes \u00e9lectroniques variables \u00e0 affichage LED. Le dispositif intelligent de mise en marche et d&#039;arr\u00eat automatique vous permet de programmer l&#039;appareil en fonction de votre emploi du temps. De plus, une garantie de 24 mois sur les pi\u00e8ces et la main-d&#039;\u0153uvre rend ce mod\u00e8le encore plus attrayant.\" \/>\n<meta name=\"robots\" content=\"index, follow, max-snippet:-1, max-image-preview:large, max-video-preview:-1\" \/>\n<link rel=\"canonical\" href=\"https:\/\/www.danby.com\/fr\/products\/climatiseurs-de-fenetre\/aac080eb2g\/\" \/>\n<meta property=\"og:locale\" content=\"fr_CA\" \/>\n<meta property=\"og:type\" content=\"article\" \/>\n<meta property=\"og:title\" content=\"Climatiseur de fen\u00eatre ArcticAire 8 000 BTU - AAC080EB2G | Danby Canada\" \/>\n<meta property=\"og:description\" content=\"Il n&#039;y a aucune raison de souffrir de la chaleur et de l&#039;humidit\u00e9 \u00e9touffantes de l&#039;\u00e9t\u00e9 avec cet \u00e9l\u00e9gant climatiseur portable de 8 000 BTU. Ce mod\u00e8le puissant est capable de refroidir des espaces allant jusqu&#039;\u00e0 350 pieds carr\u00e9s, ce qui le rend tr\u00e8s attrayant pour les grandes pi\u00e8ces et les bureaux et pour ceux qui vivent dans des appartements ou des condominiums. Ce climatiseur conforme \u00e0 la norme Energy Star peut aider \u00e0 r\u00e9duire les factures d&#039;\u00e9lectricit\u00e9 gr\u00e2ce \u00e0 son taux d&#039;efficacit\u00e9 \u00e9nerg\u00e9tique (EER) de 11,3 et il utilise \u00e9galement le r\u00e9frig\u00e9rant \u00e9cologique R410A qui n&#039;appauvrit pas la couche d&#039;ozone. Ce mod\u00e8le intelligent est dot\u00e9 d&#039;un syst\u00e8me de direction de l&#039;air \u00e0 quatre voies et d&#039;une fonction moderne de mode sommeil qui vous permet de rester confortable la nuit. Il y a \u00e9galement un interrupteur d&#039;\u00e9conomie d&#039;\u00e9nergie pour activer et d\u00e9sactiver le ventilateur lorsque le compresseur s&#039;arr\u00eate. La temp\u00e9rature peut \u00eatre facilement et rapidement programm\u00e9e entre 17\u00b0C et 30\u00b0C (63\u00b0F \u00e0 86\u00b0F) en r\u00e9glant la t\u00e9l\u00e9commande ou les commandes \u00e9lectroniques variables \u00e0 affichage LED. Le dispositif intelligent de mise en marche et d&#039;arr\u00eat automatique vous permet de programmer l&#039;appareil en fonction de votre emploi du temps. De plus, une garantie de 24 mois sur les pi\u00e8ces et la main-d&#039;\u0153uvre rend ce mod\u00e8le encore plus attrayant.\" \/>\n<meta property=\"og:url\" content=\"https:\/\/www.danby.com\/fr\/products\/climatiseurs-de-fenetre\/aac080eb2g\/\" \/>\n<meta property=\"og:site_name\" content=\"Danby - Canada - French\" \/>\n<meta property=\"article:publisher\" content=\"https:\/\/www.facebook.com\/DanbyAppliances\" \/>\n<meta property=\"article:modified_time\" content=\"2026-04-29T10:21:16+00:00\" \/>\n<meta property=\"og:image\" content=\"https:\/\/cdnweb.danby.com\/wp-content\/uploads\/sites\/2\/2022\/02\/09131330\/Medium-AAC080EB2G.jpg\" \/>\n\t<meta property=\"og:image:width\" content=\"300\" \/>\n\t<meta property=\"og:image:height\" content=\"272\" \/>\n\t<meta property=\"og:image:type\" content=\"image\/jpeg\" \/>\n<meta name=\"twitter:card\" content=\"summary_large_image\" \/>\n<meta name=\"twitter:site\" content=\"@DanbyAppliance\" \/>\n<script type=\"application\/ld+json\" class=\"yoast-schema-graph\">{\"@context\":\"https:\\\/\\\/schema.org\",\"@graph\":[{\"@type\":[\"WebPage\",\"ItemPage\"],\"url\":\"https:\\\/\\\/www.danby.com\\\/fr\\\/products\\\/climatiseurs-de-fenetre\\\/aac080eb2g\\\/\",\"name\":\"Climatiseur de fen\u00eatre ArcticAire 8 000 BTU - AAC080EB2G | Danby Canada\",\"isPartOf\":[],\"primaryImageOfPage\":[],\"image\":[],\"thumbnailUrl\":\"https:\\\/\\\/cdnweb.danby.com\\\/wp-content\\\/uploads\\\/sites\\\/2\\\/2022\\\/02\\\/09131330\\\/Medium-AAC080EB2G.jpg\",\"datePublished\":\"2022-02-03T19:11:16+00:00\",\"dateModified\":\"2026-04-29T10:21:16+00:00\",\"description\":\"Il n'y a aucune raison de souffrir de la chaleur et de l'humidit\u00e9 \u00e9touffantes de l'\u00e9t\u00e9 avec cet \u00e9l\u00e9gant climatiseur portable de 8 000 BTU. Ce mod\u00e8le puissant est capable de refroidir des espaces allant jusqu'\u00e0 350 pieds carr\u00e9s, ce qui le rend tr\u00e8s attrayant pour les grandes pi\u00e8ces et les bureaux et pour ceux qui vivent dans des appartements ou des condominiums. Ce climatiseur conforme \u00e0 la norme Energy Star peut aider \u00e0 r\u00e9duire les factures d'\u00e9lectricit\u00e9 gr\u00e2ce \u00e0 son taux d'efficacit\u00e9 \u00e9nerg\u00e9tique (EER) de 11,3 et il utilise \u00e9galement le r\u00e9frig\u00e9rant \u00e9cologique R410A qui n'appauvrit pas la couche d'ozone. Ce mod\u00e8le intelligent est dot\u00e9 d'un syst\u00e8me de direction de l'air \u00e0 quatre voies et d'une fonction moderne de mode sommeil qui vous permet de rester confortable la nuit. Il y a \u00e9galement un interrupteur d'\u00e9conomie d'\u00e9nergie pour activer et d\u00e9sactiver le ventilateur lorsque le compresseur s'arr\u00eate. La temp\u00e9rature peut \u00eatre facilement et rapidement programm\u00e9e entre 17\u00b0C et 30\u00b0C (63\u00b0F \u00e0 86\u00b0F) en r\u00e9glant la t\u00e9l\u00e9commande ou les commandes \u00e9lectroniques variables \u00e0 affichage LED. Le dispositif intelligent de mise en marche et d'arr\u00eat automatique vous permet de programmer l'appareil en fonction de votre emploi du temps. De plus, une garantie de 24 mois sur les pi\u00e8ces et la main-d'\u0153uvre rend ce mod\u00e8le encore plus attrayant.\",\"breadcrumb\":[],\"inLanguage\":\"fr-CA\",\"potentialAction\":[{\"@type\":\"ReadAction\",\"target\":[\"https:\\\/\\\/www.danby.com\\\/fr\\\/products\\\/climatiseurs-de-fenetre\\\/aac080eb2g\\\/\"]}]},{\"@type\":\"ImageObject\",\"inLanguage\":\"fr-CA\",\"url\":\"https:\\\/\\\/cdnweb.danby.com\\\/wp-content\\\/uploads\\\/sites\\\/2\\\/2022\\\/02\\\/09131330\\\/Medium-AAC080EB2G.jpg\",\"contentUrl\":\"https:\\\/\\\/cdnweb.danby.com\\\/wp-content\\\/uploads\\\/sites\\\/2\\\/2022\\\/02\\\/09131330\\\/Medium-AAC080EB2G.jpg\",\"width\":300,\"height\":272},{\"@type\":\"BreadcrumbList\",\"itemListElement\":[{\"@type\":\"ListItem\",\"position\":1,\"name\":\"Home\",\"item\":\"https:\\\/\\\/www.danby.com\\\/fr\\\/\"},{\"@type\":\"ListItem\",\"position\":2,\"name\":\"Boutique\",\"item\":\"https:\\\/\\\/www.danby.com\\\/fr\\\/boutique\\\/\"},{\"@type\":\"ListItem\",\"position\":3,\"name\":\"Climatiseur de fen\u00eatre ArcticAire 8 000 BTU\"}]},{\"@type\":\"WebSite\",\"url\":\"https:\\\/\\\/www.danby.com\\\/fr\\\/\",\"name\":\"Danby - Canada - French\",\"description\":\"Leader dans le domaine de la r\u00e9frig\u00e9ration et des appareils sp\u00e9cialis\u00e9s\",\"publisher\":[],\"potentialAction\":[{\"@type\":\"SearchAction\",\"target\":{\"@type\":\"EntryPoint\",\"urlTemplate\":\"https:\\\/\\\/www.danby.com\\\/fr\\\/?s={search_term_string}\"},\"query-input\":{\"@type\":\"PropertyValueSpecification\",\"valueRequired\":true,\"valueName\":\"search_term_string\"}}],\"inLanguage\":\"fr-CA\"},{\"@type\":\"Organization\",\"name\":\"Danby Appliances\",\"url\":\"https:\\\/\\\/www.danby.com\\\/fr\\\/\",\"logo\":{\"@type\":\"ImageObject\",\"inLanguage\":\"fr-CA\",\"url\":\"https:\\\/\\\/cdnweb.danby.com\\\/wp-content\\\/uploads\\\/sites\\\/2\\\/2022\\\/02\\\/10141906\\\/Danby75Ans_Blue.png\",\"contentUrl\":\"https:\\\/\\\/cdnweb.danby.com\\\/wp-content\\\/uploads\\\/sites\\\/2\\\/2022\\\/02\\\/10141906\\\/Danby75Ans_Blue.png\",\"width\":470,\"height\":110,\"caption\":\"Danby Appliances\"},\"image\":[],\"sameAs\":[\"https:\\\/\\\/www.facebook.com\\\/DanbyAppliances\",\"https:\\\/\\\/x.com\\\/DanbyAppliance\",\"https:\\\/\\\/instagram.com\\\/danbyappliances\\\/\",\"https:\\\/\\\/www.linkedin.com\\\/company\\\/danbyappliances\",\"https:\\\/\\\/www.pinterest.ca\\\/danbyappliances\\\/\",\"https:\\\/\\\/www.youtube.com\\\/user\\\/DanbyProducts\",\"https:\\\/\\\/en.wikipedia.org\\\/wiki\\\/Danby_(appliances)\"]}]}<\/script>\n<!-- \/ Yoast SEO plugin. -->","yoast_head_json":{"title":"Climatiseur de fen\u00eatre ArcticAire 8 000 BTU - AAC080EB2G | Danby Canada","description":"Il n'y a aucune raison de souffrir de la chaleur et de l'humidit\u00e9 \u00e9touffantes de l'\u00e9t\u00e9 avec cet \u00e9l\u00e9gant climatiseur portable de 8 000 BTU. Ce mod\u00e8le puissant est capable de refroidir des espaces allant jusqu'\u00e0 350 pieds carr\u00e9s, ce qui le rend tr\u00e8s attrayant pour les grandes pi\u00e8ces et les bureaux et pour ceux qui vivent dans des appartements ou des condominiums. Ce climatiseur conforme \u00e0 la norme Energy Star peut aider \u00e0 r\u00e9duire les factures d'\u00e9lectricit\u00e9 gr\u00e2ce \u00e0 son taux d'efficacit\u00e9 \u00e9nerg\u00e9tique (EER) de 11,3 et il utilise \u00e9galement le r\u00e9frig\u00e9rant \u00e9cologique R410A qui n'appauvrit pas la couche d'ozone. Ce mod\u00e8le intelligent est dot\u00e9 d'un syst\u00e8me de direction de l'air \u00e0 quatre voies et d'une fonction moderne de mode sommeil qui vous permet de rester confortable la nuit. Il y a \u00e9galement un interrupteur d'\u00e9conomie d'\u00e9nergie pour activer et d\u00e9sactiver le ventilateur lorsque le compresseur s'arr\u00eate. La temp\u00e9rature peut \u00eatre facilement et rapidement programm\u00e9e entre 17\u00b0C et 30\u00b0C (63\u00b0F \u00e0 86\u00b0F) en r\u00e9glant la t\u00e9l\u00e9commande ou les commandes \u00e9lectroniques variables \u00e0 affichage LED. Le dispositif intelligent de mise en marche et d'arr\u00eat automatique vous permet de programmer l'appareil en fonction de votre emploi du temps. De plus, une garantie de 24 mois sur les pi\u00e8ces et la main-d'\u0153uvre rend ce mod\u00e8le encore plus attrayant.","robots":{"index":"index","follow":"follow","max-snippet":"max-snippet:-1","max-image-preview":"max-image-preview:large","max-video-preview":"max-video-preview:-1"},"canonical":"https:\/\/www.danby.com\/fr\/products\/climatiseurs-de-fenetre\/aac080eb2g\/","og_locale":"fr_CA","og_type":"article","og_title":"Climatiseur de fen\u00eatre ArcticAire 8 000 BTU - AAC080EB2G | Danby Canada","og_description":"Il n'y a aucune raison de souffrir de la chaleur et de l'humidit\u00e9 \u00e9touffantes de l'\u00e9t\u00e9 avec cet \u00e9l\u00e9gant climatiseur portable de 8 000 BTU. Ce mod\u00e8le puissant est capable de refroidir des espaces allant jusqu'\u00e0 350 pieds carr\u00e9s, ce qui le rend tr\u00e8s attrayant pour les grandes pi\u00e8ces et les bureaux et pour ceux qui vivent dans des appartements ou des condominiums. Ce climatiseur conforme \u00e0 la norme Energy Star peut aider \u00e0 r\u00e9duire les factures d'\u00e9lectricit\u00e9 gr\u00e2ce \u00e0 son taux d'efficacit\u00e9 \u00e9nerg\u00e9tique (EER) de 11,3 et il utilise \u00e9galement le r\u00e9frig\u00e9rant \u00e9cologique R410A qui n'appauvrit pas la couche d'ozone. Ce mod\u00e8le intelligent est dot\u00e9 d'un syst\u00e8me de direction de l'air \u00e0 quatre voies et d'une fonction moderne de mode sommeil qui vous permet de rester confortable la nuit. Il y a \u00e9galement un interrupteur d'\u00e9conomie d'\u00e9nergie pour activer et d\u00e9sactiver le ventilateur lorsque le compresseur s'arr\u00eate. La temp\u00e9rature peut \u00eatre facilement et rapidement programm\u00e9e entre 17\u00b0C et 30\u00b0C (63\u00b0F \u00e0 86\u00b0F) en r\u00e9glant la t\u00e9l\u00e9commande ou les commandes \u00e9lectroniques variables \u00e0 affichage LED. Le dispositif intelligent de mise en marche et d'arr\u00eat automatique vous permet de programmer l'appareil en fonction de votre emploi du temps. De plus, une garantie de 24 mois sur les pi\u00e8ces et la main-d'\u0153uvre rend ce mod\u00e8le encore plus attrayant.","og_url":"https:\/\/www.danby.com\/fr\/products\/climatiseurs-de-fenetre\/aac080eb2g\/","og_site_name":"Danby - Canada - French","article_publisher":"https:\/\/www.facebook.com\/DanbyAppliances","article_modified_time":"2026-04-29T10:21:16+00:00","og_image":[{"width":300,"height":272,"url":"https:\/\/cdnweb.danby.com\/wp-content\/uploads\/sites\/2\/2022\/02\/09131330\/Medium-AAC080EB2G.jpg","type":"image\/jpeg"}],"twitter_card":"summary_large_image","twitter_site":"@DanbyAppliance","schema":{"@context":"https:\/\/schema.org","@graph":[{"@type":["WebPage","ItemPage"],"url":"https:\/\/www.danby.com\/fr\/products\/climatiseurs-de-fenetre\/aac080eb2g\/","name":"Climatiseur de fen\u00eatre ArcticAire 8 000 BTU - AAC080EB2G | Danby Canada","isPartOf":[],"primaryImageOfPage":[],"image":[],"thumbnailUrl":"https:\/\/cdnweb.danby.com\/wp-content\/uploads\/sites\/2\/2022\/02\/09131330\/Medium-AAC080EB2G.jpg","datePublished":"2022-02-03T19:11:16+00:00","dateModified":"2026-04-29T10:21:16+00:00","description":"Il n'y a aucune raison de souffrir de la chaleur et de l'humidit\u00e9 \u00e9touffantes de l'\u00e9t\u00e9 avec cet \u00e9l\u00e9gant climatiseur portable de 8 000 BTU. Ce mod\u00e8le puissant est capable de refroidir des espaces allant jusqu'\u00e0 350 pieds carr\u00e9s, ce qui le rend tr\u00e8s attrayant pour les grandes pi\u00e8ces et les bureaux et pour ceux qui vivent dans des appartements ou des condominiums. Ce climatiseur conforme \u00e0 la norme Energy Star peut aider \u00e0 r\u00e9duire les factures d'\u00e9lectricit\u00e9 gr\u00e2ce \u00e0 son taux d'efficacit\u00e9 \u00e9nerg\u00e9tique (EER) de 11,3 et il utilise \u00e9galement le r\u00e9frig\u00e9rant \u00e9cologique R410A qui n'appauvrit pas la couche d'ozone. Ce mod\u00e8le intelligent est dot\u00e9 d'un syst\u00e8me de direction de l'air \u00e0 quatre voies et d'une fonction moderne de mode sommeil qui vous permet de rester confortable la nuit. Il y a \u00e9galement un interrupteur d'\u00e9conomie d'\u00e9nergie pour activer et d\u00e9sactiver le ventilateur lorsque le compresseur s'arr\u00eate. La temp\u00e9rature peut \u00eatre facilement et rapidement programm\u00e9e entre 17\u00b0C et 30\u00b0C (63\u00b0F \u00e0 86\u00b0F) en r\u00e9glant la t\u00e9l\u00e9commande ou les commandes \u00e9lectroniques variables \u00e0 affichage LED. Le dispositif intelligent de mise en marche et d'arr\u00eat automatique vous permet de programmer l'appareil en fonction de votre emploi du temps. De plus, une garantie de 24 mois sur les pi\u00e8ces et la main-d'\u0153uvre rend ce mod\u00e8le encore plus attrayant.","breadcrumb":[],"inLanguage":"fr-CA","potentialAction":[{"@type":"ReadAction","target":["https:\/\/www.danby.com\/fr\/products\/climatiseurs-de-fenetre\/aac080eb2g\/"]}]},{"@type":"ImageObject","inLanguage":"fr-CA","url":"https:\/\/cdnweb.danby.com\/wp-content\/uploads\/sites\/2\/2022\/02\/09131330\/Medium-AAC080EB2G.jpg","contentUrl":"https:\/\/cdnweb.danby.com\/wp-content\/uploads\/sites\/2\/2022\/02\/09131330\/Medium-AAC080EB2G.jpg","width":300,"height":272},{"@type":"BreadcrumbList","itemListElement":[{"@type":"ListItem","position":1,"name":"Home","item":"https:\/\/www.danby.com\/fr\/"},{"@type":"ListItem","position":2,"name":"Boutique","item":"https:\/\/www.danby.com\/fr\/boutique\/"},{"@type":"ListItem","position":3,"name":"Climatiseur de fen\u00eatre ArcticAire 8 000 BTU"}]},{"@type":"WebSite","url":"https:\/\/www.danby.com\/fr\/","name":"Danby - Canada - French","description":"Leader dans le domaine de la r\u00e9frig\u00e9ration et des appareils sp\u00e9cialis\u00e9s","publisher":[],"potentialAction":[{"@type":"SearchAction","target":{"@type":"EntryPoint","urlTemplate":"https:\/\/www.danby.com\/fr\/?s={search_term_string}"},"query-input":{"@type":"PropertyValueSpecification","valueRequired":true,"valueName":"search_term_string"}}],"inLanguage":"fr-CA"},{"@type":"Organization","name":"Danby Appliances","url":"https:\/\/www.danby.com\/fr\/","logo":{"@type":"ImageObject","inLanguage":"fr-CA","url":"https:\/\/cdnweb.danby.com\/wp-content\/uploads\/sites\/2\/2022\/02\/10141906\/Danby75Ans_Blue.png","contentUrl":"https:\/\/cdnweb.danby.com\/wp-content\/uploads\/sites\/2\/2022\/02\/10141906\/Danby75Ans_Blue.png","width":470,"height":110,"caption":"Danby Appliances"},"image":[],"sameAs":["https:\/\/www.facebook.com\/DanbyAppliances","https:\/\/x.com\/DanbyAppliance","https:\/\/instagram.com\/danbyappliances\/","https:\/\/www.linkedin.com\/company\/danbyappliances","https:\/\/www.pinterest.ca\/danbyappliances\/","https:\/\/www.youtube.com\/user\/DanbyProducts","https:\/\/en.wikipedia.org\/wiki\/Danby_(appliances)"]}]}},"post_mailing_queue_ids":[],"_links":{"self":[{"href":"https:\/\/www.danby.com\/fr\/wp-json\/wp\/v2\/product\/4461","targetHints":{"allow":["GET"]}}],"collection":[{"href":"https:\/\/www.danby.com\/fr\/wp-json\/wp\/v2\/product"}],"about":[{"href":"https:\/\/www.danby.com\/fr\/wp-json\/wp\/v2\/types\/product"}],"replies":[{"embeddable":true,"href":"https:\/\/www.danby.com\/fr\/wp-json\/wp\/v2\/comments?post=4461"}],"wp:featuredmedia":[{"embeddable":true,"href":"https:\/\/www.danby.com\/fr\/wp-json\/wp\/v2\/media\/11189"}],"wp:attachment":[{"href":"https:\/\/www.danby.com\/fr\/wp-json\/wp\/v2\/media?parent=4461"}],"wp:term":[{"taxonomy":"product_brand","embeddable":true,"href":"https:\/\/www.danby.com\/fr\/wp-json\/wp\/v2\/product_brand?post=4461"},{"taxonomy":"product_cat","embeddable":true,"href":"https:\/\/www.danby.com\/fr\/wp-json\/wp\/v2\/product_cat?post=4461"},{"taxonomy":"product_tag","embeddable":true,"href":"https:\/\/www.danby.com\/fr\/wp-json\/wp\/v2\/product_tag?post=4461"}],"curies":[{"name":"wp","href":"https:\/\/api.w.org\/{rel}","templated":true}]}}