{"id":4460,"date":"2022-02-03T19:11:16","date_gmt":"2022-02-03T19:11:16","guid":{"rendered":"https:\/\/www.danby.com\/fr\/product\/aac080eb1g\/"},"modified":"2026-05-01T10:06:13","modified_gmt":"2026-05-01T10:06:13","slug":"aac080eb1g","status":"publish","type":"product","link":"https:\/\/www.danby.com\/fr\/products\/climatiseurs-de-fenetre\/aac080eb1g\/","title":{"rendered":"Climatiseur de fen\u00eatre ArcticAire 8 000 BTU"},"content":{"rendered":"","protected":false},"excerpt":{"rendered":"<ul>\n<li>Le climatiseur de 8 000 BTU refroidit environ 350 pi2<\/li>\n<li>Compatible avec Energy Star\u00ae<\/li>\n<li>Cote d&#8217;efficacit\u00e9 \u00e9nerg\u00e9tique (EER) de 10.8<\/li>\n<li>Frigorig\u00e8ne R410A respectueux de l&#8217;environnement<\/li>\n<li>Commandes \u00e9lectroniques avec t\u00e9l\u00e9commande et affichage LED<\/li>\n<li>Direction de l&#8217;air \u00e0 4 voies<\/li>\n<li>Commande \u00e9lectronique variable de la temp\u00e9rature 17\u00b0C &#8211; 30\u00b0C (63\u00b0F &#8211; 86\u00b0F)<\/li>\n<li>Switch d&#8217;\u00e9conomie d&#8217;\u00e9nergie : Allume et \u00e9teint cycliquement le ventilateur apr\u00e8s l&#8217;arr\u00eat du compresseur<\/li>\n<li>Mode sommeil : Emp\u00eache la pi\u00e8ce de devenir trop froide la nuit<\/li>\n<li>Mise en marche\/arr\u00eat automatique : Faites en sorte que l&#8217;unit\u00e9 se mette en marche ou s&#8217;arr\u00eate en fonction de votre horaire<\/li>\n<li>Le kit d&#8217;installation de fen\u00eatre extensible s&#8217;adapte aux fen\u00eatres de 23 4\/16 po \u00e0 36 4\/16 po de largeur<\/li>\n<li>Hauteur minimale de fen\u00eatre requise : 14 in. (35,6 cm)<\/li>\n<\/ul>\n","protected":false},"featured_media":11187,"comment_status":"closed","ping_status":"open","template":"","meta":{"_acf_changed":false},"product_brand":[],"product_cat":[40],"product_tag":[],"class_list":{"0":"post-4460","1":"product","2":"type-product","3":"status-publish","4":"has-post-thumbnail","6":"product_cat-climatiseurs-de-fenetre","8":"first","9":"outofstock","10":"taxable","11":"shipping-taxable","12":"product-type-simple"},"acf":[],"yoast_head":"<!-- This site is optimized with the Yoast SEO plugin v27.5 - https:\/\/yoast.com\/product\/yoast-seo-wordpress\/ -->\n<title>Climatiseur de fen\u00eatre ArcticAire 8 000 BTU - AAC080EB1G | Danby Canada<\/title>\n<meta name=\"description\" content=\"Lorsque la chaleur de l&#039;\u00e9t\u00e9 devient insupportable, vous serez heureux de savoir que vous pouvez utiliser cet attrayant climatiseur de fen\u00eatre ArcticeAire 8 000 BTU pour rester au frais et confortable. Cet appareil est capable de refroidir des espaces allant jusqu&#039;\u00e0 350 pieds carr\u00e9s, ce qui le rend tr\u00e8s int\u00e9ressant pour les appartements, les condominiums et les grandes pi\u00e8ces. Ce mod\u00e8le conforme \u00e0 la norme Energy Star est dot\u00e9 d&#039;un syst\u00e8me de direction de l&#039;air \u00e0 quatre voies et d&#039;un taux d&#039;efficacit\u00e9 \u00e9nerg\u00e9tique impressionnant de 10,8, ce qui permet d&#039;\u00e9conomiser de l&#039;\u00e9nergie. Il y a \u00e9galement un interrupteur d&#039;\u00e9conomie d&#039;\u00e9nergie qui peut activer et d\u00e9sactiver le ventilateur lorsque le compresseur s&#039;est arr\u00eat\u00e9. Vous pouvez facilement r\u00e9gler la temp\u00e9rature entre 17\u00b0C et 30\u00b0C (63\u00b0F et 86\u00b0F) en programmant les commandes \u00e9lectroniques \u00e0 affichage LED ou la t\u00e9l\u00e9commande pratique. Le climatiseur dispose \u00e9galement d&#039;un mode veille intelligent et d&#039;un r\u00e9glage automatique de la mise en marche et de l&#039;arr\u00eat.\" \/>\n<meta name=\"robots\" content=\"index, follow, max-snippet:-1, max-image-preview:large, max-video-preview:-1\" \/>\n<link rel=\"canonical\" href=\"https:\/\/www.danby.com\/fr\/products\/climatiseurs-de-fenetre\/aac080eb1g\/\" \/>\n<meta property=\"og:locale\" content=\"fr_CA\" \/>\n<meta property=\"og:type\" content=\"article\" \/>\n<meta property=\"og:title\" content=\"Climatiseur de fen\u00eatre ArcticAire 8 000 BTU - AAC080EB1G | Danby Canada\" \/>\n<meta property=\"og:description\" content=\"Lorsque la chaleur de l&#039;\u00e9t\u00e9 devient insupportable, vous serez heureux de savoir que vous pouvez utiliser cet attrayant climatiseur de fen\u00eatre ArcticeAire 8 000 BTU pour rester au frais et confortable. Cet appareil est capable de refroidir des espaces allant jusqu&#039;\u00e0 350 pieds carr\u00e9s, ce qui le rend tr\u00e8s int\u00e9ressant pour les appartements, les condominiums et les grandes pi\u00e8ces. Ce mod\u00e8le conforme \u00e0 la norme Energy Star est dot\u00e9 d&#039;un syst\u00e8me de direction de l&#039;air \u00e0 quatre voies et d&#039;un taux d&#039;efficacit\u00e9 \u00e9nerg\u00e9tique impressionnant de 10,8, ce qui permet d&#039;\u00e9conomiser de l&#039;\u00e9nergie. Il y a \u00e9galement un interrupteur d&#039;\u00e9conomie d&#039;\u00e9nergie qui peut activer et d\u00e9sactiver le ventilateur lorsque le compresseur s&#039;est arr\u00eat\u00e9. Vous pouvez facilement r\u00e9gler la temp\u00e9rature entre 17\u00b0C et 30\u00b0C (63\u00b0F et 86\u00b0F) en programmant les commandes \u00e9lectroniques \u00e0 affichage LED ou la t\u00e9l\u00e9commande pratique. Le climatiseur dispose \u00e9galement d&#039;un mode veille intelligent et d&#039;un r\u00e9glage automatique de la mise en marche et de l&#039;arr\u00eat.\" \/>\n<meta property=\"og:url\" content=\"https:\/\/www.danby.com\/fr\/products\/climatiseurs-de-fenetre\/aac080eb1g\/\" \/>\n<meta property=\"og:site_name\" content=\"Danby - Canada - French\" \/>\n<meta property=\"article:publisher\" content=\"https:\/\/www.facebook.com\/DanbyAppliances\" \/>\n<meta property=\"article:modified_time\" content=\"2026-05-01T10:06:13+00:00\" \/>\n<meta property=\"og:image\" content=\"https:\/\/cdnweb.danby.com\/wp-content\/uploads\/sites\/2\/2022\/02\/09131325\/proMed-AAC080EB1G.jpg\" \/>\n\t<meta property=\"og:image:width\" content=\"300\" \/>\n\t<meta property=\"og:image:height\" content=\"272\" \/>\n\t<meta property=\"og:image:type\" content=\"image\/jpeg\" \/>\n<meta name=\"twitter:card\" content=\"summary_large_image\" \/>\n<meta name=\"twitter:site\" content=\"@DanbyAppliance\" \/>\n<script type=\"application\/ld+json\" class=\"yoast-schema-graph\">{\"@context\":\"https:\\\/\\\/schema.org\",\"@graph\":[{\"@type\":[\"WebPage\",\"ItemPage\"],\"url\":\"https:\\\/\\\/www.danby.com\\\/fr\\\/products\\\/climatiseurs-de-fenetre\\\/aac080eb1g\\\/\",\"name\":\"Climatiseur de fen\u00eatre ArcticAire 8 000 BTU - AAC080EB1G | Danby Canada\",\"isPartOf\":[],\"primaryImageOfPage\":[],\"image\":[],\"thumbnailUrl\":\"https:\\\/\\\/cdnweb.danby.com\\\/wp-content\\\/uploads\\\/sites\\\/2\\\/2022\\\/02\\\/09131325\\\/proMed-AAC080EB1G.jpg\",\"datePublished\":\"2022-02-03T19:11:16+00:00\",\"dateModified\":\"2026-05-01T10:06:13+00:00\",\"description\":\"Lorsque la chaleur de l'\u00e9t\u00e9 devient insupportable, vous serez heureux de savoir que vous pouvez utiliser cet attrayant climatiseur de fen\u00eatre ArcticeAire 8 000 BTU pour rester au frais et confortable. Cet appareil est capable de refroidir des espaces allant jusqu'\u00e0 350 pieds carr\u00e9s, ce qui le rend tr\u00e8s int\u00e9ressant pour les appartements, les condominiums et les grandes pi\u00e8ces. Ce mod\u00e8le conforme \u00e0 la norme Energy Star est dot\u00e9 d'un syst\u00e8me de direction de l'air \u00e0 quatre voies et d'un taux d'efficacit\u00e9 \u00e9nerg\u00e9tique impressionnant de 10,8, ce qui permet d'\u00e9conomiser de l'\u00e9nergie. Il y a \u00e9galement un interrupteur d'\u00e9conomie d'\u00e9nergie qui peut activer et d\u00e9sactiver le ventilateur lorsque le compresseur s'est arr\u00eat\u00e9. Vous pouvez facilement r\u00e9gler la temp\u00e9rature entre 17\u00b0C et 30\u00b0C (63\u00b0F et 86\u00b0F) en programmant les commandes \u00e9lectroniques \u00e0 affichage LED ou la t\u00e9l\u00e9commande pratique. Le climatiseur dispose \u00e9galement d'un mode veille intelligent et d'un r\u00e9glage automatique de la mise en marche et de l'arr\u00eat.\",\"breadcrumb\":[],\"inLanguage\":\"fr-CA\",\"potentialAction\":[{\"@type\":\"ReadAction\",\"target\":[\"https:\\\/\\\/www.danby.com\\\/fr\\\/products\\\/climatiseurs-de-fenetre\\\/aac080eb1g\\\/\"]}]},{\"@type\":\"ImageObject\",\"inLanguage\":\"fr-CA\",\"url\":\"https:\\\/\\\/cdnweb.danby.com\\\/wp-content\\\/uploads\\\/sites\\\/2\\\/2022\\\/02\\\/09131325\\\/proMed-AAC080EB1G.jpg\",\"contentUrl\":\"https:\\\/\\\/cdnweb.danby.com\\\/wp-content\\\/uploads\\\/sites\\\/2\\\/2022\\\/02\\\/09131325\\\/proMed-AAC080EB1G.jpg\",\"width\":300,\"height\":272},{\"@type\":\"BreadcrumbList\",\"itemListElement\":[{\"@type\":\"ListItem\",\"position\":1,\"name\":\"Home\",\"item\":\"https:\\\/\\\/www.danby.com\\\/fr\\\/\"},{\"@type\":\"ListItem\",\"position\":2,\"name\":\"Boutique\",\"item\":\"https:\\\/\\\/www.danby.com\\\/fr\\\/boutique\\\/\"},{\"@type\":\"ListItem\",\"position\":3,\"name\":\"Climatiseur de fen\u00eatre ArcticAire 8 000 BTU\"}]},{\"@type\":\"WebSite\",\"url\":\"https:\\\/\\\/www.danby.com\\\/fr\\\/\",\"name\":\"Danby - Canada - French\",\"description\":\"Leader dans le domaine de la r\u00e9frig\u00e9ration et des appareils sp\u00e9cialis\u00e9s\",\"publisher\":[],\"potentialAction\":[{\"@type\":\"SearchAction\",\"target\":{\"@type\":\"EntryPoint\",\"urlTemplate\":\"https:\\\/\\\/www.danby.com\\\/fr\\\/?s={search_term_string}\"},\"query-input\":{\"@type\":\"PropertyValueSpecification\",\"valueRequired\":true,\"valueName\":\"search_term_string\"}}],\"inLanguage\":\"fr-CA\"},{\"@type\":\"Organization\",\"name\":\"Danby Appliances\",\"url\":\"https:\\\/\\\/www.danby.com\\\/fr\\\/\",\"logo\":{\"@type\":\"ImageObject\",\"inLanguage\":\"fr-CA\",\"url\":\"https:\\\/\\\/cdnweb.danby.com\\\/wp-content\\\/uploads\\\/sites\\\/2\\\/2022\\\/02\\\/10141906\\\/Danby75Ans_Blue.png\",\"contentUrl\":\"https:\\\/\\\/cdnweb.danby.com\\\/wp-content\\\/uploads\\\/sites\\\/2\\\/2022\\\/02\\\/10141906\\\/Danby75Ans_Blue.png\",\"width\":470,\"height\":110,\"caption\":\"Danby Appliances\"},\"image\":[],\"sameAs\":[\"https:\\\/\\\/www.facebook.com\\\/DanbyAppliances\",\"https:\\\/\\\/x.com\\\/DanbyAppliance\",\"https:\\\/\\\/instagram.com\\\/danbyappliances\\\/\",\"https:\\\/\\\/www.linkedin.com\\\/company\\\/danbyappliances\",\"https:\\\/\\\/www.pinterest.ca\\\/danbyappliances\\\/\",\"https:\\\/\\\/www.youtube.com\\\/user\\\/DanbyProducts\",\"https:\\\/\\\/en.wikipedia.org\\\/wiki\\\/Danby_(appliances)\"]}]}<\/script>\n<!-- \/ Yoast SEO plugin. -->","yoast_head_json":{"title":"Climatiseur de fen\u00eatre ArcticAire 8 000 BTU - AAC080EB1G | Danby Canada","description":"Lorsque la chaleur de l'\u00e9t\u00e9 devient insupportable, vous serez heureux de savoir que vous pouvez utiliser cet attrayant climatiseur de fen\u00eatre ArcticeAire 8 000 BTU pour rester au frais et confortable. Cet appareil est capable de refroidir des espaces allant jusqu'\u00e0 350 pieds carr\u00e9s, ce qui le rend tr\u00e8s int\u00e9ressant pour les appartements, les condominiums et les grandes pi\u00e8ces. Ce mod\u00e8le conforme \u00e0 la norme Energy Star est dot\u00e9 d'un syst\u00e8me de direction de l'air \u00e0 quatre voies et d'un taux d'efficacit\u00e9 \u00e9nerg\u00e9tique impressionnant de 10,8, ce qui permet d'\u00e9conomiser de l'\u00e9nergie. Il y a \u00e9galement un interrupteur d'\u00e9conomie d'\u00e9nergie qui peut activer et d\u00e9sactiver le ventilateur lorsque le compresseur s'est arr\u00eat\u00e9. Vous pouvez facilement r\u00e9gler la temp\u00e9rature entre 17\u00b0C et 30\u00b0C (63\u00b0F et 86\u00b0F) en programmant les commandes \u00e9lectroniques \u00e0 affichage LED ou la t\u00e9l\u00e9commande pratique. Le climatiseur dispose \u00e9galement d'un mode veille intelligent et d'un r\u00e9glage automatique de la mise en marche et de l'arr\u00eat.","robots":{"index":"index","follow":"follow","max-snippet":"max-snippet:-1","max-image-preview":"max-image-preview:large","max-video-preview":"max-video-preview:-1"},"canonical":"https:\/\/www.danby.com\/fr\/products\/climatiseurs-de-fenetre\/aac080eb1g\/","og_locale":"fr_CA","og_type":"article","og_title":"Climatiseur de fen\u00eatre ArcticAire 8 000 BTU - AAC080EB1G | Danby Canada","og_description":"Lorsque la chaleur de l'\u00e9t\u00e9 devient insupportable, vous serez heureux de savoir que vous pouvez utiliser cet attrayant climatiseur de fen\u00eatre ArcticeAire 8 000 BTU pour rester au frais et confortable. Cet appareil est capable de refroidir des espaces allant jusqu'\u00e0 350 pieds carr\u00e9s, ce qui le rend tr\u00e8s int\u00e9ressant pour les appartements, les condominiums et les grandes pi\u00e8ces. Ce mod\u00e8le conforme \u00e0 la norme Energy Star est dot\u00e9 d'un syst\u00e8me de direction de l'air \u00e0 quatre voies et d'un taux d'efficacit\u00e9 \u00e9nerg\u00e9tique impressionnant de 10,8, ce qui permet d'\u00e9conomiser de l'\u00e9nergie. Il y a \u00e9galement un interrupteur d'\u00e9conomie d'\u00e9nergie qui peut activer et d\u00e9sactiver le ventilateur lorsque le compresseur s'est arr\u00eat\u00e9. Vous pouvez facilement r\u00e9gler la temp\u00e9rature entre 17\u00b0C et 30\u00b0C (63\u00b0F et 86\u00b0F) en programmant les commandes \u00e9lectroniques \u00e0 affichage LED ou la t\u00e9l\u00e9commande pratique. Le climatiseur dispose \u00e9galement d'un mode veille intelligent et d'un r\u00e9glage automatique de la mise en marche et de l'arr\u00eat.","og_url":"https:\/\/www.danby.com\/fr\/products\/climatiseurs-de-fenetre\/aac080eb1g\/","og_site_name":"Danby - Canada - French","article_publisher":"https:\/\/www.facebook.com\/DanbyAppliances","article_modified_time":"2026-05-01T10:06:13+00:00","og_image":[{"width":300,"height":272,"url":"https:\/\/cdnweb.danby.com\/wp-content\/uploads\/sites\/2\/2022\/02\/09131325\/proMed-AAC080EB1G.jpg","type":"image\/jpeg"}],"twitter_card":"summary_large_image","twitter_site":"@DanbyAppliance","schema":{"@context":"https:\/\/schema.org","@graph":[{"@type":["WebPage","ItemPage"],"url":"https:\/\/www.danby.com\/fr\/products\/climatiseurs-de-fenetre\/aac080eb1g\/","name":"Climatiseur de fen\u00eatre ArcticAire 8 000 BTU - AAC080EB1G | Danby Canada","isPartOf":[],"primaryImageOfPage":[],"image":[],"thumbnailUrl":"https:\/\/cdnweb.danby.com\/wp-content\/uploads\/sites\/2\/2022\/02\/09131325\/proMed-AAC080EB1G.jpg","datePublished":"2022-02-03T19:11:16+00:00","dateModified":"2026-05-01T10:06:13+00:00","description":"Lorsque la chaleur de l'\u00e9t\u00e9 devient insupportable, vous serez heureux de savoir que vous pouvez utiliser cet attrayant climatiseur de fen\u00eatre ArcticeAire 8 000 BTU pour rester au frais et confortable. Cet appareil est capable de refroidir des espaces allant jusqu'\u00e0 350 pieds carr\u00e9s, ce qui le rend tr\u00e8s int\u00e9ressant pour les appartements, les condominiums et les grandes pi\u00e8ces. Ce mod\u00e8le conforme \u00e0 la norme Energy Star est dot\u00e9 d'un syst\u00e8me de direction de l'air \u00e0 quatre voies et d'un taux d'efficacit\u00e9 \u00e9nerg\u00e9tique impressionnant de 10,8, ce qui permet d'\u00e9conomiser de l'\u00e9nergie. Il y a \u00e9galement un interrupteur d'\u00e9conomie d'\u00e9nergie qui peut activer et d\u00e9sactiver le ventilateur lorsque le compresseur s'est arr\u00eat\u00e9. Vous pouvez facilement r\u00e9gler la temp\u00e9rature entre 17\u00b0C et 30\u00b0C (63\u00b0F et 86\u00b0F) en programmant les commandes \u00e9lectroniques \u00e0 affichage LED ou la t\u00e9l\u00e9commande pratique. Le climatiseur dispose \u00e9galement d'un mode veille intelligent et d'un r\u00e9glage automatique de la mise en marche et de l'arr\u00eat.","breadcrumb":[],"inLanguage":"fr-CA","potentialAction":[{"@type":"ReadAction","target":["https:\/\/www.danby.com\/fr\/products\/climatiseurs-de-fenetre\/aac080eb1g\/"]}]},{"@type":"ImageObject","inLanguage":"fr-CA","url":"https:\/\/cdnweb.danby.com\/wp-content\/uploads\/sites\/2\/2022\/02\/09131325\/proMed-AAC080EB1G.jpg","contentUrl":"https:\/\/cdnweb.danby.com\/wp-content\/uploads\/sites\/2\/2022\/02\/09131325\/proMed-AAC080EB1G.jpg","width":300,"height":272},{"@type":"BreadcrumbList","itemListElement":[{"@type":"ListItem","position":1,"name":"Home","item":"https:\/\/www.danby.com\/fr\/"},{"@type":"ListItem","position":2,"name":"Boutique","item":"https:\/\/www.danby.com\/fr\/boutique\/"},{"@type":"ListItem","position":3,"name":"Climatiseur de fen\u00eatre ArcticAire 8 000 BTU"}]},{"@type":"WebSite","url":"https:\/\/www.danby.com\/fr\/","name":"Danby - Canada - French","description":"Leader dans le domaine de la r\u00e9frig\u00e9ration et des appareils sp\u00e9cialis\u00e9s","publisher":[],"potentialAction":[{"@type":"SearchAction","target":{"@type":"EntryPoint","urlTemplate":"https:\/\/www.danby.com\/fr\/?s={search_term_string}"},"query-input":{"@type":"PropertyValueSpecification","valueRequired":true,"valueName":"search_term_string"}}],"inLanguage":"fr-CA"},{"@type":"Organization","name":"Danby Appliances","url":"https:\/\/www.danby.com\/fr\/","logo":{"@type":"ImageObject","inLanguage":"fr-CA","url":"https:\/\/cdnweb.danby.com\/wp-content\/uploads\/sites\/2\/2022\/02\/10141906\/Danby75Ans_Blue.png","contentUrl":"https:\/\/cdnweb.danby.com\/wp-content\/uploads\/sites\/2\/2022\/02\/10141906\/Danby75Ans_Blue.png","width":470,"height":110,"caption":"Danby Appliances"},"image":[],"sameAs":["https:\/\/www.facebook.com\/DanbyAppliances","https:\/\/x.com\/DanbyAppliance","https:\/\/instagram.com\/danbyappliances\/","https:\/\/www.linkedin.com\/company\/danbyappliances","https:\/\/www.pinterest.ca\/danbyappliances\/","https:\/\/www.youtube.com\/user\/DanbyProducts","https:\/\/en.wikipedia.org\/wiki\/Danby_(appliances)"]}]}},"post_mailing_queue_ids":[],"_links":{"self":[{"href":"https:\/\/www.danby.com\/fr\/wp-json\/wp\/v2\/product\/4460","targetHints":{"allow":["GET"]}}],"collection":[{"href":"https:\/\/www.danby.com\/fr\/wp-json\/wp\/v2\/product"}],"about":[{"href":"https:\/\/www.danby.com\/fr\/wp-json\/wp\/v2\/types\/product"}],"replies":[{"embeddable":true,"href":"https:\/\/www.danby.com\/fr\/wp-json\/wp\/v2\/comments?post=4460"}],"wp:featuredmedia":[{"embeddable":true,"href":"https:\/\/www.danby.com\/fr\/wp-json\/wp\/v2\/media\/11187"}],"wp:attachment":[{"href":"https:\/\/www.danby.com\/fr\/wp-json\/wp\/v2\/media?parent=4460"}],"wp:term":[{"taxonomy":"product_brand","embeddable":true,"href":"https:\/\/www.danby.com\/fr\/wp-json\/wp\/v2\/product_brand?post=4460"},{"taxonomy":"product_cat","embeddable":true,"href":"https:\/\/www.danby.com\/fr\/wp-json\/wp\/v2\/product_cat?post=4460"},{"taxonomy":"product_tag","embeddable":true,"href":"https:\/\/www.danby.com\/fr\/wp-json\/wp\/v2\/product_tag?post=4460"}],"curies":[{"name":"wp","href":"https:\/\/api.w.org\/{rel}","templated":true}]}}