{"id":4458,"date":"2022-02-03T19:11:16","date_gmt":"2022-02-03T19:11:16","guid":{"rendered":"https:\/\/www.danby.com\/fr\/product\/aac050mb1g\/"},"modified":"2026-04-12T10:03:52","modified_gmt":"2026-04-12T10:03:52","slug":"aac050mb1g","status":"publish","type":"product","link":"https:\/\/www.danby.com\/fr\/products\/climatiseurs-de-fenetre\/aac050mb1g\/","title":{"rendered":"Climatiseur de fen\u00eatre ArcticAire 5,000 BTU"},"content":{"rendered":"","protected":false},"excerpt":{"rendered":"<ul>\n<li>Climatiseur de 5000 BTU refroidit environ 150 pi2<\/li>\n<li>R\u00e9frig\u00e9rant R410A respectueux de l&#8217;environnement<\/li>\n<li>Direction de l&#8217;air dans les deux sens<\/li>\n<li>Commande de temp\u00e9rature variable de 17\u00baC &#8211; 30\u00baC (62.6\u00baF &#8211; 86\u00baF)<\/li>\n<li>Vitesse de ventilateur double (haute &#8211; basse)<\/li>\n<li>Commandes m\u00e9caniques<\/li>\n<li>Le kit d&#8217;installation de fen\u00eatre extensible s&#8217;adapte aux fen\u00eatres de 23 4\/16&#8243;- 36 4\/16&#8243; de large<\/li>\n<li>Hauteur de fen\u00eatre minimale requise : 13 in. (33,0 cm)<\/li>\n<\/ul>\n","protected":false},"featured_media":11181,"comment_status":"closed","ping_status":"open","template":"","meta":{"_acf_changed":false},"product_brand":[],"product_cat":[40],"product_tag":[],"class_list":{"0":"post-4458","1":"product","2":"type-product","3":"status-publish","4":"has-post-thumbnail","6":"product_cat-climatiseurs-de-fenetre","8":"first","9":"outofstock","10":"taxable","11":"shipping-taxable","12":"product-type-simple"},"acf":[],"yoast_head":"<!-- This site is optimized with the Yoast SEO plugin v26.7 - https:\/\/yoast.com\/wordpress\/plugins\/seo\/ -->\n<title>Climatiseur de fen\u00eatre ArcticAire 5,000 BTU - AAC050MB1G | Danby Canada<\/title>\n<meta name=\"description\" content=\"Vous ne maudirez plus jamais la chaleur et l&#039;humidit\u00e9 de l&#039;\u00e9t\u00e9 avec ce climatiseur de fen\u00eatre ArcticAire d&#039;une capacit\u00e9 de 5 000 BTU install\u00e9 dans votre chambre, votre appartement ou votre condo. Cet appareil \u00e9l\u00e9gant et \u00e9cologique peut facilement refroidir une surface d&#039;environ 150 pieds carr\u00e9s en un rien de temps. Il est dot\u00e9 de deux vitesses de ventilation, d&#039;une direction de l&#039;air bidirectionnelle et d&#039;une commande \u00e9lectronique de temp\u00e9rature variable facile \u00e0 utiliser qui vous permet de r\u00e9gler l&#039;unit\u00e9 de fen\u00eatre entre 17\u00baC et 30\u00baC (63\u00b0F - 89\u00b0F).&quot;\" \/>\n<meta name=\"robots\" content=\"index, follow, max-snippet:-1, max-image-preview:large, max-video-preview:-1\" \/>\n<link rel=\"canonical\" href=\"https:\/\/www.danby.com\/fr\/products\/climatiseurs-de-fenetre\/aac050mb1g\/\" \/>\n<meta property=\"og:locale\" content=\"fr_CA\" \/>\n<meta property=\"og:type\" content=\"article\" \/>\n<meta property=\"og:title\" content=\"Climatiseur de fen\u00eatre ArcticAire 5,000 BTU - AAC050MB1G | Danby Canada\" \/>\n<meta property=\"og:description\" content=\"Vous ne maudirez plus jamais la chaleur et l&#039;humidit\u00e9 de l&#039;\u00e9t\u00e9 avec ce climatiseur de fen\u00eatre ArcticAire d&#039;une capacit\u00e9 de 5 000 BTU install\u00e9 dans votre chambre, votre appartement ou votre condo. Cet appareil \u00e9l\u00e9gant et \u00e9cologique peut facilement refroidir une surface d&#039;environ 150 pieds carr\u00e9s en un rien de temps. Il est dot\u00e9 de deux vitesses de ventilation, d&#039;une direction de l&#039;air bidirectionnelle et d&#039;une commande \u00e9lectronique de temp\u00e9rature variable facile \u00e0 utiliser qui vous permet de r\u00e9gler l&#039;unit\u00e9 de fen\u00eatre entre 17\u00baC et 30\u00baC (63\u00b0F - 89\u00b0F).&quot;\" \/>\n<meta property=\"og:url\" content=\"https:\/\/www.danby.com\/fr\/products\/climatiseurs-de-fenetre\/aac050mb1g\/\" \/>\n<meta property=\"og:site_name\" content=\"Danby - Canada - French\" \/>\n<meta property=\"article:publisher\" content=\"https:\/\/www.facebook.com\/DanbyAppliances\" \/>\n<meta property=\"article:modified_time\" content=\"2026-04-12T10:03:52+00:00\" \/>\n<meta property=\"og:image\" content=\"https:\/\/cdnweb.danby.com\/wp-content\/uploads\/sites\/2\/2022\/02\/09131309\/proMed-AAC050MB1G_right.jpg\" \/>\n\t<meta property=\"og:image:width\" content=\"300\" \/>\n\t<meta property=\"og:image:height\" content=\"272\" \/>\n\t<meta property=\"og:image:type\" content=\"image\/jpeg\" \/>\n<meta name=\"twitter:card\" content=\"summary_large_image\" \/>\n<meta name=\"twitter:site\" content=\"@DanbyAppliance\" \/>\n<script type=\"application\/ld+json\" class=\"yoast-schema-graph\">{\"@context\":\"https:\/\/schema.org\",\"@graph\":[{\"@type\":[\"WebPage\",\"ItemPage\"],\"url\":\"https:\/\/www.danby.com\/fr\/products\/climatiseurs-de-fenetre\/aac050mb1g\/\",\"name\":\"Climatiseur de fen\u00eatre ArcticAire 5,000 BTU - AAC050MB1G | Danby Canada\",\"isPartOf\":[],\"primaryImageOfPage\":[],\"image\":[],\"thumbnailUrl\":\"https:\/\/cdnweb.danby.com\/wp-content\/uploads\/sites\/2\/2022\/02\/09131309\/proMed-AAC050MB1G_right.jpg\",\"datePublished\":\"2022-02-03T19:11:16+00:00\",\"dateModified\":\"2026-04-12T10:03:52+00:00\",\"description\":\"Vous ne maudirez plus jamais la chaleur et l'humidit\u00e9 de l'\u00e9t\u00e9 avec ce climatiseur de fen\u00eatre ArcticAire d'une capacit\u00e9 de 5 000 BTU install\u00e9 dans votre chambre, votre appartement ou votre condo. Cet appareil \u00e9l\u00e9gant et \u00e9cologique peut facilement refroidir une surface d'environ 150 pieds carr\u00e9s en un rien de temps. Il est dot\u00e9 de deux vitesses de ventilation, d'une direction de l'air bidirectionnelle et d'une commande \u00e9lectronique de temp\u00e9rature variable facile \u00e0 utiliser qui vous permet de r\u00e9gler l'unit\u00e9 de fen\u00eatre entre 17\u00baC et 30\u00baC (63\u00b0F - 89\u00b0F).\\\"\",\"breadcrumb\":[],\"inLanguage\":\"fr-CA\",\"potentialAction\":[{\"@type\":\"ReadAction\",\"target\":[\"https:\/\/www.danby.com\/fr\/products\/climatiseurs-de-fenetre\/aac050mb1g\/\"]}]},{\"@type\":\"ImageObject\",\"inLanguage\":\"fr-CA\",\"url\":\"https:\/\/cdnweb.danby.com\/wp-content\/uploads\/sites\/2\/2022\/02\/09131309\/proMed-AAC050MB1G_right.jpg\",\"contentUrl\":\"https:\/\/cdnweb.danby.com\/wp-content\/uploads\/sites\/2\/2022\/02\/09131309\/proMed-AAC050MB1G_right.jpg\",\"width\":300,\"height\":272},{\"@type\":\"BreadcrumbList\",\"itemListElement\":[{\"@type\":\"ListItem\",\"position\":1,\"name\":\"Home\",\"item\":\"https:\/\/www.danby.com\/fr\/\"},{\"@type\":\"ListItem\",\"position\":2,\"name\":\"Boutique\",\"item\":\"https:\/\/www.danby.com\/fr\/boutique\/\"},{\"@type\":\"ListItem\",\"position\":3,\"name\":\"Climatiseur de fen\u00eatre ArcticAire 5,000 BTU\"}]},{\"@type\":\"WebSite\",\"url\":\"https:\/\/www.danby.com\/fr\/\",\"name\":\"Danby - Canada - French\",\"description\":\"Leader dans le domaine de la r\u00e9frig\u00e9ration et des appareils sp\u00e9cialis\u00e9s\",\"publisher\":[],\"potentialAction\":[{\"@type\":\"SearchAction\",\"target\":{\"@type\":\"EntryPoint\",\"urlTemplate\":\"https:\/\/www.danby.com\/fr\/?s={search_term_string}\"},\"query-input\":{\"@type\":\"PropertyValueSpecification\",\"valueRequired\":true,\"valueName\":\"search_term_string\"}}],\"inLanguage\":\"fr-CA\"},{\"@type\":\"Organization\",\"name\":\"Danby Appliances\",\"url\":\"https:\/\/www.danby.com\/fr\/\",\"logo\":{\"@type\":\"ImageObject\",\"inLanguage\":\"fr-CA\",\"url\":\"https:\/\/cdnweb.danby.com\/wp-content\/uploads\/sites\/2\/2022\/02\/10141906\/Danby75Ans_Blue.png\",\"contentUrl\":\"https:\/\/cdnweb.danby.com\/wp-content\/uploads\/sites\/2\/2022\/02\/10141906\/Danby75Ans_Blue.png\",\"width\":470,\"height\":110,\"caption\":\"Danby Appliances\"},\"image\":[],\"sameAs\":[\"https:\/\/www.facebook.com\/DanbyAppliances\",\"https:\/\/x.com\/DanbyAppliance\",\"https:\/\/instagram.com\/danbyappliances\/\",\"https:\/\/www.linkedin.com\/company\/danbyappliances\",\"https:\/\/www.pinterest.ca\/danbyappliances\/\",\"https:\/\/www.youtube.com\/user\/DanbyProducts\",\"https:\/\/en.wikipedia.org\/wiki\/Danby_(appliances)\"]}]}<\/script>\n<!-- \/ Yoast SEO plugin. -->","yoast_head_json":{"title":"Climatiseur de fen\u00eatre ArcticAire 5,000 BTU - AAC050MB1G | Danby Canada","description":"Vous ne maudirez plus jamais la chaleur et l'humidit\u00e9 de l'\u00e9t\u00e9 avec ce climatiseur de fen\u00eatre ArcticAire d'une capacit\u00e9 de 5 000 BTU install\u00e9 dans votre chambre, votre appartement ou votre condo. Cet appareil \u00e9l\u00e9gant et \u00e9cologique peut facilement refroidir une surface d'environ 150 pieds carr\u00e9s en un rien de temps. Il est dot\u00e9 de deux vitesses de ventilation, d'une direction de l'air bidirectionnelle et d'une commande \u00e9lectronique de temp\u00e9rature variable facile \u00e0 utiliser qui vous permet de r\u00e9gler l'unit\u00e9 de fen\u00eatre entre 17\u00baC et 30\u00baC (63\u00b0F - 89\u00b0F).\"","robots":{"index":"index","follow":"follow","max-snippet":"max-snippet:-1","max-image-preview":"max-image-preview:large","max-video-preview":"max-video-preview:-1"},"canonical":"https:\/\/www.danby.com\/fr\/products\/climatiseurs-de-fenetre\/aac050mb1g\/","og_locale":"fr_CA","og_type":"article","og_title":"Climatiseur de fen\u00eatre ArcticAire 5,000 BTU - AAC050MB1G | Danby Canada","og_description":"Vous ne maudirez plus jamais la chaleur et l'humidit\u00e9 de l'\u00e9t\u00e9 avec ce climatiseur de fen\u00eatre ArcticAire d'une capacit\u00e9 de 5 000 BTU install\u00e9 dans votre chambre, votre appartement ou votre condo. Cet appareil \u00e9l\u00e9gant et \u00e9cologique peut facilement refroidir une surface d'environ 150 pieds carr\u00e9s en un rien de temps. Il est dot\u00e9 de deux vitesses de ventilation, d'une direction de l'air bidirectionnelle et d'une commande \u00e9lectronique de temp\u00e9rature variable facile \u00e0 utiliser qui vous permet de r\u00e9gler l'unit\u00e9 de fen\u00eatre entre 17\u00baC et 30\u00baC (63\u00b0F - 89\u00b0F).\"","og_url":"https:\/\/www.danby.com\/fr\/products\/climatiseurs-de-fenetre\/aac050mb1g\/","og_site_name":"Danby - Canada - French","article_publisher":"https:\/\/www.facebook.com\/DanbyAppliances","article_modified_time":"2026-04-12T10:03:52+00:00","og_image":[{"width":300,"height":272,"url":"https:\/\/cdnweb.danby.com\/wp-content\/uploads\/sites\/2\/2022\/02\/09131309\/proMed-AAC050MB1G_right.jpg","type":"image\/jpeg"}],"twitter_card":"summary_large_image","twitter_site":"@DanbyAppliance","schema":{"@context":"https:\/\/schema.org","@graph":[{"@type":["WebPage","ItemPage"],"url":"https:\/\/www.danby.com\/fr\/products\/climatiseurs-de-fenetre\/aac050mb1g\/","name":"Climatiseur de fen\u00eatre ArcticAire 5,000 BTU - AAC050MB1G | Danby Canada","isPartOf":[],"primaryImageOfPage":[],"image":[],"thumbnailUrl":"https:\/\/cdnweb.danby.com\/wp-content\/uploads\/sites\/2\/2022\/02\/09131309\/proMed-AAC050MB1G_right.jpg","datePublished":"2022-02-03T19:11:16+00:00","dateModified":"2026-04-12T10:03:52+00:00","description":"Vous ne maudirez plus jamais la chaleur et l'humidit\u00e9 de l'\u00e9t\u00e9 avec ce climatiseur de fen\u00eatre ArcticAire d'une capacit\u00e9 de 5 000 BTU install\u00e9 dans votre chambre, votre appartement ou votre condo. Cet appareil \u00e9l\u00e9gant et \u00e9cologique peut facilement refroidir une surface d'environ 150 pieds carr\u00e9s en un rien de temps. Il est dot\u00e9 de deux vitesses de ventilation, d'une direction de l'air bidirectionnelle et d'une commande \u00e9lectronique de temp\u00e9rature variable facile \u00e0 utiliser qui vous permet de r\u00e9gler l'unit\u00e9 de fen\u00eatre entre 17\u00baC et 30\u00baC (63\u00b0F - 89\u00b0F).\"","breadcrumb":[],"inLanguage":"fr-CA","potentialAction":[{"@type":"ReadAction","target":["https:\/\/www.danby.com\/fr\/products\/climatiseurs-de-fenetre\/aac050mb1g\/"]}]},{"@type":"ImageObject","inLanguage":"fr-CA","url":"https:\/\/cdnweb.danby.com\/wp-content\/uploads\/sites\/2\/2022\/02\/09131309\/proMed-AAC050MB1G_right.jpg","contentUrl":"https:\/\/cdnweb.danby.com\/wp-content\/uploads\/sites\/2\/2022\/02\/09131309\/proMed-AAC050MB1G_right.jpg","width":300,"height":272},{"@type":"BreadcrumbList","itemListElement":[{"@type":"ListItem","position":1,"name":"Home","item":"https:\/\/www.danby.com\/fr\/"},{"@type":"ListItem","position":2,"name":"Boutique","item":"https:\/\/www.danby.com\/fr\/boutique\/"},{"@type":"ListItem","position":3,"name":"Climatiseur de fen\u00eatre ArcticAire 5,000 BTU"}]},{"@type":"WebSite","url":"https:\/\/www.danby.com\/fr\/","name":"Danby - Canada - French","description":"Leader dans le domaine de la r\u00e9frig\u00e9ration et des appareils sp\u00e9cialis\u00e9s","publisher":[],"potentialAction":[{"@type":"SearchAction","target":{"@type":"EntryPoint","urlTemplate":"https:\/\/www.danby.com\/fr\/?s={search_term_string}"},"query-input":{"@type":"PropertyValueSpecification","valueRequired":true,"valueName":"search_term_string"}}],"inLanguage":"fr-CA"},{"@type":"Organization","name":"Danby Appliances","url":"https:\/\/www.danby.com\/fr\/","logo":{"@type":"ImageObject","inLanguage":"fr-CA","url":"https:\/\/cdnweb.danby.com\/wp-content\/uploads\/sites\/2\/2022\/02\/10141906\/Danby75Ans_Blue.png","contentUrl":"https:\/\/cdnweb.danby.com\/wp-content\/uploads\/sites\/2\/2022\/02\/10141906\/Danby75Ans_Blue.png","width":470,"height":110,"caption":"Danby Appliances"},"image":[],"sameAs":["https:\/\/www.facebook.com\/DanbyAppliances","https:\/\/x.com\/DanbyAppliance","https:\/\/instagram.com\/danbyappliances\/","https:\/\/www.linkedin.com\/company\/danbyappliances","https:\/\/www.pinterest.ca\/danbyappliances\/","https:\/\/www.youtube.com\/user\/DanbyProducts","https:\/\/en.wikipedia.org\/wiki\/Danby_(appliances)"]}]}},"post_mailing_queue_ids":[],"_links":{"self":[{"href":"https:\/\/www.danby.com\/fr\/wp-json\/wp\/v2\/product\/4458","targetHints":{"allow":["GET"]}}],"collection":[{"href":"https:\/\/www.danby.com\/fr\/wp-json\/wp\/v2\/product"}],"about":[{"href":"https:\/\/www.danby.com\/fr\/wp-json\/wp\/v2\/types\/product"}],"replies":[{"embeddable":true,"href":"https:\/\/www.danby.com\/fr\/wp-json\/wp\/v2\/comments?post=4458"}],"wp:featuredmedia":[{"embeddable":true,"href":"https:\/\/www.danby.com\/fr\/wp-json\/wp\/v2\/media\/11181"}],"wp:attachment":[{"href":"https:\/\/www.danby.com\/fr\/wp-json\/wp\/v2\/media?parent=4458"}],"wp:term":[{"taxonomy":"product_brand","embeddable":true,"href":"https:\/\/www.danby.com\/fr\/wp-json\/wp\/v2\/product_brand?post=4458"},{"taxonomy":"product_cat","embeddable":true,"href":"https:\/\/www.danby.com\/fr\/wp-json\/wp\/v2\/product_cat?post=4458"},{"taxonomy":"product_tag","embeddable":true,"href":"https:\/\/www.danby.com\/fr\/wp-json\/wp\/v2\/product_tag?post=4458"}],"curies":[{"name":"wp","href":"https:\/\/api.w.org\/{rel}","templated":true}]}}