{"id":39622,"date":"2026-04-24T15:07:40","date_gmt":"2026-04-24T15:07:40","guid":{"rendered":"https:\/\/www.danby.com\/fr\/products\/non%20class\u00e9\/dag122a2bdb\/"},"modified":"2026-04-30T10:04:54","modified_gmt":"2026-04-30T10:04:54","slug":"dag122a2bdb","status":"publish","type":"product","link":"https:\/\/www.danby.com\/fr\/products\/refrigerateurs-pour-petites-surfaces\/dag122a2bdb\/","title":{"rendered":"R\u00e9frig\u00e9rateur commercial \u00e0 porte vitr\u00e9e de 12,5 pi\u00b3"},"content":{"rendered":"","protected":false},"excerpt":{"rendered":"<ul>\n<li>Capacit\u00e9 commerciale de 12,5 pi\u00b3 pour un stockage \u00e0 volume \u00e9lev\u00e9<\/li>\n<li>Porte vitr\u00e9e pour le marchandisage avec \u00e9clairage int\u00e9rieur DEL<\/li>\n<li>Refroidissement par air puls\u00e9 pour une plage de temp\u00e9rature constante de 0 \u00b0C \u00e0 10 \u00b0C (32 \u00b0F \u00e0 50 \u00b0F)<\/li>\n<li>Certification NSF-7 conforme aux normes commerciales<\/li>\n<li>R\u00e9frig\u00e9rant R600a avec contr\u00f4le m\u00e9canique simple de la temp\u00e9rature<\/li>\n<\/ul>\n","protected":false},"featured_media":39635,"comment_status":"open","ping_status":"closed","template":"","meta":{"_acf_changed":false},"product_brand":[],"product_cat":[20],"product_tag":[],"class_list":{"0":"post-39622","1":"product","2":"type-product","3":"status-publish","4":"has-post-thumbnail","6":"product_cat-refrigerateurs-pour-petites-surfaces","8":"first","9":"outofstock","10":"taxable","11":"shipping-taxable","12":"product-type-simple"},"acf":[],"yoast_head":"<!-- This site is optimized with the Yoast SEO plugin v27.5 - https:\/\/yoast.com\/product\/yoast-seo-wordpress\/ -->\n<title>R\u00e9frig\u00e9rateur commercial \u00e0 porte vitr\u00e9e de 12,5 pi\u00b3 - DAG122A2BDB | Danby Canada<\/title>\n<meta name=\"description\" content=\"Le r\u00e9frig\u00e9rateur commercial \u00e0 porte vitr\u00e9e Danby de 12,5 pi\u00b3 est con\u00e7u pour les environnements de vente au d\u00e9tail et de restauration, offrant une performance de refroidissement fiable et une visibilit\u00e9 optimale des produits. Con\u00e7u pour un usage commercial quotidien, il permet un marchandisage efficace, un contr\u00f4le constant de la temp\u00e9rature et une int\u00e9gration facile dans des environnements op\u00e9rationnels tr\u00e8s actifs.\" \/>\n<meta name=\"robots\" content=\"index, follow, max-snippet:-1, max-image-preview:large, max-video-preview:-1\" \/>\n<link rel=\"canonical\" href=\"https:\/\/www.danby.com\/fr\/products\/non%20class\u00e9\/dag122a2bdb\/\" \/>\n<meta property=\"og:locale\" content=\"fr_CA\" \/>\n<meta property=\"og:type\" content=\"article\" \/>\n<meta property=\"og:title\" content=\"R\u00e9frig\u00e9rateur commercial \u00e0 porte vitr\u00e9e de 12,5 pi\u00b3 - DAG122A2BDB | Danby Canada\" \/>\n<meta property=\"og:description\" content=\"Le r\u00e9frig\u00e9rateur commercial \u00e0 porte vitr\u00e9e Danby de 12,5 pi\u00b3 est con\u00e7u pour les environnements de vente au d\u00e9tail et de restauration, offrant une performance de refroidissement fiable et une visibilit\u00e9 optimale des produits. Con\u00e7u pour un usage commercial quotidien, il permet un marchandisage efficace, un contr\u00f4le constant de la temp\u00e9rature et une int\u00e9gration facile dans des environnements op\u00e9rationnels tr\u00e8s actifs.\" \/>\n<meta property=\"og:url\" content=\"https:\/\/www.danby.com\/fr\/products\/non class\u00e9\/dag122a2bdb\/\" \/>\n<meta property=\"og:site_name\" content=\"Danby - Canada - French\" \/>\n<meta property=\"article:publisher\" content=\"https:\/\/www.facebook.com\/DanbyAppliances\" \/>\n<meta property=\"article:modified_time\" content=\"2026-04-30T10:04:54+00:00\" \/>\n<meta property=\"og:image\" content=\"https:\/\/cdnweb.danby.com\/wp-content\/uploads\/sites\/2\/2022\/03\/14160239\/Danby75Ans_OG_FB.png\" \/>\n\t<meta property=\"og:image:width\" content=\"1200\" \/>\n\t<meta property=\"og:image:height\" content=\"630\" \/>\n\t<meta property=\"og:image:type\" content=\"image\/png\" \/>\n<meta name=\"twitter:card\" content=\"summary_large_image\" \/>\n<meta name=\"twitter:site\" content=\"@DanbyAppliance\" \/>\n<script type=\"application\/ld+json\" class=\"yoast-schema-graph\">{\"@context\":\"https:\\\/\\\/schema.org\",\"@graph\":[{\"@type\":[\"WebPage\",\"ItemPage\"],\"url\":\"https:\\\/\\\/www.danby.com\\\/fr\\\/products\\\/non class\u00e9\\\/dag122a2bdb\\\/\",\"name\":\"R\u00e9frig\u00e9rateur commercial \u00e0 porte vitr\u00e9e de 12,5 pi\u00b3 - DAG122A2BDB | Danby Canada\",\"isPartOf\":[],\"primaryImageOfPage\":[],\"image\":[],\"thumbnailUrl\":\"https:\\\/\\\/www.danby.com\\\/fr\\\/wp-content\\\/uploads\\\/sites\\\/2\\\/2026\\\/04\\\/dag122a2bdbd-front-on.jpg\",\"datePublished\":\"2026-04-24T15:07:40+00:00\",\"dateModified\":\"2026-04-30T10:04:54+00:00\",\"description\":\"Le r\u00e9frig\u00e9rateur commercial \u00e0 porte vitr\u00e9e Danby de 12,5 pi\u00b3 est con\u00e7u pour les environnements de vente au d\u00e9tail et de restauration, offrant une performance de refroidissement fiable et une visibilit\u00e9 optimale des produits. Con\u00e7u pour un usage commercial quotidien, il permet un marchandisage efficace, un contr\u00f4le constant de la temp\u00e9rature et une int\u00e9gration facile dans des environnements op\u00e9rationnels tr\u00e8s actifs.\",\"breadcrumb\":[],\"inLanguage\":\"fr-CA\",\"potentialAction\":[{\"@type\":\"ReadAction\",\"target\":[\"https:\\\/\\\/www.danby.com\\\/fr\\\/products\\\/non class\u00e9\\\/dag122a2bdb\\\/\"]}]},{\"@type\":\"ImageObject\",\"inLanguage\":\"fr-CA\",\"url\":\"https:\\\/\\\/www.danby.com\\\/fr\\\/wp-content\\\/uploads\\\/sites\\\/2\\\/2026\\\/04\\\/dag122a2bdbd-front-on.jpg\",\"contentUrl\":\"https:\\\/\\\/www.danby.com\\\/fr\\\/wp-content\\\/uploads\\\/sites\\\/2\\\/2026\\\/04\\\/dag122a2bdbd-front-on.jpg\",\"width\":768,\"height\":1024},{\"@type\":\"BreadcrumbList\",\"itemListElement\":[{\"@type\":\"ListItem\",\"position\":1,\"name\":\"Home\",\"item\":\"https:\\\/\\\/www.danby.com\\\/fr\\\/\"},{\"@type\":\"ListItem\",\"position\":2,\"name\":\"Boutique\",\"item\":\"https:\\\/\\\/www.danby.com\\\/fr\\\/boutique\\\/\"},{\"@type\":\"ListItem\",\"position\":3,\"name\":\"DAG122A2BDB\"}]},{\"@type\":\"WebSite\",\"url\":\"https:\\\/\\\/www.danby.com\\\/fr\\\/\",\"name\":\"Danby - Canada - French\",\"description\":\"Leader dans le domaine de la r\u00e9frig\u00e9ration et des appareils sp\u00e9cialis\u00e9s\",\"publisher\":[],\"potentialAction\":[{\"@type\":\"SearchAction\",\"target\":{\"@type\":\"EntryPoint\",\"urlTemplate\":\"https:\\\/\\\/www.danby.com\\\/fr\\\/?s={search_term_string}\"},\"query-input\":{\"@type\":\"PropertyValueSpecification\",\"valueRequired\":true,\"valueName\":\"search_term_string\"}}],\"inLanguage\":\"fr-CA\"},{\"@type\":\"Organization\",\"name\":\"Danby Appliances\",\"url\":\"https:\\\/\\\/www.danby.com\\\/fr\\\/\",\"logo\":{\"@type\":\"ImageObject\",\"inLanguage\":\"fr-CA\",\"url\":\"https:\\\/\\\/cdnweb.danby.com\\\/wp-content\\\/uploads\\\/sites\\\/2\\\/2022\\\/02\\\/10141906\\\/Danby75Ans_Blue.png\",\"contentUrl\":\"https:\\\/\\\/cdnweb.danby.com\\\/wp-content\\\/uploads\\\/sites\\\/2\\\/2022\\\/02\\\/10141906\\\/Danby75Ans_Blue.png\",\"width\":470,\"height\":110,\"caption\":\"Danby Appliances\"},\"image\":[],\"sameAs\":[\"https:\\\/\\\/www.facebook.com\\\/DanbyAppliances\",\"https:\\\/\\\/x.com\\\/DanbyAppliance\",\"https:\\\/\\\/instagram.com\\\/danbyappliances\\\/\",\"https:\\\/\\\/www.linkedin.com\\\/company\\\/danbyappliances\",\"https:\\\/\\\/www.pinterest.ca\\\/danbyappliances\\\/\",\"https:\\\/\\\/www.youtube.com\\\/user\\\/DanbyProducts\",\"https:\\\/\\\/en.wikipedia.org\\\/wiki\\\/Danby_(appliances)\"]}]}<\/script>\n<!-- \/ Yoast SEO plugin. -->","yoast_head_json":{"title":"R\u00e9frig\u00e9rateur commercial \u00e0 porte vitr\u00e9e de 12,5 pi\u00b3 - DAG122A2BDB | Danby Canada","description":"Le r\u00e9frig\u00e9rateur commercial \u00e0 porte vitr\u00e9e Danby de 12,5 pi\u00b3 est con\u00e7u pour les environnements de vente au d\u00e9tail et de restauration, offrant une performance de refroidissement fiable et une visibilit\u00e9 optimale des produits. Con\u00e7u pour un usage commercial quotidien, il permet un marchandisage efficace, un contr\u00f4le constant de la temp\u00e9rature et une int\u00e9gration facile dans des environnements op\u00e9rationnels tr\u00e8s actifs.","robots":{"index":"index","follow":"follow","max-snippet":"max-snippet:-1","max-image-preview":"max-image-preview:large","max-video-preview":"max-video-preview:-1"},"canonical":"https:\/\/www.danby.com\/fr\/products\/non class\u00e9\/dag122a2bdb\/","og_locale":"fr_CA","og_type":"article","og_title":"R\u00e9frig\u00e9rateur commercial \u00e0 porte vitr\u00e9e de 12,5 pi\u00b3 - DAG122A2BDB | Danby Canada","og_description":"Le r\u00e9frig\u00e9rateur commercial \u00e0 porte vitr\u00e9e Danby de 12,5 pi\u00b3 est con\u00e7u pour les environnements de vente au d\u00e9tail et de restauration, offrant une performance de refroidissement fiable et une visibilit\u00e9 optimale des produits. Con\u00e7u pour un usage commercial quotidien, il permet un marchandisage efficace, un contr\u00f4le constant de la temp\u00e9rature et une int\u00e9gration facile dans des environnements op\u00e9rationnels tr\u00e8s actifs.","og_url":"https:\/\/www.danby.com\/fr\/products\/non class\u00e9\/dag122a2bdb\/","og_site_name":"Danby - Canada - French","article_publisher":"https:\/\/www.facebook.com\/DanbyAppliances","article_modified_time":"2026-04-30T10:04:54+00:00","og_image":[{"width":1200,"height":630,"url":"https:\/\/cdnweb.danby.com\/wp-content\/uploads\/sites\/2\/2022\/03\/14160239\/Danby75Ans_OG_FB.png","type":"image\/png"}],"twitter_card":"summary_large_image","twitter_site":"@DanbyAppliance","schema":{"@context":"https:\/\/schema.org","@graph":[{"@type":["WebPage","ItemPage"],"url":"https:\/\/www.danby.com\/fr\/products\/non class\u00e9\/dag122a2bdb\/","name":"R\u00e9frig\u00e9rateur commercial \u00e0 porte vitr\u00e9e de 12,5 pi\u00b3 - DAG122A2BDB | Danby Canada","isPartOf":[],"primaryImageOfPage":[],"image":[],"thumbnailUrl":"https:\/\/www.danby.com\/fr\/wp-content\/uploads\/sites\/2\/2026\/04\/dag122a2bdbd-front-on.jpg","datePublished":"2026-04-24T15:07:40+00:00","dateModified":"2026-04-30T10:04:54+00:00","description":"Le r\u00e9frig\u00e9rateur commercial \u00e0 porte vitr\u00e9e Danby de 12,5 pi\u00b3 est con\u00e7u pour les environnements de vente au d\u00e9tail et de restauration, offrant une performance de refroidissement fiable et une visibilit\u00e9 optimale des produits. Con\u00e7u pour un usage commercial quotidien, il permet un marchandisage efficace, un contr\u00f4le constant de la temp\u00e9rature et une int\u00e9gration facile dans des environnements op\u00e9rationnels tr\u00e8s actifs.","breadcrumb":[],"inLanguage":"fr-CA","potentialAction":[{"@type":"ReadAction","target":["https:\/\/www.danby.com\/fr\/products\/non class\u00e9\/dag122a2bdb\/"]}]},{"@type":"ImageObject","inLanguage":"fr-CA","url":"https:\/\/www.danby.com\/fr\/wp-content\/uploads\/sites\/2\/2026\/04\/dag122a2bdbd-front-on.jpg","contentUrl":"https:\/\/www.danby.com\/fr\/wp-content\/uploads\/sites\/2\/2026\/04\/dag122a2bdbd-front-on.jpg","width":768,"height":1024},{"@type":"BreadcrumbList","itemListElement":[{"@type":"ListItem","position":1,"name":"Home","item":"https:\/\/www.danby.com\/fr\/"},{"@type":"ListItem","position":2,"name":"Boutique","item":"https:\/\/www.danby.com\/fr\/boutique\/"},{"@type":"ListItem","position":3,"name":"DAG122A2BDB"}]},{"@type":"WebSite","url":"https:\/\/www.danby.com\/fr\/","name":"Danby - Canada - French","description":"Leader dans le domaine de la r\u00e9frig\u00e9ration et des appareils sp\u00e9cialis\u00e9s","publisher":[],"potentialAction":[{"@type":"SearchAction","target":{"@type":"EntryPoint","urlTemplate":"https:\/\/www.danby.com\/fr\/?s={search_term_string}"},"query-input":{"@type":"PropertyValueSpecification","valueRequired":true,"valueName":"search_term_string"}}],"inLanguage":"fr-CA"},{"@type":"Organization","name":"Danby Appliances","url":"https:\/\/www.danby.com\/fr\/","logo":{"@type":"ImageObject","inLanguage":"fr-CA","url":"https:\/\/cdnweb.danby.com\/wp-content\/uploads\/sites\/2\/2022\/02\/10141906\/Danby75Ans_Blue.png","contentUrl":"https:\/\/cdnweb.danby.com\/wp-content\/uploads\/sites\/2\/2022\/02\/10141906\/Danby75Ans_Blue.png","width":470,"height":110,"caption":"Danby Appliances"},"image":[],"sameAs":["https:\/\/www.facebook.com\/DanbyAppliances","https:\/\/x.com\/DanbyAppliance","https:\/\/instagram.com\/danbyappliances\/","https:\/\/www.linkedin.com\/company\/danbyappliances","https:\/\/www.pinterest.ca\/danbyappliances\/","https:\/\/www.youtube.com\/user\/DanbyProducts","https:\/\/en.wikipedia.org\/wiki\/Danby_(appliances)"]}]}},"post_mailing_queue_ids":[],"_links":{"self":[{"href":"https:\/\/www.danby.com\/fr\/wp-json\/wp\/v2\/product\/39622","targetHints":{"allow":["GET"]}}],"collection":[{"href":"https:\/\/www.danby.com\/fr\/wp-json\/wp\/v2\/product"}],"about":[{"href":"https:\/\/www.danby.com\/fr\/wp-json\/wp\/v2\/types\/product"}],"replies":[{"embeddable":true,"href":"https:\/\/www.danby.com\/fr\/wp-json\/wp\/v2\/comments?post=39622"}],"wp:featuredmedia":[{"embeddable":true,"href":"https:\/\/www.danby.com\/fr\/wp-json\/wp\/v2\/media\/39635"}],"wp:attachment":[{"href":"https:\/\/www.danby.com\/fr\/wp-json\/wp\/v2\/media?parent=39622"}],"wp:term":[{"taxonomy":"product_brand","embeddable":true,"href":"https:\/\/www.danby.com\/fr\/wp-json\/wp\/v2\/product_brand?post=39622"},{"taxonomy":"product_cat","embeddable":true,"href":"https:\/\/www.danby.com\/fr\/wp-json\/wp\/v2\/product_cat?post=39622"},{"taxonomy":"product_tag","embeddable":true,"href":"https:\/\/www.danby.com\/fr\/wp-json\/wp\/v2\/product_tag?post=39622"}],"curies":[{"name":"wp","href":"https:\/\/api.w.org\/{rel}","templated":true}]}}