{"id":3929,"date":"2021-10-20T10:50:21","date_gmt":"2021-10-20T10:50:21","guid":{"rendered":"http:\/\/shiv"},"modified":"2026-04-21T10:10:28","modified_gmt":"2026-04-21T10:10:28","slug":"dbc026a1bssdb","status":"publish","type":"product","link":"https:\/\/www.danby.com\/fr\/products\/refroidisseurs-de-boissons\/dbc026a1bssdb\/","title":{"rendered":"Danby 2.6 cu. Centre de boissons sur pied en Acier Inoxydable"},"content":{"rendered":"","protected":false},"excerpt":{"rendered":"<ul>\n<li>Le centre de boissons de 74 litres (2,6 pi3) peut contenir jusqu&#8217;\u00e0 95 canettes (12 oz \/355 ml)<\/li>\n<li>Plage de temp\u00e9ratures de 6\u00b0C \u00e0 15\u00b0C (43\u00b0F \u00e0 57\u00b0F)<\/li>\n<li>Le refroidissement sup\u00e9rieur par ventilateur maintient une temp\u00e9rature interne constante dans toute l&#8217;armoire<\/li>\n<li>Thermostat m\u00e9canique facile d&#8217;acc\u00e8s<\/li>\n<li>L&#8217;\u00e9clairage int\u00e9rieur \u00e0 LED bleues met en valeur le contenu<\/li>\n<li>Personnalisez votre espace avec la charni\u00e8re de porte r\u00e9versible pour une ouverture \u00e0 gauche ou \u00e0 droite.<\/li>\n<li>Porte en verre tremp\u00e9 avec garniture en acier inoxydable<\/li>\n<li>Rangement personnalis\u00e9 avec 3 \u00e9tag\u00e8res r\u00e9glables<\/li>\n<\/ul>\n","protected":false},"featured_media":34920,"comment_status":"open","ping_status":"closed","template":"","meta":{"_acf_changed":false},"product_brand":[],"product_cat":[21],"product_tag":[],"class_list":{"0":"post-3929","1":"product","2":"type-product","3":"status-publish","4":"has-post-thumbnail","6":"product_cat-refroidisseurs-de-boissons","8":"first","9":"instock","10":"taxable","11":"shipping-taxable","12":"purchasable","13":"product-type-simple"},"acf":[],"yoast_head":"<!-- This site is optimized with the Yoast SEO plugin v26.7 - https:\/\/yoast.com\/wordpress\/plugins\/seo\/ -->\n<title>Danby 2.6 cu. Centre de boissons sur pied en Acier Inoxydable - DBC026A1BSSDB | Danby Canada<\/title>\n<meta name=\"description\" content=\"Que vous receviez des invit\u00e9s ou que vous ayez besoin d&#039;une r\u00e9frig\u00e9ration plus pratique pour votre famille, ce centre de boissons supr\u00eame offre style et praticit\u00e9. Ce centre de boissons est parfait pour l&#039;organisation de la cuisine et l&#039;accueil dans de petits espaces comme un appartement, un condo ou un chalet ! Quels que soient vos besoins, cette unit\u00e9 n&#039;a pas son pareil pour garder vos boissons aussi fra\u00eeches et rafra\u00eechissantes que possible. \u00c9conomisez de l&#039;espace dans le r\u00e9frig\u00e9rateur pour les aliments ou les restes avec ce mod\u00e8le offrant un g\u00e9n\u00e9reux 2,6 pieds cubes (74L) d&#039;espace de refroidissement et de stockage. Refroidissez jusqu&#039;\u00e0 95 (355 ml) canettes de boisson sur trois \u00e9tag\u00e8res r\u00e9glables en fil noir. Vos boissons sont maintenues au frais et joliment \u00e9clair\u00e9es par un syst\u00e8me d&#039;\u00e9clairage int\u00e9rieur \u00e0 LED bleues \u00e9conome en \u00e9nergie. Le thermostat vous permet de programmer et de maintenir facilement la temp\u00e9rature interne entre 6\u00b0C et 14\u00b0C (42,8\u00b0F et 57,2\u00b0F). Ce petit r\u00e9frig\u00e9rateur est \u00e9galement dot\u00e9 d&#039;une ing\u00e9nieuse charni\u00e8re de porte r\u00e9versible qui vous permet de l&#039;ajuster pour une ouverture \u00e0 gauche ou \u00e0 droite.\" \/>\n<meta name=\"robots\" content=\"index, follow, max-snippet:-1, max-image-preview:large, max-video-preview:-1\" \/>\n<link rel=\"canonical\" href=\"https:\/\/www.danby.com\/fr\/products\/refroidisseurs-de-boissons\/dbc026a1bssdb\/\" \/>\n<meta property=\"og:locale\" content=\"fr_CA\" \/>\n<meta property=\"og:type\" content=\"article\" \/>\n<meta property=\"og:title\" content=\"Danby 2.6 cu. Centre de boissons sur pied en Acier Inoxydable - DBC026A1BSSDB | Danby Canada\" \/>\n<meta property=\"og:description\" content=\"Que vous receviez des invit\u00e9s ou que vous ayez besoin d&#039;une r\u00e9frig\u00e9ration plus pratique pour votre famille, ce centre de boissons supr\u00eame offre style et praticit\u00e9. Ce centre de boissons est parfait pour l&#039;organisation de la cuisine et l&#039;accueil dans de petits espaces comme un appartement, un condo ou un chalet ! Quels que soient vos besoins, cette unit\u00e9 n&#039;a pas son pareil pour garder vos boissons aussi fra\u00eeches et rafra\u00eechissantes que possible. \u00c9conomisez de l&#039;espace dans le r\u00e9frig\u00e9rateur pour les aliments ou les restes avec ce mod\u00e8le offrant un g\u00e9n\u00e9reux 2,6 pieds cubes (74L) d&#039;espace de refroidissement et de stockage. Refroidissez jusqu&#039;\u00e0 95 (355 ml) canettes de boisson sur trois \u00e9tag\u00e8res r\u00e9glables en fil noir. Vos boissons sont maintenues au frais et joliment \u00e9clair\u00e9es par un syst\u00e8me d&#039;\u00e9clairage int\u00e9rieur \u00e0 LED bleues \u00e9conome en \u00e9nergie. Le thermostat vous permet de programmer et de maintenir facilement la temp\u00e9rature interne entre 6\u00b0C et 14\u00b0C (42,8\u00b0F et 57,2\u00b0F). Ce petit r\u00e9frig\u00e9rateur est \u00e9galement dot\u00e9 d&#039;une ing\u00e9nieuse charni\u00e8re de porte r\u00e9versible qui vous permet de l&#039;ajuster pour une ouverture \u00e0 gauche ou \u00e0 droite.\" \/>\n<meta property=\"og:url\" content=\"https:\/\/www.danby.com\/fr\/products\/refroidisseurs-de-boissons\/dbc026a1bssdb\/\" \/>\n<meta property=\"og:site_name\" content=\"Danby - Canada - French\" \/>\n<meta property=\"article:publisher\" content=\"https:\/\/www.facebook.com\/DanbyAppliances\" \/>\n<meta property=\"article:modified_time\" content=\"2026-04-21T10:10:28+00:00\" \/>\n<meta property=\"og:image\" content=\"https:\/\/cdnweb.danby.com\/wp-content\/uploads\/sites\/2\/2024\/01\/12144834\/Thumbnail__0007_DBC026A1BSSDB.jpg\" \/>\n\t<meta property=\"og:image:width\" content=\"1125\" \/>\n\t<meta property=\"og:image:height\" content=\"1500\" \/>\n\t<meta property=\"og:image:type\" content=\"image\/jpeg\" \/>\n<meta name=\"twitter:card\" content=\"summary_large_image\" \/>\n<meta name=\"twitter:site\" content=\"@DanbyAppliance\" \/>\n<meta name=\"twitter:label1\" content=\"Estimation du temps de lecture\" \/>\n\t<meta name=\"twitter:data1\" content=\"1 minute\" \/>\n<script type=\"application\/ld+json\" class=\"yoast-schema-graph\">{\"@context\":\"https:\/\/schema.org\",\"@graph\":[{\"@type\":[\"WebPage\",\"ItemPage\"],\"url\":\"https:\/\/www.danby.com\/fr\/products\/refroidisseurs-de-boissons\/dbc026a1bssdb\/\",\"name\":\"Danby 2.6 cu. Centre de boissons sur pied en Acier Inoxydable - DBC026A1BSSDB | Danby Canada\",\"isPartOf\":[],\"primaryImageOfPage\":[],\"image\":[],\"thumbnailUrl\":\"https:\/\/www.danby.com\/fr\/wp-content\/uploads\/sites\/2\/2025\/09\/dbc026a1bssdb-thumbnail.jpg\",\"datePublished\":\"2021-10-20T10:50:21+00:00\",\"dateModified\":\"2026-04-21T10:10:28+00:00\",\"description\":\"Que vous receviez des invit\u00e9s ou que vous ayez besoin d'une r\u00e9frig\u00e9ration plus pratique pour votre famille, ce centre de boissons supr\u00eame offre style et praticit\u00e9. Ce centre de boissons est parfait pour l'organisation de la cuisine et l'accueil dans de petits espaces comme un appartement, un condo ou un chalet ! Quels que soient vos besoins, cette unit\u00e9 n'a pas son pareil pour garder vos boissons aussi fra\u00eeches et rafra\u00eechissantes que possible. \u00c9conomisez de l'espace dans le r\u00e9frig\u00e9rateur pour les aliments ou les restes avec ce mod\u00e8le offrant un g\u00e9n\u00e9reux 2,6 pieds cubes (74L) d'espace de refroidissement et de stockage. Refroidissez jusqu'\u00e0 95 (355 ml) canettes de boisson sur trois \u00e9tag\u00e8res r\u00e9glables en fil noir. Vos boissons sont maintenues au frais et joliment \u00e9clair\u00e9es par un syst\u00e8me d'\u00e9clairage int\u00e9rieur \u00e0 LED bleues \u00e9conome en \u00e9nergie. Le thermostat vous permet de programmer et de maintenir facilement la temp\u00e9rature interne entre 6\u00b0C et 14\u00b0C (42,8\u00b0F et 57,2\u00b0F). Ce petit r\u00e9frig\u00e9rateur est \u00e9galement dot\u00e9 d'une ing\u00e9nieuse charni\u00e8re de porte r\u00e9versible qui vous permet de l'ajuster pour une ouverture \u00e0 gauche ou \u00e0 droite.\",\"breadcrumb\":[],\"inLanguage\":\"fr-CA\",\"potentialAction\":[{\"@type\":\"ReadAction\",\"target\":[\"https:\/\/www.danby.com\/fr\/products\/refroidisseurs-de-boissons\/dbc026a1bssdb\/\"]}]},{\"@type\":\"ImageObject\",\"inLanguage\":\"fr-CA\",\"url\":\"https:\/\/www.danby.com\/fr\/wp-content\/uploads\/sites\/2\/2025\/09\/dbc026a1bssdb-thumbnail.jpg\",\"contentUrl\":\"https:\/\/www.danby.com\/fr\/wp-content\/uploads\/sites\/2\/2025\/09\/dbc026a1bssdb-thumbnail.jpg\",\"width\":768,\"height\":1024},{\"@type\":\"BreadcrumbList\",\"itemListElement\":[{\"@type\":\"ListItem\",\"position\":1,\"name\":\"Home\",\"item\":\"https:\/\/www.danby.com\/fr\/\"},{\"@type\":\"ListItem\",\"position\":2,\"name\":\"Boutique\",\"item\":\"https:\/\/www.danby.com\/fr\/boutique\/\"},{\"@type\":\"ListItem\",\"position\":3,\"name\":\"Danby 2.6 cu. Centre de boissons sur pied en acier inoxydable\"}]},{\"@type\":\"WebSite\",\"url\":\"https:\/\/www.danby.com\/fr\/\",\"name\":\"Danby - Canada - French\",\"description\":\"Leader dans le domaine de la r\u00e9frig\u00e9ration et des appareils sp\u00e9cialis\u00e9s\",\"publisher\":[],\"potentialAction\":[{\"@type\":\"SearchAction\",\"target\":{\"@type\":\"EntryPoint\",\"urlTemplate\":\"https:\/\/www.danby.com\/fr\/?s={search_term_string}\"},\"query-input\":{\"@type\":\"PropertyValueSpecification\",\"valueRequired\":true,\"valueName\":\"search_term_string\"}}],\"inLanguage\":\"fr-CA\"},{\"@type\":\"Organization\",\"name\":\"Danby Appliances\",\"url\":\"https:\/\/www.danby.com\/fr\/\",\"logo\":{\"@type\":\"ImageObject\",\"inLanguage\":\"fr-CA\",\"url\":\"https:\/\/cdnweb.danby.com\/wp-content\/uploads\/sites\/2\/2022\/02\/10141906\/Danby75Ans_Blue.png\",\"contentUrl\":\"https:\/\/cdnweb.danby.com\/wp-content\/uploads\/sites\/2\/2022\/02\/10141906\/Danby75Ans_Blue.png\",\"width\":470,\"height\":110,\"caption\":\"Danby Appliances\"},\"image\":[],\"sameAs\":[\"https:\/\/www.facebook.com\/DanbyAppliances\",\"https:\/\/x.com\/DanbyAppliance\",\"https:\/\/instagram.com\/danbyappliances\/\",\"https:\/\/www.linkedin.com\/company\/danbyappliances\",\"https:\/\/www.pinterest.ca\/danbyappliances\/\",\"https:\/\/www.youtube.com\/user\/DanbyProducts\",\"https:\/\/en.wikipedia.org\/wiki\/Danby_(appliances)\"]}]}<\/script>\n<!-- \/ Yoast SEO plugin. -->","yoast_head_json":{"title":"Danby 2.6 cu. Centre de boissons sur pied en Acier Inoxydable - DBC026A1BSSDB | Danby Canada","description":"Que vous receviez des invit\u00e9s ou que vous ayez besoin d'une r\u00e9frig\u00e9ration plus pratique pour votre famille, ce centre de boissons supr\u00eame offre style et praticit\u00e9. Ce centre de boissons est parfait pour l'organisation de la cuisine et l'accueil dans de petits espaces comme un appartement, un condo ou un chalet ! Quels que soient vos besoins, cette unit\u00e9 n'a pas son pareil pour garder vos boissons aussi fra\u00eeches et rafra\u00eechissantes que possible. \u00c9conomisez de l'espace dans le r\u00e9frig\u00e9rateur pour les aliments ou les restes avec ce mod\u00e8le offrant un g\u00e9n\u00e9reux 2,6 pieds cubes (74L) d'espace de refroidissement et de stockage. Refroidissez jusqu'\u00e0 95 (355 ml) canettes de boisson sur trois \u00e9tag\u00e8res r\u00e9glables en fil noir. Vos boissons sont maintenues au frais et joliment \u00e9clair\u00e9es par un syst\u00e8me d'\u00e9clairage int\u00e9rieur \u00e0 LED bleues \u00e9conome en \u00e9nergie. Le thermostat vous permet de programmer et de maintenir facilement la temp\u00e9rature interne entre 6\u00b0C et 14\u00b0C (42,8\u00b0F et 57,2\u00b0F). Ce petit r\u00e9frig\u00e9rateur est \u00e9galement dot\u00e9 d'une ing\u00e9nieuse charni\u00e8re de porte r\u00e9versible qui vous permet de l'ajuster pour une ouverture \u00e0 gauche ou \u00e0 droite.","robots":{"index":"index","follow":"follow","max-snippet":"max-snippet:-1","max-image-preview":"max-image-preview:large","max-video-preview":"max-video-preview:-1"},"canonical":"https:\/\/www.danby.com\/fr\/products\/refroidisseurs-de-boissons\/dbc026a1bssdb\/","og_locale":"fr_CA","og_type":"article","og_title":"Danby 2.6 cu. Centre de boissons sur pied en Acier Inoxydable - DBC026A1BSSDB | Danby Canada","og_description":"Que vous receviez des invit\u00e9s ou que vous ayez besoin d'une r\u00e9frig\u00e9ration plus pratique pour votre famille, ce centre de boissons supr\u00eame offre style et praticit\u00e9. Ce centre de boissons est parfait pour l'organisation de la cuisine et l'accueil dans de petits espaces comme un appartement, un condo ou un chalet ! Quels que soient vos besoins, cette unit\u00e9 n'a pas son pareil pour garder vos boissons aussi fra\u00eeches et rafra\u00eechissantes que possible. \u00c9conomisez de l'espace dans le r\u00e9frig\u00e9rateur pour les aliments ou les restes avec ce mod\u00e8le offrant un g\u00e9n\u00e9reux 2,6 pieds cubes (74L) d'espace de refroidissement et de stockage. Refroidissez jusqu'\u00e0 95 (355 ml) canettes de boisson sur trois \u00e9tag\u00e8res r\u00e9glables en fil noir. Vos boissons sont maintenues au frais et joliment \u00e9clair\u00e9es par un syst\u00e8me d'\u00e9clairage int\u00e9rieur \u00e0 LED bleues \u00e9conome en \u00e9nergie. Le thermostat vous permet de programmer et de maintenir facilement la temp\u00e9rature interne entre 6\u00b0C et 14\u00b0C (42,8\u00b0F et 57,2\u00b0F). Ce petit r\u00e9frig\u00e9rateur est \u00e9galement dot\u00e9 d'une ing\u00e9nieuse charni\u00e8re de porte r\u00e9versible qui vous permet de l'ajuster pour une ouverture \u00e0 gauche ou \u00e0 droite.","og_url":"https:\/\/www.danby.com\/fr\/products\/refroidisseurs-de-boissons\/dbc026a1bssdb\/","og_site_name":"Danby - Canada - French","article_publisher":"https:\/\/www.facebook.com\/DanbyAppliances","article_modified_time":"2026-04-21T10:10:28+00:00","og_image":[{"width":1125,"height":1500,"url":"https:\/\/cdnweb.danby.com\/wp-content\/uploads\/sites\/2\/2024\/01\/12144834\/Thumbnail__0007_DBC026A1BSSDB.jpg","type":"image\/jpeg"}],"twitter_card":"summary_large_image","twitter_site":"@DanbyAppliance","twitter_misc":{"Estimation du temps de lecture":"1 minute"},"schema":{"@context":"https:\/\/schema.org","@graph":[{"@type":["WebPage","ItemPage"],"url":"https:\/\/www.danby.com\/fr\/products\/refroidisseurs-de-boissons\/dbc026a1bssdb\/","name":"Danby 2.6 cu. Centre de boissons sur pied en Acier Inoxydable - DBC026A1BSSDB | Danby Canada","isPartOf":[],"primaryImageOfPage":[],"image":[],"thumbnailUrl":"https:\/\/www.danby.com\/fr\/wp-content\/uploads\/sites\/2\/2025\/09\/dbc026a1bssdb-thumbnail.jpg","datePublished":"2021-10-20T10:50:21+00:00","dateModified":"2026-04-21T10:10:28+00:00","description":"Que vous receviez des invit\u00e9s ou que vous ayez besoin d'une r\u00e9frig\u00e9ration plus pratique pour votre famille, ce centre de boissons supr\u00eame offre style et praticit\u00e9. Ce centre de boissons est parfait pour l'organisation de la cuisine et l'accueil dans de petits espaces comme un appartement, un condo ou un chalet ! Quels que soient vos besoins, cette unit\u00e9 n'a pas son pareil pour garder vos boissons aussi fra\u00eeches et rafra\u00eechissantes que possible. \u00c9conomisez de l'espace dans le r\u00e9frig\u00e9rateur pour les aliments ou les restes avec ce mod\u00e8le offrant un g\u00e9n\u00e9reux 2,6 pieds cubes (74L) d'espace de refroidissement et de stockage. Refroidissez jusqu'\u00e0 95 (355 ml) canettes de boisson sur trois \u00e9tag\u00e8res r\u00e9glables en fil noir. Vos boissons sont maintenues au frais et joliment \u00e9clair\u00e9es par un syst\u00e8me d'\u00e9clairage int\u00e9rieur \u00e0 LED bleues \u00e9conome en \u00e9nergie. Le thermostat vous permet de programmer et de maintenir facilement la temp\u00e9rature interne entre 6\u00b0C et 14\u00b0C (42,8\u00b0F et 57,2\u00b0F). Ce petit r\u00e9frig\u00e9rateur est \u00e9galement dot\u00e9 d'une ing\u00e9nieuse charni\u00e8re de porte r\u00e9versible qui vous permet de l'ajuster pour une ouverture \u00e0 gauche ou \u00e0 droite.","breadcrumb":[],"inLanguage":"fr-CA","potentialAction":[{"@type":"ReadAction","target":["https:\/\/www.danby.com\/fr\/products\/refroidisseurs-de-boissons\/dbc026a1bssdb\/"]}]},{"@type":"ImageObject","inLanguage":"fr-CA","url":"https:\/\/www.danby.com\/fr\/wp-content\/uploads\/sites\/2\/2025\/09\/dbc026a1bssdb-thumbnail.jpg","contentUrl":"https:\/\/www.danby.com\/fr\/wp-content\/uploads\/sites\/2\/2025\/09\/dbc026a1bssdb-thumbnail.jpg","width":768,"height":1024},{"@type":"BreadcrumbList","itemListElement":[{"@type":"ListItem","position":1,"name":"Home","item":"https:\/\/www.danby.com\/fr\/"},{"@type":"ListItem","position":2,"name":"Boutique","item":"https:\/\/www.danby.com\/fr\/boutique\/"},{"@type":"ListItem","position":3,"name":"Danby 2.6 cu. Centre de boissons sur pied en acier inoxydable"}]},{"@type":"WebSite","url":"https:\/\/www.danby.com\/fr\/","name":"Danby - Canada - French","description":"Leader dans le domaine de la r\u00e9frig\u00e9ration et des appareils sp\u00e9cialis\u00e9s","publisher":[],"potentialAction":[{"@type":"SearchAction","target":{"@type":"EntryPoint","urlTemplate":"https:\/\/www.danby.com\/fr\/?s={search_term_string}"},"query-input":{"@type":"PropertyValueSpecification","valueRequired":true,"valueName":"search_term_string"}}],"inLanguage":"fr-CA"},{"@type":"Organization","name":"Danby Appliances","url":"https:\/\/www.danby.com\/fr\/","logo":{"@type":"ImageObject","inLanguage":"fr-CA","url":"https:\/\/cdnweb.danby.com\/wp-content\/uploads\/sites\/2\/2022\/02\/10141906\/Danby75Ans_Blue.png","contentUrl":"https:\/\/cdnweb.danby.com\/wp-content\/uploads\/sites\/2\/2022\/02\/10141906\/Danby75Ans_Blue.png","width":470,"height":110,"caption":"Danby Appliances"},"image":[],"sameAs":["https:\/\/www.facebook.com\/DanbyAppliances","https:\/\/x.com\/DanbyAppliance","https:\/\/instagram.com\/danbyappliances\/","https:\/\/www.linkedin.com\/company\/danbyappliances","https:\/\/www.pinterest.ca\/danbyappliances\/","https:\/\/www.youtube.com\/user\/DanbyProducts","https:\/\/en.wikipedia.org\/wiki\/Danby_(appliances)"]}]}},"post_mailing_queue_ids":[],"_links":{"self":[{"href":"https:\/\/www.danby.com\/fr\/wp-json\/wp\/v2\/product\/3929","targetHints":{"allow":["GET"]}}],"collection":[{"href":"https:\/\/www.danby.com\/fr\/wp-json\/wp\/v2\/product"}],"about":[{"href":"https:\/\/www.danby.com\/fr\/wp-json\/wp\/v2\/types\/product"}],"replies":[{"embeddable":true,"href":"https:\/\/www.danby.com\/fr\/wp-json\/wp\/v2\/comments?post=3929"}],"wp:featuredmedia":[{"embeddable":true,"href":"https:\/\/www.danby.com\/fr\/wp-json\/wp\/v2\/media\/34920"}],"wp:attachment":[{"href":"https:\/\/www.danby.com\/fr\/wp-json\/wp\/v2\/media?parent=3929"}],"wp:term":[{"taxonomy":"product_brand","embeddable":true,"href":"https:\/\/www.danby.com\/fr\/wp-json\/wp\/v2\/product_brand?post=3929"},{"taxonomy":"product_cat","embeddable":true,"href":"https:\/\/www.danby.com\/fr\/wp-json\/wp\/v2\/product_cat?post=3929"},{"taxonomy":"product_tag","embeddable":true,"href":"https:\/\/www.danby.com\/fr\/wp-json\/wp\/v2\/product_tag?post=3929"}],"curies":[{"name":"wp","href":"https:\/\/api.w.org\/{rel}","templated":true}]}}