{"id":31044,"date":"2025-04-03T13:20:14","date_gmt":"2025-04-03T13:20:14","guid":{"rendered":"https:\/\/www.danby.com\/fr\/products\/non%20class\u00e9\/daim224\/"},"modified":"2026-04-22T10:08:58","modified_gmt":"2026-04-22T10:08:58","slug":"daim224","status":"publish","type":"product","link":"https:\/\/www.danby.com\/fr\/products\/machines-a-glacons\/daim224\/","title":{"rendered":"Danby Machine \u00e0 gla\u00e7ons accessoire pour 14 pi3 TMF 2,7 lb par 24 heures."},"content":{"rendered":"","protected":false},"excerpt":{"rendered":"<ul>\n<li>Produit jusqu\u2019\u00e0 2,7 livres de glace par jour<\/li>\n<li>Stocke jusqu\u2019\u00e0 5,5 livres de glace<\/li>\n<li>Arr\u00eat automatique lorsque le bac \u00e0 gla\u00e7ons est plein<\/li>\n<li>Il est recommand\u00e9 de s\u2019\u00e9teindre en cas de non-utilisation prolong\u00e9e<\/li>\n<li>A utiliser avec les mod\u00e8les DFF142E1SSDB\/WDB, DFF180E1WDB, DFF180E2SSDB, DBM187E1SSDB et DBM187E1WDB.<\/li>\n<li>Certifi\u00e9 NSF 61 et 372 et conforme pour tous les \u00e9tats<\/li>\n<li>115V 60Hz 6W<\/li>\n<li>Remplace DAIM324<\/li>\n<\/ul>\n","protected":false},"featured_media":35265,"comment_status":"open","ping_status":"closed","template":"","meta":{"_acf_changed":false},"product_brand":[],"product_cat":[29],"product_tag":[],"class_list":{"0":"post-31044","1":"product","2":"type-product","3":"status-publish","4":"has-post-thumbnail","6":"product_cat-machines-a-glacons","8":"first","9":"instock","10":"taxable","11":"shipping-taxable","12":"product-type-simple"},"acf":[],"yoast_head":"<!-- This site is optimized with the Yoast SEO plugin v27.4 - https:\/\/yoast.com\/product\/yoast-seo-wordpress\/ -->\n<title>Danby Machine \u00e0 gla\u00e7ons accessoire pour 14 pi3 TMF 2,7 lb par 24 heures. - DAIM224 | Danby Canada<\/title>\n<meta name=\"description\" content=\"Profitez de la commodit\u00e9 de 2,7 livres de gla\u00e7ons fra\u00eechement pr\u00e9par\u00e9s dans votre r\u00e9frig\u00e9rateur avec cet accessoire de machine \u00e0 gla\u00e7ons Danby facile \u00e0 installer. Transformez une section de votre cong\u00e9lateur standard en machine \u00e0 gla\u00e7ons en quatre \u00e9tapes simples. Convient aux cong\u00e9lateurs \u00e0 montage sup\u00e9rieur de 14 pi3 et aux cong\u00e9lateurs \u00e0 montage sup\u00e9rieur et inf\u00e9rieur de 18 pi3. Offrant une capacit\u00e9 de stockage de glace de 5,5 livres, cet accessoire pratique vous \u00e9vitera d&#039;avoir \u00e0 courir au magasin pour acheter de la glace!\" \/>\n<meta name=\"robots\" content=\"index, follow, max-snippet:-1, max-image-preview:large, max-video-preview:-1\" \/>\n<link rel=\"canonical\" href=\"https:\/\/www.danby.com\/fr\/products\/non%20class\u00e9\/daim224\/\" \/>\n<meta property=\"og:locale\" content=\"fr_CA\" \/>\n<meta property=\"og:type\" content=\"article\" \/>\n<meta property=\"og:title\" content=\"Danby Machine \u00e0 gla\u00e7ons accessoire pour 14 pi3 TMF 2,7 lb par 24 heures. - DAIM224 | Danby Canada\" \/>\n<meta property=\"og:description\" content=\"Profitez de la commodit\u00e9 de 2,7 livres de gla\u00e7ons fra\u00eechement pr\u00e9par\u00e9s dans votre r\u00e9frig\u00e9rateur avec cet accessoire de machine \u00e0 gla\u00e7ons Danby facile \u00e0 installer. Transformez une section de votre cong\u00e9lateur standard en machine \u00e0 gla\u00e7ons en quatre \u00e9tapes simples. Convient aux cong\u00e9lateurs \u00e0 montage sup\u00e9rieur de 14 pi3 et aux cong\u00e9lateurs \u00e0 montage sup\u00e9rieur et inf\u00e9rieur de 18 pi3. Offrant une capacit\u00e9 de stockage de glace de 5,5 livres, cet accessoire pratique vous \u00e9vitera d&#039;avoir \u00e0 courir au magasin pour acheter de la glace!\" \/>\n<meta property=\"og:url\" content=\"https:\/\/www.danby.com\/fr\/products\/non class\u00e9\/daim224\/\" \/>\n<meta property=\"og:site_name\" content=\"Danby - Canada - French\" \/>\n<meta property=\"article:publisher\" content=\"https:\/\/www.facebook.com\/DanbyAppliances\" \/>\n<meta property=\"article:modified_time\" content=\"2026-04-22T10:08:58+00:00\" \/>\n<meta property=\"og:image\" content=\"https:\/\/cdnweb.danby.com\/wp-content\/uploads\/sites\/2\/2022\/03\/14160239\/Danby75Ans_OG_FB.png\" \/>\n\t<meta property=\"og:image:width\" content=\"1200\" \/>\n\t<meta property=\"og:image:height\" content=\"630\" \/>\n\t<meta property=\"og:image:type\" content=\"image\/png\" \/>\n<meta name=\"twitter:card\" content=\"summary_large_image\" \/>\n<meta name=\"twitter:site\" content=\"@DanbyAppliance\" \/>\n<script type=\"application\/ld+json\" class=\"yoast-schema-graph\">{\"@context\":\"https:\\\/\\\/schema.org\",\"@graph\":[{\"@type\":[\"WebPage\",\"ItemPage\"],\"url\":\"https:\\\/\\\/www.danby.com\\\/fr\\\/products\\\/non class\u00e9\\\/daim224\\\/\",\"name\":\"Danby Machine \u00e0 gla\u00e7ons accessoire pour 14 pi3 TMF 2,7 lb par 24 heures. - DAIM224 | Danby Canada\",\"isPartOf\":[],\"primaryImageOfPage\":[],\"image\":[],\"thumbnailUrl\":\"https:\\\/\\\/www.danby.com\\\/fr\\\/wp-content\\\/uploads\\\/sites\\\/2\\\/2025\\\/09\\\/daim224-thumbnail.jpg\",\"datePublished\":\"2025-04-03T13:20:14+00:00\",\"dateModified\":\"2026-04-22T10:08:58+00:00\",\"description\":\"Profitez de la commodit\u00e9 de 2,7 livres de gla\u00e7ons fra\u00eechement pr\u00e9par\u00e9s dans votre r\u00e9frig\u00e9rateur avec cet accessoire de machine \u00e0 gla\u00e7ons Danby facile \u00e0 installer. Transformez une section de votre cong\u00e9lateur standard en machine \u00e0 gla\u00e7ons en quatre \u00e9tapes simples. Convient aux cong\u00e9lateurs \u00e0 montage sup\u00e9rieur de 14 pi3 et aux cong\u00e9lateurs \u00e0 montage sup\u00e9rieur et inf\u00e9rieur de 18 pi3. Offrant une capacit\u00e9 de stockage de glace de 5,5 livres, cet accessoire pratique vous \u00e9vitera d'avoir \u00e0 courir au magasin pour acheter de la glace!\",\"breadcrumb\":[],\"inLanguage\":\"fr-CA\",\"potentialAction\":[{\"@type\":\"ReadAction\",\"target\":[\"https:\\\/\\\/www.danby.com\\\/fr\\\/products\\\/non class\u00e9\\\/daim224\\\/\"]}]},{\"@type\":\"ImageObject\",\"inLanguage\":\"fr-CA\",\"url\":\"https:\\\/\\\/www.danby.com\\\/fr\\\/wp-content\\\/uploads\\\/sites\\\/2\\\/2025\\\/09\\\/daim224-thumbnail.jpg\",\"contentUrl\":\"https:\\\/\\\/www.danby.com\\\/fr\\\/wp-content\\\/uploads\\\/sites\\\/2\\\/2025\\\/09\\\/daim224-thumbnail.jpg\",\"width\":768,\"height\":1024},{\"@type\":\"BreadcrumbList\",\"itemListElement\":[{\"@type\":\"ListItem\",\"position\":1,\"name\":\"Home\",\"item\":\"https:\\\/\\\/www.danby.com\\\/fr\\\/\"},{\"@type\":\"ListItem\",\"position\":2,\"name\":\"Boutique\",\"item\":\"https:\\\/\\\/www.danby.com\\\/fr\\\/boutique\\\/\"},{\"@type\":\"ListItem\",\"position\":3,\"name\":\"DAIM224\"}]},{\"@type\":\"WebSite\",\"url\":\"https:\\\/\\\/www.danby.com\\\/fr\\\/\",\"name\":\"Danby - Canada - French\",\"description\":\"Leader dans le domaine de la r\u00e9frig\u00e9ration et des appareils sp\u00e9cialis\u00e9s\",\"publisher\":[],\"potentialAction\":[{\"@type\":\"SearchAction\",\"target\":{\"@type\":\"EntryPoint\",\"urlTemplate\":\"https:\\\/\\\/www.danby.com\\\/fr\\\/?s={search_term_string}\"},\"query-input\":{\"@type\":\"PropertyValueSpecification\",\"valueRequired\":true,\"valueName\":\"search_term_string\"}}],\"inLanguage\":\"fr-CA\"},{\"@type\":\"Organization\",\"name\":\"Danby Appliances\",\"url\":\"https:\\\/\\\/www.danby.com\\\/fr\\\/\",\"logo\":{\"@type\":\"ImageObject\",\"inLanguage\":\"fr-CA\",\"url\":\"https:\\\/\\\/cdnweb.danby.com\\\/wp-content\\\/uploads\\\/sites\\\/2\\\/2022\\\/02\\\/10141906\\\/Danby75Ans_Blue.png\",\"contentUrl\":\"https:\\\/\\\/cdnweb.danby.com\\\/wp-content\\\/uploads\\\/sites\\\/2\\\/2022\\\/02\\\/10141906\\\/Danby75Ans_Blue.png\",\"width\":470,\"height\":110,\"caption\":\"Danby Appliances\"},\"image\":[],\"sameAs\":[\"https:\\\/\\\/www.facebook.com\\\/DanbyAppliances\",\"https:\\\/\\\/x.com\\\/DanbyAppliance\",\"https:\\\/\\\/instagram.com\\\/danbyappliances\\\/\",\"https:\\\/\\\/www.linkedin.com\\\/company\\\/danbyappliances\",\"https:\\\/\\\/www.pinterest.ca\\\/danbyappliances\\\/\",\"https:\\\/\\\/www.youtube.com\\\/user\\\/DanbyProducts\",\"https:\\\/\\\/en.wikipedia.org\\\/wiki\\\/Danby_(appliances)\"]}]}<\/script>\n<!-- \/ Yoast SEO plugin. -->","yoast_head_json":{"title":"Danby Machine \u00e0 gla\u00e7ons accessoire pour 14 pi3 TMF 2,7 lb par 24 heures. - DAIM224 | Danby Canada","description":"Profitez de la commodit\u00e9 de 2,7 livres de gla\u00e7ons fra\u00eechement pr\u00e9par\u00e9s dans votre r\u00e9frig\u00e9rateur avec cet accessoire de machine \u00e0 gla\u00e7ons Danby facile \u00e0 installer. Transformez une section de votre cong\u00e9lateur standard en machine \u00e0 gla\u00e7ons en quatre \u00e9tapes simples. Convient aux cong\u00e9lateurs \u00e0 montage sup\u00e9rieur de 14 pi3 et aux cong\u00e9lateurs \u00e0 montage sup\u00e9rieur et inf\u00e9rieur de 18 pi3. Offrant une capacit\u00e9 de stockage de glace de 5,5 livres, cet accessoire pratique vous \u00e9vitera d'avoir \u00e0 courir au magasin pour acheter de la glace!","robots":{"index":"index","follow":"follow","max-snippet":"max-snippet:-1","max-image-preview":"max-image-preview:large","max-video-preview":"max-video-preview:-1"},"canonical":"https:\/\/www.danby.com\/fr\/products\/non class\u00e9\/daim224\/","og_locale":"fr_CA","og_type":"article","og_title":"Danby Machine \u00e0 gla\u00e7ons accessoire pour 14 pi3 TMF 2,7 lb par 24 heures. - DAIM224 | Danby Canada","og_description":"Profitez de la commodit\u00e9 de 2,7 livres de gla\u00e7ons fra\u00eechement pr\u00e9par\u00e9s dans votre r\u00e9frig\u00e9rateur avec cet accessoire de machine \u00e0 gla\u00e7ons Danby facile \u00e0 installer. Transformez une section de votre cong\u00e9lateur standard en machine \u00e0 gla\u00e7ons en quatre \u00e9tapes simples. Convient aux cong\u00e9lateurs \u00e0 montage sup\u00e9rieur de 14 pi3 et aux cong\u00e9lateurs \u00e0 montage sup\u00e9rieur et inf\u00e9rieur de 18 pi3. Offrant une capacit\u00e9 de stockage de glace de 5,5 livres, cet accessoire pratique vous \u00e9vitera d'avoir \u00e0 courir au magasin pour acheter de la glace!","og_url":"https:\/\/www.danby.com\/fr\/products\/non class\u00e9\/daim224\/","og_site_name":"Danby - Canada - French","article_publisher":"https:\/\/www.facebook.com\/DanbyAppliances","article_modified_time":"2026-04-22T10:08:58+00:00","og_image":[{"width":1200,"height":630,"url":"https:\/\/cdnweb.danby.com\/wp-content\/uploads\/sites\/2\/2022\/03\/14160239\/Danby75Ans_OG_FB.png","type":"image\/png"}],"twitter_card":"summary_large_image","twitter_site":"@DanbyAppliance","schema":{"@context":"https:\/\/schema.org","@graph":[{"@type":["WebPage","ItemPage"],"url":"https:\/\/www.danby.com\/fr\/products\/non class\u00e9\/daim224\/","name":"Danby Machine \u00e0 gla\u00e7ons accessoire pour 14 pi3 TMF 2,7 lb par 24 heures. - DAIM224 | Danby Canada","isPartOf":[],"primaryImageOfPage":[],"image":[],"thumbnailUrl":"https:\/\/www.danby.com\/fr\/wp-content\/uploads\/sites\/2\/2025\/09\/daim224-thumbnail.jpg","datePublished":"2025-04-03T13:20:14+00:00","dateModified":"2026-04-22T10:08:58+00:00","description":"Profitez de la commodit\u00e9 de 2,7 livres de gla\u00e7ons fra\u00eechement pr\u00e9par\u00e9s dans votre r\u00e9frig\u00e9rateur avec cet accessoire de machine \u00e0 gla\u00e7ons Danby facile \u00e0 installer. Transformez une section de votre cong\u00e9lateur standard en machine \u00e0 gla\u00e7ons en quatre \u00e9tapes simples. Convient aux cong\u00e9lateurs \u00e0 montage sup\u00e9rieur de 14 pi3 et aux cong\u00e9lateurs \u00e0 montage sup\u00e9rieur et inf\u00e9rieur de 18 pi3. Offrant une capacit\u00e9 de stockage de glace de 5,5 livres, cet accessoire pratique vous \u00e9vitera d'avoir \u00e0 courir au magasin pour acheter de la glace!","breadcrumb":[],"inLanguage":"fr-CA","potentialAction":[{"@type":"ReadAction","target":["https:\/\/www.danby.com\/fr\/products\/non class\u00e9\/daim224\/"]}]},{"@type":"ImageObject","inLanguage":"fr-CA","url":"https:\/\/www.danby.com\/fr\/wp-content\/uploads\/sites\/2\/2025\/09\/daim224-thumbnail.jpg","contentUrl":"https:\/\/www.danby.com\/fr\/wp-content\/uploads\/sites\/2\/2025\/09\/daim224-thumbnail.jpg","width":768,"height":1024},{"@type":"BreadcrumbList","itemListElement":[{"@type":"ListItem","position":1,"name":"Home","item":"https:\/\/www.danby.com\/fr\/"},{"@type":"ListItem","position":2,"name":"Boutique","item":"https:\/\/www.danby.com\/fr\/boutique\/"},{"@type":"ListItem","position":3,"name":"DAIM224"}]},{"@type":"WebSite","url":"https:\/\/www.danby.com\/fr\/","name":"Danby - Canada - French","description":"Leader dans le domaine de la r\u00e9frig\u00e9ration et des appareils sp\u00e9cialis\u00e9s","publisher":[],"potentialAction":[{"@type":"SearchAction","target":{"@type":"EntryPoint","urlTemplate":"https:\/\/www.danby.com\/fr\/?s={search_term_string}"},"query-input":{"@type":"PropertyValueSpecification","valueRequired":true,"valueName":"search_term_string"}}],"inLanguage":"fr-CA"},{"@type":"Organization","name":"Danby Appliances","url":"https:\/\/www.danby.com\/fr\/","logo":{"@type":"ImageObject","inLanguage":"fr-CA","url":"https:\/\/cdnweb.danby.com\/wp-content\/uploads\/sites\/2\/2022\/02\/10141906\/Danby75Ans_Blue.png","contentUrl":"https:\/\/cdnweb.danby.com\/wp-content\/uploads\/sites\/2\/2022\/02\/10141906\/Danby75Ans_Blue.png","width":470,"height":110,"caption":"Danby Appliances"},"image":[],"sameAs":["https:\/\/www.facebook.com\/DanbyAppliances","https:\/\/x.com\/DanbyAppliance","https:\/\/instagram.com\/danbyappliances\/","https:\/\/www.linkedin.com\/company\/danbyappliances","https:\/\/www.pinterest.ca\/danbyappliances\/","https:\/\/www.youtube.com\/user\/DanbyProducts","https:\/\/en.wikipedia.org\/wiki\/Danby_(appliances)"]}]}},"post_mailing_queue_ids":[],"_links":{"self":[{"href":"https:\/\/www.danby.com\/fr\/wp-json\/wp\/v2\/product\/31044","targetHints":{"allow":["GET"]}}],"collection":[{"href":"https:\/\/www.danby.com\/fr\/wp-json\/wp\/v2\/product"}],"about":[{"href":"https:\/\/www.danby.com\/fr\/wp-json\/wp\/v2\/types\/product"}],"replies":[{"embeddable":true,"href":"https:\/\/www.danby.com\/fr\/wp-json\/wp\/v2\/comments?post=31044"}],"wp:featuredmedia":[{"embeddable":true,"href":"https:\/\/www.danby.com\/fr\/wp-json\/wp\/v2\/media\/35265"}],"wp:attachment":[{"href":"https:\/\/www.danby.com\/fr\/wp-json\/wp\/v2\/media?parent=31044"}],"wp:term":[{"taxonomy":"product_brand","embeddable":true,"href":"https:\/\/www.danby.com\/fr\/wp-json\/wp\/v2\/product_brand?post=31044"},{"taxonomy":"product_cat","embeddable":true,"href":"https:\/\/www.danby.com\/fr\/wp-json\/wp\/v2\/product_cat?post=31044"},{"taxonomy":"product_tag","embeddable":true,"href":"https:\/\/www.danby.com\/fr\/wp-json\/wp\/v2\/product_tag?post=31044"}],"curies":[{"name":"wp","href":"https:\/\/api.w.org\/{rel}","templated":true}]}}