{"id":30935,"date":"2025-03-12T15:54:21","date_gmt":"2025-03-12T15:54:21","guid":{"rendered":"https:\/\/www.danby.com\/fr\/products\/non%20class\u00e9\/dbpd09d21g\/"},"modified":"2026-04-18T10:06:11","modified_gmt":"2026-04-18T10:06:11","slug":"dbpd09d21g","status":"publish","type":"product","link":"https:\/\/www.danby.com\/fr\/products\/ventilateurs\/dbpd09d21g\/","title":{"rendered":"Danby Ventilateur de circulation d\u2019air ultra silencieux \u00e0 9 vitesses de 9 pouces avec t\u00e9l\u00e9commande en gris"},"content":{"rendered":"","protected":false},"excerpt":{"rendered":"<ul>\n<li>Ventilateur de circulation \u00e0 deux pales de 9 pouces sur pi\u00e9destal<\/li>\n<li>3 modes de fonctionnement : Brise, Turbo et Sommeil<\/li>\n<li>Oscillation r\u00e9glable : Haut et bas (30\u00b0 &#8211; 60\u00b0 &#8211; 85\u00b0) et gauche et droite (30\u00b0 &#8211; 60\u00b0 &#8211; 120\u00b0)<\/li>\n<li>Fonctionnement silencieux &#8211; 31dB<\/li>\n<li>Puissant moteur \u00e0 courant continu<\/li>\n<li>Trous de silencieux progressifs pour r\u00e9duire le bruit<\/li>\n<li>T\u00e9l\u00e9commande incluse<\/li>\n<li>Minuterie de 12 heures<\/li>\n<\/ul>\n","protected":false},"featured_media":35260,"comment_status":"open","ping_status":"closed","template":"","meta":{"_acf_changed":false},"product_brand":[],"product_cat":[1449,1404],"product_tag":[],"class_list":{"0":"post-30935","1":"product","2":"type-product","3":"status-publish","4":"has-post-thumbnail","6":"product_cat-sales","7":"product_cat-ventilateurs","9":"first","10":"instock","11":"taxable","12":"shipping-taxable","13":"purchasable","14":"product-type-simple"},"acf":[],"yoast_head":"<!-- This site is optimized with the Yoast SEO plugin v26.7 - https:\/\/yoast.com\/wordpress\/plugins\/seo\/ -->\n<title>Danby Ventilateur de circulation d\u2019air ultra silencieux \u00e0 9 vitesses de 9 pouces avec t\u00e9l\u00e9commande en gris - DBPD09D21G | Danby Canada<\/title>\n<meta name=\"description\" content=\"Faites l&#039;exp\u00e9rience d&#039;un refroidissement puissant et personnalisable avec notre ventilateur de circulation \u00e0 deux pales de 9 pouces sur pi\u00e9destal. Dot\u00e9 d&#039;un moteur \u00e0 courant continu pour une meilleure efficacit\u00e9 \u00e9nerg\u00e9tique, ce ventilateur offre trois modes de fonctionnement - Brise, Turbo et Sommeil - pour s&#039;adapter \u00e0 tous les environnements. Il fonctionne silencieusement (31 dB) gr\u00e2ce \u00e0 ses orifices de r\u00e9duction progressive du bruit, tandis que l&#039;oscillation r\u00e9glable (jusqu&#039;\u00e0 120\u00b0 d&#039;un c\u00f4t\u00e9 \u00e0 l&#039;autre et 85\u00b0 de haut en bas) assure une r\u00e9partition homog\u00e8ne du flux d&#039;air. La t\u00e9l\u00e9commande incluse permet de le contr\u00f4ler sans effort, rendant le confort plus pratique que jamais.\" \/>\n<meta name=\"robots\" content=\"index, follow, max-snippet:-1, max-image-preview:large, max-video-preview:-1\" \/>\n<link rel=\"canonical\" href=\"https:\/\/www.danby.com\/fr\/products\/non%20class\u00e9\/dbpd09d21g\/\" \/>\n<meta property=\"og:locale\" content=\"fr_CA\" \/>\n<meta property=\"og:type\" content=\"article\" \/>\n<meta property=\"og:title\" content=\"Danby Ventilateur de circulation d\u2019air ultra silencieux \u00e0 9 vitesses de 9 pouces avec t\u00e9l\u00e9commande en gris - DBPD09D21G | Danby Canada\" \/>\n<meta property=\"og:description\" content=\"Faites l&#039;exp\u00e9rience d&#039;un refroidissement puissant et personnalisable avec notre ventilateur de circulation \u00e0 deux pales de 9 pouces sur pi\u00e9destal. Dot\u00e9 d&#039;un moteur \u00e0 courant continu pour une meilleure efficacit\u00e9 \u00e9nerg\u00e9tique, ce ventilateur offre trois modes de fonctionnement - Brise, Turbo et Sommeil - pour s&#039;adapter \u00e0 tous les environnements. Il fonctionne silencieusement (31 dB) gr\u00e2ce \u00e0 ses orifices de r\u00e9duction progressive du bruit, tandis que l&#039;oscillation r\u00e9glable (jusqu&#039;\u00e0 120\u00b0 d&#039;un c\u00f4t\u00e9 \u00e0 l&#039;autre et 85\u00b0 de haut en bas) assure une r\u00e9partition homog\u00e8ne du flux d&#039;air. La t\u00e9l\u00e9commande incluse permet de le contr\u00f4ler sans effort, rendant le confort plus pratique que jamais.\" \/>\n<meta property=\"og:url\" content=\"https:\/\/www.danby.com\/fr\/products\/non class\u00e9\/dbpd09d21g\/\" \/>\n<meta property=\"og:site_name\" content=\"Danby - Canada - French\" \/>\n<meta property=\"article:publisher\" content=\"https:\/\/www.facebook.com\/DanbyAppliances\" \/>\n<meta property=\"article:modified_time\" content=\"2026-04-18T10:06:11+00:00\" \/>\n<meta property=\"og:image\" content=\"https:\/\/cdnweb.danby.com\/wp-content\/uploads\/sites\/2\/2022\/03\/14160239\/Danby75Ans_OG_FB.png\" \/>\n\t<meta property=\"og:image:width\" content=\"1200\" \/>\n\t<meta property=\"og:image:height\" content=\"630\" \/>\n\t<meta property=\"og:image:type\" content=\"image\/png\" \/>\n<meta name=\"twitter:card\" content=\"summary_large_image\" \/>\n<meta name=\"twitter:site\" content=\"@DanbyAppliance\" \/>\n<script type=\"application\/ld+json\" class=\"yoast-schema-graph\">{\"@context\":\"https:\/\/schema.org\",\"@graph\":[{\"@type\":[\"WebPage\",\"ItemPage\"],\"url\":\"https:\/\/www.danby.com\/fr\/products\/non class\u00e9\/dbpd09d21g\/\",\"name\":\"Danby Ventilateur de circulation d\u2019air ultra silencieux \u00e0 9 vitesses de 9 pouces avec t\u00e9l\u00e9commande en gris - DBPD09D21G | Danby Canada\",\"isPartOf\":[],\"primaryImageOfPage\":[],\"image\":[],\"thumbnailUrl\":\"https:\/\/www.danby.com\/fr\/wp-content\/uploads\/sites\/2\/2025\/09\/dbpd09d21g-thumbnail.jpg\",\"datePublished\":\"2025-03-12T15:54:21+00:00\",\"dateModified\":\"2026-04-18T10:06:11+00:00\",\"description\":\"Faites l'exp\u00e9rience d'un refroidissement puissant et personnalisable avec notre ventilateur de circulation \u00e0 deux pales de 9 pouces sur pi\u00e9destal. Dot\u00e9 d'un moteur \u00e0 courant continu pour une meilleure efficacit\u00e9 \u00e9nerg\u00e9tique, ce ventilateur offre trois modes de fonctionnement - Brise, Turbo et Sommeil - pour s'adapter \u00e0 tous les environnements. Il fonctionne silencieusement (31 dB) gr\u00e2ce \u00e0 ses orifices de r\u00e9duction progressive du bruit, tandis que l'oscillation r\u00e9glable (jusqu'\u00e0 120\u00b0 d'un c\u00f4t\u00e9 \u00e0 l'autre et 85\u00b0 de haut en bas) assure une r\u00e9partition homog\u00e8ne du flux d'air. La t\u00e9l\u00e9commande incluse permet de le contr\u00f4ler sans effort, rendant le confort plus pratique que jamais.\",\"breadcrumb\":[],\"inLanguage\":\"fr-CA\",\"potentialAction\":[{\"@type\":\"ReadAction\",\"target\":[\"https:\/\/www.danby.com\/fr\/products\/non class\u00e9\/dbpd09d21g\/\"]}]},{\"@type\":\"ImageObject\",\"inLanguage\":\"fr-CA\",\"url\":\"https:\/\/www.danby.com\/fr\/wp-content\/uploads\/sites\/2\/2025\/09\/dbpd09d21g-thumbnail.jpg\",\"contentUrl\":\"https:\/\/www.danby.com\/fr\/wp-content\/uploads\/sites\/2\/2025\/09\/dbpd09d21g-thumbnail.jpg\",\"width\":768,\"height\":1024},{\"@type\":\"BreadcrumbList\",\"itemListElement\":[{\"@type\":\"ListItem\",\"position\":1,\"name\":\"Home\",\"item\":\"https:\/\/www.danby.com\/fr\/\"},{\"@type\":\"ListItem\",\"position\":2,\"name\":\"Boutique\",\"item\":\"https:\/\/www.danby.com\/fr\/boutique\/\"},{\"@type\":\"ListItem\",\"position\":3,\"name\":\"DBPD09D21G\"}]},{\"@type\":\"WebSite\",\"url\":\"https:\/\/www.danby.com\/fr\/\",\"name\":\"Danby - Canada - French\",\"description\":\"Leader dans le domaine de la r\u00e9frig\u00e9ration et des appareils sp\u00e9cialis\u00e9s\",\"publisher\":[],\"potentialAction\":[{\"@type\":\"SearchAction\",\"target\":{\"@type\":\"EntryPoint\",\"urlTemplate\":\"https:\/\/www.danby.com\/fr\/?s={search_term_string}\"},\"query-input\":{\"@type\":\"PropertyValueSpecification\",\"valueRequired\":true,\"valueName\":\"search_term_string\"}}],\"inLanguage\":\"fr-CA\"},{\"@type\":\"Organization\",\"name\":\"Danby Appliances\",\"url\":\"https:\/\/www.danby.com\/fr\/\",\"logo\":{\"@type\":\"ImageObject\",\"inLanguage\":\"fr-CA\",\"url\":\"https:\/\/cdnweb.danby.com\/wp-content\/uploads\/sites\/2\/2022\/02\/10141906\/Danby75Ans_Blue.png\",\"contentUrl\":\"https:\/\/cdnweb.danby.com\/wp-content\/uploads\/sites\/2\/2022\/02\/10141906\/Danby75Ans_Blue.png\",\"width\":470,\"height\":110,\"caption\":\"Danby Appliances\"},\"image\":[],\"sameAs\":[\"https:\/\/www.facebook.com\/DanbyAppliances\",\"https:\/\/x.com\/DanbyAppliance\",\"https:\/\/instagram.com\/danbyappliances\/\",\"https:\/\/www.linkedin.com\/company\/danbyappliances\",\"https:\/\/www.pinterest.ca\/danbyappliances\/\",\"https:\/\/www.youtube.com\/user\/DanbyProducts\",\"https:\/\/en.wikipedia.org\/wiki\/Danby_(appliances)\"]}]}<\/script>\n<!-- \/ Yoast SEO plugin. -->","yoast_head_json":{"title":"Danby Ventilateur de circulation d\u2019air ultra silencieux \u00e0 9 vitesses de 9 pouces avec t\u00e9l\u00e9commande en gris - DBPD09D21G | Danby Canada","description":"Faites l'exp\u00e9rience d'un refroidissement puissant et personnalisable avec notre ventilateur de circulation \u00e0 deux pales de 9 pouces sur pi\u00e9destal. Dot\u00e9 d'un moteur \u00e0 courant continu pour une meilleure efficacit\u00e9 \u00e9nerg\u00e9tique, ce ventilateur offre trois modes de fonctionnement - Brise, Turbo et Sommeil - pour s'adapter \u00e0 tous les environnements. Il fonctionne silencieusement (31 dB) gr\u00e2ce \u00e0 ses orifices de r\u00e9duction progressive du bruit, tandis que l'oscillation r\u00e9glable (jusqu'\u00e0 120\u00b0 d'un c\u00f4t\u00e9 \u00e0 l'autre et 85\u00b0 de haut en bas) assure une r\u00e9partition homog\u00e8ne du flux d'air. La t\u00e9l\u00e9commande incluse permet de le contr\u00f4ler sans effort, rendant le confort plus pratique que jamais.","robots":{"index":"index","follow":"follow","max-snippet":"max-snippet:-1","max-image-preview":"max-image-preview:large","max-video-preview":"max-video-preview:-1"},"canonical":"https:\/\/www.danby.com\/fr\/products\/non class\u00e9\/dbpd09d21g\/","og_locale":"fr_CA","og_type":"article","og_title":"Danby Ventilateur de circulation d\u2019air ultra silencieux \u00e0 9 vitesses de 9 pouces avec t\u00e9l\u00e9commande en gris - DBPD09D21G | Danby Canada","og_description":"Faites l'exp\u00e9rience d'un refroidissement puissant et personnalisable avec notre ventilateur de circulation \u00e0 deux pales de 9 pouces sur pi\u00e9destal. Dot\u00e9 d'un moteur \u00e0 courant continu pour une meilleure efficacit\u00e9 \u00e9nerg\u00e9tique, ce ventilateur offre trois modes de fonctionnement - Brise, Turbo et Sommeil - pour s'adapter \u00e0 tous les environnements. Il fonctionne silencieusement (31 dB) gr\u00e2ce \u00e0 ses orifices de r\u00e9duction progressive du bruit, tandis que l'oscillation r\u00e9glable (jusqu'\u00e0 120\u00b0 d'un c\u00f4t\u00e9 \u00e0 l'autre et 85\u00b0 de haut en bas) assure une r\u00e9partition homog\u00e8ne du flux d'air. La t\u00e9l\u00e9commande incluse permet de le contr\u00f4ler sans effort, rendant le confort plus pratique que jamais.","og_url":"https:\/\/www.danby.com\/fr\/products\/non class\u00e9\/dbpd09d21g\/","og_site_name":"Danby - Canada - French","article_publisher":"https:\/\/www.facebook.com\/DanbyAppliances","article_modified_time":"2026-04-18T10:06:11+00:00","og_image":[{"width":1200,"height":630,"url":"https:\/\/cdnweb.danby.com\/wp-content\/uploads\/sites\/2\/2022\/03\/14160239\/Danby75Ans_OG_FB.png","type":"image\/png"}],"twitter_card":"summary_large_image","twitter_site":"@DanbyAppliance","schema":{"@context":"https:\/\/schema.org","@graph":[{"@type":["WebPage","ItemPage"],"url":"https:\/\/www.danby.com\/fr\/products\/non class\u00e9\/dbpd09d21g\/","name":"Danby Ventilateur de circulation d\u2019air ultra silencieux \u00e0 9 vitesses de 9 pouces avec t\u00e9l\u00e9commande en gris - DBPD09D21G | Danby Canada","isPartOf":[],"primaryImageOfPage":[],"image":[],"thumbnailUrl":"https:\/\/www.danby.com\/fr\/wp-content\/uploads\/sites\/2\/2025\/09\/dbpd09d21g-thumbnail.jpg","datePublished":"2025-03-12T15:54:21+00:00","dateModified":"2026-04-18T10:06:11+00:00","description":"Faites l'exp\u00e9rience d'un refroidissement puissant et personnalisable avec notre ventilateur de circulation \u00e0 deux pales de 9 pouces sur pi\u00e9destal. Dot\u00e9 d'un moteur \u00e0 courant continu pour une meilleure efficacit\u00e9 \u00e9nerg\u00e9tique, ce ventilateur offre trois modes de fonctionnement - Brise, Turbo et Sommeil - pour s'adapter \u00e0 tous les environnements. Il fonctionne silencieusement (31 dB) gr\u00e2ce \u00e0 ses orifices de r\u00e9duction progressive du bruit, tandis que l'oscillation r\u00e9glable (jusqu'\u00e0 120\u00b0 d'un c\u00f4t\u00e9 \u00e0 l'autre et 85\u00b0 de haut en bas) assure une r\u00e9partition homog\u00e8ne du flux d'air. La t\u00e9l\u00e9commande incluse permet de le contr\u00f4ler sans effort, rendant le confort plus pratique que jamais.","breadcrumb":[],"inLanguage":"fr-CA","potentialAction":[{"@type":"ReadAction","target":["https:\/\/www.danby.com\/fr\/products\/non class\u00e9\/dbpd09d21g\/"]}]},{"@type":"ImageObject","inLanguage":"fr-CA","url":"https:\/\/www.danby.com\/fr\/wp-content\/uploads\/sites\/2\/2025\/09\/dbpd09d21g-thumbnail.jpg","contentUrl":"https:\/\/www.danby.com\/fr\/wp-content\/uploads\/sites\/2\/2025\/09\/dbpd09d21g-thumbnail.jpg","width":768,"height":1024},{"@type":"BreadcrumbList","itemListElement":[{"@type":"ListItem","position":1,"name":"Home","item":"https:\/\/www.danby.com\/fr\/"},{"@type":"ListItem","position":2,"name":"Boutique","item":"https:\/\/www.danby.com\/fr\/boutique\/"},{"@type":"ListItem","position":3,"name":"DBPD09D21G"}]},{"@type":"WebSite","url":"https:\/\/www.danby.com\/fr\/","name":"Danby - Canada - French","description":"Leader dans le domaine de la r\u00e9frig\u00e9ration et des appareils sp\u00e9cialis\u00e9s","publisher":[],"potentialAction":[{"@type":"SearchAction","target":{"@type":"EntryPoint","urlTemplate":"https:\/\/www.danby.com\/fr\/?s={search_term_string}"},"query-input":{"@type":"PropertyValueSpecification","valueRequired":true,"valueName":"search_term_string"}}],"inLanguage":"fr-CA"},{"@type":"Organization","name":"Danby Appliances","url":"https:\/\/www.danby.com\/fr\/","logo":{"@type":"ImageObject","inLanguage":"fr-CA","url":"https:\/\/cdnweb.danby.com\/wp-content\/uploads\/sites\/2\/2022\/02\/10141906\/Danby75Ans_Blue.png","contentUrl":"https:\/\/cdnweb.danby.com\/wp-content\/uploads\/sites\/2\/2022\/02\/10141906\/Danby75Ans_Blue.png","width":470,"height":110,"caption":"Danby Appliances"},"image":[],"sameAs":["https:\/\/www.facebook.com\/DanbyAppliances","https:\/\/x.com\/DanbyAppliance","https:\/\/instagram.com\/danbyappliances\/","https:\/\/www.linkedin.com\/company\/danbyappliances","https:\/\/www.pinterest.ca\/danbyappliances\/","https:\/\/www.youtube.com\/user\/DanbyProducts","https:\/\/en.wikipedia.org\/wiki\/Danby_(appliances)"]}]}},"post_mailing_queue_ids":[],"_links":{"self":[{"href":"https:\/\/www.danby.com\/fr\/wp-json\/wp\/v2\/product\/30935","targetHints":{"allow":["GET"]}}],"collection":[{"href":"https:\/\/www.danby.com\/fr\/wp-json\/wp\/v2\/product"}],"about":[{"href":"https:\/\/www.danby.com\/fr\/wp-json\/wp\/v2\/types\/product"}],"replies":[{"embeddable":true,"href":"https:\/\/www.danby.com\/fr\/wp-json\/wp\/v2\/comments?post=30935"}],"wp:featuredmedia":[{"embeddable":true,"href":"https:\/\/www.danby.com\/fr\/wp-json\/wp\/v2\/media\/35260"}],"wp:attachment":[{"href":"https:\/\/www.danby.com\/fr\/wp-json\/wp\/v2\/media?parent=30935"}],"wp:term":[{"taxonomy":"product_brand","embeddable":true,"href":"https:\/\/www.danby.com\/fr\/wp-json\/wp\/v2\/product_brand?post=30935"},{"taxonomy":"product_cat","embeddable":true,"href":"https:\/\/www.danby.com\/fr\/wp-json\/wp\/v2\/product_cat?post=30935"},{"taxonomy":"product_tag","embeddable":true,"href":"https:\/\/www.danby.com\/fr\/wp-json\/wp\/v2\/product_tag?post=30935"}],"curies":[{"name":"wp","href":"https:\/\/api.w.org\/{rel}","templated":true}]}}