{"id":30216,"date":"2025-01-23T20:24:56","date_gmt":"2025-01-23T20:24:56","guid":{"rendered":"https:\/\/www.danby.com\/fr\/products\/non%20class\u00e9\/dbmw1361abss\/"},"modified":"2026-04-26T10:02:55","modified_gmt":"2026-04-26T10:02:55","slug":"dbmw1361abss","status":"publish","type":"product","link":"https:\/\/www.danby.com\/fr\/products\/fours-a-micro-ondes\/dbmw1361abss\/","title":{"rendered":"Danby Micro-ondes de comptoir multifonction de 1,3 pi\u00b3 avec Air Fry en Acier Inoxydable"},"content":{"rendered":"","protected":false},"excerpt":{"rendered":"<ul>\n<li>Micro-ondes d&#8217;une capacit\u00e9 de 1,3 pi\u00b3 avec une puissance de 1000 watts<\/li>\n<li>Fonctionnalit\u00e9 4-en-1 : Micro-ondes, Friture \u00e0 air, Convection et modes Micro-ondes + Convection<\/li>\n<li>Pr\u00e9r\u00e9glages de cuisson automatique du micro-ondes : Pop-corn, Pomme de terre, Boisson, Plat surgel\u00e9 et R\u00e9chauffage<\/li>\n<li>Options de d\u00e9cong\u00e9lation automatique : D\u00e9cong\u00e9lation par temps ou poids pour un r\u00e9sultat pr\u00e9cis<\/li>\n<li>Verrouillage de s\u00e9curit\u00e9 enfant pour une protection suppl\u00e9mentaire<\/li>\n<li>Inclut une plaque de cuisson et de r\u00f4tissage pour une cuisine polyvalente<\/li>\n<li>*Conforme \u00e0 l\u2019ADA : r\u00e9pond aux exigences applicables des normes ADA de 2010 lorsqu\u2019il est install\u00e9 conform\u00e9ment aux lignes directrices de l\u2019ADA.<\/li>\n<\/ul>\n","protected":false},"featured_media":39518,"comment_status":"open","ping_status":"closed","template":"","meta":{"_acf_changed":false},"product_brand":[],"product_cat":[32],"product_tag":[],"class_list":{"0":"post-30216","1":"product","2":"type-product","3":"status-publish","4":"has-post-thumbnail","6":"product_cat-fours-a-micro-ondes","8":"first","9":"instock","10":"taxable","11":"shipping-taxable","12":"product-type-simple"},"acf":[],"yoast_head":"<!-- This site is optimized with the Yoast SEO plugin v27.4 - https:\/\/yoast.com\/product\/yoast-seo-wordpress\/ -->\n<title>Danby Micro-ondes de comptoir multifonction de 1,3 pi\u00b3 avec Air Fry en Acier Inoxydable - DBMW1361ABSS | Danby Canada<\/title>\n<meta name=\"description\" content=\"Le micro-ondes de comptoir Danby DBMW1361ABSS de 1,3 pi cu en acier inoxydable combine fonctionnalit\u00e9 et commodit\u00e9 dans un design \u00e9l\u00e9gant. Avec une puissance de 1000 watts et 11 niveaux de puissance, il offre un contr\u00f4le pr\u00e9cis de la cuisson. Il propose cinq options de cuisson automatique, dont le pop-corn, les pommes de terre, les boissons, les plats surgel\u00e9s et le r\u00e9chauffage, pour une pr\u00e9paration rapide des repas. Les touches de cuisson express permettent une cuisson rapide et minut\u00e9e de 1 \u00e0 6 minutes, tandis que la fonction d&#039;ajout de 30 secondes vous permet de prolonger facilement le temps de cuisson. Les options de d\u00e9cong\u00e9lation automatique garantissent une d\u00e9cong\u00e9lation parfaite en fonction du temps ou du poids. Ce four \u00e0 micro-ondes b\u00e9n\u00e9ficie d&#039;une garantie de 12 mois sur les pi\u00e8ces et la main-d&#039;\u0153uvre, avec service de prise en charge, ce qui en fait un choix fiable pour n&#039;importe quelle cuisine.\" \/>\n<meta name=\"robots\" content=\"index, follow, max-snippet:-1, max-image-preview:large, max-video-preview:-1\" \/>\n<link rel=\"canonical\" href=\"https:\/\/www.danby.com\/fr\/products\/non%20class\u00e9\/dbmw1361abss\/\" \/>\n<meta property=\"og:locale\" content=\"fr_CA\" \/>\n<meta property=\"og:type\" content=\"article\" \/>\n<meta property=\"og:title\" content=\"Danby Micro-ondes de comptoir multifonction de 1,3 pi\u00b3 avec Air Fry en Acier Inoxydable - DBMW1361ABSS | Danby Canada\" \/>\n<meta property=\"og:description\" content=\"Le micro-ondes de comptoir Danby DBMW1361ABSS de 1,3 pi cu en acier inoxydable combine fonctionnalit\u00e9 et commodit\u00e9 dans un design \u00e9l\u00e9gant. Avec une puissance de 1000 watts et 11 niveaux de puissance, il offre un contr\u00f4le pr\u00e9cis de la cuisson. Il propose cinq options de cuisson automatique, dont le pop-corn, les pommes de terre, les boissons, les plats surgel\u00e9s et le r\u00e9chauffage, pour une pr\u00e9paration rapide des repas. Les touches de cuisson express permettent une cuisson rapide et minut\u00e9e de 1 \u00e0 6 minutes, tandis que la fonction d&#039;ajout de 30 secondes vous permet de prolonger facilement le temps de cuisson. Les options de d\u00e9cong\u00e9lation automatique garantissent une d\u00e9cong\u00e9lation parfaite en fonction du temps ou du poids. Ce four \u00e0 micro-ondes b\u00e9n\u00e9ficie d&#039;une garantie de 12 mois sur les pi\u00e8ces et la main-d&#039;\u0153uvre, avec service de prise en charge, ce qui en fait un choix fiable pour n&#039;importe quelle cuisine.\" \/>\n<meta property=\"og:url\" content=\"https:\/\/www.danby.com\/fr\/products\/non class\u00e9\/dbmw1361abss\/\" \/>\n<meta property=\"og:site_name\" content=\"Danby - Canada - French\" \/>\n<meta property=\"article:publisher\" content=\"https:\/\/www.facebook.com\/DanbyAppliances\" \/>\n<meta property=\"article:modified_time\" content=\"2026-04-26T10:02:55+00:00\" \/>\n<meta property=\"og:image\" content=\"https:\/\/cdnweb.danby.com\/wp-content\/uploads\/sites\/2\/2022\/03\/14160239\/Danby75Ans_OG_FB.png\" \/>\n\t<meta property=\"og:image:width\" content=\"1200\" \/>\n\t<meta property=\"og:image:height\" content=\"630\" \/>\n\t<meta property=\"og:image:type\" content=\"image\/png\" \/>\n<meta name=\"twitter:card\" content=\"summary_large_image\" \/>\n<meta name=\"twitter:site\" content=\"@DanbyAppliance\" \/>\n<script type=\"application\/ld+json\" class=\"yoast-schema-graph\">{\"@context\":\"https:\\\/\\\/schema.org\",\"@graph\":[{\"@type\":[\"WebPage\",\"ItemPage\"],\"url\":\"https:\\\/\\\/www.danby.com\\\/fr\\\/products\\\/non class\u00e9\\\/dbmw1361abss\\\/\",\"name\":\"Danby Micro-ondes de comptoir multifonction de 1,3 pi\u00b3 avec Air Fry en Acier Inoxydable - DBMW1361ABSS | Danby Canada\",\"isPartOf\":[],\"primaryImageOfPage\":[],\"image\":[],\"thumbnailUrl\":\"https:\\\/\\\/www.danby.com\\\/fr\\\/wp-content\\\/uploads\\\/sites\\\/2\\\/2026\\\/03\\\/dbmw1361abss-thumbnail-ada.jpg\",\"datePublished\":\"2025-01-23T20:24:56+00:00\",\"dateModified\":\"2026-04-26T10:02:55+00:00\",\"description\":\"Le micro-ondes de comptoir Danby DBMW1361ABSS de 1,3 pi cu en acier inoxydable combine fonctionnalit\u00e9 et commodit\u00e9 dans un design \u00e9l\u00e9gant. Avec une puissance de 1000 watts et 11 niveaux de puissance, il offre un contr\u00f4le pr\u00e9cis de la cuisson. Il propose cinq options de cuisson automatique, dont le pop-corn, les pommes de terre, les boissons, les plats surgel\u00e9s et le r\u00e9chauffage, pour une pr\u00e9paration rapide des repas. Les touches de cuisson express permettent une cuisson rapide et minut\u00e9e de 1 \u00e0 6 minutes, tandis que la fonction d'ajout de 30 secondes vous permet de prolonger facilement le temps de cuisson. Les options de d\u00e9cong\u00e9lation automatique garantissent une d\u00e9cong\u00e9lation parfaite en fonction du temps ou du poids. Ce four \u00e0 micro-ondes b\u00e9n\u00e9ficie d'une garantie de 12 mois sur les pi\u00e8ces et la main-d'\u0153uvre, avec service de prise en charge, ce qui en fait un choix fiable pour n'importe quelle cuisine.\",\"breadcrumb\":[],\"inLanguage\":\"fr-CA\",\"potentialAction\":[{\"@type\":\"ReadAction\",\"target\":[\"https:\\\/\\\/www.danby.com\\\/fr\\\/products\\\/non class\u00e9\\\/dbmw1361abss\\\/\"]}]},{\"@type\":\"ImageObject\",\"inLanguage\":\"fr-CA\",\"url\":\"https:\\\/\\\/www.danby.com\\\/fr\\\/wp-content\\\/uploads\\\/sites\\\/2\\\/2026\\\/03\\\/dbmw1361abss-thumbnail-ada.jpg\",\"contentUrl\":\"https:\\\/\\\/www.danby.com\\\/fr\\\/wp-content\\\/uploads\\\/sites\\\/2\\\/2026\\\/03\\\/dbmw1361abss-thumbnail-ada.jpg\",\"width\":768,\"height\":1024},{\"@type\":\"BreadcrumbList\",\"itemListElement\":[{\"@type\":\"ListItem\",\"position\":1,\"name\":\"Home\",\"item\":\"https:\\\/\\\/www.danby.com\\\/fr\\\/\"},{\"@type\":\"ListItem\",\"position\":2,\"name\":\"Boutique\",\"item\":\"https:\\\/\\\/www.danby.com\\\/fr\\\/boutique\\\/\"},{\"@type\":\"ListItem\",\"position\":3,\"name\":\"DBMW1361ABSS\"}]},{\"@type\":\"WebSite\",\"url\":\"https:\\\/\\\/www.danby.com\\\/fr\\\/\",\"name\":\"Danby - Canada - French\",\"description\":\"Leader dans le domaine de la r\u00e9frig\u00e9ration et des appareils sp\u00e9cialis\u00e9s\",\"publisher\":[],\"potentialAction\":[{\"@type\":\"SearchAction\",\"target\":{\"@type\":\"EntryPoint\",\"urlTemplate\":\"https:\\\/\\\/www.danby.com\\\/fr\\\/?s={search_term_string}\"},\"query-input\":{\"@type\":\"PropertyValueSpecification\",\"valueRequired\":true,\"valueName\":\"search_term_string\"}}],\"inLanguage\":\"fr-CA\"},{\"@type\":\"Organization\",\"name\":\"Danby Appliances\",\"url\":\"https:\\\/\\\/www.danby.com\\\/fr\\\/\",\"logo\":{\"@type\":\"ImageObject\",\"inLanguage\":\"fr-CA\",\"url\":\"https:\\\/\\\/cdnweb.danby.com\\\/wp-content\\\/uploads\\\/sites\\\/2\\\/2022\\\/02\\\/10141906\\\/Danby75Ans_Blue.png\",\"contentUrl\":\"https:\\\/\\\/cdnweb.danby.com\\\/wp-content\\\/uploads\\\/sites\\\/2\\\/2022\\\/02\\\/10141906\\\/Danby75Ans_Blue.png\",\"width\":470,\"height\":110,\"caption\":\"Danby Appliances\"},\"image\":[],\"sameAs\":[\"https:\\\/\\\/www.facebook.com\\\/DanbyAppliances\",\"https:\\\/\\\/x.com\\\/DanbyAppliance\",\"https:\\\/\\\/instagram.com\\\/danbyappliances\\\/\",\"https:\\\/\\\/www.linkedin.com\\\/company\\\/danbyappliances\",\"https:\\\/\\\/www.pinterest.ca\\\/danbyappliances\\\/\",\"https:\\\/\\\/www.youtube.com\\\/user\\\/DanbyProducts\",\"https:\\\/\\\/en.wikipedia.org\\\/wiki\\\/Danby_(appliances)\"]}]}<\/script>\n<!-- \/ Yoast SEO plugin. -->","yoast_head_json":{"title":"Danby Micro-ondes de comptoir multifonction de 1,3 pi\u00b3 avec Air Fry en Acier Inoxydable - DBMW1361ABSS | Danby Canada","description":"Le micro-ondes de comptoir Danby DBMW1361ABSS de 1,3 pi cu en acier inoxydable combine fonctionnalit\u00e9 et commodit\u00e9 dans un design \u00e9l\u00e9gant. Avec une puissance de 1000 watts et 11 niveaux de puissance, il offre un contr\u00f4le pr\u00e9cis de la cuisson. Il propose cinq options de cuisson automatique, dont le pop-corn, les pommes de terre, les boissons, les plats surgel\u00e9s et le r\u00e9chauffage, pour une pr\u00e9paration rapide des repas. Les touches de cuisson express permettent une cuisson rapide et minut\u00e9e de 1 \u00e0 6 minutes, tandis que la fonction d'ajout de 30 secondes vous permet de prolonger facilement le temps de cuisson. Les options de d\u00e9cong\u00e9lation automatique garantissent une d\u00e9cong\u00e9lation parfaite en fonction du temps ou du poids. Ce four \u00e0 micro-ondes b\u00e9n\u00e9ficie d'une garantie de 12 mois sur les pi\u00e8ces et la main-d'\u0153uvre, avec service de prise en charge, ce qui en fait un choix fiable pour n'importe quelle cuisine.","robots":{"index":"index","follow":"follow","max-snippet":"max-snippet:-1","max-image-preview":"max-image-preview:large","max-video-preview":"max-video-preview:-1"},"canonical":"https:\/\/www.danby.com\/fr\/products\/non class\u00e9\/dbmw1361abss\/","og_locale":"fr_CA","og_type":"article","og_title":"Danby Micro-ondes de comptoir multifonction de 1,3 pi\u00b3 avec Air Fry en Acier Inoxydable - DBMW1361ABSS | Danby Canada","og_description":"Le micro-ondes de comptoir Danby DBMW1361ABSS de 1,3 pi cu en acier inoxydable combine fonctionnalit\u00e9 et commodit\u00e9 dans un design \u00e9l\u00e9gant. Avec une puissance de 1000 watts et 11 niveaux de puissance, il offre un contr\u00f4le pr\u00e9cis de la cuisson. Il propose cinq options de cuisson automatique, dont le pop-corn, les pommes de terre, les boissons, les plats surgel\u00e9s et le r\u00e9chauffage, pour une pr\u00e9paration rapide des repas. Les touches de cuisson express permettent une cuisson rapide et minut\u00e9e de 1 \u00e0 6 minutes, tandis que la fonction d'ajout de 30 secondes vous permet de prolonger facilement le temps de cuisson. Les options de d\u00e9cong\u00e9lation automatique garantissent une d\u00e9cong\u00e9lation parfaite en fonction du temps ou du poids. Ce four \u00e0 micro-ondes b\u00e9n\u00e9ficie d'une garantie de 12 mois sur les pi\u00e8ces et la main-d'\u0153uvre, avec service de prise en charge, ce qui en fait un choix fiable pour n'importe quelle cuisine.","og_url":"https:\/\/www.danby.com\/fr\/products\/non class\u00e9\/dbmw1361abss\/","og_site_name":"Danby - Canada - French","article_publisher":"https:\/\/www.facebook.com\/DanbyAppliances","article_modified_time":"2026-04-26T10:02:55+00:00","og_image":[{"width":1200,"height":630,"url":"https:\/\/cdnweb.danby.com\/wp-content\/uploads\/sites\/2\/2022\/03\/14160239\/Danby75Ans_OG_FB.png","type":"image\/png"}],"twitter_card":"summary_large_image","twitter_site":"@DanbyAppliance","schema":{"@context":"https:\/\/schema.org","@graph":[{"@type":["WebPage","ItemPage"],"url":"https:\/\/www.danby.com\/fr\/products\/non class\u00e9\/dbmw1361abss\/","name":"Danby Micro-ondes de comptoir multifonction de 1,3 pi\u00b3 avec Air Fry en Acier Inoxydable - DBMW1361ABSS | Danby Canada","isPartOf":[],"primaryImageOfPage":[],"image":[],"thumbnailUrl":"https:\/\/www.danby.com\/fr\/wp-content\/uploads\/sites\/2\/2026\/03\/dbmw1361abss-thumbnail-ada.jpg","datePublished":"2025-01-23T20:24:56+00:00","dateModified":"2026-04-26T10:02:55+00:00","description":"Le micro-ondes de comptoir Danby DBMW1361ABSS de 1,3 pi cu en acier inoxydable combine fonctionnalit\u00e9 et commodit\u00e9 dans un design \u00e9l\u00e9gant. Avec une puissance de 1000 watts et 11 niveaux de puissance, il offre un contr\u00f4le pr\u00e9cis de la cuisson. Il propose cinq options de cuisson automatique, dont le pop-corn, les pommes de terre, les boissons, les plats surgel\u00e9s et le r\u00e9chauffage, pour une pr\u00e9paration rapide des repas. Les touches de cuisson express permettent une cuisson rapide et minut\u00e9e de 1 \u00e0 6 minutes, tandis que la fonction d'ajout de 30 secondes vous permet de prolonger facilement le temps de cuisson. Les options de d\u00e9cong\u00e9lation automatique garantissent une d\u00e9cong\u00e9lation parfaite en fonction du temps ou du poids. Ce four \u00e0 micro-ondes b\u00e9n\u00e9ficie d'une garantie de 12 mois sur les pi\u00e8ces et la main-d'\u0153uvre, avec service de prise en charge, ce qui en fait un choix fiable pour n'importe quelle cuisine.","breadcrumb":[],"inLanguage":"fr-CA","potentialAction":[{"@type":"ReadAction","target":["https:\/\/www.danby.com\/fr\/products\/non class\u00e9\/dbmw1361abss\/"]}]},{"@type":"ImageObject","inLanguage":"fr-CA","url":"https:\/\/www.danby.com\/fr\/wp-content\/uploads\/sites\/2\/2026\/03\/dbmw1361abss-thumbnail-ada.jpg","contentUrl":"https:\/\/www.danby.com\/fr\/wp-content\/uploads\/sites\/2\/2026\/03\/dbmw1361abss-thumbnail-ada.jpg","width":768,"height":1024},{"@type":"BreadcrumbList","itemListElement":[{"@type":"ListItem","position":1,"name":"Home","item":"https:\/\/www.danby.com\/fr\/"},{"@type":"ListItem","position":2,"name":"Boutique","item":"https:\/\/www.danby.com\/fr\/boutique\/"},{"@type":"ListItem","position":3,"name":"DBMW1361ABSS"}]},{"@type":"WebSite","url":"https:\/\/www.danby.com\/fr\/","name":"Danby - Canada - French","description":"Leader dans le domaine de la r\u00e9frig\u00e9ration et des appareils sp\u00e9cialis\u00e9s","publisher":[],"potentialAction":[{"@type":"SearchAction","target":{"@type":"EntryPoint","urlTemplate":"https:\/\/www.danby.com\/fr\/?s={search_term_string}"},"query-input":{"@type":"PropertyValueSpecification","valueRequired":true,"valueName":"search_term_string"}}],"inLanguage":"fr-CA"},{"@type":"Organization","name":"Danby Appliances","url":"https:\/\/www.danby.com\/fr\/","logo":{"@type":"ImageObject","inLanguage":"fr-CA","url":"https:\/\/cdnweb.danby.com\/wp-content\/uploads\/sites\/2\/2022\/02\/10141906\/Danby75Ans_Blue.png","contentUrl":"https:\/\/cdnweb.danby.com\/wp-content\/uploads\/sites\/2\/2022\/02\/10141906\/Danby75Ans_Blue.png","width":470,"height":110,"caption":"Danby Appliances"},"image":[],"sameAs":["https:\/\/www.facebook.com\/DanbyAppliances","https:\/\/x.com\/DanbyAppliance","https:\/\/instagram.com\/danbyappliances\/","https:\/\/www.linkedin.com\/company\/danbyappliances","https:\/\/www.pinterest.ca\/danbyappliances\/","https:\/\/www.youtube.com\/user\/DanbyProducts","https:\/\/en.wikipedia.org\/wiki\/Danby_(appliances)"]}]}},"post_mailing_queue_ids":[],"_links":{"self":[{"href":"https:\/\/www.danby.com\/fr\/wp-json\/wp\/v2\/product\/30216","targetHints":{"allow":["GET"]}}],"collection":[{"href":"https:\/\/www.danby.com\/fr\/wp-json\/wp\/v2\/product"}],"about":[{"href":"https:\/\/www.danby.com\/fr\/wp-json\/wp\/v2\/types\/product"}],"replies":[{"embeddable":true,"href":"https:\/\/www.danby.com\/fr\/wp-json\/wp\/v2\/comments?post=30216"}],"wp:featuredmedia":[{"embeddable":true,"href":"https:\/\/www.danby.com\/fr\/wp-json\/wp\/v2\/media\/39518"}],"wp:attachment":[{"href":"https:\/\/www.danby.com\/fr\/wp-json\/wp\/v2\/media?parent=30216"}],"wp:term":[{"taxonomy":"product_brand","embeddable":true,"href":"https:\/\/www.danby.com\/fr\/wp-json\/wp\/v2\/product_brand?post=30216"},{"taxonomy":"product_cat","embeddable":true,"href":"https:\/\/www.danby.com\/fr\/wp-json\/wp\/v2\/product_cat?post=30216"},{"taxonomy":"product_tag","embeddable":true,"href":"https:\/\/www.danby.com\/fr\/wp-json\/wp\/v2\/product_tag?post=30216"}],"curies":[{"name":"wp","href":"https:\/\/api.w.org\/{rel}","templated":true}]}}