{"id":30035,"date":"2024-12-23T19:13:15","date_gmt":"2024-12-23T19:13:15","guid":{"rendered":"https:\/\/www.danby.com\/fr\/products\/non%20class\u00e9\/dff070b2bsldb-6\/"},"modified":"2026-04-14T10:07:20","modified_gmt":"2026-04-14T10:07:20","slug":"dff070b2bsldb-6","status":"publish","type":"product","link":"https:\/\/www.danby.com\/fr\/products\/refrigerateurs-pour-petites-surfaces\/dff070b2bsldb-6\/","title":{"rendered":"Danby Cong\u00e9lateur sup\u00e9rieur sans givre de 7,0 pi3 en aspect acier inoxydable"},"content":{"rendered":"","protected":false},"excerpt":{"rendered":"<ul>\n<li>R\u00e9frig\u00e9rateur pour appartement d&#8217;une capacit\u00e9 de 7,0 pi3 (198 L) Cong\u00e9lateur \u00e0 montage par le haut<\/li>\n<li>Certifi\u00e9 ENERGY STAR\u00ae, \u00e9conome en \u00e9nergie pour vous aider \u00e0 \u00e9conomiser de l&#8217;argent sans sacrifier les performances<\/li>\n<li>Fonctionnement sans givre : Profitez d&#8217;une utilisation sans entretien, cet appareil se d\u00e9givre automatiquement afin d&#8217;\u00e9viter l&#8217;accumulation de glace.<\/li>\n<li>Nombreux rangements dans le r\u00e9frig\u00e9rateur et le cong\u00e9lateur : 2 \u00e9tag\u00e8res en verre r\u00e9glables et 2 \u00e9tag\u00e8res fixes dans les portes, y compris un rangement pour les grandes bouteilles dans le r\u00e9frig\u00e9rateur ; dans le cong\u00e9lateur, 1 \u00e9tag\u00e8re en fil de fer et 2 \u00e9tag\u00e8res fixes dans les portes.<\/li>\n<li>Adaptation sans faille : Porte r\u00e9versible pour une ouverture \u00e0 gauche ou \u00e0 droite. Ouverture sans poign\u00e9e avec charni\u00e8re cach\u00e9e.<\/li>\n<li>Look \u00e9pur\u00e9 : bac \u00e0 l\u00e9gumes transparent et \u00e9clairage int\u00e9rieur par LED<\/li>\n<li>Design intelligent : Aspect inoxydable moderne et anti-salissures<\/li>\n<li>Flux d&#8217;air contr\u00f4l\u00e9 : Notre int\u00e9rieur simple et bien pens\u00e9 offre un flux d&#8217;air contr\u00f4l\u00e9 sans perte d&#8217;espace ou de capacit\u00e9 de stockage. Une meilleure circulation de l&#8217;air signifie une dur\u00e9e de conservation plus longue pour tous vos produits d&#8217;\u00e9picerie.<\/li>\n<\/ul>\n","protected":false},"featured_media":30199,"comment_status":"open","ping_status":"closed","template":"","meta":{"_acf_changed":false},"product_brand":[],"product_cat":[20],"product_tag":[],"class_list":{"0":"post-30035","1":"product","2":"type-product","3":"status-publish","4":"has-post-thumbnail","6":"product_cat-refrigerateurs-pour-petites-surfaces","8":"first","9":"instock","10":"taxable","11":"shipping-taxable","12":"product-type-simple"},"acf":[],"yoast_head":"<!-- This site is optimized with the Yoast SEO plugin v26.7 - https:\/\/yoast.com\/wordpress\/plugins\/seo\/ -->\n<title>Danby Cong\u00e9lateur sup\u00e9rieur sans givre de 7,0 pi3 en aspect acier inoxydable - DFF070B2BSLDB-6 | Danby Canada<\/title>\n<meta name=\"robots\" content=\"index, follow, max-snippet:-1, max-image-preview:large, max-video-preview:-1\" \/>\n<link rel=\"canonical\" href=\"https:\/\/www.danby.com\/fr\/products\/non%20class\u00e9\/dff070b2bsldb-6\/\" \/>\n<meta property=\"og:locale\" content=\"fr_CA\" \/>\n<meta property=\"og:type\" content=\"article\" \/>\n<meta property=\"og:title\" content=\"Danby Cong\u00e9lateur sup\u00e9rieur sans givre de 7,0 pi3 en aspect acier inoxydable - DFF070B2BSLDB-6 | Danby Canada\" \/>\n<meta property=\"og:url\" content=\"https:\/\/www.danby.com\/fr\/products\/non class\u00e9\/dff070b2bsldb-6\/\" \/>\n<meta property=\"og:site_name\" content=\"Danby - Canada - French\" \/>\n<meta property=\"article:publisher\" content=\"https:\/\/www.facebook.com\/DanbyAppliances\" \/>\n<meta property=\"article:modified_time\" content=\"2026-04-14T10:07:20+00:00\" \/>\n<meta property=\"og:image\" content=\"https:\/\/cdnweb.danby.com\/wp-content\/uploads\/sites\/2\/2022\/03\/14160239\/Danby75Ans_OG_FB.png\" \/>\n\t<meta property=\"og:image:width\" content=\"1200\" \/>\n\t<meta property=\"og:image:height\" content=\"630\" \/>\n\t<meta property=\"og:image:type\" content=\"image\/png\" \/>\n<meta name=\"twitter:card\" content=\"summary_large_image\" \/>\n<meta name=\"twitter:site\" content=\"@DanbyAppliance\" \/>\n<script type=\"application\/ld+json\" class=\"yoast-schema-graph\">{\"@context\":\"https:\/\/schema.org\",\"@graph\":[{\"@type\":[\"WebPage\",\"ItemPage\"],\"url\":\"https:\/\/www.danby.com\/fr\/products\/non class\u00e9\/dff070b2bsldb-6\/\",\"name\":\"Danby Cong\u00e9lateur sup\u00e9rieur sans givre de 7,0 pi3 en aspect acier inoxydable - DFF070B2BSLDB-6 | Danby Canada\",\"isPartOf\":[],\"primaryImageOfPage\":[],\"image\":[],\"thumbnailUrl\":\"https:\/\/cdnweb.danby.com\/wp-content\/uploads\/sites\/2\/2025\/01\/20144254\/Thumbnail_DFF070B2BSLDB-6.jpg\",\"datePublished\":\"2024-12-23T19:13:15+00:00\",\"dateModified\":\"2026-04-14T10:07:20+00:00\",\"breadcrumb\":[],\"inLanguage\":\"fr-CA\",\"potentialAction\":[{\"@type\":\"ReadAction\",\"target\":[\"https:\/\/www.danby.com\/fr\/products\/non class\u00e9\/dff070b2bsldb-6\/\"]}]},{\"@type\":\"ImageObject\",\"inLanguage\":\"fr-CA\",\"url\":\"https:\/\/cdnweb.danby.com\/wp-content\/uploads\/sites\/2\/2025\/01\/20144254\/Thumbnail_DFF070B2BSLDB-6.jpg\",\"contentUrl\":\"https:\/\/cdnweb.danby.com\/wp-content\/uploads\/sites\/2\/2025\/01\/20144254\/Thumbnail_DFF070B2BSLDB-6.jpg\",\"width\":1125,\"height\":1500},{\"@type\":\"BreadcrumbList\",\"itemListElement\":[{\"@type\":\"ListItem\",\"position\":1,\"name\":\"Home\",\"item\":\"https:\/\/www.danby.com\/fr\/\"},{\"@type\":\"ListItem\",\"position\":2,\"name\":\"Boutique\",\"item\":\"https:\/\/www.danby.com\/fr\/boutique\/\"},{\"@type\":\"ListItem\",\"position\":3,\"name\":\"DFF070B2BSLDB-6\"}]},{\"@type\":\"WebSite\",\"url\":\"https:\/\/www.danby.com\/fr\/\",\"name\":\"Danby - Canada - French\",\"description\":\"Leader dans le domaine de la r\u00e9frig\u00e9ration et des appareils sp\u00e9cialis\u00e9s\",\"publisher\":[],\"potentialAction\":[{\"@type\":\"SearchAction\",\"target\":{\"@type\":\"EntryPoint\",\"urlTemplate\":\"https:\/\/www.danby.com\/fr\/?s={search_term_string}\"},\"query-input\":{\"@type\":\"PropertyValueSpecification\",\"valueRequired\":true,\"valueName\":\"search_term_string\"}}],\"inLanguage\":\"fr-CA\"},{\"@type\":\"Organization\",\"name\":\"Danby Appliances\",\"url\":\"https:\/\/www.danby.com\/fr\/\",\"logo\":{\"@type\":\"ImageObject\",\"inLanguage\":\"fr-CA\",\"url\":\"https:\/\/cdnweb.danby.com\/wp-content\/uploads\/sites\/2\/2022\/02\/10141906\/Danby75Ans_Blue.png\",\"contentUrl\":\"https:\/\/cdnweb.danby.com\/wp-content\/uploads\/sites\/2\/2022\/02\/10141906\/Danby75Ans_Blue.png\",\"width\":470,\"height\":110,\"caption\":\"Danby Appliances\"},\"image\":[],\"sameAs\":[\"https:\/\/www.facebook.com\/DanbyAppliances\",\"https:\/\/x.com\/DanbyAppliance\",\"https:\/\/instagram.com\/danbyappliances\/\",\"https:\/\/www.linkedin.com\/company\/danbyappliances\",\"https:\/\/www.pinterest.ca\/danbyappliances\/\",\"https:\/\/www.youtube.com\/user\/DanbyProducts\",\"https:\/\/en.wikipedia.org\/wiki\/Danby_(appliances)\"]}]}<\/script>\n<!-- \/ Yoast SEO plugin. -->","yoast_head_json":{"title":"Danby Cong\u00e9lateur sup\u00e9rieur sans givre de 7,0 pi3 en aspect acier inoxydable - DFF070B2BSLDB-6 | Danby Canada","robots":{"index":"index","follow":"follow","max-snippet":"max-snippet:-1","max-image-preview":"max-image-preview:large","max-video-preview":"max-video-preview:-1"},"canonical":"https:\/\/www.danby.com\/fr\/products\/non class\u00e9\/dff070b2bsldb-6\/","og_locale":"fr_CA","og_type":"article","og_title":"Danby Cong\u00e9lateur sup\u00e9rieur sans givre de 7,0 pi3 en aspect acier inoxydable - DFF070B2BSLDB-6 | Danby Canada","og_url":"https:\/\/www.danby.com\/fr\/products\/non class\u00e9\/dff070b2bsldb-6\/","og_site_name":"Danby - Canada - French","article_publisher":"https:\/\/www.facebook.com\/DanbyAppliances","article_modified_time":"2026-04-14T10:07:20+00:00","og_image":[{"width":1200,"height":630,"url":"https:\/\/cdnweb.danby.com\/wp-content\/uploads\/sites\/2\/2022\/03\/14160239\/Danby75Ans_OG_FB.png","type":"image\/png"}],"twitter_card":"summary_large_image","twitter_site":"@DanbyAppliance","schema":{"@context":"https:\/\/schema.org","@graph":[{"@type":["WebPage","ItemPage"],"url":"https:\/\/www.danby.com\/fr\/products\/non class\u00e9\/dff070b2bsldb-6\/","name":"Danby Cong\u00e9lateur sup\u00e9rieur sans givre de 7,0 pi3 en aspect acier inoxydable - DFF070B2BSLDB-6 | Danby Canada","isPartOf":[],"primaryImageOfPage":[],"image":[],"thumbnailUrl":"https:\/\/cdnweb.danby.com\/wp-content\/uploads\/sites\/2\/2025\/01\/20144254\/Thumbnail_DFF070B2BSLDB-6.jpg","datePublished":"2024-12-23T19:13:15+00:00","dateModified":"2026-04-14T10:07:20+00:00","breadcrumb":[],"inLanguage":"fr-CA","potentialAction":[{"@type":"ReadAction","target":["https:\/\/www.danby.com\/fr\/products\/non class\u00e9\/dff070b2bsldb-6\/"]}]},{"@type":"ImageObject","inLanguage":"fr-CA","url":"https:\/\/cdnweb.danby.com\/wp-content\/uploads\/sites\/2\/2025\/01\/20144254\/Thumbnail_DFF070B2BSLDB-6.jpg","contentUrl":"https:\/\/cdnweb.danby.com\/wp-content\/uploads\/sites\/2\/2025\/01\/20144254\/Thumbnail_DFF070B2BSLDB-6.jpg","width":1125,"height":1500},{"@type":"BreadcrumbList","itemListElement":[{"@type":"ListItem","position":1,"name":"Home","item":"https:\/\/www.danby.com\/fr\/"},{"@type":"ListItem","position":2,"name":"Boutique","item":"https:\/\/www.danby.com\/fr\/boutique\/"},{"@type":"ListItem","position":3,"name":"DFF070B2BSLDB-6"}]},{"@type":"WebSite","url":"https:\/\/www.danby.com\/fr\/","name":"Danby - Canada - French","description":"Leader dans le domaine de la r\u00e9frig\u00e9ration et des appareils sp\u00e9cialis\u00e9s","publisher":[],"potentialAction":[{"@type":"SearchAction","target":{"@type":"EntryPoint","urlTemplate":"https:\/\/www.danby.com\/fr\/?s={search_term_string}"},"query-input":{"@type":"PropertyValueSpecification","valueRequired":true,"valueName":"search_term_string"}}],"inLanguage":"fr-CA"},{"@type":"Organization","name":"Danby Appliances","url":"https:\/\/www.danby.com\/fr\/","logo":{"@type":"ImageObject","inLanguage":"fr-CA","url":"https:\/\/cdnweb.danby.com\/wp-content\/uploads\/sites\/2\/2022\/02\/10141906\/Danby75Ans_Blue.png","contentUrl":"https:\/\/cdnweb.danby.com\/wp-content\/uploads\/sites\/2\/2022\/02\/10141906\/Danby75Ans_Blue.png","width":470,"height":110,"caption":"Danby Appliances"},"image":[],"sameAs":["https:\/\/www.facebook.com\/DanbyAppliances","https:\/\/x.com\/DanbyAppliance","https:\/\/instagram.com\/danbyappliances\/","https:\/\/www.linkedin.com\/company\/danbyappliances","https:\/\/www.pinterest.ca\/danbyappliances\/","https:\/\/www.youtube.com\/user\/DanbyProducts","https:\/\/en.wikipedia.org\/wiki\/Danby_(appliances)"]}]}},"post_mailing_queue_ids":[],"_links":{"self":[{"href":"https:\/\/www.danby.com\/fr\/wp-json\/wp\/v2\/product\/30035","targetHints":{"allow":["GET"]}}],"collection":[{"href":"https:\/\/www.danby.com\/fr\/wp-json\/wp\/v2\/product"}],"about":[{"href":"https:\/\/www.danby.com\/fr\/wp-json\/wp\/v2\/types\/product"}],"replies":[{"embeddable":true,"href":"https:\/\/www.danby.com\/fr\/wp-json\/wp\/v2\/comments?post=30035"}],"wp:featuredmedia":[{"embeddable":true,"href":"https:\/\/www.danby.com\/fr\/wp-json\/wp\/v2\/media\/30199"}],"wp:attachment":[{"href":"https:\/\/www.danby.com\/fr\/wp-json\/wp\/v2\/media?parent=30035"}],"wp:term":[{"taxonomy":"product_brand","embeddable":true,"href":"https:\/\/www.danby.com\/fr\/wp-json\/wp\/v2\/product_brand?post=30035"},{"taxonomy":"product_cat","embeddable":true,"href":"https:\/\/www.danby.com\/fr\/wp-json\/wp\/v2\/product_cat?post=30035"},{"taxonomy":"product_tag","embeddable":true,"href":"https:\/\/www.danby.com\/fr\/wp-json\/wp\/v2\/product_tag?post=30035"}],"curies":[{"name":"wp","href":"https:\/\/api.w.org\/{rel}","templated":true}]}}