{"id":29433,"date":"2024-09-25T16:55:23","date_gmt":"2024-09-25T16:55:23","guid":{"rendered":"https:\/\/www.danby.com\/fr\/products\/non%20class\u00e9\/drrm300bssc\/"},"modified":"2026-04-17T10:04:39","modified_gmt":"2026-04-17T10:04:39","slug":"drrm300bssc","status":"publish","type":"product","link":"https:\/\/www.danby.com\/fr\/products\/cuisinieres\/drrm300bssc\/","title":{"rendered":"Danby Cuisini\u00e8re \u00e9lectrique coulissante de 30 po \u00e0 dessus lisse avec boutons de commande en acier inoxydable"},"content":{"rendered":"","protected":false},"excerpt":{"rendered":"<ul>\n<li>Cuisini\u00e8re \u00e9lectrique de 30 pouces \u00e0 dessus lisse et \u00e0 glissi\u00e8re<\/li>\n<li>Finition en acier inoxydable pour un look \u00e9l\u00e9gant et moderne<\/li>\n<li>Quatre br\u00fbleurs sur une table de cuisson en c\u00e9ramique pour un nettoyage facile<\/li>\n<li>Four facile \u00e0 nettoyer avec \u00e9l\u00e9ment inf\u00e9rieur cach\u00e9<\/li>\n<li>Commandes \u00e0 bouton pour un r\u00e9glage pr\u00e9cis de la temp\u00e9rature<\/li>\n<li>Capacit\u00e9 du four spacieuse pour la pr\u00e9paration de repas copieux<\/li>\n<li>Conception \u00e9conome en \u00e9nergie pour une utilisation quotidienne<\/li>\n<li>Boutons de s\u00e9curit\u00e9 \u00e0 pousser et \u00e0 tourner pour une s\u00e9curit\u00e9 accrue<\/li>\n<li>Garantie de 24 mois pi\u00e8ces et main d&#8217;\u0153uvre avec service \u00e0 domicile (l&#8217;installation et\/ou l&#8217;entretien annuel ne sont pas couverts par la garantie)<\/li>\n<\/ul>\n","protected":false},"featured_media":35372,"comment_status":"open","ping_status":"closed","template":"","meta":{"_acf_changed":false},"product_brand":[],"product_cat":[36],"product_tag":[],"class_list":{"0":"post-29433","1":"product","2":"type-product","3":"status-publish","4":"has-post-thumbnail","6":"product_cat-cuisinieres","8":"first","9":"instock","10":"taxable","11":"shipping-taxable","12":"purchasable","13":"product-type-simple"},"acf":[],"yoast_head":"<!-- This site is optimized with the Yoast SEO plugin v26.7 - https:\/\/yoast.com\/wordpress\/plugins\/seo\/ -->\n<title>Danby Cuisini\u00e8re \u00e9lectrique coulissante de 30 po \u00e0 dessus lisse avec boutons de commande en acier inoxydable - DRRM300BSSC | Danby Canada<\/title>\n<meta name=\"description\" content=\"Faites l&#039;exp\u00e9rience d&#039;un m\u00e9lange harmonieux de design moderne et de fonctionnalit\u00e9 avec la cuisini\u00e8re \u00e9lectrique de 30 po \u00e0 dessus lisse et \u00e0 glissi\u00e8re de Danby DRRM300BSSC. Fabriqu\u00e9e avec une finition \u00e9l\u00e9gante en acier inoxydable, cette cuisini\u00e8re \u00e9lectrique est parfaite pour toute cuisine contemporaine. Sa table de cuisson lisse en c\u00e9ramique facilite le nettoyage et peut accueillir plusieurs casseroles et po\u00eales gr\u00e2ce \u00e0 ses quatre br\u00fbleurs, offrant ainsi tout l&#039;espace de cuisson dont vous avez besoin. Le four spacieux, assure une cuisson homog\u00e8ne pour tous les plats, des plus petits aux plus grands. Les boutons de commande faciles \u00e0 utiliser permettent de r\u00e9gler la temp\u00e9rature avec pr\u00e9cision, ce qui facilite la pr\u00e9paration de tous les repas. \u00c9conome en \u00e9nergie et \u00e9l\u00e9gant, cet appareil s&#039;int\u00e8gre parfaitement dans n&#039;importe quelle cuisine et offre des performances de cuisson exceptionnelles.\" \/>\n<meta name=\"robots\" content=\"index, follow, max-snippet:-1, max-image-preview:large, max-video-preview:-1\" \/>\n<link rel=\"canonical\" href=\"https:\/\/www.danby.com\/fr\/products\/cuisinieres\/drrm300bssc\/\" \/>\n<meta property=\"og:locale\" content=\"fr_CA\" \/>\n<meta property=\"og:type\" content=\"article\" \/>\n<meta property=\"og:title\" content=\"Danby Cuisini\u00e8re \u00e9lectrique coulissante de 30 po \u00e0 dessus lisse avec boutons de commande en acier inoxydable - DRRM300BSSC | Danby Canada\" \/>\n<meta property=\"og:description\" content=\"Faites l&#039;exp\u00e9rience d&#039;un m\u00e9lange harmonieux de design moderne et de fonctionnalit\u00e9 avec la cuisini\u00e8re \u00e9lectrique de 30 po \u00e0 dessus lisse et \u00e0 glissi\u00e8re de Danby DRRM300BSSC. Fabriqu\u00e9e avec une finition \u00e9l\u00e9gante en acier inoxydable, cette cuisini\u00e8re \u00e9lectrique est parfaite pour toute cuisine contemporaine. Sa table de cuisson lisse en c\u00e9ramique facilite le nettoyage et peut accueillir plusieurs casseroles et po\u00eales gr\u00e2ce \u00e0 ses quatre br\u00fbleurs, offrant ainsi tout l&#039;espace de cuisson dont vous avez besoin. Le four spacieux, assure une cuisson homog\u00e8ne pour tous les plats, des plus petits aux plus grands. Les boutons de commande faciles \u00e0 utiliser permettent de r\u00e9gler la temp\u00e9rature avec pr\u00e9cision, ce qui facilite la pr\u00e9paration de tous les repas. \u00c9conome en \u00e9nergie et \u00e9l\u00e9gant, cet appareil s&#039;int\u00e8gre parfaitement dans n&#039;importe quelle cuisine et offre des performances de cuisson exceptionnelles.\" \/>\n<meta property=\"og:url\" content=\"https:\/\/www.danby.com\/fr\/products\/cuisinieres\/drrm300bssc\/\" \/>\n<meta property=\"og:site_name\" content=\"Danby - Canada - French\" \/>\n<meta property=\"article:publisher\" content=\"https:\/\/www.facebook.com\/DanbyAppliances\" \/>\n<meta property=\"article:modified_time\" content=\"2026-04-17T10:04:39+00:00\" \/>\n<meta property=\"og:image\" content=\"https:\/\/cdnweb.danby.com\/wp-content\/uploads\/sites\/2\/2024\/11\/07155959\/RangeThumbnail__0001_DRRM300BSSC.jpg\" \/>\n\t<meta property=\"og:image:width\" content=\"1125\" \/>\n\t<meta property=\"og:image:height\" content=\"1500\" \/>\n\t<meta property=\"og:image:type\" content=\"image\/jpeg\" \/>\n<meta name=\"twitter:card\" content=\"summary_large_image\" \/>\n<meta name=\"twitter:site\" content=\"@DanbyAppliance\" \/>\n<meta name=\"twitter:label1\" content=\"Estimation du temps de lecture\" \/>\n\t<meta name=\"twitter:data1\" content=\"1 minute\" \/>\n<script type=\"application\/ld+json\" class=\"yoast-schema-graph\">{\"@context\":\"https:\/\/schema.org\",\"@graph\":[{\"@type\":[\"WebPage\",\"ItemPage\"],\"url\":\"https:\/\/www.danby.com\/fr\/products\/cuisinieres\/drrm300bssc\/\",\"name\":\"Danby Cuisini\u00e8re \u00e9lectrique coulissante de 30 po \u00e0 dessus lisse avec boutons de commande en acier inoxydable - DRRM300BSSC | Danby Canada\",\"isPartOf\":[],\"primaryImageOfPage\":[],\"image\":[],\"thumbnailUrl\":\"https:\/\/www.danby.com\/fr\/wp-content\/uploads\/sites\/2\/2025\/10\/drrm300bssc-thumbnail.jpg\",\"datePublished\":\"2024-09-25T16:55:23+00:00\",\"dateModified\":\"2026-04-17T10:04:39+00:00\",\"description\":\"Faites l'exp\u00e9rience d'un m\u00e9lange harmonieux de design moderne et de fonctionnalit\u00e9 avec la cuisini\u00e8re \u00e9lectrique de 30 po \u00e0 dessus lisse et \u00e0 glissi\u00e8re de Danby DRRM300BSSC. Fabriqu\u00e9e avec une finition \u00e9l\u00e9gante en acier inoxydable, cette cuisini\u00e8re \u00e9lectrique est parfaite pour toute cuisine contemporaine. Sa table de cuisson lisse en c\u00e9ramique facilite le nettoyage et peut accueillir plusieurs casseroles et po\u00eales gr\u00e2ce \u00e0 ses quatre br\u00fbleurs, offrant ainsi tout l'espace de cuisson dont vous avez besoin. Le four spacieux, assure une cuisson homog\u00e8ne pour tous les plats, des plus petits aux plus grands. Les boutons de commande faciles \u00e0 utiliser permettent de r\u00e9gler la temp\u00e9rature avec pr\u00e9cision, ce qui facilite la pr\u00e9paration de tous les repas. \u00c9conome en \u00e9nergie et \u00e9l\u00e9gant, cet appareil s'int\u00e8gre parfaitement dans n'importe quelle cuisine et offre des performances de cuisson exceptionnelles.\",\"breadcrumb\":[],\"inLanguage\":\"fr-CA\",\"potentialAction\":[{\"@type\":\"ReadAction\",\"target\":[\"https:\/\/www.danby.com\/fr\/products\/cuisinieres\/drrm300bssc\/\"]}]},{\"@type\":\"ImageObject\",\"inLanguage\":\"fr-CA\",\"url\":\"https:\/\/www.danby.com\/fr\/wp-content\/uploads\/sites\/2\/2025\/10\/drrm300bssc-thumbnail.jpg\",\"contentUrl\":\"https:\/\/www.danby.com\/fr\/wp-content\/uploads\/sites\/2\/2025\/10\/drrm300bssc-thumbnail.jpg\",\"width\":768,\"height\":1024},{\"@type\":\"BreadcrumbList\",\"itemListElement\":[{\"@type\":\"ListItem\",\"position\":1,\"name\":\"Home\",\"item\":\"https:\/\/www.danby.com\/fr\/\"},{\"@type\":\"ListItem\",\"position\":2,\"name\":\"Boutique\",\"item\":\"https:\/\/www.danby.com\/fr\/boutique\/\"},{\"@type\":\"ListItem\",\"position\":3,\"name\":\"Danby Cuisini\u00e8re \u00e9lectrique coulissante de 30 po \u00e0 dessus lisse avec boutons de commande en acier inoxydable\"}]},{\"@type\":\"WebSite\",\"url\":\"https:\/\/www.danby.com\/fr\/\",\"name\":\"Danby - Canada - French\",\"description\":\"Leader dans le domaine de la r\u00e9frig\u00e9ration et des appareils sp\u00e9cialis\u00e9s\",\"publisher\":[],\"potentialAction\":[{\"@type\":\"SearchAction\",\"target\":{\"@type\":\"EntryPoint\",\"urlTemplate\":\"https:\/\/www.danby.com\/fr\/?s={search_term_string}\"},\"query-input\":{\"@type\":\"PropertyValueSpecification\",\"valueRequired\":true,\"valueName\":\"search_term_string\"}}],\"inLanguage\":\"fr-CA\"},{\"@type\":\"Organization\",\"name\":\"Danby Appliances\",\"url\":\"https:\/\/www.danby.com\/fr\/\",\"logo\":{\"@type\":\"ImageObject\",\"inLanguage\":\"fr-CA\",\"url\":\"https:\/\/cdnweb.danby.com\/wp-content\/uploads\/sites\/2\/2022\/02\/10141906\/Danby75Ans_Blue.png\",\"contentUrl\":\"https:\/\/cdnweb.danby.com\/wp-content\/uploads\/sites\/2\/2022\/02\/10141906\/Danby75Ans_Blue.png\",\"width\":470,\"height\":110,\"caption\":\"Danby Appliances\"},\"image\":[],\"sameAs\":[\"https:\/\/www.facebook.com\/DanbyAppliances\",\"https:\/\/x.com\/DanbyAppliance\",\"https:\/\/instagram.com\/danbyappliances\/\",\"https:\/\/www.linkedin.com\/company\/danbyappliances\",\"https:\/\/www.pinterest.ca\/danbyappliances\/\",\"https:\/\/www.youtube.com\/user\/DanbyProducts\",\"https:\/\/en.wikipedia.org\/wiki\/Danby_(appliances)\"]}]}<\/script>\n<!-- \/ Yoast SEO plugin. -->","yoast_head_json":{"title":"Danby Cuisini\u00e8re \u00e9lectrique coulissante de 30 po \u00e0 dessus lisse avec boutons de commande en acier inoxydable - DRRM300BSSC | Danby Canada","description":"Faites l'exp\u00e9rience d'un m\u00e9lange harmonieux de design moderne et de fonctionnalit\u00e9 avec la cuisini\u00e8re \u00e9lectrique de 30 po \u00e0 dessus lisse et \u00e0 glissi\u00e8re de Danby DRRM300BSSC. Fabriqu\u00e9e avec une finition \u00e9l\u00e9gante en acier inoxydable, cette cuisini\u00e8re \u00e9lectrique est parfaite pour toute cuisine contemporaine. Sa table de cuisson lisse en c\u00e9ramique facilite le nettoyage et peut accueillir plusieurs casseroles et po\u00eales gr\u00e2ce \u00e0 ses quatre br\u00fbleurs, offrant ainsi tout l'espace de cuisson dont vous avez besoin. Le four spacieux, assure une cuisson homog\u00e8ne pour tous les plats, des plus petits aux plus grands. Les boutons de commande faciles \u00e0 utiliser permettent de r\u00e9gler la temp\u00e9rature avec pr\u00e9cision, ce qui facilite la pr\u00e9paration de tous les repas. \u00c9conome en \u00e9nergie et \u00e9l\u00e9gant, cet appareil s'int\u00e8gre parfaitement dans n'importe quelle cuisine et offre des performances de cuisson exceptionnelles.","robots":{"index":"index","follow":"follow","max-snippet":"max-snippet:-1","max-image-preview":"max-image-preview:large","max-video-preview":"max-video-preview:-1"},"canonical":"https:\/\/www.danby.com\/fr\/products\/cuisinieres\/drrm300bssc\/","og_locale":"fr_CA","og_type":"article","og_title":"Danby Cuisini\u00e8re \u00e9lectrique coulissante de 30 po \u00e0 dessus lisse avec boutons de commande en acier inoxydable - DRRM300BSSC | Danby Canada","og_description":"Faites l'exp\u00e9rience d'un m\u00e9lange harmonieux de design moderne et de fonctionnalit\u00e9 avec la cuisini\u00e8re \u00e9lectrique de 30 po \u00e0 dessus lisse et \u00e0 glissi\u00e8re de Danby DRRM300BSSC. Fabriqu\u00e9e avec une finition \u00e9l\u00e9gante en acier inoxydable, cette cuisini\u00e8re \u00e9lectrique est parfaite pour toute cuisine contemporaine. Sa table de cuisson lisse en c\u00e9ramique facilite le nettoyage et peut accueillir plusieurs casseroles et po\u00eales gr\u00e2ce \u00e0 ses quatre br\u00fbleurs, offrant ainsi tout l'espace de cuisson dont vous avez besoin. Le four spacieux, assure une cuisson homog\u00e8ne pour tous les plats, des plus petits aux plus grands. Les boutons de commande faciles \u00e0 utiliser permettent de r\u00e9gler la temp\u00e9rature avec pr\u00e9cision, ce qui facilite la pr\u00e9paration de tous les repas. \u00c9conome en \u00e9nergie et \u00e9l\u00e9gant, cet appareil s'int\u00e8gre parfaitement dans n'importe quelle cuisine et offre des performances de cuisson exceptionnelles.","og_url":"https:\/\/www.danby.com\/fr\/products\/cuisinieres\/drrm300bssc\/","og_site_name":"Danby - Canada - French","article_publisher":"https:\/\/www.facebook.com\/DanbyAppliances","article_modified_time":"2026-04-17T10:04:39+00:00","og_image":[{"width":1125,"height":1500,"url":"https:\/\/cdnweb.danby.com\/wp-content\/uploads\/sites\/2\/2024\/11\/07155959\/RangeThumbnail__0001_DRRM300BSSC.jpg","type":"image\/jpeg"}],"twitter_card":"summary_large_image","twitter_site":"@DanbyAppliance","twitter_misc":{"Estimation du temps de lecture":"1 minute"},"schema":{"@context":"https:\/\/schema.org","@graph":[{"@type":["WebPage","ItemPage"],"url":"https:\/\/www.danby.com\/fr\/products\/cuisinieres\/drrm300bssc\/","name":"Danby Cuisini\u00e8re \u00e9lectrique coulissante de 30 po \u00e0 dessus lisse avec boutons de commande en acier inoxydable - DRRM300BSSC | Danby Canada","isPartOf":[],"primaryImageOfPage":[],"image":[],"thumbnailUrl":"https:\/\/www.danby.com\/fr\/wp-content\/uploads\/sites\/2\/2025\/10\/drrm300bssc-thumbnail.jpg","datePublished":"2024-09-25T16:55:23+00:00","dateModified":"2026-04-17T10:04:39+00:00","description":"Faites l'exp\u00e9rience d'un m\u00e9lange harmonieux de design moderne et de fonctionnalit\u00e9 avec la cuisini\u00e8re \u00e9lectrique de 30 po \u00e0 dessus lisse et \u00e0 glissi\u00e8re de Danby DRRM300BSSC. Fabriqu\u00e9e avec une finition \u00e9l\u00e9gante en acier inoxydable, cette cuisini\u00e8re \u00e9lectrique est parfaite pour toute cuisine contemporaine. Sa table de cuisson lisse en c\u00e9ramique facilite le nettoyage et peut accueillir plusieurs casseroles et po\u00eales gr\u00e2ce \u00e0 ses quatre br\u00fbleurs, offrant ainsi tout l'espace de cuisson dont vous avez besoin. Le four spacieux, assure une cuisson homog\u00e8ne pour tous les plats, des plus petits aux plus grands. Les boutons de commande faciles \u00e0 utiliser permettent de r\u00e9gler la temp\u00e9rature avec pr\u00e9cision, ce qui facilite la pr\u00e9paration de tous les repas. \u00c9conome en \u00e9nergie et \u00e9l\u00e9gant, cet appareil s'int\u00e8gre parfaitement dans n'importe quelle cuisine et offre des performances de cuisson exceptionnelles.","breadcrumb":[],"inLanguage":"fr-CA","potentialAction":[{"@type":"ReadAction","target":["https:\/\/www.danby.com\/fr\/products\/cuisinieres\/drrm300bssc\/"]}]},{"@type":"ImageObject","inLanguage":"fr-CA","url":"https:\/\/www.danby.com\/fr\/wp-content\/uploads\/sites\/2\/2025\/10\/drrm300bssc-thumbnail.jpg","contentUrl":"https:\/\/www.danby.com\/fr\/wp-content\/uploads\/sites\/2\/2025\/10\/drrm300bssc-thumbnail.jpg","width":768,"height":1024},{"@type":"BreadcrumbList","itemListElement":[{"@type":"ListItem","position":1,"name":"Home","item":"https:\/\/www.danby.com\/fr\/"},{"@type":"ListItem","position":2,"name":"Boutique","item":"https:\/\/www.danby.com\/fr\/boutique\/"},{"@type":"ListItem","position":3,"name":"Danby Cuisini\u00e8re \u00e9lectrique coulissante de 30 po \u00e0 dessus lisse avec boutons de commande en acier inoxydable"}]},{"@type":"WebSite","url":"https:\/\/www.danby.com\/fr\/","name":"Danby - Canada - French","description":"Leader dans le domaine de la r\u00e9frig\u00e9ration et des appareils sp\u00e9cialis\u00e9s","publisher":[],"potentialAction":[{"@type":"SearchAction","target":{"@type":"EntryPoint","urlTemplate":"https:\/\/www.danby.com\/fr\/?s={search_term_string}"},"query-input":{"@type":"PropertyValueSpecification","valueRequired":true,"valueName":"search_term_string"}}],"inLanguage":"fr-CA"},{"@type":"Organization","name":"Danby Appliances","url":"https:\/\/www.danby.com\/fr\/","logo":{"@type":"ImageObject","inLanguage":"fr-CA","url":"https:\/\/cdnweb.danby.com\/wp-content\/uploads\/sites\/2\/2022\/02\/10141906\/Danby75Ans_Blue.png","contentUrl":"https:\/\/cdnweb.danby.com\/wp-content\/uploads\/sites\/2\/2022\/02\/10141906\/Danby75Ans_Blue.png","width":470,"height":110,"caption":"Danby Appliances"},"image":[],"sameAs":["https:\/\/www.facebook.com\/DanbyAppliances","https:\/\/x.com\/DanbyAppliance","https:\/\/instagram.com\/danbyappliances\/","https:\/\/www.linkedin.com\/company\/danbyappliances","https:\/\/www.pinterest.ca\/danbyappliances\/","https:\/\/www.youtube.com\/user\/DanbyProducts","https:\/\/en.wikipedia.org\/wiki\/Danby_(appliances)"]}]}},"post_mailing_queue_ids":[],"_links":{"self":[{"href":"https:\/\/www.danby.com\/fr\/wp-json\/wp\/v2\/product\/29433","targetHints":{"allow":["GET"]}}],"collection":[{"href":"https:\/\/www.danby.com\/fr\/wp-json\/wp\/v2\/product"}],"about":[{"href":"https:\/\/www.danby.com\/fr\/wp-json\/wp\/v2\/types\/product"}],"replies":[{"embeddable":true,"href":"https:\/\/www.danby.com\/fr\/wp-json\/wp\/v2\/comments?post=29433"}],"wp:featuredmedia":[{"embeddable":true,"href":"https:\/\/www.danby.com\/fr\/wp-json\/wp\/v2\/media\/35372"}],"wp:attachment":[{"href":"https:\/\/www.danby.com\/fr\/wp-json\/wp\/v2\/media?parent=29433"}],"wp:term":[{"taxonomy":"product_brand","embeddable":true,"href":"https:\/\/www.danby.com\/fr\/wp-json\/wp\/v2\/product_brand?post=29433"},{"taxonomy":"product_cat","embeddable":true,"href":"https:\/\/www.danby.com\/fr\/wp-json\/wp\/v2\/product_cat?post=29433"},{"taxonomy":"product_tag","embeddable":true,"href":"https:\/\/www.danby.com\/fr\/wp-json\/wp\/v2\/product_tag?post=29433"}],"curies":[{"name":"wp","href":"https:\/\/api.w.org\/{rel}","templated":true}]}}