{"id":27929,"date":"2024-07-22T14:37:20","date_gmt":"2024-07-22T14:37:20","guid":{"rendered":"https:\/\/www.danby.com\/fr\/products\/non%20class\u00e9\/dpta070heb2wdb\/"},"modified":"2026-04-16T10:08:39","modified_gmt":"2026-04-16T10:08:39","slug":"dpta070heb2wdb","status":"publish","type":"product","link":"https:\/\/www.danby.com\/fr\/products\/conditionneurs-dair-pour-terminaux\/dpta070heb2wdb\/","title":{"rendered":"Danby 7000 BTU Climatiseur Terminal Emball\u00e9 avec Pompe \u00e0 Chaleur en Blanc"},"content":{"rendered":"","protected":false},"excerpt":{"rendered":"<ul>\n<li>Option de choix pour les chambres d&#8217;h\u00f4tel et les bureaux avec une superficie allant jusqu&#8217;\u00e0 300 pieds carr\u00e9s<\/li>\n<li>La pompe \u00e0 chaleur offre une solution de ventilation tout au long de l&#8217;ann\u00e9e<\/li>\n<li>Trois modes de refroidissement et deux vitesses de ventilateur, vous permettant d&#8217;adapter le flux d&#8217;air \u00e0 votre pr\u00e9f\u00e9rence pour un confort optimal<\/li>\n<li>Mode d\u00e9shumidification r\u00e9duit l&#8217;humidit\u00e9 dans la pi\u00e8ce pour une exp\u00e9rience plus confortable<\/li>\n<li>Protection anti-corrosion prot\u00e8ge les mat\u00e9riaux ext\u00e9rieurs contre la corrosion<\/li>\n<li>R\u00e9frig\u00e9rant R32<\/li>\n<li>Fonctionnement continu du ventilateur<\/li>\n<li>Red\u00e9marrage automatique : l&#8217;unit\u00e9 red\u00e9marre automatiquement apr\u00e8s une panne de courant<\/li>\n<li>Compresseur \u00e0 haute efficacit\u00e9 garantit durabilit\u00e9 et efficacit\u00e9<\/li>\n<li>Protection contre le gel prot\u00e8ge la bobine de climatisation contre le gel<\/li>\n<li>Compatible avec un thermostat num\u00e9rique \u00e0 distance (\u00e0 acheter s\u00e9par\u00e9ment)<\/li>\n<li>Couverture de 5 ans pour les pi\u00e8ces et la main-d&#8217;\u0153uvre. L&#8217;installation et\/ou l&#8217;entretien annuel (nettoyage) ne sont pas couverts par la garantie<\/li>\n<\/ul>\n","protected":false},"featured_media":34910,"comment_status":"open","ping_status":"closed","template":"","meta":{"_acf_changed":false},"product_brand":[],"product_cat":[33],"product_tag":[],"class_list":{"0":"post-27929","1":"product","2":"type-product","3":"status-publish","4":"has-post-thumbnail","6":"product_cat-conditionneurs-dair-pour-terminaux","8":"first","9":"outofstock","10":"taxable","11":"shipping-taxable","12":"product-type-simple"},"acf":[],"yoast_head":"<!-- This site is optimized with the Yoast SEO plugin v26.7 - https:\/\/yoast.com\/wordpress\/plugins\/seo\/ -->\n<title>Danby 7000 BTU Climatiseur Terminal Emball\u00e9 avec Pompe \u00e0 Chaleur en Blanc - DPTA070HEB2WDB | Danby Canada<\/title>\n<meta name=\"description\" content=\"Ce climatiseur terminal emball\u00e9 de 7 000 BTU avec pompe \u00e0 chaleur est le choix id\u00e9al pour les chambres d&#039;h\u00f4tel et les bureaux, con\u00e7u pour refroidir et chauffer des espaces jusqu&#039;\u00e0 300 pieds carr\u00e9s. La pompe \u00e0 chaleur offre une solution de ventilation tout au long de l&#039;ann\u00e9e et les deux vitesses de ventilateur offrent une vari\u00e9t\u00e9 d&#039;options de flux d&#039;air. L&#039;unit\u00e9 est \u00e9quip\u00e9e d&#039;une protection anti-corrosion pour prot\u00e9ger les mat\u00e9riaux ext\u00e9rieurs contre la corrosion. La fonction de red\u00e9marrage automatique permet \u00e0 l&#039;unit\u00e9 de red\u00e9marrer apr\u00e8s une panne de courant et le compresseur \u00e0 haute efficacit\u00e9 garantit durabilit\u00e9 et efficacit\u00e9. Le manchon PTAC Danby DPSL120B1W est con\u00e7u pour \u00eatre utilis\u00e9 avec les climatiseurs terminaux emball\u00e9s Danby.\" \/>\n<meta name=\"robots\" content=\"index, follow, max-snippet:-1, max-image-preview:large, max-video-preview:-1\" \/>\n<link rel=\"canonical\" href=\"https:\/\/www.danby.com\/fr\/products\/conditionneurs-dair-pour-terminaux\/dpta070heb2wdb\/\" \/>\n<meta property=\"og:locale\" content=\"fr_CA\" \/>\n<meta property=\"og:type\" content=\"article\" \/>\n<meta property=\"og:title\" content=\"Danby 7000 BTU Climatiseur Terminal Emball\u00e9 avec Pompe \u00e0 Chaleur en Blanc - DPTA070HEB2WDB | Danby Canada\" \/>\n<meta property=\"og:description\" content=\"Ce climatiseur terminal emball\u00e9 de 7 000 BTU avec pompe \u00e0 chaleur est le choix id\u00e9al pour les chambres d&#039;h\u00f4tel et les bureaux, con\u00e7u pour refroidir et chauffer des espaces jusqu&#039;\u00e0 300 pieds carr\u00e9s. La pompe \u00e0 chaleur offre une solution de ventilation tout au long de l&#039;ann\u00e9e et les deux vitesses de ventilateur offrent une vari\u00e9t\u00e9 d&#039;options de flux d&#039;air. L&#039;unit\u00e9 est \u00e9quip\u00e9e d&#039;une protection anti-corrosion pour prot\u00e9ger les mat\u00e9riaux ext\u00e9rieurs contre la corrosion. La fonction de red\u00e9marrage automatique permet \u00e0 l&#039;unit\u00e9 de red\u00e9marrer apr\u00e8s une panne de courant et le compresseur \u00e0 haute efficacit\u00e9 garantit durabilit\u00e9 et efficacit\u00e9. Le manchon PTAC Danby DPSL120B1W est con\u00e7u pour \u00eatre utilis\u00e9 avec les climatiseurs terminaux emball\u00e9s Danby.\" \/>\n<meta property=\"og:url\" content=\"https:\/\/www.danby.com\/fr\/products\/conditionneurs-dair-pour-terminaux\/dpta070heb2wdb\/\" \/>\n<meta property=\"og:site_name\" content=\"Danby - Canada - French\" \/>\n<meta property=\"article:publisher\" content=\"https:\/\/www.facebook.com\/DanbyAppliances\" \/>\n<meta property=\"article:modified_time\" content=\"2026-04-16T10:08:39+00:00\" \/>\n<meta property=\"og:image\" content=\"https:\/\/cdnweb.danby.com\/wp-content\/uploads\/sites\/2\/2025\/04\/01173237\/PTAC_DPTA090HEB1WDB.jpg\" \/>\n\t<meta property=\"og:image:width\" content=\"1125\" \/>\n\t<meta property=\"og:image:height\" content=\"1500\" \/>\n\t<meta property=\"og:image:type\" content=\"image\/jpeg\" \/>\n<meta name=\"twitter:card\" content=\"summary_large_image\" \/>\n<meta name=\"twitter:site\" content=\"@DanbyAppliance\" \/>\n<script type=\"application\/ld+json\" class=\"yoast-schema-graph\">{\"@context\":\"https:\/\/schema.org\",\"@graph\":[{\"@type\":[\"WebPage\",\"ItemPage\"],\"url\":\"https:\/\/www.danby.com\/fr\/products\/conditionneurs-dair-pour-terminaux\/dpta070heb2wdb\/\",\"name\":\"Danby 7000 BTU Climatiseur Terminal Emball\u00e9 avec Pompe \u00e0 Chaleur en Blanc - DPTA070HEB2WDB | Danby Canada\",\"isPartOf\":[],\"primaryImageOfPage\":[],\"image\":[],\"thumbnailUrl\":\"https:\/\/www.danby.com\/fr\/wp-content\/uploads\/sites\/2\/2025\/09\/dpta070heb2wdb-thumbnail.jpg\",\"datePublished\":\"2024-07-22T14:37:20+00:00\",\"dateModified\":\"2026-04-16T10:08:39+00:00\",\"description\":\"Ce climatiseur terminal emball\u00e9 de 7 000 BTU avec pompe \u00e0 chaleur est le choix id\u00e9al pour les chambres d'h\u00f4tel et les bureaux, con\u00e7u pour refroidir et chauffer des espaces jusqu'\u00e0 300 pieds carr\u00e9s. La pompe \u00e0 chaleur offre une solution de ventilation tout au long de l'ann\u00e9e et les deux vitesses de ventilateur offrent une vari\u00e9t\u00e9 d'options de flux d'air. L'unit\u00e9 est \u00e9quip\u00e9e d'une protection anti-corrosion pour prot\u00e9ger les mat\u00e9riaux ext\u00e9rieurs contre la corrosion. La fonction de red\u00e9marrage automatique permet \u00e0 l'unit\u00e9 de red\u00e9marrer apr\u00e8s une panne de courant et le compresseur \u00e0 haute efficacit\u00e9 garantit durabilit\u00e9 et efficacit\u00e9. Le manchon PTAC Danby DPSL120B1W est con\u00e7u pour \u00eatre utilis\u00e9 avec les climatiseurs terminaux emball\u00e9s Danby.\",\"breadcrumb\":[],\"inLanguage\":\"fr-CA\",\"potentialAction\":[{\"@type\":\"ReadAction\",\"target\":[\"https:\/\/www.danby.com\/fr\/products\/conditionneurs-dair-pour-terminaux\/dpta070heb2wdb\/\"]}]},{\"@type\":\"ImageObject\",\"inLanguage\":\"fr-CA\",\"url\":\"https:\/\/www.danby.com\/fr\/wp-content\/uploads\/sites\/2\/2025\/09\/dpta070heb2wdb-thumbnail.jpg\",\"contentUrl\":\"https:\/\/www.danby.com\/fr\/wp-content\/uploads\/sites\/2\/2025\/09\/dpta070heb2wdb-thumbnail.jpg\",\"width\":768,\"height\":1024},{\"@type\":\"BreadcrumbList\",\"itemListElement\":[{\"@type\":\"ListItem\",\"position\":1,\"name\":\"Home\",\"item\":\"https:\/\/www.danby.com\/fr\/\"},{\"@type\":\"ListItem\",\"position\":2,\"name\":\"Boutique\",\"item\":\"https:\/\/www.danby.com\/fr\/boutique\/\"},{\"@type\":\"ListItem\",\"position\":3,\"name\":\"Danby 7000 BTU Climatiseur Terminal Emball\u00e9 avec Pompe \u00e0 Chaleur en Blanc\"}]},{\"@type\":\"WebSite\",\"url\":\"https:\/\/www.danby.com\/fr\/\",\"name\":\"Danby - Canada - French\",\"description\":\"Leader dans le domaine de la r\u00e9frig\u00e9ration et des appareils sp\u00e9cialis\u00e9s\",\"publisher\":[],\"potentialAction\":[{\"@type\":\"SearchAction\",\"target\":{\"@type\":\"EntryPoint\",\"urlTemplate\":\"https:\/\/www.danby.com\/fr\/?s={search_term_string}\"},\"query-input\":{\"@type\":\"PropertyValueSpecification\",\"valueRequired\":true,\"valueName\":\"search_term_string\"}}],\"inLanguage\":\"fr-CA\"},{\"@type\":\"Organization\",\"name\":\"Danby Appliances\",\"url\":\"https:\/\/www.danby.com\/fr\/\",\"logo\":{\"@type\":\"ImageObject\",\"inLanguage\":\"fr-CA\",\"url\":\"https:\/\/cdnweb.danby.com\/wp-content\/uploads\/sites\/2\/2022\/02\/10141906\/Danby75Ans_Blue.png\",\"contentUrl\":\"https:\/\/cdnweb.danby.com\/wp-content\/uploads\/sites\/2\/2022\/02\/10141906\/Danby75Ans_Blue.png\",\"width\":470,\"height\":110,\"caption\":\"Danby Appliances\"},\"image\":[],\"sameAs\":[\"https:\/\/www.facebook.com\/DanbyAppliances\",\"https:\/\/x.com\/DanbyAppliance\",\"https:\/\/instagram.com\/danbyappliances\/\",\"https:\/\/www.linkedin.com\/company\/danbyappliances\",\"https:\/\/www.pinterest.ca\/danbyappliances\/\",\"https:\/\/www.youtube.com\/user\/DanbyProducts\",\"https:\/\/en.wikipedia.org\/wiki\/Danby_(appliances)\"]}]}<\/script>\n<!-- \/ Yoast SEO plugin. -->","yoast_head_json":{"title":"Danby 7000 BTU Climatiseur Terminal Emball\u00e9 avec Pompe \u00e0 Chaleur en Blanc - DPTA070HEB2WDB | Danby Canada","description":"Ce climatiseur terminal emball\u00e9 de 7 000 BTU avec pompe \u00e0 chaleur est le choix id\u00e9al pour les chambres d'h\u00f4tel et les bureaux, con\u00e7u pour refroidir et chauffer des espaces jusqu'\u00e0 300 pieds carr\u00e9s. La pompe \u00e0 chaleur offre une solution de ventilation tout au long de l'ann\u00e9e et les deux vitesses de ventilateur offrent une vari\u00e9t\u00e9 d'options de flux d'air. L'unit\u00e9 est \u00e9quip\u00e9e d'une protection anti-corrosion pour prot\u00e9ger les mat\u00e9riaux ext\u00e9rieurs contre la corrosion. La fonction de red\u00e9marrage automatique permet \u00e0 l'unit\u00e9 de red\u00e9marrer apr\u00e8s une panne de courant et le compresseur \u00e0 haute efficacit\u00e9 garantit durabilit\u00e9 et efficacit\u00e9. Le manchon PTAC Danby DPSL120B1W est con\u00e7u pour \u00eatre utilis\u00e9 avec les climatiseurs terminaux emball\u00e9s Danby.","robots":{"index":"index","follow":"follow","max-snippet":"max-snippet:-1","max-image-preview":"max-image-preview:large","max-video-preview":"max-video-preview:-1"},"canonical":"https:\/\/www.danby.com\/fr\/products\/conditionneurs-dair-pour-terminaux\/dpta070heb2wdb\/","og_locale":"fr_CA","og_type":"article","og_title":"Danby 7000 BTU Climatiseur Terminal Emball\u00e9 avec Pompe \u00e0 Chaleur en Blanc - DPTA070HEB2WDB | Danby Canada","og_description":"Ce climatiseur terminal emball\u00e9 de 7 000 BTU avec pompe \u00e0 chaleur est le choix id\u00e9al pour les chambres d'h\u00f4tel et les bureaux, con\u00e7u pour refroidir et chauffer des espaces jusqu'\u00e0 300 pieds carr\u00e9s. La pompe \u00e0 chaleur offre une solution de ventilation tout au long de l'ann\u00e9e et les deux vitesses de ventilateur offrent une vari\u00e9t\u00e9 d'options de flux d'air. L'unit\u00e9 est \u00e9quip\u00e9e d'une protection anti-corrosion pour prot\u00e9ger les mat\u00e9riaux ext\u00e9rieurs contre la corrosion. La fonction de red\u00e9marrage automatique permet \u00e0 l'unit\u00e9 de red\u00e9marrer apr\u00e8s une panne de courant et le compresseur \u00e0 haute efficacit\u00e9 garantit durabilit\u00e9 et efficacit\u00e9. Le manchon PTAC Danby DPSL120B1W est con\u00e7u pour \u00eatre utilis\u00e9 avec les climatiseurs terminaux emball\u00e9s Danby.","og_url":"https:\/\/www.danby.com\/fr\/products\/conditionneurs-dair-pour-terminaux\/dpta070heb2wdb\/","og_site_name":"Danby - Canada - French","article_publisher":"https:\/\/www.facebook.com\/DanbyAppliances","article_modified_time":"2026-04-16T10:08:39+00:00","og_image":[{"width":1125,"height":1500,"url":"https:\/\/cdnweb.danby.com\/wp-content\/uploads\/sites\/2\/2025\/04\/01173237\/PTAC_DPTA090HEB1WDB.jpg","type":"image\/jpeg"}],"twitter_card":"summary_large_image","twitter_site":"@DanbyAppliance","schema":{"@context":"https:\/\/schema.org","@graph":[{"@type":["WebPage","ItemPage"],"url":"https:\/\/www.danby.com\/fr\/products\/conditionneurs-dair-pour-terminaux\/dpta070heb2wdb\/","name":"Danby 7000 BTU Climatiseur Terminal Emball\u00e9 avec Pompe \u00e0 Chaleur en Blanc - DPTA070HEB2WDB | Danby Canada","isPartOf":[],"primaryImageOfPage":[],"image":[],"thumbnailUrl":"https:\/\/www.danby.com\/fr\/wp-content\/uploads\/sites\/2\/2025\/09\/dpta070heb2wdb-thumbnail.jpg","datePublished":"2024-07-22T14:37:20+00:00","dateModified":"2026-04-16T10:08:39+00:00","description":"Ce climatiseur terminal emball\u00e9 de 7 000 BTU avec pompe \u00e0 chaleur est le choix id\u00e9al pour les chambres d'h\u00f4tel et les bureaux, con\u00e7u pour refroidir et chauffer des espaces jusqu'\u00e0 300 pieds carr\u00e9s. La pompe \u00e0 chaleur offre une solution de ventilation tout au long de l'ann\u00e9e et les deux vitesses de ventilateur offrent une vari\u00e9t\u00e9 d'options de flux d'air. L'unit\u00e9 est \u00e9quip\u00e9e d'une protection anti-corrosion pour prot\u00e9ger les mat\u00e9riaux ext\u00e9rieurs contre la corrosion. La fonction de red\u00e9marrage automatique permet \u00e0 l'unit\u00e9 de red\u00e9marrer apr\u00e8s une panne de courant et le compresseur \u00e0 haute efficacit\u00e9 garantit durabilit\u00e9 et efficacit\u00e9. Le manchon PTAC Danby DPSL120B1W est con\u00e7u pour \u00eatre utilis\u00e9 avec les climatiseurs terminaux emball\u00e9s Danby.","breadcrumb":[],"inLanguage":"fr-CA","potentialAction":[{"@type":"ReadAction","target":["https:\/\/www.danby.com\/fr\/products\/conditionneurs-dair-pour-terminaux\/dpta070heb2wdb\/"]}]},{"@type":"ImageObject","inLanguage":"fr-CA","url":"https:\/\/www.danby.com\/fr\/wp-content\/uploads\/sites\/2\/2025\/09\/dpta070heb2wdb-thumbnail.jpg","contentUrl":"https:\/\/www.danby.com\/fr\/wp-content\/uploads\/sites\/2\/2025\/09\/dpta070heb2wdb-thumbnail.jpg","width":768,"height":1024},{"@type":"BreadcrumbList","itemListElement":[{"@type":"ListItem","position":1,"name":"Home","item":"https:\/\/www.danby.com\/fr\/"},{"@type":"ListItem","position":2,"name":"Boutique","item":"https:\/\/www.danby.com\/fr\/boutique\/"},{"@type":"ListItem","position":3,"name":"Danby 7000 BTU Climatiseur Terminal Emball\u00e9 avec Pompe \u00e0 Chaleur en Blanc"}]},{"@type":"WebSite","url":"https:\/\/www.danby.com\/fr\/","name":"Danby - Canada - French","description":"Leader dans le domaine de la r\u00e9frig\u00e9ration et des appareils sp\u00e9cialis\u00e9s","publisher":[],"potentialAction":[{"@type":"SearchAction","target":{"@type":"EntryPoint","urlTemplate":"https:\/\/www.danby.com\/fr\/?s={search_term_string}"},"query-input":{"@type":"PropertyValueSpecification","valueRequired":true,"valueName":"search_term_string"}}],"inLanguage":"fr-CA"},{"@type":"Organization","name":"Danby Appliances","url":"https:\/\/www.danby.com\/fr\/","logo":{"@type":"ImageObject","inLanguage":"fr-CA","url":"https:\/\/cdnweb.danby.com\/wp-content\/uploads\/sites\/2\/2022\/02\/10141906\/Danby75Ans_Blue.png","contentUrl":"https:\/\/cdnweb.danby.com\/wp-content\/uploads\/sites\/2\/2022\/02\/10141906\/Danby75Ans_Blue.png","width":470,"height":110,"caption":"Danby Appliances"},"image":[],"sameAs":["https:\/\/www.facebook.com\/DanbyAppliances","https:\/\/x.com\/DanbyAppliance","https:\/\/instagram.com\/danbyappliances\/","https:\/\/www.linkedin.com\/company\/danbyappliances","https:\/\/www.pinterest.ca\/danbyappliances\/","https:\/\/www.youtube.com\/user\/DanbyProducts","https:\/\/en.wikipedia.org\/wiki\/Danby_(appliances)"]}]}},"post_mailing_queue_ids":[],"_links":{"self":[{"href":"https:\/\/www.danby.com\/fr\/wp-json\/wp\/v2\/product\/27929","targetHints":{"allow":["GET"]}}],"collection":[{"href":"https:\/\/www.danby.com\/fr\/wp-json\/wp\/v2\/product"}],"about":[{"href":"https:\/\/www.danby.com\/fr\/wp-json\/wp\/v2\/types\/product"}],"replies":[{"embeddable":true,"href":"https:\/\/www.danby.com\/fr\/wp-json\/wp\/v2\/comments?post=27929"}],"wp:featuredmedia":[{"embeddable":true,"href":"https:\/\/www.danby.com\/fr\/wp-json\/wp\/v2\/media\/34910"}],"wp:attachment":[{"href":"https:\/\/www.danby.com\/fr\/wp-json\/wp\/v2\/media?parent=27929"}],"wp:term":[{"taxonomy":"product_brand","embeddable":true,"href":"https:\/\/www.danby.com\/fr\/wp-json\/wp\/v2\/product_brand?post=27929"},{"taxonomy":"product_cat","embeddable":true,"href":"https:\/\/www.danby.com\/fr\/wp-json\/wp\/v2\/product_cat?post=27929"},{"taxonomy":"product_tag","embeddable":true,"href":"https:\/\/www.danby.com\/fr\/wp-json\/wp\/v2\/product_tag?post=27929"}],"curies":[{"name":"wp","href":"https:\/\/api.w.org\/{rel}","templated":true}]}}