{"id":27655,"date":"2024-06-28T19:27:50","date_gmt":"2024-06-28T19:27:50","guid":{"rendered":"https:\/\/www.danby.com\/fr\/products\/non%20class\u00e9\/dbmw0925bbs\/"},"modified":"2026-04-26T10:02:54","modified_gmt":"2026-04-26T10:02:54","slug":"dbmw0925bbs","status":"publish","type":"product","link":"https:\/\/www.danby.com\/fr\/products\/fours-a-micro-ondes\/dbmw0925bbs\/","title":{"rendered":"Danby 0.9 cu. ft. Countertop Microwave in Black and Stainless Steel"},"content":{"rendered":"","protected":false},"excerpt":{"rendered":"<ul>\n<li>Capacit\u00e9 de 0,9 pi\u00b3 avec 900 Watts et 10 niveaux de puissance.<\/li>\n<li>6 options de cuisson automatique pour Popcorn, Pomme de terre, Pizza, L\u00e9gumes surgel\u00e9s, Boisson, et Assiette de d\u00eener.<\/li>\n<li>Boutons de cuisson express de 1 \u00e0 6 minutes.<\/li>\n<li>Fonction Ajouter 30 secondes pour un temps de cuisson suppl\u00e9mentaire.<\/li>\n<li>D\u00e9cong\u00e9lation automatique par temps ou par poids.<\/li>\n<li>Fonction de cuisson par temps selon le temps souhait\u00e9.<\/li>\n<li>S\u00e9curit\u00e9 enfant\/verrouillage de contr\u00f4le en appuyant sur STOP pendant 3 secondes et verrouillage de porte en deux \u00e9tapes en appuyant sur 7, 9, et Ouverture de la porte.<\/li>\n<li>Garantie de 12 mois sur les pi\u00e8ces et la main-d&#8217;\u0153uvre avec service de transport.<\/li>\n<li>*Conforme \u00e0 l\u2019ADA : r\u00e9pond aux exigences applicables des normes ADA de 2010 lorsqu\u2019il est install\u00e9 conform\u00e9ment aux lignes directrices de l\u2019ADA.<\/li>\n<\/ul>\n","protected":false},"featured_media":39520,"comment_status":"open","ping_status":"closed","template":"","meta":{"_acf_changed":false},"product_brand":[],"product_cat":[32],"product_tag":[],"class_list":{"0":"post-27655","1":"product","2":"type-product","3":"status-publish","4":"has-post-thumbnail","6":"product_cat-fours-a-micro-ondes","8":"first","9":"instock","10":"taxable","11":"shipping-taxable","12":"purchasable","13":"product-type-simple"},"acf":[],"yoast_head":"<!-- This site is optimized with the Yoast SEO plugin v27.4 - https:\/\/yoast.com\/product\/yoast-seo-wordpress\/ -->\n<title>Danby 0.9 cu. ft. Countertop Microwave in Black and Stainless Steel - DBMW0925BBS | Danby Canada<\/title>\n<meta name=\"description\" content=\"Am\u00e9liorez votre cuisine avec le micro-ondes de comptoir Danby DBMW0921BBB. Avec une capacit\u00e9 de 0,9 pi\u00b3 et une puissance de 900 watts, ce micro-ondes \u00e9l\u00e9gant en noir et acier inoxydable offre 10 niveaux de puissance pour une cuisson polyvalente. Profitez de la commodit\u00e9 de 6 options de cuisson automatique pour le Popcorn, la Pomme de Terre, la Pizza, les L\u00e9gumes Surgel\u00e9s, les Boissons et l&#039;Assiette Repas. Les repas rapides sont faciles avec les boutons de cuisson express de 1 \u00e0 6 minutes et une fonction Ajouter 30 Secondes. Les options de d\u00e9cong\u00e9lation automatique par temps ou par poids garantissent des r\u00e9sultats parfaits. La fonction de cuisson par temps vous permet de r\u00e9gler le temps de cuisson souhait\u00e9, tandis que la s\u00e9curit\u00e9 enfant\/verrouillage des commandes et la s\u00e9curit\u00e9 \u00e0 deux niveaux de la porte offrent une s\u00e9curit\u00e9 suppl\u00e9mentaire. Avec une garantie de 12 mois sur les pi\u00e8ces et la main-d&#039;\u0153uvre, le Danby DBMW0921BBB est un ajout fiable \u00e0 toute cuisine.\" \/>\n<meta name=\"robots\" content=\"index, follow, max-snippet:-1, max-image-preview:large, max-video-preview:-1\" \/>\n<link rel=\"canonical\" href=\"https:\/\/www.danby.com\/fr\/products\/fours-a-micro-ondes\/dbmw0925bbs\/\" \/>\n<meta property=\"og:locale\" content=\"fr_CA\" \/>\n<meta property=\"og:type\" content=\"article\" \/>\n<meta property=\"og:title\" content=\"Danby 0.9 cu. ft. Countertop Microwave in Black and Stainless Steel - DBMW0925BBS | Danby Canada\" \/>\n<meta property=\"og:description\" content=\"Am\u00e9liorez votre cuisine avec le micro-ondes de comptoir Danby DBMW0921BBB. Avec une capacit\u00e9 de 0,9 pi\u00b3 et une puissance de 900 watts, ce micro-ondes \u00e9l\u00e9gant en noir et acier inoxydable offre 10 niveaux de puissance pour une cuisson polyvalente. Profitez de la commodit\u00e9 de 6 options de cuisson automatique pour le Popcorn, la Pomme de Terre, la Pizza, les L\u00e9gumes Surgel\u00e9s, les Boissons et l&#039;Assiette Repas. Les repas rapides sont faciles avec les boutons de cuisson express de 1 \u00e0 6 minutes et une fonction Ajouter 30 Secondes. Les options de d\u00e9cong\u00e9lation automatique par temps ou par poids garantissent des r\u00e9sultats parfaits. La fonction de cuisson par temps vous permet de r\u00e9gler le temps de cuisson souhait\u00e9, tandis que la s\u00e9curit\u00e9 enfant\/verrouillage des commandes et la s\u00e9curit\u00e9 \u00e0 deux niveaux de la porte offrent une s\u00e9curit\u00e9 suppl\u00e9mentaire. Avec une garantie de 12 mois sur les pi\u00e8ces et la main-d&#039;\u0153uvre, le Danby DBMW0921BBB est un ajout fiable \u00e0 toute cuisine.\" \/>\n<meta property=\"og:url\" content=\"https:\/\/www.danby.com\/fr\/products\/fours-a-micro-ondes\/dbmw0925bbs\/\" \/>\n<meta property=\"og:site_name\" content=\"Danby - Canada - French\" \/>\n<meta property=\"article:publisher\" content=\"https:\/\/www.facebook.com\/DanbyAppliances\" \/>\n<meta property=\"article:modified_time\" content=\"2026-04-26T10:02:54+00:00\" \/>\n<meta property=\"og:image\" content=\"https:\/\/cdnweb.danby.com\/wp-content\/uploads\/sites\/2\/2024\/07\/05154442\/DBMW0921BBB-003.jpg\" \/>\n\t<meta property=\"og:image:width\" content=\"1732\" \/>\n\t<meta property=\"og:image:height\" content=\"2310\" \/>\n\t<meta property=\"og:image:type\" content=\"image\/jpeg\" \/>\n<meta name=\"twitter:card\" content=\"summary_large_image\" \/>\n<meta name=\"twitter:site\" content=\"@DanbyAppliance\" \/>\n<script type=\"application\/ld+json\" class=\"yoast-schema-graph\">{\"@context\":\"https:\\\/\\\/schema.org\",\"@graph\":[{\"@type\":[\"WebPage\",\"ItemPage\"],\"url\":\"https:\\\/\\\/www.danby.com\\\/fr\\\/products\\\/fours-a-micro-ondes\\\/dbmw0925bbs\\\/\",\"name\":\"Danby 0.9 cu. ft. Countertop Microwave in Black and Stainless Steel - DBMW0925BBS | Danby Canada\",\"isPartOf\":[],\"primaryImageOfPage\":[],\"image\":[],\"thumbnailUrl\":\"https:\\\/\\\/www.danby.com\\\/fr\\\/wp-content\\\/uploads\\\/sites\\\/2\\\/2026\\\/03\\\/dbmw0925bbs-thumbnail-ada.jpg\",\"datePublished\":\"2024-06-28T19:27:50+00:00\",\"dateModified\":\"2026-04-26T10:02:54+00:00\",\"description\":\"Am\u00e9liorez votre cuisine avec le micro-ondes de comptoir Danby DBMW0921BBB. Avec une capacit\u00e9 de 0,9 pi\u00b3 et une puissance de 900 watts, ce micro-ondes \u00e9l\u00e9gant en noir et acier inoxydable offre 10 niveaux de puissance pour une cuisson polyvalente. Profitez de la commodit\u00e9 de 6 options de cuisson automatique pour le Popcorn, la Pomme de Terre, la Pizza, les L\u00e9gumes Surgel\u00e9s, les Boissons et l'Assiette Repas. Les repas rapides sont faciles avec les boutons de cuisson express de 1 \u00e0 6 minutes et une fonction Ajouter 30 Secondes. Les options de d\u00e9cong\u00e9lation automatique par temps ou par poids garantissent des r\u00e9sultats parfaits. La fonction de cuisson par temps vous permet de r\u00e9gler le temps de cuisson souhait\u00e9, tandis que la s\u00e9curit\u00e9 enfant\\\/verrouillage des commandes et la s\u00e9curit\u00e9 \u00e0 deux niveaux de la porte offrent une s\u00e9curit\u00e9 suppl\u00e9mentaire. Avec une garantie de 12 mois sur les pi\u00e8ces et la main-d'\u0153uvre, le Danby DBMW0921BBB est un ajout fiable \u00e0 toute cuisine.\",\"breadcrumb\":[],\"inLanguage\":\"fr-CA\",\"potentialAction\":[{\"@type\":\"ReadAction\",\"target\":[\"https:\\\/\\\/www.danby.com\\\/fr\\\/products\\\/fours-a-micro-ondes\\\/dbmw0925bbs\\\/\"]}]},{\"@type\":\"ImageObject\",\"inLanguage\":\"fr-CA\",\"url\":\"https:\\\/\\\/www.danby.com\\\/fr\\\/wp-content\\\/uploads\\\/sites\\\/2\\\/2026\\\/03\\\/dbmw0925bbs-thumbnail-ada.jpg\",\"contentUrl\":\"https:\\\/\\\/www.danby.com\\\/fr\\\/wp-content\\\/uploads\\\/sites\\\/2\\\/2026\\\/03\\\/dbmw0925bbs-thumbnail-ada.jpg\",\"width\":768,\"height\":1024},{\"@type\":\"BreadcrumbList\",\"itemListElement\":[{\"@type\":\"ListItem\",\"position\":1,\"name\":\"Home\",\"item\":\"https:\\\/\\\/www.danby.com\\\/fr\\\/\"},{\"@type\":\"ListItem\",\"position\":2,\"name\":\"Boutique\",\"item\":\"https:\\\/\\\/www.danby.com\\\/fr\\\/boutique\\\/\"},{\"@type\":\"ListItem\",\"position\":3,\"name\":\"Danby 0.9 cu. ft. Countertop Microwave in Black and Stainless Steel\"}]},{\"@type\":\"WebSite\",\"url\":\"https:\\\/\\\/www.danby.com\\\/fr\\\/\",\"name\":\"Danby - Canada - French\",\"description\":\"Leader dans le domaine de la r\u00e9frig\u00e9ration et des appareils sp\u00e9cialis\u00e9s\",\"publisher\":[],\"potentialAction\":[{\"@type\":\"SearchAction\",\"target\":{\"@type\":\"EntryPoint\",\"urlTemplate\":\"https:\\\/\\\/www.danby.com\\\/fr\\\/?s={search_term_string}\"},\"query-input\":{\"@type\":\"PropertyValueSpecification\",\"valueRequired\":true,\"valueName\":\"search_term_string\"}}],\"inLanguage\":\"fr-CA\"},{\"@type\":\"Organization\",\"name\":\"Danby Appliances\",\"url\":\"https:\\\/\\\/www.danby.com\\\/fr\\\/\",\"logo\":{\"@type\":\"ImageObject\",\"inLanguage\":\"fr-CA\",\"url\":\"https:\\\/\\\/cdnweb.danby.com\\\/wp-content\\\/uploads\\\/sites\\\/2\\\/2022\\\/02\\\/10141906\\\/Danby75Ans_Blue.png\",\"contentUrl\":\"https:\\\/\\\/cdnweb.danby.com\\\/wp-content\\\/uploads\\\/sites\\\/2\\\/2022\\\/02\\\/10141906\\\/Danby75Ans_Blue.png\",\"width\":470,\"height\":110,\"caption\":\"Danby Appliances\"},\"image\":[],\"sameAs\":[\"https:\\\/\\\/www.facebook.com\\\/DanbyAppliances\",\"https:\\\/\\\/x.com\\\/DanbyAppliance\",\"https:\\\/\\\/instagram.com\\\/danbyappliances\\\/\",\"https:\\\/\\\/www.linkedin.com\\\/company\\\/danbyappliances\",\"https:\\\/\\\/www.pinterest.ca\\\/danbyappliances\\\/\",\"https:\\\/\\\/www.youtube.com\\\/user\\\/DanbyProducts\",\"https:\\\/\\\/en.wikipedia.org\\\/wiki\\\/Danby_(appliances)\"]}]}<\/script>\n<!-- \/ Yoast SEO plugin. -->","yoast_head_json":{"title":"Danby 0.9 cu. ft. Countertop Microwave in Black and Stainless Steel - DBMW0925BBS | Danby Canada","description":"Am\u00e9liorez votre cuisine avec le micro-ondes de comptoir Danby DBMW0921BBB. Avec une capacit\u00e9 de 0,9 pi\u00b3 et une puissance de 900 watts, ce micro-ondes \u00e9l\u00e9gant en noir et acier inoxydable offre 10 niveaux de puissance pour une cuisson polyvalente. Profitez de la commodit\u00e9 de 6 options de cuisson automatique pour le Popcorn, la Pomme de Terre, la Pizza, les L\u00e9gumes Surgel\u00e9s, les Boissons et l'Assiette Repas. Les repas rapides sont faciles avec les boutons de cuisson express de 1 \u00e0 6 minutes et une fonction Ajouter 30 Secondes. Les options de d\u00e9cong\u00e9lation automatique par temps ou par poids garantissent des r\u00e9sultats parfaits. La fonction de cuisson par temps vous permet de r\u00e9gler le temps de cuisson souhait\u00e9, tandis que la s\u00e9curit\u00e9 enfant\/verrouillage des commandes et la s\u00e9curit\u00e9 \u00e0 deux niveaux de la porte offrent une s\u00e9curit\u00e9 suppl\u00e9mentaire. Avec une garantie de 12 mois sur les pi\u00e8ces et la main-d'\u0153uvre, le Danby DBMW0921BBB est un ajout fiable \u00e0 toute cuisine.","robots":{"index":"index","follow":"follow","max-snippet":"max-snippet:-1","max-image-preview":"max-image-preview:large","max-video-preview":"max-video-preview:-1"},"canonical":"https:\/\/www.danby.com\/fr\/products\/fours-a-micro-ondes\/dbmw0925bbs\/","og_locale":"fr_CA","og_type":"article","og_title":"Danby 0.9 cu. ft. Countertop Microwave in Black and Stainless Steel - DBMW0925BBS | Danby Canada","og_description":"Am\u00e9liorez votre cuisine avec le micro-ondes de comptoir Danby DBMW0921BBB. Avec une capacit\u00e9 de 0,9 pi\u00b3 et une puissance de 900 watts, ce micro-ondes \u00e9l\u00e9gant en noir et acier inoxydable offre 10 niveaux de puissance pour une cuisson polyvalente. Profitez de la commodit\u00e9 de 6 options de cuisson automatique pour le Popcorn, la Pomme de Terre, la Pizza, les L\u00e9gumes Surgel\u00e9s, les Boissons et l'Assiette Repas. Les repas rapides sont faciles avec les boutons de cuisson express de 1 \u00e0 6 minutes et une fonction Ajouter 30 Secondes. Les options de d\u00e9cong\u00e9lation automatique par temps ou par poids garantissent des r\u00e9sultats parfaits. La fonction de cuisson par temps vous permet de r\u00e9gler le temps de cuisson souhait\u00e9, tandis que la s\u00e9curit\u00e9 enfant\/verrouillage des commandes et la s\u00e9curit\u00e9 \u00e0 deux niveaux de la porte offrent une s\u00e9curit\u00e9 suppl\u00e9mentaire. Avec une garantie de 12 mois sur les pi\u00e8ces et la main-d'\u0153uvre, le Danby DBMW0921BBB est un ajout fiable \u00e0 toute cuisine.","og_url":"https:\/\/www.danby.com\/fr\/products\/fours-a-micro-ondes\/dbmw0925bbs\/","og_site_name":"Danby - Canada - French","article_publisher":"https:\/\/www.facebook.com\/DanbyAppliances","article_modified_time":"2026-04-26T10:02:54+00:00","og_image":[{"width":1732,"height":2310,"url":"https:\/\/cdnweb.danby.com\/wp-content\/uploads\/sites\/2\/2024\/07\/05154442\/DBMW0921BBB-003.jpg","type":"image\/jpeg"}],"twitter_card":"summary_large_image","twitter_site":"@DanbyAppliance","schema":{"@context":"https:\/\/schema.org","@graph":[{"@type":["WebPage","ItemPage"],"url":"https:\/\/www.danby.com\/fr\/products\/fours-a-micro-ondes\/dbmw0925bbs\/","name":"Danby 0.9 cu. ft. Countertop Microwave in Black and Stainless Steel - DBMW0925BBS | Danby Canada","isPartOf":[],"primaryImageOfPage":[],"image":[],"thumbnailUrl":"https:\/\/www.danby.com\/fr\/wp-content\/uploads\/sites\/2\/2026\/03\/dbmw0925bbs-thumbnail-ada.jpg","datePublished":"2024-06-28T19:27:50+00:00","dateModified":"2026-04-26T10:02:54+00:00","description":"Am\u00e9liorez votre cuisine avec le micro-ondes de comptoir Danby DBMW0921BBB. Avec une capacit\u00e9 de 0,9 pi\u00b3 et une puissance de 900 watts, ce micro-ondes \u00e9l\u00e9gant en noir et acier inoxydable offre 10 niveaux de puissance pour une cuisson polyvalente. Profitez de la commodit\u00e9 de 6 options de cuisson automatique pour le Popcorn, la Pomme de Terre, la Pizza, les L\u00e9gumes Surgel\u00e9s, les Boissons et l'Assiette Repas. Les repas rapides sont faciles avec les boutons de cuisson express de 1 \u00e0 6 minutes et une fonction Ajouter 30 Secondes. Les options de d\u00e9cong\u00e9lation automatique par temps ou par poids garantissent des r\u00e9sultats parfaits. La fonction de cuisson par temps vous permet de r\u00e9gler le temps de cuisson souhait\u00e9, tandis que la s\u00e9curit\u00e9 enfant\/verrouillage des commandes et la s\u00e9curit\u00e9 \u00e0 deux niveaux de la porte offrent une s\u00e9curit\u00e9 suppl\u00e9mentaire. Avec une garantie de 12 mois sur les pi\u00e8ces et la main-d'\u0153uvre, le Danby DBMW0921BBB est un ajout fiable \u00e0 toute cuisine.","breadcrumb":[],"inLanguage":"fr-CA","potentialAction":[{"@type":"ReadAction","target":["https:\/\/www.danby.com\/fr\/products\/fours-a-micro-ondes\/dbmw0925bbs\/"]}]},{"@type":"ImageObject","inLanguage":"fr-CA","url":"https:\/\/www.danby.com\/fr\/wp-content\/uploads\/sites\/2\/2026\/03\/dbmw0925bbs-thumbnail-ada.jpg","contentUrl":"https:\/\/www.danby.com\/fr\/wp-content\/uploads\/sites\/2\/2026\/03\/dbmw0925bbs-thumbnail-ada.jpg","width":768,"height":1024},{"@type":"BreadcrumbList","itemListElement":[{"@type":"ListItem","position":1,"name":"Home","item":"https:\/\/www.danby.com\/fr\/"},{"@type":"ListItem","position":2,"name":"Boutique","item":"https:\/\/www.danby.com\/fr\/boutique\/"},{"@type":"ListItem","position":3,"name":"Danby 0.9 cu. ft. Countertop Microwave in Black and Stainless Steel"}]},{"@type":"WebSite","url":"https:\/\/www.danby.com\/fr\/","name":"Danby - Canada - French","description":"Leader dans le domaine de la r\u00e9frig\u00e9ration et des appareils sp\u00e9cialis\u00e9s","publisher":[],"potentialAction":[{"@type":"SearchAction","target":{"@type":"EntryPoint","urlTemplate":"https:\/\/www.danby.com\/fr\/?s={search_term_string}"},"query-input":{"@type":"PropertyValueSpecification","valueRequired":true,"valueName":"search_term_string"}}],"inLanguage":"fr-CA"},{"@type":"Organization","name":"Danby Appliances","url":"https:\/\/www.danby.com\/fr\/","logo":{"@type":"ImageObject","inLanguage":"fr-CA","url":"https:\/\/cdnweb.danby.com\/wp-content\/uploads\/sites\/2\/2022\/02\/10141906\/Danby75Ans_Blue.png","contentUrl":"https:\/\/cdnweb.danby.com\/wp-content\/uploads\/sites\/2\/2022\/02\/10141906\/Danby75Ans_Blue.png","width":470,"height":110,"caption":"Danby Appliances"},"image":[],"sameAs":["https:\/\/www.facebook.com\/DanbyAppliances","https:\/\/x.com\/DanbyAppliance","https:\/\/instagram.com\/danbyappliances\/","https:\/\/www.linkedin.com\/company\/danbyappliances","https:\/\/www.pinterest.ca\/danbyappliances\/","https:\/\/www.youtube.com\/user\/DanbyProducts","https:\/\/en.wikipedia.org\/wiki\/Danby_(appliances)"]}]}},"post_mailing_queue_ids":[],"_links":{"self":[{"href":"https:\/\/www.danby.com\/fr\/wp-json\/wp\/v2\/product\/27655","targetHints":{"allow":["GET"]}}],"collection":[{"href":"https:\/\/www.danby.com\/fr\/wp-json\/wp\/v2\/product"}],"about":[{"href":"https:\/\/www.danby.com\/fr\/wp-json\/wp\/v2\/types\/product"}],"replies":[{"embeddable":true,"href":"https:\/\/www.danby.com\/fr\/wp-json\/wp\/v2\/comments?post=27655"}],"wp:featuredmedia":[{"embeddable":true,"href":"https:\/\/www.danby.com\/fr\/wp-json\/wp\/v2\/media\/39520"}],"wp:attachment":[{"href":"https:\/\/www.danby.com\/fr\/wp-json\/wp\/v2\/media?parent=27655"}],"wp:term":[{"taxonomy":"product_brand","embeddable":true,"href":"https:\/\/www.danby.com\/fr\/wp-json\/wp\/v2\/product_brand?post=27655"},{"taxonomy":"product_cat","embeddable":true,"href":"https:\/\/www.danby.com\/fr\/wp-json\/wp\/v2\/product_cat?post=27655"},{"taxonomy":"product_tag","embeddable":true,"href":"https:\/\/www.danby.com\/fr\/wp-json\/wp\/v2\/product_tag?post=27655"}],"curies":[{"name":"wp","href":"https:\/\/api.w.org\/{rel}","templated":true}]}}