{"id":27654,"date":"2024-06-28T19:26:31","date_gmt":"2024-06-28T19:26:31","guid":{"rendered":"https:\/\/www.danby.com\/fr\/products\/non%20class\u00e9\/dbmw1121bbb\/"},"modified":"2026-04-28T18:23:16","modified_gmt":"2026-04-28T18:23:16","slug":"dbmw1121bbb","status":"publish","type":"product","link":"https:\/\/www.danby.com\/fr\/products\/fours-a-micro-ondes\/dbmw1121bbb\/","title":{"rendered":"Micro-ondes de comptoir Danby 1,1 pi\u00b3 en Noir"},"content":{"rendered":"","protected":false},"excerpt":{"rendered":"<ul>\n<li>Capacit\u00e9 de 1,1 pi\u00b3, 900 Watts, 10 niveaux de puissance<\/li>\n<li>6 Options de Cuisson Automatique Pratiques : Popcorn, Pomme de Terre, Pizza, L\u00e9gumes Surgel\u00e9s, Boissons, Assiette du D\u00eener<\/li>\n<li>Boutons de Cuisson Rapide : 1 \u00e0 6 minutes<\/li>\n<li>Ajouter 30 secondes : ajoutez 30 secondes suppl\u00e9mentaires au temps de cuisson<\/li>\n<li>Options de D\u00e9cong\u00e9lation Automatique : D\u00e9congeler par Temps ou par Poids<\/li>\n<li>Cuisson par Temps : Cuisinez selon le temps de cuisson d\u00e9sir\u00e9<\/li>\n<li>Option Verrouillage Enfant\/Contr\u00f4le : verrouillez le panneau de contr\u00f4le en appuyant sur STOP pendant 3 secondes. Activez le verrou de s\u00e9curit\u00e9 \u00e0 2 \u00e9tapes de la porte en appuyant sur 7, 9 et en ouvrant la porte.<\/li>\n<li>Garantie de 12 mois sur les pi\u00e8ces et la main-d&#8217;\u0153uvre avec un service de d\u00e9p\u00f4t<\/li>\n<\/ul>\n","protected":false},"featured_media":35324,"comment_status":"open","ping_status":"closed","template":"","meta":{"_acf_changed":false},"product_brand":[],"product_cat":[32],"product_tag":[],"class_list":{"0":"post-27654","1":"product","2":"type-product","3":"status-publish","4":"has-post-thumbnail","6":"product_cat-fours-a-micro-ondes","8":"first","9":"instock","10":"taxable","11":"shipping-taxable","12":"purchasable","13":"product-type-simple"},"acf":[],"yoast_head":"<!-- This site is optimized with the Yoast SEO plugin v27.5 - https:\/\/yoast.com\/product\/yoast-seo-wordpress\/ -->\n<title>Micro-ondes de comptoir Danby 1,1 pi\u00b3 en Noir - DBMW1121BBB | Danby Canada<\/title>\n<meta name=\"description\" content=\"Le four \u00e0 micro-ondes de comptoir Danby DBMW1121BBB de 1,1 pied cube en noir combine un design \u00e9l\u00e9gant avec des performances puissantes. Sa capacit\u00e9 de 1,1 pied cube et ses 900 watts de puissance, avec 10 niveaux de puissance r\u00e9glables, permettent de g\u00e9rer diverses t\u00e2ches de cuisson. Il offre 6 options de cuisson automatique pour Popcorn, Pomme de terre, Pizza, L\u00e9gumes surgel\u00e9s, Boisson et Assiette de d\u00eener, simplifiant la pr\u00e9paration des repas. Les boutons de cuisson Express Cook permettent une cuisson imm\u00e9diate de 1 \u00e0 6 minutes, et la fonction Ajouter 30 secondes prolonge facilement le temps de cuisson. Les options de d\u00e9cong\u00e9lation automatique permettent de d\u00e9congeler par temps ou par poids pour des r\u00e9sultats optimaux. La fonction de cuisson par temps permet un contr\u00f4le pr\u00e9cis en r\u00e9glant manuellement le temps de cuisson. Pour la s\u00e9curit\u00e9, l&#039;option de verrouillage enfant\/contr\u00f4le verrouille le panneau de commande avec une pression de 3 secondes sur le bouton ARR\u00caT et inclut un verrouillage de porte en deux \u00e9tapes. Une garantie de 12 mois sur les pi\u00e8ces et la main-d&#039;\u0153uvre avec service en atelier offre une tranquillit\u00e9 d&#039;esprit.\" \/>\n<meta name=\"robots\" content=\"index, follow, max-snippet:-1, max-image-preview:large, max-video-preview:-1\" \/>\n<link rel=\"canonical\" href=\"https:\/\/www.danby.com\/fr\/products\/fours-a-micro-ondes\/dbmw1121bbb\/\" \/>\n<meta property=\"og:locale\" content=\"fr_CA\" \/>\n<meta property=\"og:type\" content=\"article\" \/>\n<meta property=\"og:title\" content=\"Micro-ondes de comptoir Danby 1,1 pi\u00b3 en Noir - DBMW1121BBB | Danby Canada\" \/>\n<meta property=\"og:description\" content=\"Le four \u00e0 micro-ondes de comptoir Danby DBMW1121BBB de 1,1 pied cube en noir combine un design \u00e9l\u00e9gant avec des performances puissantes. Sa capacit\u00e9 de 1,1 pied cube et ses 900 watts de puissance, avec 10 niveaux de puissance r\u00e9glables, permettent de g\u00e9rer diverses t\u00e2ches de cuisson. Il offre 6 options de cuisson automatique pour Popcorn, Pomme de terre, Pizza, L\u00e9gumes surgel\u00e9s, Boisson et Assiette de d\u00eener, simplifiant la pr\u00e9paration des repas. Les boutons de cuisson Express Cook permettent une cuisson imm\u00e9diate de 1 \u00e0 6 minutes, et la fonction Ajouter 30 secondes prolonge facilement le temps de cuisson. Les options de d\u00e9cong\u00e9lation automatique permettent de d\u00e9congeler par temps ou par poids pour des r\u00e9sultats optimaux. La fonction de cuisson par temps permet un contr\u00f4le pr\u00e9cis en r\u00e9glant manuellement le temps de cuisson. Pour la s\u00e9curit\u00e9, l&#039;option de verrouillage enfant\/contr\u00f4le verrouille le panneau de commande avec une pression de 3 secondes sur le bouton ARR\u00caT et inclut un verrouillage de porte en deux \u00e9tapes. Une garantie de 12 mois sur les pi\u00e8ces et la main-d&#039;\u0153uvre avec service en atelier offre une tranquillit\u00e9 d&#039;esprit.\" \/>\n<meta property=\"og:url\" content=\"https:\/\/www.danby.com\/fr\/products\/fours-a-micro-ondes\/dbmw1121bbb\/\" \/>\n<meta property=\"og:site_name\" content=\"Danby - Canada - French\" \/>\n<meta property=\"article:publisher\" content=\"https:\/\/www.facebook.com\/DanbyAppliances\" \/>\n<meta property=\"article:modified_time\" content=\"2026-04-28T18:23:16+00:00\" \/>\n<meta property=\"og:image\" content=\"https:\/\/cdnweb.danby.com\/wp-content\/uploads\/sites\/2\/2024\/07\/05153813\/DBMW0921BBB-001.jpg\" \/>\n\t<meta property=\"og:image:width\" content=\"1732\" \/>\n\t<meta property=\"og:image:height\" content=\"2310\" \/>\n\t<meta property=\"og:image:type\" content=\"image\/jpeg\" \/>\n<meta name=\"twitter:card\" content=\"summary_large_image\" \/>\n<meta name=\"twitter:site\" content=\"@DanbyAppliance\" \/>\n<script type=\"application\/ld+json\" class=\"yoast-schema-graph\">{\"@context\":\"https:\\\/\\\/schema.org\",\"@graph\":[{\"@type\":[\"WebPage\",\"ItemPage\"],\"url\":\"https:\\\/\\\/www.danby.com\\\/fr\\\/products\\\/fours-a-micro-ondes\\\/dbmw1121bbb\\\/\",\"name\":\"Micro-ondes de comptoir Danby 1,1 pi\u00b3 en Noir - DBMW1121BBB | Danby Canada\",\"isPartOf\":[],\"primaryImageOfPage\":[],\"image\":[],\"thumbnailUrl\":\"https:\\\/\\\/www.danby.com\\\/fr\\\/wp-content\\\/uploads\\\/sites\\\/2\\\/2025\\\/10\\\/dbmw1121bbb-thumbnail.jpg\",\"datePublished\":\"2024-06-28T19:26:31+00:00\",\"dateModified\":\"2026-04-28T18:23:16+00:00\",\"description\":\"Le four \u00e0 micro-ondes de comptoir Danby DBMW1121BBB de 1,1 pied cube en noir combine un design \u00e9l\u00e9gant avec des performances puissantes. Sa capacit\u00e9 de 1,1 pied cube et ses 900 watts de puissance, avec 10 niveaux de puissance r\u00e9glables, permettent de g\u00e9rer diverses t\u00e2ches de cuisson. Il offre 6 options de cuisson automatique pour Popcorn, Pomme de terre, Pizza, L\u00e9gumes surgel\u00e9s, Boisson et Assiette de d\u00eener, simplifiant la pr\u00e9paration des repas. Les boutons de cuisson Express Cook permettent une cuisson imm\u00e9diate de 1 \u00e0 6 minutes, et la fonction Ajouter 30 secondes prolonge facilement le temps de cuisson. Les options de d\u00e9cong\u00e9lation automatique permettent de d\u00e9congeler par temps ou par poids pour des r\u00e9sultats optimaux. La fonction de cuisson par temps permet un contr\u00f4le pr\u00e9cis en r\u00e9glant manuellement le temps de cuisson. Pour la s\u00e9curit\u00e9, l'option de verrouillage enfant\\\/contr\u00f4le verrouille le panneau de commande avec une pression de 3 secondes sur le bouton ARR\u00caT et inclut un verrouillage de porte en deux \u00e9tapes. Une garantie de 12 mois sur les pi\u00e8ces et la main-d'\u0153uvre avec service en atelier offre une tranquillit\u00e9 d'esprit.\",\"breadcrumb\":[],\"inLanguage\":\"fr-CA\",\"potentialAction\":[{\"@type\":\"ReadAction\",\"target\":[\"https:\\\/\\\/www.danby.com\\\/fr\\\/products\\\/fours-a-micro-ondes\\\/dbmw1121bbb\\\/\"]}]},{\"@type\":\"ImageObject\",\"inLanguage\":\"fr-CA\",\"url\":\"https:\\\/\\\/www.danby.com\\\/fr\\\/wp-content\\\/uploads\\\/sites\\\/2\\\/2025\\\/10\\\/dbmw1121bbb-thumbnail.jpg\",\"contentUrl\":\"https:\\\/\\\/www.danby.com\\\/fr\\\/wp-content\\\/uploads\\\/sites\\\/2\\\/2025\\\/10\\\/dbmw1121bbb-thumbnail.jpg\",\"width\":768,\"height\":1024},{\"@type\":\"BreadcrumbList\",\"itemListElement\":[{\"@type\":\"ListItem\",\"position\":1,\"name\":\"Home\",\"item\":\"https:\\\/\\\/www.danby.com\\\/fr\\\/\"},{\"@type\":\"ListItem\",\"position\":2,\"name\":\"Boutique\",\"item\":\"https:\\\/\\\/www.danby.com\\\/fr\\\/boutique\\\/\"},{\"@type\":\"ListItem\",\"position\":3,\"name\":\"Danby 1.1 cu. ft. Countertop Microwave in Black\"}]},{\"@type\":\"WebSite\",\"url\":\"https:\\\/\\\/www.danby.com\\\/fr\\\/\",\"name\":\"Danby - Canada - French\",\"description\":\"Leader dans le domaine de la r\u00e9frig\u00e9ration et des appareils sp\u00e9cialis\u00e9s\",\"publisher\":[],\"potentialAction\":[{\"@type\":\"SearchAction\",\"target\":{\"@type\":\"EntryPoint\",\"urlTemplate\":\"https:\\\/\\\/www.danby.com\\\/fr\\\/?s={search_term_string}\"},\"query-input\":{\"@type\":\"PropertyValueSpecification\",\"valueRequired\":true,\"valueName\":\"search_term_string\"}}],\"inLanguage\":\"fr-CA\"},{\"@type\":\"Organization\",\"name\":\"Danby Appliances\",\"url\":\"https:\\\/\\\/www.danby.com\\\/fr\\\/\",\"logo\":{\"@type\":\"ImageObject\",\"inLanguage\":\"fr-CA\",\"url\":\"https:\\\/\\\/cdnweb.danby.com\\\/wp-content\\\/uploads\\\/sites\\\/2\\\/2022\\\/02\\\/10141906\\\/Danby75Ans_Blue.png\",\"contentUrl\":\"https:\\\/\\\/cdnweb.danby.com\\\/wp-content\\\/uploads\\\/sites\\\/2\\\/2022\\\/02\\\/10141906\\\/Danby75Ans_Blue.png\",\"width\":470,\"height\":110,\"caption\":\"Danby Appliances\"},\"image\":[],\"sameAs\":[\"https:\\\/\\\/www.facebook.com\\\/DanbyAppliances\",\"https:\\\/\\\/x.com\\\/DanbyAppliance\",\"https:\\\/\\\/instagram.com\\\/danbyappliances\\\/\",\"https:\\\/\\\/www.linkedin.com\\\/company\\\/danbyappliances\",\"https:\\\/\\\/www.pinterest.ca\\\/danbyappliances\\\/\",\"https:\\\/\\\/www.youtube.com\\\/user\\\/DanbyProducts\",\"https:\\\/\\\/en.wikipedia.org\\\/wiki\\\/Danby_(appliances)\"]}]}<\/script>\n<!-- \/ Yoast SEO plugin. -->","yoast_head_json":{"title":"Micro-ondes de comptoir Danby 1,1 pi\u00b3 en Noir - DBMW1121BBB | Danby Canada","description":"Le four \u00e0 micro-ondes de comptoir Danby DBMW1121BBB de 1,1 pied cube en noir combine un design \u00e9l\u00e9gant avec des performances puissantes. Sa capacit\u00e9 de 1,1 pied cube et ses 900 watts de puissance, avec 10 niveaux de puissance r\u00e9glables, permettent de g\u00e9rer diverses t\u00e2ches de cuisson. Il offre 6 options de cuisson automatique pour Popcorn, Pomme de terre, Pizza, L\u00e9gumes surgel\u00e9s, Boisson et Assiette de d\u00eener, simplifiant la pr\u00e9paration des repas. Les boutons de cuisson Express Cook permettent une cuisson imm\u00e9diate de 1 \u00e0 6 minutes, et la fonction Ajouter 30 secondes prolonge facilement le temps de cuisson. Les options de d\u00e9cong\u00e9lation automatique permettent de d\u00e9congeler par temps ou par poids pour des r\u00e9sultats optimaux. La fonction de cuisson par temps permet un contr\u00f4le pr\u00e9cis en r\u00e9glant manuellement le temps de cuisson. Pour la s\u00e9curit\u00e9, l'option de verrouillage enfant\/contr\u00f4le verrouille le panneau de commande avec une pression de 3 secondes sur le bouton ARR\u00caT et inclut un verrouillage de porte en deux \u00e9tapes. Une garantie de 12 mois sur les pi\u00e8ces et la main-d'\u0153uvre avec service en atelier offre une tranquillit\u00e9 d'esprit.","robots":{"index":"index","follow":"follow","max-snippet":"max-snippet:-1","max-image-preview":"max-image-preview:large","max-video-preview":"max-video-preview:-1"},"canonical":"https:\/\/www.danby.com\/fr\/products\/fours-a-micro-ondes\/dbmw1121bbb\/","og_locale":"fr_CA","og_type":"article","og_title":"Micro-ondes de comptoir Danby 1,1 pi\u00b3 en Noir - DBMW1121BBB | Danby Canada","og_description":"Le four \u00e0 micro-ondes de comptoir Danby DBMW1121BBB de 1,1 pied cube en noir combine un design \u00e9l\u00e9gant avec des performances puissantes. Sa capacit\u00e9 de 1,1 pied cube et ses 900 watts de puissance, avec 10 niveaux de puissance r\u00e9glables, permettent de g\u00e9rer diverses t\u00e2ches de cuisson. Il offre 6 options de cuisson automatique pour Popcorn, Pomme de terre, Pizza, L\u00e9gumes surgel\u00e9s, Boisson et Assiette de d\u00eener, simplifiant la pr\u00e9paration des repas. Les boutons de cuisson Express Cook permettent une cuisson imm\u00e9diate de 1 \u00e0 6 minutes, et la fonction Ajouter 30 secondes prolonge facilement le temps de cuisson. Les options de d\u00e9cong\u00e9lation automatique permettent de d\u00e9congeler par temps ou par poids pour des r\u00e9sultats optimaux. La fonction de cuisson par temps permet un contr\u00f4le pr\u00e9cis en r\u00e9glant manuellement le temps de cuisson. Pour la s\u00e9curit\u00e9, l'option de verrouillage enfant\/contr\u00f4le verrouille le panneau de commande avec une pression de 3 secondes sur le bouton ARR\u00caT et inclut un verrouillage de porte en deux \u00e9tapes. Une garantie de 12 mois sur les pi\u00e8ces et la main-d'\u0153uvre avec service en atelier offre une tranquillit\u00e9 d'esprit.","og_url":"https:\/\/www.danby.com\/fr\/products\/fours-a-micro-ondes\/dbmw1121bbb\/","og_site_name":"Danby - Canada - French","article_publisher":"https:\/\/www.facebook.com\/DanbyAppliances","article_modified_time":"2026-04-28T18:23:16+00:00","og_image":[{"width":1732,"height":2310,"url":"https:\/\/cdnweb.danby.com\/wp-content\/uploads\/sites\/2\/2024\/07\/05153813\/DBMW0921BBB-001.jpg","type":"image\/jpeg"}],"twitter_card":"summary_large_image","twitter_site":"@DanbyAppliance","schema":{"@context":"https:\/\/schema.org","@graph":[{"@type":["WebPage","ItemPage"],"url":"https:\/\/www.danby.com\/fr\/products\/fours-a-micro-ondes\/dbmw1121bbb\/","name":"Micro-ondes de comptoir Danby 1,1 pi\u00b3 en Noir - DBMW1121BBB | Danby Canada","isPartOf":[],"primaryImageOfPage":[],"image":[],"thumbnailUrl":"https:\/\/www.danby.com\/fr\/wp-content\/uploads\/sites\/2\/2025\/10\/dbmw1121bbb-thumbnail.jpg","datePublished":"2024-06-28T19:26:31+00:00","dateModified":"2026-04-28T18:23:16+00:00","description":"Le four \u00e0 micro-ondes de comptoir Danby DBMW1121BBB de 1,1 pied cube en noir combine un design \u00e9l\u00e9gant avec des performances puissantes. Sa capacit\u00e9 de 1,1 pied cube et ses 900 watts de puissance, avec 10 niveaux de puissance r\u00e9glables, permettent de g\u00e9rer diverses t\u00e2ches de cuisson. Il offre 6 options de cuisson automatique pour Popcorn, Pomme de terre, Pizza, L\u00e9gumes surgel\u00e9s, Boisson et Assiette de d\u00eener, simplifiant la pr\u00e9paration des repas. Les boutons de cuisson Express Cook permettent une cuisson imm\u00e9diate de 1 \u00e0 6 minutes, et la fonction Ajouter 30 secondes prolonge facilement le temps de cuisson. Les options de d\u00e9cong\u00e9lation automatique permettent de d\u00e9congeler par temps ou par poids pour des r\u00e9sultats optimaux. La fonction de cuisson par temps permet un contr\u00f4le pr\u00e9cis en r\u00e9glant manuellement le temps de cuisson. Pour la s\u00e9curit\u00e9, l'option de verrouillage enfant\/contr\u00f4le verrouille le panneau de commande avec une pression de 3 secondes sur le bouton ARR\u00caT et inclut un verrouillage de porte en deux \u00e9tapes. Une garantie de 12 mois sur les pi\u00e8ces et la main-d'\u0153uvre avec service en atelier offre une tranquillit\u00e9 d'esprit.","breadcrumb":[],"inLanguage":"fr-CA","potentialAction":[{"@type":"ReadAction","target":["https:\/\/www.danby.com\/fr\/products\/fours-a-micro-ondes\/dbmw1121bbb\/"]}]},{"@type":"ImageObject","inLanguage":"fr-CA","url":"https:\/\/www.danby.com\/fr\/wp-content\/uploads\/sites\/2\/2025\/10\/dbmw1121bbb-thumbnail.jpg","contentUrl":"https:\/\/www.danby.com\/fr\/wp-content\/uploads\/sites\/2\/2025\/10\/dbmw1121bbb-thumbnail.jpg","width":768,"height":1024},{"@type":"BreadcrumbList","itemListElement":[{"@type":"ListItem","position":1,"name":"Home","item":"https:\/\/www.danby.com\/fr\/"},{"@type":"ListItem","position":2,"name":"Boutique","item":"https:\/\/www.danby.com\/fr\/boutique\/"},{"@type":"ListItem","position":3,"name":"Danby 1.1 cu. ft. Countertop Microwave in Black"}]},{"@type":"WebSite","url":"https:\/\/www.danby.com\/fr\/","name":"Danby - Canada - French","description":"Leader dans le domaine de la r\u00e9frig\u00e9ration et des appareils sp\u00e9cialis\u00e9s","publisher":[],"potentialAction":[{"@type":"SearchAction","target":{"@type":"EntryPoint","urlTemplate":"https:\/\/www.danby.com\/fr\/?s={search_term_string}"},"query-input":{"@type":"PropertyValueSpecification","valueRequired":true,"valueName":"search_term_string"}}],"inLanguage":"fr-CA"},{"@type":"Organization","name":"Danby Appliances","url":"https:\/\/www.danby.com\/fr\/","logo":{"@type":"ImageObject","inLanguage":"fr-CA","url":"https:\/\/cdnweb.danby.com\/wp-content\/uploads\/sites\/2\/2022\/02\/10141906\/Danby75Ans_Blue.png","contentUrl":"https:\/\/cdnweb.danby.com\/wp-content\/uploads\/sites\/2\/2022\/02\/10141906\/Danby75Ans_Blue.png","width":470,"height":110,"caption":"Danby Appliances"},"image":[],"sameAs":["https:\/\/www.facebook.com\/DanbyAppliances","https:\/\/x.com\/DanbyAppliance","https:\/\/instagram.com\/danbyappliances\/","https:\/\/www.linkedin.com\/company\/danbyappliances","https:\/\/www.pinterest.ca\/danbyappliances\/","https:\/\/www.youtube.com\/user\/DanbyProducts","https:\/\/en.wikipedia.org\/wiki\/Danby_(appliances)"]}]}},"post_mailing_queue_ids":[],"_links":{"self":[{"href":"https:\/\/www.danby.com\/fr\/wp-json\/wp\/v2\/product\/27654","targetHints":{"allow":["GET"]}}],"collection":[{"href":"https:\/\/www.danby.com\/fr\/wp-json\/wp\/v2\/product"}],"about":[{"href":"https:\/\/www.danby.com\/fr\/wp-json\/wp\/v2\/types\/product"}],"replies":[{"embeddable":true,"href":"https:\/\/www.danby.com\/fr\/wp-json\/wp\/v2\/comments?post=27654"}],"wp:featuredmedia":[{"embeddable":true,"href":"https:\/\/www.danby.com\/fr\/wp-json\/wp\/v2\/media\/35324"}],"wp:attachment":[{"href":"https:\/\/www.danby.com\/fr\/wp-json\/wp\/v2\/media?parent=27654"}],"wp:term":[{"taxonomy":"product_brand","embeddable":true,"href":"https:\/\/www.danby.com\/fr\/wp-json\/wp\/v2\/product_brand?post=27654"},{"taxonomy":"product_cat","embeddable":true,"href":"https:\/\/www.danby.com\/fr\/wp-json\/wp\/v2\/product_cat?post=27654"},{"taxonomy":"product_tag","embeddable":true,"href":"https:\/\/www.danby.com\/fr\/wp-json\/wp\/v2\/product_tag?post=27654"}],"curies":[{"name":"wp","href":"https:\/\/api.w.org\/{rel}","templated":true}]}}